{"id":27625,"date":"2025-05-11T00:24:11","date_gmt":"2025-05-10T21:24:11","guid":{"rendered":"https:\/\/tasarim.yusufkecici.com.tr\/urun\/crochet-v-neck-sweater-vest-knitted-crochet-top-sleeveless-women-sweater-handmade-granny-top-boho-crochet-sweater-cute-patchwork-vest\/"},"modified":"2025-08-10T16:03:07","modified_gmt":"2025-08-10T13:03:07","slug":"v-yaka-suveter","status":"publish","type":"product","link":"https:\/\/tuffhandicraft.com\/es\/magaza\/suveter\/v-yaka-suveter\/","title":{"rendered":"Su\u00e9ter de cuello en V \u2013 Hecho a mano, motivo de abuelita"},"content":{"rendered":"<h3 data-start=\"141\" data-end=\"190\">Su\u00e9ter de cuello en V \u2013 Hecho a mano, motivo de abuelita<\/h3>\n<p data-start=\"192\" data-end=\"498\">Ofreciendo una silueta \u00fanica con sus motivos de abuelita y corte, este <strong data-start=\"235\" data-end=\"271\">su\u00e9ter de cuello en V hecho a mano<\/strong>Combina t\u00e9cnicas de tejido nost\u00e1lgicas con un estilo moderno. Sus coloridos motivos cuadrados son testimonio de una meticulosa elaboraci\u00f3n artesanal. Con su textura suave y su estructura ligera, est\u00e1 dise\u00f1ada para quienes buscan elegancia y comodidad.<\/p>\n<p data-start=\"500\" data-end=\"703\">Esta prenda atemporal marcar\u00e1 la diferencia en tu armario. Ll\u00e9vala todo el a\u00f1o, sola o con una camisa o camiseta. Su dise\u00f1o unisex se adapta a distintos tipos de cuerpo y estilos.<\/p>\n<hr data-start=\"705\" data-end=\"708\" \/>\n<h3 data-start=\"710\" data-end=\"734\">\ud83e\uddf5 Informaci\u00f3n del material<img loading=\"lazy\" decoding=\"async\" class=\"wd-lazy-fade size-full wp-image-28000 alignright\" src=\"https:\/\/tuffhandicraft.com\/wp-content\/themes\/woodmart\/images\/lazy.svg\" data-src=\"https:\/\/tuffhandicraft.com\/wp-content\/uploads\/2021\/08\/footer-logo-1.png\" alt=\"Su\u00e9ter de cuello en V \u2013 Hecho a mano, motivo de abuelita\" width=\"220\" height=\"40\" title=\"\" srcset=\"\" data-srcset=\"https:\/\/tuffhandicraft.com\/wp-content\/uploads\/2021\/08\/footer-logo-1.png 220w, https:\/\/tuffhandicraft.com\/wp-content\/uploads\/2021\/08\/footer-logo-1-150x27.png 150w\" sizes=\"auto, (max-width: 220px) 100vw, 220px\" \/><\/h3>\n<ul data-start=\"735\" data-end=\"869\">\n<li data-start=\"735\" data-end=\"772\">\n<p data-start=\"737\" data-end=\"772\">%100 pamuk i\u00e7erikli yumu\u015fak iplik<\/p>\n<\/li>\n<li data-start=\"773\" data-end=\"804\">\n<p data-start=\"775\" data-end=\"804\">T\u00e9cnicas de crochet hechas a mano<\/p>\n<\/li>\n<li data-start=\"805\" data-end=\"836\">\n<p data-start=\"807\" data-end=\"836\"><a href=\"https:\/\/tuffhandicraft.com\/es\/producto\/granny-motif-el-orgusu-hirka\/\">Motivos de cuadrados de abuelita coloridos<\/a><\/p>\n<\/li>\n<li data-start=\"837\" data-end=\"869\">\n<p data-start=\"839\" data-end=\"869\">Estructura transpirable y ligera.<\/p>\n<\/li>\n<\/ul>\n<hr data-start=\"871\" data-end=\"874\" \/>\n<h3 data-start=\"876\" data-end=\"915\">\ud83d\udc5a \u00c1rea de uso y sugerencia de estilo<\/h3>\n<ul data-start=\"916\" data-end=\"1138\">\n<li data-start=\"916\" data-end=\"987\">\n<p data-start=\"918\" data-end=\"987\">Puedes elegirlo como prenda exterior ligera en primavera y oto\u00f1o.<\/p>\n<\/li>\n<li data-start=\"988\" data-end=\"1063\">\n<p data-start=\"990\" data-end=\"1063\">Se puede combinar con una camisa blanca en estilos cl\u00e1sicos, y con una camiseta en estilos deportivos y boho.<\/p>\n<\/li>\n<li data-start=\"1064\" data-end=\"1138\">\n<p data-start=\"1066\" data-end=\"1138\">A\u00f1ade originalidad a tu estilo diario con unos pantalones de corte oversize o recto.<\/p>\n<\/li>\n<\/ul>\n<hr data-start=\"1140\" data-end=\"1143\" \/>\n<h3 data-start=\"1145\" data-end=\"1183\">\u267b\ufe0f Hecho a mano y sostenible<\/h3>\n<p data-start=\"1184\" data-end=\"1403\">Este su\u00e9ter se produce de forma \u00e9tica, siguiendo los principios de la moda sostenible y evitando la producci\u00f3n en masa. Cada motivo se elabora a mano individualmente, lo que hace que cada producto sea \u00fanico. Es la opci\u00f3n perfecta para quienes apoyan un estilo de vida sostenible.<\/p>\n<p data-start=\"1269\" data-end=\"1509\">Para conocer otros modelos que puedan adaptarse a su estilo y m\u00e1s, visite Tuff\u00a0<a href=\"https:\/\/www.pinterest.com\/TuffHandicraft01\/\" target=\"_blank\" rel=\"noopener\">Pinterest<\/a>\u00a0Visita el mundo de.<\/p>\n<hr data-start=\"1405\" data-end=\"1408\" \/>\n<h3 data-start=\"1410\" data-end=\"1436\">\ud83e\uddfc Instrucciones de cuidado<\/h3>\n<ul data-start=\"1437\" data-end=\"1572\">\n<li data-start=\"1437\" data-end=\"1464\">\n<p data-start=\"1439\" data-end=\"1464\">Lavar a mano con agua fr\u00eda.<\/p>\n<\/li>\n<li data-start=\"1465\" data-end=\"1506\">\n<p data-start=\"1467\" data-end=\"1506\">No utilice secadora ni lavadora.<\/p>\n<\/li>\n<li data-start=\"1507\" data-end=\"1530\">\n<p data-start=\"1509\" data-end=\"1530\">Secar sobre una superficie plana.<\/p>\n<\/li>\n<li data-start=\"1531\" data-end=\"1572\">\n<p data-start=\"1533\" data-end=\"1572\">No utilice blanqueador ni suavizante.<\/p>\n<\/li>\n<\/ul>\n<hr data-start=\"1574\" data-end=\"1577\" \/>\n<h3 data-start=\"1579\" data-end=\"1621\">\u2728\u00bfPor qu\u00e9 deber\u00eda elegir este producto?<\/h3>\n<ul data-start=\"1622\" data-end=\"1810\">\n<li data-start=\"1622\" data-end=\"1653\">\n<p data-start=\"1624\" data-end=\"1653\">%100 el yap\u0131m\u0131 ve benzersiz<\/p>\n<\/li>\n<li data-start=\"1654\" data-end=\"1702\">\n<p data-start=\"1656\" data-end=\"1702\">Look nost\u00e1lgico-moderno con motivos de abuelita<\/p>\n<\/li>\n<li data-start=\"1703\" data-end=\"1740\">\n<p data-start=\"1705\" data-end=\"1740\">Corte femenino y c\u00f3modo con escote en V.<\/p>\n<\/li>\n<li data-start=\"1741\" data-end=\"1767\">\n<p data-start=\"1743\" data-end=\"1767\">Apto para uso unisex.<\/p>\n<\/li>\n<li data-start=\"1768\" data-end=\"1810\">\n<p data-start=\"1770\" data-end=\"1810\">Materiales naturales y producci\u00f3n sostenible<\/p>\n<\/li>\n<\/ul>","protected":false},"excerpt":{"rendered":"<p data-start=\"109\" data-end=\"295\">Adornado con motivos de abuela hechos a mano, este su\u00e9ter de cuello en V, confeccionado con hilo natural y con un dise\u00f1o colorido, ofrece un estilo chic para cualquier temporada. Una prenda transpirable y atemporal, perfecta para combinar con otras prendas.<\/p>","protected":false},"featured_media":28364,"comment_status":"open","ping_status":"closed","template":"","meta":[],"product_brand":[691],"product_cat":[702],"product_tag":[1236,1237,795,793,936,1240,1235,1238,762,794,1234,1233,1239],"class_list":{"0":"post-27625","1":"product","2":"type-product","3":"status-publish","4":"has-post-thumbnail","6":"product_brand-tuffhandicraft","7":"product_cat-suveter","8":"product_tag-dogal-iplik-suveter","9":"product_tag-el-orgusu-ust","10":"product_tag-el-yapimi-suveter","11":"product_tag-granny-motifli-suveter","12":"product_tag-granny-square","13":"product_tag-hanimdilendi","14":"product_tag-katmanli-giyim","15":"product_tag-renkli-orgu-kiyafet","16":"product_tag-surdurulebilir-moda","17":"product_tag-tig-isi-suveter","18":"product_tag-unisex-orgu-suveter","19":"product_tag-v-yaka-orgu-suveter","20":"product_tag-v-yaka-suveter","22":"first","23":"instock","24":"taxable","25":"shipping-taxable","26":"purchasable","27":"product-type-variable"},"_links":{"self":[{"href":"https:\/\/tuffhandicraft.com\/es\/wp-json\/wp\/v2\/product\/27625","targetHints":{"allow":["GET"]}}],"collection":[{"href":"https:\/\/tuffhandicraft.com\/es\/wp-json\/wp\/v2\/product"}],"about":[{"href":"https:\/\/tuffhandicraft.com\/es\/wp-json\/wp\/v2\/types\/product"}],"replies":[{"embeddable":true,"href":"https:\/\/tuffhandicraft.com\/es\/wp-json\/wp\/v2\/comments?post=27625"}],"version-history":[{"count":0,"href":"https:\/\/tuffhandicraft.com\/es\/wp-json\/wp\/v2\/product\/27625\/revisions"}],"wp:featuredmedia":[{"embeddable":true,"href":"https:\/\/tuffhandicraft.com\/es\/wp-json\/wp\/v2\/media\/28364"}],"wp:attachment":[{"href":"https:\/\/tuffhandicraft.com\/es\/wp-json\/wp\/v2\/media?parent=27625"}],"wp:term":[{"taxonomy":"product_brand","embeddable":true,"href":"https:\/\/tuffhandicraft.com\/es\/wp-json\/wp\/v2\/product_brand?post=27625"},{"taxonomy":"product_cat","embeddable":true,"href":"https:\/\/tuffhandicraft.com\/es\/wp-json\/wp\/v2\/product_cat?post=27625"},{"taxonomy":"product_tag","embeddable":true,"href":"https:\/\/tuffhandicraft.com\/es\/wp-json\/wp\/v2\/product_tag?post=27625"}],"curies":[{"name":"wp","href":"https:\/\/api.w.org\/{rel}","templated":true}]}}