{"id":27631,"date":"2025-05-11T00:24:16","date_gmt":"2025-05-10T21:24:16","guid":{"rendered":"https:\/\/tasarim.yusufkecici.com.tr\/urun\/handmade-crochet-cardigan-with-floral-patterns-retro-inspired-patchwork-jacket-boho-long-knit-coat-unique-cozy-cardigan-gift-for-her\/"},"modified":"2026-02-18T11:23:59","modified_gmt":"2026-02-18T08:23:59","slug":"3d-cicekli-motif-hirka","status":"publish","type":"product","link":"https:\/\/tuffhandicraft.com\/es\/magaza\/hirka\/3d-cicekli-motif-hirka\/","title":{"rendered":"C\u00e1rdigan con estampado floral 3D | 30 horas de artesan\u00eda"},"content":{"rendered":"<h3 data-start=\"143\" data-end=\"224\">\ud83e\uddf6 <strong data-start=\"150\" data-end=\"222\">C\u00e1rdigan con estampado floral 3D: hecho a mano, colores vivos, unisex, de temporada<\/strong><\/h3>\n<p data-start=\"225\" data-end=\"580\">\ud83c\udf38 Dise\u00f1o especial con detalles florales tridimensionales<br data-start=\"270\" data-end=\"273\" \/>Este c\u00e1rdigan hecho a mano, con un motivo floral en 3D, ofrece una elegancia \u00fanica con sus vibrantes colores y bordados tridimensionales. Su dise\u00f1o, que combina influencias bohemias y vintage, se convertir\u00e1 en un favorito de tu armario de invierno y primavera. Su corte unisex lo convierte en una prenda vers\u00e1til que todas pueden llevar f\u00e1cilmente.<\/p>\n<hr data-start=\"582\" data-end=\"585\" \/>\n<h3 data-start=\"587\" data-end=\"615\">\ud83e\uddf5 <strong data-start=\"594\" data-end=\"613\">Informaci\u00f3n del material<\/strong><img loading=\"lazy\" decoding=\"async\" class=\"wd-lazy-fade size-full wp-image-28000 alignright\" src=\"https:\/\/tuffhandicraft.com\/wp-content\/themes\/woodmart\/images\/lazy.svg\" data-src=\"https:\/\/tuffhandicraft.com\/wp-content\/uploads\/2021\/08\/footer-logo-1.png\" alt=\"3D \u00c7i\u00e7ekli Motif H\u0131rka\" width=\"220\" height=\"40\" title=\"\" srcset=\"\" data-srcset=\"https:\/\/tuffhandicraft.com\/wp-content\/uploads\/2021\/08\/footer-logo-1.png 220w, https:\/\/tuffhandicraft.com\/wp-content\/uploads\/2021\/08\/footer-logo-1-150x27.png 150w\" sizes=\"auto, (max-width: 220px) 100vw, 220px\" \/><\/h3>\n<p data-start=\"616\" data-end=\"836\">Suave y transpirable. <a href=\"https:\/\/tuffhandicraft.com\/es\/producto\/lgbtq-pride-suveter\/\">de fibras naturales<\/a> Est\u00e1 hecho a mano. Los hilos utilizados en este producto garantizan una larga duraci\u00f3n y una comodidad excepcional. Es un producto saludable y agradable para la piel, sin materiales sint\u00e9ticos.<\/p>\n<hr data-start=\"838\" data-end=\"841\" \/>\n<h3 data-start=\"843\" data-end=\"880\">\ud83d\udc52 <strong data-start=\"850\" data-end=\"878\">\u00c1rea de uso y confort<\/strong><\/h3>\n<p data-start=\"881\" data-end=\"1077\">Este c\u00e1rdigan, con un estampado floral en 3D, es perfecto para el d\u00eda a d\u00eda y un complemento elegante para cualquier ocasi\u00f3n especial. Su dise\u00f1o ligero y extragrande permite libertad de movimiento y comodidad durante todo el d\u00eda.<\/p>\n<hr data-start=\"1079\" data-end=\"1082\" \/>\n<h3 data-start=\"1084\" data-end=\"1109\">\ud83c\udfa8 <strong data-start=\"1091\" data-end=\"1107\">Sugerencia de estilo<\/strong><\/h3>\n<p data-start=\"1110\" data-end=\"1299\">Crea un look casual con camisetas b\u00e1sicas y jeans, o a\u00f1ade un toque bohemio con vestidos coloridos. Es una opci\u00f3n ideal para quienes aman la moda sostenible y el estilo vintage.<\/p>\n<p>Para conocer otros modelos que puedan adaptarse a su estilo y m\u00e1s, visite Tuff\u00a0<a href=\"https:\/\/www.pinterest.com\/TuffHandicraft01\/\" target=\"_blank\" rel=\"noopener\">Pinterest<\/a>\u00a0Visita el mundo de.<\/p>\n<hr data-start=\"1301\" data-end=\"1304\" \/>\n<h3 data-start=\"1306\" data-end=\"1350\">\u267b\ufe0f <strong data-start=\"1313\" data-end=\"1348\">Moda artesanal y sostenible<\/strong><\/h3>\n<p data-start=\"1351\" data-end=\"1524\">Este producto, cuidadosamente elaborado seg\u00fan los principios de la moda sostenible, respeta la naturaleza y apoya el trabajo de las mujeres. Su compra ayudar\u00e1 a las familias afectadas por el terremoto.<\/p>\n<hr data-start=\"1526\" data-end=\"1529\" \/>\n<h3 data-start=\"1531\" data-end=\"1559\">\ud83e\uddfc <strong data-start=\"1538\" data-end=\"1557\">Recomendaciones de cuidado<\/strong><\/h3>\n<p data-start=\"1560\" data-end=\"1734\">Lavar a mano con agua fr\u00eda; evitar el uso de lej\u00eda. Secar colgado. No se recomienda lavar ni escurrir a m\u00e1quina. Es fundamental un cuidado delicado para conservar la textura natural de la fibra.<\/p>\n<hr data-start=\"1736\" data-end=\"1739\" \/>\n<h3 data-start=\"1741\" data-end=\"1806\">\u2728 <strong data-start=\"1747\" data-end=\"1804\">\u00bfPor qu\u00e9 elegir este c\u00e1rdigan con motivo floral 3D?<\/strong><\/h3>\n<ul data-start=\"1807\" data-end=\"2069\">\n<li data-start=\"1807\" data-end=\"1859\">\n<p data-start=\"1809\" data-end=\"1859\">%100 el yap\u0131m\u0131, \u00f6zg\u00fcn \u00fc\u00e7 boyutlu \u00e7i\u00e7ek motifleri<\/p>\n<\/li>\n<li data-start=\"1860\" data-end=\"1894\">\n<p data-start=\"1862\" data-end=\"1894\">Colores vivos y llamativos.<\/p>\n<\/li>\n<li data-start=\"1895\" data-end=\"1929\">\n<p data-start=\"1897\" data-end=\"1929\">Ideal para los meses de invierno y primavera.<\/p>\n<\/li>\n<li data-start=\"1930\" data-end=\"1953\">\n<p data-start=\"1932\" data-end=\"1953\">Unisex, ajuste relajado<\/p>\n<\/li>\n<li data-start=\"1954\" data-end=\"1987\">\n<p data-start=\"1956\" data-end=\"1987\">Producci\u00f3n sostenible y \u00e9tica<\/p>\n<\/li>\n<li data-start=\"1988\" data-end=\"2030\">\n<p data-start=\"1990\" data-end=\"2030\">Apoya el trabajo y la solidaridad de las mujeres<\/p>\n<\/li>\n<li data-start=\"2031\" data-end=\"2069\">\n<p data-start=\"2033\" data-end=\"2069\">Uso de materiales naturales respetuosos con la piel.<\/p>\n<\/li>\n<\/ul>","protected":false},"excerpt":{"rendered":"<p>C\u00e1rdigan de patchwork hecho a mano con motivos florales en 3D. Sus vibrantes colores y dise\u00f1o unisex ofrecen elegancia y comodidad tanto en invierno como en primavera. Fabricado con materiales naturales y sostenibles.<\/p>","protected":false},"featured_media":29160,"comment_status":"open","ping_status":"closed","template":"","meta":[],"product_brand":[691],"product_cat":[688],"product_tag":[770,752,772,774,773,748,769,751,754,771,759,749,762,750,758,753],"class_list":{"0":"post-27631","1":"product","2":"type-product","3":"status-publish","4":"has-post-thumbnail","6":"product_brand-tuffhandicraft","7":"product_cat-hirka","8":"product_tag-3d-cicekli-hirka","9":"product_tag-boho-hirka","10":"product_tag-cicek-motifli-hirka","11":"product_tag-dogal-iplik-hirka","12":"product_tag-el-isi-hirka","13":"product_tag-el-yapimi-hirka","14":"product_tag-hediye-fikirleri","15":"product_tag-mevsimlik-hirka","16":"product_tag-oversize-hirka","17":"product_tag-patchwork-hirka","18":"product_tag-rahat-hirka","19":"product_tag-renkli-hirka","20":"product_tag-surdurulebilir-moda","21":"product_tag-unisex-hirka","22":"product_tag-vintage-hirka","23":"product_tag-yavas-moda","25":"first","26":"instock","27":"taxable","28":"shipping-taxable","29":"purchasable","30":"product-type-variable"},"_links":{"self":[{"href":"https:\/\/tuffhandicraft.com\/es\/wp-json\/wp\/v2\/product\/27631","targetHints":{"allow":["GET"]}}],"collection":[{"href":"https:\/\/tuffhandicraft.com\/es\/wp-json\/wp\/v2\/product"}],"about":[{"href":"https:\/\/tuffhandicraft.com\/es\/wp-json\/wp\/v2\/types\/product"}],"replies":[{"embeddable":true,"href":"https:\/\/tuffhandicraft.com\/es\/wp-json\/wp\/v2\/comments?post=27631"}],"version-history":[{"count":1,"href":"https:\/\/tuffhandicraft.com\/es\/wp-json\/wp\/v2\/product\/27631\/revisions"}],"predecessor-version":[{"id":30722,"href":"https:\/\/tuffhandicraft.com\/es\/wp-json\/wp\/v2\/product\/27631\/revisions\/30722"}],"wp:featuredmedia":[{"embeddable":true,"href":"https:\/\/tuffhandicraft.com\/es\/wp-json\/wp\/v2\/media\/29160"}],"wp:attachment":[{"href":"https:\/\/tuffhandicraft.com\/es\/wp-json\/wp\/v2\/media?parent=27631"}],"wp:term":[{"taxonomy":"product_brand","embeddable":true,"href":"https:\/\/tuffhandicraft.com\/es\/wp-json\/wp\/v2\/product_brand?post=27631"},{"taxonomy":"product_cat","embeddable":true,"href":"https:\/\/tuffhandicraft.com\/es\/wp-json\/wp\/v2\/product_cat?post=27631"},{"taxonomy":"product_tag","embeddable":true,"href":"https:\/\/tuffhandicraft.com\/es\/wp-json\/wp\/v2\/product_tag?post=27631"}],"curies":[{"name":"wp","href":"https:\/\/api.w.org\/{rel}","templated":true}]}}