{"id":27637,"date":"2025-05-11T00:24:25","date_gmt":"2025-05-10T21:24:25","guid":{"rendered":"https:\/\/tasarim.yusufkecici.com.tr\/urun\/handmade-orange-crochet-bralette-boho-crop-top-festival-outfit-adjustable-crochet-top-vibrant-color-bralette-gift-for-her\/"},"modified":"2025-08-10T16:01:46","modified_gmt":"2025-08-10T13:01:46","slug":"turuncu-boho-bralet","status":"publish","type":"product","link":"https:\/\/tuffhandicraft.com\/es\/magaza\/crop-top\/turuncu-boho-bralet\/","title":{"rendered":"Bralette bohemio naranja: top de crochet de verano"},"content":{"rendered":"<h3 data-start=\"162\" data-end=\"223\">\u2600\ufe0f <strong data-start=\"169\" data-end=\"223\">Bralette bohemio naranja: top de crochet de verano<\/strong><\/h3>\n<p data-start=\"225\" data-end=\"511\">Este bralette naranja hecho a mano es una pieza \u00fanica que refleja la energ\u00eda y la libertad del estilo bohemio. Su confecci\u00f3n ligera y su textura de crochet transpirable lo convierten en un imprescindible del verano. Es perfecto para una amplia gama de atuendos, desde paseos por la playa hasta festivales, desde la vida urbana hasta looks de vacaciones.<\/p>\n<p data-start=\"513\" data-end=\"764\">Este top, tejido \u00edntegramente a mano, destaca por su vibrante color naranja y su detallado patr\u00f3n de crochet, que revitaliza los calurosos d\u00edas de verano. Los cierres de encaje ajustables permiten un ajuste c\u00f3modo y elegante para una amplia gama de tallas.<\/p>\n<hr data-start=\"766\" data-end=\"769\" \/>\n<h3 data-start=\"771\" data-end=\"797\">\ud83e\uddf5 <strong data-start=\"778\" data-end=\"797\">Informaci\u00f3n del material<\/strong><img loading=\"lazy\" decoding=\"async\" class=\"wd-lazy-fade size-full wp-image-28000 alignright\" style=\"color: #333333; font-size: 16px;\" src=\"https:\/\/tuffhandicraft.com\/wp-content\/themes\/woodmart\/images\/lazy.svg\" data-src=\"https:\/\/tuffhandicraft.com\/wp-content\/uploads\/2021\/08\/footer-logo-1.png\" alt=\"Turuncu Boho Bralet\" width=\"220\" height=\"40\" title=\"\" srcset=\"\" data-srcset=\"https:\/\/tuffhandicraft.com\/wp-content\/uploads\/2021\/08\/footer-logo-1.png 220w, https:\/\/tuffhandicraft.com\/wp-content\/uploads\/2021\/08\/footer-logo-1-150x27.png 150w\" sizes=\"auto, (max-width: 220px) 100vw, 220px\" \/><\/h3>\n<ul data-start=\"799\" data-end=\"945\">\n<li data-start=\"799\" data-end=\"836\">\n<p data-start=\"801\" data-end=\"836\">%100 pamuk i\u00e7erikli t\u0131\u011f i\u015fi iplik<\/p>\n<\/li>\n<li data-start=\"837\" data-end=\"869\">\n<p data-start=\"839\" data-end=\"869\">Estructura ligera y transpirable.<\/p>\n<\/li>\n<li data-start=\"870\" data-end=\"902\">\n<p data-start=\"872\" data-end=\"902\">Textura agradable para la piel y que no transpira.<\/p>\n<\/li>\n<li data-start=\"903\" data-end=\"945\">\n<p data-start=\"905\" data-end=\"945\">Lazos ajustables en la espalda y el cuello.<\/p>\n<\/li>\n<\/ul>\n<hr data-start=\"947\" data-end=\"950\" \/>\n<h3 data-start=\"952\" data-end=\"987\">\ud83c\udf34 <strong data-start=\"959\" data-end=\"987\">\u00c1rea de uso y confort<\/strong><\/h3>\n<p data-start=\"989\" data-end=\"1001\">Este bralette;<\/p>\n<ul data-start=\"1002\" data-end=\"1167\">\n<li data-start=\"1002\" data-end=\"1026\">\n<p data-start=\"1004\" data-end=\"1026\">En lugar de un bikini en la playa<\/p>\n<\/li>\n<li data-start=\"1027\" data-end=\"1061\">\n<p data-start=\"1029\" data-end=\"1061\"><a href=\"https:\/\/tuffhandicraft.com\/es\/producto\/denizkizi-rave-crop-top\/\">En combinaciones de festival y camping<\/a><\/p>\n<\/li>\n<li data-start=\"1062\" data-end=\"1102\">\n<p data-start=\"1064\" data-end=\"1102\">Estilos casuales de verano como el top corto.<\/p>\n<\/li>\n<li data-start=\"1103\" data-end=\"1167\">\n<p data-start=\"1105\" data-end=\"1167\">Queda genial con pantalones de cintura alta, shorts o faldas.<\/p>\n<\/li>\n<\/ul>\n<p data-start=\"1169\" data-end=\"1262\">Con su estructura ajustable, se adapta a diferentes cuerpos y brinda comodidad durante todo el d\u00eda con su ligereza.<\/p>\n<hr data-start=\"1264\" data-end=\"1267\" \/>\n<h3 data-start=\"1269\" data-end=\"1292\">\ud83c\udfa8 <strong data-start=\"1276\" data-end=\"1292\">Sugerencia de estilo<\/strong><\/h3>\n<p data-start=\"1294\" data-end=\"1510\">Combina tu bralette naranja con unos pantalones de lino blanco, un bolso de paja y sandalias para un look boho chic. Comb\u00ednalo con shorts vaqueros y una camisa oversize para un look veraniego fresco y cotidiano.<\/p>\n<p data-start=\"1269\" data-end=\"1509\">Para conocer otros modelos que puedan adaptarse a su estilo y m\u00e1s, visite Tuff\u00a0<a href=\"https:\/\/www.pinterest.com\/TuffHandicraft01\/\" target=\"_blank\" rel=\"noopener\">Pinterest<\/a>\u00a0Visita el mundo de.<\/p>\n<hr data-start=\"1512\" data-end=\"1515\" \/>\n<h3 data-start=\"1517\" data-end=\"1557\">\u267b\ufe0f <strong data-start=\"1524\" data-end=\"1557\">Hecho a mano y sostenibilidad<\/strong><\/h3>\n<p data-start=\"1559\" data-end=\"1729\">Este bralette, creado con una filosof\u00eda de moda lenta, se elabora con m\u00e9todos \u00e9ticos y respetuosos con el medio ambiente como alternativa a la producci\u00f3n en masa. Cada pieza es \u00fanica gracias a su tejido a mano.<\/p>\n<hr data-start=\"1731\" data-end=\"1734\" \/>\n<h3 data-start=\"1736\" data-end=\"1761\">\ud83e\uddfc <strong data-start=\"1743\" data-end=\"1761\">Instrucciones de mantenimiento<\/strong><\/h3>\n<ul data-start=\"1763\" data-end=\"1873\">\n<li data-start=\"1763\" data-end=\"1793\">\n<p data-start=\"1765\" data-end=\"1793\">Lavar a mano con agua fr\u00eda.<\/p>\n<\/li>\n<li data-start=\"1794\" data-end=\"1821\">\n<p data-start=\"1796\" data-end=\"1821\">No utilizar lej\u00eda.<\/p>\n<\/li>\n<li data-start=\"1822\" data-end=\"1844\">\n<p data-start=\"1824\" data-end=\"1844\">Exti\u00e9ndelo para que se seque.<\/p>\n<\/li>\n<li data-start=\"1845\" data-end=\"1873\">\n<p data-start=\"1847\" data-end=\"1873\">No se recomienda lavar a m\u00e1quina.<\/p>\n<\/li>\n<\/ul>\n<hr data-start=\"1875\" data-end=\"1878\" \/>\n<h3 data-start=\"1880\" data-end=\"1927\">\u2728 <strong data-start=\"1886\" data-end=\"1927\">\u00bfPor qu\u00e9 elegir este bralet?<\/strong><\/h3>\n<ul data-start=\"1929\" data-end=\"2111\">\n<li data-start=\"1929\" data-end=\"1965\">\n<p data-start=\"1931\" data-end=\"1965\">El yap\u0131m\u0131 ve %100 pamuk i\u00e7erikli<\/p>\n<\/li>\n<li data-start=\"1966\" data-end=\"1996\">\n<p data-start=\"1968\" data-end=\"1996\">Transpirable y de textura ligera.<\/p>\n<\/li>\n<li data-start=\"1997\" data-end=\"2030\">\n<p data-start=\"1999\" data-end=\"2030\">Ideal para los amantes del estilo boho<\/p>\n<\/li>\n<li data-start=\"2031\" data-end=\"2069\">\n<p data-start=\"2033\" data-end=\"2069\">C\u00f3modo con cordones ajustables.<\/p>\n<\/li>\n<li data-start=\"2070\" data-end=\"2111\">\n<p data-start=\"2072\" data-end=\"2111\">Producci\u00f3n \u00e9tica y dise\u00f1o sostenible<\/p>\n<\/li>\n<\/ul>","protected":false},"excerpt":{"rendered":"<p>Un bralette veraniego \u00fanico con textura de crochet naranja hecho a mano. Ligero, transpirable y con cordones ajustables para mayor comodidad.<\/p>","protected":false},"featured_media":28310,"comment_status":"open","ping_status":"closed","template":"","meta":[],"product_brand":[691],"product_cat":[697],"product_tag":[1184,1191,1185,1181,1192,1188,1190,1183,1178,851,769,1186,1187,762,1179,1193,1180,1189,1182,997],"class_list":{"0":"post-27637","1":"product","2":"type-product","3":"status-publish","4":"has-post-thumbnail","6":"product_brand-tuffhandicraft","7":"product_cat-crop-top","8":"product_tag-ayarlanabilir-bralet","9":"product_tag-bikini-ustu","10":"product_tag-boho-stil-bralet","11":"product_tag-boho-yazlik-ust","12":"product_tag-bralet","13":"product_tag-bralet-top","14":"product_tag-crop-top-yazlik","15":"product_tag-el-orgusu-bralet","16":"product_tag-el-yapimi-bralet","17":"product_tag-festival-ustu","18":"product_tag-hediye-fikirleri","19":"product_tag-pamuklu-bralet","20":"product_tag-surdurulebilir-bralet","21":"product_tag-surdurulebilir-moda","22":"product_tag-tig-isi-bralet","23":"product_tag-turuncu","24":"product_tag-turuncu-bralet","25":"product_tag-yaz-ustu-kadin","26":"product_tag-yazlik-bralet","27":"product_tag-yazlik-ust","29":"first","30":"instock","31":"taxable","32":"shipping-taxable","33":"purchasable","34":"product-type-variable","35":"has-default-attributes"},"_links":{"self":[{"href":"https:\/\/tuffhandicraft.com\/es\/wp-json\/wp\/v2\/product\/27637","targetHints":{"allow":["GET"]}}],"collection":[{"href":"https:\/\/tuffhandicraft.com\/es\/wp-json\/wp\/v2\/product"}],"about":[{"href":"https:\/\/tuffhandicraft.com\/es\/wp-json\/wp\/v2\/types\/product"}],"replies":[{"embeddable":true,"href":"https:\/\/tuffhandicraft.com\/es\/wp-json\/wp\/v2\/comments?post=27637"}],"version-history":[{"count":0,"href":"https:\/\/tuffhandicraft.com\/es\/wp-json\/wp\/v2\/product\/27637\/revisions"}],"wp:featuredmedia":[{"embeddable":true,"href":"https:\/\/tuffhandicraft.com\/es\/wp-json\/wp\/v2\/media\/28310"}],"wp:attachment":[{"href":"https:\/\/tuffhandicraft.com\/es\/wp-json\/wp\/v2\/media?parent=27637"}],"wp:term":[{"taxonomy":"product_brand","embeddable":true,"href":"https:\/\/tuffhandicraft.com\/es\/wp-json\/wp\/v2\/product_brand?post=27637"},{"taxonomy":"product_cat","embeddable":true,"href":"https:\/\/tuffhandicraft.com\/es\/wp-json\/wp\/v2\/product_cat?post=27637"},{"taxonomy":"product_tag","embeddable":true,"href":"https:\/\/tuffhandicraft.com\/es\/wp-json\/wp\/v2\/product_tag?post=27637"}],"curies":[{"name":"wp","href":"https:\/\/api.w.org\/{rel}","templated":true}]}}