{"id":27639,"date":"2025-05-11T00:24:26","date_gmt":"2025-05-10T21:24:26","guid":{"rendered":"https:\/\/tasarim.yusufkecici.com.tr\/urun\/handmade-canvas-bag-with-chain-strap-elegant-crochet-purse-small-evening-bag-plastic-canvas-bag-gift-for-her\/"},"modified":"2025-08-21T17:38:29","modified_gmt":"2025-08-21T14:38:29","slug":"mini-kanvas-canta","status":"publish","type":"product","link":"https:\/\/tuffhandicraft.com\/es\/magaza\/canta\/el-cantasi\/mini-kanvas-canta\/","title":{"rendered":"Mini bolso de lona: elegante y con correa de cadena"},"content":{"rendered":"<h3 data-start=\"962\" data-end=\"984\">\ud83d\udc5cMini bolso de lona - Correa con efecto cadena y elegancia \u00fanica<\/h3>\n<p data-start=\"121\" data-end=\"373\">Este mini bolso de lona hecho a mano destaca por sus vibrantes colores y su dise\u00f1o bordado. Su elegante asa de cadena le da un aspecto moderno y elegante. Tiene el tama\u00f1o ideal, es ligero y pr\u00e1ctico para el d\u00eda a d\u00eda. Dise\u00f1ado para llevar con seguridad tus pertenencias peque\u00f1as.<\/p>\n<hr data-start=\"512\" data-end=\"515\" \/>\n<h3 data-start=\"517\" data-end=\"541\">\ud83e\uddf5 Informaci\u00f3n del material<img loading=\"lazy\" decoding=\"async\" class=\"wd-lazy-fade size-full wp-image-28000 alignright\" style=\"color: #333333; font-size: 16px;\" src=\"https:\/\/tuffhandicraft.com\/wp-content\/themes\/woodmart\/images\/lazy.svg\" data-src=\"https:\/\/tuffhandicraft.com\/wp-content\/uploads\/2021\/08\/footer-logo-1.png\" alt=\"Mini bolso de lona: elegante y con correa de cadena\" width=\"220\" height=\"40\" title=\"\" srcset=\"\" data-srcset=\"https:\/\/tuffhandicraft.com\/wp-content\/uploads\/2021\/08\/footer-logo-1.png 220w, https:\/\/tuffhandicraft.com\/wp-content\/uploads\/2021\/08\/footer-logo-1-150x27.png 150w\" sizes=\"auto, (max-width: 220px) 100vw, 220px\" \/><\/h3>\n<ul data-start=\"542\" data-end=\"631\">\n<li data-start=\"542\" data-end=\"574\">\n<p data-start=\"544\" data-end=\"574\">Superficie especialmente bordada<\/p>\n<\/li>\n<li data-start=\"575\" data-end=\"596\">\n<p data-start=\"577\" data-end=\"596\">Percha ultraligera tipo cadena<\/p>\n<\/li>\n<li data-start=\"597\" data-end=\"631\">\n<p data-start=\"599\" data-end=\"631\">Costuras fuertes y estructura duradera.<\/p>\n<\/li>\n<\/ul>\n<hr data-start=\"633\" data-end=\"636\" \/>\n<h3 data-start=\"638\" data-end=\"671\">\ud83d\udc5d\u00c1rea de Uso y Confort<\/h3>\n<ul data-start=\"672\" data-end=\"764\">\n<li data-start=\"672\" data-end=\"698\">\n<p data-start=\"674\" data-end=\"698\">Visitas guiadas diarias por la ciudad<\/p>\n<\/li>\n<li data-start=\"699\" data-end=\"720\">\n<p data-start=\"701\" data-end=\"720\">Reuniones nocturnas<\/p>\n<\/li>\n<li data-start=\"721\" data-end=\"764\">\n<p data-start=\"723\" data-end=\"764\"><a href=\"https:\/\/tuffhandicraft.com\/es\/producto\/kagit-ip-mini-canta\/\">Minimalist<\/a> y complementa el estilo moderno<\/p>\n<\/li>\n<li data-start=\"721\" data-end=\"764\">\n<p data-start=\"1269\" data-end=\"1509\">Para conocer otros modelos que puedan adaptarse a su estilo y m\u00e1s, visite Tuff\u00a0<a href=\"https:\/\/www.pinterest.com\/TuffHandicraft01\/\" target=\"_blank\" rel=\"noopener\">Pinterest<\/a>\u00a0Visita el mundo de.<\/p>\n<\/li>\n<\/ul>\n<hr data-start=\"766\" data-end=\"769\" \/>\n<h3 data-start=\"771\" data-end=\"810\">\u267b\ufe0f Hecho a mano y sostenible<\/h3>\n<p data-start=\"811\" data-end=\"955\">Este bolso, producido con un enfoque slow fashion, combina calidad y est\u00e9tica. Se elabora con m\u00e9todos \u00e9ticos y sostenibles, en lugar de la producci\u00f3n en masa.<\/p>\n<hr data-start=\"957\" data-end=\"960\" \/>\n<h3 data-start=\"962\" data-end=\"984\">\ud83e\uddfc Recomendaciones de cuidado<\/h3>\n<p data-start=\"985\" data-end=\"1060\">Limpiar con un pa\u00f1o h\u00famedo. No usar lej\u00eda.<\/p>\n<hr data-start=\"1062\" data-end=\"1065\" \/>\n<h3 data-start=\"1067\" data-end=\"1111\">\u2728\u00bfPor qu\u00e9 deber\u00edas elegir este bolso?<\/h3>\n<ul data-start=\"1112\" data-end=\"1242\">\n<li data-start=\"1112\" data-end=\"1147\">\n<p data-start=\"1114\" data-end=\"1147\">%100 el yap\u0131m\u0131 ve \u00f6zg\u00fcn tasar\u0131m<\/p>\n<\/li>\n<li data-start=\"1148\" data-end=\"1176\">\n<p data-start=\"1150\" data-end=\"1176\">Material de lona duradero<\/p>\n<\/li>\n<li data-start=\"1177\" data-end=\"1196\">\n<p data-start=\"1179\" data-end=\"1196\">Percha de cadena con estilo<\/p>\n<\/li>\n<li data-start=\"1197\" data-end=\"1216\">\n<p data-start=\"1199\" data-end=\"1216\">Ligero y pr\u00e1ctico<\/p>\n<\/li>\n<li data-start=\"1217\" data-end=\"1242\">\n<p data-start=\"1219\" data-end=\"1242\">Producci\u00f3n sostenible<\/p>\n<\/li>\n<\/ul>\n<hr data-start=\"1244\" data-end=\"1247\" \/>\n<p data-start=\"1249\" data-end=\"1327\" data-is-last-node=\"\" data-is-only-node=\"\">","protected":false},"excerpt":{"rendered":"<p data-start=\"144\" data-end=\"239\">Mini bolso de lona hecho a mano y especialmente bordado; un accesorio moderno y pr\u00e1ctico con su elegante correa tipo cadena.<\/p>","protected":false},"featured_media":28306,"comment_status":"open","ping_status":"closed","template":"","meta":[],"product_brand":[691],"product_cat":[728,686],"product_tag":[1124,819,812,1123,908,769,1121,1114,1120,1115,1122,1118,1119,1117,762,1116],"class_list":{"0":"post-27639","1":"product","2":"type-product","3":"status-publish","4":"has-post-thumbnail","6":"product_brand-tuffhandicraft","7":"product_cat-el-cantasi","8":"product_cat-canta","9":"product_tag-abiye-canta","10":"product_tag-el-orgusu-canta","11":"product_tag-el-yapimi-canta","12":"product_tag-gece-cantasi","13":"product_tag-gunluk-canta","14":"product_tag-hediye-fikirleri","15":"product_tag-kanvas-canta","16":"product_tag-mini-canta","17":"product_tag-modern-aksesuar","18":"product_tag-nakisli-canta","19":"product_tag-omuz-cantasi","20":"product_tag-ozgun-tasarim-canta","21":"product_tag-pratik-canta","22":"product_tag-sik-mini-canta","23":"product_tag-surdurulebilir-moda","24":"product_tag-zincir-askili-canta","26":"first","27":"instock","28":"sale","29":"taxable","30":"shipping-taxable","31":"purchasable","32":"product-type-simple"},"_links":{"self":[{"href":"https:\/\/tuffhandicraft.com\/es\/wp-json\/wp\/v2\/product\/27639","targetHints":{"allow":["GET"]}}],"collection":[{"href":"https:\/\/tuffhandicraft.com\/es\/wp-json\/wp\/v2\/product"}],"about":[{"href":"https:\/\/tuffhandicraft.com\/es\/wp-json\/wp\/v2\/types\/product"}],"replies":[{"embeddable":true,"href":"https:\/\/tuffhandicraft.com\/es\/wp-json\/wp\/v2\/comments?post=27639"}],"version-history":[{"count":1,"href":"https:\/\/tuffhandicraft.com\/es\/wp-json\/wp\/v2\/product\/27639\/revisions"}],"predecessor-version":[{"id":30279,"href":"https:\/\/tuffhandicraft.com\/es\/wp-json\/wp\/v2\/product\/27639\/revisions\/30279"}],"wp:featuredmedia":[{"embeddable":true,"href":"https:\/\/tuffhandicraft.com\/es\/wp-json\/wp\/v2\/media\/28306"}],"wp:attachment":[{"href":"https:\/\/tuffhandicraft.com\/es\/wp-json\/wp\/v2\/media?parent=27639"}],"wp:term":[{"taxonomy":"product_brand","embeddable":true,"href":"https:\/\/tuffhandicraft.com\/es\/wp-json\/wp\/v2\/product_brand?post=27639"},{"taxonomy":"product_cat","embeddable":true,"href":"https:\/\/tuffhandicraft.com\/es\/wp-json\/wp\/v2\/product_cat?post=27639"},{"taxonomy":"product_tag","embeddable":true,"href":"https:\/\/tuffhandicraft.com\/es\/wp-json\/wp\/v2\/product_tag?post=27639"}],"curies":[{"name":"wp","href":"https:\/\/api.w.org\/{rel}","templated":true}]}}