{"id":27641,"date":"2025-05-11T00:24:29","date_gmt":"2025-05-10T21:24:29","guid":{"rendered":"https:\/\/tasarim.yusufkecici.com.tr\/urun\/handmade-patchwork-backpack-inspired-by-japanese-boro-art-boho-denim-backpack-eco-friendly-unique-bag-special-gift-for-her\/"},"modified":"2025-08-21T17:38:01","modified_gmt":"2025-08-21T14:38:01","slug":"japon-boro-denim-sirt-cantasi","status":"publish","type":"product","link":"https:\/\/tuffhandicraft.com\/es\/magaza\/canta\/sirt-cantasi\/japon-boro-denim-sirt-cantasi\/","title":{"rendered":"Mochila japonesa de mezclilla Boro reciclada"},"content":{"rendered":"<h3 data-start=\"212\" data-end=\"294\">\ud83c\udf92 <strong data-start=\"219\" data-end=\"294\">Mochila japonesa de mezclilla Boro: reciclada, hecha a mano y \u00fanica<\/strong><\/h3>\n<p data-start=\"296\" data-end=\"639\">Esta mochila reciclada est\u00e1 inspirada en el arte japon\u00e9s del Boro. Creada mediante la uni\u00f3n de m\u00e1s de 18 telas, esta pieza \u00fanica est\u00e1 compuesta por telas con diferentes texturas e historias. Los detalles, elaborados con 20 t\u00e9cnicas diferentes de bordado a mano, le aportan un toque \u00fanico y profundidad.<\/p>\n<p data-start=\"641\" data-end=\"895\">Boro es una t\u00e9cnica japonesa centenaria de reparaci\u00f3n y reciclaje. Este bolso encarna esa filosof\u00eda, combinando un enfoque de cero residuos con estilo. Es m\u00e1s que un simple bolso; es un homenaje a la sostenibilidad, la artesan\u00eda y el patrimonio cultural.<\/p>\n<hr data-start=\"897\" data-end=\"900\" \/>\n<h3 data-start=\"902\" data-end=\"930\">\ud83e\uddf5 <strong data-start=\"909\" data-end=\"928\">Informaci\u00f3n del material<\/strong><img loading=\"lazy\" decoding=\"async\" class=\"wd-lazy-fade size-full wp-image-28000 alignright\" style=\"color: #333333; font-size: 16px;\" src=\"https:\/\/tuffhandicraft.com\/wp-content\/themes\/woodmart\/images\/lazy.svg\" data-src=\"https:\/\/tuffhandicraft.com\/wp-content\/uploads\/2021\/08\/footer-logo-1.png\" alt=\"Mochila japonesa de mezclilla Boro - Reciclada \" width=\"220\" height=\"40\" title=\"\" srcset=\"\" data-srcset=\"https:\/\/tuffhandicraft.com\/wp-content\/uploads\/2021\/08\/footer-logo-1.png 220w, https:\/\/tuffhandicraft.com\/wp-content\/uploads\/2021\/08\/footer-logo-1-150x27.png 150w\" sizes=\"auto, (max-width: 220px) 100vw, 220px\" \/><\/h3>\n<ul data-start=\"931\" data-end=\"1100\">\n<li data-start=\"931\" data-end=\"968\">\n<p data-start=\"933\" data-end=\"968\">Telas recicladas<\/p>\n<\/li>\n<li data-start=\"969\" data-end=\"998\">\n<p data-start=\"971\" data-end=\"998\">M\u00e1s de 18 piezas diferentes<\/p>\n<\/li>\n<li data-start=\"999\" data-end=\"1030\">\n<p data-start=\"1001\" data-end=\"1030\">20 t\u00e9cnicas diferentes de bordado a mano<\/p>\n<\/li>\n<li data-start=\"1031\" data-end=\"1057\">\n<p data-start=\"1033\" data-end=\"1057\">Interior forrado de algod\u00f3n<\/p>\n<\/li>\n<li data-start=\"1058\" data-end=\"1100\">\n<p data-start=\"1060\" data-end=\"1100\">Correas ajustables y cremallera resistente.<\/p>\n<\/li>\n<\/ul>\n<hr data-start=\"1102\" data-end=\"1105\" \/>\n<h3 data-start=\"1107\" data-end=\"1144\">\ud83c\udfaf <strong data-start=\"1114\" data-end=\"1142\">\u00c1rea de uso y confort<\/strong><\/h3>\n<p data-start=\"1145\" data-end=\"1348\">Se puede usar f\u00e1cilmente para el d\u00eda a d\u00eda, para viajar o en combinaciones que se adapten a tu estilo creativo. Es ligero y resistente. Su espacioso interior permite llevar f\u00e1cilmente tus art\u00edculos esenciales diarios, como libros, tabletas y billeteras.<\/p>\n<hr data-start=\"1350\" data-end=\"1353\" \/>\n<h3 data-start=\"1355\" data-end=\"1380\">\ud83c\udfa8 <strong data-start=\"1362\" data-end=\"1378\">Sugerencia de estilo<\/strong><\/h3>\n<p data-start=\"1381\" data-end=\"1566\">Combina a la perfecci\u00f3n con estilos boho, minimalistas o vintage. Comb\u00ednalo con chaquetas oversize, pantalones de lino o camisetas b\u00e1sicas. <a href=\"https:\/\/tuffhandicraft.com\/es\/producto\/mini-capraz-canta\/\">la bolsa<\/a> Puedes convertirlo en una pieza estrella.<\/p>\n<p data-start=\"842\" data-end=\"993\">Para conocer otros modelos que puedan adaptarse a su estilo y m\u00e1s, visite Tuff\u00a0<a href=\"https:\/\/www.pinterest.com\/TuffHandicraft01\/\" target=\"_blank\" rel=\"noopener\">Pinterest<\/a>\u00a0Visita el mundo de.<\/p>\n<hr data-start=\"1568\" data-end=\"1571\" \/>\n<h3 data-start=\"1573\" data-end=\"1615\">\u267b\ufe0f <strong data-start=\"1580\" data-end=\"1613\">Hecho a mano y sostenibilidad<\/strong><\/h3>\n<p data-start=\"1616\" data-end=\"1798\">Fabricado con una filosof\u00eda de moda sostenible, cada bolso es \u00fanico y conserva el esp\u00edritu de las telas de anta\u00f1o. Nos oponemos a la producci\u00f3n en masa y nos adherimos al principio de cero residuos.<\/p>\n<hr data-start=\"1800\" data-end=\"1803\" \/>\n<h3 data-start=\"1805\" data-end=\"1832\">\ud83e\uddfc <strong data-start=\"1812\" data-end=\"1830\">Instrucciones de mantenimiento<\/strong><\/h3>\n<p data-start=\"1833\" data-end=\"1928\">Se recomienda lavar a mano con agua fr\u00eda. No usar secadora; secar sobre una superficie plana.<\/p>\n<hr data-start=\"1930\" data-end=\"1933\" \/>\n<h3 data-start=\"1935\" data-end=\"1981\">\u2728 <strong data-start=\"1941\" data-end=\"1981\">\u00bfPor qu\u00e9 deber\u00edas elegir este bolso?<\/strong><\/h3>\n<ul data-start=\"1983\" data-end=\"2221\">\n<li data-start=\"1983\" data-end=\"2026\">\n<p data-start=\"1985\" data-end=\"2026\">Producto reciclado con m\u00e1s de 18 piezas de mezclilla<\/p>\n<\/li>\n<li data-start=\"2027\" data-end=\"2071\">\n<p data-start=\"2029\" data-end=\"2071\">Adornado con 20 t\u00e9cnicas diferentes de bordado a mano.<\/p>\n<\/li>\n<li data-start=\"2072\" data-end=\"2114\">\n<p data-start=\"2074\" data-end=\"2114\">Inspirado en el arte Boro japon\u00e9s<\/p>\n<\/li>\n<li data-start=\"2115\" data-end=\"2151\">\n<p data-start=\"2117\" data-end=\"2151\">%100 el yap\u0131m\u0131 ve s\u00fcrd\u00fcr\u00fclebilir<\/p>\n<\/li>\n<li data-start=\"2152\" data-end=\"2181\">\n<p data-start=\"2154\" data-end=\"2181\">Cada uno es \u00fanico<\/p>\n<\/li>\n<li data-start=\"2182\" data-end=\"2221\">\n<p data-start=\"2184\" data-end=\"2221\">Adecuado para uso diario, duradero y elegante.<\/p>\n<\/li>\n<\/ul>","protected":false},"excerpt":{"rendered":"<p data-start=\"165\" data-end=\"329\">Una mochila reciclada y hecha a mano inspirada en el arte japon\u00e9s Boro, creada combinando m\u00e1s de 18 piezas de tela y 20 t\u00e9cnicas diferentes de bordado a mano.<\/p>","protected":false},"featured_media":27852,"comment_status":"open","ping_status":"closed","template":"","meta":[],"product_brand":[691],"product_cat":[686,705],"product_tag":[1102,1097,1099,812,1101,769,1098,1104,1096,1105,1100,1106,817,1103,753],"class_list":{"0":"post-27641","1":"product","2":"type-product","3":"status-publish","4":"has-post-thumbnail","6":"product_brand-tuffhandicraft","7":"product_cat-canta","8":"product_cat-sirt-cantasi","9":"product_tag-boho-sirt-cantasi","10":"product_tag-denim-sirt-cantasi","11":"product_tag-el-nakisi-canta","12":"product_tag-el-yapimi-canta","13":"product_tag-etnik-canta","14":"product_tag-hediye-fikirleri","15":"product_tag-ileri-donusturulmus-urun","16":"product_tag-japanese-boro-art","17":"product_tag-japon-boro-canta","18":"product_tag-japon-boro-sanati","19":"product_tag-patchwork-sirt-cantasi","20":"product_tag-patchwork-tasarim","21":"product_tag-surdurulebilir-canta","22":"product_tag-unik-tasarim-canta","23":"product_tag-yavas-moda","25":"first","26":"instock","27":"sale","28":"taxable","29":"shipping-taxable","30":"purchasable","31":"product-type-simple"},"_links":{"self":[{"href":"https:\/\/tuffhandicraft.com\/es\/wp-json\/wp\/v2\/product\/27641","targetHints":{"allow":["GET"]}}],"collection":[{"href":"https:\/\/tuffhandicraft.com\/es\/wp-json\/wp\/v2\/product"}],"about":[{"href":"https:\/\/tuffhandicraft.com\/es\/wp-json\/wp\/v2\/types\/product"}],"replies":[{"embeddable":true,"href":"https:\/\/tuffhandicraft.com\/es\/wp-json\/wp\/v2\/comments?post=27641"}],"version-history":[{"count":1,"href":"https:\/\/tuffhandicraft.com\/es\/wp-json\/wp\/v2\/product\/27641\/revisions"}],"predecessor-version":[{"id":30278,"href":"https:\/\/tuffhandicraft.com\/es\/wp-json\/wp\/v2\/product\/27641\/revisions\/30278"}],"wp:featuredmedia":[{"embeddable":true,"href":"https:\/\/tuffhandicraft.com\/es\/wp-json\/wp\/v2\/media\/27852"}],"wp:attachment":[{"href":"https:\/\/tuffhandicraft.com\/es\/wp-json\/wp\/v2\/media?parent=27641"}],"wp:term":[{"taxonomy":"product_brand","embeddable":true,"href":"https:\/\/tuffhandicraft.com\/es\/wp-json\/wp\/v2\/product_brand?post=27641"},{"taxonomy":"product_cat","embeddable":true,"href":"https:\/\/tuffhandicraft.com\/es\/wp-json\/wp\/v2\/product_cat?post=27641"},{"taxonomy":"product_tag","embeddable":true,"href":"https:\/\/tuffhandicraft.com\/es\/wp-json\/wp\/v2\/product_tag?post=27641"}],"curies":[{"name":"wp","href":"https:\/\/api.w.org\/{rel}","templated":true}]}}