{"id":27647,"date":"2025-05-11T00:24:33","date_gmt":"2025-05-10T21:24:33","guid":{"rendered":"https:\/\/tasarim.yusufkecici.com.tr\/urun\/small-crossbody-sling-bag-straw-mini-cell-phone-bag-handmade-blue-raffia-purse-hand-knitted-small-shoulder-bag-gift-for-her\/"},"modified":"2025-08-21T17:37:21","modified_gmt":"2025-08-21T14:37:21","slug":"kagit-ip-mini-canta","status":"publish","type":"product","link":"https:\/\/tuffhandicraft.com\/es\/magaza\/canta\/capraz-canta\/kagit-ip-mini-canta\/","title":{"rendered":"Mini bolsa de papel con cord\u00f3n: multifuncional y minimalista"},"content":{"rendered":"<h3 data-start=\"191\" data-end=\"253\">\ud83d\udc5c <strong data-start=\"198\" data-end=\"253\">Minibolso de papel con cord\u00f3n: uso vers\u00e1til y minimalista<\/strong><\/h3>\n<p data-start=\"255\" data-end=\"532\">Este minibolso artesanal, tejido con hilo de papel natural, ofrece un estilo minimalista y ecol\u00f3gico. Su correa cruzada, ligera y c\u00f3moda, y su elegante dise\u00f1o lo convierten en un accesorio esencial tanto para la vida urbana como para el ocio. Su dise\u00f1o atemporal complementa a personas de todas las edades y estilos.<\/p>\n<hr data-start=\"534\" data-end=\"537\" \/>\n<h3 data-start=\"539\" data-end=\"567\">\ud83e\uddf5 <strong data-start=\"546\" data-end=\"565\">Informaci\u00f3n del material<\/strong><img loading=\"lazy\" decoding=\"async\" class=\"wd-lazy-fade size-full wp-image-28000 alignright\" style=\"color: #333333; font-size: 16px;\" src=\"https:\/\/tuffhandicraft.com\/wp-content\/themes\/woodmart\/images\/lazy.svg\" data-src=\"https:\/\/tuffhandicraft.com\/wp-content\/uploads\/2021\/08\/footer-logo-1.png\" alt=\"Etnik DesKa\u011f\u0131t \u0130p Mini \u00c7anta\" width=\"220\" height=\"40\" title=\"\" srcset=\"\" data-srcset=\"https:\/\/tuffhandicraft.com\/wp-content\/uploads\/2021\/08\/footer-logo-1.png 220w, https:\/\/tuffhandicraft.com\/wp-content\/uploads\/2021\/08\/footer-logo-1-150x27.png 150w\" sizes=\"auto, (max-width: 220px) 100vw, 220px\" \/><\/h3>\n<p data-start=\"568\" data-end=\"785\">El bolso est\u00e1 hecho \u00edntegramente a mano con hilo de papel ecol\u00f3gico y reciclable. Este hilo natural es ligero y duradero. Su estructura ecol\u00f3gica contribuye a la moda sostenible.<\/p>\n<hr data-start=\"787\" data-end=\"790\" \/>\n<h3 data-start=\"792\" data-end=\"829\">\ud83c\udfaf <strong data-start=\"799\" data-end=\"827\">\u00c1rea de uso y confort<\/strong><\/h3>\n<ul data-start=\"830\" data-end=\"1108\">\n<li data-start=\"830\" data-end=\"886\">\n<p data-start=\"832\" data-end=\"886\">Ideal para uso diario, paseos o vacaciones.<\/p>\n<\/li>\n<li data-start=\"887\" data-end=\"954\">\n<p data-start=\"889\" data-end=\"954\">Suficiente espacio para art\u00edculos esenciales como tel\u00e9fono, billetera y llaves.<\/p>\n<\/li>\n<li data-start=\"955\" data-end=\"1008\">\n<p data-start=\"957\" data-end=\"1008\">F\u00e1cil de llevar con correa cruzada ajustable.<\/p>\n<\/li>\n<li data-start=\"1009\" data-end=\"1054\">\n<p data-start=\"1011\" data-end=\"1054\">Tama\u00f1o mini, ligero y f\u00e1cil de transportar.<\/p>\n<\/li>\n<li data-start=\"1055\" data-end=\"1108\">\n<p data-start=\"1057\" data-end=\"1108\">El complemento perfecto tanto para el estilo urbano como para el playero.<\/p>\n<\/li>\n<\/ul>\n<hr data-start=\"1110\" data-end=\"1113\" \/>\n<h3 data-start=\"1115\" data-end=\"1140\">\ud83c\udfa8 <strong data-start=\"1122\" data-end=\"1138\">Sugerencia de estilo<\/strong><\/h3>\n<p data-start=\"1141\" data-end=\"1356\">Ofrece un estilo natural y elegante al combinarlo con vestidos bohemios, trajes de lino o camisetas b\u00e1sicas sencillas. Con sus l\u00edneas minimalistas, el minibolso de hilo de papel es el toque final tanto para el d\u00eda a d\u00eda como para las noches de verano.<\/p>\n<p data-start=\"1269\" data-end=\"1509\">Para conocer otros modelos que puedan adaptarse a su estilo y m\u00e1s, visite Tuff\u00a0<a href=\"https:\/\/www.pinterest.com\/TuffHandicraft01\/\" target=\"_blank\" rel=\"noopener\">Pinterest<\/a> Visita el mundo de.<\/p>\n<hr data-start=\"1358\" data-end=\"1361\" \/>\n<h3 data-start=\"1363\" data-end=\"1406\">\u267b\ufe0f <strong data-start=\"1370\" data-end=\"1404\">Hecho a mano y sostenibilidad<\/strong><\/h3>\n<p data-start=\"1407\" data-end=\"1644\">Este <a href=\"https:\/\/tuffhandicraft.com\/es\/producto\/kagit-ip-canta\/\">mini bolsa de papel con cord\u00f3n<\/a> Est\u00e1 tejido a mano con un enfoque de moda sostenible. En lugar de la producci\u00f3n en masa, optamos por un proceso de producci\u00f3n basado en la mano de obra y el tiempo. El hilo de papel es reciclable y biodegradable, respetando la naturaleza y la moda \u00e9tica.<\/p>\n<hr data-start=\"1646\" data-end=\"1649\" \/>\n<h3 data-start=\"1651\" data-end=\"1681\">\ud83e\uddfc <strong data-start=\"1658\" data-end=\"1679\">Instrucciones de cuidado<\/strong><\/h3>\n<p data-start=\"1682\" data-end=\"1879\">Se limpia f\u00e1cilmente con un pa\u00f1o h\u00famedo. Debido a la naturaleza de la cuerda de papel, no se recomienda lavarla a m\u00e1quina ni dejarla en ambientes h\u00famedos durante per\u00edodos prolongados. Debe almacenarse en un lugar seco y sobre una superficie plana.<\/p>\n<hr data-start=\"1881\" data-end=\"1884\" \/>\n<h3 data-start=\"1886\" data-end=\"1932\">\u2728 <strong data-start=\"1892\" data-end=\"1932\">\u00bfPor qu\u00e9 deber\u00edas elegir este bolso?<\/strong><\/h3>\n<ul data-start=\"1934\" data-end=\"2150\">\n<li data-start=\"1934\" data-end=\"1967\">\n<p data-start=\"1936\" data-end=\"1967\">%100 el yap\u0131m\u0131 ve etik \u00fcretim<\/p>\n<\/li>\n<li data-start=\"1968\" data-end=\"1995\">\n<p data-start=\"1970\" data-end=\"1995\">Material de cuerda de papel natural<\/p>\n<\/li>\n<li data-start=\"1996\" data-end=\"2032\">\n<p data-start=\"1998\" data-end=\"2032\">Dise\u00f1o ligero, pr\u00e1ctico y minimalista.<\/p>\n<\/li>\n<li data-start=\"2033\" data-end=\"2068\">\n<p data-start=\"2035\" data-end=\"2068\">Uso c\u00f3modo con correas cruzadas.<\/p>\n<\/li>\n<li data-start=\"2069\" data-end=\"2113\">\n<p data-start=\"2071\" data-end=\"2113\">Ideal para la vida diaria y las vacaciones de verano.<\/p>\n<\/li>\n<li data-start=\"2114\" data-end=\"2150\">\n<p data-start=\"2116\" data-end=\"2150\">Producto sostenible y respetuoso con el medio ambiente.<\/p>\n<\/li>\n<\/ul>","protected":false},"excerpt":{"rendered":"<p>Este minibolso de cuerda de papel hecho a mano, con su dise\u00f1o ligero y detalle de correa cruzada, es ideal para el d\u00eda a d\u00eda. Su estilo minimalista y textura natural le dan un toque elegante a cualquier look.<\/p>","protected":false},"featured_media":28260,"comment_status":"open","ping_status":"closed","template":"","meta":[],"product_brand":[691],"product_cat":[704,686],"product_tag":[846,870,1040,811,819,1020,1041,769,1036,1038,1042,1039,817,869,1043,904,1037],"class_list":{"0":"post-27647","1":"product","2":"type-product","3":"status-publish","4":"has-post-thumbnail","6":"product_brand-tuffhandicraft","7":"product_cat-capraz-canta","8":"product_cat-canta","9":"product_tag-boho-stil-canta","10":"product_tag-capraz-askili-canta","11":"product_tag-cevre-dostu-canta","12":"product_tag-doga-dostu-canta","13":"product_tag-el-orgusu-canta","14":"product_tag-el-yapimi-capraz-canta","15":"product_tag-gunluk-mini-canta","16":"product_tag-hediye-fikirleri","17":"product_tag-kagit-ip-mini-canta","18":"product_tag-kucuk-el-yapimi-canta","19":"product_tag-mavi","20":"product_tag-minimal-tasarim-canta","21":"product_tag-surdurulebilir-canta","22":"product_tag-telefon-cantasi","23":"product_tag-vegan-urun","24":"product_tag-yavas-moda-aksesuar","25":"product_tag-yazlik-mini-canta","27":"first","28":"instock","29":"sale","30":"taxable","31":"shipping-taxable","32":"purchasable","33":"product-type-simple"},"_links":{"self":[{"href":"https:\/\/tuffhandicraft.com\/es\/wp-json\/wp\/v2\/product\/27647","targetHints":{"allow":["GET"]}}],"collection":[{"href":"https:\/\/tuffhandicraft.com\/es\/wp-json\/wp\/v2\/product"}],"about":[{"href":"https:\/\/tuffhandicraft.com\/es\/wp-json\/wp\/v2\/types\/product"}],"replies":[{"embeddable":true,"href":"https:\/\/tuffhandicraft.com\/es\/wp-json\/wp\/v2\/comments?post=27647"}],"version-history":[{"count":1,"href":"https:\/\/tuffhandicraft.com\/es\/wp-json\/wp\/v2\/product\/27647\/revisions"}],"predecessor-version":[{"id":30277,"href":"https:\/\/tuffhandicraft.com\/es\/wp-json\/wp\/v2\/product\/27647\/revisions\/30277"}],"wp:featuredmedia":[{"embeddable":true,"href":"https:\/\/tuffhandicraft.com\/es\/wp-json\/wp\/v2\/media\/28260"}],"wp:attachment":[{"href":"https:\/\/tuffhandicraft.com\/es\/wp-json\/wp\/v2\/media?parent=27647"}],"wp:term":[{"taxonomy":"product_brand","embeddable":true,"href":"https:\/\/tuffhandicraft.com\/es\/wp-json\/wp\/v2\/product_brand?post=27647"},{"taxonomy":"product_cat","embeddable":true,"href":"https:\/\/tuffhandicraft.com\/es\/wp-json\/wp\/v2\/product_cat?post=27647"},{"taxonomy":"product_tag","embeddable":true,"href":"https:\/\/tuffhandicraft.com\/es\/wp-json\/wp\/v2\/product_tag?post=27647"}],"curies":[{"name":"wp","href":"https:\/\/api.w.org\/{rel}","templated":true}]}}