{"id":27649,"date":"2025-05-11T00:24:34","date_gmt":"2025-05-10T21:24:34","guid":{"rendered":"https:\/\/tasarim.yusufkecici.com.tr\/urun\/crochet-cardigan-with-ethnic-pattern-on-the-back-handmade-oversized-boho-cardigan-unique-hand-knit-80s-sweater-moon-symbol-gift-for-her\/"},"modified":"2025-11-01T00:25:02","modified_gmt":"2025-10-31T21:25:02","slug":"etnik-desenli-motifli-hirka","status":"publish","type":"product","link":"https:\/\/tuffhandicraft.com\/es\/magaza\/hirka\/etnik-desenli-motifli-hirka\/","title":{"rendered":"C\u00e1rdigan con estampado \u00e9tnico en la espalda: estilo bohemio y \u00fanico"},"content":{"rendered":"<h3 data-start=\"173\" data-end=\"242\">\ud83e\uddf6 <strong data-start=\"180\" data-end=\"242\">C\u00e1rdigan con estampado \u00e9tnico en la espalda: estilo bohemio y \u00fanico<\/strong><\/h3>\n<p data-start=\"244\" data-end=\"582\">Este c\u00e1rdigan de crochet hecho a mano, con su llamativo estampado \u00e9tnico en la espalda, es una prenda fuera de lo com\u00fan. Esta prenda, impregnada de energ\u00eda bohemia, se convertir\u00e1 en la favorita de quienes buscan originalidad gracias a sus ricas transiciones de color y su meticulosa confecci\u00f3n. Su comodidad y su llamativo dise\u00f1o lo convierten en la prenda perfecta para cualquier ocasi\u00f3n, desde el d\u00eda a d\u00eda hasta festivales.<\/p>\n<hr data-start=\"584\" data-end=\"587\" \/>\n<h3 data-start=\"589\" data-end=\"615\">\ud83e\uddf5 <strong data-start=\"596\" data-end=\"615\">Informaci\u00f3n del material<\/strong><img loading=\"lazy\" decoding=\"async\" class=\"wd-lazy-fade size-full wp-image-28000 alignright\" style=\"color: #333333; font-size: 16px;\" src=\"https:\/\/tuffhandicraft.com\/wp-content\/themes\/woodmart\/images\/lazy.svg\" data-src=\"https:\/\/tuffhandicraft.com\/wp-content\/uploads\/2021\/08\/footer-logo-1.png\" alt=\"Etnik Desenli S\u0131rt Motifli H\u0131rka\" width=\"220\" height=\"40\" title=\"\" srcset=\"\" data-srcset=\"https:\/\/tuffhandicraft.com\/wp-content\/uploads\/2021\/08\/footer-logo-1.png 220w, https:\/\/tuffhandicraft.com\/wp-content\/uploads\/2021\/08\/footer-logo-1-150x27.png 150w\" sizes=\"auto, (max-width: 220px) 100vw, 220px\" \/><\/h3>\n<p data-start=\"617\" data-end=\"885\">Este c\u00e1rdigan estampado est\u00e1 tejido a mano con hilo de algod\u00f3n. Gracias a sus fibras naturales, es agradable para la piel y transpirable. <a href=\"https:\/\/tuffhandicraft.com\/es\/producto\/granny-motif-el-orgusu-hirka\/\">durante las transiciones estacionales<\/a> Ofrece un uso ideal. Su proceso de producci\u00f3n artesanal hace que cada c\u00e1rdigan sea \u00fanico y caracter\u00edstico.<\/p>\n<hr data-start=\"887\" data-end=\"890\" \/>\n<h3 data-start=\"892\" data-end=\"927\">\u2601\ufe0f <strong data-start=\"899\" data-end=\"927\">\u00c1rea de uso y confort<\/strong><\/h3>\n<ul data-start=\"929\" data-end=\"1210\">\n<li data-start=\"929\" data-end=\"996\">\n<p data-start=\"931\" data-end=\"996\">Una alternativa ligera de abrigo para las noches frescas de primavera y verano.<\/p>\n<\/li>\n<li data-start=\"997\" data-end=\"1060\">\n<p data-start=\"999\" data-end=\"1060\">Se puede combinar con jeans, faldas o vestidos para uso diario.<\/p>\n<\/li>\n<li data-start=\"1061\" data-end=\"1129\">\n<p data-start=\"1063\" data-end=\"1129\">Proporciona un corte c\u00f3modo y libertad de movimiento gracias a su forma oversize.<\/p>\n<\/li>\n<li data-start=\"1130\" data-end=\"1210\">\n<p data-start=\"1132\" data-end=\"1210\">El motivo \u00e9tnico en la zona de la espalda resalta al combinarlo con piezas minimalistas.<\/p>\n<\/li>\n<\/ul>\n<hr data-start=\"1212\" data-end=\"1215\" \/>\n<h3 data-start=\"1217\" data-end=\"1240\">\ud83c\udfa8 <strong data-start=\"1224\" data-end=\"1240\">Sugerencia de estilo<\/strong><\/h3>\n<p data-start=\"1242\" data-end=\"1479\">Combina a la perfecci\u00f3n con estilos bohemios, \u00e9tnicos o vintage. Comb\u00ednalo con tops cortos sencillos, pantalones de lino o botas para un look festivo y chic. Dale un toque atrevido a tus conjuntos sencillos con un estampado en la espalda.<\/p>\n<p data-start=\"1242\" data-end=\"1479\">Para conocer otros modelos que puedan adaptarse a su estilo y m\u00e1s, visite Tuff\u00a0<a href=\"https:\/\/www.pinterest.com\/TuffHandicraft01\/\" target=\"_blank\" rel=\"noopener\">Pinterest<\/a>\u00a0Visita el mundo de.<\/p>\n<hr data-start=\"1481\" data-end=\"1484\" \/>\n<h3 data-start=\"1486\" data-end=\"1526\">\u267b\ufe0f <strong data-start=\"1493\" data-end=\"1526\">Hecho a mano y sostenibilidad<\/strong><\/h3>\n<p data-start=\"1528\" data-end=\"1811\">Este c\u00e1rdigan est\u00e1 hecho a mano con una filosof\u00eda de moda sostenible. Dise\u00f1ado para ofrecer piezas atemporales y de alta calidad, evitando la producci\u00f3n en masa. Al estar tejido a mano, cada prenda presenta sutiles diferencias en los detalles que la hacen \u00fanica. Se produce con un enfoque sostenible en la moda, sin da\u00f1ar el medio ambiente.<\/p>\n<hr data-start=\"1813\" data-end=\"1816\" \/>\n<h3 data-start=\"1818\" data-end=\"1846\">\ud83e\uddfc <strong data-start=\"1825\" data-end=\"1846\">Instrucciones de cuidado<\/strong><\/h3>\n<p data-start=\"1848\" data-end=\"2017\">Para conservar la delicada tela tejida a mano, recomendamos lavarla a mano con agua fr\u00eda. No usar secadora. Secarla sobre una superficie plana dar\u00e1 mejores resultados.<\/p>\n<hr data-start=\"2019\" data-end=\"2022\" \/>\n<h3 data-start=\"2024\" data-end=\"2070\">\u2728 <strong data-start=\"2030\" data-end=\"2070\">\u00bfPor qu\u00e9 deber\u00edas elegir este c\u00e1rdigan?<\/strong><\/h3>\n<ul data-start=\"2072\" data-end=\"2325\">\n<li data-start=\"2072\" data-end=\"2129\">\n<p data-start=\"2074\" data-end=\"2129\">Dise\u00f1o \u00fanico con motivos \u00e9tnicos en la espalda.<\/p>\n<\/li>\n<li data-start=\"2130\" data-end=\"2161\">\n<p data-start=\"2132\" data-end=\"2161\">%100 el yap\u0131m\u0131, etik \u00fcretim<\/p>\n<\/li>\n<li data-start=\"2162\" data-end=\"2206\">\n<p data-start=\"2164\" data-end=\"2206\">Una pieza original para los amantes del estilo bohemio.<\/p>\n<\/li>\n<li data-start=\"2207\" data-end=\"2234\">\n<p data-start=\"2209\" data-end=\"2234\">Corte oversize y relajado<\/p>\n<\/li>\n<li data-start=\"2235\" data-end=\"2281\">\n<p data-start=\"2237\" data-end=\"2281\">Un enfoque de moda sostenible y respetuoso con el medio ambiente<\/p>\n<\/li>\n<li data-start=\"2282\" data-end=\"2325\">\n<p data-start=\"2284\" data-end=\"2325\">Tejido con hilos de algod\u00f3n natural.<\/p>\n<\/li>\n<\/ul>","protected":false},"excerpt":{"rendered":"<p data-start=\"148\" data-end=\"319\">Este c\u00e1rdigan de crochet hecho a mano, con su llamativo motivo \u00e9tnico en la espalda, irradia energ\u00eda bohemia. Su corte oversize y su hilo natural lo convierten en una prenda c\u00f3moda, original y atemporal.<\/p>","protected":false},"featured_media":28256,"comment_status":"open","ping_status":"closed","template":"","meta":[],"product_brand":[691],"product_cat":[688],"product_tag":[1028,774,924,1029,1001,1035,932,1031,769,1030,1032,1027,762,1033,931,1034],"class_list":{"0":"post-27649","1":"product","2":"type-product","3":"status-publish","4":"has-post-thumbnail","6":"product_brand-tuffhandicraft","7":"product_cat-hirka","8":"product_tag-bohem-tarz-hirka","9":"product_tag-dogal-iplik-hirka","10":"product_tag-el-orgusu-hirka","11":"product_tag-el-yapimi-tig-isi-hirka","12":"product_tag-el-yapimi-ust","13":"product_tag-etnik","14":"product_tag-etnik-desenli-hirka","15":"product_tag-festival-hirkasi","16":"product_tag-hediye-fikirleri","17":"product_tag-oversize-orgu-hirka","18":"product_tag-renkli-sirt-motifli-hirka","19":"product_tag-sirti-motifli-hirka","20":"product_tag-surdurulebilir-moda","21":"product_tag-uzun-kollu-orgu-hirka","22":"product_tag-vintage-stil-hirka","23":"product_tag-yavas-moda-hirka","25":"first","26":"instock","27":"taxable","28":"shipping-taxable","29":"purchasable","30":"product-type-variable"},"_links":{"self":[{"href":"https:\/\/tuffhandicraft.com\/es\/wp-json\/wp\/v2\/product\/27649","targetHints":{"allow":["GET"]}}],"collection":[{"href":"https:\/\/tuffhandicraft.com\/es\/wp-json\/wp\/v2\/product"}],"about":[{"href":"https:\/\/tuffhandicraft.com\/es\/wp-json\/wp\/v2\/types\/product"}],"replies":[{"embeddable":true,"href":"https:\/\/tuffhandicraft.com\/es\/wp-json\/wp\/v2\/comments?post=27649"}],"version-history":[{"count":1,"href":"https:\/\/tuffhandicraft.com\/es\/wp-json\/wp\/v2\/product\/27649\/revisions"}],"predecessor-version":[{"id":30593,"href":"https:\/\/tuffhandicraft.com\/es\/wp-json\/wp\/v2\/product\/27649\/revisions\/30593"}],"wp:featuredmedia":[{"embeddable":true,"href":"https:\/\/tuffhandicraft.com\/es\/wp-json\/wp\/v2\/media\/28256"}],"wp:attachment":[{"href":"https:\/\/tuffhandicraft.com\/es\/wp-json\/wp\/v2\/media?parent=27649"}],"wp:term":[{"taxonomy":"product_brand","embeddable":true,"href":"https:\/\/tuffhandicraft.com\/es\/wp-json\/wp\/v2\/product_brand?post=27649"},{"taxonomy":"product_cat","embeddable":true,"href":"https:\/\/tuffhandicraft.com\/es\/wp-json\/wp\/v2\/product_cat?post=27649"},{"taxonomy":"product_tag","embeddable":true,"href":"https:\/\/tuffhandicraft.com\/es\/wp-json\/wp\/v2\/product_tag?post=27649"}],"curies":[{"name":"wp","href":"https:\/\/api.w.org\/{rel}","templated":true}]}}