{"id":27650,"date":"2025-05-11T00:24:34","date_gmt":"2025-05-10T21:24:34","guid":{"rendered":"https:\/\/tasarim.yusufkecici.com.tr\/urun\/mini-raffia-tassel-handbag-small-crossbody-phone-bag-hand-knitted-summer-purse-crochet-straw-bag-with-stone-detail-gift-for-her\/"},"modified":"2025-08-21T17:36:59","modified_gmt":"2025-08-21T14:36:59","slug":"kagit-ip-canta","status":"publish","type":"product","link":"https:\/\/tuffhandicraft.com\/es\/magaza\/canta\/capraz-canta\/kagit-ip-canta\/","title":{"rendered":"Bolso bandolera de cuerda de papel con borlas y detalle de piedra natural"},"content":{"rendered":"<h3 data-start=\"92\" data-end=\"172\">\ud83d\udc5c <strong data-start=\"99\" data-end=\"172\">Bolso bandolera negro de cuerda de papel: forro amarillo, borla y detalle de piedra natural.<\/strong><\/h3>\n<p data-start=\"174\" data-end=\"565\">Este bolso negro, con su textura artesanal, ofrece un dise\u00f1o natural y elegante. Adornado con piedras naturales y tejido con cuerda de papel, su vibrante forro amarillo le da un toque vibrante al interior. Las coloridas borlas y los detalles de piedras naturales crean un look sencillo y llamativo. Es la opci\u00f3n ideal para quienes buscan destacar por su comodidad para el d\u00eda a d\u00eda y su estilo veraniego \u00fanico.<\/p>\n<hr data-start=\"567\" data-end=\"570\" \/>\n<h3 data-start=\"572\" data-end=\"600\">\ud83e\uddf5 <strong data-start=\"579\" data-end=\"598\">Informaci\u00f3n del material<\/strong><strong data-start=\"99\" data-end=\"172\"><img loading=\"lazy\" decoding=\"async\" class=\"wd-lazy-fade size-full wp-image-28000 alignright\" src=\"https:\/\/tuffhandicraft.com\/wp-content\/themes\/woodmart\/images\/lazy.svg\" data-src=\"https:\/\/tuffhandicraft.com\/wp-content\/uploads\/2021\/08\/footer-logo-1.png\" alt=\"Ka\u011f\u0131t \u0130p \u00c7anta - Siyah \u00c7apraz \u00c7anta \u2013 P\u00fcsk\u00fcl ve Do\u011fal Ta\u015f Detayl\u0131\" width=\"220\" height=\"40\" title=\"\" srcset=\"\" data-srcset=\"https:\/\/tuffhandicraft.com\/wp-content\/uploads\/2021\/08\/footer-logo-1.png 220w, https:\/\/tuffhandicraft.com\/wp-content\/uploads\/2021\/08\/footer-logo-1-150x27.png 150w\" sizes=\"auto, (max-width: 220px) 100vw, 220px\" \/><\/strong><\/h3>\n<p data-start=\"601\" data-end=\"860\">Bolsa ecol\u00f3gica <a href=\"https:\/\/tuffhandicraft.com\/es\/producto\/kagit-ip-buzgulu-omuz-cantasi\/\">cuerda de papel<\/a> Est\u00e1 tejido \u00edntegramente a mano con algod\u00f3n. El interior luce un vibrante forro amarillo. Los detalles de las borlas est\u00e1n hechos con hilo de papel y los adornos de piedras son de materiales naturales. Es ecol\u00f3gico gracias a su estructura sin materiales sint\u00e9ticos.<\/p>\n<hr data-start=\"862\" data-end=\"865\" \/>\n<h3 data-start=\"867\" data-end=\"904\">\ud83c\udfaf <strong data-start=\"874\" data-end=\"902\">\u00c1rea de uso y confort<\/strong><\/h3>\n<ul data-start=\"905\" data-end=\"1195\">\n<li data-start=\"905\" data-end=\"956\">\n<p data-start=\"907\" data-end=\"956\">El interior est\u00e1 protegido y elegante con su revestimiento amarillo.<\/p>\n<\/li>\n<li data-start=\"957\" data-end=\"1035\">\n<p data-start=\"959\" data-end=\"1035\">Se puede utilizar f\u00e1cilmente en la vida diaria de la ciudad o en combinaciones de vacaciones.<\/p>\n<\/li>\n<li data-start=\"1036\" data-end=\"1069\">\n<p data-start=\"1038\" data-end=\"1069\">F\u00e1cil de transportar gracias a su estructura ligera.<\/p>\n<\/li>\n<li data-start=\"1070\" data-end=\"1133\">\n<p data-start=\"1072\" data-end=\"1133\">Ofrece un uso c\u00f3modo en sentido transversal gracias a su correa larga.<\/p>\n<\/li>\n<li data-start=\"1134\" data-end=\"1195\">\n<p data-start=\"1136\" data-end=\"1195\">Ideal para art\u00edculos esenciales como tel\u00e9fono, billetera, llaves.<\/p>\n<\/li>\n<\/ul>\n<hr data-start=\"1197\" data-end=\"1200\" \/>\n<h3 data-start=\"1202\" data-end=\"1227\">\ud83c\udfa8 <strong data-start=\"1209\" data-end=\"1225\">Sugerencia de estilo<\/strong><\/h3>\n<p data-start=\"1228\" data-end=\"1479\">Combina a la perfecci\u00f3n con vestidos bohemios, trajes de lino o conjuntos casuales. El forro amarillo y los detalles naturales te permiten darle un toque veraniego a tu estilo. El exterior negro combina con cualquier color, lo que lo convierte en el bolso perfecto tanto para looks sencillos como glamurosos.<\/p>\n<p data-start=\"877\" data-end=\"1029\">Para conocer otros modelos que puedan adaptarse a su estilo y m\u00e1s, visite Tuff\u00a0<a href=\"https:\/\/www.pinterest.com\/TuffHandicraft01\/\" target=\"_blank\" rel=\"noopener\">Pinterest<\/a>\u00a0Visita el mundo de.<\/p>\n<hr data-start=\"1481\" data-end=\"1484\" \/>\n<h3 data-start=\"1486\" data-end=\"1529\">\u267b\ufe0f <strong data-start=\"1493\" data-end=\"1527\">Hecho a mano y sostenibilidad<\/strong><\/h3>\n<p data-start=\"1530\" data-end=\"1719\">Este bolso, elaborado con principios de moda sostenible, est\u00e1 elaborado con hilo de papel ecol\u00f3gico y materiales naturales. Cada producto es \u00fanico gracias a su tejido a mano, contribuyendo as\u00ed a la moda sostenible.<\/p>\n<hr data-start=\"1721\" data-end=\"1724\" \/>\n<h3 data-start=\"1726\" data-end=\"1756\">\ud83e\uddfc <strong data-start=\"1733\" data-end=\"1754\">Instrucciones de cuidado<\/strong><\/h3>\n<p data-start=\"1757\" data-end=\"1897\">Se recomienda limpiarlo con un pa\u00f1o h\u00famedo. No debe exponerse directamente al agua y debe almacenarse en un lugar fresco y seco para un uso prolongado.<\/p>\n<hr data-start=\"1899\" data-end=\"1902\" \/>\n<h3 data-start=\"1904\" data-end=\"1952\">\u2728 <strong data-start=\"1910\" data-end=\"1950\">\u00bfPor qu\u00e9 deber\u00edas elegir este bolso?<\/strong><\/h3>\n<ul data-start=\"1953\" data-end=\"2177\">\n<li data-start=\"1953\" data-end=\"1986\">\n<p data-start=\"1955\" data-end=\"1986\">%100 el yap\u0131m\u0131, \u00f6zg\u00fcn tasar\u0131m<\/p>\n<\/li>\n<li data-start=\"1987\" data-end=\"2024\">\n<p data-start=\"1989\" data-end=\"2024\">Detalle interior elegante con forro amarillo vibrante.<\/p>\n<\/li>\n<li data-start=\"2025\" data-end=\"2065\">\n<p data-start=\"2027\" data-end=\"2065\">Material de cuerda de papel ligero y duradero.<\/p>\n<\/li>\n<li data-start=\"2066\" data-end=\"2100\">\n<p data-start=\"2068\" data-end=\"2100\">Adornos de borlas y piedras naturales<\/p>\n<\/li>\n<li data-start=\"2101\" data-end=\"2140\">\n<p data-start=\"2103\" data-end=\"2140\">Producci\u00f3n sostenible y respetuosa con el medio ambiente<\/p>\n<\/li>\n<li data-start=\"2141\" data-end=\"2177\">\n<p data-start=\"2143\" data-end=\"2177\">Adecuado para combinaciones diarias y especiales.<\/p>\n<\/li>\n<\/ul>","protected":false},"excerpt":{"rendered":"<p>Esta bolsa de cuerda de papel negra, hecha a mano, con su vibrante forro amarillo, borlas de colores y detalles de piedra natural, es elegante y ecol\u00f3gica. Ofrece un dise\u00f1o ligero y \u00fanico, ideal para el d\u00eda a d\u00eda.<\/p>","protected":false},"featured_media":28237,"comment_status":"open","ping_status":"closed","template":"","meta":[],"product_brand":[691],"product_cat":[686,704],"product_tag":[846,811,1025,1023,819,1020,844,769,810,871,988,1022,1021,1026,817,762,839,1024],"class_list":{"0":"post-27650","1":"product","2":"type-product","3":"status-publish","4":"has-post-thumbnail","6":"product_brand-tuffhandicraft","7":"product_cat-canta","8":"product_cat-capraz-canta","9":"product_tag-boho-stil-canta","10":"product_tag-doga-dostu-canta","11":"product_tag-dogal-tas","12":"product_tag-dogal-tasli-canta","13":"product_tag-el-orgusu-canta","14":"product_tag-el-yapimi-capraz-canta","15":"product_tag-festival-cantasi","16":"product_tag-hediye-fikirleri","17":"product_tag-kagit-ip-canta","18":"product_tag-kucuk-capraz-canta","19":"product_tag-puskullu-canta","20":"product_tag-sari-astarli-canta","21":"product_tag-siyah-kagit-ip-canta","22":"product_tag-summer-outfit","23":"product_tag-surdurulebilir-canta","24":"product_tag-surdurulebilir-moda","25":"product_tag-tig-isi-canta","26":"product_tag-yazlik-capraz-canta","28":"first","29":"instock","30":"sale","31":"taxable","32":"shipping-taxable","33":"purchasable","34":"product-type-simple"},"_links":{"self":[{"href":"https:\/\/tuffhandicraft.com\/es\/wp-json\/wp\/v2\/product\/27650","targetHints":{"allow":["GET"]}}],"collection":[{"href":"https:\/\/tuffhandicraft.com\/es\/wp-json\/wp\/v2\/product"}],"about":[{"href":"https:\/\/tuffhandicraft.com\/es\/wp-json\/wp\/v2\/types\/product"}],"replies":[{"embeddable":true,"href":"https:\/\/tuffhandicraft.com\/es\/wp-json\/wp\/v2\/comments?post=27650"}],"version-history":[{"count":1,"href":"https:\/\/tuffhandicraft.com\/es\/wp-json\/wp\/v2\/product\/27650\/revisions"}],"predecessor-version":[{"id":30276,"href":"https:\/\/tuffhandicraft.com\/es\/wp-json\/wp\/v2\/product\/27650\/revisions\/30276"}],"wp:featuredmedia":[{"embeddable":true,"href":"https:\/\/tuffhandicraft.com\/es\/wp-json\/wp\/v2\/media\/28237"}],"wp:attachment":[{"href":"https:\/\/tuffhandicraft.com\/es\/wp-json\/wp\/v2\/media?parent=27650"}],"wp:term":[{"taxonomy":"product_brand","embeddable":true,"href":"https:\/\/tuffhandicraft.com\/es\/wp-json\/wp\/v2\/product_brand?post=27650"},{"taxonomy":"product_cat","embeddable":true,"href":"https:\/\/tuffhandicraft.com\/es\/wp-json\/wp\/v2\/product_cat?post=27650"},{"taxonomy":"product_tag","embeddable":true,"href":"https:\/\/tuffhandicraft.com\/es\/wp-json\/wp\/v2\/product_tag?post=27650"}],"curies":[{"name":"wp","href":"https:\/\/api.w.org\/{rel}","templated":true}]}}