{"id":27654,"date":"2025-05-11T00:24:38","date_gmt":"2025-05-10T21:24:38","guid":{"rendered":"https:\/\/tasarim.yusufkecici.com.tr\/urun\/drawstring-raffia-bag-hand-knitted-tote-bag-eco-friendly-shoulder-bag-straw-summer-bag-pouch-bag-for-woman-gift-for-her\/"},"modified":"2025-08-21T17:36:45","modified_gmt":"2025-08-21T14:36:45","slug":"kagit-ip-buzgulu-omuz-cantasi","status":"publish","type":"product","link":"https:\/\/tuffhandicraft.com\/es\/magaza\/canta\/omuz-cantasi\/kagit-ip-buzgulu-omuz-cantasi\/","title":{"rendered":"Bolso bandolera con cord\u00f3n de papel | 26 horas de artesan\u00eda"},"content":{"rendered":"<h1>Bolso bandolera con cord\u00f3n de papel: hecho a mano, ligero y ecol\u00f3gico.<\/h1>\n<h2>Captura la elegancia con texturas naturales<\/h2>\n<p>Donde la elegancia y los materiales respetuosos con el medio ambiente se unen <strong>Bolso de hombro con cord\u00f3n y cord\u00f3n de papel<\/strong>Se convertir\u00e1 en un imprescindible de tu estilo veraniego. Con un tama\u00f1o ideal para el d\u00eda a d\u00eda, este bolso es perfecto tanto para la ciudad como para las vacaciones gracias a su dise\u00f1o ligero y pr\u00e1ctico.<\/p>\n<h2>Informaci\u00f3n del material<\/h2>\n<p><strong>%100 ka\u011f\u0131t ip<\/strong> Este bolso, cuidadosamente tejido con fibras naturales, ofrece una alternativa sostenible. Su cierre de cord\u00f3n garantiza est\u00e9tica y seguridad. Su interior es lo suficientemente amplio como para llevar c\u00f3modamente tus art\u00edculos esenciales diarios.<\/p>\n<h2>\u00c1rea de uso y confort<\/h2>\n<p>Su textura suave y peso ligero lo hacen c\u00f3modo para llevarlo al hombro todo el d\u00eda. Te acompa\u00f1ar\u00e1 en la playa, en el mercado, en las reuniones para tomar caf\u00e9 o mientras paseas por la ciudad.<\/p>\n<h2>Sugerencia de estilo<\/h2>\n<p>Sombreros de paja, verano <a href=\"https:\/\/tuffhandicraft.com\/es\/categoria-producto\/yelek\/\">chalecos<\/a>Puedes crear un estilo veraniego natural y desenfadado combin\u00e1ndolo con camisetas b\u00e1sicas y sandalias.<img loading=\"lazy\" decoding=\"async\" class=\"wd-lazy-fade size-full wp-image-28000 alignright\" src=\"https:\/\/tuffhandicraft.com\/wp-content\/themes\/woodmart\/images\/lazy.svg\" data-src=\"https:\/\/tuffhandicraft.com\/wp-content\/uploads\/2021\/08\/footer-logo-1.png\" alt=\"K\u0131rm\u0131z\u0131 Kalpli \u00d6rg\u00fc Balaklava\" width=\"220\" height=\"40\" title=\"\" srcset=\"\" data-srcset=\"https:\/\/tuffhandicraft.com\/wp-content\/uploads\/2021\/08\/footer-logo-1.png 220w, https:\/\/tuffhandicraft.com\/wp-content\/uploads\/2021\/08\/footer-logo-1-150x27.png 150w\" sizes=\"auto, (max-width: 220px) 100vw, 220px\" \/><\/p>\n<h2>Hecho a mano y sostenibilidad<\/h2>\n<p>Cada bolso est\u00e1 tejido a mano con un enfoque de moda sostenible, lo que lo convierte en la opci\u00f3n perfecta para las mujeres que se preocupan por el medio ambiente. En su proceso de producci\u00f3n se utiliza cero pl\u00e1stico y se prefiere el hilo de papel reciclable. Es una edici\u00f3n limitada, no se produce en masa, con una exquisita artesan\u00eda.<\/p>\n<h2><a href=\"https:\/\/www.hobium.com\/collections\/jut-kagit-ipler?srsltid=AfmBOooHzXpLMs8RYdx1QhV7Meprm63KfaW9OunhLRoAtqsxA8el7cZG\" target=\"_blank\" rel=\"noopener\">Cuerda de papel<\/a> Instrucciones de cuidado del bolso de hombro con cord\u00f3n<\/h2>\n<ul>\n<li>Limpiar pasando un pa\u00f1o h\u00famedo.<\/li>\n<li>No lavar en la lavadora.<\/li>\n<li>Conservar en un lugar seco y fresco para un uso prolongado.<\/li>\n<\/ul>\n<h2>\u00bfPor qu\u00e9 deber\u00edas elegir este bolso?<\/h2>\n<ul>\n<li>\u2714 Do\u011fa dostu %100 ka\u011f\u0131t ipten \u00fcretilmi\u015ftir.<\/li>\n<li>\u2714 F\u00e1cil de transportar con su dise\u00f1o ligero y ergon\u00f3mico.<\/li>\n<li>\u2714Tiene un dise\u00f1o hecho a mano y original.<\/li>\n<li>\u2714 Funcional y elegante con su detalle de cierre con cord\u00f3n.<\/li>\n<li>\u2714 Un toque natural que completa tu estilo en verano.<\/li>\n<\/ul>","protected":false},"excerpt":{"rendered":"<p>Ka\u011f\u0131t \u0130p B\u00fczg\u00fcl\u00fc Omuz \u00c7antas\u0131 \u2013 El Yap\u0131m\u0131, Hafif ve Do\u011fa Dostu Tasar\u0131m Do\u011fal dokularla \u015f\u0131kl\u0131\u011f\u0131 yakalay\u0131n \u015e\u0131kl\u0131k ve do\u011fa<\/p>","protected":false},"featured_media":28217,"comment_status":"open","ping_status":"closed","template":"","meta":[],"product_brand":[691],"product_cat":[724,686],"product_tag":[902,811,907,812,908,905,909,810,906,813,843,762,818,904,903],"class_list":{"0":"post-27654","1":"product","2":"type-product","3":"status-publish","4":"has-post-thumbnail","6":"product_brand-tuffhandicraft","7":"product_cat-omuz-cantasi","8":"product_cat-canta","9":"product_tag-buzgulu-omuz-cantasi","10":"product_tag-doga-dostu-canta","11":"product_tag-ecofriendly-canta","12":"product_tag-el-yapimi-canta","13":"product_tag-gunluk-canta","14":"product_tag-hafif-yazlik-canta","15":"product_tag-kadin-yaz-cantasi","16":"product_tag-kagit-ip-canta","17":"product_tag-keten-elbise-cantasi","18":"product_tag-orgu-canta","19":"product_tag-plaj-cantasi","20":"product_tag-surdurulebilir-moda","21":"product_tag-vegan-canta","22":"product_tag-yavas-moda-aksesuar","23":"product_tag-yazlik-omuz-cantasi","25":"first","26":"instock","27":"sale","28":"taxable","29":"shipping-taxable","30":"purchasable","31":"product-type-simple"},"_links":{"self":[{"href":"https:\/\/tuffhandicraft.com\/es\/wp-json\/wp\/v2\/product\/27654","targetHints":{"allow":["GET"]}}],"collection":[{"href":"https:\/\/tuffhandicraft.com\/es\/wp-json\/wp\/v2\/product"}],"about":[{"href":"https:\/\/tuffhandicraft.com\/es\/wp-json\/wp\/v2\/types\/product"}],"replies":[{"embeddable":true,"href":"https:\/\/tuffhandicraft.com\/es\/wp-json\/wp\/v2\/comments?post=27654"}],"version-history":[{"count":1,"href":"https:\/\/tuffhandicraft.com\/es\/wp-json\/wp\/v2\/product\/27654\/revisions"}],"predecessor-version":[{"id":30275,"href":"https:\/\/tuffhandicraft.com\/es\/wp-json\/wp\/v2\/product\/27654\/revisions\/30275"}],"wp:featuredmedia":[{"embeddable":true,"href":"https:\/\/tuffhandicraft.com\/es\/wp-json\/wp\/v2\/media\/28217"}],"wp:attachment":[{"href":"https:\/\/tuffhandicraft.com\/es\/wp-json\/wp\/v2\/media?parent=27654"}],"wp:term":[{"taxonomy":"product_brand","embeddable":true,"href":"https:\/\/tuffhandicraft.com\/es\/wp-json\/wp\/v2\/product_brand?post=27654"},{"taxonomy":"product_cat","embeddable":true,"href":"https:\/\/tuffhandicraft.com\/es\/wp-json\/wp\/v2\/product_cat?post=27654"},{"taxonomy":"product_tag","embeddable":true,"href":"https:\/\/tuffhandicraft.com\/es\/wp-json\/wp\/v2\/product_tag?post=27654"}],"curies":[{"name":"wp","href":"https:\/\/api.w.org\/{rel}","templated":true}]}}