{"id":27658,"date":"2025-05-11T00:24:45","date_gmt":"2025-05-10T21:24:45","guid":{"rendered":"https:\/\/tasarim.yusufkecici.com.tr\/urun\/crochet-mermaid-crop-top-handmade-lime-boho-crop-short-sleeve-summer-top-ribbed-festival-top-with-lime-color-summer-gift-gift-for-her\/"},"modified":"2025-08-10T16:00:40","modified_gmt":"2025-08-10T13:00:40","slug":"denizkizi-rave-crop-top","status":"publish","type":"product","link":"https:\/\/tuffhandicraft.com\/es\/magaza\/crop-top\/denizkizi-rave-crop-top\/","title":{"rendered":"Top corto sirena y rave - Verde lima, dise\u00f1o original"},"content":{"rendered":"<h3 data-start=\"110\" data-end=\"176\">\ud83e\uddf6 <strong data-start=\"117\" data-end=\"176\">Denizk\u0131z\u0131 &amp; Rave Crop Top &#8211; Lime Ye\u015fili, \u00d6zg\u00fcn Tasar\u0131m<\/strong><\/h3>\n<p data-start=\"178\" data-end=\"436\">Canl\u0131 lime ye\u015fili renginde, mermaid ve rave temalar\u0131n\u0131n enerjisini ta\u015f\u0131yan bu el yap\u0131m\u0131 k\u0131sa \u00fcst, yaz gard\u0131robunuzun vazge\u00e7ilmezi olacak. Arkadan ba\u011flama detay\u0131yla ki\u015fiye \u00f6zel ayarlanabilir konfor sunarken, t\u0131\u011f i\u015fi ustal\u0131\u011f\u0131yla benzersiz bir \u015f\u0131kl\u0131k yarat\u0131r.<\/p>\n<hr data-start=\"438\" data-end=\"441\" \/>\n<h3 data-start=\"443\" data-end=\"474\">\ud83e\uddf5 <strong data-start=\"450\" data-end=\"472\">Materiales y mano de obra<\/strong><\/h3>\n<p data-start=\"475\" data-end=\"614\">Yumu\u015fak, nefes alabilir ve do\u011fal ipliklerden \u00f6zenle el \u00f6rg\u00fcs\u00fc olarak \u00fcretilmi\u015ftir. Her par\u00e7a \u00f6zg\u00fcn olup, kaliteli i\u015f\u00e7ilikle tamamlanm\u0131\u015ft\u0131r.<\/p>\n<hr data-start=\"616\" data-end=\"619\" \/>\n<h3 data-start=\"621\" data-end=\"652\">\ud83c\udf89 <strong data-start=\"628\" data-end=\"650\">Uso y comodidad<\/strong><\/h3>\n<ul data-start=\"653\" data-end=\"842\">\n<li data-start=\"653\" data-end=\"709\">\n<p data-start=\"655\" data-end=\"709\">Arkadan ba\u011flama detay\u0131 ile m\u00fckemmel uyum ve rahatl\u0131k<\/p>\n<\/li>\n<li data-start=\"710\" data-end=\"756\">\n<p data-start=\"712\" data-end=\"756\">Yaz aylar\u0131 i\u00e7in hafif ve nefes alan yap\u0131s\u0131<\/p>\n<\/li>\n<li data-start=\"757\" data-end=\"805\">\n<p data-start=\"759\" data-end=\"805\"><a href=\"https:\/\/tuffhandicraft.com\/es\/producto\/puskullu-rafya-clutch-canta\/\">Festival<\/a>, plaj veya g\u00fcndelik stil i\u00e7in ideal<\/p>\n<\/li>\n<li data-start=\"806\" data-end=\"842\">\n<p data-start=\"808\" data-end=\"842\">Enerjik, \u00f6zg\u00fcn ve modern tasar\u0131m<\/p>\n<\/li>\n<\/ul>\n<hr data-start=\"844\" data-end=\"847\" \/>\n<h3 data-start=\"849\" data-end=\"876\">\ud83c\udfa8 <strong data-start=\"856\" data-end=\"874\">Sugerencias de estilo<\/strong><\/h3>\n<p data-start=\"877\" data-end=\"1029\">Mermaid ve rave stilleri ta\u015f\u0131yan bu \u00fcr\u00fcn, y\u00fcksek bel \u015fortlar, etekler ve jean pantolonlarla harika kombinlenir. Lime ye\u015fili rengi, tarz\u0131n\u0131za canl\u0131l\u0131k ve enerji katar.<\/p>\n<p data-start=\"877\" data-end=\"1029\">Para conocer otros modelos que puedan adaptarse a su estilo y m\u00e1s, visite Tuff\u00a0<a href=\"https:\/\/www.pinterest.com\/TuffHandicraft01\/\" target=\"_blank\" rel=\"noopener\">Pinterest<\/a>\u00a0Visita el mundo de.<\/p>\n<hr data-start=\"1031\" data-end=\"1034\" \/>\n<h3 data-start=\"1036\" data-end=\"1080\">\u267b\ufe0f <strong data-start=\"1043\" data-end=\"1078\">Moda artesanal y sostenible<\/strong><\/h3>\n<p data-start=\"1081\" data-end=\"1229\">Yava\u015f moda felsefesiyle, etik ve do\u011fa dostu ko\u015fullarda \u00fcretilmi\u015ftir. El eme\u011fiyle haz\u0131rlanm\u0131\u015f bu crop top, s\u00fcrd\u00fcr\u00fclebilir stilin g\u00fczel bir \u00f6rne\u011fidir.<\/p>\n<hr data-start=\"1231\" data-end=\"1234\" \/>\n<h3 data-start=\"1236\" data-end=\"1264\">\ud83e\uddfc <strong data-start=\"1243\" data-end=\"1262\">Recomendaciones de cuidado<\/strong><\/h3>\n<p data-start=\"1265\" data-end=\"1370\">So\u011fuk suda elde y\u0131kama \u00f6nerilir. Makinede y\u0131kama ve s\u0131kma yap\u0131lmamal\u0131d\u0131r. D\u00fcz zeminde kurumaya b\u0131rak\u0131n\u0131z.<\/p>\n<hr data-start=\"1372\" data-end=\"1375\" \/>\n<h3 data-start=\"1377\" data-end=\"1427\">\u2728 <strong data-start=\"1383\" data-end=\"1425\">\u00bfPor qu\u00e9 elegir este top corto?<\/strong><\/h3>\n<ul data-start=\"1428\" data-end=\"1612\">\n<li data-start=\"1428\" data-end=\"1461\">\n<p data-start=\"1430\" data-end=\"1461\">%100 el yap\u0131m\u0131, \u00f6zg\u00fcn tasar\u0131m<\/p>\n<\/li>\n<li data-start=\"1462\" data-end=\"1502\">\n<p data-start=\"1464\" data-end=\"1502\">Ayarlanabilir arkadan ba\u011flama detay\u0131<\/p>\n<\/li>\n<li data-start=\"1503\" data-end=\"1536\">\n<p data-start=\"1505\" data-end=\"1536\">Hafif, nefes alan ve konforlu<\/p>\n<\/li>\n<li data-start=\"1537\" data-end=\"1578\">\n<p data-start=\"1539\" data-end=\"1578\">Canl\u0131 lime ye\u015fili renk ve modern stil<\/p>\n<\/li>\n<li data-start=\"1579\" data-end=\"1612\">\n<p data-start=\"1581\" data-end=\"1612\">Producci\u00f3n sostenible y \u00e9tica<\/p>\n<\/li>\n<\/ul>","protected":false},"excerpt":{"rendered":"<p>Lime ye\u015fili denizk\u0131z\u0131 ve rave temal\u0131 el yap\u0131m\u0131 k\u0131sa \u00fcst, arkadan ba\u011flama detay\u0131yla rahat ve \u015f\u0131k kullan\u0131m sunar.<\/p>","protected":false},"featured_media":28197,"comment_status":"open","ping_status":"closed","template":"","meta":[],"product_brand":[691],"product_cat":[697,714],"product_tag":[992,989,993,778,994,769,996,991,995,763,990,762,776,779,997],"class_list":{"0":"post-27658","1":"product","2":"type-product","3":"status-publish","4":"has-post-thumbnail","6":"product_brand-tuffhandicraft","7":"product_cat-crop-top","8":"product_cat-rave","9":"product_tag-arkadan-baglamali-top","10":"product_tag-denizkizi-crop-top","11":"product_tag-el-orgusu-crop-top","12":"product_tag-el-yapimi-crop-top","13":"product_tag-festival-kiyafeti","14":"product_tag-hediye-fikirleri","15":"product_tag-lime-yesili","16":"product_tag-lime-yesili-crop-top","17":"product_tag-nefes-alan-crop-top","18":"product_tag-ozgun-tasarim","19":"product_tag-rave-crop-top","20":"product_tag-surdurulebilir-moda","21":"product_tag-tig-isi-crop-top","22":"product_tag-yazlik-crop-top","23":"product_tag-yazlik-ust","25":"first","26":"instock","27":"taxable","28":"shipping-taxable","29":"purchasable","30":"product-type-variable"},"_links":{"self":[{"href":"https:\/\/tuffhandicraft.com\/es\/wp-json\/wp\/v2\/product\/27658","targetHints":{"allow":["GET"]}}],"collection":[{"href":"https:\/\/tuffhandicraft.com\/es\/wp-json\/wp\/v2\/product"}],"about":[{"href":"https:\/\/tuffhandicraft.com\/es\/wp-json\/wp\/v2\/types\/product"}],"replies":[{"embeddable":true,"href":"https:\/\/tuffhandicraft.com\/es\/wp-json\/wp\/v2\/comments?post=27658"}],"version-history":[{"count":0,"href":"https:\/\/tuffhandicraft.com\/es\/wp-json\/wp\/v2\/product\/27658\/revisions"}],"wp:featuredmedia":[{"embeddable":true,"href":"https:\/\/tuffhandicraft.com\/es\/wp-json\/wp\/v2\/media\/28197"}],"wp:attachment":[{"href":"https:\/\/tuffhandicraft.com\/es\/wp-json\/wp\/v2\/media?parent=27658"}],"wp:term":[{"taxonomy":"product_brand","embeddable":true,"href":"https:\/\/tuffhandicraft.com\/es\/wp-json\/wp\/v2\/product_brand?post=27658"},{"taxonomy":"product_cat","embeddable":true,"href":"https:\/\/tuffhandicraft.com\/es\/wp-json\/wp\/v2\/product_cat?post=27658"},{"taxonomy":"product_tag","embeddable":true,"href":"https:\/\/tuffhandicraft.com\/es\/wp-json\/wp\/v2\/product_tag?post=27658"}],"curies":[{"name":"wp","href":"https:\/\/api.w.org\/{rel}","templated":true}]}}