{"id":27660,"date":"2025-05-11T00:24:47","date_gmt":"2025-05-10T21:24:47","guid":{"rendered":"https:\/\/tasarim.yusufkecici.com.tr\/urun\/masterpiece-color-raffia-clutch-bag-hand-knitted-pouch-bag-with-chain-woven-cloud-bag-useful-purse-with-fringe-boho-bag-special-gift\/"},"modified":"2025-08-21T17:36:20","modified_gmt":"2025-08-21T14:36:20","slug":"puskullu-rafya-clutch-canta","status":"publish","type":"product","link":"https:\/\/tuffhandicraft.com\/es\/magaza\/canta\/el-cantasi\/puskullu-rafya-clutch-canta\/","title":{"rendered":"Bolso de mano de rafia de colores con borlas, hecho a mano: estilo bohemio y natural"},"content":{"rendered":"<h3 data-start=\"77\" data-end=\"154\">\ud83d\udc5c <strong data-start=\"84\" data-end=\"154\">Bolso de mano de rafia de colores con borlas, hecho a mano: estilo bohemio y natural<\/strong><\/h3>\n<p data-start=\"156\" data-end=\"532\">Este colorido bolso de mano, elaborado meticulosamente a mano con cuerdas de rafia natural, irradia elegancia bohemia y energ\u00eda con sus detalles de borlas. Ligero y resistente, es perfecto para el d\u00eda a d\u00eda y ocasiones especiales. Su textura natural y sus vibrantes colores le aportan calidez a tu estilo. Su elegante y pr\u00e1ctica correa de metal lo hace perfecto para llevarlo al hombro o cruzado.<\/p>\n<hr data-start=\"534\" data-end=\"537\" \/>\n<h3 data-start=\"539\" data-end=\"570\">\ud83e\uddf5 <strong data-start=\"546\" data-end=\"568\">Materiales y mano de obra<\/strong><img loading=\"lazy\" decoding=\"async\" class=\"wd-lazy-fade size-full wp-image-28000 alignright\" style=\"color: #333333; font-size: 16px;\" src=\"https:\/\/tuffhandicraft.com\/wp-content\/themes\/woodmart\/images\/lazy.svg\" data-src=\"https:\/\/tuffhandicraft.com\/wp-content\/uploads\/2021\/08\/footer-logo-1.png\" alt=\"P\u00fcsk\u00fcll\u00fc Renkli Rafya Clutch \u00c7anta\" width=\"220\" height=\"40\" title=\"\" srcset=\"\" data-srcset=\"https:\/\/tuffhandicraft.com\/wp-content\/uploads\/2021\/08\/footer-logo-1.png 220w, https:\/\/tuffhandicraft.com\/wp-content\/uploads\/2021\/08\/footer-logo-1-150x27.png 150w\" sizes=\"auto, (max-width: 220px) 100vw, 220px\" \/><\/h3>\n<p data-start=\"571\" data-end=\"791\">%100 do\u011fal rafya ipi kullan\u0131larak tamamen el \u00f6rg\u00fcs\u00fc teknikleriyle \u00fcretilmi\u015ftir. <a href=\"https:\/\/tuffhandicraft.com\/es\/producto\/rave-stili-tig-isi-ust\/\">Borlas<\/a>A\u00f1ade movimiento y car\u00e1cter al bolso. La correa met\u00e1lica le da un toque duradero y elegante. Cada detalle est\u00e1 elaborado con meticulosidad.<\/p>\n<hr data-start=\"793\" data-end=\"796\" \/>\n<h3 data-start=\"798\" data-end=\"829\">\ud83c\udf3f <strong data-start=\"805\" data-end=\"827\">Uso y comodidad<\/strong><\/h3>\n<ul data-start=\"830\" data-end=\"1025\">\n<li data-start=\"830\" data-end=\"857\">\n<p data-start=\"832\" data-end=\"857\">Ligero y f\u00e1cil de transportar.<\/p>\n<\/li>\n<li data-start=\"858\" data-end=\"909\">\n<p data-start=\"860\" data-end=\"909\">Correa de metal para usar al hombro y cruzado.<\/p>\n<\/li>\n<li data-start=\"910\" data-end=\"945\">\n<p data-start=\"912\" data-end=\"945\">Ideal para las temporadas de verano y primavera.<\/p>\n<\/li>\n<li data-start=\"946\" data-end=\"991\">\n<p data-start=\"948\" data-end=\"991\">Perfecto para la elegancia diaria y ocasiones especiales.<\/p>\n<\/li>\n<li data-start=\"992\" data-end=\"1025\">\n<p data-start=\"994\" data-end=\"1025\">Dise\u00f1o bohemio, natural y original.<\/p>\n<\/li>\n<\/ul>\n<hr data-start=\"1027\" data-end=\"1030\" \/>\n<h3 data-start=\"1032\" data-end=\"1059\">\ud83c\udfa8 <strong data-start=\"1039\" data-end=\"1057\">Sugerencias de estilo<\/strong><\/h3>\n<p data-start=\"1060\" data-end=\"1256\">Este colorido clutch con borlas combina a la perfecci\u00f3n con vestidos sencillos, pantalones de lino y blusas informales. Es una opci\u00f3n ideal para quienes buscan un look din\u00e1mico y \u00fanico en las noches de verano o en festivales.<\/p>\n<p data-start=\"1415\" data-end=\"1691\">Para conocer otros modelos que puedan adaptarse a su estilo y m\u00e1s, visite Tuff\u00a0<a href=\"https:\/\/www.pinterest.com\/TuffHandicraft01\/\" target=\"_blank\" rel=\"noopener\">Pinterest<\/a>\u00a0Visita el mundo de.<\/p>\n<hr data-start=\"1258\" data-end=\"1261\" \/>\n<h3 data-start=\"1263\" data-end=\"1307\">\u267b\ufe0f <strong data-start=\"1270\" data-end=\"1305\">Moda artesanal y sostenible<\/strong><\/h3>\n<p data-start=\"1308\" data-end=\"1488\">Fabricado \u00e9ticamente con materiales ecol\u00f3gicos, con un enfoque en la moda sostenible. Cada pieza est\u00e1 hecha a mano de forma \u00fanica y se convertir\u00e1 en una adici\u00f3n especial a tu armario sostenible.<\/p>\n<hr data-start=\"1490\" data-end=\"1493\" \/>\n<h3 data-start=\"1495\" data-end=\"1523\">\ud83e\uddfc <strong data-start=\"1502\" data-end=\"1521\">Recomendaciones de cuidado<\/strong><\/h3>\n<p data-start=\"1524\" data-end=\"1642\">Limpie suavemente con un pa\u00f1o h\u00famedo. Evite los limpiadores qu\u00edmicos. No lo exponga a la luz solar directa durante periodos prolongados.<\/p>\n<hr data-start=\"1644\" data-end=\"1647\" \/>\n<h3 data-start=\"1649\" data-end=\"1714\">\u2728 <strong data-start=\"1655\" data-end=\"1712\">\u00bfPor qu\u00e9 elegir esta colorida bolsa de rafia?<\/strong><\/h3>\n<ul data-start=\"1715\" data-end=\"1925\">\n<li data-start=\"1715\" data-end=\"1748\">\n<p data-start=\"1717\" data-end=\"1748\">%100 el yap\u0131m\u0131, \u00f6zg\u00fcn tasar\u0131m<\/p>\n<\/li>\n<li data-start=\"1749\" data-end=\"1786\">\n<p data-start=\"1751\" data-end=\"1786\">Cuerda de rafia natural y estructura duradera.<\/p>\n<\/li>\n<li data-start=\"1787\" data-end=\"1833\">\n<p data-start=\"1789\" data-end=\"1833\">Colores vibrantes y detalles de borlas vibrantes.<\/p>\n<\/li>\n<li data-start=\"1834\" data-end=\"1866\">\n<p data-start=\"1836\" data-end=\"1866\">Percha de metal elegante y \u00fatil<\/p>\n<\/li>\n<li data-start=\"1867\" data-end=\"1891\">\n<p data-start=\"1869\" data-end=\"1891\">Ligero y funcional<\/p>\n<\/li>\n<li data-start=\"1892\" data-end=\"1925\">\n<p data-start=\"1894\" data-end=\"1925\">Producci\u00f3n sostenible y \u00e9tica<\/p>\n<\/li>\n<\/ul>","protected":false},"excerpt":{"rendered":"<p>Este bolso de mano de rafia de colores con borlas y una elegante correa de metal est\u00e1 hecho a mano y es un accesorio liviano y duradero adecuado para el uso diario y especial.<\/p>","protected":false},"featured_media":28182,"comment_status":"open","ping_status":"closed","template":"","meta":[],"product_brand":[691],"product_cat":[728,686],"product_tag":[986,987,821,819,812,908,815,769,985,763,988,982,983,984,762,816],"class_list":{"0":"post-27660","1":"product","2":"type-product","3":"status-publish","4":"has-post-thumbnail","6":"product_brand-tuffhandicraft","7":"product_cat-el-cantasi","8":"product_cat-canta","9":"product_tag-bohem-aksesuar","10":"product_tag-clutch-canta","11":"product_tag-dogal-malzeme-canta","12":"product_tag-el-orgusu-canta","13":"product_tag-el-yapimi-canta","14":"product_tag-gunluk-canta","15":"product_tag-hafif-canta","16":"product_tag-hediye-fikirleri","17":"product_tag-metal-askili-canta","18":"product_tag-ozgun-tasarim","19":"product_tag-puskullu-canta","20":"product_tag-puskullu-clutch","21":"product_tag-rafya-canta","22":"product_tag-renkli-clutch","23":"product_tag-surdurulebilir-moda","24":"product_tag-yazlik-canta","26":"first","27":"instock","28":"sale","29":"taxable","30":"shipping-taxable","31":"purchasable","32":"product-type-simple"},"_links":{"self":[{"href":"https:\/\/tuffhandicraft.com\/es\/wp-json\/wp\/v2\/product\/27660","targetHints":{"allow":["GET"]}}],"collection":[{"href":"https:\/\/tuffhandicraft.com\/es\/wp-json\/wp\/v2\/product"}],"about":[{"href":"https:\/\/tuffhandicraft.com\/es\/wp-json\/wp\/v2\/types\/product"}],"replies":[{"embeddable":true,"href":"https:\/\/tuffhandicraft.com\/es\/wp-json\/wp\/v2\/comments?post=27660"}],"version-history":[{"count":1,"href":"https:\/\/tuffhandicraft.com\/es\/wp-json\/wp\/v2\/product\/27660\/revisions"}],"predecessor-version":[{"id":30274,"href":"https:\/\/tuffhandicraft.com\/es\/wp-json\/wp\/v2\/product\/27660\/revisions\/30274"}],"wp:featuredmedia":[{"embeddable":true,"href":"https:\/\/tuffhandicraft.com\/es\/wp-json\/wp\/v2\/media\/28182"}],"wp:attachment":[{"href":"https:\/\/tuffhandicraft.com\/es\/wp-json\/wp\/v2\/media?parent=27660"}],"wp:term":[{"taxonomy":"product_brand","embeddable":true,"href":"https:\/\/tuffhandicraft.com\/es\/wp-json\/wp\/v2\/product_brand?post=27660"},{"taxonomy":"product_cat","embeddable":true,"href":"https:\/\/tuffhandicraft.com\/es\/wp-json\/wp\/v2\/product_cat?post=27660"},{"taxonomy":"product_tag","embeddable":true,"href":"https:\/\/tuffhandicraft.com\/es\/wp-json\/wp\/v2\/product_tag?post=27660"}],"curies":[{"name":"wp","href":"https:\/\/api.w.org\/{rel}","templated":true}]}}