{"id":27668,"date":"2025-05-11T00:24:54","date_gmt":"2025-05-10T21:24:54","guid":{"rendered":"https:\/\/tasarim.yusufkecici.com.tr\/urun\/oversized-fuzzy-mohair-cardigan-hand-knit-soft-cardigan-diagonal-square-bomber-jacket-handmade-multicolor-sweater-crochet-cardigan-gift\/"},"modified":"2025-08-10T15:59:32","modified_gmt":"2025-08-10T12:59:32","slug":"pelus-el-orgusu-hirka","status":"publish","type":"product","link":"https:\/\/tuffhandicraft.com\/es\/magaza\/hirka\/pelus-el-orgusu-hirka\/","title":{"rendered":"C\u00e1rdigan de felpa tejido a mano: geom\u00e9trico, suave y c\u00f3modo"},"content":{"rendered":"<h3 data-start=\"103\" data-end=\"165\">\ud83e\uddf6<strong data-start=\"110\" data-end=\"165\">C\u00e1rdigan de felpa tejido a mano: geom\u00e9trico, suave y c\u00f3modo<\/strong><\/h3>\n<p data-start=\"167\" data-end=\"507\">Este c\u00e1rdigan, meticulosamente tejido a mano, ofrece calidez y comodidad con su textura suave. <a href=\"https:\/\/tuffhandicraft.com\/es\/producto\/afrika-cicek-motifli-oversize-hirka\/\">con patrones geom\u00e9tricos<\/a> Le da un toque moderno a tu estilo. Su textura suave te abriga en invierno, mientras que su corte holgado te garantiza comodidad durante todo el d\u00eda. Este c\u00e1rdigan, un b\u00e1sico de tu armario, est\u00e1 confeccionado con hilos naturales para una sensaci\u00f3n agradable a la piel.<\/p>\n<hr data-start=\"509\" data-end=\"512\" \/>\n<h3 data-start=\"514\" data-end=\"545\">\ud83e\uddf5 <strong data-start=\"521\" data-end=\"543\">Materiales y mano de obra<\/strong><img loading=\"lazy\" decoding=\"async\" class=\"wd-lazy-fade size-full wp-image-28000 alignright\" style=\"color: #333333; font-size: 16px;\" src=\"https:\/\/tuffhandicraft.com\/wp-content\/themes\/woodmart\/images\/lazy.svg\" data-src=\"https:\/\/tuffhandicraft.com\/wp-content\/uploads\/2021\/08\/footer-logo-1.png\" alt=\"C\u00e1rdigan de felpa tejido a mano: geom\u00e9trico, suave y c\u00f3modo\" width=\"220\" height=\"40\" title=\"\" srcset=\"\" data-srcset=\"https:\/\/tuffhandicraft.com\/wp-content\/uploads\/2021\/08\/footer-logo-1.png 220w, https:\/\/tuffhandicraft.com\/wp-content\/uploads\/2021\/08\/footer-logo-1-150x27.png 150w\" sizes=\"auto, (max-width: 220px) 100vw, 220px\" \/><\/h3>\n<p data-start=\"546\" data-end=\"749\">Hecho \u00edntegramente a mano con hilos naturales de alta calidad, este c\u00e1rdigan combina calidez y transpirabilidad. Sus motivos geom\u00e9tricos, magistralmente elaborados, y su acabado afelpado crean un dise\u00f1o \u00fanico.<\/p>\n<hr data-start=\"751\" data-end=\"754\" \/>\n<h3 data-start=\"756\" data-end=\"787\">\u2744\ufe0f <strong data-start=\"763\" data-end=\"785\">Uso y comodidad<\/strong><\/h3>\n<ul data-start=\"788\" data-end=\"964\">\n<li data-start=\"788\" data-end=\"838\">\n<p data-start=\"790\" data-end=\"838\">Un favorito de los meses de invierno, estructura extra suave que te mantiene abrigado.<\/p>\n<\/li>\n<li data-start=\"839\" data-end=\"883\">\n<p data-start=\"841\" data-end=\"883\">Ideal para uso diario, c\u00f3modo y elegante.<\/p>\n<\/li>\n<li data-start=\"884\" data-end=\"927\">\n<p data-start=\"886\" data-end=\"927\">C\u00f3modo en casa, al aire libre o en el trabajo.<\/p>\n<\/li>\n<li data-start=\"928\" data-end=\"964\">\n<p data-start=\"930\" data-end=\"964\">El corte casual se adapta a cualquier estilo.<\/p>\n<\/li>\n<\/ul>\n<hr data-start=\"966\" data-end=\"969\" \/>\n<h3 data-start=\"971\" data-end=\"998\">\ud83c\udfa8 <strong data-start=\"978\" data-end=\"996\">Sugerencias de estilo<\/strong><\/h3>\n<p data-start=\"999\" data-end=\"1148\">Se combina f\u00e1cilmente con una camiseta b\u00e1sica, vaqueros y botas. Los estampados geom\u00e9tricos aportan movimiento a conjuntos sencillos, mientras que su textura suave realza la elegancia.<\/p>\n<p>Para conocer otros modelos que puedan adaptarse a su estilo y m\u00e1s, visite Tuff\u00a0<a href=\"https:\/\/www.pinterest.com\/TuffHandicraft01\/\" target=\"_blank\" rel=\"noopener\">Pinterest<\/a>\u00a0Visita el mundo de.<\/p>\n<hr data-start=\"1150\" data-end=\"1153\" \/>\n<h3 data-start=\"1155\" data-end=\"1199\">\u267b\ufe0f <strong data-start=\"1162\" data-end=\"1197\">Moda artesanal y sostenible<\/strong><\/h3>\n<p data-start=\"1200\" data-end=\"1369\">Elaborada con un enfoque de moda lenta, en condiciones respetuosas con el medio ambiente y la mano de obra, cada pieza es \u00fanica porque est\u00e1 tejida a mano, lo que la convierte en el complemento perfecto para tu guardarropa sustentable.<\/p>\n<hr data-start=\"1371\" data-end=\"1374\" \/>\n<h3 data-start=\"1376\" data-end=\"1404\">\ud83e\uddfc <strong data-start=\"1383\" data-end=\"1402\">Recomendaciones de cuidado<\/strong><\/h3>\n<p data-start=\"1405\" data-end=\"1519\">Para conservar su forma, l\u00e1vela a mano con agua fr\u00eda. No se recomienda usar la lavadora ni escurrirla. Para secarla, exti\u00e9ndala sobre una superficie plana.<\/p>\n<hr data-start=\"1521\" data-end=\"1524\" \/>\n<h3 data-start=\"1526\" data-end=\"1582\">\u2728 <strong data-start=\"1532\" data-end=\"1580\">\u00bfPor qu\u00e9 elegir este c\u00e1rdigan extra suave?<\/strong><\/h3>\n<ul data-start=\"1583\" data-end=\"1786\">\n<li data-start=\"1583\" data-end=\"1615\">\n<p data-start=\"1585\" data-end=\"1615\">%100 el yap\u0131m\u0131, \u00f6zg\u00fcn ve \u015f\u0131k<\/p>\n<\/li>\n<li data-start=\"1616\" data-end=\"1653\">\n<p data-start=\"1618\" data-end=\"1653\">Textura de felpa suave y c\u00e1lida.<\/p>\n<\/li>\n<li data-start=\"1654\" data-end=\"1683\">\n<p data-start=\"1656\" data-end=\"1683\">Patrones geom\u00e9tricos modernos<\/p>\n<\/li>\n<li data-start=\"1684\" data-end=\"1714\">\n<p data-start=\"1686\" data-end=\"1714\">Hilos naturales y transpirables.<\/p>\n<\/li>\n<li data-start=\"1715\" data-end=\"1748\">\n<p data-start=\"1717\" data-end=\"1748\">Producci\u00f3n sostenible y \u00e9tica<\/p>\n<\/li>\n<li data-start=\"1749\" data-end=\"1786\">\n<p data-start=\"1751\" data-end=\"1786\">C\u00f3modo y f\u00e1cil de usar durante todo el d\u00eda.<\/p>\n<\/li>\n<\/ul>","protected":false},"excerpt":{"rendered":"<p data-start=\"92\" data-end=\"196\">Este c\u00e1rdigan de felpa hecho a mano ofrece comodidad y elegancia en invierno con sus patrones geom\u00e9tricos y textura suave.<\/p>","protected":false},"featured_media":28140,"comment_status":"open","ping_status":"closed","template":"","meta":[],"product_brand":[691],"product_cat":[688],"product_tag":[774,954,924,748,952,769,765,763,951,759,955,762,753,953],"class_list":{"0":"post-27668","1":"product","2":"type-product","3":"status-publish","4":"has-post-thumbnail","6":"product_brand-tuffhandicraft","7":"product_cat-hirka","8":"product_tag-dogal-iplik-hirka","9":"product_tag-el-orgusu-dis-giyim","10":"product_tag-el-orgusu-hirka","11":"product_tag-el-yapimi-hirka","12":"product_tag-geometrik-desenli-hirka","13":"product_tag-hediye-fikirleri","14":"product_tag-kislik-hirka","15":"product_tag-ozgun-tasarim","16":"product_tag-pelus-hirka","17":"product_tag-rahat-hirka","18":"product_tag-sicak-tutan-hirka","19":"product_tag-surdurulebilir-moda","20":"product_tag-yavas-moda","21":"product_tag-yumusak-hirka","23":"first","24":"instock","25":"taxable","26":"shipping-taxable","27":"purchasable","28":"product-type-variable"},"_links":{"self":[{"href":"https:\/\/tuffhandicraft.com\/es\/wp-json\/wp\/v2\/product\/27668","targetHints":{"allow":["GET"]}}],"collection":[{"href":"https:\/\/tuffhandicraft.com\/es\/wp-json\/wp\/v2\/product"}],"about":[{"href":"https:\/\/tuffhandicraft.com\/es\/wp-json\/wp\/v2\/types\/product"}],"replies":[{"embeddable":true,"href":"https:\/\/tuffhandicraft.com\/es\/wp-json\/wp\/v2\/comments?post=27668"}],"version-history":[{"count":0,"href":"https:\/\/tuffhandicraft.com\/es\/wp-json\/wp\/v2\/product\/27668\/revisions"}],"wp:featuredmedia":[{"embeddable":true,"href":"https:\/\/tuffhandicraft.com\/es\/wp-json\/wp\/v2\/media\/28140"}],"wp:attachment":[{"href":"https:\/\/tuffhandicraft.com\/es\/wp-json\/wp\/v2\/media?parent=27668"}],"wp:term":[{"taxonomy":"product_brand","embeddable":true,"href":"https:\/\/tuffhandicraft.com\/es\/wp-json\/wp\/v2\/product_brand?post=27668"},{"taxonomy":"product_cat","embeddable":true,"href":"https:\/\/tuffhandicraft.com\/es\/wp-json\/wp\/v2\/product_cat?post=27668"},{"taxonomy":"product_tag","embeddable":true,"href":"https:\/\/tuffhandicraft.com\/es\/wp-json\/wp\/v2\/product_tag?post=27668"}],"curies":[{"name":"wp","href":"https:\/\/api.w.org\/{rel}","templated":true}]}}