{"id":27671,"date":"2025-05-11T00:24:56","date_gmt":"2025-05-10T21:24:56","guid":{"rendered":"https:\/\/tasarim.yusufkecici.com.tr\/urun\/crochet-long-sleeve-cardigan-handmade-crochet-top-front-tie-long-cardigan-boho-handmade-cardigan-granny-square-woman-top-gift-for-her\/"},"modified":"2025-08-10T15:59:16","modified_gmt":"2025-08-10T12:59:16","slug":"granny-motif-el-orgusu-hirka","status":"publish","type":"product","link":"https:\/\/tuffhandicraft.com\/es\/magaza\/hirka\/granny-motif-el-orgusu-hirka\/","title":{"rendered":"C\u00e1rdigan tejido a mano con motivo de abuela: mangas largas, colorido y \u00fanico"},"content":{"rendered":"<h3 data-start=\"201\" data-end=\"272\">\ud83e\uddf6 <strong data-start=\"208\" data-end=\"270\">C\u00e1rdigan tejido a mano con motivo de abuela: mangas largas, colorido y \u00fanico<\/strong><\/h3>\n<p data-start=\"274\" data-end=\"561\">Cada uno est\u00e1 cuidadosamente dise\u00f1ado con motivos de abuelita tejidos a mano. <a href=\"https:\/\/tuffhandicraft.com\/es\/producto\/3d-cicekli-motif-hirka\/\"><strong data-start=\"336\" data-end=\"366\">c\u00e1rdigan de manga larga tejido a mano<\/strong><\/a>Dise\u00f1ado para quienes buscan a\u00f1adir un toque nost\u00e1lgico y moderno a su estilo. Con su colorida estructura y suave textura, no tendr\u00e1s que renunciar al estilo y a la calidez en las estaciones m\u00e1s fr\u00edas.<\/p>\n<p data-start=\"563\" data-end=\"678\">Esta pieza, una combinaci\u00f3n \u00fanica de estilo boho y retro, es una elecci\u00f3n atemporal que marcar\u00e1 la diferencia en tu armario.<\/p>\n<hr data-start=\"680\" data-end=\"683\" \/>\n<h3 data-start=\"685\" data-end=\"713\">\ud83e\uddf5 <strong data-start=\"692\" data-end=\"711\">Informaci\u00f3n del material<\/strong><img loading=\"lazy\" decoding=\"async\" class=\"wd-lazy-fade size-full wp-image-28000 alignright\" style=\"color: #333333; font-size: 16px;\" src=\"https:\/\/tuffhandicraft.com\/wp-content\/themes\/woodmart\/images\/lazy.svg\" data-src=\"https:\/\/tuffhandicraft.com\/wp-content\/uploads\/2021\/08\/footer-logo-1.png\" alt=\"Granny Motifli El \u00d6rg\u00fcs\u00fc H\u0131rka\" width=\"220\" height=\"40\" title=\"\" srcset=\"\" data-srcset=\"https:\/\/tuffhandicraft.com\/wp-content\/uploads\/2021\/08\/footer-logo-1.png 220w, https:\/\/tuffhandicraft.com\/wp-content\/uploads\/2021\/08\/footer-logo-1-150x27.png 150w\" sizes=\"auto, (max-width: 220px) 100vw, 220px\" \/><\/h3>\n<p data-start=\"714\" data-end=\"927\">Este c\u00e1rdigan est\u00e1 tejido \u00edntegramente a mano con hilos suaves mezclados con fibras naturales. Su confecci\u00f3n transpirable y agradable para la piel garantiza comodidad durante todo el d\u00eda. Al no contener mezclas sint\u00e9ticas, es una opci\u00f3n suave tanto para la naturaleza como para tu piel.<\/p>\n<hr data-start=\"929\" data-end=\"932\" \/>\n<h3 data-start=\"934\" data-end=\"971\">\u2744\ufe0f <strong data-start=\"941\" data-end=\"969\">\u00c1rea de uso y confort<\/strong><\/h3>\n<ul data-start=\"972\" data-end=\"1236\">\n<li data-start=\"972\" data-end=\"1013\">\n<p data-start=\"974\" data-end=\"1013\">Mantiene el calor en oto\u00f1o e invierno.<\/p>\n<\/li>\n<li data-start=\"1014\" data-end=\"1061\">\n<p data-start=\"1016\" data-end=\"1061\">Se adapta f\u00e1cilmente al estilo urbano diario.<\/p>\n<\/li>\n<li data-start=\"1062\" data-end=\"1129\">\n<p data-start=\"1064\" data-end=\"1129\">Se puede utilizar en la oficina, en la moda urbana o en combinaciones de fin de semana.<\/p>\n<\/li>\n<li data-start=\"1130\" data-end=\"1182\">\n<p data-start=\"1132\" data-end=\"1182\">El corte ligeramente oversize ofrece libertad de movimiento.<\/p>\n<\/li>\n<li data-start=\"1183\" data-end=\"1236\">\n<p data-start=\"1185\" data-end=\"1236\">Gracias a su estructura suave no crea sensaci\u00f3n de incomodidad.<\/p>\n<\/li>\n<\/ul>\n<hr data-start=\"1238\" data-end=\"1241\" \/>\n<h3 data-start=\"1243\" data-end=\"1268\">\ud83c\udfa8 <strong data-start=\"1250\" data-end=\"1266\">Sugerencia de estilo<\/strong><\/h3>\n<p data-start=\"1269\" data-end=\"1509\">Sus coloridos motivos, inspirados en la abuela, animan al instante incluso conjuntos sencillos. Combinan a la perfecci\u00f3n con vaqueros, camisetas b\u00e1sicas, vestidos largos o minifaldas. Combinan especialmente bien con joyas bohemias, botas y bolsos vintage.<\/p>\n<p data-start=\"1269\" data-end=\"1509\">Para conocer otros modelos que puedan adaptarse a su estilo y m\u00e1s, visite Tuff\u00a0<a href=\"https:\/\/www.pinterest.com\/TuffHandicraft01\/\" target=\"_blank\" rel=\"noopener\">Pinterest<\/a>\u00a0Visita el mundo de.<\/p>\n<hr data-start=\"1511\" data-end=\"1514\" \/>\n<h3 data-start=\"1516\" data-end=\"1562\">\u267b\ufe0f <strong data-start=\"1523\" data-end=\"1560\">Elecci\u00f3n artesanal y sostenible<\/strong><\/h3>\n<p data-start=\"1563\" data-end=\"1767\">Es una pieza atemporal, dise\u00f1ada para contrarrestar el acelerado ciclo de consumo, respetuosa con la naturaleza y elaborada \u00e9ticamente con un enfoque en la moda lenta. Al estar tejida a mano, cada pieza es \u00fanica y presenta sutiles diferencias.<\/p>\n<hr data-start=\"1769\" data-end=\"1772\" \/>\n<h3 data-start=\"1774\" data-end=\"1804\">\ud83e\uddfc <strong data-start=\"1781\" data-end=\"1802\">Instrucciones de cuidado<\/strong><\/h3>\n<p data-start=\"1805\" data-end=\"1970\">Para conservar la forma y la textura del producto durante m\u00e1s tiempo, l\u00e1velo a mano con agua fr\u00eda. No se recomienda lavarlo ni escurrirlo a m\u00e1quina. Para secarlo, exti\u00e9ndalo sobre una superficie plana.<\/p>\n<hr data-start=\"1972\" data-end=\"1975\" \/>\n<h3 data-start=\"1977\" data-end=\"2050\">\u2728 <strong data-start=\"1983\" data-end=\"2048\">\u00bfPor qu\u00e9 deber\u00edas elegir este c\u00e1rdigan tejido a mano con motivo de abuela?<\/strong><\/h3>\n<ul data-start=\"2051\" data-end=\"2310\">\n<li data-start=\"2051\" data-end=\"2069\">\n<p data-start=\"2053\" data-end=\"2069\">%100 el yap\u0131m\u0131<\/p>\n<\/li>\n<li data-start=\"2070\" data-end=\"2114\">\n<p data-start=\"2072\" data-end=\"2114\">Dise\u00f1o original con coloridos motivos de abuela.<\/p>\n<\/li>\n<li data-start=\"2115\" data-end=\"2154\">\n<p data-start=\"2117\" data-end=\"2154\">Fabricado con hilo natural y agradable para la piel.<\/p>\n<\/li>\n<li data-start=\"2155\" data-end=\"2189\">\n<p data-start=\"2157\" data-end=\"2189\">Mangas largas y estructura c\u00e1lida.<\/p>\n<\/li>\n<li data-start=\"2190\" data-end=\"2232\">\n<p data-start=\"2192\" data-end=\"2232\">Pieza complementaria en estilo boho y retro<\/p>\n<\/li>\n<li data-start=\"2233\" data-end=\"2280\">\n<p data-start=\"2235\" data-end=\"2280\">Sostenible, en l\u00ednea con el concepto slow fashion<\/p>\n<\/li>\n<li data-start=\"2281\" data-end=\"2310\">\n<p data-start=\"2283\" data-end=\"2310\">C\u00f3modo, ligero y elegante.<\/p>\n<\/li>\n<\/ul>\n<hr data-start=\"2312\" data-end=\"2315\" \/>\n<p data-start=\"2317\" data-end=\"2422\" data-is-last-node=\"\" data-is-only-node=\"\">","protected":false},"excerpt":{"rendered":"<p>Este c\u00e1rdigan colorido de manga larga, tejido con motivos de abuelita hechos a mano, a\u00f1ade originalidad a tu estilo a la vez que te mantiene abrigado en los d\u00edas fr\u00edos.<\/p>","protected":false},"featured_media":28126,"comment_status":"open","ping_status":"closed","template":"","meta":[],"product_brand":[691],"product_cat":[688],"product_tag":[928,937,924,927,932,923,936,934,769,933,935,926,929,802,925,930,931,753],"class_list":{"0":"post-27671","1":"product","2":"type-product","3":"status-publish","4":"has-post-thumbnail","6":"product_brand-tuffhandicraft","7":"product_cat-hirka","8":"product_tag-boho-stil-hirka","9":"product_tag-buyukanne-motif","10":"product_tag-el-orgusu-hirka","11":"product_tag-el-yapimi-kadin-hirka","12":"product_tag-etnik-desenli-hirka","13":"product_tag-granny-motifli-hirka","14":"product_tag-granny-square","15":"product_tag-handmade-hirka","16":"product_tag-hediye-fikirleri","17":"product_tag-orgu-boho-ceket","18":"product_tag-orgu-dis-giyim","19":"product_tag-renkli-orgu-hirka","20":"product_tag-retro-orgu-hirka","21":"product_tag-surdurulebilir-giyim","22":"product_tag-tig-isi-uzun-hirka","23":"product_tag-uzun-kollu-tig-isi","24":"product_tag-vintage-stil-hirka","25":"product_tag-yavas-moda","27":"first","28":"instock","29":"taxable","30":"shipping-taxable","31":"purchasable","32":"product-type-variable"},"_links":{"self":[{"href":"https:\/\/tuffhandicraft.com\/es\/wp-json\/wp\/v2\/product\/27671","targetHints":{"allow":["GET"]}}],"collection":[{"href":"https:\/\/tuffhandicraft.com\/es\/wp-json\/wp\/v2\/product"}],"about":[{"href":"https:\/\/tuffhandicraft.com\/es\/wp-json\/wp\/v2\/types\/product"}],"replies":[{"embeddable":true,"href":"https:\/\/tuffhandicraft.com\/es\/wp-json\/wp\/v2\/comments?post=27671"}],"version-history":[{"count":0,"href":"https:\/\/tuffhandicraft.com\/es\/wp-json\/wp\/v2\/product\/27671\/revisions"}],"wp:featuredmedia":[{"embeddable":true,"href":"https:\/\/tuffhandicraft.com\/es\/wp-json\/wp\/v2\/media\/28126"}],"wp:attachment":[{"href":"https:\/\/tuffhandicraft.com\/es\/wp-json\/wp\/v2\/media?parent=27671"}],"wp:term":[{"taxonomy":"product_brand","embeddable":true,"href":"https:\/\/tuffhandicraft.com\/es\/wp-json\/wp\/v2\/product_brand?post=27671"},{"taxonomy":"product_cat","embeddable":true,"href":"https:\/\/tuffhandicraft.com\/es\/wp-json\/wp\/v2\/product_cat?post=27671"},{"taxonomy":"product_tag","embeddable":true,"href":"https:\/\/tuffhandicraft.com\/es\/wp-json\/wp\/v2\/product_tag?post=27671"}],"curies":[{"name":"wp","href":"https:\/\/api.w.org\/{rel}","templated":true}]}}