{"id":27684,"date":"2025-05-11T00:25:08","date_gmt":"2025-05-10T21:25:08","guid":{"rendered":"https:\/\/tasarim.yusufkecici.com.tr\/urun\/paper-string-knitted-bag-eco-friendly-compartment-hand-knitted-tan-bag-summer-beach-daily-tote-paper-string-tote-bag-straw-bag\/"},"modified":"2025-08-21T17:34:57","modified_gmt":"2025-08-21T14:34:57","slug":"doga-dostu-kagit-ip-canta","status":"publish","type":"product","link":"https:\/\/tuffhandicraft.com\/es\/magaza\/canta\/omuz-cantasi\/doga-dostu-kagit-ip-canta\/","title":{"rendered":"Do\u011fa Dostu Ka\u011f\u0131t \u0130p \u00c7anta | %90 Su Tasarrufu"},"content":{"rendered":"<h3 data-start=\"277\" data-end=\"354\">\ud83d\udc5c <strong data-start=\"284\" data-end=\"352\">Bolsa de papel ecol\u00f3gica hecha a mano, forrada, ligera y con compartimentos.<\/strong><\/h3>\n<p data-start=\"355\" data-end=\"725\">Elegancia sostenible que destaca por su ligereza<br data-start=\"402\" data-end=\"405\" \/>Esto est\u00e1 hecho a mano. <strong data-start=\"418\" data-end=\"447\">bolsa de cuerda de papel ecol\u00f3gica<\/strong>Fabricado con materiales reciclables, es un accesorio especial que combina ligereza y elegancia. Es una pieza funcional y est\u00e9ticamente agradable que podr\u00e1s usar c\u00f3modamente tanto en la ciudad como de vacaciones durante los meses de verano. Sus compartimentos interiores y su dise\u00f1o forrado garantizan su facilidad de uso.<\/p>\n<hr data-start=\"727\" data-end=\"730\" \/>\n<h3 data-start=\"732\" data-end=\"760\">\ud83e\uddf5 <strong data-start=\"739\" data-end=\"758\">Informaci\u00f3n del material<\/strong><img loading=\"lazy\" decoding=\"async\" class=\"wd-lazy-fade size-full wp-image-28000 alignright\" style=\"color: #333333; font-size: 16px;\" src=\"https:\/\/tuffhandicraft.com\/wp-content\/themes\/woodmart\/images\/lazy.svg\" data-src=\"https:\/\/tuffhandicraft.com\/wp-content\/uploads\/2021\/08\/footer-logo-1.png\" alt=\"Do\u011fa Dostu Ka\u011f\u0131t \u0130p \u00c7anta\" width=\"220\" height=\"40\" title=\"\" srcset=\"\" data-srcset=\"https:\/\/tuffhandicraft.com\/wp-content\/uploads\/2021\/08\/footer-logo-1.png 220w, https:\/\/tuffhandicraft.com\/wp-content\/uploads\/2021\/08\/footer-logo-1-150x27.png 150w\" sizes=\"auto, (max-width: 220px) 100vw, 220px\" \/><\/h3>\n<p data-start=\"761\" data-end=\"963\">La bolsa es duradera y <a href=\"https:\/\/tuffhandicraft.com\/es\/producto\/buzgulu-kagit-ipten-omuz-cantasi\/\">natural <strong data-start=\"787\" data-end=\"799\">cuerda de papel<\/strong><\/a> ile \u00f6r\u00fclm\u00fc\u015ft\u00fcr. Astar\u0131nda pamuklu kuma\u015f tercih edilmi\u015ftir. %100 el yap\u0131m\u0131d\u0131r. Hafif, \u00e7evre dostu ve vegan bir alternatiftir. \u00dcretimde sentetik malzeme kullan\u0131lmaz.<\/p>\n<hr data-start=\"965\" data-end=\"968\" \/>\n<h3 data-start=\"970\" data-end=\"1007\">\ud83d\udc5c <strong data-start=\"977\" data-end=\"1005\">\u00c1rea de uso y confort<\/strong><\/h3>\n<p data-start=\"1008\" data-end=\"1256\">Ideal para el d\u00eda a d\u00eda, paseos por la ciudad, ir al mercado, la playa y picnics. Gracias a su forro y estructura compartimentada, podr\u00e1s llevar c\u00f3modamente tus objetos personales como el tel\u00e9fono, las llaves y la cartera. Es ideal para llevar al hombro o en la mano.<\/p>\n<hr data-start=\"1258\" data-end=\"1261\" \/>\n<h3 data-start=\"1263\" data-end=\"1288\">\ud83c\udfa8 <strong data-start=\"1270\" data-end=\"1286\">Sugerencia de estilo<\/strong><\/h3>\n<p data-start=\"1289\" data-end=\"1465\">Camisas, sandalias, vestidos o monos de verano de lino realzar\u00e1n tu estilo natural. Son el complemento perfecto para conjuntos bohemios, minimalistas y con tem\u00e1tica natural.<\/p>\n<p data-start=\"1289\" data-end=\"1465\">Para conocer otros modelos que puedan adaptarse a su estilo y m\u00e1s, visite Tuff\u00a0<a href=\"https:\/\/www.pinterest.com\/TuffHandicraft01\/\" target=\"_blank\" rel=\"noopener\">Pinterest<\/a>\u00a0Visita el mundo de.<\/p>\n<hr data-start=\"1467\" data-end=\"1470\" \/>\n<h3 data-start=\"1472\" data-end=\"1516\">\u267b\ufe0f <strong data-start=\"1479\" data-end=\"1514\">Moda artesanal y sostenible<\/strong><\/h3>\n<p><em>Este producto ahorr\u00f3 suficiente agua para 1000 familias. Porque la sostenibilidad no es una moda, es una responsabilidad.<\/em><\/p>\n<p data-start=\"1603\" data-end=\"1903\">Esta bolsa, <strong data-start=\"1613\" data-end=\"1698\">Es una pieza atemporal que se produce a contracorriente del ciclo de consumo r\u00e1pido y respeta la naturaleza.<\/strong> Cada bolso se elabora meticulosamente a mano. Se prioriza la producci\u00f3n \u00e9tica y responsable sobre la producci\u00f3n en masa. Con este producto, no solo tendr\u00e1s un bolso elegante, sino tambi\u00e9n un salvavidas.<\/p>\n<hr data-start=\"1771\" data-end=\"1774\" \/>\n<h3 data-start=\"1776\" data-end=\"1806\">\ud83e\uddfc <strong data-start=\"1783\" data-end=\"1804\">Instrucciones de cuidado<\/strong><\/h3>\n<p data-start=\"1807\" data-end=\"1982\">Al estar hecho de hilo de papel, no se recomienda lavarlo directamente. Debe limpiarse con un pa\u00f1o ligeramente h\u00famedo. Gu\u00e1rdelo en un lugar fresco y seco. Su forro facilita la limpieza del interior.<\/p>\n<hr data-start=\"1984\" data-end=\"1987\" \/>\n<h3 data-start=\"1989\" data-end=\"2057\">\u2728 <strong data-start=\"1995\" data-end=\"2055\">\u00bfPor qu\u00e9 elegir esta bolsa de papel con cord\u00f3n ecol\u00f3gica?<\/strong><\/h3>\n<ul data-start=\"2058\" data-end=\"2321\">\n<li data-start=\"2058\" data-end=\"2093\">\n<p data-start=\"2060\" data-end=\"2093\">%100 el yap\u0131m\u0131 ve \u00f6zg\u00fcn tasar\u0131m<\/p>\n<\/li>\n<li data-start=\"2094\" data-end=\"2139\">\n<p data-start=\"2096\" data-end=\"2139\">Tejido con hilo de papel reciclable<\/p>\n<\/li>\n<li data-start=\"2140\" data-end=\"2181\">\n<p data-start=\"2142\" data-end=\"2181\">Funcional con forro y compartimentos interiores.<\/p>\n<\/li>\n<li data-start=\"2182\" data-end=\"2213\">\n<p data-start=\"2184\" data-end=\"2213\">Ligero, ecol\u00f3gico y vegano.<\/p>\n<\/li>\n<li data-start=\"2214\" data-end=\"2250\">\n<p data-start=\"2216\" data-end=\"2250\">Look natural adecuado para los meses de verano.<\/p>\n<\/li>\n<li data-start=\"2251\" data-end=\"2284\">\n<p data-start=\"2253\" data-end=\"2284\">Producci\u00f3n sostenible y \u00e9tica<\/p>\n<\/li>\n<li data-start=\"2285\" data-end=\"2321\">\n<p data-start=\"2287\" data-end=\"2321\">Ofrece elegancia sin da\u00f1ar la naturaleza.<\/p>\n<\/li>\n<\/ul>\n<hr data-start=\"2323\" data-end=\"2326\" \/>\n<p data-start=\"2328\" data-end=\"2436\" data-is-last-node=\"\" data-is-only-node=\"\">","protected":false},"excerpt":{"rendered":"<p>El bolso de cuerda de papel hecho a mano es un accesorio de verano elegante y ecol\u00f3gico con su estructura forrada, compartimentada y ligera.<\/p>","protected":false},"featured_media":27770,"comment_status":"open","ping_status":"closed","template":"","meta":[],"product_brand":[691],"product_cat":[686,724],"product_tag":[814,820,823,811,821,819,812,822,824,815,769,825,810,813,817,762,826,818,816],"class_list":{"0":"post-27684","1":"product","2":"type-product","3":"status-publish","4":"has-post-thumbnail","6":"product_brand-tuffhandicraft","7":"product_cat-canta","8":"product_cat-omuz-cantasi","9":"product_tag-astarli-canta","10":"product_tag-boho-canta","11":"product_tag-bolmeli-canta","12":"product_tag-doga-dostu-canta","13":"product_tag-dogal-malzeme-canta","14":"product_tag-el-orgusu-canta","15":"product_tag-el-yapimi-canta","16":"product_tag-geri-donusturulebilir-canta","17":"product_tag-gunluk-kullanim-cantasi","18":"product_tag-hafif-canta","19":"product_tag-hediye-fikirleri","20":"product_tag-kadin-cantasi","21":"product_tag-kagit-ip-canta","22":"product_tag-orgu-canta","23":"product_tag-surdurulebilir-canta","24":"product_tag-surdurulebilir-moda","25":"product_tag-unisex-canta","26":"product_tag-vegan-canta","27":"product_tag-yazlik-canta","29":"first","30":"instock","31":"sale","32":"taxable","33":"shipping-taxable","34":"purchasable","35":"product-type-simple"},"_links":{"self":[{"href":"https:\/\/tuffhandicraft.com\/es\/wp-json\/wp\/v2\/product\/27684","targetHints":{"allow":["GET"]}}],"collection":[{"href":"https:\/\/tuffhandicraft.com\/es\/wp-json\/wp\/v2\/product"}],"about":[{"href":"https:\/\/tuffhandicraft.com\/es\/wp-json\/wp\/v2\/types\/product"}],"replies":[{"embeddable":true,"href":"https:\/\/tuffhandicraft.com\/es\/wp-json\/wp\/v2\/comments?post=27684"}],"version-history":[{"count":1,"href":"https:\/\/tuffhandicraft.com\/es\/wp-json\/wp\/v2\/product\/27684\/revisions"}],"predecessor-version":[{"id":30271,"href":"https:\/\/tuffhandicraft.com\/es\/wp-json\/wp\/v2\/product\/27684\/revisions\/30271"}],"wp:featuredmedia":[{"embeddable":true,"href":"https:\/\/tuffhandicraft.com\/es\/wp-json\/wp\/v2\/media\/27770"}],"wp:attachment":[{"href":"https:\/\/tuffhandicraft.com\/es\/wp-json\/wp\/v2\/media?parent=27684"}],"wp:term":[{"taxonomy":"product_brand","embeddable":true,"href":"https:\/\/tuffhandicraft.com\/es\/wp-json\/wp\/v2\/product_brand?post=27684"},{"taxonomy":"product_cat","embeddable":true,"href":"https:\/\/tuffhandicraft.com\/es\/wp-json\/wp\/v2\/product_cat?post=27684"},{"taxonomy":"product_tag","embeddable":true,"href":"https:\/\/tuffhandicraft.com\/es\/wp-json\/wp\/v2\/product_tag?post=27684"}],"curies":[{"name":"wp","href":"https:\/\/api.w.org\/{rel}","templated":true}]}}