{"id":27686,"date":"2025-05-11T00:25:10","date_gmt":"2025-05-10T21:25:10","guid":{"rendered":"https:\/\/tasarim.yusufkecici.com.tr\/urun\/crochet-granny-sweater-vest-hand-knit-women-sweater-boho-crochet-sweater-cute-patchwork-knit-vest-multicolored-square-sweater\/"},"modified":"2025-08-10T15:58:11","modified_gmt":"2025-08-10T12:58:11","slug":"granny-motifli-orgu-suveter","status":"publish","type":"product","link":"https:\/\/tuffhandicraft.com\/es\/magaza\/suveter\/granny-motifli-orgu-suveter\/","title":{"rendered":"Su\u00e9ter de punto con motivo de abuela | % 100% hecho a mano"},"content":{"rendered":"<h3 data-start=\"136\" data-end=\"215\">\ud83e\uddf6 <strong data-start=\"143\" data-end=\"213\">Su\u00e9ter de punto con motivo de abuelita % 100% hecho a mano \u2013 Colorido, de temporada<\/strong><\/h3>\n<p data-start=\"216\" data-end=\"554\">Elegancia hecha a mano con motivos retro<br data-start=\"251\" data-end=\"254\" \/>Este su\u00e9ter de punto con motivo de abuela ofrece una versi\u00f3n moderna de los nost\u00e1lgicos patrones de crochet. Su dise\u00f1o artesanal hace que cada prenda sea especial y \u00fanica. Sus colores vibrantes y su corte holgado lo hacen elegante y c\u00f3modo en cualquier temporada. Su dise\u00f1o unisex lo hace ideal para todos los estilos y tallas.<\/p>\n<hr data-start=\"556\" data-end=\"559\" \/>\n<h3 data-start=\"561\" data-end=\"589\">\ud83e\uddf5 <strong data-start=\"568\" data-end=\"587\">Informaci\u00f3n del material<\/strong><\/h3>\n<p data-start=\"590\" data-end=\"800\">Su\u00e9ter, <a href=\"https:\/\/tuffhandicraft.com\/es\/producto\/kirmizi-kalpli-balaklava\/\">%100 pamuk<\/a> Est\u00e1 tejido a mano con hilos de alta calidad mezclados con algod\u00f3n. Su estructura transpirable y agradable para la piel garantiza comodidad durante todo el d\u00eda. Sin sint\u00e9ticos, es una opci\u00f3n sostenible y saludable.<\/p>\n<hr data-start=\"802\" data-end=\"805\" \/>\n<h3 data-start=\"807\" data-end=\"844\">\ud83d\udc52 <strong data-start=\"814\" data-end=\"842\">\u00c1rea de uso y confort<\/strong><img loading=\"lazy\" decoding=\"async\" class=\"wd-lazy-fade size-full wp-image-28000 alignright\" style=\"color: #333333; font-size: 16px;\" src=\"https:\/\/tuffhandicraft.com\/wp-content\/themes\/woodmart\/images\/lazy.svg\" data-src=\"https:\/\/tuffhandicraft.com\/wp-content\/uploads\/2021\/08\/footer-logo-1.png\" alt=\"Granny Motifli \u00d6rg\u00fc S\u00fcveter\" width=\"220\" height=\"40\" title=\"\" srcset=\"\" data-srcset=\"https:\/\/tuffhandicraft.com\/wp-content\/uploads\/2021\/08\/footer-logo-1.png 220w, https:\/\/tuffhandicraft.com\/wp-content\/uploads\/2021\/08\/footer-logo-1-150x27.png 150w\" sizes=\"auto, (max-width: 220px) 100vw, 220px\" \/><\/h3>\n<p data-start=\"845\" data-end=\"1075\">Crea un look a capas us\u00e1ndolo sobre una camiseta o camisa fina. Su dise\u00f1o ligero lo convierte en una opci\u00f3n ideal para primavera, verano y oto\u00f1o. Su corte holgado y ce\u00f1ido permite libertad de movimiento.<\/p>\n<hr data-start=\"1077\" data-end=\"1080\" \/>\n<h3 data-start=\"1082\" data-end=\"1107\">\ud83c\udfa8 <strong data-start=\"1089\" data-end=\"1105\">Sugerencia de estilo<\/strong><\/h3>\n<p data-start=\"1108\" data-end=\"1313\">Comb\u00ednalo con pantalones de cintura alta, faldas holgadas o vaqueros holgados para un look retro y bohemio. Su textura colorida lo convierte en la estrella de conjuntos sencillos. Perfecto para quienes aman el estilo vintage.<\/p>\n<p data-start=\"1162\" data-end=\"1390\">Para conocer otros modelos que puedan adaptarse a su estilo y m\u00e1s, visite Tuff\u00a0<a href=\"https:\/\/www.pinterest.com\/TuffHandicraft01\/\" target=\"_blank\" rel=\"noopener\">Pinterest<\/a>\u00a0Visita el mundo de.<\/p>\n<hr data-start=\"1315\" data-end=\"1318\" \/>\n<h3 data-start=\"1320\" data-end=\"1364\">\u267b\ufe0f <strong data-start=\"1327\" data-end=\"1362\">Moda artesanal y sostenible<\/strong><\/h3>\n<p data-start=\"1365\" data-end=\"1588\">Cada su\u00e9ter se fabrica a mano siguiendo los principios de la moda sostenible. No se produce en masa, sino de forma \u00e9tica y consciente. Con tu compra, apoyas el trabajo de las mujeres y una vida sostenible.<\/p>\n<hr data-start=\"1590\" data-end=\"1593\" \/>\n<h3 data-start=\"1595\" data-end=\"1625\">\ud83e\uddfc <strong data-start=\"1602\" data-end=\"1623\">Instrucciones de cuidado<\/strong><\/h3>\n<p data-start=\"1626\" data-end=\"1797\">Lavar a mano con agua fr\u00eda. No usar lej\u00eda. Secar en superficie plana. No se recomienda lavar ni escurrir a m\u00e1quina. Se requiere un cuidado especial para conservar su textura natural.<\/p>\n<hr data-start=\"1799\" data-end=\"1802\" \/>\n<h3 data-start=\"1804\" data-end=\"1866\">\u2728 <strong data-start=\"1810\" data-end=\"1864\">\u00bfPor qu\u00e9 elegir un su\u00e9ter de punto con motivo de abuela?<\/strong><\/h3>\n<ul data-start=\"1867\" data-end=\"2118\">\n<li data-start=\"1867\" data-end=\"1906\">\n<p data-start=\"1869\" data-end=\"1906\">%100 el yap\u0131m\u0131 granny motif tasar\u0131m<\/p>\n<\/li>\n<li data-start=\"1907\" data-end=\"1945\">\n<p data-start=\"1909\" data-end=\"1945\">Combinaci\u00f3n de colores vibrantes y en\u00e9rgica<\/p>\n<\/li>\n<li data-start=\"1946\" data-end=\"1985\">\n<p data-start=\"1948\" data-end=\"1985\">Estructura ligera adecuada para transiciones estacionales.<\/p>\n<\/li>\n<li data-start=\"1986\" data-end=\"2017\">\n<p data-start=\"1988\" data-end=\"2017\">Ajuste unisex y corte c\u00f3modo.<\/p>\n<\/li>\n<li data-start=\"2018\" data-end=\"2050\">\n<p data-start=\"2020\" data-end=\"2050\">Enfoque de moda sostenible<\/p>\n<\/li>\n<li data-start=\"2051\" data-end=\"2082\">\n<p data-start=\"2053\" data-end=\"2082\">Producci\u00f3n \u00e9tica con trabajo de mujeres<\/p>\n<\/li>\n<li data-start=\"2083\" data-end=\"2118\">\n<p data-start=\"2085\" data-end=\"2118\">Uso de hilo sano y natural<\/p>\n<\/li>\n<\/ul>","protected":false},"excerpt":{"rendered":"<p>Este su\u00e9ter de punto con motivo de abuela, hecho a mano, combina elegancia y comodidad en cualquier estaci\u00f3n con sus vibrantes colores y corte holgado. Es un dise\u00f1o unisex y sostenible.<\/p>","protected":false},"featured_media":28924,"comment_status":"open","ping_status":"closed","template":"","meta":[],"product_brand":[691],"product_cat":[702],"product_tag":[800,805,787,795,809,786,793,806,804,769,808,801,796,807,797,799,802,794,798,803,753],"class_list":{"0":"post-27686","1":"product","2":"type-product","3":"status-publish","4":"has-post-thumbnail","6":"product_brand-tuffhandicraft","7":"product_cat-suveter","8":"product_tag-boho-suveter","9":"product_tag-crochet-sweater-vest","10":"product_tag-dogal-iplik","11":"product_tag-el-yapimi-suveter","12":"product_tag-erkek-suveter","13":"product_tag-festival-stili","14":"product_tag-granny-motifli-suveter","15":"product_tag-granny-square-orgu","16":"product_tag-handmade-vest","17":"product_tag-hediye-fikirleri","18":"product_tag-kadin-suveter","19":"product_tag-mevsimlik-suveter","20":"product_tag-orgu-suveter","21":"product_tag-oversize-suveter","22":"product_tag-renkli-suveter","23":"product_tag-retro-suveter","24":"product_tag-surdurulebilir-giyim","25":"product_tag-tig-isi-suveter","26":"product_tag-unisex-suveter","27":"product_tag-vintage-tarz","28":"product_tag-yavas-moda","30":"first","31":"instock","32":"taxable","33":"shipping-taxable","34":"purchasable","35":"product-type-variable"},"_links":{"self":[{"href":"https:\/\/tuffhandicraft.com\/es\/wp-json\/wp\/v2\/product\/27686","targetHints":{"allow":["GET"]}}],"collection":[{"href":"https:\/\/tuffhandicraft.com\/es\/wp-json\/wp\/v2\/product"}],"about":[{"href":"https:\/\/tuffhandicraft.com\/es\/wp-json\/wp\/v2\/types\/product"}],"replies":[{"embeddable":true,"href":"https:\/\/tuffhandicraft.com\/es\/wp-json\/wp\/v2\/comments?post=27686"}],"version-history":[{"count":0,"href":"https:\/\/tuffhandicraft.com\/es\/wp-json\/wp\/v2\/product\/27686\/revisions"}],"wp:featuredmedia":[{"embeddable":true,"href":"https:\/\/tuffhandicraft.com\/es\/wp-json\/wp\/v2\/media\/28924"}],"wp:attachment":[{"href":"https:\/\/tuffhandicraft.com\/es\/wp-json\/wp\/v2\/media?parent=27686"}],"wp:term":[{"taxonomy":"product_brand","embeddable":true,"href":"https:\/\/tuffhandicraft.com\/es\/wp-json\/wp\/v2\/product_brand?post=27686"},{"taxonomy":"product_cat","embeddable":true,"href":"https:\/\/tuffhandicraft.com\/es\/wp-json\/wp\/v2\/product_cat?post=27686"},{"taxonomy":"product_tag","embeddable":true,"href":"https:\/\/tuffhandicraft.com\/es\/wp-json\/wp\/v2\/product_tag?post=27686"}],"curies":[{"name":"wp","href":"https:\/\/api.w.org\/{rel}","templated":true}]}}