{"id":29992,"date":"2025-07-29T22:20:43","date_gmt":"2025-07-29T19:20:43","guid":{"rendered":"https:\/\/tuffhandicraft.com\/?post_type=product&#038;p=29992"},"modified":"2025-08-21T10:53:09","modified_gmt":"2025-08-21T07:53:09","slug":"etnik-patchwork-omuz-cantasi","status":"publish","type":"product","link":"https:\/\/tuffhandicraft.com\/es\/magaza\/canta\/omuz-cantasi\/etnik-patchwork-omuz-cantasi\/","title":{"rendered":"Etnik Patchwork Omuz \u00c7antas\u0131 &#8211; %100 \u0130leri D\u00f6n\u00fc\u015ft\u00fcr\u00fclm\u00fc\u015f"},"content":{"rendered":"<h1 data-section-id=\"s1fkjo\" data-start=\"282\" data-end=\"363\">Etnik Patchwork Omuz \u00c7antas\u0131 \u2013 El Yap\u0131m\u0131, \u0130leri D\u00f6n\u00fc\u015ft\u00fcr\u00fclm\u00fc\u015f ve Saten Kuma\u015ftan<\/h1>\n<h2 data-section-id=\"1qimxvi\" data-start=\"365\" data-end=\"430\">K\u00fclt\u00fcrel Dokunu\u015flarla Haz\u0131rlanm\u0131\u015f Etnik Patchwork Omuz \u00c7antas\u0131<\/h2>\n<p data-start=\"432\" data-end=\"807\"><strong data-start=\"432\" data-end=\"464\">Etnik patchwork omuz \u00e7antas\u0131<\/strong>, ileri d\u00f6n\u00fc\u015f\u00fcm tekni\u011fiyle yeniden hayat bulan kuma\u015flar\u0131n ve geleneksel Japon <em data-start=\"542\" data-end=\"548\">Boro<\/em> sanat\u0131n\u0131n e\u015fsiz bir birle\u015fimidir. Bu \u00e7anta, her biri farkl\u0131 hik\u00e2yelere sahip 18&#8217;den fazla kuma\u015f par\u00e7as\u0131n\u0131n bir araya getirilmesiyle olu\u015fturulmu\u015ftur. El i\u015f\u00e7ili\u011fiyle yap\u0131lan 20 farkl\u0131 nak\u0131\u015f tekni\u011fi sayesinde her detayda el eme\u011fi ve estetik ustal\u0131k g\u00f6ze \u00e7arpar.<\/p>\n<p data-start=\"809\" data-end=\"1050\">Yumu\u015fak pembe saten zemin, hem \u015f\u0131kl\u0131\u011f\u0131 hem de dokunsal bir zenginli\u011fi beraberinde getirir. Gerek g\u00fcnl\u00fck kombinlerde, gerekse \u00f6zel anlarda fark yaratmak isteyenler i\u00e7in bu omuz \u00e7antas\u0131 sadece bir aksesuar de\u011fil; bir ya\u015fam tarz\u0131n\u0131n sembol\u00fcd\u00fcr.<\/p>\n<h2 data-section-id=\"1niu48x\" data-start=\"1052\" data-end=\"1070\">Informaci\u00f3n del material<\/h2>\n<p data-start=\"1072\" data-end=\"1261\">Este <strong data-start=\"1075\" data-end=\"1117\">el yap\u0131m\u0131 etnik patchwork omuz \u00e7antas\u0131<\/strong> do\u011fa dostu ve s\u00fcrd\u00fcr\u00fclebilir malzemelerden \u00fcretilmi\u015ftir. Her par\u00e7a, ge\u00e7mi\u015ften gelen kuma\u015flar\u0131n yeniden de\u011ferlendirilmesiyle \u00f6zenle se\u00e7ilmi\u015ftir.<\/p>\n<ul data-start=\"1263\" data-end=\"1464\">\n<li data-start=\"1263\" data-end=\"1310\">\n<p data-start=\"1265\" data-end=\"1310\">18+ farkl\u0131 geri d\u00f6n\u00fc\u015ft\u00fcr\u00fclm\u00fc\u015f kuma\u015f par\u00e7as\u0131<\/p>\n<\/li>\n<li data-start=\"1311\" data-end=\"1342\">\n<p data-start=\"1313\" data-end=\"1342\">20 t\u00e9cnicas diferentes de bordado a mano<\/p>\n<\/li>\n<li data-start=\"1343\" data-end=\"1377\">\n<p data-start=\"1345\" data-end=\"1377\">\u0130\u00e7 y\u00fczeyde yumu\u015fak pamuk astar<\/p>\n<\/li>\n<li data-start=\"1378\" data-end=\"1407\">\n<p data-start=\"1380\" data-end=\"1407\">Dayan\u0131kl\u0131 fermuar sistemi<\/p>\n<\/li>\n<li data-start=\"1408\" data-end=\"1437\">\n<p data-start=\"1410\" data-end=\"1437\">Ayarlanabilir omuz ask\u0131s\u0131<\/p>\n<\/li>\n<li data-start=\"1438\" data-end=\"1464\">\n<p data-start=\"1440\" data-end=\"1464\">Hafif ama dayan\u0131kl\u0131 yap\u0131<\/p>\n<\/li>\n<\/ul>\n<h2 data-section-id=\"1osae1l\" data-start=\"1466\" data-end=\"1493\">\u00c1rea de uso y confort<\/h2>\n<p data-start=\"1495\" data-end=\"1800\">Bu etnik omuz \u00e7antas\u0131, g\u00fcndelik hayatta her ortamda rahat\u00e7a kullan\u0131labilir. Hafifli\u011fi sayesinde ta\u015f\u0131nmas\u0131 kolayd\u0131r, geni\u015f i\u00e7 hacmi ile c\u00fczdan, kitap, telefon ve k\u00fc\u00e7\u00fck elektronik cihazlar\u0131 g\u00fcvenle ta\u015f\u0131man\u0131za olanak tan\u0131r. \u0130ster seyahatte olun, ister \u015fehirde bir g\u00fcn ge\u00e7irin, bu \u00e7anta her durumda yan\u0131n\u0131zda.<\/p>\n<h2 data-section-id=\"dn3bvf\" data-start=\"1802\" data-end=\"1817\">Sugerencia de estilo<\/h2>\n<p data-start=\"1819\" data-end=\"2130\">Boho, etnik, vintage ya da do\u011fal tonlarla haz\u0131rlanm\u0131\u015f <a href=\"https:\/\/tuffhandicraft.com\/es\/magaza\/canta\/capraz-canta\/mini-capraz-canta\/\">minimalist<\/a> kombinlerle kolayl\u0131kla uyum sa\u011flar. \u00d6zellikle oversize ceketler, keten pantolonlar ve basic ti\u015f\u00f6rtlerle birlikte kullan\u0131ld\u0131\u011f\u0131nda \u00e7antan\u0131n benzersiz detaylar\u0131 \u00f6n plana \u00e7\u0131kar. Stil sahibi, \u00f6zg\u00fcn ve sade bir g\u00f6r\u00fcn\u00fcm i\u00e7in m\u00fckemmel bir tamamlay\u0131c\u0131d\u0131r.<\/p>\n<p data-start=\"2132\" data-end=\"2229\">Para conocer otros modelos que puedan adaptarse a su estilo y m\u00e1s, visite Tuff\u00a0<a href=\"https:\/\/www.pinterest.com\/TuffHandicraft01\/\" target=\"_blank\" rel=\"noopener\">Pinterest<\/a>\u00a0Visita el mundo de.<\/p>\n<h2 data-section-id=\"1hos1b\" data-start=\"2231\" data-end=\"2272\">\u00c9nfasis en lo artesanal y la sostenibilidad<\/h2>\n<p data-start=\"2274\" data-end=\"2601\">Her <strong data-start=\"2278\" data-end=\"2302\">patchwork omuz \u00e7anta<\/strong>, s\u0131f\u0131r at\u0131k ilkesine dayanan ileri d\u00f6n\u00fc\u015f\u00fcm anlay\u0131\u015f\u0131yla, tamamen elde \u00fcretilmi\u015ftir. Seri \u00fcretimin d\u0131\u015f\u0131nda duran bu \u00e7anta; \u00e7evreye duyarl\u0131, etik \u00fcretimi benimseyen bireyler i\u00e7in tasarlanm\u0131\u015ft\u0131r. Her biri benzersizdir; ayn\u0131 modelden bir tane daha \u00fcretilmez. Bu da sizin tarz\u0131n\u0131z\u0131 ger\u00e7ekten e\u015fsiz k\u0131lar.<\/p>\n<h2 data-section-id=\"1xxua8n\" data-start=\"2603\" data-end=\"2623\">Instrucciones de cuidado<\/h2>\n<p data-start=\"2625\" data-end=\"2690\">El yap\u0131m\u0131 \u00fcr\u00fcnlerin \u00f6mr\u00fcn\u00fc uzatmak i\u00e7in dikkatli bak\u0131m \u00f6nemlidir:<\/p>\n<ul data-start=\"2692\" data-end=\"2823\">\n<li data-start=\"2692\" data-end=\"2723\">\n<p data-start=\"2694\" data-end=\"2723\">El ile so\u011fuk suda y\u0131kay\u0131n\u0131z<\/p>\n<\/li>\n<li data-start=\"2724\" data-end=\"2750\">\n<p data-start=\"2726\" data-end=\"2750\">No usar lej\u00eda<\/p>\n<\/li>\n<li data-start=\"2751\" data-end=\"2785\">\n<p data-start=\"2753\" data-end=\"2785\">No utilice secadora.<\/p>\n<\/li>\n<li data-start=\"2786\" data-end=\"2823\">\n<p data-start=\"2788\" data-end=\"2823\">D\u00fcz zeminde, g\u00f6lgede kurutulmal\u0131d\u0131r<\/p>\n<\/li>\n<\/ul>\n<h2 data-section-id=\"124zzho\" data-start=\"2825\" data-end=\"2887\">Neden Bu Etnik Patchwork Omuz \u00c7antas\u0131n\u0131 Tercih Etmelisiniz?<\/h2>\n<p data-start=\"2889\" data-end=\"3304\">\u2705 \u201cEtnik patchwork omuz \u00e7antas\u0131\u201d arayanlar i\u00e7in benzersiz ve \u00f6zg\u00fcn bir model<br data-start=\"2965\" data-end=\"2968\" \/>\u2705 18+ geri d\u00f6n\u00fc\u015ft\u00fcr\u00fclm\u00fc\u015f kuma\u015f ile s\u00fcrd\u00fcr\u00fclebilir \u00fcretim<br data-start=\"3024\" data-end=\"3027\" \/>\u2705 20 farkl\u0131 el nak\u0131\u015f\u0131 tekni\u011fi ile \u00f6zenle i\u015flenmi\u015f detaylar<br data-start=\"3085\" data-end=\"3088\" \/>\u2705 Japon <em data-start=\"3096\" data-end=\"3102\">Boro<\/em> sanat\u0131ndan ilham alan tasar\u0131m<br data-start=\"3132\" data-end=\"3135\" \/>\u2705 Ayarlanabilir, sa\u011flam ve konforlu omuz ask\u0131s\u0131<br data-start=\"3182\" data-end=\"3185\" \/>\u2705 G\u00fcnl\u00fck kullan\u0131m i\u00e7in hafif ve fonksiyonel<br data-start=\"3228\" data-end=\"3231\" \/>\u2705 %100 el yap\u0131m\u0131, seri \u00fcretim de\u011fil<br data-start=\"3266\" data-end=\"3269\" \/>\u2705 Tek ve e\u015fsiz \u2013 her biri biricik<\/p>","protected":false},"excerpt":{"rendered":"<p>\u0130leri d\u00f6n\u00fc\u015ft\u00fcr\u00fclm\u00fc\u015f kuma\u015flarla haz\u0131rlanan Etnik Patchwork Saten Omuz \u00c7antas\u0131, Japon Boro sanat\u0131ndan ilham al\u0131r. %100 el yap\u0131m\u0131 ve s\u00fcrd\u00fcr\u00fclebilir bir tasar\u0131md\u0131r.<\/p>","protected":false},"featured_media":30010,"comment_status":"open","ping_status":"closed","template":"","meta":[],"product_brand":[691],"product_cat":[724,686],"product_tag":[820,1596,812,1595,1597,769,1249,762,1598,740],"class_list":{"0":"post-29992","1":"product","2":"type-product","3":"status-publish","4":"has-post-thumbnail","6":"product_brand-tuffhandicraft","7":"product_cat-omuz-cantasi","8":"product_cat-canta","9":"product_tag-boho-canta","10":"product_tag-boro-sanat","11":"product_tag-el-yapimi-canta","12":"product_tag-etnik-patchwork-omuz-cantasi","13":"product_tag-geri-donusturulmus-kumas","14":"product_tag-hediye-fikirleri","15":"product_tag-ileri-donusum","16":"product_tag-surdurulebilir-moda","17":"product_tag-tek-parca-canta","18":"product_tag-tuffhandicraft","20":"first","21":"instock","22":"sale","23":"taxable","24":"shipping-taxable","25":"purchasable","26":"product-type-simple"},"_links":{"self":[{"href":"https:\/\/tuffhandicraft.com\/es\/wp-json\/wp\/v2\/product\/29992","targetHints":{"allow":["GET"]}}],"collection":[{"href":"https:\/\/tuffhandicraft.com\/es\/wp-json\/wp\/v2\/product"}],"about":[{"href":"https:\/\/tuffhandicraft.com\/es\/wp-json\/wp\/v2\/types\/product"}],"replies":[{"embeddable":true,"href":"https:\/\/tuffhandicraft.com\/es\/wp-json\/wp\/v2\/comments?post=29992"}],"version-history":[{"count":1,"href":"https:\/\/tuffhandicraft.com\/es\/wp-json\/wp\/v2\/product\/29992\/revisions"}],"predecessor-version":[{"id":30269,"href":"https:\/\/tuffhandicraft.com\/es\/wp-json\/wp\/v2\/product\/29992\/revisions\/30269"}],"wp:featuredmedia":[{"embeddable":true,"href":"https:\/\/tuffhandicraft.com\/es\/wp-json\/wp\/v2\/media\/30010"}],"wp:attachment":[{"href":"https:\/\/tuffhandicraft.com\/es\/wp-json\/wp\/v2\/media?parent=29992"}],"wp:term":[{"taxonomy":"product_brand","embeddable":true,"href":"https:\/\/tuffhandicraft.com\/es\/wp-json\/wp\/v2\/product_brand?post=29992"},{"taxonomy":"product_cat","embeddable":true,"href":"https:\/\/tuffhandicraft.com\/es\/wp-json\/wp\/v2\/product_cat?post=29992"},{"taxonomy":"product_tag","embeddable":true,"href":"https:\/\/tuffhandicraft.com\/es\/wp-json\/wp\/v2\/product_tag?post=29992"}],"curies":[{"name":"wp","href":"https:\/\/api.w.org\/{rel}","templated":true}]}}