{"id":27900,"date":"2025-05-28T21:24:02","date_gmt":"2025-05-28T18:24:02","guid":{"rendered":"https:\/\/tasarim.yusufkecici.com.tr\/?page_id=27900"},"modified":"2025-05-28T21:27:18","modified_gmt":"2025-05-28T18:27:18","slug":"sartlar-ve-kosullar","status":"publish","type":"page","link":"https:\/\/tuffhandicraft.com\/fr\/sartlar-ve-kosullar\/","title":{"rendered":"Termes et conditions"},"content":{"rendered":"<p><strong>Tuff Handicraft &#8211; Kullan\u0131m \u015eartlar\u0131 ve Kurallar<\/strong><\/p>\n\n\n\n<p>Web sitemizi kullanarak a\u015fa\u011f\u0131daki \u015fartlar\u0131 kabul etmi\u015f say\u0131l\u0131rs\u0131n\u0131z:<\/p>\n\n\n\n<ol class=\"wp-block-list\">\n<li>Web sitemizde sunulan t\u00fcm \u00fcr\u00fcnler el yap\u0131m\u0131d\u0131r ve s\u0131n\u0131rl\u0131 stokla sunulmaktad\u0131r.<\/li>\n\n\n\n<li>\u00dcr\u00fcn g\u00f6rselleri ile \u00fcr\u00fcnler aras\u0131nda k\u00fc\u00e7\u00fck farkl\u0131l\u0131klar olabilir.<\/li>\n\n\n\n<li>Sat\u0131n alma i\u015flemi tamamland\u0131\u011f\u0131nda, kullan\u0131c\u0131 do\u011fru teslimat bilgilerini vermekle y\u00fck\u00fcml\u00fcd\u00fcr.<\/li>\n\n\n\n<li>Web sitemiz \u00fczerinde yap\u0131lan yorum, i\u00e7erik ve de\u011ferlendirmeler firma denetimine tabidir.<\/li>\n\n\n\n<li>Kullan\u0131c\u0131, telif hakk\u0131 ve marka hakk\u0131 bulunan i\u00e7erikleri izinsiz kullanamaz.<\/li>\n\n\n\n<li>Kullan\u0131m ko\u015fullar\u0131, Tuff Handicraft taraf\u0131ndan g\u00fcncellenebilir.<\/li>\n<\/ol>","protected":false},"excerpt":{"rendered":"<p>Tuff Handicraft &#8211; Kullan\u0131m \u015eartlar\u0131 ve Kurallar Web sitemizi kullanarak a\u015fa\u011f\u0131daki \u015fartlar\u0131 kabul etmi\u015f say\u0131l\u0131rs\u0131n\u0131z:<\/p>","protected":false},"author":1,"featured_media":0,"parent":0,"menu_order":0,"comment_status":"closed","ping_status":"closed","template":"","meta":{"footnotes":""},"class_list":["post-27900","page","type-page","status-publish","hentry"],"_links":{"self":[{"href":"https:\/\/tuffhandicraft.com\/fr\/wp-json\/wp\/v2\/pages\/27900","targetHints":{"allow":["GET"]}}],"collection":[{"href":"https:\/\/tuffhandicraft.com\/fr\/wp-json\/wp\/v2\/pages"}],"about":[{"href":"https:\/\/tuffhandicraft.com\/fr\/wp-json\/wp\/v2\/types\/page"}],"author":[{"embeddable":true,"href":"https:\/\/tuffhandicraft.com\/fr\/wp-json\/wp\/v2\/users\/1"}],"replies":[{"embeddable":true,"href":"https:\/\/tuffhandicraft.com\/fr\/wp-json\/wp\/v2\/comments?post=27900"}],"version-history":[{"count":0,"href":"https:\/\/tuffhandicraft.com\/fr\/wp-json\/wp\/v2\/pages\/27900\/revisions"}],"wp:attachment":[{"href":"https:\/\/tuffhandicraft.com\/fr\/wp-json\/wp\/v2\/media?parent=27900"}],"curies":[{"name":"wp","href":"https:\/\/api.w.org\/{rel}","templated":true}]}}