{"id":27566,"date":"2025-05-11T00:23:13","date_gmt":"2025-05-10T21:23:13","guid":{"rendered":"https:\/\/tasarim.yusufkecici.com.tr\/urun\/colors-customizable-balaclava-crochet-winter-hat-granny-square-hood-stylish-ski-balaclava-ski-mask-hand-knitted-beaines-special-gift\/"},"modified":"2025-08-10T19:47:59","modified_gmt":"2025-08-10T16:47:59","slug":"ozellestirilebilir-balaklava","status":"publish","type":"product","link":"https:\/\/tuffhandicraft.com\/fr\/magaza\/aksesuarlar\/balaklava\/ozellestirilebilir-balaklava\/","title":{"rendered":"\u00d6zelle\u015ftirilebilir Balaklava-S\u0131cak ve Modern Stil | 2025"},"content":{"rendered":"<h1 data-start=\"92\" data-end=\"148\">\ud83e\uddf6 \u00d6zelle\u015ftirilebilir Balaklava &#8211; S\u0131cak ve Modern Stil<\/h1>\n<p data-start=\"150\" data-end=\"518\">Bu el yap\u0131m\u0131 \u00f6zelle\u015ftirilebilir balaklava, beyaz ana rengi ve farkl\u0131 renk se\u00e7enekleriyle size \u00f6zel olarak ki\u015fiselle\u015ftirilebilir. So\u011fuk k\u0131\u015f g\u00fcnlerinde y\u00fcz\u00fcn\u00fcz\u00fc ve boynunuzu korurken, modern ve \u015f\u0131k g\u00f6r\u00fcn\u00fcm\u00fcn\u00fcz\u00fc tamamlar. Rahat kesimi ve yumu\u015fak dokusuyla uzun s\u00fcreli kullan\u0131mda konfor sa\u011flar. K\u0131\u015f\u0131n vazge\u00e7ilmezi olacak bu balaklava, hem fonksiyonel hem de estetik ihtiya\u00e7lar\u0131n\u0131z\u0131 kar\u015f\u0131lar.<\/p>\n<hr data-start=\"520\" data-end=\"523\" \/>\n<h2 data-start=\"525\" data-end=\"546\">\ud83e\uddf5 Informations mat\u00e9rielles<img loading=\"lazy\" decoding=\"async\" class=\"wd-lazy-fade size-full wp-image-28000 alignright\" src=\"https:\/\/tuffhandicraft.com\/wp-content\/themes\/woodmart\/images\/lazy.svg\" data-src=\"https:\/\/tuffhandicraft.com\/wp-content\/uploads\/2021\/08\/footer-logo-1.png\" alt=\"\u00d6zelle\u015ftirilebilir Balaklava - S\u0131cak ve Modern Stil\" width=\"220\" height=\"40\" title=\"\" srcset=\"\" data-srcset=\"https:\/\/tuffhandicraft.com\/wp-content\/uploads\/2021\/08\/footer-logo-1.png 220w, https:\/\/tuffhandicraft.com\/wp-content\/uploads\/2021\/08\/footer-logo-1-150x27.png 150w\" sizes=\"auto, (max-width: 220px) 100vw, 220px\" \/><\/h2>\n<p data-start=\"548\" data-end=\"744\">Dayan\u0131kl\u0131 ve yumu\u015fak ipliklerden el \u00f6rg\u00fcs\u00fc olarak \u00fcretilmi\u015ftir. <a href=\"https:\/\/tuffhandicraft.com\/fr\/2025\/07\/07\/doga-dostu-paketleme\/\">Cilt dostu <\/a>yap\u0131s\u0131 sayesinde tahri\u015f etmez ve nefes alabilir \u00f6zelliktedir. S\u0131cak tutarken terletmez, bu da konforlu bir deneyim sunar.<\/p>\n<hr data-start=\"746\" data-end=\"749\" \/>\n<h2 data-start=\"751\" data-end=\"771\">\u2744\ufe0f Kullan\u0131m Alan\u0131<\/h2>\n<p data-start=\"773\" data-end=\"970\">D\u0131\u015f mekan sporlar\u0131, y\u00fcr\u00fcy\u00fc\u015fler veya g\u00fcnl\u00fck kullan\u0131m i\u00e7in idealdir. Modern tasar\u0131m\u0131 hem kad\u0131n hem erkek kullan\u0131c\u0131lar i\u00e7in uygundur. K\u0131\u015f aylar\u0131nda sizi so\u011fuktan korurken tarz\u0131n\u0131zdan \u00f6d\u00fcn vermezsiniz.<\/p>\n<hr data-start=\"972\" data-end=\"975\" \/>\n<h2 data-start=\"977\" data-end=\"1009\">\u267b\ufe0f El Yap\u0131m\u0131 &amp; S\u00fcrd\u00fcr\u00fclebilir<\/h2>\n<p data-start=\"1011\" data-end=\"1206\">Yava\u015f moda felsefesiyle, etik ve s\u00fcrd\u00fcr\u00fclebilir y\u00f6ntemlerle \u00fcretilmi\u015ftir. Her par\u00e7a el eme\u011fiyle haz\u0131rlan\u0131r ve benzersizdir. Do\u011faya sayg\u0131l\u0131 bir tercih yapmak isteyenler i\u00e7in m\u00fckemmel bir se\u00e7imdir.<\/p>\n<p>Pour d&#039;autres mod\u00e8les qui pourraient convenir \u00e0 votre style et plus encore, visitez Tuff\u00a0<a href=\"https:\/\/www.pinterest.com\/TuffHandicraft01\/\" target=\"_blank\" rel=\"noopener\">Pinterest<\/a>\u00a0visitez le monde de.<\/p>\n<hr data-start=\"1208\" data-end=\"1211\" \/>\n<h2 data-start=\"1213\" data-end=\"1236\">\ud83e\uddfc Conseils d&#039;entretien<\/h2>\n<p data-start=\"1238\" data-end=\"1392\">Uzun \u00f6m\u00fcrl\u00fc olmas\u0131 i\u00e7in elde so\u011fuk suda y\u0131kanmas\u0131 ve serilerek kurutulmas\u0131 \u00f6nerilir. Makinede y\u0131kama ve s\u0131kma i\u015flemi \u00fcr\u00fcn\u00fcn formunu ve dokusunu bozabilir.<\/p>\n<hr data-start=\"1394\" data-end=\"1397\" \/>\n<h2 data-start=\"1399\" data-end=\"1444\">\u2728 Neden Bu \u00dcr\u00fcn\u00fc Tercih Etmelisiniz?<\/h2>\n<ul data-start=\"1446\" data-end=\"1655\">\n<li data-start=\"1446\" data-end=\"1488\">\n<p data-start=\"1448\" data-end=\"1488\">Ki\u015fiselle\u015ftirilebilir renk se\u00e7enekleri<\/p>\n<\/li>\n<li data-start=\"1489\" data-end=\"1520\">\n<p data-start=\"1491\" data-end=\"1520\">%100 el yap\u0131m\u0131 ve benzersiz<\/p>\n<\/li>\n<li data-start=\"1521\" data-end=\"1568\">\n<p data-start=\"1523\" data-end=\"1568\">Yumu\u015fak, nefes alan ve s\u0131cak tutan iplikler<\/p>\n<\/li>\n<li data-start=\"1569\" data-end=\"1612\">\n<p data-start=\"1571\" data-end=\"1612\">Hem kad\u0131n hem erkek i\u00e7in modern tasar\u0131m<\/p>\n<\/li>\n<li data-start=\"1613\" data-end=\"1655\">\n<p data-start=\"1615\" data-end=\"1655\">Approche de production durable et \u00e9thique<\/p>\n<\/li>\n<\/ul>","protected":false},"excerpt":{"rendered":"<p>\ud83e\uddf6 \u00d6zelle\u015ftirilebilir Balaklava &#8211; S\u0131cak ve Modern Stil Bu el yap\u0131m\u0131 \u00f6zelle\u015ftirilebilir balaklava, beyaz ana rengi ve farkl\u0131 renk se\u00e7enekleriyle<\/p>","protected":false},"featured_media":28815,"comment_status":"open","ping_status":"closed","template":"","meta":[],"product_brand":[691],"product_cat":[703],"product_tag":[1378,890,1392,769,1393,901,1389,1395,745,1391,1394,889,1390,762],"class_list":{"0":"post-27566","1":"product","2":"type-product","3":"status-publish","4":"has-post-thumbnail","6":"product_brand-tuffhandicraft","7":"product_cat-balaklava","8":"product_tag-balaklava","9":"product_tag-el-yapimi-balaklava","10":"product_tag-erkek-balaklava","11":"product_tag-hediye-fikirleri","12":"product_tag-kadin-balaklava","13":"product_tag-kar-maskesi","14":"product_tag-kisisellestirilebilir-balaklava","15":"product_tag-kisisellestirilebilir-urun","16":"product_tag-kislik-bere","17":"product_tag-modern-balaklava","18":"product_tag-nefes-alan-bere","19":"product_tag-orgu-balaklava","20":"product_tag-sicak-balaklava","21":"product_tag-surdurulebilir-moda","23":"first","24":"instock","25":"taxable","26":"shipping-taxable","27":"purchasable","28":"product-type-variable","29":"has-default-attributes"},"_links":{"self":[{"href":"https:\/\/tuffhandicraft.com\/fr\/wp-json\/wp\/v2\/product\/27566","targetHints":{"allow":["GET"]}}],"collection":[{"href":"https:\/\/tuffhandicraft.com\/fr\/wp-json\/wp\/v2\/product"}],"about":[{"href":"https:\/\/tuffhandicraft.com\/fr\/wp-json\/wp\/v2\/types\/product"}],"replies":[{"embeddable":true,"href":"https:\/\/tuffhandicraft.com\/fr\/wp-json\/wp\/v2\/comments?post=27566"}],"version-history":[{"count":0,"href":"https:\/\/tuffhandicraft.com\/fr\/wp-json\/wp\/v2\/product\/27566\/revisions"}],"wp:featuredmedia":[{"embeddable":true,"href":"https:\/\/tuffhandicraft.com\/fr\/wp-json\/wp\/v2\/media\/28815"}],"wp:attachment":[{"href":"https:\/\/tuffhandicraft.com\/fr\/wp-json\/wp\/v2\/media?parent=27566"}],"wp:term":[{"taxonomy":"product_brand","embeddable":true,"href":"https:\/\/tuffhandicraft.com\/fr\/wp-json\/wp\/v2\/product_brand?post=27566"},{"taxonomy":"product_cat","embeddable":true,"href":"https:\/\/tuffhandicraft.com\/fr\/wp-json\/wp\/v2\/product_cat?post=27566"},{"taxonomy":"product_tag","embeddable":true,"href":"https:\/\/tuffhandicraft.com\/fr\/wp-json\/wp\/v2\/product_tag?post=27566"}],"curies":[{"name":"wp","href":"https:\/\/api.w.org\/{rel}","templated":true}]}}