{"id":27584,"date":"2025-05-11T00:23:34","date_gmt":"2025-05-10T21:23:34","guid":{"rendered":"https:\/\/tasarim.yusufkecici.com.tr\/urun\/daisy-pink-crop-top-crochet-summer-top-handmade-floral-top-crochet-sport-crop-daisy-granny-square-beach-top-gifts-for-her\/"},"modified":"2025-08-10T19:44:09","modified_gmt":"2025-08-10T16:44:09","slug":"papatya-desenli-crop-top","status":"publish","type":"product","link":"https:\/\/tuffhandicraft.com\/fr\/magaza\/crop-top\/papatya-desenli-crop-top\/","title":{"rendered":"Crop top rose \u00e0 motif marguerites \u2013 Style estival fait main"},"content":{"rendered":"<h1 data-start=\"220\" data-end=\"277\">\ud83c\udf38 Crop Top rose \u00e0 motif marguerites \u2013 Style estival fait main<\/h1>\n<hr data-start=\"279\" data-end=\"282\" \/>\n<h2 data-start=\"284\" data-end=\"343\">\u2600\ufe0f Design fait main refl\u00e9tant l&#039;\u00e9nergie fra\u00eeche de l&#039;\u00e9t\u00e9<\/h2>\n<p data-start=\"344\" data-end=\"571\">Le haut court Pink Daisy est une pi\u00e8ce unique qui vous offrira confort et \u00e9l\u00e9gance cet \u00e9t\u00e9. Avec ses tons roses d\u00e9licats et ses motifs marguerites faits main, ce haut crochet\u00e9 deviendra assur\u00e9ment la pi\u00e8ce ma\u00eetresse d&#039;un look romantique et naturel.<\/p>\n<hr data-start=\"573\" data-end=\"576\" \/>\n<h2 data-start=\"578\" data-end=\"601\">\ud83e\uddf6 Informations mat\u00e9rielles<img loading=\"lazy\" decoding=\"async\" class=\"wd-lazy-fade size-full wp-image-28000 alignright\" src=\"https:\/\/tuffhandicraft.com\/wp-content\/themes\/woodmart\/images\/lazy.svg\" data-src=\"https:\/\/tuffhandicraft.com\/wp-content\/uploads\/2021\/08\/footer-logo-1.png\" alt=\"Crop top rose \u00e0 motif marguerites \u2013 Style estival fait main\" width=\"220\" height=\"40\" title=\"\" srcset=\"\" data-srcset=\"https:\/\/tuffhandicraft.com\/wp-content\/uploads\/2021\/08\/footer-logo-1.png 220w, https:\/\/tuffhandicraft.com\/wp-content\/uploads\/2021\/08\/footer-logo-1-150x27.png 150w\" sizes=\"auto, (max-width: 220px) 100vw, 220px\" \/><\/h2>\n<p data-start=\"602\" data-end=\"772\">Ce produit est enti\u00e8rement tricot\u00e9 \u00e0 la main. Il est confectionn\u00e9 \u00e0 partir de fils de coton doux et agr\u00e9ables pour la peau. Gr\u00e2ce \u00e0 sa structure respirante, il ne provoque ni d\u00e9mangeaisons ni transpiration.<\/p>\n<hr data-start=\"774\" data-end=\"777\" \/>\n<h2 data-start=\"779\" data-end=\"815\">\ud83d\udcab L\u00e9g\u00e8ret\u00e9 et confort r\u00e9unis<\/h2>\n<p data-start=\"816\" data-end=\"1011\">C&#039;est le choix id\u00e9al pour celles qui recherchent des v\u00eatements d&#039;\u00e9t\u00e9 confortables. Sa coupe confortable et sa structure souple \u00e9pousent les formes sans comprimer. Il se distingue aussi bien au quotidien que pour les grandes occasions estivales.<\/p>\n<hr data-start=\"1013\" data-end=\"1016\" \/>\n<h2 data-start=\"1018\" data-end=\"1040\">\ud83c\udf3c Suggestion de combinaison<\/h2>\n<p data-start=\"1041\" data-end=\"1217\">Il se marie parfaitement avec un short taille haute, une jupe en jean ou un pantalon ample en lin. Compl\u00e9tez votre look avec des sandales boh\u00e8mes et des bandeaux fleuris.<\/p>\n<p data-start=\"877\" data-end=\"1029\">Pour d&#039;autres mod\u00e8les qui pourraient convenir \u00e0 votre style et plus encore, visitez Tuff\u00a0<a href=\"https:\/\/www.pinterest.com\/TuffHandicraft01\/\" target=\"_blank\" rel=\"noopener\">Pinterest<\/a>\u00a0visitez le monde de.<\/p>\n<hr data-start=\"1219\" data-end=\"1222\" \/>\n<h2 data-start=\"1224\" data-end=\"1266\">\ud83e\uddf5 Production artisanale et durable<\/h2>\n<p data-start=\"1267\" data-end=\"1474\">Ce produit, <a href=\"https:\/\/tuffhandicraft.com\/fr\/2025\/07\/06\/el-yapimi-urunler\/\">mode rapide<\/a> Fabriqu\u00e9 \u00e0 la main au fil du temps, il remet en question l&#039;id\u00e9e re\u00e7ue du \u00ab\u00a0faites-le vous-m\u00eame\u00a0\u00bb. Chaque pi\u00e8ce est soumise \u00e0 un processus de production m\u00e9ticuleux et est unique. C&#039;est un choix judicieux pour ceux qui pr\u00f4nent un mode de vie durable.<\/p>\n<hr data-start=\"1476\" data-end=\"1479\" \/>\n<h2 data-start=\"1481\" data-end=\"1506\">\ud83e\uddfc Conseils d&#039;entretien<\/h2>\n<p data-start=\"1507\" data-end=\"1594\">\u2022 Laver d\u00e9licatement \u00e0 la main \u00e0 l\u2019eau froide.<br data-start=\"1543\" data-end=\"1546\" \/>\u2022 \u00c9talez-le pour le s\u00e9cher.<br data-start=\"1566\" data-end=\"1569\" \/>\u2022 Ne pas utiliser d\u2019eau de Javel.<\/p>\n<hr data-start=\"1596\" data-end=\"1599\" \/>\n<h2 data-start=\"1601\" data-end=\"1643\">\ud83d\udca1 Pourquoi devriez-vous choisir ce produit ?<\/h2>\n<p data-start=\"1644\" data-end=\"1848\">\u2022 Aspect naturel et \u00e9l\u00e9gant<br data-start=\"1668\" data-end=\"1671\" \/>\u2022 Fabriqu\u00e9 \u00e0 la main<br data-start=\"1695\" data-end=\"1698\" \/>\u2022 Structure l\u00e9g\u00e8re et respirante<br data-start=\"1724\" data-end=\"1727\" \/>\u2022 Utilisation confortable adapt\u00e9e aux mois d&#039;\u00e9t\u00e9<br data-start=\"1765\" data-end=\"1768\" \/>\u2022 Approche mode durable<br data-start=\"1798\" data-end=\"1801\" \/>\u2022 Id\u00e9al pour ajouter une touche \u00e9l\u00e9gante \u00e0 votre style<\/p>","protected":false},"excerpt":{"rendered":"<p data-start=\"121\" data-end=\"279\">Ce haut court rose tricot\u00e9 main \u00e0 motif marguerites est parfait pour celles qui souhaitent apporter une touche romantique et unique \u00e0 leur style estival. L\u00e9ger, respirant et ultra doux\u00a0! \ud83c\udf38<\/p>","protected":false},"featured_media":28711,"comment_status":"open","ping_status":"closed","template":"","meta":[],"product_brand":[691],"product_cat":[697],"product_tag":[780,1531,1530,1520,912,1523,1524,1519,769,1527,1528,1515,1526,1525,1517,1521,1529,762,1516,1522,1518],"class_list":{"0":"post-27584","1":"product","2":"type-product","3":"status-publish","4":"has-post-thumbnail","6":"product_brand-tuffhandicraft","7":"product_cat-crop-top","8":"product_tag-boho-crop-top","9":"product_tag-cicek-desenli-ust","10":"product_tag-cicekli-crop","11":"product_tag-crochet-flower-top","12":"product_tag-el-orgusu-yazlik-ust","13":"product_tag-el-yapimi-bluz","14":"product_tag-festival-stili-ust","15":"product_tag-handmade-summer-top","16":"product_tag-hediye-fikirleri","17":"product_tag-orgu-crop","18":"product_tag-orgu-crop-top","19":"product_tag-papatya-crop-top","20":"product_tag-papatya-deseni","21":"product_tag-papatya-motifi","22":"product_tag-pembe-orgu-ust","23":"product_tag-romantik-yaz-stili","24":"product_tag-sevgiliye-hediye","25":"product_tag-surdurulebilir-moda","26":"product_tag-tig-isi-crop","27":"product_tag-yaz-icin-el-orgusu","28":"product_tag-yazlik-bohem-bluz","30":"first","31":"instock","32":"taxable","33":"shipping-taxable","34":"purchasable","35":"product-type-variable","36":"has-default-attributes"},"_links":{"self":[{"href":"https:\/\/tuffhandicraft.com\/fr\/wp-json\/wp\/v2\/product\/27584","targetHints":{"allow":["GET"]}}],"collection":[{"href":"https:\/\/tuffhandicraft.com\/fr\/wp-json\/wp\/v2\/product"}],"about":[{"href":"https:\/\/tuffhandicraft.com\/fr\/wp-json\/wp\/v2\/types\/product"}],"replies":[{"embeddable":true,"href":"https:\/\/tuffhandicraft.com\/fr\/wp-json\/wp\/v2\/comments?post=27584"}],"version-history":[{"count":0,"href":"https:\/\/tuffhandicraft.com\/fr\/wp-json\/wp\/v2\/product\/27584\/revisions"}],"wp:featuredmedia":[{"embeddable":true,"href":"https:\/\/tuffhandicraft.com\/fr\/wp-json\/wp\/v2\/media\/28711"}],"wp:attachment":[{"href":"https:\/\/tuffhandicraft.com\/fr\/wp-json\/wp\/v2\/media?parent=27584"}],"wp:term":[{"taxonomy":"product_brand","embeddable":true,"href":"https:\/\/tuffhandicraft.com\/fr\/wp-json\/wp\/v2\/product_brand?post=27584"},{"taxonomy":"product_cat","embeddable":true,"href":"https:\/\/tuffhandicraft.com\/fr\/wp-json\/wp\/v2\/product_cat?post=27584"},{"taxonomy":"product_tag","embeddable":true,"href":"https:\/\/tuffhandicraft.com\/fr\/wp-json\/wp\/v2\/product_tag?post=27584"}],"curies":[{"name":"wp","href":"https:\/\/api.w.org\/{rel}","templated":true}]}}