{"id":27615,"date":"2025-05-11T00:24:02","date_gmt":"2025-05-10T21:24:02","guid":{"rendered":"https:\/\/tasarim.yusufkecici.com.tr\/urun\/carousel-sliced-bucket-hat-crochet-bucket-hat-unique-design-hats-for-woman-cute-crochet-sun-hat-pink-bucket-beanie-summer-gift\/"},"modified":"2025-08-10T16:04:16","modified_gmt":"2025-08-10T13:04:16","slug":"dilimli-bucket-sapka-carousel","status":"publish","type":"product","link":"https:\/\/tuffhandicraft.com\/fr\/magaza\/aksesuarlar\/sapka\/dilimli-bucket-sapka-carousel\/","title":{"rendered":"Bob segment\u00e9 - Carrousel, pour l&#039;\u00e9t\u00e9 et le printemps"},"content":{"rendered":"<h3 data-start=\"137\" data-end=\"168\">\ud83c\udfa8 Dilimli Bucket \u015eapka- Carousel, Yaz ve Bahar \u0130\u00e7in<\/h3>\n<p data-start=\"169\" data-end=\"355\">Dilimli Bucket \u015eapka, carousel tarz\u0131yla yaz ve bahar aylar\u0131na enerjik bir dokunu\u015f kat\u0131yor. El \u00f6rg\u00fcs\u00fc t\u0131\u011f i\u015fi ile haz\u0131rlanan bu \u015fapka, tarz\u0131n\u0131za \u00f6zg\u00fcnl\u00fck ve hareketlilik getirir.<\/p>\n<hr data-start=\"357\" data-end=\"360\" \/>\n<h3 data-start=\"362\" data-end=\"386\">\ud83e\uddf6 Informations mat\u00e9rielles<img loading=\"lazy\" decoding=\"async\" class=\"wd-lazy-fade size-full wp-image-28000 alignright\" style=\"color: #333333; font-size: 16px;\" src=\"https:\/\/tuffhandicraft.com\/wp-content\/themes\/woodmart\/images\/lazy.svg\" data-src=\"https:\/\/tuffhandicraft.com\/wp-content\/uploads\/2021\/08\/footer-logo-1.png\" alt=\" Bob segment\u00e9 - Carrousel, pour l&#039;\u00e9t\u00e9 et le printemps\" width=\"220\" height=\"40\" title=\"\" srcset=\"\" data-srcset=\"https:\/\/tuffhandicraft.com\/wp-content\/uploads\/2021\/08\/footer-logo-1.png 220w, https:\/\/tuffhandicraft.com\/wp-content\/uploads\/2021\/08\/footer-logo-1-150x27.png 150w\" sizes=\"auto, (max-width: 220px) 100vw, 220px\" \/><\/h3>\n<p data-start=\"387\" data-end=\"570\">%100 pamuk iplikten \u00f6zenle \u00f6r\u00fclm\u00fc\u015ft\u00fcr. Nefes alan yap\u0131s\u0131 sayesinde <a href=\"https:\/\/tuffhandicraft.com\/fr\/produit\/damali-bucket-sapka-pembe\/\">s\u0131cak havalarda<\/a> konfor sa\u011flar. Yumu\u015fak dokusu cildinizle dosttur ve uzun s\u00fcreli kullan\u0131m i\u00e7in dayan\u0131kl\u0131d\u0131r.<\/p>\n<hr data-start=\"572\" data-end=\"575\" \/>\n<h3 data-start=\"577\" data-end=\"609\">\u2600\ufe0f Yaz ve Bahar \u0130\u00e7in \u0130deal<\/h3>\n<p data-start=\"610\" data-end=\"768\">G\u00fcne\u015ften korunurken \u015f\u0131kl\u0131\u011f\u0131n\u0131zdan \u00f6d\u00fcn vermek istemeyenler i\u00e7in m\u00fckemmel bir tercih. Hafif ve nefes alan yap\u0131s\u0131, s\u0131cak g\u00fcnlerde ferah kalman\u0131za yard\u0131mc\u0131 olur.<\/p>\n<p data-start=\"877\" data-end=\"1029\">Pour d&#039;autres mod\u00e8les qui pourraient convenir \u00e0 votre style et plus encore, visitez Tuff\u00a0<a href=\"https:\/\/www.pinterest.com\/TuffHandicraft01\/\" target=\"_blank\" rel=\"noopener\">Pinterest<\/a>\u00a0visitez le monde de.<\/p>\n<hr data-start=\"770\" data-end=\"773\" \/>\n<h3 data-start=\"775\" data-end=\"813\">\u267b\ufe0f Fait main et durable<\/h3>\n<p data-start=\"814\" data-end=\"942\">Yava\u015f moda prensipleriyle, el eme\u011fi ve s\u00fcrd\u00fcr\u00fclebilir y\u00f6ntemlerle \u00fcretilmi\u015ftir. Do\u011faya sayg\u0131l\u0131, uzun \u00f6m\u00fcrl\u00fc ve etik bir \u00fcr\u00fcnd\u00fcr.<\/p>\n<hr data-start=\"944\" data-end=\"947\" \/>\n<h3 data-start=\"949\" data-end=\"975\">\ud83e\uddfc Conseils d&#039;entretien<\/h3>\n<p data-start=\"976\" data-end=\"1108\">So\u011fuk suda elde y\u0131kama \u00f6nerilir. A\u011fart\u0131c\u0131 kullanmay\u0131n\u0131z ve d\u00fcz bir \u015fekilde kurutunuz. \u015eapkan\u0131z\u0131n formunu korumas\u0131 i\u00e7in \u00fct\u00fclemeyiniz.<\/p>\n<hr data-start=\"1110\" data-end=\"1113\" \/>\n<h3 data-start=\"1115\" data-end=\"1159\">\u2728 Neden Bu \u015eapkay\u0131 Tercih Etmelisiniz?<\/h3>\n<ul data-start=\"1160\" data-end=\"1343\">\n<li data-start=\"1160\" data-end=\"1188\">\n<p data-start=\"1162\" data-end=\"1188\">El yap\u0131m\u0131, \u00f6zg\u00fcn tasar\u0131m<\/p>\n<\/li>\n<li data-start=\"1189\" data-end=\"1231\">\n<p data-start=\"1191\" data-end=\"1231\">Canl\u0131 carousel renkleriyle stil sahibi<\/p>\n<\/li>\n<li data-start=\"1232\" data-end=\"1264\">\n<p data-start=\"1234\" data-end=\"1264\">Rahat ve nefes alan materyal<\/p>\n<\/li>\n<li data-start=\"1265\" data-end=\"1299\">\n<p data-start=\"1267\" data-end=\"1299\">Yaz ve bahar aylar\u0131 i\u00e7in ideal<\/p>\n<\/li>\n<li data-start=\"1300\" data-end=\"1343\">\n<p data-start=\"1302\" data-end=\"1343\">S\u00fcrd\u00fcr\u00fclebilir moda anlay\u0131\u015f\u0131yla \u00fcretilmi\u015f<\/p>\n<\/li>\n<\/ul>","protected":false},"excerpt":{"rendered":"<p data-start=\"102\" data-end=\"202\">El yap\u0131m\u0131, canl\u0131 renkli dilimli t\u0131\u011f i\u015fi bucket \u015fapka. Yaz ve bahar aylar\u0131nda \u015f\u0131kl\u0131k ve konfor sunar.<\/p>","protected":false},"featured_media":28532,"comment_status":"open","ping_status":"closed","template":"","meta":[],"product_brand":[691],"product_cat":[693,711],"product_tag":[1282,1280,938,1279,939,769,946,1281,1283,949,940,1026,762,878,944],"class_list":{"0":"post-27615","1":"product","2":"type-product","3":"status-publish","4":"has-post-thumbnail","6":"product_brand-tuffhandicraft","7":"product_cat-sapka","8":"product_cat-aksesuarlar","9":"product_tag-atlikarinca","10":"product_tag-baharlik-sapka","11":"product_tag-bucket-sapka","12":"product_tag-dilimli-sapka","13":"product_tag-el-yapimi-sapka","14":"product_tag-hediye-fikirleri","15":"product_tag-orgu-aksesuar","16":"product_tag-pasta-dilimi","17":"product_tag-plaj","18":"product_tag-rahat-sapka","19":"product_tag-renkli-sapka","20":"product_tag-summer-outfit","21":"product_tag-surdurulebilir-moda","22":"product_tag-tig-isi-sapka","23":"product_tag-yazlik-sapka","25":"first","26":"instock","27":"taxable","28":"shipping-taxable","29":"purchasable","30":"product-type-simple"},"_links":{"self":[{"href":"https:\/\/tuffhandicraft.com\/fr\/wp-json\/wp\/v2\/product\/27615","targetHints":{"allow":["GET"]}}],"collection":[{"href":"https:\/\/tuffhandicraft.com\/fr\/wp-json\/wp\/v2\/product"}],"about":[{"href":"https:\/\/tuffhandicraft.com\/fr\/wp-json\/wp\/v2\/types\/product"}],"replies":[{"embeddable":true,"href":"https:\/\/tuffhandicraft.com\/fr\/wp-json\/wp\/v2\/comments?post=27615"}],"version-history":[{"count":0,"href":"https:\/\/tuffhandicraft.com\/fr\/wp-json\/wp\/v2\/product\/27615\/revisions"}],"wp:featuredmedia":[{"embeddable":true,"href":"https:\/\/tuffhandicraft.com\/fr\/wp-json\/wp\/v2\/media\/28532"}],"wp:attachment":[{"href":"https:\/\/tuffhandicraft.com\/fr\/wp-json\/wp\/v2\/media?parent=27615"}],"wp:term":[{"taxonomy":"product_brand","embeddable":true,"href":"https:\/\/tuffhandicraft.com\/fr\/wp-json\/wp\/v2\/product_brand?post=27615"},{"taxonomy":"product_cat","embeddable":true,"href":"https:\/\/tuffhandicraft.com\/fr\/wp-json\/wp\/v2\/product_cat?post=27615"},{"taxonomy":"product_tag","embeddable":true,"href":"https:\/\/tuffhandicraft.com\/fr\/wp-json\/wp\/v2\/product_tag?post=27615"}],"curies":[{"name":"wp","href":"https:\/\/api.w.org\/{rel}","templated":true}]}}