{"id":27619,"date":"2025-05-11T00:24:05","date_gmt":"2025-05-10T21:24:05","guid":{"rendered":"https:\/\/tasarim.yusufkecici.com.tr\/urun\/hand-knitted-puffy-balaclava-and-gloves-kit-beige-ski-hat-with-mini-cross-detail-handmade-hat-fingerless-glove-set-gift-set-for-her\/"},"modified":"2025-08-10T16:04:00","modified_gmt":"2025-08-10T13:04:00","slug":"bere-ve-eldiven-seti-puffy","status":"publish","type":"product","link":"https:\/\/tuffhandicraft.com\/fr\/magaza\/aksesuarlar\/bere\/bere-ve-eldiven-seti-puffy\/","title":{"rendered":"Ensemble bonnet et gants bouffants \u2013 Doux, sp\u00e9cial hiver"},"content":{"rendered":"<h3 data-start=\"87\" data-end=\"146\">\ud83e\uddf6 Bere ve Eldiven Seti Puffy &#8211; K\u0131\u015fa \u00d6zel, Yumu\u015fak<\/h3>\n<p data-start=\"148\" data-end=\"452\">Bu el yap\u0131m\u0131 bere, eldiven tak\u0131m\u0131, so\u011fuk k\u0131\u015f g\u00fcnlerinde s\u0131cakl\u0131k ve konfor sa\u011flamak i\u00e7in tasarland\u0131. Puffy \u00f6rg\u00fc tekni\u011fi ile kal\u0131n ve yumu\u015fak dokusuyla ba\u015f\u0131n\u0131z\u0131 ve ellerinizi korurken, \u015f\u0131k ve modern bir g\u00f6r\u00fcn\u00fcm sunar. Unisex tasar\u0131m\u0131 sayesinde herkes i\u00e7in uygundur ve g\u00fcnl\u00fck kullan\u0131ma kolayca uyum sa\u011flar.<\/p>\n<hr data-start=\"454\" data-end=\"457\" \/>\n<h3 data-start=\"459\" data-end=\"483\">\ud83e\uddf5 Informations mat\u00e9rielles<img loading=\"lazy\" decoding=\"async\" class=\"wd-lazy-fade size-full wp-image-28000 alignright\" src=\"https:\/\/tuffhandicraft.com\/wp-content\/themes\/woodmart\/images\/lazy.svg\" data-src=\"https:\/\/tuffhandicraft.com\/wp-content\/uploads\/2021\/08\/footer-logo-1.png\" alt=\"Bere ve Eldiven Seti Puffy - K\u0131\u015fa \u00d6zel, Yumu\u015fak\" width=\"220\" height=\"40\" title=\"\" srcset=\"\" data-srcset=\"https:\/\/tuffhandicraft.com\/wp-content\/uploads\/2021\/08\/footer-logo-1.png 220w, https:\/\/tuffhandicraft.com\/wp-content\/uploads\/2021\/08\/footer-logo-1-150x27.png 150w\" sizes=\"auto, (max-width: 220px) 100vw, 220px\" \/><\/h3>\n<ul data-start=\"484\" data-end=\"615\">\n<li data-start=\"484\" data-end=\"524\">\n<p data-start=\"486\" data-end=\"524\">Pamuk ve akrilik kar\u0131\u015f\u0131m\u0131 iplik<\/p>\n<\/li>\n<li data-start=\"525\" data-end=\"559\">\n<p data-start=\"527\" data-end=\"559\">Puffy \u00f6rg\u00fc ile ekstra s\u0131cakl\u0131k<\/p>\n<\/li>\n<li data-start=\"560\" data-end=\"588\">\n<p data-start=\"562\" data-end=\"588\">Yumu\u015fak, cilt dostu yap\u0131<\/p>\n<\/li>\n<li data-start=\"589\" data-end=\"615\">\n<p data-start=\"591\" data-end=\"615\">Elastik ve esnek tasar\u0131m<\/p>\n<\/li>\n<\/ul>\n<hr data-start=\"617\" data-end=\"620\" \/>\n<h3 data-start=\"622\" data-end=\"656\">\ud83c\udf2c\ufe0f Kullan\u0131m Alan\u0131 ve Konfor<\/h3>\n<ul data-start=\"657\" data-end=\"828\">\n<li data-start=\"657\" data-end=\"695\">\n<p data-start=\"659\" data-end=\"695\">K\u0131\u015f mevsimi i\u00e7in ideal s\u0131cak tutma<\/p>\n<\/li>\n<li data-start=\"696\" data-end=\"736\">\n<p data-start=\"698\" data-end=\"736\">G\u00fcnl\u00fck kullan\u0131mda rahatl\u0131k ve \u015f\u0131kl\u0131k<\/p>\n<\/li>\n<li data-start=\"737\" data-end=\"775\">\n<p data-start=\"739\" data-end=\"775\">Unisex kesim ile herkes i\u00e7in uygun<\/p>\n<\/li>\n<li data-start=\"776\" data-end=\"828\">\n<p data-start=\"778\" data-end=\"828\"><a href=\"https:\/\/tuffhandicraft.com\/fr\/produit\/pelus-el-orgusu-hirka\/\">So\u011fuk havalarda<\/a> d\u0131\u015f mekan aktivitelerinde m\u00fckemmel<\/p>\n<\/li>\n<\/ul>\n<hr data-start=\"830\" data-end=\"833\" \/>\n<h3 data-start=\"835\" data-end=\"873\">\u267b\ufe0f Fait main et durable<\/h3>\n<p data-start=\"874\" data-end=\"997\">Seri \u00fcretim yerine el eme\u011fi ile yava\u015f\u00e7a \u00fcretilmi\u015f, uzun \u00f6m\u00fcrl\u00fc ve do\u011fa dostu bir \u00fcr\u00fcn. Modada s\u00fcrd\u00fcr\u00fclebilirli\u011fi destekler.<\/p>\n<p>Pour d&#039;autres mod\u00e8les qui pourraient convenir \u00e0 votre style et plus encore, visitez Tuff\u00a0<a href=\"https:\/\/www.pinterest.com\/TuffHandicraft01\/\" target=\"_blank\" rel=\"noopener\">Pinterest<\/a>\u00a0visitez le monde de.<\/p>\n<hr data-start=\"999\" data-end=\"1002\" \/>\n<h3 data-start=\"1004\" data-end=\"1030\">\ud83e\uddfc Conseils d&#039;entretien<\/h3>\n<ul data-start=\"1031\" data-end=\"1140\">\n<li data-start=\"1031\" data-end=\"1060\">\n<p data-start=\"1033\" data-end=\"1060\">Lavage \u00e0 la main \u00e0 l&#039;eau froide<\/p>\n<\/li>\n<li data-start=\"1061\" data-end=\"1082\">\n<p data-start=\"1063\" data-end=\"1082\">Sererek kurutunuz<\/p>\n<\/li>\n<li data-start=\"1083\" data-end=\"1125\">\n<p data-start=\"1085\" data-end=\"1125\">A\u011fart\u0131c\u0131 ve makinede y\u0131kamadan ka\u00e7\u0131n\u0131n<\/p>\n<\/li>\n<li data-start=\"1126\" data-end=\"1140\">\n<p data-start=\"1128\" data-end=\"1140\">\u00dct\u00fclemeyiniz<\/p>\n<\/li>\n<\/ul>\n<hr data-start=\"1142\" data-end=\"1145\" \/>\n<h3 data-start=\"1147\" data-end=\"1180\">\u2728 Neden Tercih Etmelisiniz?<\/h3>\n<ul data-start=\"1181\" data-end=\"1348\">\n<li data-start=\"1181\" data-end=\"1211\">\n<p data-start=\"1183\" data-end=\"1211\">El yap\u0131m\u0131 ve \u00f6zg\u00fcn tasar\u0131m<\/p>\n<\/li>\n<li data-start=\"1212\" data-end=\"1246\">\n<p data-start=\"1214\" data-end=\"1246\">\u0130p se\u00e7ene\u011fi ile ekstra s\u0131cakl\u0131k<\/p>\n<\/li>\n<li data-start=\"1247\" data-end=\"1278\">\n<p data-start=\"1249\" data-end=\"1278\">Yumu\u015fak, cilt dostu malzeme<\/p>\n<\/li>\n<li data-start=\"1279\" data-end=\"1304\">\n<p data-start=\"1281\" data-end=\"1304\">Unisex ve fonksiyonel<\/p>\n<\/li>\n<li data-start=\"1305\" data-end=\"1348\">\n<p data-start=\"1307\" data-end=\"1348\">S\u00fcrd\u00fcr\u00fclebilir moda anlay\u0131\u015f\u0131yla \u00fcretilmi\u015f<\/p>\n<\/li>\n<\/ul>","protected":false},"excerpt":{"rendered":"<p data-start=\"58\" data-end=\"193\">El yap\u0131m\u0131, yumu\u015fak ve kal\u0131n \u00f6rg\u00fc bere, eldiven tak\u0131m\u0131. K\u0131\u015fa \u00f6zel tasar\u0131m\u0131yla s\u0131cak tutar, unisex yap\u0131s\u0131yla her tarza uyum sa\u011flar.<\/p>","protected":false},"featured_media":28510,"comment_status":"open","ping_status":"closed","template":"","meta":[],"product_brand":[691],"product_cat":[711,687,710],"product_tag":[1260,1269,732,1265,1261,769,745,1264,738,1268,1262,1263,737,1267,762,733,1266],"class_list":{"0":"post-27619","1":"product","2":"type-product","3":"status-publish","4":"has-post-thumbnail","6":"product_brand-tuffhandicraft","7":"product_cat-aksesuarlar","8":"product_cat-bere","9":"product_cat-eldiven","10":"product_tag-bere","11":"product_tag-bere-eldiven-takim","12":"product_tag-el-yapimi-bere","13":"product_tag-el-yapimi-eldiven","14":"product_tag-eldiven","15":"product_tag-hediye-fikirleri","16":"product_tag-kislik-bere","17":"product_tag-kislik-eldiven","18":"product_tag-orgu-bere","19":"product_tag-orgu-eldiven","20":"product_tag-puffy-bere","21":"product_tag-puffy-eldiven","22":"product_tag-sicak-tutan-bere","23":"product_tag-sicak-tutan-eldiven","24":"product_tag-surdurulebilir-moda","25":"product_tag-unisex-bere","26":"product_tag-unisex-eldiven","28":"first","29":"instock","30":"taxable","31":"shipping-taxable","32":"purchasable","33":"product-type-simple"},"_links":{"self":[{"href":"https:\/\/tuffhandicraft.com\/fr\/wp-json\/wp\/v2\/product\/27619","targetHints":{"allow":["GET"]}}],"collection":[{"href":"https:\/\/tuffhandicraft.com\/fr\/wp-json\/wp\/v2\/product"}],"about":[{"href":"https:\/\/tuffhandicraft.com\/fr\/wp-json\/wp\/v2\/types\/product"}],"replies":[{"embeddable":true,"href":"https:\/\/tuffhandicraft.com\/fr\/wp-json\/wp\/v2\/comments?post=27619"}],"version-history":[{"count":0,"href":"https:\/\/tuffhandicraft.com\/fr\/wp-json\/wp\/v2\/product\/27619\/revisions"}],"wp:featuredmedia":[{"embeddable":true,"href":"https:\/\/tuffhandicraft.com\/fr\/wp-json\/wp\/v2\/media\/28510"}],"wp:attachment":[{"href":"https:\/\/tuffhandicraft.com\/fr\/wp-json\/wp\/v2\/media?parent=27619"}],"wp:term":[{"taxonomy":"product_brand","embeddable":true,"href":"https:\/\/tuffhandicraft.com\/fr\/wp-json\/wp\/v2\/product_brand?post=27619"},{"taxonomy":"product_cat","embeddable":true,"href":"https:\/\/tuffhandicraft.com\/fr\/wp-json\/wp\/v2\/product_cat?post=27619"},{"taxonomy":"product_tag","embeddable":true,"href":"https:\/\/tuffhandicraft.com\/fr\/wp-json\/wp\/v2\/product_tag?post=27619"}],"curies":[{"name":"wp","href":"https:\/\/api.w.org\/{rel}","templated":true}]}}