{"id":27633,"date":"2025-05-11T00:24:21","date_gmt":"2025-05-10T21:24:21","guid":{"rendered":"https:\/\/tasarim.yusufkecici.com.tr\/urun\/crochet-african-flower-oversized-sweater-chunky-floral-sweatshirt-handmade-cozy-woman-pullover-festival-outfit-gift-for-her\/"},"modified":"2025-12-07T18:56:53","modified_gmt":"2025-12-07T15:56:53","slug":"afrika-cicek-motif-oversize-sweatshirt","status":"publish","type":"product","link":"https:\/\/tuffhandicraft.com\/fr\/magaza\/kazak\/afrika-cicek-motif-oversize-sweatshirt\/","title":{"rendered":"Sweat-shirt oversize \u00e0 motif floral africain \u2013 Tricot\u00e9 \u00e0 la main, color\u00e9 et unique"},"content":{"rendered":"<h3 data-start=\"176\" data-end=\"250\">\ud83c\udf3c <strong data-start=\"183\" data-end=\"250\">Sweat-shirt oversize \u00e0 motif floral africain \u2013 Tricot\u00e9 \u00e0 la main, color\u00e9 et unique<\/strong><\/h3>\n<p data-start=\"252\" data-end=\"569\">Ce pull oversize fait main, <a href=\"https:\/\/tuffhandicraft.com\/fr\/produit\/afrika-cicek-motifli-oversize-hirka\/\">Inspir\u00e9 des motifs floraux africains<\/a> Con\u00e7u. Ce sweat-shirt crochet\u00e9, aux motifs color\u00e9s et vibrants, vous tiendra chaud tout en ajoutant une touche unique \u00e0 votre style. Interpr\u00e9tation moderne des styles r\u00e9tro et boh\u00e8me, cette pi\u00e8ce deviendra un incontournable de votre garde-robe au fil des saisons.<\/p>\n<p data-start=\"571\" data-end=\"851\">Chaque motif floral est tricot\u00e9 \u00e0 la main et s&#039;harmonise avec de riches d\u00e9grad\u00e9s de couleurs. Sa coupe oversize offre un look \u00e0 la fois confortable et \u00e9l\u00e9gant. Ce sweat-shirt artisanal soutient une mode durable gr\u00e2ce \u00e0 une approche de production qui \u00e9vite la production de masse.<\/p>\n<hr data-start=\"853\" data-end=\"856\" \/>\n<h3 data-start=\"858\" data-end=\"880\">\ud83e\uddf5 Informations mat\u00e9rielles<img loading=\"lazy\" decoding=\"async\" class=\"wd-lazy-fade size-full wp-image-28000 alignright\" src=\"https:\/\/tuffhandicraft.com\/wp-content\/themes\/woodmart\/images\/lazy.svg\" data-src=\"https:\/\/tuffhandicraft.com\/wp-content\/uploads\/2021\/08\/footer-logo-1.png\" alt=\"Afrika \u00c7i\u00e7ek Motifli Oversize Sweatshirt - El \u00d6rg\u00fcs\u00fc, Renkli &amp; \u00d6zg\u00fcn\" width=\"220\" height=\"40\" title=\"\" srcset=\"\" data-srcset=\"https:\/\/tuffhandicraft.com\/wp-content\/uploads\/2021\/08\/footer-logo-1.png 220w, https:\/\/tuffhandicraft.com\/wp-content\/uploads\/2021\/08\/footer-logo-1-150x27.png 150w\" sizes=\"auto, (max-width: 220px) 100vw, 220px\" \/><\/h3>\n<ul data-start=\"882\" data-end=\"1043\">\n<li data-start=\"882\" data-end=\"920\">\n<p data-start=\"884\" data-end=\"920\">%100 pamuk kar\u0131\u015f\u0131ml\u0131 t\u0131\u011f i\u015fi iplik<\/p>\n<\/li>\n<li data-start=\"921\" data-end=\"974\">\n<p data-start=\"923\" data-end=\"974\">Texture douce, structure douce pour la peau et respirante<\/p>\n<\/li>\n<li data-start=\"975\" data-end=\"999\">\n<p data-start=\"977\" data-end=\"999\">Non doubl\u00e9, forme naturelle<\/p>\n<\/li>\n<li data-start=\"1000\" data-end=\"1043\">\n<p data-start=\"1002\" data-end=\"1043\">D\u00e9tails du motif tricot\u00e9 \u00e0 la main<\/p>\n<\/li>\n<\/ul>\n<hr data-start=\"1045\" data-end=\"1048\" \/>\n<h3 data-start=\"1050\" data-end=\"1081\">\ud83e\uddf8 Espace Confort et Utilisation<\/h3>\n<p data-start=\"1083\" data-end=\"1126\">Ce sweat-shirt tricot\u00e9 \u00e0 la main sous forme de pull ;<\/p>\n<ul data-start=\"1127\" data-end=\"1302\">\n<li data-start=\"1127\" data-end=\"1165\">\n<p data-start=\"1129\" data-end=\"1165\">Seul en automne et au printemps,<\/p>\n<\/li>\n<li data-start=\"1166\" data-end=\"1211\">\n<p data-start=\"1168\" data-end=\"1211\">En couche sous une veste en hiver,<\/p>\n<\/li>\n<li data-start=\"1212\" data-end=\"1302\">\n<p data-start=\"1214\" data-end=\"1302\">Il peut \u00eatre utilis\u00e9 facilement \u00e0 la maison ou \u00e0 l&#039;ext\u00e9rieur.<\/p>\n<\/li>\n<li data-start=\"1212\" data-end=\"1302\">\n<p data-start=\"1214\" data-end=\"1302\">Il compl\u00e8te chaque style avec sa structure unisexe.<\/p>\n<\/li>\n<\/ul>\n<hr data-start=\"1304\" data-end=\"1307\" \/>\n<h3 data-start=\"1309\" data-end=\"1328\">\ud83c\udf08 Suggestion de style<\/h3>\n<p data-start=\"1330\" data-end=\"1542\">Les motifs floraux color\u00e9s de ce pull ressortent parfaitement lorsqu&#039;il est port\u00e9 avec un pantalon slim, des baskets simples et des accessoires minimalistes. Pour un look plus audacieux, associez-le \u00e0 une mini-jupe et des bottes.<\/p>\n<p data-start=\"1269\" data-end=\"1509\">Pour d&#039;autres mod\u00e8les qui pourraient convenir \u00e0 votre style et plus encore, visitez Tuff\u00a0<a href=\"https:\/\/www.pinterest.com\/TuffHandicraft01\/\" target=\"_blank\" rel=\"noopener\">Pinterest<\/a>\u00a0visitez le monde de.<\/p>\n<hr data-start=\"1544\" data-end=\"1547\" \/>\n<h3 data-start=\"1549\" data-end=\"1585\">\u267b\ufe0f Fait main et durable<\/h3>\n<p data-start=\"1587\" data-end=\"1818\">Ce sweat-shirt crochet\u00e9 est enti\u00e8rement r\u00e9alis\u00e9 \u00e0 la main, selon des principes de production \u00e9thique. Chaque pi\u00e8ce unique est produite selon les principes de la slow fashion, garantissant ainsi style et respect de l&#039;environnement.<\/p>\n<hr data-start=\"1820\" data-end=\"1823\" \/>\n<h3 data-start=\"1825\" data-end=\"1846\">\ud83e\uddfc Conseils d&#039;entretien<\/h3>\n<ul data-start=\"1848\" data-end=\"2000\">\n<li data-start=\"1848\" data-end=\"1877\">\n<p data-start=\"1850\" data-end=\"1877\">Lavage \u00e0 la main \u00e0 l&#039;eau froide<\/p>\n<\/li>\n<li data-start=\"1878\" data-end=\"1931\">\n<p data-start=\"1880\" data-end=\"1931\">Ne pas utiliser de machine \u00e0 laver, d&#039;essoreuse ou d&#039;eau de Javel.<\/p>\n<\/li>\n<li data-start=\"1932\" data-end=\"1959\">\n<p data-start=\"1934\" data-end=\"1959\">S\u00e9cher en \u00e9talant \u00e0 l&#039;ombre<\/p>\n<\/li>\n<li data-start=\"1960\" data-end=\"2000\">\n<p data-start=\"1962\" data-end=\"2000\">Ne pas repasser pour pr\u00e9server sa forme naturelle.<\/p>\n<\/li>\n<\/ul>\n<hr data-start=\"2002\" data-end=\"2005\" \/>\n<h3 data-start=\"2007\" data-end=\"2039\">\u2728 Pourquoi ce pull\/sweat-shirt ?<\/h3>\n<ul data-start=\"2041\" data-end=\"2268\">\n<li data-start=\"2041\" data-end=\"2059\">\n<p data-start=\"2043\" data-end=\"2059\">%100 el yap\u0131m\u0131<\/p>\n<\/li>\n<li data-start=\"2060\" data-end=\"2099\">\n<p data-start=\"2062\" data-end=\"2099\">Design original avec des motifs floraux africains<\/p>\n<\/li>\n<li data-start=\"2100\" data-end=\"2135\">\n<p data-start=\"2102\" data-end=\"2135\">Coupe oversize, unisexe et d\u00e9contract\u00e9e<\/p>\n<\/li>\n<li data-start=\"2136\" data-end=\"2176\">\n<p data-start=\"2138\" data-end=\"2176\">Une interpr\u00e9tation moderne du style boh\u00e8me et vintage<\/p>\n<\/li>\n<li data-start=\"2177\" data-end=\"2227\">\n<p data-start=\"2179\" data-end=\"2227\">Naturel et respirant gr\u00e2ce au fil de coton<\/p>\n<\/li>\n<li data-start=\"2228\" data-end=\"2268\">\n<p data-start=\"2230\" data-end=\"2268\">Approche de production durable et \u00e9thique<\/p>\n<\/li>\n<\/ul>","protected":false},"excerpt":{"rendered":"<p data-start=\"149\" data-end=\"301\">Ce pull oversize, orn\u00e9 d&#039;un motif floral africain fait main, est color\u00e9 et confortable, parfait en toute saison. Fabriqu\u00e9 en fil de coton, il est id\u00e9al pour un style unisexe et unique.<\/p>","protected":false},"featured_media":27810,"comment_status":"open","ping_status":"closed","template":"","meta":[],"product_brand":[691],"product_cat":[723],"product_tag":[1216,1207,1217,1212,1209,1213,769,1208,1218,1219,763,1215,1214,1210,762,1211],"class_list":{"0":"post-27633","1":"product","2":"type-product","3":"status-publish","4":"has-post-thumbnail","6":"product_brand-tuffhandicraft","7":"product_cat-kazak","8":"product_tag-afrika-cicek-motifi","9":"product_tag-afrika-cicek-motifli-kazak","10":"product_tag-afrikan-cicegi-motif","11":"product_tag-boho-stil-kazak","12":"product_tag-el-orgusu-sweatshirt","13":"product_tag-el-yapimi-kazak","14":"product_tag-hediye-fikirleri","15":"product_tag-oversize-kazak","16":"product_tag-oversize-sweater","17":"product_tag-oversize-sweatshirt","18":"product_tag-ozgun-tasarim","19":"product_tag-pamuk-iplik-kazak","20":"product_tag-rahat-kazak","21":"product_tag-renkli-tig-isi-kazak","22":"product_tag-surdurulebilir-moda","23":"product_tag-unisex-kazak","25":"first","26":"instock","27":"taxable","28":"shipping-taxable","29":"purchasable","30":"product-type-variable"},"_links":{"self":[{"href":"https:\/\/tuffhandicraft.com\/fr\/wp-json\/wp\/v2\/product\/27633","targetHints":{"allow":["GET"]}}],"collection":[{"href":"https:\/\/tuffhandicraft.com\/fr\/wp-json\/wp\/v2\/product"}],"about":[{"href":"https:\/\/tuffhandicraft.com\/fr\/wp-json\/wp\/v2\/types\/product"}],"replies":[{"embeddable":true,"href":"https:\/\/tuffhandicraft.com\/fr\/wp-json\/wp\/v2\/comments?post=27633"}],"version-history":[{"count":0,"href":"https:\/\/tuffhandicraft.com\/fr\/wp-json\/wp\/v2\/product\/27633\/revisions"}],"wp:featuredmedia":[{"embeddable":true,"href":"https:\/\/tuffhandicraft.com\/fr\/wp-json\/wp\/v2\/media\/27810"}],"wp:attachment":[{"href":"https:\/\/tuffhandicraft.com\/fr\/wp-json\/wp\/v2\/media?parent=27633"}],"wp:term":[{"taxonomy":"product_brand","embeddable":true,"href":"https:\/\/tuffhandicraft.com\/fr\/wp-json\/wp\/v2\/product_brand?post=27633"},{"taxonomy":"product_cat","embeddable":true,"href":"https:\/\/tuffhandicraft.com\/fr\/wp-json\/wp\/v2\/product_cat?post=27633"},{"taxonomy":"product_tag","embeddable":true,"href":"https:\/\/tuffhandicraft.com\/fr\/wp-json\/wp\/v2\/product_tag?post=27633"}],"curies":[{"name":"wp","href":"https:\/\/api.w.org\/{rel}","templated":true}]}}