{"id":27643,"date":"2025-05-11T00:24:30","date_gmt":"2025-05-10T21:24:30","guid":{"rendered":"https:\/\/tasarim.yusufkecici.com.tr\/urun\/handmade-colorful-crochet-scarf-multicolor-boho-crochet-wrap-cozy-winter-scarf-soft-knit-scarf-gift-for-her\/"},"modified":"2025-08-10T19:42:01","modified_gmt":"2025-08-10T16:42:01","slug":"uzun-puskullu-atki","status":"publish","type":"product","link":"https:\/\/tuffhandicraft.com\/fr\/magaza\/aksesuarlar\/atki\/uzun-puskullu-atki\/","title":{"rendered":"\u00c9charpe longue \u00e0 pompons - Multicolore, unique"},"content":{"rendered":"<h3 data-start=\"102\" data-end=\"151\">\ud83e\udde3 <strong data-start=\"109\" data-end=\"151\">Uzun P\u00fcsk\u00fcll\u00fc Atk\u0131 \u2013 \u00c7ok Renkli, \u00d6zg\u00fcn<\/strong><\/h3>\n<p data-start=\"153\" data-end=\"412\">Bu el yap\u0131m\u0131 uzun p\u00fcsk\u00fcll\u00fc atk\u0131, \u00e7ok renkli tasar\u0131m\u0131yla k\u0131\u015f kombinlerinize enerjik ve \u00f6zg\u00fcn bir dokunu\u015f katar. Yumu\u015fak dokusu ve uzun p\u00fcsk\u00fcl detaylar\u0131 sayesinde hem \u015f\u0131k hem rahat kullan\u0131m sunar. So\u011fuk havalarda sizi s\u0131cak tutarken, stilinizi \u00f6n plana \u00e7\u0131kar\u0131r.<\/p>\n<hr data-start=\"414\" data-end=\"417\" \/>\n<h3 data-start=\"419\" data-end=\"447\">\ud83e\uddf5 <strong data-start=\"426\" data-end=\"445\">Informations mat\u00e9rielles<\/strong><strong data-start=\"109\" data-end=\"151\"><img loading=\"lazy\" decoding=\"async\" class=\"wd-lazy-fade size-full wp-image-28000 alignright\" src=\"https:\/\/tuffhandicraft.com\/wp-content\/themes\/woodmart\/images\/lazy.svg\" data-src=\"https:\/\/tuffhandicraft.com\/wp-content\/uploads\/2021\/08\/footer-logo-1.png\" alt=\"Uzun P\u00fcsk\u00fcll\u00fc Atk\u0131 \u2013 \u00c7ok Renkli, \u00d6zg\u00fcn\" width=\"220\" height=\"40\" title=\"\" srcset=\"\" data-srcset=\"https:\/\/tuffhandicraft.com\/wp-content\/uploads\/2021\/08\/footer-logo-1.png 220w, https:\/\/tuffhandicraft.com\/wp-content\/uploads\/2021\/08\/footer-logo-1-150x27.png 150w\" sizes=\"auto, (max-width: 220px) 100vw, 220px\" \/><\/strong><\/h3>\n<p data-start=\"448\" data-end=\"599\">Kaliteli, do\u011fal ipliklerle el \u00f6rg\u00fcs\u00fc olarak haz\u0131rlanan bu <a href=\"https:\/\/tuffhandicraft.com\/fr\/produit\/kapusonlu-uzun-atki\/\">atk\u0131,<\/a> cildinizle dost ve uzun \u00f6m\u00fcrl\u00fcd\u00fcr. P\u00fcsk\u00fcller, \u00fcr\u00fcn\u00fcn \u00f6zg\u00fcnl\u00fc\u011f\u00fcn\u00fc ve hareketini art\u0131r\u0131r.<\/p>\n<hr data-start=\"601\" data-end=\"604\" \/>\n<h3 data-start=\"606\" data-end=\"643\">\u2744\ufe0f <strong data-start=\"613\" data-end=\"641\">Domaine d&#039;utilisation et de confort<\/strong><\/h3>\n<ul data-start=\"644\" data-end=\"809\">\n<li data-start=\"644\" data-end=\"672\">\n<p data-start=\"646\" data-end=\"672\">G\u00fcnl\u00fck k\u0131\u015f kombinlerinde<\/p>\n<\/li>\n<li data-start=\"673\" data-end=\"714\">\n<p data-start=\"675\" data-end=\"714\">D\u0131\u015f mekan aktivitelerinde s\u0131cak tutar<\/p>\n<\/li>\n<li data-start=\"715\" data-end=\"754\">\n<p data-start=\"717\" data-end=\"754\">Hem casual hem \u015f\u0131k stillerle uyumlu<\/p>\n<\/li>\n<li data-start=\"755\" data-end=\"809\">\n<p data-start=\"757\" data-end=\"809\">Uzun boyu sayesinde farkl\u0131 ba\u011flama se\u00e7enekleri sunar<\/p>\n<\/li>\n<\/ul>\n<hr data-start=\"811\" data-end=\"814\" \/>\n<h3 data-start=\"816\" data-end=\"841\">\ud83c\udfa8 <strong data-start=\"823\" data-end=\"839\">Suggestion de style<\/strong><\/h3>\n<p data-start=\"842\" data-end=\"993\">Klasik kabanlar, paltolar veya oversize montlarla kombinleyerek k\u0131\u015f \u015f\u0131kl\u0131\u011f\u0131n\u0131z\u0131 tamamlayabilirsiniz. Canl\u0131 renkleri ile sade k\u0131yafetlere hareket katar.<\/p>\n<p data-start=\"842\" data-end=\"993\">Pour d&#039;autres mod\u00e8les qui pourraient convenir \u00e0 votre style et plus encore, visitez Tuff\u00a0<a href=\"https:\/\/www.pinterest.com\/TuffHandicraft01\/\" target=\"_blank\" rel=\"noopener\">Pinterest<\/a>\u00a0visitez le monde de.<\/p>\n<hr data-start=\"995\" data-end=\"998\" \/>\n<h3 data-start=\"1000\" data-end=\"1043\">\u267b\ufe0f <strong data-start=\"1007\" data-end=\"1041\">El Yap\u0131m\u0131 ve S\u00fcrd\u00fcr\u00fclebilirlik<\/strong><\/h3>\n<p data-start=\"1044\" data-end=\"1179\">S\u00fcrd\u00fcr\u00fclebilir moda prensiplerine uygun olarak el yap\u0131m\u0131d\u0131r. Seri \u00fcretime kar\u015f\u0131, etik ve s\u00fcrd\u00fcr\u00fclebilir bir tercih sunar. Her atk\u0131 benzersizdir.<\/p>\n<hr data-start=\"1181\" data-end=\"1184\" \/>\n<h3 data-start=\"1186\" data-end=\"1216\">\ud83e\uddfc <strong data-start=\"1193\" data-end=\"1214\">Bak\u0131m Talimatlar\u0131<\/strong><\/h3>\n<p data-start=\"1217\" data-end=\"1318\">So\u011fuk suda elde y\u0131kama, d\u00fcz zeminde kurutma \u00f6nerilir. Makinede y\u0131kama ve s\u0131kma i\u015flemi yap\u0131lmamal\u0131d\u0131r.<\/p>\n<hr data-start=\"1320\" data-end=\"1323\" \/>\n<h3 data-start=\"1325\" data-end=\"1370\">\u2728 <strong data-start=\"1331\" data-end=\"1370\">Neden Bu Atk\u0131y\u0131 Tercih Etmelisiniz?<\/strong><\/h3>\n<ul data-start=\"1372\" data-end=\"1550\">\n<li data-start=\"1372\" data-end=\"1407\">\n<p data-start=\"1374\" data-end=\"1407\">%100 el yap\u0131m\u0131 ve \u00f6zg\u00fcn tasar\u0131m<\/p>\n<\/li>\n<li data-start=\"1408\" data-end=\"1446\">\n<p data-start=\"1410\" data-end=\"1446\">\u00c7ok renkli, canl\u0131 ve dikkat \u00e7ekici<\/p>\n<\/li>\n<li data-start=\"1447\" data-end=\"1481\">\n<p data-start=\"1449\" data-end=\"1481\">Yumu\u015fak ve s\u0131cak tutan malzeme<\/p>\n<\/li>\n<li data-start=\"1482\" data-end=\"1518\">\n<p data-start=\"1484\" data-end=\"1518\">Uzun boyu ile \u00e7ok y\u00f6nl\u00fc kullan\u0131m<\/p>\n<\/li>\n<li data-start=\"1519\" data-end=\"1550\">\n<p data-start=\"1521\" data-end=\"1550\">S\u00fcrd\u00fcr\u00fclebilir ve \u00e7evre dostu<\/p>\n<\/li>\n<\/ul>","protected":false},"excerpt":{"rendered":"<p data-start=\"152\" data-end=\"266\">El yap\u0131m\u0131 \u00e7ok renkli uzun p\u00fcsk\u00fcll\u00fc atk\u0131, k\u0131\u015f stilinize enerjik ve \u00f6zg\u00fcn bir dokunu\u015f katar. Yumu\u015fak ve s\u0131cak tutar.<\/p>","protected":false},"featured_media":28294,"comment_status":"open","ping_status":"closed","template":"","meta":[],"product_brand":[691],"product_cat":[712,711],"product_tag":[1090,1083,976,769,974,1084,1089,1086,1087,1088,762,1085,973,1082,975],"class_list":{"0":"post-27643","1":"product","2":"type-product","3":"status-publish","4":"has-post-thumbnail","6":"product_brand-tuffhandicraft","7":"product_cat-atki","8":"product_cat-aksesuarlar","9":"product_tag-boho-atki","10":"product_tag-cok-renkli-atki","11":"product_tag-el-yapimi-atki","12":"product_tag-hediye-fikirleri","13":"product_tag-kislik-atki","14":"product_tag-orgu-atki","15":"product_tag-ozgun-tasarim-atki","16":"product_tag-puskullu-atki","17":"product_tag-renkli-orgu-atki","18":"product_tag-sicak-atki","19":"product_tag-surdurulebilir-moda","20":"product_tag-tig-isi-atki","21":"product_tag-uzun-atki","22":"product_tag-uzun-puskullu-atki","23":"product_tag-yumusak-atki","25":"first","26":"instock","27":"taxable","28":"shipping-taxable","29":"purchasable","30":"product-type-simple"},"_links":{"self":[{"href":"https:\/\/tuffhandicraft.com\/fr\/wp-json\/wp\/v2\/product\/27643","targetHints":{"allow":["GET"]}}],"collection":[{"href":"https:\/\/tuffhandicraft.com\/fr\/wp-json\/wp\/v2\/product"}],"about":[{"href":"https:\/\/tuffhandicraft.com\/fr\/wp-json\/wp\/v2\/types\/product"}],"replies":[{"embeddable":true,"href":"https:\/\/tuffhandicraft.com\/fr\/wp-json\/wp\/v2\/comments?post=27643"}],"version-history":[{"count":0,"href":"https:\/\/tuffhandicraft.com\/fr\/wp-json\/wp\/v2\/product\/27643\/revisions"}],"wp:featuredmedia":[{"embeddable":true,"href":"https:\/\/tuffhandicraft.com\/fr\/wp-json\/wp\/v2\/media\/28294"}],"wp:attachment":[{"href":"https:\/\/tuffhandicraft.com\/fr\/wp-json\/wp\/v2\/media?parent=27643"}],"wp:term":[{"taxonomy":"product_brand","embeddable":true,"href":"https:\/\/tuffhandicraft.com\/fr\/wp-json\/wp\/v2\/product_brand?post=27643"},{"taxonomy":"product_cat","embeddable":true,"href":"https:\/\/tuffhandicraft.com\/fr\/wp-json\/wp\/v2\/product_cat?post=27643"},{"taxonomy":"product_tag","embeddable":true,"href":"https:\/\/tuffhandicraft.com\/fr\/wp-json\/wp\/v2\/product_tag?post=27643"}],"curies":[{"name":"wp","href":"https:\/\/api.w.org\/{rel}","templated":true}]}}