{"id":27647,"date":"2025-05-11T00:24:33","date_gmt":"2025-05-10T21:24:33","guid":{"rendered":"https:\/\/tasarim.yusufkecici.com.tr\/urun\/small-crossbody-sling-bag-straw-mini-cell-phone-bag-handmade-blue-raffia-purse-hand-knitted-small-shoulder-bag-gift-for-her\/"},"modified":"2025-08-21T17:37:21","modified_gmt":"2025-08-21T14:37:21","slug":"kagit-ip-mini-canta","status":"publish","type":"product","link":"https:\/\/tuffhandicraft.com\/fr\/magaza\/canta\/capraz-canta\/kagit-ip-mini-canta\/","title":{"rendered":"Ka\u011f\u0131t \u0130p Mini \u00c7anta- \u00c7apraz Kullan\u0131m ve Minimalist"},"content":{"rendered":"<h3 data-start=\"191\" data-end=\"253\">\ud83d\udc5c <strong data-start=\"198\" data-end=\"253\">Ka\u011f\u0131t \u0130p Mini \u00c7anta \u2013 \u00c7apraz Kullan\u0131m ve Minimalist<\/strong><\/h3>\n<p data-start=\"255\" data-end=\"532\">Bu el yap\u0131m\u0131 mini \u00e7anta, ka\u011f\u0131t ipten \u00f6r\u00fclm\u00fc\u015f do\u011fal yap\u0131s\u0131yla minimal ve \u00e7evreci bir tarz sunar. Hafifli\u011fi, \u00e7apraz ask\u0131 konforu ve zarif g\u00f6r\u00fcn\u00fcm\u00fcyle hem \u015fehir hayat\u0131nda hem tatilde vazge\u00e7ilmez bir aksesuar haline gelir. Zamans\u0131z tasar\u0131m\u0131 sayesinde her ya\u015fa ve stile uyum sa\u011flar.<\/p>\n<hr data-start=\"534\" data-end=\"537\" \/>\n<h3 data-start=\"539\" data-end=\"567\">\ud83e\uddf5 <strong data-start=\"546\" data-end=\"565\">Informations mat\u00e9rielles<\/strong><img loading=\"lazy\" decoding=\"async\" class=\"wd-lazy-fade size-full wp-image-28000 alignright\" style=\"color: #333333; font-size: 16px;\" src=\"https:\/\/tuffhandicraft.com\/wp-content\/themes\/woodmart\/images\/lazy.svg\" data-src=\"https:\/\/tuffhandicraft.com\/wp-content\/uploads\/2021\/08\/footer-logo-1.png\" alt=\"Etnik DesKa\u011f\u0131t \u0130p Mini \u00c7anta\" width=\"220\" height=\"40\" title=\"\" srcset=\"\" data-srcset=\"https:\/\/tuffhandicraft.com\/wp-content\/uploads\/2021\/08\/footer-logo-1.png 220w, https:\/\/tuffhandicraft.com\/wp-content\/uploads\/2021\/08\/footer-logo-1-150x27.png 150w\" sizes=\"auto, (max-width: 220px) 100vw, 220px\" \/><\/h3>\n<p data-start=\"568\" data-end=\"785\">\u00c7anta, do\u011fa dostu ve geri d\u00f6n\u00fc\u015ft\u00fcr\u00fclebilir \u00f6zellikteki ka\u011f\u0131t ip ile tamamen el yap\u0131m\u0131 olarak \u00f6r\u00fclm\u00fc\u015ft\u00fcr. Bu do\u011fal iplik, hem hafif hem de sa\u011flamd\u0131r. \u00c7evreye zarar vermeyen yap\u0131s\u0131yla s\u00fcrd\u00fcr\u00fclebilir modaya katk\u0131 sa\u011flar.<\/p>\n<hr data-start=\"787\" data-end=\"790\" \/>\n<h3 data-start=\"792\" data-end=\"829\">\ud83c\udfaf <strong data-start=\"799\" data-end=\"827\">Domaine d&#039;utilisation et de confort<\/strong><\/h3>\n<ul data-start=\"830\" data-end=\"1108\">\n<li data-start=\"830\" data-end=\"886\">\n<p data-start=\"832\" data-end=\"886\">G\u00fcnl\u00fck kullan\u0131m, y\u00fcr\u00fcy\u00fc\u015fler veya tatiller i\u00e7in ideal<\/p>\n<\/li>\n<li data-start=\"887\" data-end=\"954\">\n<p data-start=\"889\" data-end=\"954\">Telefon, c\u00fczdan ve anahtar gibi temel e\u015fyalar i\u00e7in yeterli alan<\/p>\n<\/li>\n<li data-start=\"955\" data-end=\"1008\">\n<p data-start=\"957\" data-end=\"1008\">Ayarlanabilir \u00e7apraz ask\u0131s\u0131 ile rahat ta\u015f\u0131nabilir<\/p>\n<\/li>\n<li data-start=\"1009\" data-end=\"1054\">\n<p data-start=\"1011\" data-end=\"1054\">Mini boyutuyla hafif ve kolay ta\u015f\u0131nabilir<\/p>\n<\/li>\n<li data-start=\"1055\" data-end=\"1108\">\n<p data-start=\"1057\" data-end=\"1108\">Hem \u015fehirde hem sahil stilinde kusursuz tamamlay\u0131c\u0131<\/p>\n<\/li>\n<\/ul>\n<hr data-start=\"1110\" data-end=\"1113\" \/>\n<h3 data-start=\"1115\" data-end=\"1140\">\ud83c\udfa8 <strong data-start=\"1122\" data-end=\"1138\">Suggestion de style<\/strong><\/h3>\n<p data-start=\"1141\" data-end=\"1356\">Bohem elbiseler, keten tak\u0131mlar veya sade basic ti\u015f\u00f6rtlerle kombinlendi\u011finde do\u011fal ve zarif bir stil sunar. Ka\u011f\u0131t ip mini \u00e7anta minimal \u00e7izgileriyle ister g\u00fcnl\u00fck kullan\u0131mda, ister yaz ak\u015famlar\u0131nda \u015f\u0131kl\u0131\u011f\u0131 tamamlayan detay haline gelir.<\/p>\n<p data-start=\"1269\" data-end=\"1509\">Pour d&#039;autres mod\u00e8les qui pourraient convenir \u00e0 votre style et plus encore, visitez Tuff\u00a0<a href=\"https:\/\/www.pinterest.com\/TuffHandicraft01\/\" target=\"_blank\" rel=\"noopener\">Pinterest<\/a> visitez le monde de.<\/p>\n<hr data-start=\"1358\" data-end=\"1361\" \/>\n<h3 data-start=\"1363\" data-end=\"1406\">\u267b\ufe0f <strong data-start=\"1370\" data-end=\"1404\">El Yap\u0131m\u0131 ve S\u00fcrd\u00fcr\u00fclebilirlik<\/strong><\/h3>\n<p data-start=\"1407\" data-end=\"1644\">Bu <a href=\"https:\/\/tuffhandicraft.com\/fr\/produit\/kagit-ip-canta\/\">ka\u011f\u0131t ip mini \u00e7anta<\/a> yava\u015f moda anlay\u0131\u015f\u0131yla elde \u00f6r\u00fclm\u00fc\u015ft\u00fcr. Seri \u00fcretim yerine emek ve zamana dayal\u0131 \u00fcretim s\u00fcreci tercih edilmi\u015ftir. Ka\u011f\u0131t ip materyali geri d\u00f6n\u00fc\u015f\u00fcml\u00fcd\u00fcr ve do\u011fada \u00e7\u00f6z\u00fcn\u00fcr, b\u00f6ylece hem do\u011faya hem de etik modaya sayg\u0131 g\u00f6sterir.<\/p>\n<hr data-start=\"1646\" data-end=\"1649\" \/>\n<h3 data-start=\"1651\" data-end=\"1681\">\ud83e\uddfc <strong data-start=\"1658\" data-end=\"1679\">Bak\u0131m Talimatlar\u0131<\/strong><\/h3>\n<p data-start=\"1682\" data-end=\"1879\">Nemli bezle silerek kolayca temizlenebilir. Ka\u011f\u0131t ip yap\u0131s\u0131 gere\u011fi makinede y\u0131kanmas\u0131 veya \u0131slak ortamlarda uzun s\u00fcre b\u0131rak\u0131lmas\u0131 \u00f6nerilmez. Kuruyken saklanmal\u0131 ve d\u00fcz zeminde muhafaza edilmelidir.<\/p>\n<hr data-start=\"1881\" data-end=\"1884\" \/>\n<h3 data-start=\"1886\" data-end=\"1932\">\u2728 <strong data-start=\"1892\" data-end=\"1932\">Neden Bu \u00c7antay\u0131 Tercih Etmelisiniz?<\/strong><\/h3>\n<ul data-start=\"1934\" data-end=\"2150\">\n<li data-start=\"1934\" data-end=\"1967\">\n<p data-start=\"1936\" data-end=\"1967\">%100 el yap\u0131m\u0131 ve etik \u00fcretim<\/p>\n<\/li>\n<li data-start=\"1968\" data-end=\"1995\">\n<p data-start=\"1970\" data-end=\"1995\">Do\u011fal ka\u011f\u0131t ip materyal<\/p>\n<\/li>\n<li data-start=\"1996\" data-end=\"2032\">\n<p data-start=\"1998\" data-end=\"2032\">Hafif, pratik ve minimal tasar\u0131m<\/p>\n<\/li>\n<li data-start=\"2033\" data-end=\"2068\">\n<p data-start=\"2035\" data-end=\"2068\">\u00c7apraz ask\u0131l\u0131 konforlu kullan\u0131m<\/p>\n<\/li>\n<li data-start=\"2069\" data-end=\"2113\">\n<p data-start=\"2071\" data-end=\"2113\">G\u00fcnl\u00fck hayat ve yaz tatilleri i\u00e7in ideal<\/p>\n<\/li>\n<li data-start=\"2114\" data-end=\"2150\">\n<p data-start=\"2116\" data-end=\"2150\">S\u00fcrd\u00fcr\u00fclebilir ve do\u011faya dost \u00fcr\u00fcn<\/p>\n<\/li>\n<\/ul>","protected":false},"excerpt":{"rendered":"<p>El yap\u0131m\u0131 ka\u011f\u0131t ip mini \u00e7anta, hafif yap\u0131s\u0131 ve \u00e7apraz ask\u0131 detay\u0131yla g\u00fcnl\u00fck kullan\u0131m i\u00e7in idealdir. Minimalist tarz\u0131 ve do\u011fal dokusuyla her kombine zarif bir dokunu\u015f katar.<\/p>","protected":false},"featured_media":28260,"comment_status":"open","ping_status":"closed","template":"","meta":[],"product_brand":[691],"product_cat":[704,686],"product_tag":[846,870,1040,811,819,1020,1041,769,1036,1038,1042,1039,817,869,1043,904,1037],"class_list":{"0":"post-27647","1":"product","2":"type-product","3":"status-publish","4":"has-post-thumbnail","6":"product_brand-tuffhandicraft","7":"product_cat-capraz-canta","8":"product_cat-canta","9":"product_tag-boho-stil-canta","10":"product_tag-capraz-askili-canta","11":"product_tag-cevre-dostu-canta","12":"product_tag-doga-dostu-canta","13":"product_tag-el-orgusu-canta","14":"product_tag-el-yapimi-capraz-canta","15":"product_tag-gunluk-mini-canta","16":"product_tag-hediye-fikirleri","17":"product_tag-kagit-ip-mini-canta","18":"product_tag-kucuk-el-yapimi-canta","19":"product_tag-mavi","20":"product_tag-minimal-tasarim-canta","21":"product_tag-surdurulebilir-canta","22":"product_tag-telefon-cantasi","23":"product_tag-vegan-urun","24":"product_tag-yavas-moda-aksesuar","25":"product_tag-yazlik-mini-canta","27":"first","28":"instock","29":"sale","30":"taxable","31":"shipping-taxable","32":"purchasable","33":"product-type-simple"},"_links":{"self":[{"href":"https:\/\/tuffhandicraft.com\/fr\/wp-json\/wp\/v2\/product\/27647","targetHints":{"allow":["GET"]}}],"collection":[{"href":"https:\/\/tuffhandicraft.com\/fr\/wp-json\/wp\/v2\/product"}],"about":[{"href":"https:\/\/tuffhandicraft.com\/fr\/wp-json\/wp\/v2\/types\/product"}],"replies":[{"embeddable":true,"href":"https:\/\/tuffhandicraft.com\/fr\/wp-json\/wp\/v2\/comments?post=27647"}],"version-history":[{"count":1,"href":"https:\/\/tuffhandicraft.com\/fr\/wp-json\/wp\/v2\/product\/27647\/revisions"}],"predecessor-version":[{"id":30277,"href":"https:\/\/tuffhandicraft.com\/fr\/wp-json\/wp\/v2\/product\/27647\/revisions\/30277"}],"wp:featuredmedia":[{"embeddable":true,"href":"https:\/\/tuffhandicraft.com\/fr\/wp-json\/wp\/v2\/media\/28260"}],"wp:attachment":[{"href":"https:\/\/tuffhandicraft.com\/fr\/wp-json\/wp\/v2\/media?parent=27647"}],"wp:term":[{"taxonomy":"product_brand","embeddable":true,"href":"https:\/\/tuffhandicraft.com\/fr\/wp-json\/wp\/v2\/product_brand?post=27647"},{"taxonomy":"product_cat","embeddable":true,"href":"https:\/\/tuffhandicraft.com\/fr\/wp-json\/wp\/v2\/product_cat?post=27647"},{"taxonomy":"product_tag","embeddable":true,"href":"https:\/\/tuffhandicraft.com\/fr\/wp-json\/wp\/v2\/product_tag?post=27647"}],"curies":[{"name":"wp","href":"https:\/\/api.w.org\/{rel}","templated":true}]}}