{"id":27662,"date":"2025-05-11T00:24:48","date_gmt":"2025-05-10T21:24:48","guid":{"rendered":"https:\/\/tasarim.yusufkecici.com.tr\/urun\/crochet-hooded-scarf-long-purple-cowl-scarf-crochet-scoodie-scarf-knitted-hooded-neck-warmer-cozy-scarf-handmade-valentines-day-gift\/"},"modified":"2025-08-10T16:00:32","modified_gmt":"2025-08-10T13:00:32","slug":"kapusonlu-uzun-atki","status":"publish","type":"product","link":"https:\/\/tuffhandicraft.com\/fr\/magaza\/aksesuarlar\/atki\/kapusonlu-uzun-atki\/","title":{"rendered":"\u00c9charpe longue tricot\u00e9e \u00e0 la main avec capuche \u2013 Chaude et fonctionnelle"},"content":{"rendered":"<h3 data-start=\"146\" data-end=\"222\">\ud83e\uddf6 <strong data-start=\"153\" data-end=\"222\">Kap\u00fc\u015fonlu El \u00d6rg\u00fcs\u00fc Uzun Atk\u0131 \u2013\u00a0S\u0131cac\u0131k ve Fonksiyonel<\/strong><\/h3>\n<p data-start=\"224\" data-end=\"499\">El eme\u011fiyle \u00f6zenle \u00f6r\u00fclm\u00fc\u015f bu kap\u00fc\u015fonlu atk\u0131, k\u0131\u015f aylar\u0131nda seni s\u0131cak tutmakla kalmaz, ayn\u0131 zamanda \u015f\u0131kl\u0131\u011f\u0131n\u0131 ve fonksiyonelli\u011fini de art\u0131r\u0131r. Yumu\u015fak dokusu ve geni\u015f kesimi sayesinde boynu ve ba\u015f\u0131 so\u011fuktan korurken, zarif tasar\u0131m\u0131yla stiline estetik bir dokunu\u015f katar.<\/p>\n<hr data-start=\"501\" data-end=\"504\" \/>\n<h3 data-start=\"506\" data-end=\"537\">\ud83e\uddf5 <strong data-start=\"513\" data-end=\"535\">Malzeme ve \u0130\u015f\u00e7ilik<\/strong><strong data-start=\"153\" data-end=\"222\"><img loading=\"lazy\" decoding=\"async\" class=\"wd-lazy-fade size-full wp-image-28000 alignright\" src=\"https:\/\/tuffhandicraft.com\/wp-content\/themes\/woodmart\/images\/lazy.svg\" data-src=\"https:\/\/tuffhandicraft.com\/wp-content\/uploads\/2021\/08\/footer-logo-1.png\" alt=\"Kap\u00fc\u015fonlu El \u00d6rg\u00fcs\u00fc Uzun Atk\u0131 \u2013 S\u0131cac\u0131k ve Fonksiyonel\" width=\"220\" height=\"40\" title=\"\" srcset=\"\" data-srcset=\"https:\/\/tuffhandicraft.com\/wp-content\/uploads\/2021\/08\/footer-logo-1.png 220w, https:\/\/tuffhandicraft.com\/wp-content\/uploads\/2021\/08\/footer-logo-1-150x27.png 150w\" sizes=\"auto, (max-width: 220px) 100vw, 220px\" \/><\/strong><\/h3>\n<p data-start=\"538\" data-end=\"726\">Do\u011fal ve kaliteli ipliklerden tamamen el yap\u0131m\u0131 olan bu <a href=\"https:\/\/tuffhandicraft.com\/fr\/produit\/uzun-puskullu-atki\/\">atk\u0131,<\/a> nefes alabilir yap\u0131s\u0131 ile konfor sa\u011flar. Kap\u00fc\u015fon detay\u0131, so\u011fu\u011fa kar\u015f\u0131 ekstra koruma sunar ve pratik kullan\u0131m avantaj\u0131 yarat\u0131r.<\/p>\n<hr data-start=\"728\" data-end=\"731\" \/>\n<h3 data-start=\"733\" data-end=\"764\">\u2744\ufe0f <strong data-start=\"740\" data-end=\"762\">Kullan\u0131m ve Konfor<\/strong><\/h3>\n<ul data-start=\"765\" data-end=\"949\">\n<li data-start=\"765\" data-end=\"812\">\n<p data-start=\"767\" data-end=\"812\">So\u011fuk havalarda s\u0131cakl\u0131k ve rahatl\u0131k sa\u011flar<\/p>\n<\/li>\n<li data-start=\"813\" data-end=\"848\">\n<p data-start=\"815\" data-end=\"848\">Kap\u00fc\u015fonuyla ekstra koruma sunar<\/p>\n<\/li>\n<li data-start=\"849\" data-end=\"896\">\n<p data-start=\"851\" data-end=\"896\">Uzun ve geni\u015f yap\u0131s\u0131 ile \u00e7ok y\u00f6nl\u00fc kullan\u0131m<\/p>\n<\/li>\n<li data-start=\"897\" data-end=\"949\">\n<p data-start=\"899\" data-end=\"949\">Hem g\u00fcnl\u00fck hayatta hem outdoor aktivitelerde ideal<\/p>\n<\/li>\n<\/ul>\n<hr data-start=\"951\" data-end=\"954\" \/>\n<h3 data-start=\"956\" data-end=\"983\">\ud83c\udfa8 <strong data-start=\"963\" data-end=\"981\">Stil \u00d6nerileri<\/strong><\/h3>\n<p data-start=\"984\" data-end=\"1153\">Bu kap\u00fc\u015fonlu atk\u0131, basic kabanlar, montlar ve kazaklarla harika kombinlenir. Mor renk se\u00e7ene\u011fi, sade k\u0131\u015f k\u0131yafetlerine canl\u0131l\u0131k katar ve modern tarz\u0131n\u0131 \u00f6n plana \u00e7\u0131kar\u0131r.<\/p>\n<p data-start=\"984\" data-end=\"1153\">Pour d&#039;autres mod\u00e8les qui pourraient convenir \u00e0 votre style et plus encore, visitez Tuff\u00a0<a href=\"https:\/\/www.pinterest.com\/TuffHandicraft01\/\" target=\"_blank\" rel=\"noopener\">Pinterest<\/a>\u00a0visitez le monde de.<\/p>\n<hr data-start=\"1155\" data-end=\"1158\" \/>\n<h3 data-start=\"1160\" data-end=\"1204\">\u267b\ufe0f <strong data-start=\"1167\" data-end=\"1202\">El Yap\u0131m\u0131 &amp; S\u00fcrd\u00fcr\u00fclebilir Moda<\/strong><\/h3>\n<p data-start=\"1205\" data-end=\"1360\">Yava\u015f moda prensipleri do\u011frultusunda, etik ve do\u011fa dostu ko\u015fullarda \u00fcretilmi\u015ftir. Her par\u00e7a el eme\u011fi ile \u00f6r\u00fcld\u00fc\u011f\u00fc i\u00e7in e\u015fsiz ve s\u00fcrd\u00fcr\u00fclebilir bir \u00fcr\u00fcnd\u00fcr.<\/p>\n<hr data-start=\"1362\" data-end=\"1365\" \/>\n<h3 data-start=\"1367\" data-end=\"1395\">\ud83e\uddfc <strong data-start=\"1374\" data-end=\"1393\">Recommandations d&#039;entretien<\/strong><\/h3>\n<p data-start=\"1396\" data-end=\"1568\">So\u011fuk suda elde y\u0131kama ile atk\u0131n\u0131n formunu ve dokusunu koruyun. Makinede y\u0131kama ve s\u0131kma \u00f6nerilmez. Kurutma i\u015flemi i\u00e7in d\u00fcz zemine sererek do\u011fal \u015fekilde kurumaya b\u0131rak\u0131n\u0131z.<\/p>\n<hr data-start=\"1570\" data-end=\"1573\" \/>\n<h3 data-start=\"1575\" data-end=\"1647\">\u2728 <strong data-start=\"1581\" data-end=\"1645\">Neden Bu Atk\u0131y\u0131 Tercih Etmelisiniz?<\/strong><\/h3>\n<ul data-start=\"1648\" data-end=\"1848\">\n<li data-start=\"1648\" data-end=\"1696\">\n<p data-start=\"1650\" data-end=\"1696\">%100 el yap\u0131m\u0131, \u00f6zg\u00fcn ve fonksiyonel tasar\u0131m<\/p>\n<\/li>\n<li data-start=\"1697\" data-end=\"1743\">\n<p data-start=\"1699\" data-end=\"1743\">Yumu\u015fak, nefes alan ve s\u0131cak tutan malzeme<\/p>\n<\/li>\n<li data-start=\"1744\" data-end=\"1779\">\n<p data-start=\"1746\" data-end=\"1779\">Kap\u00fc\u015fon detay\u0131yla ekstra koruma<\/p>\n<\/li>\n<li data-start=\"1780\" data-end=\"1816\">\n<p data-start=\"1782\" data-end=\"1816\">\u015e\u0131k, rahat ve \u00e7ok y\u00f6nl\u00fc kullan\u0131m<\/p>\n<\/li>\n<li data-start=\"1817\" data-end=\"1848\">\n<p data-start=\"1819\" data-end=\"1848\">S\u00fcrd\u00fcr\u00fclebilir ve etik \u00fcretim<\/p>\n<\/li>\n<\/ul>","protected":false},"excerpt":{"rendered":"<p data-start=\"103\" data-end=\"208\">El yap\u0131m\u0131 mor kap\u00fc\u015fonu olan uzun atk\u0131, yumu\u015fak dokusu ve geni\u015f kesimiyle k\u0131\u015f\u0131n s\u0131cak ve \u015f\u0131k kalman\u0131z\u0131 sa\u011flar.<\/p>","protected":false},"featured_media":28171,"comment_status":"open","ping_status":"closed","template":"","meta":[],"product_brand":[691],"product_cat":[712,711],"product_tag":[977,972,976,980,769,970,974,981,971,978,762,979,973,753,975],"class_list":{"0":"post-27662","1":"product","2":"type-product","3":"status-publish","4":"has-post-thumbnail","6":"product_brand-tuffhandicraft","7":"product_cat-atki","8":"product_cat-aksesuarlar","9":"product_tag-dogal-iplik-atki","10":"product_tag-el-orgusu-atki","11":"product_tag-el-yapimi-atki","12":"product_tag-fonksiyonel-atki","13":"product_tag-hediye-fikirleri","14":"product_tag-kapusonlu-atki","15":"product_tag-kislik-atki","16":"product_tag-mor","17":"product_tag-mor-atki","18":"product_tag-sicak-tutan-atki","19":"product_tag-surdurulebilir-moda","20":"product_tag-unisex-atki","21":"product_tag-uzun-atki","22":"product_tag-yavas-moda","23":"product_tag-yumusak-atki","25":"first","26":"instock","27":"taxable","28":"shipping-taxable","29":"purchasable","30":"product-type-variable"},"_links":{"self":[{"href":"https:\/\/tuffhandicraft.com\/fr\/wp-json\/wp\/v2\/product\/27662","targetHints":{"allow":["GET"]}}],"collection":[{"href":"https:\/\/tuffhandicraft.com\/fr\/wp-json\/wp\/v2\/product"}],"about":[{"href":"https:\/\/tuffhandicraft.com\/fr\/wp-json\/wp\/v2\/types\/product"}],"replies":[{"embeddable":true,"href":"https:\/\/tuffhandicraft.com\/fr\/wp-json\/wp\/v2\/comments?post=27662"}],"version-history":[{"count":0,"href":"https:\/\/tuffhandicraft.com\/fr\/wp-json\/wp\/v2\/product\/27662\/revisions"}],"wp:featuredmedia":[{"embeddable":true,"href":"https:\/\/tuffhandicraft.com\/fr\/wp-json\/wp\/v2\/media\/28171"}],"wp:attachment":[{"href":"https:\/\/tuffhandicraft.com\/fr\/wp-json\/wp\/v2\/media?parent=27662"}],"wp:term":[{"taxonomy":"product_brand","embeddable":true,"href":"https:\/\/tuffhandicraft.com\/fr\/wp-json\/wp\/v2\/product_brand?post=27662"},{"taxonomy":"product_cat","embeddable":true,"href":"https:\/\/tuffhandicraft.com\/fr\/wp-json\/wp\/v2\/product_cat?post=27662"},{"taxonomy":"product_tag","embeddable":true,"href":"https:\/\/tuffhandicraft.com\/fr\/wp-json\/wp\/v2\/product_tag?post=27662"}],"curies":[{"name":"wp","href":"https:\/\/api.w.org\/{rel}","templated":true}]}}