{"id":27676,"date":"2025-05-11T00:25:00","date_gmt":"2025-05-10T21:25:00","guid":{"rendered":"https:\/\/tasarim.yusufkecici.com.tr\/urun\/crochet-bucket-hat-customizable-granny-square-hat-colorful-bucket-hat-handmade-beanie-unisex-hat-crochet-floral-hat-gift-for-her\/"},"modified":"2025-08-10T15:58:43","modified_gmt":"2025-08-10T12:58:43","slug":"besgen-motif-bucket-sapka","status":"publish","type":"product","link":"https:\/\/tuffhandicraft.com\/fr\/magaza\/aksesuarlar\/sapka\/besgen-motif-bucket-sapka\/","title":{"rendered":"Bob d&#039;hiver en tricot \u00e9pais \u00e0 motif pentagonal"},"content":{"rendered":"<h3 data-start=\"131\" data-end=\"215\">\ud83e\uddf6 <strong data-start=\"138\" data-end=\"213\">Bob d&#039;hiver en tricot \u00e9pais \u00e0 motif pentagonal \u2013 Fait main, chaud et \u00e9l\u00e9gant<\/strong><\/h3>\n<p data-start=\"217\" data-end=\"517\">Vous recherchez un chapeau qui vous gardera au chaud et refl\u00e9tera votre style lors des froides journ\u00e9es d&#039;hiver ? <strong data-start=\"306\" data-end=\"355\">Chapeau bob d&#039;hiver en tricot \u00e9pais avec motif pentagonal<\/strong>Ce bonnet est une pi\u00e8ce unique, fabriqu\u00e9e \u00e0 la main. Tricot\u00e9 avec soin \u00e0 partir de fils \u00e9pais, il apportera une touche d&#039;\u00e9nergie \u00e0 vos tenues d&#039;hiver, tant sur le plan fonctionnel qu&#039;esth\u00e9tique.<\/p>\n<hr data-start=\"519\" data-end=\"522\" \/>\n<h3 data-start=\"524\" data-end=\"552\">\ud83e\uddf5 <strong data-start=\"531\" data-end=\"550\">Informations mat\u00e9rielles<\/strong><img loading=\"lazy\" decoding=\"async\" class=\"wd-lazy-fade size-full wp-image-28000 alignright\" style=\"color: #333333; font-size: 16px;\" src=\"https:\/\/tuffhandicraft.com\/wp-content\/themes\/woodmart\/images\/lazy.svg\" data-src=\"https:\/\/tuffhandicraft.com\/wp-content\/uploads\/2021\/08\/footer-logo-1.png\" alt=\"Be\u015fgen Motifli Kal\u0131n \u00d6rg\u00fc K\u0131\u015fl\u0131k Bucket \u015eapka \" width=\"220\" height=\"40\" title=\"\" srcset=\"\" data-srcset=\"https:\/\/tuffhandicraft.com\/wp-content\/uploads\/2021\/08\/footer-logo-1.png 220w, https:\/\/tuffhandicraft.com\/wp-content\/uploads\/2021\/08\/footer-logo-1-150x27.png 150w\" sizes=\"auto, (max-width: 220px) 100vw, 220px\" \/><\/h3>\n<p data-start=\"553\" data-end=\"810\">Ce chapeau bob d&#039;hiver, <a href=\"https:\/\/tuffhandicraft.com\/fr\/produit\/pembe-ebruli-bere\/\">m\u00e9lange de laine<\/a> Fabriqu\u00e9 \u00e0 la main \u00e0 partir de fils \u00e9pais, il est doux et n&#039;irrite pas la peau. Il offre une protection efficace contre le vent et le froid. Fabriqu\u00e9 avec des mat\u00e9riaux respectueux de l&#039;environnement, il est durable et r\u00e9sistant.<\/p>\n<hr data-start=\"812\" data-end=\"815\" \/>\n<h3 data-start=\"817\" data-end=\"854\">\u2744\ufe0f <strong data-start=\"824\" data-end=\"852\">Domaine d&#039;utilisation et de confort<\/strong><\/h3>\n<ul data-start=\"855\" data-end=\"1005\">\n<li data-start=\"855\" data-end=\"888\">\n<p data-start=\"857\" data-end=\"888\">Utilisation quotidienne pendant les mois d&#039;hiver<\/p>\n<\/li>\n<li data-start=\"889\" data-end=\"913\">\n<p data-start=\"891\" data-end=\"913\">Activit\u00e9s de plein air<\/p>\n<\/li>\n<li data-start=\"914\" data-end=\"964\">\n<p data-start=\"916\" data-end=\"964\">Pour ceux qui veulent rester au chaud en ville et dans la nature<\/p>\n<\/li>\n<li data-start=\"965\" data-end=\"1005\">\n<p data-start=\"967\" data-end=\"1005\">Ski, randonn\u00e9e et autres sports d&#039;hiver<\/p>\n<\/li>\n<\/ul>\n<p data-start=\"1007\" data-end=\"1121\">Alors que la structure \u00e9paisse du chapeau prot\u00e8ge votre t\u00eate du froid, le d\u00e9tail pentagonal lui conf\u00e8re un look \u00e9l\u00e9gant et moderne.<\/p>\n<hr data-start=\"1123\" data-end=\"1126\" \/>\n<h3 data-start=\"1128\" data-end=\"1153\">\ud83c\udfa8 <strong data-start=\"1135\" data-end=\"1151\">Suggestion de style<\/strong><\/h3>\n<p data-start=\"1154\" data-end=\"1375\">Ce chapeau s&#039;accorde parfaitement avec des manteaux, des parkas, des pulls \u00e9pais et des bottes. Il s&#039;accorde parfaitement avec un style minimaliste, boh\u00e8me ou d\u00e9contract\u00e9. Sa texture en maille \u00e9paisse et ses motifs pentagonaux en font un accessoire dynamique pour compl\u00e9ter votre style hivernal.<\/p>\n<p data-start=\"1154\" data-end=\"1375\">Pour d&#039;autres mod\u00e8les qui pourraient convenir \u00e0 votre style et plus encore, visitez Tuff\u00a0<a href=\"https:\/\/www.pinterest.com\/TuffHandicraft01\/\" target=\"_blank\" rel=\"noopener\">Pinterest<\/a>\u00a0visitez le monde de.<\/p>\n<hr data-start=\"1377\" data-end=\"1380\" \/>\n<h3 data-start=\"1382\" data-end=\"1422\">\u267b\ufe0f <strong data-start=\"1389\" data-end=\"1420\">Durable et fait main<\/strong><\/h3>\n<p data-start=\"1423\" data-end=\"1614\">Ce chapeau est respectueux de l&#039;environnement, s&#039;opposant \u00e0 la fast fashion <strong data-start=\"1475\" data-end=\"1489\">mode lente<\/strong> Chaque pi\u00e8ce est tricot\u00e9e individuellement \u00e0 la main, cr\u00e9ant un produit unique et de haute qualit\u00e9.<\/p>\n<hr data-start=\"1616\" data-end=\"1619\" \/>\n<h3 data-start=\"1621\" data-end=\"1649\">\ud83e\uddfc <strong data-start=\"1628\" data-end=\"1647\">Recommandations d&#039;entretien<\/strong><\/h3>\n<p data-start=\"1650\" data-end=\"1797\">Lavez votre chapeau \u00e0 la main \u00e0 l&#039;eau froide et s\u00e9chez-le \u00e0 plat. Le lavage en machine ou l&#039;essorage sont d\u00e9conseill\u00e9s, afin qu&#039;il conserve sa forme et sa texture plus longtemps.<\/p>\n<hr data-start=\"1799\" data-end=\"1802\" \/>\n<h3 data-start=\"1804\" data-end=\"1886\">\u2728 <strong data-start=\"1810\" data-end=\"1884\">Pourquoi choisir ce chapeau d\u2019hiver pentagonal ?<\/strong><\/h3>\n<ul data-start=\"1887\" data-end=\"2120\">\n<li data-start=\"1887\" data-end=\"1914\">\n<p data-start=\"1889\" data-end=\"1914\">%100 el yap\u0131m\u0131 ve \u00f6zg\u00fcn<\/p>\n<\/li>\n<li data-start=\"1915\" data-end=\"1951\">\n<p data-start=\"1917\" data-end=\"1951\">Chaleur maximale avec tricot \u00e9pais<\/p>\n<\/li>\n<li data-start=\"1952\" data-end=\"1991\">\n<p data-start=\"1954\" data-end=\"1991\">Design pentagonal \u00e9l\u00e9gant et moderne<\/p>\n<\/li>\n<li data-start=\"1992\" data-end=\"2028\">\n<p data-start=\"1994\" data-end=\"2028\">Mat\u00e9riau durable et r\u00e9sistant<\/p>\n<\/li>\n<li data-start=\"2029\" data-end=\"2080\">\n<p data-start=\"2031\" data-end=\"2080\">Accessoire fonctionnel qui s&#039;adapte \u00e0 vos tenues d&#039;hiver<\/p>\n<\/li>\n<li data-start=\"2081\" data-end=\"2120\">\n<p data-start=\"2083\" data-end=\"2120\">Production durable et respectueuse de l&#039;environnement<\/p>\n<\/li>\n<\/ul>\n<hr data-start=\"2122\" data-end=\"2125\" \/>","protected":false},"excerpt":{"rendered":"<p>Le chapeau seau en tricot \u00e9pais pentagonal fait \u00e0 la main vous garde au chaud tout en restant \u00e9l\u00e9gant en hiver.<\/p>","protected":false},"featured_media":27832,"comment_status":"open","ping_status":"closed","template":"","meta":[],"product_brand":[691],"product_cat":[693,711],"product_tag":[887,873,884,879,886,876,877,769,885,875,880,874,882,762,878,881,883],"class_list":{"0":"post-27676","1":"product","2":"type-product","3":"status-publish","4":"has-post-thumbnail","6":"product_brand-tuffhandicraft","7":"product_cat-sapka","8":"product_cat-aksesuarlar","9":"product_tag-besgen-motif","10":"product_tag-besgen-motifli-sapka","11":"product_tag-boho-kis-sapkasi","12":"product_tag-el-orgusu-sapka","13":"product_tag-el-yapimi-aksesuar","14":"product_tag-el-yapimi-kislik-sapka","15":"product_tag-granny-motifli-sapka","16":"product_tag-hediye-fikirleri","17":"product_tag-kadin-orgu-sapka","18":"product_tag-kalin-orgu-bucket-sapka","19":"product_tag-kislik-bucket-sapka","20":"product_tag-orgu-kislik-sapka","21":"product_tag-renkli-orgu-sapka","22":"product_tag-surdurulebilir-moda","23":"product_tag-tig-isi-sapka","24":"product_tag-unisex-orgu-sapka","25":"product_tag-yavas-moda-urunu","27":"first","28":"instock","29":"taxable","30":"shipping-taxable","31":"purchasable","32":"product-type-simple"},"_links":{"self":[{"href":"https:\/\/tuffhandicraft.com\/fr\/wp-json\/wp\/v2\/product\/27676","targetHints":{"allow":["GET"]}}],"collection":[{"href":"https:\/\/tuffhandicraft.com\/fr\/wp-json\/wp\/v2\/product"}],"about":[{"href":"https:\/\/tuffhandicraft.com\/fr\/wp-json\/wp\/v2\/types\/product"}],"replies":[{"embeddable":true,"href":"https:\/\/tuffhandicraft.com\/fr\/wp-json\/wp\/v2\/comments?post=27676"}],"version-history":[{"count":0,"href":"https:\/\/tuffhandicraft.com\/fr\/wp-json\/wp\/v2\/product\/27676\/revisions"}],"wp:featuredmedia":[{"embeddable":true,"href":"https:\/\/tuffhandicraft.com\/fr\/wp-json\/wp\/v2\/media\/27832"}],"wp:attachment":[{"href":"https:\/\/tuffhandicraft.com\/fr\/wp-json\/wp\/v2\/media?parent=27676"}],"wp:term":[{"taxonomy":"product_brand","embeddable":true,"href":"https:\/\/tuffhandicraft.com\/fr\/wp-json\/wp\/v2\/product_brand?post=27676"},{"taxonomy":"product_cat","embeddable":true,"href":"https:\/\/tuffhandicraft.com\/fr\/wp-json\/wp\/v2\/product_cat?post=27676"},{"taxonomy":"product_tag","embeddable":true,"href":"https:\/\/tuffhandicraft.com\/fr\/wp-json\/wp\/v2\/product_tag?post=27676"}],"curies":[{"name":"wp","href":"https:\/\/api.w.org\/{rel}","templated":true}]}}