{"id":30243,"date":"2025-08-13T02:12:39","date_gmt":"2025-08-12T23:12:39","guid":{"rendered":"https:\/\/tuffhandicraft.com\/?post_type=product&#038;p=30243"},"modified":"2025-09-11T21:30:09","modified_gmt":"2025-09-11T18:30:09","slug":"cicek-nakisli-zarif-omuz-cantasi-0-el-emegi-detayli-iscilik","status":"publish","type":"product","link":"https:\/\/tuffhandicraft.com\/fr\/magaza\/canta\/omuz-cantasi\/cicek-nakisli-zarif-omuz-cantasi-0-el-emegi-detayli-iscilik\/","title":{"rendered":"\u00c7i\u00e7ek Nak\u0131\u015fl\u0131 Zarif Omuz \u00c7antas\u0131 \u2013 %100 El Eme\u011fi, Detayl\u0131 \u0130\u015f\u00e7ilik"},"content":{"rendered":"<h1 data-start=\"242\" data-end=\"317\"><strong data-start=\"244\" data-end=\"317\">\u00c7i\u00e7ek Nak\u0131\u015fl\u0131 El Eme\u011fi Omuz \u00c7antas\u0131 \u2013 %100 Zarif ve Benzersiz \u0130\u015f\u00e7ilik<\/strong><\/h1>\n<p data-start=\"318\" data-end=\"665\">El eme\u011fi ile \u00fcretilmi\u015f \u00e7i\u00e7ek nak\u0131\u015fl\u0131 omuz \u00e7antas\u0131, zarif tasar\u0131m\u0131 ve ince i\u015f\u00e7ili\u011fiyle hem g\u00fcnl\u00fck kombinlerde hem de \u00f6zel g\u00fcnlerde \u015f\u0131kl\u0131\u011f\u0131n\u0131z\u0131 tamamlar. Bu \u00f6zel tasar\u0131m, geleneksel nak\u0131\u015f sanat\u0131n\u0131 modern <a href=\"https:\/\/tuffhandicraft.com\/fr\/categorie-produit\/canta\/omuz-cantasi\/\">omuz \u00e7antas\u0131<\/a> formuyla bulu\u015fturur. Her bir \u00e7anta usta eller taraf\u0131ndan tek tek i\u015flenerek haz\u0131rlan\u0131r ve bu sayede her par\u00e7a tamamen benzersiz olur.<\/p>\n<hr data-start=\"667\" data-end=\"670\" \/>\n<h2 data-start=\"672\" data-end=\"735\"><strong data-start=\"675\" data-end=\"735\">\ud83c\udf38 \u00c7i\u00e7ek Nak\u0131\u015fl\u0131 El Eme\u011fi Omuz \u00c7antas\u0131 ile Gelen Zarafet<\/strong><\/h2>\n<p data-start=\"736\" data-end=\"988\">\u00c7antan\u0131n \u00fczerinde yer alan \u00f6zenle i\u015flenmi\u015f \u00e7i\u00e7ek nak\u0131\u015flar\u0131, estetik bir g\u00f6r\u00fcn\u00fcm sunarken el eme\u011fi i\u015f\u00e7ili\u011fin de\u011ferini de g\u00f6zler \u00f6n\u00fcne serer. Kulland\u0131\u011f\u0131m\u0131z kaliteli kuma\u015f ve detayl\u0131 diki\u015f teknikleri sayesinde uzun \u00f6m\u00fcrl\u00fc ve dayan\u0131kl\u0131 bir kullan\u0131m sa\u011flar.<\/p>\n<hr data-start=\"990\" data-end=\"993\" \/>\n<h2 data-start=\"995\" data-end=\"1032\"><strong data-start=\"998\" data-end=\"1032\">\ud83d\udccf Malzeme ve \u00dcretim Detaylar\u0131<\/strong><\/h2>\n<ul data-start=\"1033\" data-end=\"1205\">\n<li data-start=\"1033\" data-end=\"1061\">\n<p data-start=\"1035\" data-end=\"1061\"><strong data-start=\"1035\" data-end=\"1059\">%100 el eme\u011fi \u00fcretim<\/strong><\/p>\n<\/li>\n<li data-start=\"1062\" data-end=\"1098\">\n<p data-start=\"1064\" data-end=\"1098\">Y\u00fcksek kaliteli, dayan\u0131kl\u0131 kuma\u015f<\/p>\n<\/li>\n<li data-start=\"1099\" data-end=\"1138\">\n<p data-start=\"1101\" data-end=\"1138\">\u0130nce i\u015flenmi\u015f \u00e7i\u00e7ek nak\u0131\u015f detaylar\u0131<\/p>\n<\/li>\n<li data-start=\"1139\" data-end=\"1171\">\n<p data-start=\"1141\" data-end=\"1171\">Hafif yap\u0131 ve geni\u015f i\u00e7 hacim<\/p>\n<\/li>\n<li data-start=\"1172\" data-end=\"1205\">\n<p data-start=\"1174\" data-end=\"1205\">Konforlu omuz ask\u0131s\u0131 tasar\u0131m\u0131<\/p>\n<\/li>\n<\/ul>\n<p data-start=\"1207\" data-end=\"1356\">El eme\u011fi \u00fcretim tekni\u011fi sayesinde, her \u00e7antan\u0131n nak\u0131\u015f yerle\u015fimi ve desen dokusu k\u00fc\u00e7\u00fck farkl\u0131l\u0131klar g\u00f6sterebilir. Bu da her par\u00e7ay\u0131 tek ve \u00f6zel k\u0131lar.<\/p>\n<hr data-start=\"1358\" data-end=\"1361\" \/>\n<h2 data-start=\"1363\" data-end=\"1387\"><strong data-start=\"1366\" data-end=\"1387\">\ud83c\udfaf Kullan\u0131m Alan\u0131<\/strong><\/h2>\n<p data-start=\"1388\" data-end=\"1648\">\u00c7i\u00e7ek nak\u0131\u015fl\u0131 el eme\u011fi omuz \u00e7antas\u0131, g\u00fcndelik kullan\u0131mda, \u00f6zel davetlerde, al\u0131\u015fveri\u015fte veya seyahatlerde stilinizi tamamlamak i\u00e7in m\u00fckemmeldir. Hafif yap\u0131s\u0131 sayesinde ta\u015f\u0131mas\u0131 kolayd\u0131r, geni\u015f i\u00e7 hacmi ise g\u00fcnl\u00fck e\u015fyalar\u0131n\u0131z\u0131 d\u00fczenli \u015fekilde saklaman\u0131z\u0131 sa\u011flar.<\/p>\n<hr data-start=\"1650\" data-end=\"1653\" \/>\n<h2 data-start=\"1655\" data-end=\"1678\"><strong data-start=\"1658\" data-end=\"1678\">\u2728 Stil \u00d6nerileri<\/strong><\/h2>\n<p data-start=\"1679\" data-end=\"1911\">Bu \u00e7antay\u0131 beyaz veya pastel tonlarda elbiseler, kot pantolonlar ve yazl\u0131k bluzlarla kombinleyerek \u00e7i\u00e7ek nak\u0131\u015f detaylar\u0131n\u0131 \u00f6n plana \u00e7\u0131karabilirsiniz. \u00d6zellikle bohem ve vintage tarz\u0131 sevenler i\u00e7in vazge\u00e7ilmez bir aksesuar olacakt\u0131r.<\/p>\n<hr data-start=\"1913\" data-end=\"1916\" \/>\n<h2 data-start=\"1918\" data-end=\"1966\"><strong data-start=\"1921\" data-end=\"1966\">\u267b\ufe0f El Yap\u0131m\u0131 De\u011fer ve S\u00fcrd\u00fcr\u00fclebilir Moda<\/strong><\/h2>\n<p data-start=\"1967\" data-end=\"2187\">Seri \u00fcretim yerine, tamamen elde ve s\u0131n\u0131rl\u0131 say\u0131da \u00fcretilen \u00e7i\u00e7ek nak\u0131\u015fl\u0131 el eme\u011fi omuz \u00e7antas\u0131, \u00e7evre dostu bir moda anlay\u0131\u015f\u0131n\u0131n par\u00e7as\u0131d\u0131r. El i\u015f\u00e7ili\u011fi sayesinde her \u00fcr\u00fcn, ustas\u0131n\u0131n eme\u011fini ve ki\u015fisel dokunu\u015funu ta\u015f\u0131r.<\/p>\n<hr data-start=\"2189\" data-end=\"2192\" \/>\n<h2 data-start=\"2194\" data-end=\"2240\"><strong data-start=\"2197\" data-end=\"2240\">\ud83d\udd17 Daha Fazla El Yap\u0131m\u0131 \u00c7anta Modelleri<\/strong><\/h2>\n<p data-start=\"2241\" data-end=\"2364\">Benzer \u00fcr\u00fcnlerimizi <a class=\"cursor-pointer\" target=\"_new\" rel=\"noopener\" data-start=\"2261\" data-end=\"2330\">el yap\u0131m\u0131 \u00e7anta koleksiyonu<\/a> sayfam\u0131zdan inceleyebilirsiniz.<\/p>\n<p data-start=\"2366\" data-end=\"2566\">El eme\u011fi \u00fcr\u00fcnler ve nak\u0131\u015f sanat\u0131 hakk\u0131nda daha fazla bilgi i\u00e7in <a href=\"https:\/\/www.pinterest.com\/TuffHandicraft01\/\" target=\"_blank\" rel=\"noopener\">Pinterest<\/a> sayfam\u0131z\u0131 ziyaret edebilirsiniz.<\/p>","protected":false},"excerpt":{"rendered":"<p>%100 el eme\u011fiyle \u00fcretilmi\u015f \u00e7i\u00e7ek nak\u0131\u015fl\u0131 omuz \u00e7antas\u0131. Zarif tasar\u0131m, detayl\u0131 i\u015f\u00e7ilik ve benzersiz el yap\u0131m\u0131 \u015f\u0131kl\u0131k bir arada.<\/p>","protected":false},"featured_media":30253,"comment_status":"open","ping_status":"closed","template":"","meta":[],"product_brand":[691],"product_cat":[724,686],"product_tag":[1650,1658,1652,1645,1646,1648,1659,1655,1653,1660,1656,1654,1649,1647,1657,1651],"class_list":{"0":"post-30243","1":"product","2":"type-product","3":"status-publish","4":"has-post-thumbnail","6":"product_brand-tuffhandicraft","7":"product_cat-omuz-cantasi","8":"product_cat-canta","9":"product_tag-bohem-omuz-cantasi","10":"product_tag-bohemian-shoulder-bag","11":"product_tag-cicek-nakisli-el-isi-canta","12":"product_tag-cicek-nakisli-omuz-cantasi","13":"product_tag-el-emegi-omuz-cantasi","14":"product_tag-el-yapimi-omuz-cantasi","15":"product_tag-elegant-bag-designs","16":"product_tag-embroidered-bag-designs","17":"product_tag-floral-embroidered-shoulder-bag","18":"product_tag-floral-embroidery-handmade-bag","19":"product_tag-handcrafted-shoulder-bag","20":"product_tag-handmade-shoulder-bag","21":"product_tag-kadin-omuz-cantasi","22":"product_tag-nakisli-canta-modelleri","23":"product_tag-women-shoulder-bag","24":"product_tag-zarif-canta-modelleri","26":"first","27":"instock","28":"sale","29":"taxable","30":"shipping-taxable","31":"purchasable","32":"product-type-simple"},"_links":{"self":[{"href":"https:\/\/tuffhandicraft.com\/fr\/wp-json\/wp\/v2\/product\/30243","targetHints":{"allow":["GET"]}}],"collection":[{"href":"https:\/\/tuffhandicraft.com\/fr\/wp-json\/wp\/v2\/product"}],"about":[{"href":"https:\/\/tuffhandicraft.com\/fr\/wp-json\/wp\/v2\/types\/product"}],"replies":[{"embeddable":true,"href":"https:\/\/tuffhandicraft.com\/fr\/wp-json\/wp\/v2\/comments?post=30243"}],"version-history":[{"count":1,"href":"https:\/\/tuffhandicraft.com\/fr\/wp-json\/wp\/v2\/product\/30243\/revisions"}],"predecessor-version":[{"id":30257,"href":"https:\/\/tuffhandicraft.com\/fr\/wp-json\/wp\/v2\/product\/30243\/revisions\/30257"}],"wp:featuredmedia":[{"embeddable":true,"href":"https:\/\/tuffhandicraft.com\/fr\/wp-json\/wp\/v2\/media\/30253"}],"wp:attachment":[{"href":"https:\/\/tuffhandicraft.com\/fr\/wp-json\/wp\/v2\/media?parent=30243"}],"wp:term":[{"taxonomy":"product_brand","embeddable":true,"href":"https:\/\/tuffhandicraft.com\/fr\/wp-json\/wp\/v2\/product_brand?post=30243"},{"taxonomy":"product_cat","embeddable":true,"href":"https:\/\/tuffhandicraft.com\/fr\/wp-json\/wp\/v2\/product_cat?post=30243"},{"taxonomy":"product_tag","embeddable":true,"href":"https:\/\/tuffhandicraft.com\/fr\/wp-json\/wp\/v2\/product_tag?post=30243"}],"curies":[{"name":"wp","href":"https:\/\/api.w.org\/{rel}","templated":true}]}}