{"id":30320,"date":"2025-09-01T22:57:23","date_gmt":"2025-09-01T19:57:23","guid":{"rendered":"https:\/\/tuffhandicraft.com\/?post_type=product&#038;p=30320"},"modified":"2025-09-01T22:57:35","modified_gmt":"2025-09-01T19:57:35","slug":"ucuk-pembe-kagit-ip-omuz-cantasi","status":"publish","type":"product","link":"https:\/\/tuffhandicraft.com\/fr\/magaza\/canta\/omuz-cantasi\/ucuk-pembe-kagit-ip-omuz-cantasi\/","title":{"rendered":"U\u00e7uk Pembe Ka\u011f\u0131t \u0130p Omuz \u00c7antas\u0131"},"content":{"rendered":"<h1 data-start=\"0\" data-end=\"65\">U\u00e7uk Pembe Ka\u011f\u0131t \u0130p Omuz \u00c7antas\u0131 | Mini AirPods K\u0131l\u0131f\u0131 Hediyeli<\/h1>\n<p data-start=\"67\" data-end=\"292\">U\u00e7uk pembe tonunda, el yap\u0131m\u0131 <strong data-start=\"97\" data-end=\"113\">omuz \u00e7antas\u0131<\/strong>; g\u00fcnl\u00fck kullan\u0131mda hafif, \u015f\u0131k ve dayan\u0131kl\u0131.<br data-start=\"157\" data-end=\"160\" \/>Sete dahil <strong data-start=\"171\" data-end=\"194\">mini AirPods k\u0131l\u0131f\u0131<\/strong>, \u00e7antan\u0131n <strong data-start=\"205\" data-end=\"218\">\u201cyavrusu\u201d<\/strong> gibi ayn\u0131 stilde ve ip dokusunda \u00fcretilmi\u015ftir; tam uyumlu g\u00f6r\u00fcn\u00fcm sa\u011flar.<\/p>\n<h2 data-start=\"294\" data-end=\"340\">\u2728 Ka\u011f\u0131t \u0130p Omuz \u00c7antas\u0131 \u2013 Malzeme &amp; \u0130\u015f\u00e7ilik<\/h2>\n<ul data-start=\"341\" data-end=\"619\">\n<li data-start=\"341\" data-end=\"400\">\n<p data-start=\"343\" data-end=\"400\">D\u0131\u015f: <strong data-start=\"348\" data-end=\"360\">Ka\u011f\u0131t ip<\/strong> \u00f6rg\u00fc (hafif ama formunu koruyan yap\u0131)<\/p>\n<\/li>\n<li data-start=\"401\" data-end=\"440\">\n<p data-start=\"403\" data-end=\"440\">\u0130\u00e7: <strong data-start=\"407\" data-end=\"422\">Pamuk astar<\/strong>, 1 k\u00fc\u00e7\u00fck i\u00e7 cep<\/p>\n<\/li>\n<li data-start=\"441\" data-end=\"510\">\n<p data-start=\"443\" data-end=\"510\">Ask\u0131: Omzu <strong data-start=\"454\" data-end=\"468\">incitmeyen<\/strong> geni\u015f \u015ferit; elde\/omuzda rahat kullan\u0131m<\/p>\n<\/li>\n<li data-start=\"511\" data-end=\"566\">\n<p data-start=\"513\" data-end=\"566\">Kapan\u0131\u015f: G\u00fcvenli <strong data-start=\"530\" data-end=\"550\">m\u0131knat\u0131s\/fermuar<\/strong> (modele g\u00f6re)<\/p>\n<\/li>\n<li data-start=\"567\" data-end=\"619\">\n<p data-start=\"569\" data-end=\"619\">Donan\u0131m: Dayan\u0131kl\u0131 metal aksesuarlar (renk uyumlu)<\/p>\n<\/li>\n<\/ul>\n<h3 data-start=\"621\" data-end=\"668\">\ud83e\uddf5 Mini AirPods K\u0131l\u0131f\u0131 \u2013 Tam Uyumlu \u201cYavru\u201d<\/h3>\n<ul data-start=\"669\" data-end=\"868\">\n<li data-start=\"669\" data-end=\"732\">\n<p data-start=\"671\" data-end=\"732\">Ayn\u0131 <strong data-start=\"676\" data-end=\"689\">ip dokusu<\/strong> ve renk tonuyla \u00e7antaya <strong data-start=\"714\" data-end=\"725\">birebir<\/strong> uyar<\/p>\n<\/li>\n<li data-start=\"733\" data-end=\"804\">\n<p data-start=\"735\" data-end=\"804\">Karabina\/halkayla \u00e7antaya tak\u0131labilir; tek ba\u015f\u0131na da kullan\u0131labilir<\/p>\n<\/li>\n<li data-start=\"805\" data-end=\"868\">\n<p data-start=\"807\" data-end=\"868\">Kulakl\u0131k, minik anahtar ya da bozuk para i\u00e7in pratik mini cep<\/p>\n<\/li>\n<\/ul>\n<h2 data-start=\"870\" data-end=\"893\">\ud83c\udfaf Kullan\u0131m &amp; Konfor<\/h2>\n<ul data-start=\"894\" data-end=\"1095\">\n<li data-start=\"894\" data-end=\"960\">\n<p data-start=\"896\" data-end=\"960\"><strong data-start=\"896\" data-end=\"921\">Ka\u011f\u0131t ip <a href=\"https:\/\/tuffhandicraft.com\/fr\/categorie-produit\/canta\/omuz-cantasi\/\">omuz \u00e7antas\u0131<\/a><\/strong> hafifli\u011fiyle uzun g\u00fcnlerde y\u00fck olmaz<\/p>\n<\/li>\n<li data-start=\"961\" data-end=\"1036\">\n<p data-start=\"963\" data-end=\"1036\">Astarl\u0131 i\u00e7 yap\u0131 temel e\u015fyalar\u0131 d\u00fczenli tutar (telefon, c\u00fczdan, anahtar)<\/p>\n<\/li>\n<li data-start=\"1037\" data-end=\"1095\">\n<p data-start=\"1039\" data-end=\"1095\">\u015eehir i\u00e7i, tatil ve g\u00fcnl\u00fck kombinlere <strong data-start=\"1077\" data-end=\"1090\">\u00e7ok y\u00f6nl\u00fc<\/strong> uyum<\/p>\n<\/li>\n<\/ul>\n<h2 data-start=\"1097\" data-end=\"1115\">\ud83d\udc57 Stil \u00d6nerisi<\/h2>\n<ul data-start=\"1116\" data-end=\"1319\">\n<li data-start=\"1116\" data-end=\"1171\">\n<p data-start=\"1118\" data-end=\"1171\"><strong data-start=\"1118\" data-end=\"1129\">G\u00fcnl\u00fck:<\/strong> Beyaz keten g\u00f6mlek + mom jean + sneaker<\/p>\n<\/li>\n<li data-start=\"1172\" data-end=\"1222\">\n<p data-start=\"1174\" data-end=\"1222\"><strong data-start=\"1174\" data-end=\"1184\">Ak\u015fam:<\/strong> Saten slip elbise + minimal tak\u0131lar<\/p>\n<\/li>\n<li data-start=\"1223\" data-end=\"1319\">\n<p data-start=\"1225\" data-end=\"1319\"><strong data-start=\"1225\" data-end=\"1236\">Yazl\u0131k:<\/strong> Keten \u015fort tak\u0131m + sandalet; mini k\u0131l\u0131f\u0131 \u00e7antan\u0131n d\u0131\u015f\u0131na asarak aksesuara d\u00f6n\u00fc\u015ft\u00fcr<\/p>\n<\/li>\n<\/ul>\n<h2 data-start=\"1321\" data-end=\"1356\">\ud83c\udf3f S\u00fcrd\u00fcr\u00fclebilirlik &amp; El Yap\u0131m\u0131<\/h2>\n<ul data-start=\"1357\" data-end=\"1528\">\n<li data-start=\"1357\" data-end=\"1430\">\n<p data-start=\"1359\" data-end=\"1430\">Uzun \u00f6m\u00fcr odakl\u0131 <a href=\"https:\/\/www.pinterest.com\/tuffhandicraft01\/\" target=\"_blank\" rel=\"noopener\"><strong data-start=\"1376\" data-end=\"1386\">el i\u015fi<\/strong><\/a> \u00f6rg\u00fc; k\u00fc\u00e7\u00fck \u00f6l\u00e7ekli, sipari\u015fe g\u00f6re \u00fcretim<\/p>\n<\/li>\n<li data-start=\"1431\" data-end=\"1488\">\n<p data-start=\"1433\" data-end=\"1488\">Malzeme israf\u0131n\u0131 azaltan <strong data-start=\"1458\" data-end=\"1476\">sorumlu \u00fcretim<\/strong> yakla\u015f\u0131m\u0131<\/p>\n<\/li>\n<li data-start=\"1489\" data-end=\"1528\">\n<p data-start=\"1491\" data-end=\"1528\">Yerel emek ile adil ve \u00f6zenli i\u015f\u00e7ilik<\/p>\n<\/li>\n<\/ul>\n<h2 data-start=\"1530\" data-end=\"1553\">\ud83e\uddfd Bak\u0131m Talimatlar\u0131<\/h2>\n<ul data-start=\"1554\" data-end=\"1734\">\n<li data-start=\"1554\" data-end=\"1596\">\n<p data-start=\"1556\" data-end=\"1596\">Nemli, yumu\u015fak bir bezle nazik\u00e7e silin<\/p>\n<\/li>\n<li data-start=\"1597\" data-end=\"1672\">\n<p data-start=\"1599\" data-end=\"1672\">A\u011f\u0131r y\u00fcklerle formunu zorlamay\u0131n; do\u011frudan g\u00fcne\u015fte uzun s\u00fcre b\u0131rakmay\u0131n<\/p>\n<\/li>\n<li data-start=\"1673\" data-end=\"1734\">\n<p data-start=\"1675\" data-end=\"1734\">Kuru ve serin yerde saklay\u0131n; makinede y\u0131kamay\u0131n\/kurutmay\u0131n<\/p>\n<\/li>\n<\/ul>\n<h2 data-start=\"1736\" data-end=\"1763\">\u2b50 Neden Tercih Edilmeli?<\/h2>\n<ul data-start=\"1764\" data-end=\"2031\">\n<li data-start=\"1764\" data-end=\"1819\">\n<p data-start=\"1766\" data-end=\"1819\">U\u00e7uk pembe, <strong data-start=\"1778\" data-end=\"1790\">zamans\u0131z<\/strong> ve yumu\u015fak bir renk paleti<\/p>\n<\/li>\n<li data-start=\"1820\" data-end=\"1883\">\n<p data-start=\"1822\" data-end=\"1883\"><strong data-start=\"1822\" data-end=\"1854\">Mini AirPods k\u0131l\u0131f\u0131 hediyeli<\/strong>; tam uyumlu \u201cset\u201d g\u00f6r\u00fcn\u00fcm\u00fc<\/p>\n<\/li>\n<li data-start=\"1884\" data-end=\"1946\">\n<p data-start=\"1886\" data-end=\"1946\"><strong data-start=\"1886\" data-end=\"1911\">Ka\u011f\u0131t ip omuz \u00e7antas\u0131<\/strong>: hafiflik + dayan\u0131kl\u0131l\u0131k dengesi<\/p>\n<\/li>\n<li data-start=\"1947\" data-end=\"1991\">\n<p data-start=\"1949\" data-end=\"1991\">Astarl\u0131 i\u00e7 yap\u0131 ile <strong data-start=\"1969\" data-end=\"1980\">d\u00fczenli<\/strong> kullan\u0131m<\/p>\n<\/li>\n<li data-start=\"1992\" data-end=\"2031\">\n<p data-start=\"1994\" data-end=\"2031\">El yap\u0131m\u0131, s\u0131n\u0131rl\u0131 \u00fcretim, \u00f6zg\u00fcn doku<\/p>\n<\/li>\n<\/ul>","protected":false},"excerpt":{"rendered":"<p>\u00e7uk pembe ka\u011f\u0131t ip omuz \u00e7antas\u0131: astarl\u0131, hafif ve el yap\u0131m\u0131. Mini AirPods k\u0131l\u0131f\u0131 hediyesiyle tam uyumlu set g\u00f6r\u00fcn\u00fcm\u00fc. S\u00fcrd\u00fcr\u00fclebilir \u00fcretim \u2013 Tuffhandicraft.<\/p>","protected":false},"featured_media":30327,"comment_status":"open","ping_status":"closed","template":"","meta":[],"product_brand":[691],"product_cat":[724,686],"product_tag":[812,1677,1674,1676,1678,1679,1680,817,740,1675],"class_list":{"0":"post-30320","1":"product","2":"type-product","3":"status-publish","4":"has-post-thumbnail","6":"product_brand-tuffhandicraft","7":"product_cat-omuz-cantasi","8":"product_cat-canta","9":"product_tag-el-yapimi-canta","10":"product_tag-hediyeli-canta","11":"product_tag-kagit-ip-omuz-cantasi","12":"product_tag-mini-airpods-kilifi","13":"product_tag-orgu-omuz-cantasi","14":"product_tag-paper-yarn-bag","15":"product_tag-pastel-pink-bag","16":"product_tag-surdurulebilir-canta","17":"product_tag-tuffhandicraft","18":"product_tag-ucuk-pembe-canta","20":"first","21":"instock","22":"sale","23":"taxable","24":"shipping-taxable","25":"purchasable","26":"product-type-simple"},"_links":{"self":[{"href":"https:\/\/tuffhandicraft.com\/fr\/wp-json\/wp\/v2\/product\/30320","targetHints":{"allow":["GET"]}}],"collection":[{"href":"https:\/\/tuffhandicraft.com\/fr\/wp-json\/wp\/v2\/product"}],"about":[{"href":"https:\/\/tuffhandicraft.com\/fr\/wp-json\/wp\/v2\/types\/product"}],"replies":[{"embeddable":true,"href":"https:\/\/tuffhandicraft.com\/fr\/wp-json\/wp\/v2\/comments?post=30320"}],"version-history":[{"count":1,"href":"https:\/\/tuffhandicraft.com\/fr\/wp-json\/wp\/v2\/product\/30320\/revisions"}],"predecessor-version":[{"id":30332,"href":"https:\/\/tuffhandicraft.com\/fr\/wp-json\/wp\/v2\/product\/30320\/revisions\/30332"}],"wp:featuredmedia":[{"embeddable":true,"href":"https:\/\/tuffhandicraft.com\/fr\/wp-json\/wp\/v2\/media\/30327"}],"wp:attachment":[{"href":"https:\/\/tuffhandicraft.com\/fr\/wp-json\/wp\/v2\/media?parent=30320"}],"wp:term":[{"taxonomy":"product_brand","embeddable":true,"href":"https:\/\/tuffhandicraft.com\/fr\/wp-json\/wp\/v2\/product_brand?post=30320"},{"taxonomy":"product_cat","embeddable":true,"href":"https:\/\/tuffhandicraft.com\/fr\/wp-json\/wp\/v2\/product_cat?post=30320"},{"taxonomy":"product_tag","embeddable":true,"href":"https:\/\/tuffhandicraft.com\/fr\/wp-json\/wp\/v2\/product_tag?post=30320"}],"curies":[{"name":"wp","href":"https:\/\/api.w.org\/{rel}","templated":true}]}}