{"id":30452,"date":"2025-09-14T16:52:41","date_gmt":"2025-09-14T13:52:41","guid":{"rendered":"https:\/\/tuffhandicraft.com\/?post_type=product&#038;p=30452"},"modified":"2025-10-01T00:48:13","modified_gmt":"2025-09-30T21:48:13","slug":"desenli-file-ust","status":"publish","type":"product","link":"https:\/\/tuffhandicraft.com\/fr\/magaza\/rave\/desenli-file-ust\/","title":{"rendered":"Desenli File \u00dcst- Bohem ve Festival Stili"},"content":{"rendered":"<h1 data-start=\"159\" data-end=\"208\">\ud83e\uddf5 Desenli File \u00dcst \u2013 Bohem ve Festival Stili<\/h1>\n<p data-start=\"224\" data-end=\"434\">Bohem tarz\u0131n \u00f6zg\u00fcr ruhunu yans\u0131tan <strong data-start=\"259\" data-end=\"279\">Desenli File \u00dcst<\/strong>, yaz aylar\u0131nda festivalden plaj kombinlerine kadar stilini tamamlayacak \u00f6zg\u00fcn bir par\u00e7a. Hafif ve nefes alan yap\u0131s\u0131yla seni g\u00fcn boyu serin, \u00f6zel i\u015flenmi\u015f deseni ile \u015f\u0131k tutar.<\/p>\n<h3 data-start=\"436\" data-end=\"460\">\u00a0\ud83e\uddf6 Informations mat\u00e9rielles<\/h3>\n<ul data-start=\"461\" data-end=\"586\">\n<li data-start=\"461\" data-end=\"479\">\n<p data-start=\"463\" data-end=\"479\">%100 el \u00f6rg\u00fcs\u00fc<\/p>\n<\/li>\n<li data-start=\"480\" data-end=\"521\">\n<p data-start=\"482\" data-end=\"521\">Pamuk kar\u0131\u015f\u0131ml\u0131, nefes alabilen iplik<\/p>\n<\/li>\n<li data-start=\"522\" data-end=\"586\">\n<p data-start=\"524\" data-end=\"586\">Filet (a\u011f desenli) t\u0131\u011f i\u015fi tekni\u011fiyle i\u015flenmi\u015f \u00f6zel motifler<\/p>\n<\/li>\n<\/ul>\n<h3 data-start=\"588\" data-end=\"621\">\ud83c\udf1e Kullan\u0131m Alan\u0131 ve Konfor<\/h3>\n<p data-start=\"622\" data-end=\"778\">G\u00fcne\u015fli plaj g\u00fcnlerinde bikini \u00fcst\u00fcne, \u015fehirde \u015fort veya etekle kombinleyerek rahatl\u0131kla kullanabilirsin. Hem g\u00fcnd\u00fcz hem de gece kombinlerine uyum sa\u011flar.<\/p>\n<h3 data-start=\"780\" data-end=\"801\">\ud83d\udc57 Stil \u00d6nerisi<\/h3>\n<p data-start=\"802\" data-end=\"972\">Bohem tak\u0131lar, has\u0131r \u015fapkalar veya y\u00fcksek bel jean \u015fortlarla kombinleyerek festival ruhunu yakalayabilirsin. Ak\u015fam serinli\u011finde ise hafif bir ceketle tamamlayabilirsin.<br \/>\nPour d&#039;autres mod\u00e8les qui pourraient convenir \u00e0 votre style et plus encore, visitez Tuff\u00a0<a href=\"https:\/\/www.pinterest.com\/TuffHandicraft01\/\" target=\"_blank\" rel=\"noopener\">Pinterest<\/a>\u00a0visitez le monde de.<\/p>\n<h3 data-start=\"974\" data-end=\"1013\">\ud83c\udf31 El Yap\u0131m\u0131 ve S\u00fcrd\u00fcr\u00fclebilirlik<\/h3>\n<p data-start=\"1014\" data-end=\"1126\">Desenli file \u00fcst \u00f6zenle ve el i\u015f\u00e7ili\u011fiyle \u00fcretildi. S\u00fcrd\u00fcr\u00fclebilir moda anlay\u0131\u015f\u0131na uygun olarak zamans\u0131z bir stil sunar.<br \/>\nUzun \u00f6m\u00fcr odakl\u0131 i\u015f\u00e7ilik;\u00a0<strong data-start=\"1351\" data-end=\"1369\">Artisanat du tuf<\/strong>\u2019\u0131n\u00a0<a href=\"https:\/\/tuffhandicraft.com\/fr\/ileri-donusum\/\">s\u00fcrd\u00fcr\u00fclebilir yakla\u015f\u0131m\u0131<\/a>yla uyumlu.<\/p>\n<h3 data-start=\"1128\" data-end=\"1154\">\ud83e\uddfc Conseils d&#039;entretien<\/h3>\n<ul data-start=\"1155\" data-end=\"1258\">\n<li data-start=\"1155\" data-end=\"1185\">\n<p data-start=\"1157\" data-end=\"1185\">Elde, so\u011fuk suda y\u0131kay\u0131n\u0131z<\/p>\n<\/li>\n<li data-start=\"1186\" data-end=\"1211\">\n<p data-start=\"1188\" data-end=\"1211\">D\u00fcz zeminde kurutunuz<\/p>\n<\/li>\n<li data-start=\"1212\" data-end=\"1258\">\n<p data-start=\"1214\" data-end=\"1258\">A\u011fart\u0131c\u0131 ve kurutma makinesi kullanmay\u0131n\u0131z<\/p>\n<\/li>\n<\/ul>\n<h3 data-start=\"1260\" data-end=\"1289\">\ud83d\udc8e Neden Tercih Etmeli?<\/h3>\n<ul data-start=\"1290\" data-end=\"1463\">\n<li data-start=\"1290\" data-end=\"1330\">\n<p data-start=\"1292\" data-end=\"1330\">%100 el yap\u0131m\u0131, \u00f6zel desenli i\u015f\u00e7ilik<\/p>\n<\/li>\n<li data-start=\"1331\" data-end=\"1364\">\n<p data-start=\"1333\" data-end=\"1364\">Hafif, nefes alan ve konforlu<\/p>\n<\/li>\n<li data-start=\"1365\" data-end=\"1413\">\n<p data-start=\"1367\" data-end=\"1413\">Bohem &amp; festival tarz\u0131na uygun \u00f6zg\u00fcn tasar\u0131m<\/p>\n<\/li>\n<li data-start=\"1414\" data-end=\"1463\">\n<p data-start=\"1416\" data-end=\"1463\">S\u00fcrd\u00fcr\u00fclebilir moda de\u011ferleriyle \u00fcretilmi\u015ftir<\/p>\n<\/li>\n<\/ul>","protected":false},"excerpt":{"rendered":"<p>Desenli File \u00dcst, bohem ve festival tarz\u0131n\u0131 yans\u0131tan %100 el yap\u0131m\u0131 t\u0131\u011f i\u015fi bluz. Hafif, nefes alan yap\u0131s\u0131yla yaz\u0131n vazge\u00e7ilmez par\u00e7as\u0131.<\/p>","protected":false},"featured_media":30459,"comment_status":"open","ping_status":"closed","template":"","meta":[],"product_brand":[691],"product_cat":[714,697],"product_tag":[1837,1840,1842,1835,1001,1838,769,1002,763,1839,1841,762,911,1836,997],"class_list":{"0":"post-30452","1":"product","2":"type-product","3":"status-publish","4":"has-post-thumbnail","6":"product_brand-tuffhandicraft","7":"product_cat-rave","8":"product_cat-crop-top","9":"product_tag-bohem-tarz-ust","10":"product_tag-bohem-yaz-modasi","11":"product_tag-boyundan-baglamali","12":"product_tag-desenli-file-ust","13":"product_tag-el-yapimi-ust","14":"product_tag-festival-stili-bluz","15":"product_tag-hediye-fikirleri","16":"product_tag-nefes-alan-bluz","17":"product_tag-ozgun-tasarim","18":"product_tag-plaj-kombin-ustu","19":"product_tag-rave","20":"product_tag-surdurulebilir-moda","21":"product_tag-tig-isi-bluz","22":"product_tag-yazlik-orgu-bluz","23":"product_tag-yazlik-ust","25":"first","26":"instock","27":"sale","28":"taxable","29":"shipping-taxable","30":"purchasable","31":"product-type-variable"},"_links":{"self":[{"href":"https:\/\/tuffhandicraft.com\/fr\/wp-json\/wp\/v2\/product\/30452","targetHints":{"allow":["GET"]}}],"collection":[{"href":"https:\/\/tuffhandicraft.com\/fr\/wp-json\/wp\/v2\/product"}],"about":[{"href":"https:\/\/tuffhandicraft.com\/fr\/wp-json\/wp\/v2\/types\/product"}],"replies":[{"embeddable":true,"href":"https:\/\/tuffhandicraft.com\/fr\/wp-json\/wp\/v2\/comments?post=30452"}],"version-history":[{"count":1,"href":"https:\/\/tuffhandicraft.com\/fr\/wp-json\/wp\/v2\/product\/30452\/revisions"}],"predecessor-version":[{"id":30467,"href":"https:\/\/tuffhandicraft.com\/fr\/wp-json\/wp\/v2\/product\/30452\/revisions\/30467"}],"wp:featuredmedia":[{"embeddable":true,"href":"https:\/\/tuffhandicraft.com\/fr\/wp-json\/wp\/v2\/media\/30459"}],"wp:attachment":[{"href":"https:\/\/tuffhandicraft.com\/fr\/wp-json\/wp\/v2\/media?parent=30452"}],"wp:term":[{"taxonomy":"product_brand","embeddable":true,"href":"https:\/\/tuffhandicraft.com\/fr\/wp-json\/wp\/v2\/product_brand?post=30452"},{"taxonomy":"product_cat","embeddable":true,"href":"https:\/\/tuffhandicraft.com\/fr\/wp-json\/wp\/v2\/product_cat?post=30452"},{"taxonomy":"product_tag","embeddable":true,"href":"https:\/\/tuffhandicraft.com\/fr\/wp-json\/wp\/v2\/product_tag?post=30452"}],"curies":[{"name":"wp","href":"https:\/\/api.w.org\/{rel}","templated":true}]}}