{"id":30701,"date":"2025-11-30T18:45:19","date_gmt":"2025-11-30T15:45:19","guid":{"rendered":"https:\/\/tuffhandicraft.com\/?post_type=product&#038;p=30701"},"modified":"2025-11-30T20:40:10","modified_gmt":"2025-11-30T17:40:10","slug":"el-yapimi-mini-capraz-canta-telefon-cantasi-kopya","status":"publish","type":"product","link":"https:\/\/tuffhandicraft.com\/fr\/magaza\/canta\/capraz-canta\/el-yapimi-mini-capraz-canta-telefon-cantasi-kopya\/","title":{"rendered":"El Yap\u0131m\u0131 Mini \u00c7apraz \u00c7anta | Telefon \u00c7antas\u0131 (Kopya)"},"content":{"rendered":"<h3 data-start=\"302\" data-end=\"383\">\ud83d\udc5c <strong data-start=\"309\" data-end=\"381\">Mini \u00c7apraz \u00c7anta \u2013 Telefon \u00c7antas\u0131 , T\u0131\u011f \u0130\u015fi Yazl\u0131k \u00c7anta<\/strong><\/h3>\n<p data-start=\"384\" data-end=\"679\">\ud83d\udcf1 G\u00fcnl\u00fck stiline hem i\u015flev hem de do\u011fall\u0131k katmak ister misin? Bu <strong data-start=\"451\" data-end=\"482\">Mini \u00c7apraz Telefon \u00c7antas\u0131<\/strong>, el yap\u0131m\u0131 dokusu ve sade tasar\u0131m\u0131yla yaz aylar\u0131n\u0131n vazge\u00e7ilmezi olmaya aday. Kompakt boyutu sayesinde telefonunu ve ki\u015fisel e\u015fyalar\u0131n\u0131 ta\u015f\u0131rken ellerin serbest kal\u0131r, sen \u00f6zg\u00fcrce hareket edersin.<\/p>\n<hr data-start=\"681\" data-end=\"684\" \/>\n<h3 data-start=\"686\" data-end=\"714\"><strong style=\"color: #333333; font-size: 16px;\" data-start=\"451\" data-end=\"482\"><img loading=\"lazy\" decoding=\"async\" class=\"wd-lazy-fade size-full wp-image-28000 alignright\" src=\"https:\/\/tuffhandicraft.com\/wp-content\/themes\/woodmart\/images\/lazy.svg\" data-src=\"https:\/\/tuffhandicraft.com\/wp-content\/uploads\/2021\/08\/footer-logo-1.png\" alt=\"El Yap\u0131m\u0131 Mini \u00c7apraz \u00c7anta- Telefon \u00c7antas\u0131\" width=\"220\" height=\"40\" title=\"\" srcset=\"\" data-srcset=\"https:\/\/tuffhandicraft.com\/wp-content\/uploads\/2021\/08\/footer-logo-1.png 220w, https:\/\/tuffhandicraft.com\/wp-content\/uploads\/2021\/08\/footer-logo-1-150x27.png 150w\" sizes=\"auto, (max-width: 220px) 100vw, 220px\" \/><\/strong>\ud83e\uddf5 <strong data-start=\"693\" data-end=\"712\">Informations mat\u00e9rielles<\/strong><\/h3>\n<p data-start=\"715\" data-end=\"958\">\u00c7anta, %100 el eme\u011fi ile t\u0131\u011f i\u015fi olarak \u00f6r\u00fclm\u00fc\u015ft\u00fcr. Hafif pamuk kar\u0131\u015f\u0131ml\u0131 iplikler kullan\u0131lm\u0131\u015ft\u0131r. Yumu\u015fak dokusu sayesinde ciltle dosttur, ayn\u0131 zamanda dayan\u0131kl\u0131 yap\u0131s\u0131yla uzun s\u00fcreli kullan\u0131m sa\u011flar. Sentetik materyal i\u00e7ermez, <a href=\"https:\/\/tuffhandicraft.com\/fr\/produit\/doga-dostu-kagit-ip-canta\/\">do\u011fa dostudur.<\/a><\/p>\n<hr data-start=\"960\" data-end=\"963\" \/>\n<h3 data-start=\"965\" data-end=\"1002\">\ud83c\udfaf <strong data-start=\"972\" data-end=\"1000\">Domaine d&#039;utilisation et de confort<\/strong><\/h3>\n<p data-start=\"1003\" data-end=\"1101\">Bu mini \u00e7apraz \u00e7anta, k\u00fc\u00e7\u00fck boyutuyla fonksiyonel bir kullan\u0131m sunar.<br data-start=\"1072\" data-end=\"1075\" \/>\u0130deal kullan\u0131m alanlar\u0131:<\/p>\n<ul data-start=\"1102\" data-end=\"1220\">\n<li data-start=\"1102\" data-end=\"1123\">\n<p data-start=\"1104\" data-end=\"1123\">G\u00fcnl\u00fck y\u00fcr\u00fcy\u00fc\u015fler<\/p>\n<\/li>\n<li data-start=\"1124\" data-end=\"1144\">\n<p data-start=\"1126\" data-end=\"1144\">\u015eehir i\u00e7i ula\u015f\u0131m<\/p>\n<\/li>\n<li data-start=\"1145\" data-end=\"1170\">\n<p data-start=\"1147\" data-end=\"1170\">Festival ve konserler<\/p>\n<\/li>\n<li data-start=\"1171\" data-end=\"1220\">\n<p data-start=\"1173\" data-end=\"1220\">Tatil, plaj, kamp gibi a\u00e7\u0131k hava etkinlikleri<\/p>\n<\/li>\n<\/ul>\n<p data-start=\"1222\" data-end=\"1404\"><strong data-start=\"1222\" data-end=\"1261\">Telefon, kartl\u0131k, anahtar, kulakl\u0131k<\/strong> gibi g\u00fcnl\u00fck e\u015fyalar\u0131 ta\u015f\u0131man\u0131z i\u00e7in tasarlanm\u0131\u015ft\u0131r. Ayarlanabilir omuz ask\u0131s\u0131 sayesinde hem omuzda hem \u00e7apraz \u015fekilde konforla kullan\u0131labilir.<\/p>\n<hr data-start=\"1406\" data-end=\"1409\" \/>\n<h3 data-start=\"1411\" data-end=\"1436\">\ud83c\udfa8 <strong data-start=\"1418\" data-end=\"1434\">Suggestion de style<\/strong><\/h3>\n<p data-start=\"1437\" data-end=\"1688\">Boho, minimalist veya casual tarz\u0131 benimseyenler i\u00e7in harika bir tamamlay\u0131c\u0131. Keten elbiseler, \u015fort\u2013ti\u015f\u00f6rt kombinleri, sala\u015f g\u00f6mlekler veya sandaletlerle kullan\u0131ld\u0131\u011f\u0131nda g\u00f6r\u00fcn\u00fcm\u00fcn\u00fc g\u00fc\u00e7lendirir. Renkli tasar\u0131m\u0131 sayesinde sade kombinlere canl\u0131l\u0131k katar.<\/p>\n<p data-start=\"1437\" data-end=\"1688\">Pour d&#039;autres mod\u00e8les qui pourraient convenir \u00e0 votre style et plus encore, visitez Tuff\u00a0<a href=\"https:\/\/www.pinterest.com\/TuffHandicraft01\/\" target=\"_blank\" rel=\"noopener\">Pinterest<\/a> visitez le monde de.<\/p>\n<hr data-start=\"1690\" data-end=\"1693\" \/>\n<h3 data-start=\"1695\" data-end=\"1733\">\u267b\ufe0f <strong data-start=\"1702\" data-end=\"1731\">S\u00fcrd\u00fcr\u00fclebilirlik Vurgusu<\/strong><\/h3>\n<p data-start=\"1734\" data-end=\"1975\">Ce produit, <strong data-start=\"1743\" data-end=\"1774\">h\u0131zl\u0131 moda anlay\u0131\u015f\u0131na kar\u015f\u0131<\/strong> el eme\u011fi ile \u00fcretilmi\u015ftir. Do\u011fa dostu malzemelerle haz\u0131rlanm\u0131\u015f, seri \u00fcretim yerine etik ve yava\u015f moda anlay\u0131\u015f\u0131 benimsenmi\u015ftir. Her biri elde \u00f6r\u00fcld\u00fc\u011f\u00fc i\u00e7in \u00e7antalar\u0131n her biri e\u015fsiz detaylara sahiptir.<\/p>\n<hr data-start=\"1977\" data-end=\"1980\" \/>\n<h3 data-start=\"1982\" data-end=\"2012\">\ud83e\uddfc <strong data-start=\"1989\" data-end=\"2010\">Bak\u0131m Talimatlar\u0131<\/strong><\/h3>\n<p data-start=\"2013\" data-end=\"2166\">So\u011fuk suda elde y\u0131kaman\u0131z \u00f6nerilir. Makinede y\u0131kama ve kurutma \u00f6nerilmez. P\u00fcsk\u00fcl ya da aksesuar varsa formunun korunmas\u0131 i\u00e7in d\u00fcz zeminde kurutulmal\u0131d\u0131r.<\/p>\n<hr data-start=\"2168\" data-end=\"2171\" \/>\n<h3 data-start=\"2173\" data-end=\"2243\">\u2728 <strong data-start=\"2179\" data-end=\"2241\">Neden Bu Mini \u00c7apraz Telefon \u00c7antas\u0131n\u0131 Tercih Etmelisiniz?<\/strong><\/h3>\n<ul data-start=\"2244\" data-end=\"2534\">\n<li data-start=\"2244\" data-end=\"2262\">\n<p data-start=\"2246\" data-end=\"2262\">%100 el yap\u0131m\u0131<\/p>\n<\/li>\n<li data-start=\"2263\" data-end=\"2304\">\n<p data-start=\"2265\" data-end=\"2304\">T\u0131\u011f i\u015fi do\u011fal pamuk iplikten \u00fcretildi<\/p>\n<\/li>\n<li data-start=\"2305\" data-end=\"2341\">\n<p data-start=\"2307\" data-end=\"2341\">Hafif, pratik ve kompakt tasar\u0131m<\/p>\n<\/li>\n<li data-start=\"2342\" data-end=\"2381\">\n<p data-start=\"2344\" data-end=\"2381\">Telefon ve k\u00fc\u00e7\u00fck e\u015fyalar i\u00e7in ideal<\/p>\n<\/li>\n<li data-start=\"2382\" data-end=\"2411\">\n<p data-start=\"2384\" data-end=\"2411\">Ayarlanabilir \u00e7apraz ask\u0131<\/p>\n<\/li>\n<li data-start=\"2412\" data-end=\"2449\">\n<p data-start=\"2414\" data-end=\"2449\">Yaz aylar\u0131 i\u00e7in \u015f\u0131k ve kullan\u0131\u015fl\u0131<\/p>\n<\/li>\n<li data-start=\"2450\" data-end=\"2489\">\n<p data-start=\"2452\" data-end=\"2489\">Boho ve minimalist tarzlarla uyumlu<\/p>\n<\/li>\n<li data-start=\"2490\" data-end=\"2534\">\n<p data-start=\"2492\" data-end=\"2534\">S\u00fcrd\u00fcr\u00fclebilir \u00fcretim &amp; etik moda anlay\u0131\u015f\u0131<\/p>\n<\/li>\n<\/ul>","protected":false},"excerpt":{"rendered":"<p>El yap\u0131m\u0131 t\u0131\u011f i\u015fi mini \u00e7apraz \u00e7anta, telefon ve k\u00fc\u00e7\u00fck e\u015fyalar\u0131n\u0131z\u0131 ta\u015f\u0131mak i\u00e7in hafif, \u015f\u0131k ve do\u011fa dostu bir yazl\u0131k aksesuard\u0131r.<\/p>","protected":false},"featured_media":28910,"comment_status":"open","ping_status":"closed","template":"","meta":[],"product_brand":[691],"product_cat":[686,704],"product_tag":[820,870,811,819,812,815,769,825,872,871,868,813,762,869,839,816],"class_list":{"0":"post-30701","1":"product","2":"type-product","3":"status-publish","4":"has-post-thumbnail","6":"product_brand-tuffhandicraft","7":"product_cat-canta","8":"product_cat-capraz-canta","9":"product_tag-boho-canta","10":"product_tag-capraz-askili-canta","11":"product_tag-doga-dostu-canta","12":"product_tag-el-orgusu-canta","13":"product_tag-el-yapimi-canta","14":"product_tag-hafif-canta","15":"product_tag-hediye-fikirleri","16":"product_tag-kadin-cantasi","17":"product_tag-kompakt-telefon-cantasi","18":"product_tag-kucuk-capraz-canta","19":"product_tag-mini-capraz-canta","20":"product_tag-orgu-canta","21":"product_tag-surdurulebilir-moda","22":"product_tag-telefon-cantasi","23":"product_tag-tig-isi-canta","24":"product_tag-yazlik-canta","26":"first","27":"instock","28":"sale","29":"taxable","30":"shipping-taxable","31":"purchasable","32":"product-type-simple"},"_links":{"self":[{"href":"https:\/\/tuffhandicraft.com\/fr\/wp-json\/wp\/v2\/product\/30701","targetHints":{"allow":["GET"]}}],"collection":[{"href":"https:\/\/tuffhandicraft.com\/fr\/wp-json\/wp\/v2\/product"}],"about":[{"href":"https:\/\/tuffhandicraft.com\/fr\/wp-json\/wp\/v2\/types\/product"}],"replies":[{"embeddable":true,"href":"https:\/\/tuffhandicraft.com\/fr\/wp-json\/wp\/v2\/comments?post=30701"}],"version-history":[{"count":1,"href":"https:\/\/tuffhandicraft.com\/fr\/wp-json\/wp\/v2\/product\/30701\/revisions"}],"predecessor-version":[{"id":30702,"href":"https:\/\/tuffhandicraft.com\/fr\/wp-json\/wp\/v2\/product\/30701\/revisions\/30702"}],"wp:featuredmedia":[{"embeddable":true,"href":"https:\/\/tuffhandicraft.com\/fr\/wp-json\/wp\/v2\/media\/28910"}],"wp:attachment":[{"href":"https:\/\/tuffhandicraft.com\/fr\/wp-json\/wp\/v2\/media?parent=30701"}],"wp:term":[{"taxonomy":"product_brand","embeddable":true,"href":"https:\/\/tuffhandicraft.com\/fr\/wp-json\/wp\/v2\/product_brand?post=30701"},{"taxonomy":"product_cat","embeddable":true,"href":"https:\/\/tuffhandicraft.com\/fr\/wp-json\/wp\/v2\/product_cat?post=30701"},{"taxonomy":"product_tag","embeddable":true,"href":"https:\/\/tuffhandicraft.com\/fr\/wp-json\/wp\/v2\/product_tag?post=30701"}],"curies":[{"name":"wp","href":"https:\/\/api.w.org\/{rel}","templated":true}]}}