{"id":14,"date":"2025-05-28T21:17:30","date_gmt":"2025-05-28T18:17:30","guid":{"rendered":"https:\/\/tasarim.yusufkecici.com.tr\/?page_id=14"},"modified":"2025-05-28T21:26:33","modified_gmt":"2025-05-28T18:26:33","slug":"geri-odeme-ve-iade-politikasi","status":"publish","type":"page","link":"https:\/\/tuffhandicraft.com\/ru\/geri-odeme-ve-iade-politikasi\/","title":{"rendered":"\u041f\u043e\u043b\u0438\u0442\u0438\u043a\u0430 \u0432\u043e\u0437\u0432\u0440\u0430\u0442\u0430 \u0438 \u0432\u043e\u0437\u0432\u0440\u0430\u0442\u0430"},"content":{"rendered":"<p><strong>Tuff Handicraft \u2013 \u041f\u0440\u0430\u0432\u0438\u043b\u0430 \u043e\u0442\u043c\u0435\u043d\u044b \u0437\u0430\u043a\u0430\u0437\u0430 \u0438 \u0432\u043e\u0437\u0432\u0440\u0430\u0442\u0430 \u0441\u0440\u0435\u0434\u0441\u0442\u0432<\/strong><\/p>\n\n\n\n<p>\u0412 Tuff Handicraft \u043c\u044b \u0446\u0435\u043d\u0438\u043c \u0443\u0434\u043e\u0432\u043b\u0435\u0442\u0432\u043e\u0440\u0435\u043d\u043d\u043e\u0441\u0442\u044c \u043a\u043b\u0438\u0435\u043d\u0442\u043e\u0432. \u041f\u0440\u0430\u0432\u0438\u043b\u0430 \u0432\u043e\u0437\u0432\u0440\u0430\u0442\u0430 \u0438 \u043e\u0431\u043c\u0435\u043d\u0430 \u043f\u0440\u0438\u043e\u0431\u0440\u0435\u0442\u0435\u043d\u043d\u044b\u0445 \u0432\u0430\u043c\u0438 \u0442\u043e\u0432\u0430\u0440\u043e\u0432 \u0443\u043a\u0430\u0437\u0430\u043d\u044b \u043d\u0438\u0436\u0435:<\/p>\n\n\n\n<p><strong>1. \u041f\u0440\u043e\u0446\u0435\u0434\u0443\u0440\u0430 \u0430\u043d\u043d\u0443\u043b\u0438\u0440\u043e\u0432\u0430\u043d\u0438\u044f:<\/strong><br>\u0415\u0441\u043b\u0438 \u0432\u0430\u0448 \u0437\u0430\u043a\u0430\u0437 \u0435\u0449\u0435 \u043d\u0435 \u043e\u0442\u043f\u0440\u0430\u0432\u043b\u0435\u043d, \u0432\u044b \u043c\u043e\u0436\u0435\u0442\u0435 \u0435\u0433\u043e \u043e\u0442\u043c\u0435\u043d\u0438\u0442\u044c. <a>info@tuffhandicraft.com<\/a> \u0412\u044b \u043c\u043e\u0436\u0435\u0442\u0435 \u043e\u0442\u043f\u0440\u0430\u0432\u0438\u0442\u044c \u044d\u043b\u0435\u043a\u0442\u0440\u043e\u043d\u043d\u043e\u0435 \u043f\u0438\u0441\u044c\u043c\u043e \u043f\u043e \u0430\u0434\u0440\u0435\u0441\u0443.<\/p>\n\n\n\n<p><strong>2. \u0423\u0441\u043b\u043e\u0432\u0438\u044f \u0432\u043e\u0437\u0432\u0440\u0430\u0442\u0430:<\/strong><\/p>\n\n\n\n<ul class=\"wp-block-list\">\n<li>\u0421 \u043c\u043e\u043c\u0435\u043d\u0442\u0430 \u0434\u043e\u0441\u0442\u0430\u0432\u043a\u0438 \u0442\u043e\u0432\u0430\u0440\u0430 <strong>\u0412 \u0442\u0435\u0447\u0435\u043d\u0438\u0435 14 \u0434\u043d\u0435\u0439<\/strong> \u0412\u044b \u043c\u043e\u0436\u0435\u0442\u0435 \u0441\u043e\u0437\u0434\u0430\u0442\u044c \u0437\u0430\u043f\u0440\u043e\u0441 \u043d\u0430 \u0432\u043e\u0437\u0432\u0440\u0430\u0442 \u0441\u0440\u0435\u0434\u0441\u0442\u0432.<\/li>\n\n\n\n<li>\u0418\u0437\u0434\u0435\u043b\u0438\u0435 \u0434\u043e\u043b\u0436\u043d\u043e \u0431\u044b\u0442\u044c \u0432 \u043e\u0440\u0438\u0433\u0438\u043d\u0430\u043b\u044c\u043d\u043e\u0439 \u0443\u043f\u0430\u043a\u043e\u0432\u043a\u0435, \u043d\u0435\u0438\u0441\u043f\u043e\u043b\u044c\u0437\u043e\u0432\u0430\u043d\u043d\u044b\u043c \u0438 \u0432 \u0441\u043e\u0441\u0442\u043e\u044f\u043d\u0438\u0438, \u043f\u0440\u0438\u0433\u043e\u0434\u043d\u043e\u043c \u0434\u043b\u044f \u043f\u043e\u0432\u0442\u043e\u0440\u043d\u043e\u0439 \u043f\u0440\u043e\u0434\u0430\u0436\u0438.<\/li>\n\n\n\n<li>\u0412\u043e\u0437\u0432\u0440\u0430\u0442 \u043d\u0435 \u043f\u0440\u0438\u043d\u0438\u043c\u0430\u0435\u0442\u0441\u044f \u0432 \u043e\u0442\u043d\u043e\u0448\u0435\u043d\u0438\u0438 \u0442\u043e\u0432\u0430\u0440\u043e\u0432, \u043a\u043e\u0442\u043e\u0440\u044b\u0435 \u043d\u0435 \u043c\u043e\u0433\u0443\u0442 \u0431\u044b\u0442\u044c \u0432\u043e\u0437\u0432\u0440\u0430\u0449\u0435\u043d\u044b \u043f\u043e \u043b\u0438\u0447\u043d\u044b\u043c \u0438\u043b\u0438 \u0433\u0438\u0433\u0438\u0435\u043d\u0438\u0447\u0435\u0441\u043a\u0438\u043c \u043f\u0440\u0438\u0447\u0438\u043d\u0430\u043c.<\/li>\n\n\n\n<li>\u0420\u0430\u0441\u0445\u043e\u0434\u044b \u043f\u043e \u043e\u0431\u0440\u0430\u0442\u043d\u043e\u0439 \u0434\u043e\u0441\u0442\u0430\u0432\u043a\u0435 \u043d\u0435\u0441\u0435\u0442 \u043f\u043e\u043a\u0443\u043f\u0430\u0442\u0435\u043b\u044c (\u0437\u0430 \u0438\u0441\u043a\u043b\u044e\u0447\u0435\u043d\u0438\u0435\u043c \u043d\u0435\u0438\u0441\u043f\u0440\u0430\u0432\u043d\u044b\u0445\/\u0431\u0440\u0430\u043a\u043e\u0432\u0430\u043d\u043d\u044b\u0445 \u0442\u043e\u0432\u0430\u0440\u043e\u0432).<\/li>\n<\/ul>\n\n\n\n<p><strong>3. \u041f\u0440\u043e\u0446\u0435\u0441\u0441 \u0432\u043e\u0437\u0432\u0440\u0430\u0442\u0430 \u0441\u0440\u0435\u0434\u0441\u0442\u0432:<\/strong><\/p>\n\n\n\n<ul class=\"wp-block-list\">\n<li>\u041f\u043e\u0441\u043b\u0435 \u043e\u0434\u043e\u0431\u0440\u0435\u043d\u0438\u044f \u0432\u043e\u0437\u0432\u0440\u0430\u0442\u0430, <strong>7 \u0440\u0430\u0431\u043e\u0447\u0438\u0445 \u0434\u043d\u0435\u0439<\/strong> \u0412\u043e\u0437\u0432\u0440\u0430\u0442 \u0441\u0440\u0435\u0434\u0441\u0442\u0432 \u0431\u0443\u0434\u0435\u0442 \u043e\u0441\u0443\u0449\u0435\u0441\u0442\u0432\u043b\u0435\u043d \u0432 \u0442\u0435\u0447\u0435\u043d\u0438\u0435 24 \u0447\u0430\u0441\u043e\u0432 \u0432 \u0441\u043e\u043e\u0442\u0432\u0435\u0442\u0441\u0442\u0432\u0438\u0438 \u0441 \u0432\u044b\u0431\u0440\u0430\u043d\u043d\u044b\u043c \u0432\u0430\u043c\u0438 \u0441\u043f\u043e\u0441\u043e\u0431\u043e\u043c \u043e\u043f\u043b\u0430\u0442\u044b.<\/li>\n\n\n\n<li>\u0412\u043e\u0437\u0432\u0440\u0430\u0442 \u0441\u0440\u0435\u0434\u0441\u0442\u0432 \u043d\u0430 \u043a\u0440\u0435\u0434\u0438\u0442\u043d\u0443\u044e \u043a\u0430\u0440\u0442\u0443 \u043c\u043e\u0436\u0435\u0442 \u0437\u0430\u043d\u044f\u0442\u044c \u043e\u0442 3 \u0434\u043e 7 \u0440\u0430\u0431\u043e\u0447\u0438\u0445 \u0434\u043d\u0435\u0439 \u0432 \u0437\u0430\u0432\u0438\u0441\u0438\u043c\u043e\u0441\u0442\u0438 \u043e\u0442 \u0432\u0430\u0448\u0435\u0433\u043e \u0431\u0430\u043d\u043a\u0430.<\/li>\n<\/ul>\n\n\n\n<p><strong>4. \u0418\u0437\u043c\u0435\u043d\u0435\u043d\u0438\u0435:<\/strong><br>\u041f\u0440\u0438 \u043d\u0430\u043b\u0438\u0447\u0438\u0438 \u0442\u043e\u0432\u0430\u0440\u0430 \u043d\u0430 \u0441\u043a\u043b\u0430\u0434\u0435 \u0432\u043e\u0437\u043c\u043e\u0436\u0435\u043d \u043e\u0431\u043c\u0435\u043d. <a>info@tuffhandicraft.com<\/a> \u0412\u044b \u043c\u043e\u0436\u0435\u0442\u0435 \u043e\u0442\u043f\u0440\u0430\u0432\u0438\u0442\u044c \u0435\u0433\u043e \u043f\u043e \u0430\u0434\u0440\u0435\u0441\u0443.<\/p>","protected":false},"excerpt":{"rendered":"<p>Tuff Handicraft &#8211; \u0130ptal ve \u0130ade Politikas\u0131 Tuff Handicraft olarak m\u00fc\u015fteri memnuniyetine \u00f6nem veriyoruz. Sat\u0131n ald\u0131\u011f\u0131n\u0131z \u00fcr\u00fcnlerle ilgili iade ve<\/p>","protected":false},"author":1,"featured_media":0,"parent":0,"menu_order":0,"comment_status":"closed","ping_status":"closed","template":"","meta":{"footnotes":""},"class_list":["post-14","page","type-page","status-publish","hentry"],"_links":{"self":[{"href":"https:\/\/tuffhandicraft.com\/ru\/wp-json\/wp\/v2\/pages\/14","targetHints":{"allow":["GET"]}}],"collection":[{"href":"https:\/\/tuffhandicraft.com\/ru\/wp-json\/wp\/v2\/pages"}],"about":[{"href":"https:\/\/tuffhandicraft.com\/ru\/wp-json\/wp\/v2\/types\/page"}],"author":[{"embeddable":true,"href":"https:\/\/tuffhandicraft.com\/ru\/wp-json\/wp\/v2\/users\/1"}],"replies":[{"embeddable":true,"href":"https:\/\/tuffhandicraft.com\/ru\/wp-json\/wp\/v2\/comments?post=14"}],"version-history":[{"count":0,"href":"https:\/\/tuffhandicraft.com\/ru\/wp-json\/wp\/v2\/pages\/14\/revisions"}],"wp:attachment":[{"href":"https:\/\/tuffhandicraft.com\/ru\/wp-json\/wp\/v2\/media?parent=14"}],"curies":[{"name":"wp","href":"https:\/\/api.w.org\/{rel}","templated":true}]}}