{"id":27568,"date":"2025-05-11T00:23:15","date_gmt":"2025-05-10T21:23:15","guid":{"rendered":"https:\/\/tasarim.yusufkecici.com.tr\/urun\/crochet-raffia-clutch-straw-sling-bag-mini-raffia-tassel-handbag-hand-knitted-summer-purse-crochet-straw-phone-bag-gift-for-her\/"},"modified":"2025-08-21T17:41:50","modified_gmt":"2025-08-21T14:41:50","slug":"puskullu-kagit-ip-mini-canta","status":"publish","type":"product","link":"https:\/\/tuffhandicraft.com\/ru\/magaza\/canta\/capraz-canta\/puskullu-kagit-ip-mini-canta\/","title":{"rendered":"\u041c\u0438\u043d\u0438-\u0441\u0443\u043c\u043a\u0430 \u0441 \u043a\u0438\u0441\u0442\u043e\u0447\u043a\u0430\u043c\u0438 \u0438 \u0431\u0443\u043c\u0430\u0436\u043d\u043e\u0439 \u0431\u0435\u0447\u0451\u0432\u043a\u043e\u0439 | 2025"},"content":{"rendered":"<h1 data-start=\"121\" data-end=\"152\">\ud83c\udf80 \u041c\u0438\u043d\u0438-\u0441\u0443\u043c\u043e\u0447\u043a\u0430 \u0441 \u043a\u0438\u0441\u0442\u043e\u0447\u043a\u0430\u043c\u0438 \u0438 \u0431\u0443\u043c\u0430\u0436\u043d\u043e\u0439 \u0431\u0435\u0447\u0451\u0432\u043a\u043e\u0439<\/h1>\n<p data-start=\"154\" data-end=\"572\">\u042d\u0442\u0430 \u043c\u0438\u043d\u0438-\u0441\u0443\u043c\u043e\u0447\u043a\u0430 \u0440\u0443\u0447\u043d\u043e\u0439 \u0440\u0430\u0431\u043e\u0442\u044b \u0441 \u043a\u0438\u0441\u0442\u043e\u0447\u043a\u0430\u043c\u0438, \u0432\u044b\u043f\u043e\u043b\u043d\u0435\u043d\u043d\u0430\u044f \u0432 \u043d\u0435\u0436\u043d\u044b\u0445 \u043d\u0435\u0436\u043d\u043e-\u0440\u043e\u0437\u043e\u0432\u044b\u0445 \u0442\u043e\u043d\u0430\u0445 \u0438 \u043e\u0441\u043d\u0430\u0449\u0435\u043d\u043d\u0430\u044f \u0437\u0430\u0441\u0442\u0435\u0436\u043a\u043e\u0439-\u043a\u043d\u043e\u043f\u043a\u043e\u0439 \u0434\u043b\u044f \u043f\u0440\u0430\u043a\u0442\u0438\u0447\u043d\u043e\u0433\u043e \u0438 \u043d\u0430\u0434\u0435\u0436\u043d\u043e\u0433\u043e \u0438\u0441\u043f\u043e\u043b\u044c\u0437\u043e\u0432\u0430\u043d\u0438\u044f, \u0434\u043e\u0431\u0430\u0432\u0438\u0442 \u044d\u043b\u0435\u0433\u0430\u043d\u0442\u043d\u043e\u0441\u0442\u0438 \u0438 \u0444\u0443\u043d\u043a\u0446\u0438\u043e\u043d\u0430\u043b\u044c\u043d\u043e\u0441\u0442\u0438 \u0432\u0430\u0448\u0435\u0439 \u043f\u043e\u0432\u0441\u0435\u0434\u043d\u0435\u0432\u043d\u043e\u0439 \u0436\u0438\u0437\u043d\u0438. \u0422\u0449\u0430\u0442\u0435\u043b\u044c\u043d\u043e \u0441\u0432\u044f\u0437\u0430\u043d\u043d\u0430\u044f \u0438\u0437 \u044d\u043a\u043e\u043b\u043e\u0433\u0438\u0447\u0435\u0441\u043a\u0438 \u0447\u0438\u0441\u0442\u043e\u0439 \u0431\u0443\u043c\u0430\u0436\u043d\u043e\u0439 \u043f\u0440\u044f\u0436\u0438, \u044d\u0442\u0430 \u0441\u0443\u043c\u043e\u0447\u043a\u0430 \u0438\u0434\u0435\u0430\u043b\u044c\u043d\u043e \u043f\u043e\u0434\u0445\u043e\u0434\u0438\u0442 \u0434\u043b\u044f \u043e\u0440\u0433\u0430\u043d\u0438\u0437\u0430\u0446\u0438\u0438 \u0438 \u0445\u0440\u0430\u043d\u0435\u043d\u0438\u044f \u043c\u0435\u043b\u043a\u0438\u0445 \u0432\u0435\u0449\u0435\u0439. \u0415\u0435 \u043b\u0435\u0433\u043a\u0438\u0439 \u0438 \u043a\u043e\u043c\u043f\u0430\u043a\u0442\u043d\u044b\u0439 \u0434\u0438\u0437\u0430\u0439\u043d \u043f\u043e\u0437\u0432\u043e\u043b\u044f\u0435\u0442 \u043d\u043e\u0441\u0438\u0442\u044c \u0435\u0435 \u0441 \u0441\u043e\u0431\u043e\u0439, \u0430 \u043d\u0435\u0436\u043d\u043e-\u0440\u043e\u0437\u043e\u0432\u044b\u0439 \u0446\u0432\u0435\u0442 \u0441\u043e\u0437\u0434\u0430\u0435\u0442 \u0436\u0435\u043d\u0441\u0442\u0432\u0435\u043d\u043d\u0443\u044e \u0430\u0442\u043c\u043e\u0441\u0444\u0435\u0440\u0443.<\/p>\n<hr data-start=\"574\" data-end=\"577\" \/>\n<h3 data-start=\"579\" data-end=\"600\">\u0421\u0443\u0449\u0435\u0441\u0442\u0432\u0435\u043d\u043d\u0430\u044f \u0438\u043d\u0444\u043e\u0440\u043c\u0430\u0446\u0438\u044f<\/h3>\n<p data-start=\"601\" data-end=\"979\">\u042d\u0442\u0430 \u043c\u0438\u043d\u0438-\u0441\u0443\u043c\u043a\u0430 \u0441 \u043a\u0438\u0441\u0442\u043e\u0447\u043a\u0430\u043c\u0438 \u0438\u0437 \u0431\u0443\u043c\u0430\u0436\u043d\u043e\u0439 \u0432\u0435\u0440\u0435\u0432\u043a\u0438 \u0438\u0437\u0433\u043e\u0442\u043e\u0432\u043b\u0435\u043d\u0430 \u0432\u0440\u0443\u0447\u043d\u0443\u044e \u0438\u0437 \u043d\u0430\u0442\u0443\u0440\u0430\u043b\u044c\u043d\u043e\u0439 \u0431\u0443\u043c\u0430\u0436\u043d\u043e\u0439 \u043f\u0440\u044f\u0436\u0438 \u0441 \u0441\u043e\u0431\u043b\u044e\u0434\u0435\u043d\u0438\u0435\u043c \u043f\u0440\u0438\u043d\u0446\u0438\u043f\u043e\u0432 \u0443\u0441\u0442\u043e\u0439\u0447\u0438\u0432\u043e\u0433\u043e \u0440\u0430\u0437\u0432\u0438\u0442\u0438\u044f. \u041c\u044f\u0433\u043a\u0430\u044f \u0442\u0435\u043a\u0441\u0442\u0443\u0440\u0430 \u0438 \u0432\u044b\u0441\u043e\u043a\u043e\u0435 \u043a\u0430\u0447\u0435\u0441\u0442\u0432\u043e \u0438\u0437\u0433\u043e\u0442\u043e\u0432\u043b\u0435\u043d\u0438\u044f \u043e\u0431\u0435\u0441\u043f\u0435\u0447\u0438\u0432\u0430\u044e\u0442 \u0434\u043e\u043b\u0433\u043e\u0432\u0435\u0447\u043d\u043e\u0441\u0442\u044c \u0438 \u044d\u0441\u0442\u0435\u0442\u0438\u0447\u043d\u044b\u0439 \u0432\u043d\u0435\u0448\u043d\u0438\u0439 \u0432\u0438\u0434. \u0417\u0430\u0441\u0442\u0451\u0436\u043a\u0430-\u043a\u043d\u043e\u043f\u043a\u0430 \u0437\u0430\u0449\u0438\u0449\u0430\u0435\u0442 \u0441\u043e\u0434\u0435\u0440\u0436\u0438\u043c\u043e\u0435 \u0438 \u043f\u043e\u0437\u0432\u043e\u043b\u044f\u0435\u0442 \u0431\u044b\u0441\u0442\u0440\u043e \u043e\u0442\u043a\u0440\u044b\u0432\u0430\u0442\u044c \u0438 \u0437\u0430\u043a\u0440\u044b\u0432\u0430\u0442\u044c \u0441\u0443\u043c\u043a\u0443. \u041a\u0430\u0436\u0434\u0430\u044f \u043a\u0438\u0441\u0442\u043e\u0447\u043a\u0430 \u0442\u0449\u0430\u0442\u0435\u043b\u044c\u043d\u043e \u0438\u0437\u0433\u043e\u0442\u043e\u0432\u043b\u0435\u043d\u0430, \u0447\u0442\u043e \u043f\u0440\u0438\u0434\u0430\u0451\u0442 \u0435\u0439 \u043d\u0435\u043f\u043e\u0432\u0442\u043e\u0440\u0438\u043c\u044b\u0439 \u0448\u0442\u0440\u0438\u0445 \u0438 \u043d\u0435\u043f\u043e\u0432\u0442\u043e\u0440\u0438\u043c\u044b\u0439 \u0445\u0430\u0440\u0430\u043a\u0442\u0435\u0440.<\/p>\n<hr data-start=\"981\" data-end=\"984\" \/>\n<h3 data-start=\"986\" data-end=\"1016\">\u041e\u0431\u043b\u0430\u0441\u0442\u044c \u043f\u0440\u0438\u043c\u0435\u043d\u0435\u043d\u0438\u044f \u0438 \u043a\u043e\u043c\u0444\u043e\u0440\u0442<\/h3>\n<ul data-start=\"1017\" data-end=\"1465\">\n<li data-start=\"1017\" data-end=\"1082\">\n<p data-start=\"1019\" data-end=\"1082\">\u042d\u0442\u043e \u0438\u0434\u0435\u0430\u043b\u044c\u043d\u044b\u0439 \u0430\u043a\u0441\u0435\u0441\u0441\u0443\u0430\u0440 \u0434\u043b\u044f \u0435\u0436\u0435\u0434\u043d\u0435\u0432\u043d\u043e\u0439 \u043f\u0435\u0440\u0435\u043d\u043e\u0441\u043a\u0438 \u043d\u0435\u0431\u043e\u043b\u044c\u0448\u0438\u0445 \u043f\u0440\u0435\u0434\u043c\u0435\u0442\u043e\u0432.<\/p>\n<\/li>\n<li data-start=\"1083\" data-end=\"1171\">\n<p data-start=\"1085\" data-end=\"1171\">\u041d\u0435\u0436\u043d\u043e-\u0440\u043e\u0437\u043e\u0432\u044b\u0439 \u0446\u0432\u0435\u0442 \u0441\u043e\u0437\u0434\u0430\u0435\u0442 \u0441\u0432\u0435\u0436\u0443\u044e \u0438 \u0436\u0435\u043d\u0441\u0442\u0432\u0435\u043d\u043d\u0443\u044e \u0430\u0442\u043c\u043e\u0441\u0444\u0435\u0440\u0443, \u043e\u0441\u043e\u0431\u0435\u043d\u043d\u043e \u043b\u0435\u0442\u043e\u043c \u0438 \u0432\u0435\u0441\u043d\u043e\u0439.<\/p>\n<\/li>\n<li data-start=\"1172\" data-end=\"1250\">\n<p data-start=\"1174\" data-end=\"1250\">\u0412\u044b \u043c\u043e\u0436\u0435\u0442\u0435 \u0438\u0441\u043f\u043e\u043b\u044c\u0437\u043e\u0432\u0430\u0442\u044c \u0435\u0433\u043e \u043d\u0430 \u043e\u0441\u043e\u0431\u044b\u0445 \u043c\u0435\u0440\u043e\u043f\u0440\u0438\u044f\u0442\u0438\u044f\u0445 \u0438\u043b\u0438 \u0432\u043e \u0432\u0440\u0435\u043c\u044f \u043f\u043e\u0432\u0441\u0435\u0434\u043d\u0435\u0432\u043d\u044b\u0445 \u043c\u0435\u0440\u043e\u043f\u0440\u0438\u044f\u0442\u0438\u0439 \u043d\u0430 \u0441\u0432\u0435\u0436\u0435\u043c \u0432\u043e\u0437\u0434\u0443\u0445\u0435.<\/p>\n<\/li>\n<li data-start=\"1251\" data-end=\"1335\">\n<p data-start=\"1253\" data-end=\"1335\">\u0411\u043b\u0430\u0433\u043e\u0434\u0430\u0440\u044f \u0437\u0430\u0449\u0435\u043b\u043a\u0438\u0432\u0430\u044e\u0449\u0435\u0439\u0441\u044f \u043a\u0440\u044b\u0448\u043a\u0435 \u0441\u043e\u0434\u0435\u0440\u0436\u0438\u043c\u043e\u0435 \u043e\u0441\u0442\u0430\u0435\u0442\u0441\u044f \u0432 \u0431\u0435\u0437\u043e\u043f\u0430\u0441\u043d\u043e\u0441\u0442\u0438 \u0438 \u043b\u0435\u0433\u043a\u043e\u0434\u043e\u0441\u0442\u0443\u043f\u043d\u043e.<\/p>\n<\/li>\n<li data-start=\"1336\" data-end=\"1405\">\n<p data-start=\"1338\" data-end=\"1405\">\u0411\u043b\u0430\u0433\u043e\u0434\u0430\u0440\u044f \u0441\u0432\u043e\u0435\u0439 \u043b\u0451\u0433\u043a\u043e\u0439 \u0438 \u043a\u043e\u043c\u043f\u0430\u043a\u0442\u043d\u043e\u0439 \u043a\u043e\u043d\u0441\u0442\u0440\u0443\u043a\u0446\u0438\u0438 \u0435\u0433\u043e \u0447\u0440\u0435\u0437\u0432\u044b\u0447\u0430\u0439\u043d\u043e \u0443\u0434\u043e\u0431\u043d\u043e \u043d\u043e\u0441\u0438\u0442\u044c \u0441 \u0441\u043e\u0431\u043e\u0439.<\/p>\n<\/li>\n<li data-start=\"1406\" data-end=\"1465\">\n<p data-start=\"1408\" data-end=\"1465\">\u041c\u0438\u043d\u0438\u043c\u0430\u043b\u0438\u0441\u0442\u0441\u043a\u0430\u044f \u043a\u043e\u043d\u0441\u0442\u0440\u0443\u043a\u0446\u0438\u044f \u043e\u0431\u0435\u0441\u043f\u0435\u0447\u0438\u0432\u0430\u0435\u0442 \u043f\u0440\u0430\u043a\u0442\u0438\u0447\u043d\u043e\u0441\u0442\u044c \u0434\u0430\u0436\u0435 \u0432 \u0437\u0430\u0433\u0440\u0443\u0436\u0435\u043d\u043d\u044b\u0435 \u0434\u043d\u0438.<\/p>\n<\/li>\n<\/ul>\n<hr data-start=\"1467\" data-end=\"1470\" \/>\n<h3 data-start=\"1472\" data-end=\"1509\">\u041f\u0440\u0435\u0434\u043b\u043e\u0436\u0435\u043d\u0438\u0435 \u043f\u043e \u0441\u0442\u0438\u043b\u044e \/ \u043f\u0440\u0435\u0434\u043b\u043e\u0436\u0435\u043d\u0438\u0435 \u043f\u043e \u0441\u043e\u0447\u0435\u0442\u0430\u043d\u0438\u044e<\/h3>\n<p data-start=\"1510\" data-end=\"1954\">\u042d\u0442\u0430 \u043c\u0438\u043d\u0438-\u0441\u0443\u043c\u043a\u0430 \u0438\u0434\u0435\u0430\u043b\u044c\u043d\u043e \u0441\u043e\u0447\u0435\u0442\u0430\u0435\u0442\u0441\u044f \u0441 \u043d\u0430\u0440\u044f\u0434\u0430\u043c\u0438 \u043f\u0430\u0441\u0442\u0435\u043b\u044c\u043d\u044b\u0445 \u0442\u043e\u043d\u043e\u0432. \u0414\u043e\u043f\u043e\u043b\u043d\u0438\u0442\u0435 \u0435\u0451 \u043f\u043b\u0430\u0442\u044c\u044f\u043c\u0438 \u043d\u0435\u0436\u043d\u043e-\u0440\u043e\u0437\u043e\u0432\u043e\u0433\u043e, \u0431\u0435\u043b\u043e\u0433\u043e, \u043a\u0440\u0435\u043c\u043e\u0432\u043e\u0433\u043e \u0438 \u0431\u043e\u043b\u0435\u0435 \u0441\u0432\u0435\u0442\u043b\u044b\u0445 \u043e\u0442\u0442\u0435\u043d\u043a\u043e\u0432, \u0447\u0442\u043e\u0431\u044b \u0441\u043e\u0437\u0434\u0430\u0442\u044c \u044d\u043b\u0435\u0433\u0430\u043d\u0442\u043d\u044b\u0439 \u0438 \u0441\u043e\u0432\u0440\u0435\u043c\u0435\u043d\u043d\u044b\u0439 \u043e\u0431\u0440\u0430\u0437. <a href=\"https:\/\/haber.dk\/mavi-kot-pantolonlar-hem-insan-sagligina-hem-de-cevreye-zararliymis\/19787\" target=\"_blank\" rel=\"noopener\">\u0414\u0436\u0438\u043d\u0441\u044b<\/a> \u0421\u043e\u0447\u0435\u0442\u0430\u0439\u0442\u0435 \u0435\u0451 \u0441 \u043f\u0440\u043e\u0441\u0442\u043e\u0439 \u0444\u0443\u0442\u0431\u043e\u043b\u043a\u043e\u0439, \u0447\u0442\u043e\u0431\u044b \u0441\u043e\u0437\u0434\u0430\u0442\u044c \u043d\u0435\u043f\u0440\u0438\u043d\u0443\u0436\u0434\u0451\u043d\u043d\u044b\u0439, \u043d\u043e \u0441\u0442\u0438\u043b\u044c\u043d\u044b\u0439 \u043e\u0431\u0440\u0430\u0437. \u041a\u0438\u0441\u0442\u043e\u0447\u043a\u0438 \u0434\u043e\u0431\u0430\u0432\u043b\u044f\u044e\u0442 \u0441\u0443\u043c\u043a\u0435 \u0434\u0438\u043d\u0430\u043c\u0438\u0447\u043d\u043e\u0441\u0442\u0438, \u0441\u043e\u0437\u0434\u0430\u0432\u0430\u044f \u0431\u043e\u0433\u0435\u043c\u043d\u044b\u0439 \u0438 \u044d\u043d\u0435\u0440\u0433\u0438\u0447\u043d\u044b\u0439 \u043e\u0431\u0440\u0430\u0437. \u041b\u0435\u0442\u043e\u043c \u0434\u043e\u043f\u043e\u043b\u043d\u0438\u0442\u0435 \u0435\u0451 \u0441\u0430\u043d\u0434\u0430\u043b\u0438\u044f\u043c\u0438 \u0438 \u043b\u0451\u0433\u043a\u0438\u043c\u0438 \u0430\u043a\u0441\u0435\u0441\u0441\u0443\u0430\u0440\u0430\u043c\u0438.<\/p>\n<hr data-start=\"1956\" data-end=\"1959\" \/>\n<h3 data-start=\"1961\" data-end=\"2005\">\u0410\u043a\u0446\u0435\u043d\u0442 \u043d\u0430 \u0440\u0443\u0447\u043d\u0443\u044e \u0440\u0430\u0431\u043e\u0442\u0443 \u0438 \u0443\u0441\u0442\u043e\u0439\u0447\u0438\u0432\u043e\u0435 \u0440\u0430\u0437\u0432\u0438\u0442\u0438\u0435<\/h3>\n<p data-start=\"2006\" data-end=\"2441\">Tuffhandicraft&#039;s <a href=\"https:\/\/tuffhandicraft.com\/ru\/surdurulebilirlik\/\">\u0443\u0441\u0442\u043e\u0439\u0447\u0438\u0432\u043e\u0441\u0442\u044c<\/a> \u0421\u043b\u0435\u0434\u0443\u044f \u043f\u0440\u0438\u043d\u0446\u0438\u043f\u0430\u043c \u043a\u0430\u0447\u0435\u0441\u0442\u0432\u0430, \u043a\u0430\u0436\u0434\u0430\u044f \u0441\u0443\u043c\u043a\u0430 \u0438\u0437\u0433\u043e\u0442\u0430\u0432\u043b\u0438\u0432\u0430\u0435\u0442\u0441\u044f \u0432\u0440\u0443\u0447\u043d\u0443\u044e \u0438\u0437 \u043d\u0430\u0442\u0443\u0440\u0430\u043b\u044c\u043d\u044b\u0445 \u0438 \u043f\u0435\u0440\u0435\u0440\u0430\u0431\u0430\u0442\u044b\u0432\u0430\u0435\u043c\u044b\u0445 \u043c\u0430\u0442\u0435\u0440\u0438\u0430\u043b\u043e\u0432. \u041a\u0430\u0436\u0434\u0430\u044f \u0441\u0443\u043c\u043a\u0430 \u0442\u0449\u0430\u0442\u0435\u043b\u044c\u043d\u043e \u0438\u0437\u0433\u043e\u0442\u0430\u0432\u043b\u0438\u0432\u0430\u0435\u0442\u0441\u044f \u043c\u0430\u0441\u0442\u0435\u0440\u0430\u043c\u0438 \u0438 \u043e\u0442\u0440\u0430\u0436\u0430\u0435\u0442 \u0446\u0435\u043d\u043d\u043e\u0441\u0442\u0438 \u0443\u0441\u0442\u043e\u0439\u0447\u0438\u0432\u043e\u0439 \u043c\u043e\u0434\u044b. \u0418\u0437\u0431\u0435\u0433\u0430\u044f \u043c\u0430\u0441\u0441\u043e\u0432\u043e\u0433\u043e \u043f\u0440\u043e\u0438\u0437\u0432\u043e\u0434\u0441\u0442\u0432\u0430, \u043a\u0430\u0436\u0434\u043e\u0435 \u0438\u0437\u0434\u0435\u043b\u0438\u0435 \u0442\u0449\u0430\u0442\u0435\u043b\u044c\u043d\u043e \u043f\u0440\u043e\u0440\u0430\u0431\u0430\u0442\u044b\u0432\u0430\u0435\u0442\u0441\u044f, \u0447\u0442\u043e\u0431\u044b \u0431\u044b\u0442\u044c \u0443\u043d\u0438\u043a\u0430\u043b\u044c\u043d\u044b\u043c \u0438 \u044d\u043a\u043e\u043b\u043e\u0433\u0438\u0447\u043d\u044b\u043c. \u042d\u0442\u043e \u0433\u0430\u0440\u0430\u043d\u0442\u0438\u0440\u0443\u0435\u0442 \u0432\u0430\u043c \u043d\u0435 \u0442\u043e\u043b\u044c\u043a\u043e \u0441\u0442\u0438\u043b\u044c\u043d\u044b\u0439, \u043d\u043e \u0438 \u044d\u043a\u043e\u043b\u043e\u0433\u0438\u0447\u043d\u044b\u0439 \u0432\u044b\u0431\u043e\u0440.<\/p>\n<hr data-start=\"2443\" data-end=\"2446\" \/>\n<h3 data-start=\"2448\" data-end=\"2471\">\u0418\u043d\u0441\u0442\u0440\u0443\u043a\u0446\u0438\u0438 \u043f\u043e \u0443\u0445\u043e\u0434\u0443<\/h3>\n<ul data-start=\"2472\" data-end=\"2725\">\n<li data-start=\"2472\" data-end=\"2522\">\n<p data-start=\"2474\" data-end=\"2522\">\u0420\u0435\u043a\u043e\u043c\u0435\u043d\u0434\u0443\u0435\u0442\u0441\u044f \u0440\u0443\u0447\u043d\u0430\u044f \u0441\u0442\u0438\u0440\u043a\u0430; \u0440\u0435\u043a\u043e\u043c\u0435\u043d\u0434\u0443\u0435\u0442\u0441\u044f \u0431\u0435\u0440\u0435\u0436\u043d\u0430\u044f \u0447\u0438\u0441\u0442\u043a\u0430.<\/p>\n<\/li>\n<li data-start=\"2523\" data-end=\"2590\">\n<p data-start=\"2525\" data-end=\"2590\">\u0421\u0443\u0448\u0438\u0442\u044c \u0441\u043b\u0435\u0434\u0443\u0435\u0442 \u043f\u0440\u0438 \u043d\u0438\u0437\u043a\u043e\u0439 \u0442\u0435\u043c\u043f\u0435\u0440\u0430\u0442\u0443\u0440\u0435, \u0431\u0435\u0440\u0435\u0447\u044c \u043e\u0442 \u043f\u0440\u044f\u043c\u044b\u0445 \u0441\u043e\u043b\u043d\u0435\u0447\u043d\u044b\u0445 \u043b\u0443\u0447\u0435\u0439.<\/p>\n<\/li>\n<li data-start=\"2591\" data-end=\"2645\">\n<p data-start=\"2593\" data-end=\"2645\">\u0415\u0433\u043e \u0441\u043b\u0435\u0434\u0443\u0435\u0442 \u0445\u0440\u0430\u043d\u0438\u0442\u044c \u0432\u0434\u0430\u043b\u0438 \u043e\u0442 \u043e\u0442\u0431\u0435\u043b\u0438\u0432\u0430\u0442\u0435\u043b\u0435\u0439 \u0438 \u0435\u0434\u043a\u0438\u0445 \u0445\u0438\u043c\u0438\u043a\u0430\u0442\u043e\u0432.<\/p>\n<\/li>\n<li data-start=\"2646\" data-end=\"2667\">\n<p data-start=\"2648\" data-end=\"2667\">\u0413\u043b\u0430\u0436\u043a\u0430 \u0437\u0430\u043f\u0440\u0435\u0449\u0435\u043d\u0430.<\/p>\n<\/li>\n<li data-start=\"2668\" data-end=\"2725\">\n<p data-start=\"2670\" data-end=\"2725\">\u0420\u0435\u0433\u0443\u043b\u044f\u0440\u043d\u044b\u0439 \u0443\u0445\u043e\u0434 \u043f\u0440\u043e\u0434\u043b\u0435\u0432\u0430\u0435\u0442 \u0441\u0440\u043e\u043a \u0441\u043b\u0443\u0436\u0431\u044b \u0441\u0443\u043c\u043a\u0438 \u0438 \u0441\u043e\u0445\u0440\u0430\u043d\u044f\u0435\u0442 \u0435\u0435 \u0444\u043e\u0440\u043c\u0443.<\/p>\n<\/li>\n<\/ul>\n<hr data-start=\"2727\" data-end=\"2730\" \/>\n<h3 data-start=\"2732\" data-end=\"2760\">\u041f\u043e\u0447\u0435\u043c\u0443 \u0435\u043c\u0443 \u0441\u043b\u0435\u0434\u0443\u0435\u0442 \u043e\u0442\u0434\u0430\u0442\u044c \u043f\u0440\u0435\u0434\u043f\u043e\u0447\u0442\u0435\u043d\u0438\u0435?<\/h3>\n<p data-start=\"2761\" data-end=\"3072\">\u2705 \u042d\u043a\u043e\u043b\u043e\u0433\u0438\u0447\u043d\u044b\u0439, \u0438\u0437\u0433\u043e\u0442\u043e\u0432\u043b\u0435\u043d \u0432\u0440\u0443\u0447\u043d\u0443\u044e \u0438\u0437 \u043d\u0430\u0442\u0443\u0440\u0430\u043b\u044c\u043d\u043e\u0439 \u0431\u0443\u043c\u0430\u0436\u043d\u043e\u0439 \u043f\u0440\u044f\u0436\u0438<br data-start=\"2805\" data-end=\"2808\" \/>\u2705 \u0416\u0435\u043d\u0441\u0442\u0432\u0435\u043d\u043d\u044b\u0439 \u0438 \u044d\u043b\u0435\u0433\u0430\u043d\u0442\u043d\u044b\u0439 \u0434\u0438\u0437\u0430\u0439\u043d \u0432 \u043d\u0435\u0436\u043d\u043e-\u0440\u043e\u0437\u043e\u0432\u043e\u043c \u0446\u0432\u0435\u0442\u0435<br data-start=\"2854\" data-end=\"2857\" \/>\u2705 \u041b\u0435\u0433\u043a\u0438\u0439, \u043a\u043e\u043c\u043f\u0430\u043a\u0442\u043d\u044b\u0439 \u0438 \u0443\u0434\u043e\u0431\u043d\u044b\u0439 \u0434\u043b\u044f \u043f\u0435\u0440\u0435\u043d\u043e\u0441\u043a\u0438<br data-start=\"2891\" data-end=\"2894\" \/>\u2705 \u041f\u0440\u0430\u043a\u0442\u0438\u0447\u043d\u043e\u0435 \u0438 \u0431\u0435\u0437\u043e\u043f\u0430\u0441\u043d\u043e\u0435 \u0438\u0441\u043f\u043e\u043b\u044c\u0437\u043e\u0432\u0430\u043d\u0438\u0435 \u0431\u043b\u0430\u0433\u043e\u0434\u0430\u0440\u044f \u0437\u0430\u0449\u0435\u043b\u043a\u0438\u0432\u0430\u044e\u0449\u0435\u0439\u0441\u044f \u043a\u0440\u044b\u0448\u043a\u0435<br data-start=\"2943\" data-end=\"2946\" \/>\u2705 \u0423\u0441\u0442\u043e\u0439\u0447\u0438\u0432\u044b\u0439 \u0438 \u044d\u0442\u0438\u0447\u043d\u044b\u0439 \u043f\u043e\u0434\u0445\u043e\u0434 \u043a \u043f\u0440\u043e\u0438\u0437\u0432\u043e\u0434\u0441\u0442\u0432\u0443<br data-start=\"2986\" data-end=\"2989\" \/>\u2705 \u041f\u0440\u0438\u0434\u0430\u0435\u0442 \u044d\u043b\u0435\u0433\u0430\u043d\u0442\u043d\u043e\u0441\u0442\u044c \u043a\u0430\u043a \u043f\u043e\u0432\u0441\u0435\u0434\u043d\u0435\u0432\u043d\u044b\u043c, \u0442\u0430\u043a \u0438 \u043e\u0441\u043e\u0431\u044b\u043c \u0441\u043b\u0443\u0447\u0430\u044f\u043c<br data-start=\"3027\" data-end=\"3030\" \/>\u2705 \u042d\u043d\u0435\u0440\u0433\u0438\u0447\u043d\u044b\u0439 \u0438 \u0431\u043e\u0433\u0435\u043c\u043d\u044b\u0439 \u0448\u0442\u0440\u0438\u0445 \u0441 \u043a\u0438\u0441\u0442\u043e\u0447\u043a\u0430\u043c\u0438<\/p>","protected":false},"excerpt":{"rendered":"<p>\ud83c\udf80 P\u00fcsk\u00fcll\u00fc Ka\u011f\u0131t \u0130p Mini \u00c7anta Soft pembe tonlar\u0131n\u0131n zarif dokunu\u015funu ta\u015f\u0131yan, \u00e7\u0131t \u00e7\u0131tl\u0131 kapa\u011f\u0131yla pratik ve g\u00fcvenli kullan\u0131m sunan<\/p>","protected":false},"featured_media":28797,"comment_status":"open","ping_status":"closed","template":"","meta":[],"product_brand":[691],"product_cat":[704,686],"product_tag":[1474,1475,819,812,119,908,130,131,1036,1476,126,127,123,988,132,133,1473,124,129,762,125,740,753],"class_list":{"0":"post-27568","1":"product","2":"type-product","3":"status-publish","4":"has-post-thumbnail","6":"product_brand-tuffhandicraft","7":"product_cat-capraz-canta","8":"product_cat-canta","9":"product_tag-cit-citli-kapakli-canta","10":"product_tag-dogal-iplik-canta","11":"product_tag-el-orgusu-canta","12":"product_tag-el-yapimi-canta","13":"product_tag-gift_for_her","14":"product_tag-gunluk-canta","15":"product_tag-hand_knitted_bag","16":"product_tag-hand_knitted_purse","17":"product_tag-kagit-ip-mini-canta","18":"product_tag-kucuk-canta","19":"product_tag-mini_bag","20":"product_tag-phone_bag","21":"product_tag-pink_bag","22":"product_tag-puskullu-canta","23":"product_tag-raffia_clutch","24":"product_tag-sling_bag","25":"product_tag-soft-pembe-canta","26":"product_tag-soft_pink_bag","27":"product_tag-straw_bag","28":"product_tag-surdurulebilir-moda","29":"product_tag-tassel_bag","30":"product_tag-tuffhandicraft","31":"product_tag-yavas-moda","33":"first","34":"instock","35":"sale","36":"taxable","37":"shipping-taxable","38":"purchasable","39":"product-type-simple"},"_links":{"self":[{"href":"https:\/\/tuffhandicraft.com\/ru\/wp-json\/wp\/v2\/product\/27568","targetHints":{"allow":["GET"]}}],"collection":[{"href":"https:\/\/tuffhandicraft.com\/ru\/wp-json\/wp\/v2\/product"}],"about":[{"href":"https:\/\/tuffhandicraft.com\/ru\/wp-json\/wp\/v2\/types\/product"}],"replies":[{"embeddable":true,"href":"https:\/\/tuffhandicraft.com\/ru\/wp-json\/wp\/v2\/comments?post=27568"}],"version-history":[{"count":1,"href":"https:\/\/tuffhandicraft.com\/ru\/wp-json\/wp\/v2\/product\/27568\/revisions"}],"predecessor-version":[{"id":30283,"href":"https:\/\/tuffhandicraft.com\/ru\/wp-json\/wp\/v2\/product\/27568\/revisions\/30283"}],"wp:featuredmedia":[{"embeddable":true,"href":"https:\/\/tuffhandicraft.com\/ru\/wp-json\/wp\/v2\/media\/28797"}],"wp:attachment":[{"href":"https:\/\/tuffhandicraft.com\/ru\/wp-json\/wp\/v2\/media?parent=27568"}],"wp:term":[{"taxonomy":"product_brand","embeddable":true,"href":"https:\/\/tuffhandicraft.com\/ru\/wp-json\/wp\/v2\/product_brand?post=27568"},{"taxonomy":"product_cat","embeddable":true,"href":"https:\/\/tuffhandicraft.com\/ru\/wp-json\/wp\/v2\/product_cat?post=27568"},{"taxonomy":"product_tag","embeddable":true,"href":"https:\/\/tuffhandicraft.com\/ru\/wp-json\/wp\/v2\/product_tag?post=27568"}],"curies":[{"name":"wp","href":"https:\/\/api.w.org\/{rel}","templated":true}]}}