{"id":27572,"date":"2025-05-11T00:23:19","date_gmt":"2025-05-10T21:23:19","guid":{"rendered":"https:\/\/tasarim.yusufkecici.com.tr\/urun\/crochet-bucket-hat-summer-hats-for-women-custom-handmade-bucket-hat-fishermans-hat-tiktok-hat-floral-sun-hat-lemon-hat-gift-for-her\/"},"modified":"2025-08-10T19:47:43","modified_gmt":"2025-08-10T16:47:43","slug":"renkli-tig-isi-bucket-sapka","status":"publish","type":"product","link":"https:\/\/tuffhandicraft.com\/ru\/magaza\/aksesuarlar\/sapka\/renkli-tig-isi-bucket-sapka\/","title":{"rendered":"\u041b\u0435\u0442\u043d\u044f\u044f \u0446\u0432\u0435\u0442\u043d\u0430\u044f \u0448\u043b\u044f\u043f\u0430-\u043f\u0430\u043d\u0430\u043c\u0430, \u0441\u0432\u044f\u0437\u0430\u043d\u043d\u0430\u044f \u043a\u0440\u044e\u0447\u043a\u043e\u043c \u2013 \u043c\u043e\u0442\u0438\u0432 \u00ab\u0411\u0430\u0431\u0443\u0448\u043a\u0430\u00bb"},"content":{"rendered":"<h3 data-start=\"171\" data-end=\"229\">\ud83e\udde2 \u042f\u0440\u043a\u0430\u044f \u043b\u0435\u0442\u043d\u044f\u044f \u0448\u043b\u044f\u043f\u0430-\u043f\u0430\u043d\u0430\u043c\u0430, \u0441\u0432\u044f\u0437\u0430\u043d\u043d\u0430\u044f \u043a\u0440\u044e\u0447\u043a\u043e\u043c \u2013 \u043c\u043e\u0442\u0438\u0432 \u00ab\u0411\u0430\u0431\u0443\u0448\u043a\u0430\u00bb<\/h3>\n<h4 data-start=\"231\" data-end=\"269\">\u2600\ufe0f \u041e\u0434\u0435\u0432\u0430\u0439\u0442\u0435\u0441\u044c \u0432 \u0446\u0432\u0435\u0442\u0430 \u043b\u0435\u0442\u0430!<\/h4>\n<p data-start=\"270\" data-end=\"497\">\u042d\u0442\u0430 \u043f\u0430\u043d\u0430\u043c\u0430 \u0440\u0443\u0447\u043d\u043e\u0439 \u0440\u0430\u0431\u043e\u0442\u044b \u0441 \u044f\u0440\u043a\u0438\u043c \u043c\u043e\u0442\u0438\u0432\u043e\u043c \u00ab\u0431\u0430\u0431\u0443\u0448\u043a\u0430\u00bb \u0441\u043e\u0437\u0434\u0430\u043d\u0430 \u0434\u043b\u044f \u0442\u0435\u0445, \u043a\u0442\u043e \u0445\u043e\u0447\u0435\u0442 \u043f\u0440\u0438\u0432\u043d\u0435\u0441\u0442\u0438 \u0432 \u0441\u0432\u043e\u0439 \u043e\u0431\u0440\u0430\u0437 \u044d\u043d\u0435\u0440\u0433\u0438\u044e \u043b\u0435\u0442\u0430. \u041b\u0435\u0433\u043a\u0430\u044f, \u0434\u044b\u0448\u0430\u0449\u0430\u044f \u0442\u0435\u043a\u0441\u0442\u0443\u0440\u0430 \u0438 \u0438\u043d\u0442\u0435\u0440\u0435\u0441\u043d\u0430\u044f \u0446\u0432\u0435\u0442\u043e\u0432\u0430\u044f \u043f\u0430\u043b\u0438\u0442\u0440\u0430 \u0434\u0435\u043b\u0430\u044e\u0442 \u0435\u0451 \u043e\u0434\u043d\u043e\u0432\u0440\u0435\u043c\u0435\u043d\u043d\u043e \u0444\u0443\u043d\u043a\u0446\u0438\u043e\u043d\u0430\u043b\u044c\u043d\u043e\u0439 \u0438 \u0441\u0442\u0438\u043b\u044c\u043d\u043e\u0439.<\/p>\n<hr data-start=\"499\" data-end=\"502\" \/>\n<h3 data-start=\"504\" data-end=\"526\">\ud83e\uddf6 \u041c\u0430\u0442\u0435\u0440\u0438\u0430\u043b\u044c\u043d\u0430\u044f \u0438\u043d\u0444\u043e\u0440\u043c\u0430\u0446\u0438\u044f<img loading=\"lazy\" decoding=\"async\" class=\"wd-lazy-fade size-full wp-image-28000 alignright\" src=\"https:\/\/tuffhandicraft.com\/wp-content\/themes\/woodmart\/images\/lazy.svg\" data-src=\"https:\/\/tuffhandicraft.com\/wp-content\/uploads\/2021\/08\/footer-logo-1.png\" alt=\"Renkli T\u0131\u011f \u0130\u015fi Yazl\u0131k Bucket \u015eapka \u2013 Granny Motifli\" width=\"220\" height=\"40\" title=\"\" srcset=\"\" data-srcset=\"https:\/\/tuffhandicraft.com\/wp-content\/uploads\/2021\/08\/footer-logo-1.png 220w, https:\/\/tuffhandicraft.com\/wp-content\/uploads\/2021\/08\/footer-logo-1-150x27.png 150w\" sizes=\"auto, (max-width: 220px) 100vw, 220px\" \/><\/h3>\n<p data-start=\"527\" data-end=\"713\">\u0421\u0432\u044f\u0437\u0430\u043d\u043e \u0432\u0440\u0443\u0447\u043d\u0443\u044e \u0438\u0437 \u0445\u043b\u043e\u043f\u043a\u043e\u0432\u043e\u0439 \u043f\u0440\u044f\u0436\u0438. \u0411\u043b\u0430\u0433\u043e\u0434\u0430\u0440\u044f \u0432\u043b\u0430\u0433\u043e\u043e\u0442\u0442\u0430\u043b\u043a\u0438\u0432\u0430\u044e\u0449\u0435\u0439 \u0442\u0435\u043a\u0441\u0442\u0443\u0440\u0435 \u0435\u0433\u043e \u0443\u0434\u043e\u0431\u043d\u043e \u043d\u043e\u0441\u0438\u0442\u044c \u043b\u0435\u0442\u043e\u043c. \u041a\u0430\u0436\u0434\u044b\u0439 \u0443\u0437\u043e\u0440 \u00ab\u0431\u0430\u0431\u0443\u0448\u043a\u0430\u00bb \u0441\u0432\u044f\u0437\u0430\u043d \u0432\u0440\u0443\u0447\u043d\u0443\u044e \u0438 \u0430\u043a\u043a\u0443\u0440\u0430\u0442\u043d\u043e \u0441\u043e\u0431\u0440\u0430\u043d.<\/p>\n<hr data-start=\"715\" data-end=\"718\" \/>\n<h3 data-start=\"720\" data-end=\"750\">\ud83c\udfaf \u041e\u0431\u043b\u0430\u0441\u0442\u044c \u043f\u0440\u0438\u043c\u0435\u043d\u0435\u043d\u0438\u044f \u0438 \u043a\u043e\u043c\u0444\u043e\u0440\u0442<\/h3>\n<p data-start=\"751\" data-end=\"928\">\u041d\u0430 \u043f\u043b\u044f\u0436\u0435, \u043d\u0430 \u0444\u0435\u0441\u0442\u0438\u0432\u0430\u043b\u044f\u0445, <a href=\"https:\/\/tuffhandicraft.com\/ru\/%d0%bf%d1%80%d0%be%d0%b4%d1%83%d0%ba%d1%82\/besgen-motif-bucket-sapka\/\">\u0435\u0436\u0435\u0434\u043d\u0435\u0432\u043d\u043e<\/a> \u0423\u043d\u0438\u0432\u0435\u0440\u0441\u0430\u043b\u044c\u043d\u0430\u044f \u0432\u0435\u0449\u044c, \u043a\u043e\u0442\u043e\u0440\u0443\u044e \u043c\u043e\u0436\u043d\u043e \u043d\u043e\u0441\u0438\u0442\u044c \u043a\u0430\u043a \u0441 \u0433\u043e\u0440\u043e\u0434\u0441\u043a\u0438\u043c, \u0442\u0430\u043a \u0438 \u0441 \u043f\u0440\u0430\u0437\u0434\u043d\u0438\u0447\u043d\u044b\u043c \u0441\u0442\u0438\u043b\u0435\u043c. \u041e\u043d\u0430 \u0434\u043e\u0431\u0430\u0432\u0438\u0442 \u043a\u0440\u0430\u0441\u043e\u043a \u043b\u044e\u0431\u043e\u043c\u0443 \u043e\u0431\u0440\u0430\u0437\u0443 \u0438 \u0437\u0430\u0449\u0438\u0442\u0438\u0442 \u0433\u043e\u043b\u043e\u0432\u0443 \u043e\u0442 \u0441\u043e\u043b\u043d\u0446\u0430.<\/p>\n<hr data-start=\"930\" data-end=\"933\" \/>\n<h3 data-start=\"935\" data-end=\"954\">\ud83d\udc57 \u041f\u0440\u0435\u0434\u043b\u043e\u0436\u0435\u043d\u0438\u0435 \u0441\u0442\u0438\u043b\u044f<\/h3>\n<p data-start=\"955\" data-end=\"1109\">\u0421 \u0431\u0435\u043b\u044b\u043c\u0438 \u043b\u044c\u043d\u044f\u043d\u044b\u043c\u0438 \u0440\u0443\u0431\u0430\u0448\u043a\u0430\u043c\u0438, \u0446\u0432\u0435\u0442\u043d\u044b\u043c\u0438 \u0443\u043a\u043e\u0440\u043e\u0447\u0435\u043d\u043d\u044b\u043c\u0438 \u0442\u043e\u043f\u0430\u043c\u0438, \u0441\u0430\u043d\u0434\u0430\u043b\u0438\u044f\u043c\u0438 \u0438 \u0441\u043e\u043b\u043e\u043c\u0435\u043d\u043d\u044b\u043c\u0438 \u0441\u0443\u043c\u043a\u0430\u043c\u0438 \u043c\u043e\u0436\u043d\u043e \u0441\u043e\u0437\u0434\u0430\u0432\u0430\u0442\u044c \u0432\u0435\u043b\u0438\u043a\u043e\u043b\u0435\u043f\u043d\u044b\u0435 \u043e\u0431\u0440\u0430\u0437\u044b. \u0418\u0434\u0435\u0430\u043b\u044c\u043d\u043e \u0434\u043b\u044f \u043b\u044e\u0431\u0438\u0442\u0435\u043b\u0435\u0439 \u0440\u0435\u0442\u0440\u043e- \u0438 \u0431\u043e\u0445\u043e-\u0441\u0442\u0438\u043b\u044f!<\/p>\n<p data-start=\"1154\" data-end=\"1375\">\u0414\u043b\u044f \u0434\u0440\u0443\u0433\u0438\u0445 \u043c\u043e\u0434\u0435\u043b\u0435\u0439, \u043a\u043e\u0442\u043e\u0440\u044b\u0435 \u043c\u043e\u0433\u0443\u0442 \u043f\u043e\u0434\u043e\u0439\u0442\u0438 \u0432\u0430\u0448\u0435\u043c\u0443 \u0441\u0442\u0438\u043b\u044e \u0438 \u043d\u0435 \u0442\u043e\u043b\u044c\u043a\u043e, \u043f\u043e\u0441\u0435\u0442\u0438\u0442\u0435 Tuff\u00a0<a href=\"https:\/\/www.pinterest.com\/TuffHandicraft01\/\" target=\"_blank\" rel=\"noopener\">\u041f\u0438\u043d\u0442\u0435\u0440\u0435\u0441\u0442<\/a>\u00a0\u043f\u043e\u0441\u0435\u0442\u0438\u0442\u0435 \u043c\u0438\u0440.<\/p>\n<hr data-start=\"1111\" data-end=\"1114\" \/>\n<h3 data-start=\"1116\" data-end=\"1152\">\ud83c\udf31 \u0420\u0443\u0447\u043d\u0430\u044f \u0440\u0430\u0431\u043e\u0442\u0430 \u0438 \u044d\u043a\u043e\u043b\u043e\u0433\u0438\u0447\u043d\u043e\u0441\u0442\u044c<\/h3>\n<p data-start=\"1153\" data-end=\"1314\">\u041a\u0430\u043a \u0438 \u0432\u0441\u0435 \u043d\u0430\u0448\u0438 \u0438\u0437\u0434\u0435\u043b\u0438\u044f, \u044d\u0442\u0430 \u0448\u0430\u043f\u043a\u0430 \u0431\u044b\u043b\u0430 \u0438\u0437\u0433\u043e\u0442\u043e\u0432\u043b\u0435\u043d\u0430 \u0441 \u0443\u0447\u0451\u0442\u043e\u043c \u043f\u0440\u0438\u043d\u0446\u0438\u043f\u043e\u0432 \u00ab\u043c\u0435\u0434\u043b\u0435\u043d\u043d\u043e\u0439 \u043c\u043e\u0434\u044b\u00bb \u0438 \u0437\u0430\u0431\u043e\u0442\u043e\u0439 \u043e\u0431 \u043e\u043a\u0440\u0443\u0436\u0430\u044e\u0449\u0435\u0439 \u0441\u0440\u0435\u0434\u0435. \u0412\u043c\u0435\u0441\u0442\u043e \u043c\u0430\u0441\u0441\u043e\u0432\u043e\u0433\u043e \u043f\u0440\u043e\u0438\u0437\u0432\u043e\u0434\u0441\u0442\u0432\u0430 \u043a\u0430\u0436\u0434\u043e\u0435 \u0438\u0437\u0434\u0435\u043b\u0438\u0435 \u0432\u044f\u0436\u0435\u0442\u0441\u044f \u0432\u0440\u0443\u0447\u043d\u0443\u044e.<\/p>\n<hr data-start=\"1316\" data-end=\"1319\" \/>\n<h3 data-start=\"1321\" data-end=\"1345\">\ud83e\uddfc \u0418\u043d\u0441\u0442\u0440\u0443\u043a\u0446\u0438\u0438 \u043f\u043e \u0443\u0445\u043e\u0434\u0443<\/h3>\n<ul data-start=\"1346\" data-end=\"1462\">\n<li data-start=\"1346\" data-end=\"1385\">\n<p data-start=\"1348\" data-end=\"1385\">\u0421\u0442\u0438\u0440\u0430\u0442\u044c \u043e\u0441\u0442\u043e\u0440\u043e\u0436\u043d\u043e \u0432\u0440\u0443\u0447\u043d\u0443\u044e \u0432 \u0445\u043e\u043b\u043e\u0434\u043d\u043e\u0439 \u0432\u043e\u0434\u0435.<\/p>\n<\/li>\n<li data-start=\"1386\" data-end=\"1420\">\n<p data-start=\"1388\" data-end=\"1420\">\u0412\u044b\u0441\u0443\u0448\u0438\u0442\u0435, \u0440\u0430\u0437\u043b\u043e\u0436\u0438\u0432 \u043d\u0430 \u0440\u043e\u0432\u043d\u043e\u0439 \u043f\u043e\u0432\u0435\u0440\u0445\u043d\u043e\u0441\u0442\u0438.<\/p>\n<\/li>\n<li data-start=\"1421\" data-end=\"1462\">\n<p data-start=\"1423\" data-end=\"1462\">\u041d\u0435 \u0438\u0441\u043f\u043e\u043b\u044c\u0437\u0443\u0439\u0442\u0435 \u043e\u0442\u0431\u0435\u043b\u0438\u0432\u0430\u0442\u0435\u043b\u044c \u0438\u043b\u0438 \u0441\u0443\u0448\u0438\u043b\u043a\u0443.<\/p>\n<\/li>\n<\/ul>\n<hr data-start=\"1464\" data-end=\"1467\" \/>\n<h3 data-start=\"1469\" data-end=\"1491\">\ud83d\udca1 \u041f\u043e\u0447\u0435\u043c\u0443 \u0438\u043c\u0435\u043d\u043d\u043e \u044d\u0442\u0430 \u0448\u043b\u044f\u043f\u0430?<\/h3>\n<ul data-start=\"1492\" data-end=\"1671\">\n<li data-start=\"1492\" data-end=\"1541\">\n<p data-start=\"1494\" data-end=\"1541\">\u0414\u0438\u0437\u0430\u0439\u043d, \u043a\u043e\u0442\u043e\u0440\u044b\u0439 \u0432\u044b\u0434\u0435\u043b\u044f\u0435\u0442\u0441\u044f \u0431\u043b\u0430\u0433\u043e\u0434\u0430\u0440\u044f \u043a\u0440\u0430\u0441\u043e\u0447\u043d\u044b\u043c \u0431\u0430\u0431\u0443\u0448\u043a\u0438\u043d\u044b\u043c \u043c\u043e\u0442\u0438\u0432\u0430\u043c<\/p>\n<\/li>\n<li data-start=\"1542\" data-end=\"1569\">\n<p data-start=\"1544\" data-end=\"1569\">%100 pamuk ve el yap\u0131m\u0131<\/p>\n<\/li>\n<li data-start=\"1570\" data-end=\"1598\">\n<p data-start=\"1572\" data-end=\"1598\">\u0414\u044b\u0448\u0430\u0449\u0430\u044f \u0438 \u043b\u0435\u0433\u043a\u0430\u044f \u0441\u0442\u0440\u0443\u043a\u0442\u0443\u0440\u0430<\/p>\n<\/li>\n<li data-start=\"1599\" data-end=\"1630\">\n<p data-start=\"1601\" data-end=\"1630\">\u0412 \u0441\u043e\u043e\u0442\u0432\u0435\u0442\u0441\u0442\u0432\u0438\u0438 \u0441 \u043a\u043e\u043d\u0446\u0435\u043f\u0446\u0438\u0435\u0439 \u043c\u0435\u0434\u043b\u0435\u043d\u043d\u043e\u0439 \u043c\u043e\u0434\u044b<\/p>\n<\/li>\n<li data-start=\"1631\" data-end=\"1671\">\n<p data-start=\"1633\" data-end=\"1671\">\u0417\u0430\u0431\u0430\u0432\u043d\u044b\u0439 \u0448\u0442\u0440\u0438\u0445 \u043a \u043b\u0435\u0442\u043d\u0438\u043c \u0441\u043e\u0447\u0435\u0442\u0430\u043d\u0438\u044f\u043c<\/p>\n<\/li>\n<\/ul>","protected":false},"excerpt":{"rendered":"<p data-start=\"202\" data-end=\"377\">\u042d\u0442\u0430 \u043a\u0440\u0430\u0441\u043e\u0447\u043d\u0430\u044f \u043f\u0430\u043d\u0430\u043c\u0430, \u0441\u0432\u044f\u0437\u0430\u043d\u043d\u0430\u044f \u043a\u0440\u044e\u0447\u043a\u043e\u043c \u0432\u0440\u0443\u0447\u043d\u0443\u044e \u0438\u0437 \u0445\u043b\u043e\u043f\u043a\u043e\u0432\u043e\u0439 \u043f\u0440\u044f\u0436\u0438 \u0441 \u043c\u043e\u0442\u0438\u0432\u043e\u043c \u00ab\u0431\u0430\u0431\u0443\u0448\u043a\u0430\u00bb, \u0434\u043e\u0431\u0430\u0432\u0438\u0442 \u043e\u0434\u043d\u043e\u0432\u0440\u0435\u043c\u0435\u043d\u043d\u043e \u0437\u0430\u0449\u0438\u0442\u044b \u0438 \u0440\u0430\u0434\u043e\u0441\u0442\u0438 \u0432\u0430\u0448\u0435\u043c\u0443 \u043b\u0435\u0442\u043d\u0435\u043c\u0443 \u043e\u0431\u0440\u0430\u0437\u0443. \u0411\u043b\u0430\u0433\u043e\u0434\u0430\u0440\u044f \u0434\u044b\u0448\u0430\u0449\u0435\u043c\u0443 \u043a\u0440\u043e\u044e \u043e\u043d\u0430 \u0438\u0434\u0435\u0430\u043b\u044c\u043d\u043e \u043f\u043e\u0434\u0445\u043e\u0434\u0438\u0442 \u0434\u043b\u044f \u043b\u044e\u0431\u043e\u0433\u043e \u0441\u043b\u0443\u0447\u0430\u044f, \u0431\u0443\u0434\u044c \u0442\u043e \u043f\u043b\u044f\u0436 \u0438\u043b\u0438 \u0443\u043b\u0438\u0446\u0430.<\/p>","protected":false},"featured_media":28776,"comment_status":"open","ping_status":"closed","template":"","meta":[],"product_brand":[691],"product_cat":[693,711],"product_tag":[1199,879,939,1585,948,877,769,1205,1581,1582,882,1583,1200,762,878,753,1584,1580],"class_list":{"0":"post-27572","1":"product","2":"type-product","3":"status-publish","4":"has-post-thumbnail","6":"product_brand-tuffhandicraft","7":"product_cat-sapka","8":"product_cat-aksesuarlar","9":"product_tag-boho-stil-sapka","10":"product_tag-el-orgusu-sapka","11":"product_tag-el-yapimi-sapka","12":"product_tag-etnik-desenli-sapka","13":"product_tag-festival-sapkasi","14":"product_tag-granny-motifli-sapka","15":"product_tag-hediye-fikirleri","16":"product_tag-kova-sapka","17":"product_tag-pamuklu-yazlik-sapka","18":"product_tag-plaj-sapkasi","19":"product_tag-renkli-orgu-sapka","20":"product_tag-retro-stil","21":"product_tag-surdurulebilir-aksesuar","22":"product_tag-surdurulebilir-moda","23":"product_tag-tig-isi-sapka","24":"product_tag-yavas-moda","25":"product_tag-yaz-modasi","26":"product_tag-yazlik-bucket-sapka","28":"first","29":"instock","30":"taxable","31":"shipping-taxable","32":"purchasable","33":"product-type-simple"},"_links":{"self":[{"href":"https:\/\/tuffhandicraft.com\/ru\/wp-json\/wp\/v2\/product\/27572","targetHints":{"allow":["GET"]}}],"collection":[{"href":"https:\/\/tuffhandicraft.com\/ru\/wp-json\/wp\/v2\/product"}],"about":[{"href":"https:\/\/tuffhandicraft.com\/ru\/wp-json\/wp\/v2\/types\/product"}],"replies":[{"embeddable":true,"href":"https:\/\/tuffhandicraft.com\/ru\/wp-json\/wp\/v2\/comments?post=27572"}],"version-history":[{"count":0,"href":"https:\/\/tuffhandicraft.com\/ru\/wp-json\/wp\/v2\/product\/27572\/revisions"}],"wp:featuredmedia":[{"embeddable":true,"href":"https:\/\/tuffhandicraft.com\/ru\/wp-json\/wp\/v2\/media\/28776"}],"wp:attachment":[{"href":"https:\/\/tuffhandicraft.com\/ru\/wp-json\/wp\/v2\/media?parent=27572"}],"wp:term":[{"taxonomy":"product_brand","embeddable":true,"href":"https:\/\/tuffhandicraft.com\/ru\/wp-json\/wp\/v2\/product_brand?post=27572"},{"taxonomy":"product_cat","embeddable":true,"href":"https:\/\/tuffhandicraft.com\/ru\/wp-json\/wp\/v2\/product_cat?post=27572"},{"taxonomy":"product_tag","embeddable":true,"href":"https:\/\/tuffhandicraft.com\/ru\/wp-json\/wp\/v2\/product_tag?post=27572"}],"curies":[{"name":"wp","href":"https:\/\/api.w.org\/{rel}","templated":true}]}}