{"id":27576,"date":"2025-05-11T00:23:22","date_gmt":"2025-05-10T21:23:22","guid":{"rendered":"https:\/\/tasarim.yusufkecici.com.tr\/urun\/crochet-halter-top-granny-square-bustier-cotton-bralette-rave-outfit-boho-gifts-crochet-festival-crop-top-summer-top-gift-for-her\/"},"modified":"2025-08-10T19:47:19","modified_gmt":"2025-08-10T16:47:19","slug":"bohem-granny-bralet","status":"publish","type":"product","link":"https:\/\/tuffhandicraft.com\/ru\/magaza\/crop-top\/bohem-granny-bralet\/","title":{"rendered":"\u0411\u0440\u0430\u043b\u0435\u0442 \u0432 \u0441\u0442\u0438\u043b\u0435 \u0431\u043e\u0445\u043e-\u0431\u0430\u0431\u0443\u0448\u043a\u0438 \u2013 \u0440\u0435\u0433\u0443\u043b\u0438\u0440\u0443\u0435\u043c\u044b\u0439 \u0434\u0438\u0437\u0430\u0439\u043d"},"content":{"rendered":"<h1 data-start=\"177\" data-end=\"225\">\ud83e\uddf6 \u0411\u043e\u0433\u0435\u043c\u043d\u044b\u0439 \u0431\u044e\u0441\u0442\u0433\u0430\u043b\u044c\u0442\u0435\u0440-\u0431\u0440\u0430\u043b\u0435\u0442 \u0432 \u0441\u0442\u0438\u043b\u0435 \u0431\u0430\u0431\u0443\u0448\u043a\u0438 \u2013 \u0440\u0435\u0433\u0443\u043b\u0438\u0440\u0443\u0435\u043c\u044b\u0439 \u0434\u0438\u0437\u0430\u0439\u043d<\/h1>\n<p data-start=\"227\" data-end=\"584\">\u041a\u0430\u0436\u0434\u044b\u0439 \u0438\u0437 \u043d\u0438\u0445 \u0442\u0449\u0430\u0442\u0435\u043b\u044c\u043d\u043e \u0441\u0432\u044f\u0437\u0430\u043d \u043a\u0440\u044e\u0447\u043a\u043e\u043c. <strong data-start=\"265\" data-end=\"288\">\u0411\u043e\u0433\u0435\u043c\u0441\u043a\u0438\u0439 \u0431\u0430\u0431\u0443\u0448\u043a\u0438\u043d \u0431\u0440\u0430\u043b\u0435\u0442<\/strong>, \u0433\u043e\u0442\u043e\u0432 \u0441\u0442\u0430\u0442\u044c \u043d\u0435\u0437\u0430\u043c\u0435\u043d\u0438\u043c\u044b\u043c \u043f\u0440\u0435\u0434\u043c\u0435\u0442\u043e\u043c \u043b\u0435\u0442\u043d\u0435\u0433\u043e \u0433\u0430\u0440\u0434\u0435\u0440\u043e\u0431\u0430! \u042f\u0440\u043a\u0438\u0435 \u043c\u043e\u0442\u0438\u0432\u044b \u00ab\u0431\u0430\u0431\u0443\u0448\u043a\u0438\u043d \u043a\u0432\u0430\u0434\u0440\u0430\u0442\u00bb \u0438 \u0440\u0435\u0433\u0443\u043b\u0438\u0440\u0443\u0435\u043c\u044b\u0435 \u0448\u043d\u0443\u0440\u043a\u0438 \u043f\u043e\u0437\u0432\u043e\u043b\u044f\u044e\u0442 \u043b\u0435\u0433\u043a\u043e \u0430\u0434\u0430\u043f\u0442\u0438\u0440\u043e\u0432\u0430\u0442\u044c \u0435\u0433\u043e \u043f\u043e\u0434 \u043b\u044e\u0431\u0443\u044e \u0444\u0438\u0433\u0443\u0440\u0443. \u0421\u043e\u0437\u0434\u0430\u043d \u0434\u043b\u044f \u0442\u0435\u0445, \u043a\u0442\u043e \u0445\u043e\u0447\u0435\u0442 \u0447\u0443\u0432\u0441\u0442\u0432\u043e\u0432\u0430\u0442\u044c \u0441\u0435\u0431\u044f \u043a\u043e\u043c\u0444\u043e\u0440\u0442\u043d\u043e \u0438 \u0441\u0442\u0438\u043b\u044c\u043d\u043e \u0432 \u0441\u0430\u043c\u044b\u0445 \u0440\u0430\u0437\u043d\u044b\u0445 \u0441\u0438\u0442\u0443\u0430\u0446\u0438\u044f\u0445: \u043e\u0442 \u043f\u043b\u044f\u0436\u0430 \u0434\u043e \u0444\u0435\u0441\u0442\u0438\u0432\u0430\u043b\u0435\u0439, \u043e\u0442 \u043e\u0434\u043d\u043e\u0434\u043d\u0435\u0432\u043d\u044b\u0445 \u043f\u043e\u0435\u0437\u0434\u043e\u043a \u0434\u043e \u043e\u0441\u043e\u0431\u044b\u0445 \u043c\u0435\u0440\u043e\u043f\u0440\u0438\u044f\u0442\u0438\u0439.<\/p>\n<hr data-start=\"586\" data-end=\"589\" \/>\n<h2 data-start=\"591\" data-end=\"613\">\u2728 \u041c\u0430\u0442\u0435\u0440\u0438\u0430\u043b\u044c\u043d\u0430\u044f \u0438\u043d\u0444\u043e\u0440\u043c\u0430\u0446\u0438\u044f<img loading=\"lazy\" decoding=\"async\" class=\"wd-lazy-fade size-full wp-image-28000 alignright\" src=\"https:\/\/tuffhandicraft.com\/wp-content\/themes\/woodmart\/images\/lazy.svg\" data-src=\"https:\/\/tuffhandicraft.com\/wp-content\/uploads\/2021\/08\/footer-logo-1.png\" alt=\"\u0411\u0440\u0430\u043b\u0435\u0442 \u0432 \u0441\u0442\u0438\u043b\u0435 \u0431\u043e\u0445\u043e-\u0431\u0430\u0431\u0443\u0448\u043a\u0438 \u2013 \u0440\u0435\u0433\u0443\u043b\u0438\u0440\u0443\u0435\u043c\u044b\u0439 \u0434\u0438\u0437\u0430\u0439\u043d\" width=\"220\" height=\"40\" title=\"\" srcset=\"\" data-srcset=\"https:\/\/tuffhandicraft.com\/wp-content\/uploads\/2021\/08\/footer-logo-1.png 220w, https:\/\/tuffhandicraft.com\/wp-content\/uploads\/2021\/08\/footer-logo-1-150x27.png 150w\" sizes=\"auto, (max-width: 220px) 100vw, 220px\" \/><\/h2>\n<p data-start=\"614\" data-end=\"736\">%100 pamuk ipliklerle \u00f6r\u00fclm\u00fc\u015ft\u00fcr. Hafif, nefes alan yap\u0131s\u0131 sayesinde cildi tahri\u015f etmez, yaz s\u0131caklar\u0131nda ferahl\u0131k sa\u011flar.<\/p>\n<hr data-start=\"738\" data-end=\"741\" \/>\n<h2 data-start=\"743\" data-end=\"775\">\u2600\ufe0f \u041e\u0431\u043b\u0430\u0441\u0442\u044c \u043f\u0440\u0438\u043c\u0435\u043d\u0435\u043d\u0438\u044f \u0438 \u043a\u043e\u043c\u0444\u043e\u0440\u0442<\/h2>\n<p data-start=\"776\" data-end=\"989\">\u041f\u043b\u044f\u0436\u043d\u044b\u0439 \u0442\u043e\u043f, \u043d\u0430\u0440\u044f\u0434 \u0434\u043b\u044f \u0444\u0435\u0441\u0442\u0438\u0432\u0430\u043b\u044f, \u043b\u0435\u0442\u043d\u0438\u0439 \u0433\u043e\u0440\u043e\u0434\u0441\u043a\u043e\u0439 \u0441\u0442\u0438\u043b\u044c \u0438\u043b\u0438 \u0431\u043e\u0433\u0435\u043c\u043d\u044b\u0435 \u043c\u0435\u0440\u043e\u043f\u0440\u0438\u044f\u0442\u0438\u044f... \u042d\u0442\u043e\u0442 \u0431\u044e\u0441\u0442\u0433\u0430\u043b\u044c\u0442\u0435\u0440-\u0431\u0440\u0430\u043b\u0435\u0442\u0442 \u043f\u043e\u0434\u043e\u0439\u0434\u0435\u0442 \u0434\u043b\u044f \u043b\u044e\u0431\u043e\u0433\u043e \u0441\u043b\u0443\u0447\u0430\u044f \u0431\u043b\u0430\u0433\u043e\u0434\u0430\u0440\u044f \u0441\u0432\u043e\u0435\u0439 \u044d\u043b\u0435\u0433\u0430\u043d\u0442\u043d\u043e\u0441\u0442\u0438 \u0438 \u0444\u0443\u043d\u043a\u0446\u0438\u043e\u043d\u0430\u043b\u044c\u043d\u043e\u0441\u0442\u0438. <a href=\"https:\/\/tuffhandicraft.com\/ru\/%d0%bf%d1%80%d0%be%d0%b4%d1%83%d0%ba%d1%82\/turuncu-boho-bralet\/\">\u0420\u0435\u0433\u0443\u043b\u0438\u0440\u0443\u0435\u043c\u044b\u0439<\/a> \u041e\u0431\u0435\u0441\u043f\u0435\u0447\u0438\u0432\u0430\u0435\u0442 \u0438\u043d\u0434\u0438\u0432\u0438\u0434\u0443\u0430\u043b\u044c\u043d\u043e\u0435 \u0438\u0441\u043f\u043e\u043b\u044c\u0437\u043e\u0432\u0430\u043d\u0438\u0435 \u0431\u043b\u0430\u0433\u043e\u0434\u0430\u0440\u044f \u0437\u0430\u0432\u044f\u0437\u043a\u0430\u043c \u043d\u0430 \u0441\u043f\u0438\u043d\u0435 \u0438 \u0448\u0435\u0435.<\/p>\n<hr data-start=\"991\" data-end=\"994\" \/>\n<h2 data-start=\"996\" data-end=\"1026\">\ud83d\udc57 \u041f\u0440\u0435\u0434\u043b\u043e\u0436\u0435\u043d\u0438\u044f \u043f\u043e \u0441\u0442\u0438\u043b\u044e \u0438 \u0441\u043e\u0447\u0435\u0442\u0430\u043d\u0438\u044e<\/h2>\n<p data-start=\"1027\" data-end=\"1232\">\u0421\u043e\u0447\u0435\u0442\u0430\u0439\u0442\u0435 \u0435\u0433\u043e \u0441 \u0434\u0436\u0438\u043d\u0441\u0430\u043c\u0438 \u0441 \u0432\u044b\u0441\u043e\u043a\u043e\u0439 \u0442\u0430\u043b\u0438\u0435\u0439, \u0441\u0432\u043e\u0431\u043e\u0434\u043d\u044b\u043c\u0438 \u043b\u044c\u043d\u044f\u043d\u044b\u043c\u0438 \u0431\u0440\u044e\u043a\u0430\u043c\u0438 \u0438\u043b\u0438 \u044e\u0431\u043a\u0430\u043c\u0438 \u043c\u0430\u043a\u0441\u0438 \u0434\u043b\u044f \u0441\u043e\u0437\u0434\u0430\u043d\u0438\u044f \u043e\u0431\u0440\u0430\u0437\u0430 \u0432 \u0441\u0442\u0438\u043b\u0435 \u0431\u043e\u0445\u043e. \u0414\u043e\u043f\u043e\u043b\u043d\u0438\u0442\u0435 \u0435\u0433\u043e \u043b\u0451\u0433\u043a\u0438\u043c \u043a\u0430\u0440\u0434\u0438\u0433\u0430\u043d\u043e\u043c \u0438\u043b\u0438 \u043a\u0438\u043c\u043e\u043d\u043e \u0434\u043b\u044f \u0441\u043e\u0437\u0434\u0430\u043d\u0438\u044f \u0441\u0442\u0438\u043b\u044c\u043d\u043e\u0433\u043e \u0432\u0435\u0447\u0435\u0440\u043d\u0435\u0433\u043e \u043e\u0431\u0440\u0430\u0437\u0430.<\/p>\n<p data-start=\"877\" data-end=\"1029\">\u0414\u043b\u044f \u0434\u0440\u0443\u0433\u0438\u0445 \u043c\u043e\u0434\u0435\u043b\u0435\u0439, \u043a\u043e\u0442\u043e\u0440\u044b\u0435 \u043c\u043e\u0433\u0443\u0442 \u043f\u043e\u0434\u043e\u0439\u0442\u0438 \u0432\u0430\u0448\u0435\u043c\u0443 \u0441\u0442\u0438\u043b\u044e \u0438 \u043d\u0435 \u0442\u043e\u043b\u044c\u043a\u043e, \u043f\u043e\u0441\u0435\u0442\u0438\u0442\u0435 Tuff\u00a0<a href=\"https:\/\/www.pinterest.com\/TuffHandicraft01\/\" target=\"_blank\" rel=\"noopener\">\u041f\u0438\u043d\u0442\u0435\u0440\u0435\u0441\u0442<\/a>\u00a0\u043f\u043e\u0441\u0435\u0442\u0438\u0442\u0435 \u043c\u0438\u0440.<\/p>\n<hr data-start=\"1234\" data-end=\"1237\" \/>\n<h2 data-start=\"1239\" data-end=\"1281\">\ud83c\udf31 \u0420\u0443\u0447\u043d\u0430\u044f \u0440\u0430\u0431\u043e\u0442\u0430 \u0438 \u044d\u043a\u043e\u043b\u043e\u0433\u0438\u0447\u043d\u043e\u0435 \u043f\u0440\u043e\u0438\u0437\u0432\u043e\u0434\u0441\u0442\u0432\u043e<\/h2>\n<p data-start=\"1282\" data-end=\"1479\">\u041a\u0430\u0436\u0434\u043e\u0435 \u0438\u0437\u0434\u0435\u043b\u0438\u0435 \u0438\u0437\u0433\u043e\u0442\u0430\u0432\u043b\u0438\u0432\u0430\u0435\u0442\u0441\u044f \u0432\u0440\u0443\u0447\u043d\u0443\u044e \u0441 \u0443\u0447\u0451\u0442\u043e\u043c \u043f\u0440\u0438\u043d\u0446\u0438\u043f\u043e\u0432 \u044d\u043a\u043e\u043b\u043e\u0433\u0438\u0447\u043d\u043e\u0439 \u043c\u043e\u0434\u044b. \u042d\u0442\u043e \u0438\u043d\u0434\u0438\u0432\u0438\u0434\u0443\u0430\u043b\u044c\u043d\u044b\u0439 \u043f\u043e\u0434\u0445\u043e\u0434, \u0430 \u043d\u0435 \u043c\u0430\u0441\u0441\u043e\u0432\u043e\u0435 \u043f\u0440\u043e\u0438\u0437\u0432\u043e\u0434\u0441\u0442\u0432\u043e. \u0422\u0430\u043a\u0438\u043c \u043e\u0431\u0440\u0430\u0437\u043e\u043c, \u0432\u044b \u0434\u0435\u043b\u0430\u0435\u0442\u0435 \u044d\u043a\u043e\u043b\u043e\u0433\u0438\u0447\u0435\u0441\u043a\u0438 \u043e\u0442\u0432\u0435\u0442\u0441\u0442\u0432\u0435\u043d\u043d\u044b\u0439 \u0432\u044b\u0431\u043e\u0440 \u0438 \u043e\u0434\u043d\u043e\u0432\u0440\u0435\u043c\u0435\u043d\u043d\u043e \u043f\u0440\u0438\u043e\u0431\u0440\u0435\u0442\u0430\u0435\u0442\u0435 \u0443\u043d\u0438\u043a\u0430\u043b\u044c\u043d\u0443\u044e \u0432\u0435\u0449\u044c.<\/p>\n<hr data-start=\"1481\" data-end=\"1484\" \/>\n<h2 data-start=\"1486\" data-end=\"1508\">\ud83e\uddfc \u0418\u043d\u0441\u0442\u0440\u0443\u043a\u0446\u0438\u0438 \u043f\u043e \u0443\u0445\u043e\u0434\u0443<\/h2>\n<ul data-start=\"1509\" data-end=\"1647\">\n<li data-start=\"1509\" data-end=\"1538\">\n<p data-start=\"1511\" data-end=\"1538\">\u0420\u0443\u0447\u043d\u0430\u044f \u0441\u0442\u0438\u0440\u043a\u0430 \u0432 \u0442\u0435\u043f\u043b\u043e\u0439 \u0432\u043e\u0434\u0435.<\/p>\n<\/li>\n<li data-start=\"1539\" data-end=\"1569\">\n<p data-start=\"1541\" data-end=\"1569\">\u0421\u0443\u0448\u0438\u0442\u044c \u043d\u0430 \u0440\u043e\u0432\u043d\u043e\u0439 \u043f\u043e\u0432\u0435\u0440\u0445\u043d\u043e\u0441\u0442\u0438.<\/p>\n<\/li>\n<li data-start=\"1570\" data-end=\"1597\">\n<p data-start=\"1572\" data-end=\"1597\">\u041d\u0435 \u0438\u0441\u043f\u043e\u043b\u044c\u0437\u0443\u0439\u0442\u0435 \u043e\u0442\u0431\u0435\u043b\u0438\u0432\u0430\u0442\u0435\u043b\u044c.<\/p>\n<\/li>\n<li data-start=\"1598\" data-end=\"1647\">\n<p data-start=\"1600\" data-end=\"1647\">\u0413\u043b\u0430\u0434\u0438\u0442\u044c \u043f\u0440\u0438 \u043d\u0438\u0437\u043a\u043e\u0439 \u0442\u0435\u043c\u043f\u0435\u0440\u0430\u0442\u0443\u0440\u0435 (\u0436\u0435\u043b\u0430\u0442\u0435\u043b\u044c\u043d\u043e \u043d\u0435 \u0443\u0442\u044e\u0433\u043e\u043c).<\/p>\n<\/li>\n<\/ul>\n<hr data-start=\"1649\" data-end=\"1652\" \/>\n<h2 data-start=\"1654\" data-end=\"1676\">\ud83d\udca1 \u041f\u043e\u0447\u0435\u043c\u0443 \u0438\u043c\u0435\u043d\u043d\u043e \u044d\u0442\u043e\u0442 \u0431\u043e\u0445\u043e-\u0431\u0430\u0431\u0443\u0448\u043a\u0438\u043d \u0431\u0440\u0430\u043b\u0435\u0442\u0442?<\/h2>\n<ul data-start=\"1677\" data-end=\"1928\">\n<li data-start=\"1677\" data-end=\"1720\">\n<p data-start=\"1679\" data-end=\"1720\">\u041f\u0440\u0438\u0432\u043b\u0435\u043a\u0430\u0435\u0442 \u0432\u043d\u0438\u043c\u0430\u043d\u0438\u0435 \u043a\u0440\u0430\u0441\u043e\u0447\u043d\u044b\u043c\u0438 \u0431\u0430\u0431\u0443\u0448\u043a\u0438\u043d\u044b\u043c\u0438 \u043c\u043e\u0442\u0438\u0432\u0430\u043c\u0438.<\/p>\n<\/li>\n<li data-start=\"1721\" data-end=\"1775\">\n<p data-start=\"1723\" data-end=\"1775\">\u041e\u0431\u0435\u0441\u043f\u0435\u0447\u0438\u0432\u0430\u0435\u0442 \u0433\u0438\u0431\u043a\u043e\u0441\u0442\u044c \u0431\u043b\u0430\u0433\u043e\u0434\u0430\u0440\u044f \u0440\u0435\u0433\u0443\u043b\u0438\u0440\u0443\u0435\u043c\u044b\u043c \u0448\u043d\u0443\u0440\u043a\u0430\u043c<\/p>\n<\/li>\n<li data-start=\"1776\" data-end=\"1804\">\n<p data-start=\"1778\" data-end=\"1804\">\u0418\u0437\u0433\u043e\u0442\u043e\u0432\u043b\u0435\u043d\u043e \u0432\u0440\u0443\u0447\u043d\u0443\u044e \u0438 \u044d\u0442\u0438\u0447\u043d\u043e<\/p>\n<\/li>\n<li data-start=\"1805\" data-end=\"1838\">\n<p data-start=\"1807\" data-end=\"1838\">%100 pamuklu, nefes alan yap\u0131<\/p>\n<\/li>\n<li data-start=\"1839\" data-end=\"1887\">\n<p data-start=\"1841\" data-end=\"1887\">\u041f\u043e\u0434\u0445\u043e\u0434\u0438\u0442 \u0434\u043b\u044f \u043f\u0440\u0430\u0437\u0434\u043d\u0438\u0447\u043d\u044b\u0445, \u043b\u0435\u0442\u043d\u0438\u0445 \u0438 \u043f\u043e\u0432\u0441\u0435\u0434\u043d\u0435\u0432\u043d\u044b\u0445 \u0441\u043e\u0447\u0435\u0442\u0430\u043d\u0438\u0439.<\/p>\n<\/li>\n<li data-start=\"1888\" data-end=\"1928\">\n<p data-start=\"1890\" data-end=\"1928\">\u041e\u0440\u0438\u0433\u0438\u043d\u0430\u043b\u044c\u043d\u044b\u0439 \u0434\u0438\u0437\u0430\u0439\u043d, \u043e\u0442\u0440\u0430\u0436\u0430\u044e\u0449\u0438\u0439 \u044d\u0441\u0442\u0435\u0442\u0438\u043a\u0443 \u0431\u043e\u0445\u043e<\/p>\n<\/li>\n<\/ul>","protected":false},"excerpt":{"rendered":"<p data-start=\"114\" data-end=\"274\">\u042d\u0442\u043e\u0442 \u0431\u044e\u0441\u0442\u0433\u0430\u043b\u044c\u0442\u0435\u0440-\u0431\u0440\u0430\u043b\u0435\u0442\u0442 \u0440\u0443\u0447\u043d\u043e\u0439 \u0440\u0430\u0431\u043e\u0442\u044b, \u0441\u0432\u044f\u0437\u0430\u043d\u043d\u044b\u0439 \u0441 \u044f\u0440\u043a\u0438\u043c\u0438 \u0431\u0430\u0431\u0443\u0448\u043a\u0438\u043d\u044b\u043c\u0438 \u043c\u043e\u0442\u0438\u0432\u0430\u043c\u0438, \u043f\u043e\u0434\u0445\u043e\u0434\u0438\u0442 \u0434\u043b\u044f \u0432\u0441\u0435\u0445 \u0440\u0430\u0437\u043c\u0435\u0440\u043e\u0432 \u0431\u043b\u0430\u0433\u043e\u0434\u0430\u0440\u044f \u0440\u0435\u0433\u0443\u043b\u0438\u0440\u0443\u0435\u043c\u044b\u043c \u0437\u0430\u0432\u044f\u0437\u043a\u0430\u043c. \u0423\u043d\u0438\u043a\u0430\u043b\u044c\u043d\u044b\u0439 \u0438 \u0443\u0434\u043e\u0431\u043d\u044b\u0439 \u0432\u044b\u0431\u043e\u0440 \u0434\u043b\u044f \u0432\u0430\u0448\u0435\u0433\u043e \u043b\u0435\u0442\u043d\u0435\u0433\u043e \u043e\u0431\u0440\u0430\u0437\u0430!<\/p>","protected":false},"featured_media":28753,"comment_status":"open","ping_status":"closed","template":"","meta":[],"product_brand":[691],"product_cat":[697],"product_tag":[1534,1569,1571,1578,1572,1178,786,1570,769,1576,1186,1574,1575,762,1577,1179,1579,1013,1573,1182,788,997],"class_list":{"0":"post-27576","1":"product","2":"type-product","3":"status-publish","4":"has-post-thumbnail","6":"product_brand-tuffhandicraft","7":"product_cat-crop-top","8":"product_tag-ayarlanabilir-crop-top","9":"product_tag-bohem-bralet","10":"product_tag-boho-bralet","11":"product_tag-bustiyer","12":"product_tag-crochet-bustier","13":"product_tag-el-yapimi-bralet","14":"product_tag-festival-stili","15":"product_tag-granny-square-bralet","16":"product_tag-hediye-fikirleri","17":"product_tag-ozgun-tasarim-bralet","18":"product_tag-pamuklu-bralet","19":"product_tag-plajlik-ust","20":"product_tag-renkli-el-orgusu-bralet","21":"product_tag-surdurulebilir-moda","22":"product_tag-sustainable-fashion","23":"product_tag-tig-isi-bralet","24":"product_tag-tig-isi-bustiyer","25":"product_tag-tig-isi-yazlik-ust","26":"product_tag-yaz-stili-bralet","27":"product_tag-yazlik-bralet","28":"product_tag-yazlik-orgu-ust","29":"product_tag-yazlik-ust","31":"first","32":"instock","33":"taxable","34":"shipping-taxable","35":"purchasable","36":"product-type-variable"},"_links":{"self":[{"href":"https:\/\/tuffhandicraft.com\/ru\/wp-json\/wp\/v2\/product\/27576","targetHints":{"allow":["GET"]}}],"collection":[{"href":"https:\/\/tuffhandicraft.com\/ru\/wp-json\/wp\/v2\/product"}],"about":[{"href":"https:\/\/tuffhandicraft.com\/ru\/wp-json\/wp\/v2\/types\/product"}],"replies":[{"embeddable":true,"href":"https:\/\/tuffhandicraft.com\/ru\/wp-json\/wp\/v2\/comments?post=27576"}],"version-history":[{"count":0,"href":"https:\/\/tuffhandicraft.com\/ru\/wp-json\/wp\/v2\/product\/27576\/revisions"}],"wp:featuredmedia":[{"embeddable":true,"href":"https:\/\/tuffhandicraft.com\/ru\/wp-json\/wp\/v2\/media\/28753"}],"wp:attachment":[{"href":"https:\/\/tuffhandicraft.com\/ru\/wp-json\/wp\/v2\/media?parent=27576"}],"wp:term":[{"taxonomy":"product_brand","embeddable":true,"href":"https:\/\/tuffhandicraft.com\/ru\/wp-json\/wp\/v2\/product_brand?post=27576"},{"taxonomy":"product_cat","embeddable":true,"href":"https:\/\/tuffhandicraft.com\/ru\/wp-json\/wp\/v2\/product_cat?post=27576"},{"taxonomy":"product_tag","embeddable":true,"href":"https:\/\/tuffhandicraft.com\/ru\/wp-json\/wp\/v2\/product_tag?post=27576"}],"curies":[{"name":"wp","href":"https:\/\/api.w.org\/{rel}","templated":true}]}}