{"id":27586,"date":"2025-05-11T00:23:34","date_gmt":"2025-05-10T21:23:34","guid":{"rendered":"https:\/\/tasarim.yusufkecici.com.tr\/urun\/full-finger-crochet-mittens-with-christmas-tree-design-handmade-brown-winter-glove-adult-or-teen-holiday-crochet-gloves-christmas-gift\/"},"modified":"2025-08-10T19:44:21","modified_gmt":"2025-08-10T16:44:21","slug":"yilbasi-temali-eldiven-cam-agaci","status":"publish","type":"product","link":"https:\/\/tuffhandicraft.com\/ru\/magaza\/aksesuarlar\/eldiven\/yilbasi-temali-eldiven-cam-agaci\/","title":{"rendered":"\u0420\u043e\u0436\u0434\u0435\u0441\u0442\u0432\u0435\u043d\u0441\u043a\u0438\u0435 \u0432\u0430\u0440\u0435\u0436\u043a\u0438 \u2013 \u0441\u043e\u0441\u043d\u0430 \u0438 \u0440\u043e\u0436\u0434\u0435\u0441\u0442\u0432\u0435\u043d\u0441\u043a\u0438\u0439 \u0432\u0435\u043d\u043e\u043a"},"content":{"rendered":"<h1 data-start=\"154\" data-end=\"210\">\ud83c\udf84 \u0420\u043e\u0436\u0434\u0435\u0441\u0442\u0432\u0435\u043d\u0441\u043a\u0438\u0435 \u0432\u0430\u0440\u0435\u0436\u043a\u0438 \u2013 \u0441\u043e\u0441\u043d\u0430 \u0438 \u0440\u043e\u0436\u0434\u0435\u0441\u0442\u0432\u0435\u043d\u0441\u043a\u0438\u0439 \u0432\u0435\u043d\u043e\u043a<\/h1>\n<p data-start=\"211\" data-end=\"260\">\u0422\u0435\u043f\u043b\u044b\u0439 \u0438 \u0437\u0430\u0431\u0430\u0432\u043d\u044b\u0439 \u0437\u0438\u043c\u043d\u0438\u0439 \u0430\u043a\u0441\u0435\u0441\u0441\u0443\u0430\u0440 \u0440\u0443\u0447\u043d\u043e\u0439 \u0440\u0430\u0431\u043e\u0442\u044b<\/p>\n<hr data-start=\"262\" data-end=\"265\" \/>\n<h2 data-start=\"267\" data-end=\"306\">\u2744\ufe0f \u041d\u0435\u0441\u0438\u0442\u0435 \u043d\u043e\u0432\u043e\u0433\u043e\u0434\u043d\u0435\u0435 \u043d\u0430\u0441\u0442\u0440\u043e\u0435\u043d\u0438\u0435 \u0432 \u0441\u0432\u043e\u0438\u0445 \u0440\u0443\u043a\u0430\u0445!<\/h2>\n<p data-start=\"307\" data-end=\"628\">\u042d\u0442\u0438 \u043f\u0435\u0440\u0447\u0430\u0442\u043a\u0438 \u0440\u0443\u0447\u043d\u043e\u0439 \u0440\u0430\u0431\u043e\u0442\u044b \u0441 \u0440\u043e\u0436\u0434\u0435\u0441\u0442\u0432\u0435\u043d\u0441\u043a\u043e\u0439 \u0442\u0435\u043c\u0430\u0442\u0438\u043a\u043e\u0439 \u0441\u043e\u0437\u0434\u0430\u043d\u044b \u0434\u043b\u044f \u0442\u0435\u0445, \u043a\u0442\u043e \u0445\u043e\u0447\u0435\u0442 \u0441\u043e\u0433\u0440\u0435\u0442\u044c\u0441\u044f \u0432 \u0437\u0438\u043c\u043d\u0438\u0435 \u0434\u043d\u0438 \u0438 \u0434\u043e\u0431\u0430\u0432\u0438\u0442\u044c \u043d\u0435\u043c\u043d\u043e\u0433\u043e \u0432\u0435\u0441\u0435\u043b\u044c\u044f \u0432 \u0441\u0432\u043e\u0439 \u043e\u0431\u0440\u0430\u0437. \u042d\u0442\u043e \u043e\u0441\u043e\u0431\u0435\u043d\u043d\u043e\u0435 \u0438\u0437\u0434\u0435\u043b\u0438\u0435, \u0443\u043a\u0440\u0430\u0448\u0435\u043d\u043d\u043e\u0435 \u0432\u044f\u0437\u0430\u043d\u044b\u043c\u0438 \u043a\u0440\u044e\u0447\u043a\u043e\u043c \u043c\u043e\u0442\u0438\u0432\u0430\u043c\u0438 \u0441\u043e\u0441\u043d\u044b \u0438 \u0440\u043e\u0436\u0434\u0435\u0441\u0442\u0432\u0435\u043d\u0441\u043a\u043e\u0433\u043e \u0432\u0435\u043d\u043a\u0430, \u0432\u043e\u043f\u043b\u043e\u0449\u0430\u0435\u0442 \u0440\u0430\u0434\u043e\u0441\u0442\u044c \u043f\u0440\u0430\u0437\u0434\u043d\u0438\u043a\u043e\u0432. \u0411\u043b\u0430\u0433\u043e\u0434\u0430\u0440\u044f \u043a\u043e\u043d\u0441\u0442\u0440\u0443\u043a\u0446\u0438\u0438 \u0441 \u043e\u0442\u043a\u0440\u044b\u0442\u044b\u043c\u0438 \u043f\u0430\u043b\u044c\u0446\u0430\u043c\u0438 \u043f\u0435\u0440\u0447\u0430\u0442\u043a\u0438 \u0441\u043e\u0445\u0440\u0430\u043d\u044f\u044e\u0442 \u0442\u0435\u043f\u043b\u043e \u0438 \u0432\u044b\u0433\u043b\u044f\u0434\u044f\u0442 \u0441\u0442\u0438\u043b\u044c\u043d\u043e.<\/p>\n<hr data-start=\"630\" data-end=\"633\" \/>\n<h2 data-start=\"635\" data-end=\"658\">\ud83e\uddf5 \u041c\u0430\u0442\u0435\u0440\u0438\u0430\u043b\u044c\u043d\u0430\u044f \u0438\u043d\u0444\u043e\u0440\u043c\u0430\u0446\u0438\u044f<img loading=\"lazy\" decoding=\"async\" class=\"wd-lazy-fade size-full wp-image-28000 alignright\" src=\"https:\/\/tuffhandicraft.com\/wp-content\/themes\/woodmart\/images\/lazy.svg\" data-src=\"https:\/\/tuffhandicraft.com\/wp-content\/uploads\/2021\/08\/footer-logo-1.png\" alt=\"Y\u0131lba\u015f\u0131 Temal\u0131 Eldiven \u2013 \u00c7am A\u011fac\u0131 &amp; Noel \u00c7elengi\" width=\"220\" height=\"40\" title=\"\" srcset=\"\" data-srcset=\"https:\/\/tuffhandicraft.com\/wp-content\/uploads\/2021\/08\/footer-logo-1.png 220w, https:\/\/tuffhandicraft.com\/wp-content\/uploads\/2021\/08\/footer-logo-1-150x27.png 150w\" sizes=\"auto, (max-width: 220px) 100vw, 220px\" \/><\/h2>\n<p data-start=\"659\" data-end=\"848\">\u042d\u0442\u0438 \u043f\u0435\u0440\u0447\u0430\u0442\u043a\u0438 \u0441\u0432\u044f\u0437\u0430\u043d\u044b \u0432\u0440\u0443\u0447\u043d\u0443\u044e \u0438\u0437 \u043c\u044f\u0433\u043a\u043e\u0439 \u043f\u0440\u044f\u0436\u0438 \u0438\u0437 \u0441\u043c\u0435\u0441\u0438 \u0448\u0435\u0440\u0441\u0442\u0438 \u0438 \u0445\u043b\u043e\u043f\u043a\u0430. \u042d\u0442\u0430 \u043f\u0440\u044f\u0436\u0430 \u0442\u0451\u043f\u043b\u0430\u044f \u0438 \u043d\u0435\u0436\u043d\u0430\u044f \u0434\u043b\u044f \u043a\u043e\u0436\u0438. \u041e\u043d\u0438 \u0434\u043e\u043b\u0433\u043e\u0432\u0435\u0447\u043d\u044b, \u043d\u0435 \u0441\u043a\u0430\u0442\u044b\u0432\u0430\u044e\u0442\u0441\u044f \u0438 \u043b\u0451\u0433\u043a\u0438\u0435, \u043e\u0431\u0435\u0441\u043f\u0435\u0447\u0438\u0432\u0430\u044f \u043a\u043e\u043c\u0444\u043e\u0440\u0442.<\/p>\n<hr data-start=\"850\" data-end=\"853\" \/>\n<h2 data-start=\"855\" data-end=\"887\">\ud83e\udde4 \u041e\u0431\u043b\u0430\u0441\u0442\u044c \u043f\u0440\u0438\u043c\u0435\u043d\u0435\u043d\u0438\u044f \u0438 \u043a\u043e\u043c\u0444\u043e\u0440\u0442<\/h2>\n<p data-start=\"888\" data-end=\"1159\">\u042d\u0442\u0430 \u043f\u0435\u0440\u0447\u0430\u0442\u043a\u0430 \u0438\u0434\u0435\u0430\u043b\u044c\u043d\u043e \u043f\u043e\u0434\u0445\u043e\u0434\u0438\u0442 \u0434\u043b\u044f \u043f\u043e\u0432\u0441\u0435\u0434\u043d\u0435\u0432\u043d\u043e\u0433\u043e \u0438\u0441\u043f\u043e\u043b\u044c\u0437\u043e\u0432\u0430\u043d\u0438\u044f, \u043e\u043d\u0430 \u043f\u0440\u0435\u043a\u0440\u0430\u0441\u043d\u043e \u043f\u043e\u0434\u0445\u043e\u0434\u0438\u0442 \u0434\u043b\u044f \u0437\u0438\u043c\u043d\u0438\u0445 \u043f\u0440\u0430\u0437\u0434\u043d\u0438\u043a\u043e\u0432, \u0432\u0435\u0447\u0435\u0440\u0438\u043d\u043e\u043a \u0432 \u043a\u0430\u043d\u0443\u043d \u041d\u043e\u0432\u043e\u0433\u043e \u0433\u043e\u0434\u0430 \u0438\u043b\u0438 <a href=\"https:\/\/tuffhandicraft.com\/ru\/%d0%bf%d1%80%d0%be%d0%b4%d1%83%d0%ba%d1%82\/yilbasi-temali-eldiven\/\">\u043f\u043e\u0434\u0430\u0440\u043e\u043a<\/a> \u041e\u0442\u043b\u0438\u0447\u043d\u044b\u0439 \u0432\u044b\u0431\u043e\u0440. \u0413\u0438\u0431\u043a\u0430\u044f \u043a\u043e\u043d\u0441\u0442\u0440\u0443\u043a\u0446\u0438\u044f \u0430\u0434\u0430\u043f\u0442\u0438\u0440\u0443\u0435\u0442\u0441\u044f \u043a \u0440\u0430\u0437\u043c\u0435\u0440\u0430\u043c \u0440\u0443\u043a. \u0418\u0434\u0435\u0430\u043b\u044c\u043d\u043e \u043f\u043e\u0434\u0445\u043e\u0434\u0438\u0442 \u0434\u043b\u044f \u0441\u043e\u0433\u0440\u0435\u0432\u0430 \u043d\u0430 \u0443\u043b\u0438\u0446\u0435 \u0438 \u0434\u043e\u043f\u043e\u043b\u043d\u0435\u043d\u0438\u044f \u043d\u043e\u0432\u043e\u0433\u043e\u0434\u043d\u0438\u0445 \u043e\u0431\u0440\u0430\u0437\u043e\u0432.<\/p>\n<hr data-start=\"1161\" data-end=\"1164\" \/>\n<h2 data-start=\"1166\" data-end=\"1186\">\ud83c\udf81 \u041f\u0440\u0435\u0434\u043b\u043e\u0436\u0435\u043d\u0438\u0435 \u0441\u0442\u0438\u043b\u044f<\/h2>\n<p data-start=\"1187\" data-end=\"1452\">\u0421\u043e\u0447\u0435\u0442\u0430\u0439\u0442\u0435 \u044d\u0442\u0438 \u0437\u0430\u0431\u0430\u0432\u043d\u044b\u0435 \u043f\u0435\u0440\u0447\u0430\u0442\u043a\u0438 \u0441 \u0440\u043e\u0436\u0434\u0435\u0441\u0442\u0432\u0435\u043d\u0441\u043a\u043e\u0439 \u0442\u0435\u043c\u0430\u0442\u0438\u043a\u043e\u0439 \u0441 \u043e\u0434\u043d\u043e\u0442\u043e\u043d\u043d\u044b\u043c\u0438 \u043f\u0430\u043b\u044c\u0442\u043e, \u0441\u0432\u0438\u0442\u0435\u0440\u0430\u043c\u0438 \u0438 \u0448\u0430\u043f\u043a\u0430\u043c\u0438, \u0447\u0442\u043e\u0431\u044b \u043f\u043e-\u043d\u0430\u0441\u0442\u043e\u044f\u0449\u0435\u043c\u0443 \u043f\u0435\u0440\u0435\u0434\u0430\u0442\u044c \u043f\u0440\u0430\u0437\u0434\u043d\u0438\u0447\u043d\u043e\u0435 \u043d\u0430\u0441\u0442\u0440\u043e\u0435\u043d\u0438\u0435. \u041e\u043d\u0438 \u043e\u0441\u043e\u0431\u0435\u043d\u043d\u043e \u0445\u043e\u0440\u043e\u0448\u043e \u0441\u043e\u0447\u0435\u0442\u0430\u044e\u0442\u0441\u044f \u0441 \u043e\u0442\u0442\u0435\u043d\u043a\u0430\u043c\u0438 \u0437\u0435\u043b\u0451\u043d\u043e\u0433\u043e, \u043a\u0440\u0430\u0441\u043d\u043e\u0433\u043e, \u0431\u0435\u043b\u043e\u0433\u043e \u0438 \u043a\u043e\u0440\u0438\u0447\u043d\u0435\u0432\u043e\u0433\u043e. \u041f\u0440\u043e\u0434\u0430\u044e\u0442\u0441\u044f \u043f\u0430\u0440\u043e\u0439 \u0438 \u0441\u0442\u0430\u043d\u0443\u0442 \u043e\u0442\u043b\u0438\u0447\u043d\u044b\u043c \u043f\u043e\u0434\u0430\u0440\u043a\u043e\u043c.<\/p>\n<p data-start=\"1242\" data-end=\"1479\">\u0414\u043b\u044f \u0434\u0440\u0443\u0433\u0438\u0445 \u043c\u043e\u0434\u0435\u043b\u0435\u0439, \u043a\u043e\u0442\u043e\u0440\u044b\u0435 \u043c\u043e\u0433\u0443\u0442 \u043f\u043e\u0434\u043e\u0439\u0442\u0438 \u0432\u0430\u0448\u0435\u043c\u0443 \u0441\u0442\u0438\u043b\u044e \u0438 \u043d\u0435 \u0442\u043e\u043b\u044c\u043a\u043e, \u043f\u043e\u0441\u0435\u0442\u0438\u0442\u0435 Tuff\u00a0<a href=\"https:\/\/www.pinterest.com\/TuffHandicraft01\/\" target=\"_blank\" rel=\"noopener\">\u041f\u0438\u043d\u0442\u0435\u0440\u0435\u0441\u0442<\/a>\u00a0\u043f\u043e\u0441\u0435\u0442\u0438\u0442\u0435 \u043c\u0438\u0440.<\/p>\n<hr data-start=\"1454\" data-end=\"1457\" \/>\n<h2 data-start=\"1459\" data-end=\"1491\">\u267b\ufe0f \u0420\u0443\u0447\u043d\u0430\u044f \u0440\u0430\u0431\u043e\u0442\u0430 \u0438 \u044d\u0442\u0438\u0447\u0435\u0441\u043a\u043e\u0435 \u043f\u0440\u043e\u0438\u0437\u0432\u043e\u0434\u0441\u0442\u0432\u043e<\/h2>\n<p data-start=\"1492\" data-end=\"1722\">\u041a\u0430\u0436\u0434\u0430\u044f \u043f\u0430\u0440\u0430 \u043f\u0435\u0440\u0447\u0430\u0442\u043e\u043a \u0442\u0449\u0430\u0442\u0435\u043b\u044c\u043d\u043e \u0438\u0437\u0433\u043e\u0442\u0430\u0432\u043b\u0438\u0432\u0430\u0435\u0442\u0441\u044f \u0432\u0440\u0443\u0447\u043d\u0443\u044e \u0432 \u0441\u043e\u043e\u0442\u0432\u0435\u0442\u0441\u0442\u0432\u0438\u0438 \u0441 \u043f\u0440\u0438\u043d\u0446\u0438\u043f\u0430\u043c\u0438 \u00ab\u043c\u0435\u0434\u043b\u0435\u043d\u043d\u043e\u0439 \u043c\u043e\u0434\u044b\u00bb. \u042d\u0442\u043e\u0442 \u043f\u043e\u0434\u0445\u043e\u0434, \u043f\u0440\u043e\u0442\u0438\u0432\u043e\u043f\u043e\u0441\u0442\u0430\u0432\u043b\u044f\u044e\u0449\u0438\u0439 \u0441\u0435\u0431\u044f \u043c\u0430\u0441\u0441\u043e\u0432\u043e\u043c\u0443 \u043f\u0440\u043e\u0438\u0437\u0432\u043e\u0434\u0441\u0442\u0432\u0443, \u0434\u0435\u043b\u0430\u0435\u0442 \u043a\u0430\u0436\u0434\u043e\u0435 \u0438\u0437\u0434\u0435\u043b\u0438\u0435 \u0443\u043d\u0438\u043a\u0430\u043b\u044c\u043d\u044b\u043c \u0438 \u043e\u0440\u0438\u0433\u0438\u043d\u0430\u043b\u044c\u043d\u044b\u043c. \u042d\u0442\u043e \u0440\u0430\u0437\u0443\u043c\u043d\u044b\u0439 \u0432\u044b\u0431\u043e\u0440 \u0434\u043b\u044f \u0442\u0435\u0445, \u043a\u0442\u043e \u0441\u0442\u0440\u0435\u043c\u0438\u0442\u0441\u044f \u043f\u043e\u0434\u0434\u0435\u0440\u0436\u0438\u0432\u0430\u0442\u044c \u0443\u0441\u0442\u043e\u0439\u0447\u0438\u0432\u043e\u0435 \u043f\u0440\u043e\u0438\u0437\u0432\u043e\u0434\u0441\u0442\u0432\u043e.<\/p>\n<hr data-start=\"1724\" data-end=\"1727\" \/>\n<h2 data-start=\"1729\" data-end=\"1754\">\ud83e\uddfc \u0418\u043d\u0441\u0442\u0440\u0443\u043a\u0446\u0438\u0438 \u043f\u043e \u0443\u0445\u043e\u0434\u0443<\/h2>\n<p data-start=\"1755\" data-end=\"1860\">\u2022 \u0420\u0443\u0447\u043d\u0430\u044f \u0441\u0442\u0438\u0440\u043a\u0430 \u0432 \u0442\u0435\u043f\u043b\u043e\u0439 \u0432\u043e\u0434\u0435.<br data-start=\"1782\" data-end=\"1785\" \/>\u2022 \u041d\u0435 \u0432\u044b\u043a\u0440\u0443\u0447\u0438\u0432\u0430\u0442\u044c.<br data-start=\"1804\" data-end=\"1807\" \/>\u2022 \u0420\u0430\u0437\u043b\u043e\u0436\u0438\u0442\u0435 \u0434\u043b\u044f \u043f\u0440\u043e\u0441\u0443\u0448\u043a\u0438.<br data-start=\"1827\" data-end=\"1830\" \/>\u2022 \u0418\u0437\u0431\u0435\u0433\u0430\u0439\u0442\u0435 \u043c\u0430\u0448\u0438\u043d\u043d\u043e\u0439 \u0441\u0442\u0438\u0440\u043a\u0438.<\/p>\n<hr data-start=\"1862\" data-end=\"1865\" \/>\n<h2 data-start=\"1867\" data-end=\"1912\">\ud83d\udca1 \u041f\u043e\u0447\u0435\u043c\u0443 \u0432\u0430\u043c \u0441\u0442\u043e\u0438\u0442 \u0432\u044b\u0431\u0440\u0430\u0442\u044c \u044d\u0442\u0438 \u043f\u0435\u0440\u0447\u0430\u0442\u043a\u0438?<\/h2>\n<p data-start=\"1913\" data-end=\"2160\">\u2022 \u0420\u0443\u0447\u043d\u043e\u0435 \u0438 \u044d\u0442\u0438\u0447\u043d\u043e\u0435 \u043f\u0440\u043e\u0438\u0437\u0432\u043e\u0434\u0441\u0442\u0432\u043e<br data-start=\"1939\" data-end=\"1942\" \/>\u2022 %100 yumu\u015fak ipliklerden \u00f6r\u00fcld\u00fc<br data-start=\"1975\" data-end=\"1978\" \/>\u2022 \u0421\u043e\u0445\u0440\u0430\u043d\u044f\u0435\u0442 \u0442\u0435\u043f\u043b\u043e \u0438 \u043a\u043e\u043c\u0444\u043e\u0440\u0442<br data-start=\"2004\" data-end=\"2007\" \/>\u2022 \u0412\u0435\u0441\u0435\u043b\u044b\u0435 \u0438 \u0441\u043e\u0434\u0435\u0440\u0436\u0430\u0442\u0435\u043b\u044c\u043d\u044b\u0435 \u043d\u043e\u0432\u043e\u0433\u043e\u0434\u043d\u0438\u0435 \u043c\u043e\u0442\u0438\u0432\u044b<br data-start=\"2047\" data-end=\"2050\" \/>\u2022 \u0423\u043d\u0438\u043a\u0430\u043b\u044c\u043d\u0430\u044f \u0430\u043b\u044c\u0442\u0435\u0440\u043d\u0430\u0442\u0438\u0432\u0430 \u0432 \u043a\u0430\u0447\u0435\u0441\u0442\u0432\u0435 \u043f\u043e\u0434\u0430\u0440\u043a\u0430<br data-start=\"2089\" data-end=\"2092\" \/>\u2022 \u0412 \u0441\u043e\u043e\u0442\u0432\u0435\u0442\u0441\u0442\u0432\u0438\u0438 \u0441 \u043a\u043e\u043d\u0446\u0435\u043f\u0446\u0438\u0435\u0439 \u0443\u0441\u0442\u043e\u0439\u0447\u0438\u0432\u043e\u0439 \u043c\u043e\u0434\u044b<br data-start=\"2121\" data-end=\"2124\" \/>\u2022 \u041f\u043e\u0434\u0445\u043e\u0434\u0438\u0442 \u0432\u0441\u0435\u043c \u0431\u043b\u0430\u0433\u043e\u0434\u0430\u0440\u044f \u0441\u0432\u043e\u0435\u043c\u0443 \u0443\u043d\u0438\u0441\u0435\u043a\u0441-\u0434\u0438\u0437\u0430\u0439\u043d\u0443.<\/p>","protected":false},"excerpt":{"rendered":"<p data-start=\"148\" data-end=\"288\">\u042d\u0442\u0438 \u043f\u0435\u0440\u0447\u0430\u0442\u043a\u0438 \u0440\u0443\u0447\u043d\u043e\u0439 \u0440\u0430\u0431\u043e\u0442\u044b \u0441 \u0446\u0435\u043b\u044c\u043d\u044b\u043c\u0438 \u043f\u0430\u043b\u044c\u0446\u0430\u043c\u0438 \u043d\u0430 \u0440\u043e\u0436\u0434\u0435\u0441\u0442\u0432\u0435\u043d\u0441\u043a\u0443\u044e \u0442\u0435\u043c\u0430\u0442\u0438\u043a\u0443 \u0441\u043e\u0437\u0434\u0430\u044e\u0442 \u0442\u0435\u043f\u043b\u044b\u0439, \u0432\u0435\u0441\u0435\u043b\u044b\u0439 \u0438 \u043e\u0440\u0438\u0433\u0438\u043d\u0430\u043b\u044c\u043d\u044b\u0439 \u0437\u0438\u043c\u043d\u0438\u0439 \u043e\u0431\u0440\u0430\u0437 \u0431\u043b\u0430\u0433\u043e\u0434\u0430\u0440\u044f \u043c\u043e\u0442\u0438\u0432\u0430\u043c \u0441\u043e\u0441\u0435\u043d \u0438 \u0440\u043e\u0436\u0434\u0435\u0441\u0442\u0432\u0435\u043d\u0441\u043a\u0438\u0445 \u0432\u0435\u043d\u043a\u043e\u0432.<\/p>","protected":false},"featured_media":28704,"comment_status":"open","ping_status":"closed","template":"","meta":[],"product_brand":[691],"product_cat":[711,710],"product_tag":[898,1499,1492,1496,1490,1494,1265,1495,769,1493,1491,1267,762,1497,1483,1498,1080,1477,1081],"class_list":{"0":"post-27586","1":"product","2":"type-product","3":"status-publish","4":"has-post-thumbnail","6":"product_brand-tuffhandicraft","7":"product_cat-aksesuarlar","8":"product_cat-eldiven","9":"product_tag-boho-kis-stili","10":"product_tag-cam-agaci","11":"product_tag-cam-agaci-desenli","12":"product_tag-christmas-gloves","13":"product_tag-christmas-ruhu","14":"product_tag-crochet-gloves","15":"product_tag-el-yapimi-eldiven","16":"product_tag-handmade-mittens","17":"product_tag-hediye-fikirleri","18":"product_tag-noel-celengi","19":"product_tag-noel-eldiveni","20":"product_tag-sicak-tutan-eldiven","21":"product_tag-surdurulebilir-moda","22":"product_tag-tam-parmak-eldiven","23":"product_tag-tig-isi-eldiven","24":"product_tag-yeni-yil-aksesuari","25":"product_tag-yeniyil-hediyesi","26":"product_tag-yilbasi-eldiveni","27":"product_tag-yilbasi-hediyesi","29":"first","30":"instock","31":"taxable","32":"shipping-taxable","33":"purchasable","34":"product-type-simple"},"_links":{"self":[{"href":"https:\/\/tuffhandicraft.com\/ru\/wp-json\/wp\/v2\/product\/27586","targetHints":{"allow":["GET"]}}],"collection":[{"href":"https:\/\/tuffhandicraft.com\/ru\/wp-json\/wp\/v2\/product"}],"about":[{"href":"https:\/\/tuffhandicraft.com\/ru\/wp-json\/wp\/v2\/types\/product"}],"replies":[{"embeddable":true,"href":"https:\/\/tuffhandicraft.com\/ru\/wp-json\/wp\/v2\/comments?post=27586"}],"version-history":[{"count":0,"href":"https:\/\/tuffhandicraft.com\/ru\/wp-json\/wp\/v2\/product\/27586\/revisions"}],"wp:featuredmedia":[{"embeddable":true,"href":"https:\/\/tuffhandicraft.com\/ru\/wp-json\/wp\/v2\/media\/28704"}],"wp:attachment":[{"href":"https:\/\/tuffhandicraft.com\/ru\/wp-json\/wp\/v2\/media?parent=27586"}],"wp:term":[{"taxonomy":"product_brand","embeddable":true,"href":"https:\/\/tuffhandicraft.com\/ru\/wp-json\/wp\/v2\/product_brand?post=27586"},{"taxonomy":"product_cat","embeddable":true,"href":"https:\/\/tuffhandicraft.com\/ru\/wp-json\/wp\/v2\/product_cat?post=27586"},{"taxonomy":"product_tag","embeddable":true,"href":"https:\/\/tuffhandicraft.com\/ru\/wp-json\/wp\/v2\/product_tag?post=27586"}],"curies":[{"name":"wp","href":"https:\/\/api.w.org\/{rel}","templated":true}]}}