{"id":27587,"date":"2025-05-11T00:23:34","date_gmt":"2025-05-10T21:23:34","guid":{"rendered":"https:\/\/tasarim.yusufkecici.com.tr\/urun\/full-finger-christmas-mittens-with-candy-cane-teddy-bear-detail-handmade-green-glove-adult-or-teen-holiday-crochet-gloves-christmas-gift\/"},"modified":"2025-08-10T19:43:58","modified_gmt":"2025-08-10T16:43:58","slug":"yilbasi-temali-eldiven","status":"publish","type":"product","link":"https:\/\/tuffhandicraft.com\/ru\/magaza\/aksesuarlar\/eldiven\/yilbasi-temali-eldiven\/","title":{"rendered":"\u0420\u043e\u0436\u0434\u0435\u0441\u0442\u0432\u0435\u043d\u0441\u043a\u0438\u0435 \u043f\u0435\u0440\u0447\u0430\u0442\u043a\u0438 \u2013 \u043f\u0440\u044f\u043d\u0438\u0447\u043d\u044b\u0439 \u0447\u0435\u043b\u043e\u0432\u0435\u0447\u0435\u043a \u0438 \u043a\u043e\u043d\u0444\u0435\u0442\u043d\u0430\u044f \u0442\u0440\u043e\u0441\u0442\u044c"},"content":{"rendered":"<h1 data-start=\"117\" data-end=\"173\">\ud83e\udde4 \u0420\u043e\u0436\u0434\u0435\u0441\u0442\u0432\u0435\u043d\u0441\u043a\u0438\u0435 \u043f\u0435\u0440\u0447\u0430\u0442\u043a\u0438 \u2013 \u043f\u0440\u044f\u043d\u0438\u0447\u043d\u044b\u0439 \u0447\u0435\u043b\u043e\u0432\u0435\u0447\u0435\u043a \u0438 \u043a\u043e\u043d\u0444\u0435\u0442\u043d\u0430\u044f \u0442\u0440\u043e\u0441\u0442\u044c<\/h1>\n<p data-start=\"174\" data-end=\"217\">\ud83c\udf84 \u0412\u0435\u0441\u0435\u043b\u044c\u0435, \u0442\u0435\u043f\u043b\u043e \u0438 \u0440\u043e\u0436\u0434\u0435\u0441\u0442\u0432\u0435\u043d\u0441\u043a\u043e\u0435 \u043d\u0430\u0441\u0442\u0440\u043e\u0435\u043d\u0438\u0435!<\/p>\n<p data-start=\"219\" data-end=\"499\">Yeni y\u0131l\u0131 kar\u015f\u0131lamaya haz\u0131r m\u0131s\u0131n\u0131z? Bu el yap\u0131m\u0131 y\u0131lba\u015f\u0131 temal\u0131 eldivenler, sevimli zencefilli kurabiye adam ve baston \u015feker motifleriyle y\u0131l\u0131n en ne\u015feli mevsimine renk kat\u0131yor. %100 el \u00f6rg\u00fcs\u00fcyle haz\u0131rlanan bu \u00f6zel tasar\u0131m, hem i\u015flevsel hem de estetik bir k\u0131\u015f aksesuar\u0131 arayanlar i\u00e7in ideal.<\/p>\n<hr data-start=\"501\" data-end=\"504\" \/>\n<h2 data-start=\"506\" data-end=\"529\">\ud83e\uddf5 \u041c\u0430\u0442\u0435\u0440\u0438\u0430\u043b\u044c\u043d\u0430\u044f \u0438\u043d\u0444\u043e\u0440\u043c\u0430\u0446\u0438\u044f<img loading=\"lazy\" decoding=\"async\" class=\"wd-lazy-fade size-full wp-image-28000 alignright\" src=\"https:\/\/tuffhandicraft.com\/wp-content\/themes\/woodmart\/images\/lazy.svg\" data-src=\"https:\/\/tuffhandicraft.com\/wp-content\/uploads\/2021\/08\/footer-logo-1.png\" alt=\"Y\u0131lba\u015f\u0131 Temal\u0131 Eldiven \u2013 Ay\u0131 Teddy &amp; Baston \u015eeker\" width=\"220\" height=\"40\" title=\"\" srcset=\"\" data-srcset=\"https:\/\/tuffhandicraft.com\/wp-content\/uploads\/2021\/08\/footer-logo-1.png 220w, https:\/\/tuffhandicraft.com\/wp-content\/uploads\/2021\/08\/footer-logo-1-150x27.png 150w\" sizes=\"auto, (max-width: 220px) 100vw, 220px\" \/><\/h2>\n<p data-start=\"530\" data-end=\"746\">\u041f\u0435\u0440\u0447\u0430\u0442\u043a\u0438 \u0441\u0432\u044f\u0437\u0430\u043d\u044b \u0438\u0437 \u0432\u044b\u0441\u043e\u043a\u043e\u043a\u0430\u0447\u0435\u0441\u0442\u0432\u0435\u043d\u043d\u043e\u0439 \u043f\u0440\u044f\u0436\u0438 \u043d\u0430 \u043e\u0441\u043d\u043e\u0432\u0435 \u0445\u043b\u043e\u043f\u043a\u0430 \u0438 \u0448\u0435\u0440\u0441\u0442\u0438, \u043c\u044f\u0433\u043a\u043e\u0439 \u0438 \u0442\u0451\u043f\u043b\u043e\u0439. \u041f\u0440\u0438\u044f\u0442\u043d\u0430\u044f \u0434\u043b\u044f \u043a\u043e\u0436\u0438 \u0442\u0435\u043a\u0441\u0442\u0443\u0440\u0430, \u043d\u0435 \u0432\u044b\u0437\u044b\u0432\u0430\u044e\u0449\u0430\u044f \u0437\u0443\u0434\u0430, \u0434\u0435\u043b\u0430\u0435\u0442 \u0438\u0445 \u043f\u0440\u0438\u0433\u043e\u0434\u043d\u044b\u043c\u0438 \u0434\u043b\u044f \u0434\u043b\u0438\u0442\u0435\u043b\u044c\u043d\u043e\u0433\u043e \u0438\u0441\u043f\u043e\u043b\u044c\u0437\u043e\u0432\u0430\u043d\u0438\u044f. \u042f\u0440\u043a\u0438\u0435 \u0434\u0435\u0442\u0430\u043b\u0438 \u0432\u044b\u0448\u0438\u0442\u044b \u0441\u043f\u0435\u0446\u0438\u0430\u043b\u044c\u043d\u043e \u043f\u043e\u0434\u043e\u0431\u0440\u0430\u043d\u043d\u043e\u0439 \u043f\u0440\u044f\u0436\u0435\u0439 \u0442\u0430\u043a\u043e\u0439 \u0436\u0435 \u043c\u044f\u0433\u043a\u043e\u0441\u0442\u0438.<\/p>\n<hr data-start=\"748\" data-end=\"751\" \/>\n<h2 data-start=\"753\" data-end=\"784\">\u2744\ufe0f \u041e\u0431\u043b\u0430\u0441\u0442\u044c \u043f\u0440\u0438\u043c\u0435\u043d\u0435\u043d\u0438\u044f \u0438 \u043a\u043e\u043c\u0444\u043e\u0440\u0442<\/h2>\n<p data-start=\"785\" data-end=\"1017\">\u0418\u0434\u0435\u0430\u043b\u044c\u043d\u043e \u043f\u043e\u0434\u0445\u043e\u0434\u0438\u0442 \u0434\u043b\u044f \u0437\u0438\u043c\u043d\u0438\u0445 \u043f\u0440\u043e\u0433\u0443\u043b\u043e\u043a, \u0440\u043e\u0436\u0434\u0435\u0441\u0442\u0432\u0435\u043d\u0441\u043a\u0438\u0445 \u044f\u0440\u043c\u0430\u0440\u043e\u043a, \u043f\u043e\u043a\u0443\u043f\u043e\u043a \u043f\u043e\u0434\u0430\u0440\u043a\u043e\u0432 \u0438\u043b\u0438 \u043f\u0440\u043e\u0441\u0442\u043e \u0434\u043b\u044f \u0442\u043e\u0433\u043e, \u0447\u0442\u043e\u0431\u044b \u0440\u0430\u0437\u043d\u043e\u043e\u0431\u0440\u0430\u0437\u0438\u0442\u044c \u0441\u0432\u043e\u0439 \u043f\u043e\u0432\u0441\u0435\u0434\u043d\u0435\u0432\u043d\u044b\u0439 \u043e\u0431\u0440\u0430\u0437. \u041f\u043e\u043b\u043d\u043e\u0441\u0442\u044c\u044e \u0437\u0430\u043a\u0440\u044b\u0442\u044b\u0439 \u043a\u0440\u043e\u0439 \u0434\u043e \u0441\u0430\u043c\u044b\u0445 \u043f\u0430\u043b\u044c\u0446\u0435\u0432 \u043d\u043e\u0433 \u043e\u0431\u0435\u0441\u043f\u0435\u0447\u0438\u0432\u0430\u0435\u0442 \u043c\u0430\u043a\u0441\u0438\u043c\u0430\u043b\u044c\u043d\u043e\u0435 \u0442\u0435\u043f\u043b\u043e. \u041c\u043e\u0434\u0435\u043b\u044c \u0443\u043d\u0438\u0441\u0435\u043a\u0441!<\/p>\n<hr data-start=\"1019\" data-end=\"1022\" \/>\n<h2 data-start=\"1024\" data-end=\"1044\">\ud83d\udc57 \u041f\u0440\u0435\u0434\u043b\u043e\u0436\u0435\u043d\u0438\u0435 \u0441\u0442\u0438\u043b\u044f<\/h2>\n<p data-start=\"1045\" data-end=\"1244\">\u0421\u043e\u0447\u0435\u0442\u0430\u0439\u0442\u0435 \u0435\u0433\u043e \u0441 \u043f\u0430\u043b\u044c\u0442\u043e \u0432 \u0441\u0442\u0438\u043b\u0435 \u0431\u043e\u0445\u043e, \u0432\u044f\u0437\u0430\u043d\u044b\u043c\u0438 \u0441\u0432\u0438\u0442\u0435\u0440\u0430\u043c\u0438 \u0438\u043b\u0438 \u0434\u0436\u0438\u043d\u0441\u043e\u0432\u044b\u043c\u0438 \u043a\u0443\u0440\u0442\u043a\u0430\u043c\u0438, \u0447\u0442\u043e\u0431\u044b \u0441\u043e\u0437\u0434\u0430\u0442\u044c \u043c\u0438\u043b\u044b\u0439 \u0437\u0438\u043c\u043d\u0438\u0439 \u043e\u0431\u0440\u0430\u0437. \u041e\u0442\u043a\u0440\u044b\u0432\u0430\u0435\u0442\u0435 \u043b\u0438 \u0432\u044b \u043f\u043e\u0434\u0430\u0440\u043a\u0438 \u0432 \u043a\u0430\u043d\u0443\u043d \u041d\u043e\u0432\u043e\u0433\u043e \u0433\u043e\u0434\u0430 \u0438\u043b\u0438 \u0444\u043e\u0442\u043e\u0433\u0440\u0430\u0444\u0438\u0440\u0443\u0435\u0442\u0435\u0441\u044c \u043d\u0430 \u0444\u043e\u043d\u0435 \u0441\u043d\u0435\u0433\u0430, \u0437\u0430\u044f\u0432\u0438\u0442\u0435 \u043e \u0441\u0435\u0431\u0435 \u0441\u0432\u043e\u0438\u043c \u0441\u0442\u0438\u043b\u0435\u043c!<\/p>\n<p data-start=\"1242\" data-end=\"1479\">\u0414\u043b\u044f \u0434\u0440\u0443\u0433\u0438\u0445 \u043c\u043e\u0434\u0435\u043b\u0435\u0439, \u043a\u043e\u0442\u043e\u0440\u044b\u0435 \u043c\u043e\u0433\u0443\u0442 \u043f\u043e\u0434\u043e\u0439\u0442\u0438 \u0432\u0430\u0448\u0435\u043c\u0443 \u0441\u0442\u0438\u043b\u044e \u0438 \u043d\u0435 \u0442\u043e\u043b\u044c\u043a\u043e, \u043f\u043e\u0441\u0435\u0442\u0438\u0442\u0435 Tuff\u00a0<a href=\"https:\/\/www.pinterest.com\/TuffHandicraft01\/\" target=\"_blank\" rel=\"noopener\">\u041f\u0438\u043d\u0442\u0435\u0440\u0435\u0441\u0442<\/a>\u00a0\u043f\u043e\u0441\u0435\u0442\u0438\u0442\u0435 \u043c\u0438\u0440.<\/p>\n<hr data-start=\"1246\" data-end=\"1249\" \/>\n<h2 data-start=\"1251\" data-end=\"1285\">\u267b\ufe0f \u0420\u0443\u0447\u043d\u0430\u044f \u0440\u0430\u0431\u043e\u0442\u0430 \u0438 \u044d\u043a\u043e\u043b\u043e\u0433\u0438\u0447\u043d\u043e\u0441\u0442\u044c<\/h2>\n<p data-start=\"1286\" data-end=\"1468\">\u0418\u0437\u0433\u043e\u0442\u043e\u0432\u043b\u0435\u043d\u043e \u0432\u0440\u0443\u0447\u043d\u0443\u044e \u0441 \u043f\u0440\u0438\u043c\u0435\u043d\u0435\u043d\u0438\u0435\u043c \u043f\u043e\u0434\u0445\u043e\u0434\u0430 \u00ab\u043c\u0435\u0434\u043b\u0435\u043d\u043d\u043e\u0439 \u043c\u043e\u0434\u044b\u00bb. <a href=\"https:\/\/tuffhandicraft.com\/ru\/2025\/07\/07\/ileri-donusum\/\">\u0410\u043b\u044c\u0442\u0435\u0440\u043d\u0430\u0442\u0438\u0432\u0430 \u043c\u0430\u0441\u0441\u043e\u0432\u043e\u043c\u0443 \u043f\u0440\u043e\u0438\u0437\u0432\u043e\u0434\u0441\u0442\u0432\u0443<\/a> \u042d\u0442\u043e\u0442 \u043e\u0441\u043e\u0431\u044b\u0439 \u0434\u0438\u0437\u0430\u0439\u043d \u0434\u0435\u043b\u0430\u0435\u0442 \u043a\u0430\u0436\u0434\u0443\u044e \u043f\u0430\u0440\u0443 \u0443\u043d\u0438\u043a\u0430\u043b\u044c\u043d\u043e\u0439 \u0438 \u0438\u043d\u0434\u0438\u0432\u0438\u0434\u0443\u0430\u043b\u044c\u043d\u043e\u0439. \u041e\u043d \u0441\u043f\u043e\u0441\u043e\u0431\u0441\u0442\u0432\u0443\u0435\u0442 \u0443\u0441\u0442\u043e\u0439\u0447\u0438\u0432\u043e\u043c\u0443 \u043e\u0431\u0440\u0430\u0437\u0443 \u0436\u0438\u0437\u043d\u0438.<\/p>\n<hr data-start=\"1470\" data-end=\"1473\" \/>\n<h2 data-start=\"1475\" data-end=\"1500\">\ud83e\uddfc \u0418\u0441\u043f\u043e\u043b\u044c\u0437\u043e\u0432\u0430\u043d\u0438\u0435 \u0438 \u0443\u0445\u043e\u0434<\/h2>\n<p data-start=\"1501\" data-end=\"1577\">\u2022 \u0420\u0443\u0447\u043d\u0430\u044f \u0441\u0442\u0438\u0440\u043a\u0430 \u0432 \u0445\u043e\u043b\u043e\u0434\u043d\u043e\u0439 \u0432\u043e\u0434\u0435.<br data-start=\"1528\" data-end=\"1531\" \/>\u2022 \u0420\u0430\u0437\u043b\u043e\u0436\u0438\u0442\u0435 \u0434\u043b\u044f \u043f\u0440\u043e\u0441\u0443\u0448\u043a\u0438.<br data-start=\"1550\" data-end=\"1553\" \/>\u2022 \u041d\u0435 \u0438\u0441\u043f\u043e\u043b\u044c\u0437\u0443\u0439\u0442\u0435 \u043e\u0442\u0431\u0435\u043b\u0438\u0432\u0430\u0442\u0435\u043b\u044c.<\/p>\n<hr data-start=\"1579\" data-end=\"1582\" \/>\n<h2 data-start=\"1584\" data-end=\"1632\">\ud83d\udca1 \u041f\u043e\u0447\u0435\u043c\u0443 \u0432\u0430\u043c \u0441\u0442\u043e\u0438\u0442 \u0432\u044b\u0431\u0440\u0430\u0442\u044c \u044d\u0442\u0438 \u043f\u0435\u0440\u0447\u0430\u0442\u043a\u0438?<\/h2>\n<p data-start=\"1633\" data-end=\"1847\">\u2022 \u0418\u0437\u0433\u043e\u0442\u043e\u0432\u043b\u0435\u043d\u043e \u0432\u0440\u0443\u0447\u043d\u0443\u044e \u0438 \u043f\u043e \u0438\u043d\u0434\u0438\u0432\u0438\u0434\u0443\u0430\u043b\u044c\u043d\u043e\u043c\u0443 \u0437\u0430\u043a\u0430\u0437\u0443<br data-start=\"1660\" data-end=\"1663\" \/>\u2022 \u0414\u0435\u0442\u0430\u043b\u0438, \u043e\u0442\u0440\u0430\u0436\u0430\u044e\u0449\u0438\u0435 \u0434\u0443\u0445 \u0420\u043e\u0436\u0434\u0435\u0441\u0442\u0432\u0430<br data-start=\"1697\" data-end=\"1700\" \/>\u2022 %100 yumu\u015fak y\u00fcn ip<br data-start=\"1721\" data-end=\"1724\" \/>\u2022 \u0421\u043e\u0445\u0440\u0430\u043d\u044f\u0435\u0442 \u0442\u0435\u043f\u043b\u043e \u0438 \u043a\u043e\u043c\u0444\u043e\u0440\u0442<br data-start=\"1752\" data-end=\"1755\" \/>\u2022 \u041f\u043e\u0434\u0445\u043e\u0434\u0438\u0442 \u0434\u043b\u044f \u043c\u0443\u0436\u0447\u0438\u043d \u0438 \u0436\u0435\u043d\u0449\u0438\u043d<br data-start=\"1772\" data-end=\"1775\" \/>\u2022 \u0418\u0434\u0435\u0430\u043b\u044c\u043d\u043e \u043f\u043e\u0434\u0445\u043e\u0434\u0438\u0442 \u0432 \u043a\u0430\u0447\u0435\u0441\u0442\u0432\u0435 \u043f\u043e\u0434\u0430\u0440\u043a\u0430<br data-start=\"1802\" data-end=\"1805\" \/>\u2022 \u041f\u0440\u043e\u0438\u0437\u0432\u0435\u0434\u0435\u043d\u043e \u0441 \u0438\u0441\u043f\u043e\u043b\u044c\u0437\u043e\u0432\u0430\u043d\u0438\u0435\u043c \u043f\u043e\u0434\u0445\u043e\u0434\u0430, \u043e\u0441\u043d\u043e\u0432\u0430\u043d\u043d\u043e\u0433\u043e \u043d\u0430 \u043f\u0440\u0438\u043d\u0446\u0438\u043f\u0430\u0445 \u0443\u0441\u0442\u043e\u0439\u0447\u0438\u0432\u043e\u0439 \u043c\u043e\u0434\u044b.<\/p>","protected":false},"excerpt":{"rendered":"<p data-start=\"115\" data-end=\"306\">Kurabiye adam ve baston \u015feker motifleriyle s\u00fcslenmi\u015f bu el \u00f6rg\u00fcs\u00fc y\u0131lba\u015f\u0131 temal\u0131 eldivenler, k\u0131\u015f stilinize e\u011flenceli ve s\u0131cak bir dokunu\u015f kat\u0131yor. %100 el yap\u0131m\u0131d\u0131r ve tam yeni y\u0131l ruhuna uygundur!<\/p>","protected":false},"featured_media":28692,"comment_status":"open","ping_status":"closed","template":"","meta":[],"product_brand":[691],"product_cat":[711,710],"product_tag":[1479,1486,1490,1485,1265,769,1487,1480,1500,1484,1482,762,1478,1483,1266,1489,1477,1481,1488,1501],"class_list":{"0":"post-27587","1":"product","2":"type-product","3":"status-publish","4":"has-post-thumbnail","6":"product_brand-tuffhandicraft","7":"product_cat-aksesuarlar","8":"product_cat-eldiven","9":"product_tag-baston-seker-desenli-eldiven","10":"product_tag-christmas-mittens","11":"product_tag-christmas-ruhu","12":"product_tag-crochet-mittens","13":"product_tag-el-yapimi-eldiven","14":"product_tag-hediye-fikirleri","15":"product_tag-holiday-gift-idea","16":"product_tag-kislik-orgu-eldiven","17":"product_tag-kurabiye-adam","18":"product_tag-noel-hediyesi","19":"product_tag-sevimli-kis-aksesuari","20":"product_tag-surdurulebilir-moda","21":"product_tag-teddy-motifli-eldiven","22":"product_tag-tig-isi-eldiven","23":"product_tag-unisex-eldiven","24":"product_tag-yeniyil-temasi","25":"product_tag-yilbasi-eldiveni","26":"product_tag-yilbasi-temali-orgu","27":"product_tag-yilbasi-temasi","28":"product_tag-zencefilli-kurabiye-adam","30":"first","31":"instock","32":"taxable","33":"shipping-taxable","34":"purchasable","35":"product-type-simple"},"_links":{"self":[{"href":"https:\/\/tuffhandicraft.com\/ru\/wp-json\/wp\/v2\/product\/27587","targetHints":{"allow":["GET"]}}],"collection":[{"href":"https:\/\/tuffhandicraft.com\/ru\/wp-json\/wp\/v2\/product"}],"about":[{"href":"https:\/\/tuffhandicraft.com\/ru\/wp-json\/wp\/v2\/types\/product"}],"replies":[{"embeddable":true,"href":"https:\/\/tuffhandicraft.com\/ru\/wp-json\/wp\/v2\/comments?post=27587"}],"version-history":[{"count":0,"href":"https:\/\/tuffhandicraft.com\/ru\/wp-json\/wp\/v2\/product\/27587\/revisions"}],"wp:featuredmedia":[{"embeddable":true,"href":"https:\/\/tuffhandicraft.com\/ru\/wp-json\/wp\/v2\/media\/28692"}],"wp:attachment":[{"href":"https:\/\/tuffhandicraft.com\/ru\/wp-json\/wp\/v2\/media?parent=27587"}],"wp:term":[{"taxonomy":"product_brand","embeddable":true,"href":"https:\/\/tuffhandicraft.com\/ru\/wp-json\/wp\/v2\/product_brand?post=27587"},{"taxonomy":"product_cat","embeddable":true,"href":"https:\/\/tuffhandicraft.com\/ru\/wp-json\/wp\/v2\/product_cat?post=27587"},{"taxonomy":"product_tag","embeddable":true,"href":"https:\/\/tuffhandicraft.com\/ru\/wp-json\/wp\/v2\/product_tag?post=27587"}],"curies":[{"name":"wp","href":"https:\/\/api.w.org\/{rel}","templated":true}]}}