{"id":27605,"date":"2025-05-11T00:23:49","date_gmt":"2025-05-10T21:23:49","guid":{"rendered":"https:\/\/tasarim.yusufkecici.com.tr\/urun\/crochet-bucket-hat-karma-edition-summer-hats-for-woman-checkered-bucket-beanie-sweet-little-gift-for-her-summer-gift\/"},"modified":"2025-08-10T19:38:15","modified_gmt":"2025-08-10T16:38:15","slug":"damali-bucket-sapka-karma-edition","status":"publish","type":"product","link":"https:\/\/tuffhandicraft.com\/ru\/magaza\/aksesuarlar\/sapka\/damali-bucket-sapka-karma-edition\/","title":{"rendered":"\u041a\u043b\u0435\u0442\u0447\u0430\u0442\u0430\u044f \u043f\u0430\u043d\u0430\u043c\u0430 | Karma Edition"},"content":{"rendered":"<h3 data-start=\"385\" data-end=\"460\">\ud83e\uddf5 \u041a\u043b\u0435\u0442\u0447\u0430\u0442\u0430\u044f \u043f\u0430\u043d\u0430\u043c\u0430 | Karma Edition \u2013 \u0440\u0443\u0447\u043d\u0430\u044f \u0440\u0430\u0431\u043e\u0442\u0430, \u044f\u0440\u043a\u0430\u044f \u0438 \u043d\u0435\u043e\u0431\u044b\u0447\u043d\u0430\u044f<\/h3>\n<p data-start=\"462\" data-end=\"813\">\u0413\u0434\u0435 \u0432\u0441\u0442\u0440\u0435\u0447\u0430\u044e\u0442\u0441\u044f \u0446\u0432\u0435\u0442\u0430 \u0438 \u0433\u0435\u043e\u043c\u0435\u0442\u0440\u0438\u044f <strong data-start=\"497\" data-end=\"536\">\u041a\u043b\u0435\u0442\u0447\u0430\u0442\u0430\u044f \u043f\u0430\u043d\u0430\u043c\u0430 | Karma Edition<\/strong>, \u043f\u043e\u0437\u0432\u043e\u043b\u044f\u0435\u0442 \u0441\u043c\u0435\u043b\u043e \u0432\u044b\u0440\u0430\u0437\u0438\u0442\u044c \u0441\u0432\u043e\u0439 \u0441\u0442\u0438\u043b\u044c \u0431\u043b\u0430\u0433\u043e\u0434\u0430\u0440\u044f \u0441\u043e\u0432\u0440\u0435\u043c\u0435\u043d\u043d\u043e\u043c\u0443 \u0434\u0438\u0437\u0430\u0439\u043d\u0443. \u041a\u043b\u0435\u0442\u0447\u0430\u0442\u044b\u0439 \u0443\u0437\u043e\u0440 \u0438 \u0446\u0432\u0435\u0442\u043e\u0432\u044b\u0435 \u043f\u0435\u0440\u0435\u0445\u043e\u0434\u044b \u0441\u043e\u0437\u0434\u0430\u044e\u0442 \u044d\u043d\u0435\u0440\u0433\u0438\u0447\u043d\u044b\u0439 \u0438 \u0441\u0442\u0438\u043b\u044c\u043d\u044b\u0439 \u043e\u0431\u0440\u0430\u0437, \u043d\u0435 \u043f\u043e\u0445\u043e\u0436\u0438\u0439 \u043d\u0430 \u043e\u0431\u044b\u0447\u043d\u044b\u0439. \u042d\u0442\u0430 \u043c\u043e\u0434\u0435\u043b\u044c, \u043e\u0442\u043b\u0438\u0447\u0430\u044e\u0449\u0430\u044f\u0441\u044f \u0440\u0443\u0447\u043d\u043e\u0439 \u0440\u0430\u0431\u043e\u0442\u043e\u0439 \u0438 \u044d\u043a\u043e\u043b\u043e\u0433\u0438\u0447\u043d\u044b\u043c \u043f\u043e\u0434\u0445\u043e\u0434\u043e\u043c \u043a \u043f\u0440\u043e\u0438\u0437\u0432\u043e\u0434\u0441\u0442\u0432\u0443, \u043e\u0434\u043d\u043e\u0432\u0440\u0435\u043c\u0435\u043d\u043d\u043e \u043f\u0440\u0438\u0432\u043b\u0435\u043a\u0430\u0442\u0435\u043b\u044c\u043d\u0430 \u0438 \u044d\u043a\u043e\u043b\u043e\u0433\u0438\u0447\u043d\u0430.<\/p>\n<hr data-start=\"815\" data-end=\"818\" \/>\n<h3 data-start=\"820\" data-end=\"841\">\u0421\u0443\u0449\u0435\u0441\u0442\u0432\u0435\u043d\u043d\u0430\u044f \u0438\u043d\u0444\u043e\u0440\u043c\u0430\u0446\u0438\u044f<\/h3>\n<p data-start=\"842\" data-end=\"1140\">\u042d\u0442\u0430 \u043f\u0430\u043d\u0430\u043c\u0430 \u0441\u0432\u044f\u0437\u0430\u043d\u0430 \u0432\u0440\u0443\u0447\u043d\u0443\u044e \u0438\u0437 \u043b\u0451\u0433\u043a\u043e\u0439, \u043f\u0440\u043e\u0447\u043d\u043e\u0439 \u0438 \u0434\u044b\u0448\u0430\u0449\u0435\u0439 \u043f\u0440\u044f\u0436\u0438. \u041d\u0430\u0442\u0443\u0440\u0430\u043b\u044c\u043d\u044b\u0435 \u0432\u043e\u043b\u043e\u043a\u043d\u0430 \u043e\u0431\u0435\u0441\u043f\u0435\u0447\u0438\u0432\u0430\u044e\u0442 \u043c\u044f\u0433\u043a\u043e\u0441\u0442\u044c, \u043a\u043e\u043c\u0444\u043e\u0440\u0442 \u0438 \u0437\u0430\u0449\u0438\u0442\u0443 \u043e\u0442 \u043f\u043e\u0442\u0430 \u0432 \u043b\u0435\u0442\u043d\u0438\u0435 \u043c\u0435\u0441\u044f\u0446\u044b. \u0422\u0449\u0430\u0442\u0435\u043b\u044c\u043d\u043e \u043f\u0440\u043e\u0432\u044f\u0437\u0430\u043d\u043d\u044b\u0435 \u043f\u0435\u0440\u0435\u043f\u043b\u0435\u0442\u0451\u043d\u043d\u044b\u0435 \u0446\u0432\u0435\u0442\u043d\u044b\u0435 \u0431\u043b\u043e\u043a\u0438 \u043a\u043b\u0435\u0442\u0447\u0430\u0442\u043e\u0433\u043e \u0443\u0437\u043e\u0440\u0430 \u043f\u0440\u0438\u0434\u0430\u044e\u0442 \u043a\u0430\u0436\u0434\u043e\u0439 \u0448\u043b\u044f\u043f\u0435 \u0443\u043d\u0438\u043a\u0430\u043b\u044c\u043d\u044b\u0439 \u0448\u0442\u0440\u0438\u0445.<\/p>\n<hr data-start=\"1142\" data-end=\"1145\" \/>\n<h3 data-start=\"1147\" data-end=\"1177\">\u041e\u0431\u043b\u0430\u0441\u0442\u044c \u043f\u0440\u0438\u043c\u0435\u043d\u0435\u043d\u0438\u044f \u0438 \u043a\u043e\u043c\u0444\u043e\u0440\u0442<\/h3>\n<ul data-start=\"1178\" data-end=\"1596\">\n<li data-start=\"1178\" data-end=\"1221\">\n<p data-start=\"1180\" data-end=\"1221\">\u0414\u043e\u043f\u043e\u043b\u043d\u0438\u0442\u0435\u043b\u044c\u043d\u044b\u0439 \u044d\u043b\u0435\u043c\u0435\u043d\u0442 \u043f\u043e\u0432\u0441\u0435\u0434\u043d\u0435\u0432\u043d\u043e\u0433\u043e \u0433\u043e\u0440\u043e\u0434\u0441\u043a\u043e\u0433\u043e \u0441\u0442\u0438\u043b\u044f<\/p>\n<\/li>\n<li data-start=\"1222\" data-end=\"1287\">\n<p data-start=\"1224\" data-end=\"1287\">\u041f\u043e\u0434\u0445\u043e\u0434\u0438\u0442 \u0434\u043b\u044f \u0438\u0441\u043f\u043e\u043b\u044c\u0437\u043e\u0432\u0430\u043d\u0438\u044f \u043d\u0430 \u0444\u0435\u0441\u0442\u0438\u0432\u0430\u043b\u044f\u0445, \u043a\u043e\u043d\u0446\u0435\u0440\u0442\u0430\u0445 \u0438 \u043c\u0435\u0440\u043e\u043f\u0440\u0438\u044f\u0442\u0438\u044f\u0445 \u043d\u0430 \u043e\u0442\u043a\u0440\u044b\u0442\u043e\u043c \u0432\u043e\u0437\u0434\u0443\u0445\u0435.<\/p>\n<\/li>\n<li data-start=\"1288\" data-end=\"1319\">\n<p data-start=\"1290\" data-end=\"1319\">\u0421\u0442\u0438\u043b\u044c\u043d\u043e \u0438 \u043d\u0430\u0434\u0435\u0436\u043d\u043e \u043d\u0430 \u043f\u043b\u044f\u0436\u0435<\/p>\n<\/li>\n<li data-start=\"1320\" data-end=\"1596\">\n<p data-start=\"1322\" data-end=\"1596\">\u0423\u0434\u043e\u0431\u043d\u043e \u0434\u043b\u044f \u043f\u043e\u0445\u043e\u0434\u043e\u0432 \u0438 \u043a\u0435\u043c\u043f\u0438\u043d\u0433\u0430.<br data-start=\"1366\" data-end=\"1369\" \/>\u041f\u0430\u043d\u0430\u043c\u0430 \u0437\u0430\u0449\u0438\u0449\u0430\u0435\u0442 \u043b\u0438\u0446\u043e \u0438 \u0448\u0435\u044e \u043e\u0442 \u043f\u0440\u044f\u043c\u044b\u0445 \u0441\u043e\u043b\u043d\u0435\u0447\u043d\u044b\u0445 \u043b\u0443\u0447\u0435\u0439 \u0431\u043b\u0430\u0433\u043e\u0434\u0430\u0440\u044f \u0441\u0432\u043e\u0435\u0439 \u0444\u043e\u0440\u043c\u0435. \u041a\u0440\u0443\u0433\u043b\u0430\u044f \u0444\u043e\u0440\u043c\u0430 \u0438\u0434\u0435\u0430\u043b\u044c\u043d\u043e \u043e\u0431\u043b\u0435\u0433\u0430\u0435\u0442 \u0433\u043e\u043b\u043e\u0432\u0443, \u0430 \u0432\u043b\u0430\u0433\u043e\u043e\u0442\u0442\u0430\u043b\u043a\u0438\u0432\u0430\u044e\u0449\u0430\u044f \u043f\u0440\u044f\u0436\u0430 \u043e\u0431\u0435\u0441\u043f\u0435\u0447\u0438\u0432\u0430\u0435\u0442 \u043a\u043e\u043c\u0444\u043e\u0440\u0442 \u0434\u0430\u0436\u0435 \u043f\u0440\u0438 \u0434\u043b\u0438\u0442\u0435\u043b\u044c\u043d\u043e\u043c \u043d\u043e\u0448\u0435\u043d\u0438\u0438. \u041f\u043e\u0434\u0445\u043e\u0434\u0438\u0442 \u0434\u043b\u044f \u043b\u044e\u0434\u0435\u0439 \u0432\u0441\u0435\u0445 \u0432\u043e\u0437\u0440\u0430\u0441\u0442\u043e\u0432.<\/p>\n<\/li>\n<\/ul>\n<hr data-start=\"1598\" data-end=\"1601\" \/>\n<h3 data-start=\"1603\" data-end=\"1640\">\u041f\u0440\u0435\u0434\u043b\u043e\u0436\u0435\u043d\u0438\u0435 \u043f\u043e \u0441\u0442\u0438\u043b\u044e \/ \u043f\u0440\u0435\u0434\u043b\u043e\u0436\u0435\u043d\u0438\u0435 \u043f\u043e \u0441\u043e\u0447\u0435\u0442\u0430\u043d\u0438\u044e<\/h3>\n<p data-start=\"1641\" data-end=\"1963\">\u041a\u043b\u0435\u0442\u0447\u0430\u0442\u044b\u0439 \u0440\u0438\u0441\u0443\u043d\u043e\u043a \u0434\u043e\u0431\u0430\u0432\u0438\u0442 \u044f\u0440\u043a\u043e\u0441\u0442\u0438 \u043f\u0440\u043e\u0441\u0442\u044b\u043c \u043d\u0430\u0440\u044f\u0434\u0430\u043c. \u041e\u043d \u0434\u043e\u0431\u0430\u0432\u0438\u0442 \u0438\u0437\u044e\u043c\u0438\u043d\u043a\u0443 \u0434\u0430\u0436\u0435 \u043f\u0440\u043e\u0441\u0442\u043e\u043c\u0443 \u043a\u043e\u043c\u043f\u043b\u0435\u043a\u0442\u0443 \u0438\u0437 \u0444\u0443\u0442\u0431\u043e\u043b\u043a\u0438 \u0438 \u0448\u043e\u0440\u0442. <a href=\"https:\/\/tuffhandicraft.com\/ru\/%d0%bf%d1%80%d0%be%d0%b4%d1%83%d0%ba%d1%82\/pelus-el-orgusu-hirka\/\">\u0421 \u043a\u0443\u0440\u0442\u043a\u0430\u043c\u0438 \u043e\u0432\u0435\u0440\u0441\u0430\u0439\u0437<\/a>\u041e\u043d \u0441\u043e\u0437\u0434\u0430\u0451\u0442 \u0441\u0438\u043b\u044c\u043d\u044b\u0439 \u043a\u043e\u043d\u0442\u0440\u0430\u0441\u0442 \u0432 \u0441\u043e\u0447\u0435\u0442\u0430\u043d\u0438\u0438 \u0441 \u0434\u0436\u0438\u043d\u0441\u043e\u0432\u044b\u043c\u0438 \u043f\u043b\u0430\u0442\u044c\u044f\u043c\u0438 \u0438\u043b\u0438 \u043a\u043e\u043c\u0431\u0438\u043d\u0435\u0437\u043e\u043d\u0430\u043c\u0438 \u0432 \u0441\u0442\u0438\u043b\u0435 \u0431\u043e\u0445\u043e. \u0412\u044b \u043c\u043e\u0436\u0435\u0442\u0435 \u0441\u043e\u0437\u0434\u0430\u0442\u044c \u044d\u043d\u0435\u0440\u0433\u0438\u0447\u043d\u044b\u0439 \u043e\u0431\u0440\u0430\u0437, \u0434\u043e\u043f\u043e\u043b\u043d\u0438\u0432 \u043e\u0431\u0440\u0430\u0437 \u044f\u0440\u043a\u0438\u043c\u0438 \u043d\u043e\u0441\u043a\u0430\u043c\u0438, \u043a\u0440\u043e\u0441\u0441\u043e\u0432\u043a\u0430\u043c\u0438 \u0438 \u043c\u0438\u043d\u0438\u043c\u0430\u043b\u0438\u0441\u0442\u0438\u0447\u043d\u044b\u043c\u0438 \u0443\u043a\u0440\u0430\u0448\u0435\u043d\u0438\u044f\u043c\u0438.<\/p>\n<hr data-start=\"1965\" data-end=\"1968\" \/>\n<h3 data-start=\"1970\" data-end=\"2014\">\u0410\u043a\u0446\u0435\u043d\u0442 \u043d\u0430 \u0440\u0443\u0447\u043d\u0443\u044e \u0440\u0430\u0431\u043e\u0442\u0443 \u0438 \u0443\u0441\u0442\u043e\u0439\u0447\u0438\u0432\u043e\u0435 \u0440\u0430\u0437\u0432\u0438\u0442\u0438\u0435<\/h3>\n<p data-start=\"2015\" data-end=\"2353\">\u041a\u043b\u0435\u0442\u0447\u0430\u0442\u0430\u044f \u043f\u0430\u043d\u0430\u043c\u0430,<a href=\"https:\/\/tr.linkedin.com\/pulse\/hizli-moda-fast-fashion-nedir-doca-pakkens\" target=\"_blank\" rel=\"noopener\"> \u0431\u044b\u0441\u0442\u0440\u0430\u044f \u043c\u043e\u0434\u0430<\/a> \u0421\u043e\u0437\u0434\u0430\u043d\u043d\u0430\u044f \u0434\u043b\u044f \u0431\u043e\u0440\u044c\u0431\u044b \u0441 \u043f\u043e\u0442\u0440\u0435\u0431\u0438\u0442\u0435\u043b\u044c\u0441\u0442\u0432\u043e\u043c, \u043a\u0430\u0436\u0434\u0430\u044f \u0448\u0430\u043f\u043a\u0430 \u0432\u044f\u0436\u0435\u0442\u0441\u044f \u043c\u0435\u0434\u043b\u0435\u043d\u043d\u043e \u0438 \u043a\u0440\u043e\u043f\u043e\u0442\u043b\u0438\u0432\u043e, \u0438\u0441\u043f\u043e\u043b\u044c\u0437\u0443\u044f \u044d\u0442\u0438\u0447\u043d\u044b\u0439 \u0440\u0443\u0447\u043d\u043e\u0439 \u043f\u0440\u043e\u0446\u0435\u0441\u0441 \u043f\u0440\u043e\u0438\u0437\u0432\u043e\u0434\u0441\u0442\u0432\u0430 Tuffhandicraft. \u0411\u043b\u0430\u0433\u043e\u0434\u0430\u0440\u044f \u043f\u043e\u0432\u0442\u043e\u0440\u043d\u043e\u043c\u0443 \u0438\u0441\u043f\u043e\u043b\u044c\u0437\u043e\u0432\u0430\u043d\u0438\u044e \u043e\u0442\u0445\u043e\u0434\u043e\u0432 \u043f\u0440\u044f\u0436\u0438 \u043a\u0430\u0436\u0434\u043e\u0435 \u0438\u0437\u0434\u0435\u043b\u0438\u0435 \u0443\u043d\u0438\u043a\u0430\u043b\u044c\u043d\u043e \u0438 \u043f\u043e\u0437\u0432\u043e\u043b\u044f\u0435\u0442 \u0438\u0437\u0431\u0435\u0436\u0430\u0442\u044c \u043e\u0442\u0445\u043e\u0434\u043e\u0432. \u0422\u0430\u043a\u0438\u043c \u043e\u0431\u0440\u0430\u0437\u043e\u043c, \u043a\u043e\u043c\u043f\u0430\u043d\u0438\u044f \u0432\u043d\u043e\u0441\u0438\u0442 \u0432\u043a\u043b\u0430\u0434 \u0432 \u0443\u0441\u0442\u043e\u0439\u0447\u0438\u0432\u0443\u044e \u043c\u043e\u0434\u0443 \u0438 \u0434\u0435\u043c\u043e\u043d\u0441\u0442\u0440\u0438\u0440\u0443\u0435\u0442 \u0431\u0435\u0440\u0435\u0436\u043d\u043e\u0435 \u043e\u0442\u043d\u043e\u0448\u0435\u043d\u0438\u0435 \u043a \u043f\u0440\u0438\u0440\u043e\u0434\u0435.<\/p>\n<hr data-start=\"2355\" data-end=\"2358\" \/>\n<h3 data-start=\"2360\" data-end=\"2383\">\u0418\u043d\u0441\u0442\u0440\u0443\u043a\u0446\u0438\u0438 \u043f\u043e \u0443\u0445\u043e\u0434\u0443<\/h3>\n<ul data-start=\"2384\" data-end=\"2592\">\n<li data-start=\"2384\" data-end=\"2422\">\n<p data-start=\"2386\" data-end=\"2422\">\u0411\u0435\u0440\u0435\u0436\u043d\u0430\u044f \u0440\u0443\u0447\u043d\u0430\u044f \u0441\u0442\u0438\u0440\u043a\u0430 \u0432 \u0445\u043e\u043b\u043e\u0434\u043d\u043e\u0439 \u0432\u043e\u0434\u0435<\/p>\n<\/li>\n<li data-start=\"2423\" data-end=\"2457\">\n<p data-start=\"2425\" data-end=\"2457\">\u041d\u0435 \u0438\u0441\u043f\u043e\u043b\u044c\u0437\u0443\u0439\u0442\u0435 \u0441\u0443\u0448\u0438\u043b\u043a\u0443.<\/p>\n<\/li>\n<li data-start=\"2458\" data-end=\"2500\">\n<p data-start=\"2460\" data-end=\"2500\">\u0421\u0443\u0448\u0438\u0442\u044c \u043d\u0430 \u0440\u043e\u0432\u043d\u043e\u0439 \u043f\u043e\u0432\u0435\u0440\u0445\u043d\u043e\u0441\u0442\u0438 \u0432 \u0437\u0430\u0442\u0435\u043d\u0435\u043d\u043d\u043e\u043c \u043c\u0435\u0441\u0442\u0435.<\/p>\n<\/li>\n<li data-start=\"2501\" data-end=\"2553\">\n<p data-start=\"2503\" data-end=\"2553\">\u041d\u0435 \u0433\u043b\u0430\u0434\u044c\u0442\u0435 \u0438 \u043d\u0435 \u0441\u0433\u0438\u0431\u0430\u0439\u0442\u0435, \u0447\u0442\u043e\u0431\u044b \u043d\u0435 \u043f\u043e\u0432\u0440\u0435\u0434\u0438\u0442\u044c \u0444\u043e\u0440\u043c\u0443.<\/p>\n<\/li>\n<li data-start=\"2554\" data-end=\"2592\">\n<p data-start=\"2556\" data-end=\"2592\">\u041d\u0435 \u043e\u0441\u0442\u0430\u0432\u043b\u044f\u0442\u044c \u043d\u0430 \u0441\u043e\u043b\u043d\u0446\u0435 \u043d\u0430\u0434\u043e\u043b\u0433\u043e.<\/p>\n<\/li>\n<\/ul>\n<hr data-start=\"2594\" data-end=\"2597\" \/>\n<h3 data-start=\"2599\" data-end=\"2627\">\u041f\u043e\u0447\u0435\u043c\u0443 \u0435\u043c\u0443 \u0441\u043b\u0435\u0434\u0443\u0435\u0442 \u043e\u0442\u0434\u0430\u0442\u044c \u043f\u0440\u0435\u0434\u043f\u043e\u0447\u0442\u0435\u043d\u0438\u0435?<\/h3>\n<p data-start=\"2628\" data-end=\"2894\">\u2705 \u041f\u0440\u0438\u0432\u043b\u0435\u043a\u0430\u0435\u0442 \u0432\u043d\u0438\u043c\u0430\u043d\u0438\u0435 \u043a\u0440\u0430\u0441\u043e\u0447\u043d\u044b\u043c \u043a\u043b\u0435\u0442\u0447\u0430\u0442\u044b\u043c \u0434\u0438\u0437\u0430\u0439\u043d\u043e\u043c<br data-start=\"2668\" data-end=\"2671\" \/>\u2705 \u0418\u0437\u0433\u043e\u0442\u043e\u0432\u043b\u0435\u043d\u043e \u0438\u0437 \u043d\u0430\u0442\u0443\u0440\u0430\u043b\u044c\u043d\u043e\u0439 \u0438 \u0434\u044b\u0448\u0430\u0449\u0435\u0439 \u043f\u0440\u044f\u0436\u0438<br data-start=\"2714\" data-end=\"2717\" \/>\u2705 \u041f\u043e\u043b\u043d\u043e\u0441\u0442\u044c\u044e \u0440\u0443\u0447\u043d\u0430\u044f \u0440\u0430\u0431\u043e\u0442\u0430<br data-start=\"2736\" data-end=\"2739\" \/>\u2705 \u041f\u043e\u0434\u0445\u043e\u0434 \u043a \u0443\u0441\u0442\u043e\u0439\u0447\u0438\u0432\u043e\u043c\u0443 \u043f\u0440\u043e\u0438\u0437\u0432\u043e\u0434\u0441\u0442\u0432\u0443<br data-start=\"2771\" data-end=\"2774\" \/>\u2705 \u0412\u044b\u0441\u043e\u043a\u0438\u0439 \u043a\u043e\u043c\u0444\u043e\u0440\u0442 \u0431\u043b\u0430\u0433\u043e\u0434\u0430\u0440\u044f \u0444\u043e\u0440\u043c\u0435 \u043f\u0430\u043d\u0430\u043c\u044b<br data-start=\"2811\" data-end=\"2814\" \/>\u2705 \u041f\u043e\u0434\u0445\u043e\u0434\u0438\u0442 \u0434\u043b\u044f \u043c\u0443\u0436\u0447\u0438\u043d \u0438 \u0436\u0435\u043d\u0449\u0438\u043d, \u0430\u0434\u0430\u043f\u0442\u0438\u0440\u0443\u0435\u0442\u0441\u044f \u043a \u0440\u0430\u0437\u043d\u044b\u043c \u0441\u0442\u0438\u043b\u044f\u043c<br data-start=\"2853\" data-end=\"2856\" \/>\u2705 \u0428\u0438\u0440\u043e\u043a\u0438\u0439 \u0441\u043f\u0435\u043a\u0442\u0440 \u043f\u0440\u0438\u043c\u0435\u043d\u0435\u043d\u0438\u044f: \u043e\u0442 \u043f\u043b\u044f\u0436\u0430 \u0434\u043e \u0433\u043e\u0440\u043e\u0434\u0430<\/p>","protected":false},"excerpt":{"rendered":"<p>\ud83e\uddf5 Damal\u0131 Bucket \u015eapka | Karma Edition \u2013 El Yap\u0131m\u0131, Renkli ve S\u0131ra D\u0131\u015f\u0131 Renklerin ve geometrinin bulu\u015ftu\u011fu Damal\u0131 Bucket<\/p>","protected":false},"featured_media":28602,"comment_status":"open","ping_status":"closed","template":"","meta":[],"product_brand":[691],"product_cat":[693,711],"product_tag":[1328,1329,1333,1343,1320,1330,1334,1335,1341,1332,1339,1342,1338,1340,1336,1319,740,1337,1323,1331],"class_list":{"0":"post-27605","1":"product","2":"type-product","3":"status-publish","4":"has-post-thumbnail","6":"product_brand-tuffhandicraft","7":"product_cat-sapka","8":"product_cat-aksesuarlar","9":"product_tag-bucketsapka","10":"product_tag-damalisapka","11":"product_tag-dogadostutasarim","12":"product_tag-dogalmalzeme","13":"product_tag-elileoruldu","14":"product_tag-elorgususapka","15":"product_tag-festivalmodasi","16":"product_tag-gunessapkasi","17":"product_tag-handmadestyle","18":"product_tag-karmaedition","19":"product_tag-modernstil","20":"product_tag-orgusapka","21":"product_tag-plajmodasi","22":"product_tag-rahatstil","23":"product_tag-renklisapka","24":"product_tag-surdurulebilirmoda","25":"product_tag-tuffhandicraft","26":"product_tag-unisexaksesuar","27":"product_tag-yavasmoda","28":"product_tag-yazlikisapka","30":"first","31":"instock","32":"taxable","33":"shipping-taxable","34":"purchasable","35":"product-type-simple"},"_links":{"self":[{"href":"https:\/\/tuffhandicraft.com\/ru\/wp-json\/wp\/v2\/product\/27605","targetHints":{"allow":["GET"]}}],"collection":[{"href":"https:\/\/tuffhandicraft.com\/ru\/wp-json\/wp\/v2\/product"}],"about":[{"href":"https:\/\/tuffhandicraft.com\/ru\/wp-json\/wp\/v2\/types\/product"}],"replies":[{"embeddable":true,"href":"https:\/\/tuffhandicraft.com\/ru\/wp-json\/wp\/v2\/comments?post=27605"}],"version-history":[{"count":0,"href":"https:\/\/tuffhandicraft.com\/ru\/wp-json\/wp\/v2\/product\/27605\/revisions"}],"wp:featuredmedia":[{"embeddable":true,"href":"https:\/\/tuffhandicraft.com\/ru\/wp-json\/wp\/v2\/media\/28602"}],"wp:attachment":[{"href":"https:\/\/tuffhandicraft.com\/ru\/wp-json\/wp\/v2\/media?parent=27605"}],"wp:term":[{"taxonomy":"product_brand","embeddable":true,"href":"https:\/\/tuffhandicraft.com\/ru\/wp-json\/wp\/v2\/product_brand?post=27605"},{"taxonomy":"product_cat","embeddable":true,"href":"https:\/\/tuffhandicraft.com\/ru\/wp-json\/wp\/v2\/product_cat?post=27605"},{"taxonomy":"product_tag","embeddable":true,"href":"https:\/\/tuffhandicraft.com\/ru\/wp-json\/wp\/v2\/product_tag?post=27605"}],"curies":[{"name":"wp","href":"https:\/\/api.w.org\/{rel}","templated":true}]}}