{"id":27612,"date":"2025-05-11T00:24:00","date_gmt":"2025-05-10T21:24:00","guid":{"rendered":"https:\/\/tasarim.yusufkecici.com.tr\/urun\/handmade-wayuu-large-tote-bag-crochet-floral-tote-bag-handmade-beach-shoulder-bag-tote-bag-high-quality-crochet-bag-gift-for-her\/"},"modified":"2025-11-30T18:43:49","modified_gmt":"2025-11-30T15:43:49","slug":"buyuk-wayuu-tote-canta","status":"publish","type":"product","link":"https:\/\/tuffhandicraft.com\/ru\/magaza\/canta\/omuz-cantasi\/buyuk-wayuu-tote-canta\/","title":{"rendered":"\u0411\u043e\u043b\u044c\u0448\u0430\u044f \u0441\u0443\u043c\u043a\u0430-\u0442\u043e\u0443\u0442 \u00ab\u0412\u0430\u044e\u00bb \u2013 \u0441 \u0443\u0437\u043e\u0440\u043e\u043c, \u0432 \u044d\u0442\u043d\u0438\u0447\u0435\u0441\u043a\u043e\u043c \u0441\u0442\u0438\u043b\u0435"},"content":{"rendered":"<h3 data-start=\"175\" data-end=\"230\">\ud83c\udf92 <strong data-start=\"182\" data-end=\"230\">\u0411\u043e\u043b\u044c\u0448\u0430\u044f \u0441\u0443\u043c\u043a\u0430-\u0442\u043e\u0443\u0442 \u00ab\u0412\u0430\u044e\u00bb \u2013 \u0441 \u0443\u0437\u043e\u0440\u043e\u043c, \u0432 \u044d\u0442\u043d\u0438\u0447\u0435\u0441\u043a\u043e\u043c \u0441\u0442\u0438\u043b\u0435<\/strong><\/h3>\n<p data-start=\"232\" data-end=\"268\">\ud83e\uddf5 <strong data-start=\"235\" data-end=\"268\">El Sanat\u0131n\u0131n Renkli Yans\u0131mas\u0131<\/strong><\/p>\n<p data-start=\"270\" data-end=\"554\">Geleneksel Wayuu teknikleriyle el \u00f6rg\u00fcs\u00fc olarak haz\u0131rlanm\u0131\u015f bu b\u00fcy\u00fck tote \u00e7anta, \u00e7i\u00e7ek desenleri ve geni\u015f hacmiyle g\u00fcnl\u00fck kullan\u0131m\u0131n ve yaz stilinin vazge\u00e7ilmez bir tamamlay\u0131c\u0131s\u0131d\u0131r. Hem i\u015flevsel hem estetik olan bu \u00e7anta, bohem ruhu ve k\u00fclt\u00fcrel miras\u0131 g\u00fcn\u00fcm\u00fcz modas\u0131yla bulu\u015fturuyor.<\/p>\n<hr data-start=\"556\" data-end=\"559\" \/>\n<h3 data-start=\"561\" data-end=\"587\">\ud83d\udce6 <strong data-start=\"568\" data-end=\"587\">\u0421\u0443\u0449\u0435\u0441\u0442\u0432\u0435\u043d\u043d\u0430\u044f \u0438\u043d\u0444\u043e\u0440\u043c\u0430\u0446\u0438\u044f<img loading=\"lazy\" decoding=\"async\" class=\"wd-lazy-fade size-full wp-image-28000 alignright\" src=\"https:\/\/tuffhandicraft.com\/wp-content\/themes\/woodmart\/images\/lazy.svg\" data-src=\"https:\/\/tuffhandicraft.com\/wp-content\/uploads\/2021\/08\/footer-logo-1.png\" alt=\"B\u00fcy\u00fck Wayuu Tote \u00c7anta\" width=\"220\" height=\"40\" title=\"\" srcset=\"\" data-srcset=\"https:\/\/tuffhandicraft.com\/wp-content\/uploads\/2021\/08\/footer-logo-1.png 220w, https:\/\/tuffhandicraft.com\/wp-content\/uploads\/2021\/08\/footer-logo-1-150x27.png 150w\" sizes=\"auto, (max-width: 220px) 100vw, 220px\" \/><\/strong><\/h3>\n<p data-start=\"589\" data-end=\"815\">B\u00fcy\u00fck Wayuu Tote \u00c7anta, dayan\u0131kl\u0131 ve do\u011fal ka\u011f\u0131t ipliklerle \u00f6r\u00fclm\u00fc\u015ft\u00fcr. Bu \u00f6zel iplikler sayesinde formunu uzun s\u00fcre korur, rengi solmaz ve g\u00fcnl\u00fck kullan\u0131ma uygundur. Geleneksel Wayuu teknikleri ile s\u0131k ve sa\u011flam bir \u00f6rg\u00fc yap\u0131s\u0131na sahiptir.<\/p>\n<hr data-start=\"817\" data-end=\"820\" \/>\n<h3 data-start=\"822\" data-end=\"861\">\ud83e\uddfa <strong data-start=\"829\" data-end=\"861\">Geni\u015f Hacimli ve Fonksiyonel<\/strong><\/h3>\n<p data-start=\"863\" data-end=\"1110\">Plajdan \u015fehir sokaklar\u0131na kadar her yerde kullan\u0131ma uygun olan bu <a href=\"https:\/\/tuffhandicraft.com\/ru\/%d0%bf%d1%80%d0%be%d0%b4%d1%83%d0%ba%d1%82\/mega-boy-plaj-cantasi\/\">b\u00fcy\u00fck tote \u00e7anta<\/a>, i\u00e7 hacmi sayesinde c\u00fczdan, telefon, kitap, su \u015fi\u015fesi gibi g\u00fcnl\u00fck ihtiya\u00e7lar\u0131n\u0131 kolayca ta\u015f\u0131r. Omuz ask\u0131s\u0131 sayesinde rahat ta\u015f\u0131nabilir, i\u00e7 yap\u0131s\u0131 sade ve pratiktir.<\/p>\n<hr data-start=\"1112\" data-end=\"1115\" \/>\n<h3 data-start=\"1117\" data-end=\"1146\">\ud83c\udfa8 <strong data-start=\"1124\" data-end=\"1146\">Tarz\u0131n\u0131z\u0131 Yans\u0131t\u0131r<\/strong><\/h3>\n<p data-start=\"1148\" data-end=\"1360\">Boho, etnik ya da renkli bir tarz\u0131n\u0131z varsa, bu \u00e7anta tam size g\u00f6re. Jean \u015fortlarla, keten elbiselerle ya da sade siyah beyaz kombinlerle harika bir kontrast yarat\u0131r. Enerjik desenleriyle yaz aylar\u0131na ne\u015fe katar.<\/p>\n<p data-start=\"1148\" data-end=\"1360\">\u0414\u043b\u044f \u0434\u0440\u0443\u0433\u0438\u0445 \u043c\u043e\u0434\u0435\u043b\u0435\u0439, \u043a\u043e\u0442\u043e\u0440\u044b\u0435 \u043c\u043e\u0433\u0443\u0442 \u043f\u043e\u0434\u043e\u0439\u0442\u0438 \u0432\u0430\u0448\u0435\u043c\u0443 \u0441\u0442\u0438\u043b\u044e \u0438 \u043d\u0435 \u0442\u043e\u043b\u044c\u043a\u043e, \u043f\u043e\u0441\u0435\u0442\u0438\u0442\u0435 Tuff\u00a0<a href=\"https:\/\/www.pinterest.com\/TuffHandicraft01\/\" target=\"_blank\" rel=\"noopener\">\u041f\u0438\u043d\u0442\u0435\u0440\u0435\u0441\u0442<\/a>\u00a0\u043f\u043e\u0441\u0435\u0442\u0438\u0442\u0435 \u043c\u0438\u0440.<\/p>\n<hr data-start=\"1362\" data-end=\"1365\" \/>\n<h3 data-start=\"1367\" data-end=\"1404\">\u267b\ufe0f <strong data-start=\"1374\" data-end=\"1404\">El Yap\u0131m\u0131 &amp; S\u00fcrd\u00fcr\u00fclebilir<\/strong><\/h3>\n<p data-start=\"1406\" data-end=\"1575\">Her biri el eme\u011fiyle ve sab\u0131rla \u00fcretilmi\u015f olan bu \u00e7anta, seri \u00fcretime kar\u015f\u0131 duru\u015fun ve etik modan\u0131n bir par\u00e7as\u0131d\u0131r. Uzun \u00f6m\u00fcrl\u00fc kullan\u0131m i\u00e7in \u00f6zel olarak tasarlanm\u0131\u015ft\u0131r.<\/p>\n<hr data-start=\"1577\" data-end=\"1580\" \/>\n<h3 data-start=\"1582\" data-end=\"1610\">\ud83e\uddfc <strong data-start=\"1589\" data-end=\"1610\">\u0418\u043d\u0441\u0442\u0440\u0443\u043a\u0446\u0438\u0438 \u043f\u043e \u0443\u0445\u043e\u0434\u0443<\/strong><\/h3>\n<p data-start=\"1612\" data-end=\"1742\">\u00c7antay\u0131 temizlemek i\u00e7in nemli bir bez kullanman\u0131z yeterlidir. Makinede y\u0131kama \u00f6nerilmez. Do\u011frudan g\u00fcne\u015f \u0131\u015f\u0131\u011f\u0131nda kurutulmamal\u0131d\u0131r.<\/p>\n<hr data-start=\"1744\" data-end=\"1747\" \/>\n<h3 data-start=\"1749\" data-end=\"1786\">\ud83d\udca1 <strong data-start=\"1756\" data-end=\"1786\">Neden Bu Wayuu Tote \u00c7anta?<\/strong><\/h3>\n<p data-start=\"133\" data-end=\"370\">\u2022 El yap\u0131m\u0131 ve k\u00fclt\u00fcrel mirasa sahip<br data-start=\"169\" data-end=\"172\" \/>\u2022 Geni\u015f i\u00e7 hacimli<br data-start=\"190\" data-end=\"193\" \/>\u2022 Etnik ve renkli desenlerle \u00f6zg\u00fcn tasar\u0131m<br data-start=\"235\" data-end=\"238\" \/>\u2022 Dayan\u0131kl\u0131 ipliklerle uzun \u00f6m\u00fcrl\u00fc kullan\u0131m<br data-start=\"281\" data-end=\"284\" data-is-only-node=\"\" \/>\u2022 Bohem ve yaz stilleriyle uyumlu<br data-start=\"317\" data-end=\"320\" \/>\u2022 S\u00fcrd\u00fcr\u00fclebilir ve etik moda anlay\u0131\u015f\u0131yla \u00fcretildi<\/p>","protected":false},"excerpt":{"rendered":"<p>El yap\u0131m\u0131 etnik desenli b\u00fcy\u00fck Wayuu tote \u00e7anta, geni\u015f hacmi ve canl\u0131 renkleriyle yaz stilinizin y\u0131ld\u0131z\u0131 olmaya aday. Bohem tarz\u0131 ve k\u00fclt\u00fcrel dokusuyla \u00f6zg\u00fcnl\u00fck arayanlara \u00f6zel!<\/p>","protected":false},"featured_media":27819,"comment_status":"open","ping_status":"closed","template":"","meta":[],"product_brand":[691],"product_cat":[686,724],"product_tag":[1296,1295,1300,1298,819,812,1101,844,1297,769,810,1299,843,841,817,762,839,1301,1294,816],"class_list":{"0":"post-27612","1":"product","2":"type-product","3":"status-publish","4":"has-post-thumbnail","6":"product_brand-tuffhandicraft","7":"product_cat-canta","8":"product_cat-omuz-cantasi","9":"product_tag-bohem-stil","10":"product_tag-buyuk-tote-canta","11":"product_tag-cicek-desenli-canta","12":"product_tag-desenli-canta","13":"product_tag-el-orgusu-canta","14":"product_tag-el-yapimi-canta","15":"product_tag-etnik-canta","16":"product_tag-festival-cantasi","17":"product_tag-genis-hacimli-canta","18":"product_tag-hediye-fikirleri","19":"product_tag-kagit-ip-canta","20":"product_tag-kulturel-tasarim","21":"product_tag-plaj-cantasi","22":"product_tag-renkli-canta","23":"product_tag-surdurulebilir-canta","24":"product_tag-surdurulebilir-moda","25":"product_tag-tig-isi-canta","26":"product_tag-wayuu-bag","27":"product_tag-wayuu-canta","28":"product_tag-yazlik-canta","30":"first","31":"instock","32":"sale","33":"taxable","34":"shipping-taxable","35":"purchasable","36":"product-type-simple"},"_links":{"self":[{"href":"https:\/\/tuffhandicraft.com\/ru\/wp-json\/wp\/v2\/product\/27612","targetHints":{"allow":["GET"]}}],"collection":[{"href":"https:\/\/tuffhandicraft.com\/ru\/wp-json\/wp\/v2\/product"}],"about":[{"href":"https:\/\/tuffhandicraft.com\/ru\/wp-json\/wp\/v2\/types\/product"}],"replies":[{"embeddable":true,"href":"https:\/\/tuffhandicraft.com\/ru\/wp-json\/wp\/v2\/comments?post=27612"}],"version-history":[{"count":1,"href":"https:\/\/tuffhandicraft.com\/ru\/wp-json\/wp\/v2\/product\/27612\/revisions"}],"predecessor-version":[{"id":30281,"href":"https:\/\/tuffhandicraft.com\/ru\/wp-json\/wp\/v2\/product\/27612\/revisions\/30281"}],"wp:featuredmedia":[{"embeddable":true,"href":"https:\/\/tuffhandicraft.com\/ru\/wp-json\/wp\/v2\/media\/27819"}],"wp:attachment":[{"href":"https:\/\/tuffhandicraft.com\/ru\/wp-json\/wp\/v2\/media?parent=27612"}],"wp:term":[{"taxonomy":"product_brand","embeddable":true,"href":"https:\/\/tuffhandicraft.com\/ru\/wp-json\/wp\/v2\/product_brand?post=27612"},{"taxonomy":"product_cat","embeddable":true,"href":"https:\/\/tuffhandicraft.com\/ru\/wp-json\/wp\/v2\/product_cat?post=27612"},{"taxonomy":"product_tag","embeddable":true,"href":"https:\/\/tuffhandicraft.com\/ru\/wp-json\/wp\/v2\/product_tag?post=27612"}],"curies":[{"name":"wp","href":"https:\/\/api.w.org\/{rel}","templated":true}]}}