{"id":27614,"date":"2025-05-11T00:24:01","date_gmt":"2025-05-10T21:24:01","guid":{"rendered":"https:\/\/tasarim.yusufkecici.com.tr\/urun\/big-summer-woven-bag-raffia-bag-with-colorful-wooden-details-easy-handled-knitted-bag-daily-tote-bag-blue-straw-bag-gift-for-her\/"},"modified":"2025-08-21T17:39:02","modified_gmt":"2025-08-21T14:39:02","slug":"mega-boy-plaj-cantasi","status":"publish","type":"product","link":"https:\/\/tuffhandicraft.com\/ru\/magaza\/canta\/omuz-cantasi\/mega-boy-plaj-cantasi\/","title":{"rendered":"\u041f\u043b\u044f\u0436\u043d\u0430\u044f \u0441\u0443\u043c\u043a\u0430 Mega Size \u2013 \u0431\u043e\u043b\u044c\u0448\u043e\u0439 \u043e\u0431\u044a\u0435\u043c, \u0440\u0443\u0447\u043d\u0430\u044f \u0440\u0430\u0431\u043e\u0442\u0430, \u043b\u0435\u0442\u043d\u0438\u0439 \u0441\u0442\u0438\u043b\u044c"},"content":{"rendered":"<h3 data-start=\"283\" data-end=\"353\">\ud83d\udc5c\u041f\u043b\u044f\u0436\u043d\u0430\u044f \u0441\u0443\u043c\u043a\u0430 Mega Size \u2013 \u0431\u043e\u043b\u044c\u0448\u043e\u0439 \u043e\u0431\u044a\u0435\u043c, \u0440\u0443\u0447\u043d\u0430\u044f \u0440\u0430\u0431\u043e\u0442\u0430, \u043b\u0435\u0442\u043d\u0438\u0439 \u0441\u0442\u0438\u043b\u044c<\/h3>\n<p data-start=\"355\" data-end=\"678\">\u042d\u0442\u0430 \u043e\u0433\u0440\u043e\u043c\u043d\u0430\u044f \u043f\u043b\u044f\u0436\u043d\u0430\u044f \u0441\u0443\u043c\u043a\u0430 \u0441\u043e\u0437\u0434\u0430\u043d\u0430 \u0434\u043b\u044f \u0442\u0435\u0445, \u043a\u0442\u043e \u0438\u0449\u0435\u0442 \u0441\u0442\u0438\u043b\u044c\u043d\u044b\u0435 \u0438 \u0444\u0443\u043d\u043a\u0446\u0438\u043e\u043d\u0430\u043b\u044c\u043d\u044b\u0435 \u043b\u0435\u0442\u043d\u0438\u0435 \u0432\u0435\u0449\u0438. \u041e\u043d\u0430 \u0441\u043e\u0437\u0434\u0430\u043d\u0430 \u0434\u043b\u044f \u0442\u0435\u0445, \u043a\u0442\u043e \u0438\u0449\u0435\u0442 \u0441\u0442\u0438\u043b\u044c\u043d\u0443\u044e \u0438 \u0444\u0443\u043d\u043a\u0446\u0438\u043e\u043d\u0430\u043b\u044c\u043d\u0443\u044e \u0432\u0435\u0449\u044c. \u0415\u0451 \u0440\u0443\u0447\u043d\u0430\u044f \u0440\u0430\u0431\u043e\u0442\u0430 \u0438 \u0432\u043f\u0435\u0447\u0430\u0442\u043b\u044f\u044e\u0449\u0438\u0439 \u0440\u0430\u0437\u043c\u0435\u0440 \u0441\u043e\u0441\u0442\u0430\u0432\u044f\u0442 \u0432\u0430\u043c \u043a\u043e\u043c\u043f\u0430\u043d\u0438\u044e \u043d\u0430 \u0432\u0435\u0441\u044c \u0434\u0435\u043d\u044c, \u0431\u0443\u0434\u044c \u0442\u043e \u043d\u0430 \u043f\u043b\u044f\u0436\u0435, \u043f\u0438\u043a\u043d\u0438\u043a\u0435 \u0438\u043b\u0438 \u0432 \u0433\u043e\u0440\u043e\u0434\u0435. \u0415\u0451 \u0432\u043c\u0435\u0441\u0442\u0438\u0442\u0435\u043b\u044c\u043d\u043e\u0441\u0442\u044c \u043f\u043e\u0437\u0432\u043e\u043b\u044f\u0435\u0442 \u0441 \u043a\u043e\u043c\u0444\u043e\u0440\u0442\u043e\u043c \u043d\u043e\u0441\u0438\u0442\u044c \u043a\u0430\u043a \u043f\u043e\u0432\u0441\u0435\u0434\u043d\u0435\u0432\u043d\u044b\u0435, \u0442\u0430\u043a \u0438 \u043b\u0435\u0442\u043d\u0438\u0435 \u0432\u0435\u0449\u0438.<\/p>\n<hr data-start=\"680\" data-end=\"683\" \/>\n<h3 data-start=\"685\" data-end=\"707\">\ud83e\uddf5 \u041c\u0430\u0442\u0435\u0440\u0438\u0430\u043b\u044c\u043d\u0430\u044f \u0438\u043d\u0444\u043e\u0440\u043c\u0430\u0446\u0438\u044f<img loading=\"lazy\" decoding=\"async\" class=\"wd-lazy-fade size-full wp-image-28000 alignright\" src=\"https:\/\/tuffhandicraft.com\/wp-content\/themes\/woodmart\/images\/lazy.svg\" data-src=\"https:\/\/tuffhandicraft.com\/wp-content\/uploads\/2021\/08\/footer-logo-1.png\" alt=\"Mega Boy Plaj \u00c7antas\u0131 \u2013 Geni\u015f Hacimli, El Yap\u0131m\u0131 ve Yazl\u0131k Stil\" width=\"220\" height=\"40\" title=\"\" srcset=\"\" data-srcset=\"https:\/\/tuffhandicraft.com\/wp-content\/uploads\/2021\/08\/footer-logo-1.png 220w, https:\/\/tuffhandicraft.com\/wp-content\/uploads\/2021\/08\/footer-logo-1-150x27.png 150w\" sizes=\"auto, (max-width: 220px) 100vw, 220px\" \/><\/h3>\n<p data-start=\"709\" data-end=\"882\">%100 do\u011fal ka\u011f\u0131t iplik ile \u00f6zenle elde \u00f6r\u00fclm\u00fc\u015ft\u00fcr. Nefes alabilir ve hafif yap\u0131s\u0131yla konfor sunarken, dayan\u0131kl\u0131l\u0131\u011f\u0131yla uzun \u00f6m\u00fcrl\u00fc kullan\u0131m sa\u011flar. Sentetik malzeme i\u00e7ermez.<\/p>\n<hr data-start=\"884\" data-end=\"887\" \/>\n<h3 data-start=\"889\" data-end=\"920\">\ud83c\udf3f \u041e\u0431\u043b\u0430\u0441\u0442\u044c \u043f\u0440\u0438\u043c\u0435\u043d\u0435\u043d\u0438\u044f \u0438 \u043a\u043e\u043c\u0444\u043e\u0440\u0442<\/h3>\n<ul data-start=\"922\" data-end=\"1167\">\n<li data-start=\"922\" data-end=\"1000\">\n<p data-start=\"924\" data-end=\"1000\"><a href=\"https:\/\/tuffhandicraft.com\/ru\/%d0%bf%d1%80%d0%be%d0%b4%d1%83%d0%ba%d1%82\/kagit-ip-buzgulu-omuz-cantasi\/\">\u0418\u0437 \u043f\u043b\u044f\u0436\u043d\u044b\u0445 \u0434\u043d\u0435\u0439<\/a> \u0418\u043c\u0435\u0435\u0442 \u0448\u0438\u0440\u043e\u043a\u0438\u0439 \u0441\u043f\u0435\u043a\u0442\u0440 \u043f\u0440\u0438\u043c\u0435\u043d\u0435\u043d\u0438\u044f: \u043e\u0442 \u0433\u043e\u0440\u043e\u0434\u0441\u043a\u0438\u0445 \u043f\u043e\u0435\u0437\u0434\u043e\u043a \u0434\u043e \u0437\u0430\u0433\u043e\u0440\u043e\u0434\u043d\u044b\u0445 \u043f\u0443\u0442\u0435\u0448\u0435\u0441\u0442\u0432\u0438\u0439.<\/p>\n<\/li>\n<li data-start=\"1001\" data-end=\"1103\">\n<p data-start=\"1003\" data-end=\"1103\">\u0411\u043b\u0430\u0433\u043e\u0434\u0430\u0440\u044f \u0431\u043e\u043b\u044c\u0448\u043e\u043c\u0443 \u043e\u0431\u044a\u0435\u043c\u0443 \u0432\u044b \u0441 \u043b\u0435\u0433\u043a\u043e\u0441\u0442\u044c\u044e \u0441\u043c\u043e\u0436\u0435\u0442\u0435 \u043f\u0435\u0440\u0435\u043d\u043e\u0441\u0438\u0442\u044c \u043f\u043b\u044f\u0436\u043d\u044b\u0435 \u043f\u043e\u043b\u043e\u0442\u0435\u043d\u0446\u0430, \u0441\u043e\u043b\u043d\u0446\u0435\u0437\u0430\u0449\u0438\u0442\u043d\u044b\u0439 \u043a\u0440\u0435\u043c, \u043a\u043d\u0438\u0433\u0438 \u0438 \u043c\u043d\u043e\u0433\u043e\u0435 \u0434\u0440\u0443\u0433\u043e\u0435.<\/p>\n<\/li>\n<li data-start=\"1104\" data-end=\"1167\">\n<p data-start=\"1106\" data-end=\"1167\">\u0411\u043b\u0430\u0433\u043e\u0434\u0430\u0440\u044f \u0441\u0432\u043e\u0435\u0439 \u043b\u0435\u0433\u043a\u043e\u0441\u0442\u0438 \u0435\u0433\u043e \u0443\u0434\u043e\u0431\u043d\u043e \u043d\u043e\u0441\u0438\u0442\u044c \u0432 \u0440\u0443\u043a\u0435 \u0438\u043b\u0438 \u043d\u0430 \u043f\u043b\u0435\u0447\u0435.<\/p>\n<\/li>\n<\/ul>\n<hr data-start=\"1169\" data-end=\"1172\" \/>\n<h3 data-start=\"1174\" data-end=\"1208\">\ud83c\udfa8 \u041f\u0440\u0435\u0434\u043b\u043e\u0436\u0435\u043d\u0438\u0435 \u0441\u0442\u0438\u043b\u044f \/ \u0418\u0434\u0435\u044f \u0441\u043e\u0447\u0435\u0442\u0430\u043d\u0438\u044f<\/h3>\n<p data-start=\"1210\" data-end=\"1377\">\u041e\u043d \u0438\u0434\u0435\u0430\u043b\u044c\u043d\u043e \u0441\u043e\u0447\u0435\u0442\u0430\u0435\u0442\u0441\u044f \u0441 \u0446\u0432\u0435\u0442\u043d\u044b\u043c\u0438 \u043f\u0430\u0440\u0435\u043e, \u043b\u044c\u043d\u044f\u043d\u044b\u043c\u0438 \u043f\u043b\u0430\u0442\u044c\u044f\u043c\u0438, \u0432\u044f\u0437\u0430\u043d\u044b\u043c\u0438 \u0448\u0430\u043f\u043a\u0430\u043c\u0438 \u0438 \u0441\u0430\u043d\u0434\u0430\u043b\u0438\u044f\u043c\u0438. \u041d\u0430\u0442\u0443\u0440\u0430\u043b\u044c\u043d\u044b\u0435 \u043e\u0442\u0442\u0435\u043d\u043a\u0438 \u0438 \u0432\u044f\u0437\u043a\u0430 \u0434\u0435\u043b\u0430\u044e\u0442 \u0435\u0433\u043e \u0438\u0434\u0435\u0430\u043b\u044c\u043d\u044b\u043c \u0434\u043e\u043f\u043e\u043b\u043d\u0435\u043d\u0438\u0435\u043c \u043a \u0431\u043e\u0445\u043e-\u0441\u0442\u0438\u043b\u044c\u043d\u044b\u043c \u0438 \u043b\u0435\u0442\u043d\u0438\u043c \u043d\u0430\u0440\u044f\u0434\u0430\u043c.<\/p>\n<p data-start=\"877\" data-end=\"1029\">\u0414\u043b\u044f \u0434\u0440\u0443\u0433\u0438\u0445 \u043c\u043e\u0434\u0435\u043b\u0435\u0439, \u043a\u043e\u0442\u043e\u0440\u044b\u0435 \u043c\u043e\u0433\u0443\u0442 \u043f\u043e\u0434\u043e\u0439\u0442\u0438 \u0432\u0430\u0448\u0435\u043c\u0443 \u0441\u0442\u0438\u043b\u044e \u0438 \u043d\u0435 \u0442\u043e\u043b\u044c\u043a\u043e, \u043f\u043e\u0441\u0435\u0442\u0438\u0442\u0435 Tuff\u00a0<a href=\"https:\/\/www.pinterest.com\/TuffHandicraft01\/\" target=\"_blank\" rel=\"noopener\">\u041f\u0438\u043d\u0442\u0435\u0440\u0435\u0441\u0442<\/a>\u00a0\u043f\u043e\u0441\u0435\u0442\u0438\u0442\u0435 \u043c\u0438\u0440.<\/p>\n<hr data-start=\"1379\" data-end=\"1382\" \/>\n<h3 data-start=\"1384\" data-end=\"1421\">\u267b\ufe0f \u0420\u0443\u0447\u043d\u0430\u044f \u0440\u0430\u0431\u043e\u0442\u0430 \u0438 \u044d\u043a\u043e\u043b\u043e\u0433\u0438\u0447\u043d\u043e\u0441\u0442\u044c<\/h3>\n<p data-start=\"1423\" data-end=\"1606\">\u041a\u0430\u0436\u0434\u0430\u044f \u0441\u0443\u043c\u043a\u0430 \u0438\u0437\u0433\u043e\u0442\u0430\u0432\u043b\u0438\u0432\u0430\u0435\u0442\u0441\u044f \u0432\u0440\u0443\u0447\u043d\u0443\u044e \u043f\u043e \u043f\u0440\u0438\u043d\u0446\u0438\u043f\u0443 \u00ab\u043c\u0435\u0434\u043b\u0435\u043d\u043d\u043e\u0439 \u043c\u043e\u0434\u044b\u00bb. \u042d\u0442\u043e \u043f\u0440\u043e\u0434\u0443\u043a\u0442 \u044d\u0442\u0438\u0447\u043d\u043e\u0433\u043e \u0438 \u044d\u043a\u043e\u043b\u043e\u0433\u0438\u0447\u043d\u043e\u0433\u043e \u043f\u0440\u043e\u0438\u0437\u0432\u043e\u0434\u0441\u0442\u0432\u0435\u043d\u043d\u043e\u0433\u043e \u043f\u0440\u043e\u0446\u0435\u0441\u0441\u0430, \u0434\u0430\u043b\u0451\u043a\u043e\u0433\u043e \u043e\u0442 \u043c\u0430\u0441\u0441\u043e\u0432\u043e\u0433\u043e \u043f\u0440\u043e\u0438\u0437\u0432\u043e\u0434\u0441\u0442\u0432\u0430. \u0411\u043b\u0430\u0433\u043e\u0434\u0430\u0440\u044f \u0440\u0443\u0447\u043d\u043e\u0439 \u0440\u0430\u0431\u043e\u0442\u0435 \u043a\u0430\u0436\u0434\u0430\u044f \u0441\u0443\u043c\u043a\u0430 \u0443\u043d\u0438\u043a\u0430\u043b\u044c\u043d\u0430.<\/p>\n<hr data-start=\"1608\" data-end=\"1611\" \/>\n<h3 data-start=\"1613\" data-end=\"1637\">\ud83e\uddfc \u0418\u043d\u0441\u0442\u0440\u0443\u043a\u0446\u0438\u0438 \u043f\u043e \u0443\u0445\u043e\u0434\u0443<\/h3>\n<ul data-start=\"1639\" data-end=\"1764\">\n<li data-start=\"1639\" data-end=\"1685\">\n<p data-start=\"1641\" data-end=\"1685\">\u0410\u043a\u043a\u0443\u0440\u0430\u0442\u043d\u043e \u043f\u0440\u043e\u0442\u0440\u0438\u0442\u0435 \u043f\u043e\u0432\u0435\u0440\u0445\u043d\u043e\u0441\u0442\u044c \u0432\u043b\u0430\u0436\u043d\u043e\u0439 \u0442\u043a\u0430\u043d\u044c\u044e.<\/p>\n<\/li>\n<li data-start=\"1686\" data-end=\"1709\">\n<p data-start=\"1688\" data-end=\"1709\">\u041d\u0435 \u0441\u0442\u0438\u0440\u0430\u0442\u044c \u0432 \u0441\u0442\u0438\u0440\u0430\u043b\u044c\u043d\u043e\u0439 \u043c\u0430\u0448\u0438\u043d\u0435.<\/p>\n<\/li>\n<li data-start=\"1710\" data-end=\"1764\">\n<p data-start=\"1712\" data-end=\"1764\">\u0421\u0443\u0448\u0438\u0442\u044c \u0432 \u043f\u043e\u0434\u0432\u0435\u0448\u0435\u043d\u043d\u043e\u043c \u0441\u043e\u0441\u0442\u043e\u044f\u043d\u0438\u0438, \u043d\u0435 \u043f\u043e\u0434\u0432\u0435\u0440\u0433\u0430\u044f \u0432\u043e\u0437\u0434\u0435\u0439\u0441\u0442\u0432\u0438\u044e \u043f\u0440\u044f\u043c\u044b\u0445 \u0441\u043e\u043b\u043d\u0435\u0447\u043d\u044b\u0445 \u043b\u0443\u0447\u0435\u0439.<\/p>\n<\/li>\n<\/ul>\n<hr data-start=\"1766\" data-end=\"1769\" \/>\n<h3 data-start=\"1771\" data-end=\"1802\">\u2728 \u041f\u043e\u0447\u0435\u043c\u0443 \u0432\u0430\u043c \u0441\u0442\u043e\u0438\u0442 \u0432\u044b\u0431\u0440\u0430\u0442\u044c \u0438\u043c\u0435\u043d\u043d\u043e \u044d\u0442\u043e?<\/h3>\n<ul data-start=\"1639\" data-end=\"1764\">\n<li data-start=\"1639\" data-end=\"1685\">\n<p data-start=\"1641\" data-end=\"1685\">\u0412\u044f\u0437\u0430\u043d\u044b\u0439 \u0438\u0437 \u043d\u0430\u0442\u0443\u0440\u0430\u043b\u044c\u043d\u043e\u0439 \u0431\u0443\u043c\u0430\u0436\u043d\u043e\u0439 \u0432\u0435\u0440\u0435\u0432\u043a\u0438<\/p>\n<\/li>\n<li data-start=\"1639\" data-end=\"1685\">\n<p data-start=\"1641\" data-end=\"1685\">\u0421\u0434\u0435\u043b\u0430\u043d\u043e \u0432\u0440\u0443\u0447\u043d\u0443\u044e \u0438 \u044d\u043a\u043e\u043b\u043e\u0433\u0438\u0447\u043d\u043e<\/p>\n<\/li>\n<li data-start=\"1710\" data-end=\"1764\">\n<p data-start=\"1712\" data-end=\"1764\">\u0427\u0440\u0435\u0437\u0432\u044b\u0447\u0430\u0439\u043d\u043e \u043f\u043e\u043b\u0435\u0437\u0435\u043d \u0431\u043b\u0430\u0433\u043e\u0434\u0430\u0440\u044f \u0441\u0432\u043e\u0435\u043c\u0443 \u043e\u0433\u0440\u043e\u043c\u043d\u043e\u043c\u0443 \u0440\u0430\u0437\u043c\u0435\u0440\u0443.<\/p>\n<\/li>\n<\/ul>","protected":false},"excerpt":{"rendered":"<p data-start=\"188\" data-end=\"372\">\u041d\u043e\u0441\u0438\u0442\u0435 \u0441 \u0441\u043e\u0431\u043e\u0439 \u0432\u0441\u0435 \u043d\u0435\u043e\u0431\u0445\u043e\u0434\u0438\u043c\u044b\u0435 \u043b\u0435\u0442\u043d\u0438\u0435 \u0432\u0435\u0449\u0438 \u0441\u0442\u0438\u043b\u044c\u043d\u043e \u0432 \u044d\u0442\u043e\u0439 \u0432\u043c\u0435\u0441\u0442\u0438\u0442\u0435\u043b\u044c\u043d\u043e\u0439 \u0438 \u043f\u0440\u0430\u043a\u0442\u0438\u0447\u043d\u043e\u0439 \u043f\u043b\u044f\u0436\u043d\u043e\u0439 \u0441\u0443\u043c\u043a\u0435, \u0441\u043f\u043b\u0435\u0442\u0451\u043d\u043d\u043e\u0439 \u0432\u0440\u0443\u0447\u043d\u0443\u044e \u0438\u0437 \u043d\u0430\u0442\u0443\u0440\u0430\u043b\u044c\u043d\u043e\u0439 \u0431\u0443\u043c\u0430\u0436\u043d\u043e\u0439 \u0432\u0435\u0440\u0451\u0432\u043a\u0438. \u041b\u0451\u0433\u043a\u0430\u044f, \u043f\u0440\u043e\u0447\u043d\u0430\u044f \u0438 \u044d\u043a\u043e\u043b\u043e\u0433\u0438\u0447\u043d\u0430\u044f \u043b\u0435\u0442\u043d\u044f\u044f \u043a\u043b\u0430\u0441\u0441\u0438\u043a\u0430.<\/p>","protected":false},"featured_media":28547,"comment_status":"open","ping_status":"closed","template":"","meta":[],"product_brand":[691],"product_cat":[686,724],"product_tag":[840,1293,1290,1040,1287,1288,1284,1286,769,810,1285,1291,1068,983,762,1289,1292,816],"class_list":{"0":"post-27614","1":"product","2":"type-product","3":"status-publish","4":"has-post-thumbnail","6":"product_brand-tuffhandicraft","7":"product_cat-canta","8":"product_cat-omuz-cantasi","9":"product_tag-bohem-canta","10":"product_tag-buyuk-boy-plaj-cantasi","11":"product_tag-buyuk-plaj-cantasi","12":"product_tag-cevre-dostu-canta","13":"product_tag-dogal-ip-canta","14":"product_tag-el-isi-canta","15":"product_tag-el-yapimi-plaj-cantasi","16":"product_tag-genis-plaj-cantasi","17":"product_tag-hediye-fikirleri","18":"product_tag-kagit-ip-canta","19":"product_tag-mega-boy-canta","20":"product_tag-orgu-plaj-cantasi","21":"product_tag-plaj-stili","22":"product_tag-rafya-canta","23":"product_tag-surdurulebilir-moda","24":"product_tag-yaz-stili","25":"product_tag-yazlik-aksesuar","26":"product_tag-yazlik-canta","28":"first","29":"instock","30":"sale","31":"taxable","32":"shipping-taxable","33":"purchasable","34":"product-type-simple"},"_links":{"self":[{"href":"https:\/\/tuffhandicraft.com\/ru\/wp-json\/wp\/v2\/product\/27614","targetHints":{"allow":["GET"]}}],"collection":[{"href":"https:\/\/tuffhandicraft.com\/ru\/wp-json\/wp\/v2\/product"}],"about":[{"href":"https:\/\/tuffhandicraft.com\/ru\/wp-json\/wp\/v2\/types\/product"}],"replies":[{"embeddable":true,"href":"https:\/\/tuffhandicraft.com\/ru\/wp-json\/wp\/v2\/comments?post=27614"}],"version-history":[{"count":1,"href":"https:\/\/tuffhandicraft.com\/ru\/wp-json\/wp\/v2\/product\/27614\/revisions"}],"predecessor-version":[{"id":30280,"href":"https:\/\/tuffhandicraft.com\/ru\/wp-json\/wp\/v2\/product\/27614\/revisions\/30280"}],"wp:featuredmedia":[{"embeddable":true,"href":"https:\/\/tuffhandicraft.com\/ru\/wp-json\/wp\/v2\/media\/28547"}],"wp:attachment":[{"href":"https:\/\/tuffhandicraft.com\/ru\/wp-json\/wp\/v2\/media?parent=27614"}],"wp:term":[{"taxonomy":"product_brand","embeddable":true,"href":"https:\/\/tuffhandicraft.com\/ru\/wp-json\/wp\/v2\/product_brand?post=27614"},{"taxonomy":"product_cat","embeddable":true,"href":"https:\/\/tuffhandicraft.com\/ru\/wp-json\/wp\/v2\/product_cat?post=27614"},{"taxonomy":"product_tag","embeddable":true,"href":"https:\/\/tuffhandicraft.com\/ru\/wp-json\/wp\/v2\/product_tag?post=27614"}],"curies":[{"name":"wp","href":"https:\/\/api.w.org\/{rel}","templated":true}]}}