{"id":27615,"date":"2025-05-11T00:24:02","date_gmt":"2025-05-10T21:24:02","guid":{"rendered":"https:\/\/tasarim.yusufkecici.com.tr\/urun\/carousel-sliced-bucket-hat-crochet-bucket-hat-unique-design-hats-for-woman-cute-crochet-sun-hat-pink-bucket-beanie-summer-gift\/"},"modified":"2025-08-10T16:04:16","modified_gmt":"2025-08-10T13:04:16","slug":"dilimli-bucket-sapka-carousel","status":"publish","type":"product","link":"https:\/\/tuffhandicraft.com\/ru\/magaza\/aksesuarlar\/sapka\/dilimli-bucket-sapka-carousel\/","title":{"rendered":"\u041f\u0430\u043d\u0430\u043c\u0430 \u0441 \u0441\u0435\u0433\u043c\u0435\u043d\u0442\u0430\u043c\u0438 \u2013 Carousel, \u0434\u043b\u044f \u043b\u0435\u0442\u0430 \u0438 \u0432\u0435\u0441\u043d\u044b"},"content":{"rendered":"<h3 data-start=\"137\" data-end=\"168\">\ud83c\udfa8 \u0421\u0435\u0433\u043c\u0435\u043d\u0442\u0438\u0440\u043e\u0432\u0430\u043d\u043d\u0430\u044f \u043f\u0430\u043d\u0430\u043c\u0430 \u2014 \u041a\u0430\u0440\u0443\u0441\u0435\u043b\u044c, \u0434\u043b\u044f \u043b\u0435\u0442\u0430 \u0438 \u0432\u0435\u0441\u043d\u044b<\/h3>\n<p data-start=\"169\" data-end=\"355\">\u041f\u0430\u043d\u0430\u043c\u0430 Sliced Bucket Hat \u0434\u043e\u0431\u0430\u0432\u0438\u0442 \u044d\u043d\u0435\u0440\u0433\u0438\u0438 \u043b\u0435\u0442\u0443 \u0438 \u0432\u0435\u0441\u043d\u0435 \u0431\u043b\u0430\u0433\u043e\u0434\u0430\u0440\u044f \u0441\u0432\u043e\u0435\u043c\u0443 \u043a\u0430\u0440\u0443\u0441\u0435\u043b\u044c\u043d\u043e\u043c\u0443 \u043a\u0440\u043e\u044e. \u042d\u0442\u0430 \u0448\u043b\u044f\u043f\u0430, \u0441\u0432\u044f\u0437\u0430\u043d\u043d\u0430\u044f \u0432\u0440\u0443\u0447\u043d\u0443\u044e \u043a\u0440\u044e\u0447\u043a\u043e\u043c, \u043f\u0440\u0438\u0432\u043d\u0435\u0441\u0435\u0442 \u043e\u0440\u0438\u0433\u0438\u043d\u0430\u043b\u044c\u043d\u043e\u0441\u0442\u044c \u0438 \u044f\u0440\u043a\u043e\u0441\u0442\u044c \u0432 \u0432\u0430\u0448 \u043e\u0431\u0440\u0430\u0437.<\/p>\n<hr data-start=\"357\" data-end=\"360\" \/>\n<h3 data-start=\"362\" data-end=\"386\">\ud83e\uddf6 \u041c\u0430\u0442\u0435\u0440\u0438\u0430\u043b\u044c\u043d\u0430\u044f \u0438\u043d\u0444\u043e\u0440\u043c\u0430\u0446\u0438\u044f<img loading=\"lazy\" decoding=\"async\" class=\"wd-lazy-fade size-full wp-image-28000 alignright\" style=\"color: #333333; font-size: 16px;\" src=\"https:\/\/tuffhandicraft.com\/wp-content\/themes\/woodmart\/images\/lazy.svg\" data-src=\"https:\/\/tuffhandicraft.com\/wp-content\/uploads\/2021\/08\/footer-logo-1.png\" alt=\" \u041f\u0430\u043d\u0430\u043c\u0430 \u0441 \u0441\u0435\u0433\u043c\u0435\u043d\u0442\u0430\u043c\u0438 \u2013 Carousel, \u0434\u043b\u044f \u043b\u0435\u0442\u0430 \u0438 \u0432\u0435\u0441\u043d\u044b\" width=\"220\" height=\"40\" title=\"\" srcset=\"\" data-srcset=\"https:\/\/tuffhandicraft.com\/wp-content\/uploads\/2021\/08\/footer-logo-1.png 220w, https:\/\/tuffhandicraft.com\/wp-content\/uploads\/2021\/08\/footer-logo-1-150x27.png 150w\" sizes=\"auto, (max-width: 220px) 100vw, 220px\" \/><\/h3>\n<p data-start=\"387\" data-end=\"570\">%100 pamuk iplikten \u00f6zenle \u00f6r\u00fclm\u00fc\u015ft\u00fcr. Nefes alan yap\u0131s\u0131 sayesinde <a href=\"https:\/\/tuffhandicraft.com\/ru\/%d0%bf%d1%80%d0%be%d0%b4%d1%83%d0%ba%d1%82\/damali-bucket-sapka-pembe\/\">\u0432 \u0436\u0430\u0440\u043a\u0443\u044e \u043f\u043e\u0433\u043e\u0434\u0443<\/a> \u041e\u0431\u0435\u0441\u043f\u0435\u0447\u0438\u0432\u0430\u0435\u0442 \u043a\u043e\u043c\u0444\u043e\u0440\u0442. \u041c\u044f\u0433\u043a\u0430\u044f \u0442\u0435\u043a\u0441\u0442\u0443\u0440\u0430 \u043f\u0440\u0438\u044f\u0442\u043d\u0430 \u0434\u043b\u044f \u043a\u043e\u0436\u0438 \u0438 \u0434\u043e\u043b\u0433\u043e\u0432\u0435\u0447\u043d\u0430, \u0447\u0442\u043e \u043f\u043e\u0437\u0432\u043e\u043b\u044f\u0435\u0442 \u0438\u0441\u043f\u043e\u043b\u044c\u0437\u043e\u0432\u0430\u0442\u044c \u0441\u0440\u0435\u0434\u0441\u0442\u0432\u043e \u0432 \u0442\u0435\u0447\u0435\u043d\u0438\u0435 \u0434\u043b\u0438\u0442\u0435\u043b\u044c\u043d\u043e\u0433\u043e \u0432\u0440\u0435\u043c\u0435\u043d\u0438.<\/p>\n<hr data-start=\"572\" data-end=\"575\" \/>\n<h3 data-start=\"577\" data-end=\"609\">\u2600\ufe0f \u0418\u0434\u0435\u0430\u043b\u044c\u043d\u043e \u043f\u043e\u0434\u0445\u043e\u0434\u0438\u0442 \u0434\u043b\u044f \u043b\u0435\u0442\u0430 \u0438 \u0432\u0435\u0441\u043d\u044b<\/h3>\n<p data-start=\"610\" data-end=\"768\">\u0418\u0434\u0435\u0430\u043b\u044c\u043d\u044b\u0439 \u0432\u044b\u0431\u043e\u0440 \u0434\u043b\u044f \u0442\u0435\u0445, \u043a\u0442\u043e \u0445\u043e\u0447\u0435\u0442 \u0437\u0430\u0449\u0438\u0442\u0438\u0442\u044c \u0441\u0435\u0431\u044f \u043e\u0442 \u0441\u043e\u043b\u043d\u0446\u0430, \u043d\u0435 \u0436\u0435\u0440\u0442\u0432\u0443\u044f \u0441\u0442\u0438\u043b\u0435\u043c. \u041b\u0451\u0433\u043a\u0430\u044f \u0438 \u0434\u044b\u0448\u0430\u0449\u0430\u044f \u043a\u043e\u043d\u0441\u0442\u0440\u0443\u043a\u0446\u0438\u044f \u043f\u043e\u043c\u043e\u0436\u0435\u0442 \u0441\u043e\u0445\u0440\u0430\u043d\u0438\u0442\u044c \u0441\u0432\u0435\u0436\u0435\u0441\u0442\u044c \u0432 \u0436\u0430\u0440\u043a\u0438\u0435 \u0434\u043d\u0438.<\/p>\n<p data-start=\"877\" data-end=\"1029\">\u0414\u043b\u044f \u0434\u0440\u0443\u0433\u0438\u0445 \u043c\u043e\u0434\u0435\u043b\u0435\u0439, \u043a\u043e\u0442\u043e\u0440\u044b\u0435 \u043c\u043e\u0433\u0443\u0442 \u043f\u043e\u0434\u043e\u0439\u0442\u0438 \u0432\u0430\u0448\u0435\u043c\u0443 \u0441\u0442\u0438\u043b\u044e \u0438 \u043d\u0435 \u0442\u043e\u043b\u044c\u043a\u043e, \u043f\u043e\u0441\u0435\u0442\u0438\u0442\u0435 Tuff\u00a0<a href=\"https:\/\/www.pinterest.com\/TuffHandicraft01\/\" target=\"_blank\" rel=\"noopener\">\u041f\u0438\u043d\u0442\u0435\u0440\u0435\u0441\u0442<\/a>\u00a0\u043f\u043e\u0441\u0435\u0442\u0438\u0442\u0435 \u043c\u0438\u0440.<\/p>\n<hr data-start=\"770\" data-end=\"773\" \/>\n<h3 data-start=\"775\" data-end=\"813\">\u267b\ufe0f \u0420\u0443\u0447\u043d\u0430\u044f \u0440\u0430\u0431\u043e\u0442\u0430 \u0438 \u044d\u043a\u043e\u043b\u043e\u0433\u0438\u0447\u043d\u043e\u0441\u0442\u044c<\/h3>\n<p data-start=\"814\" data-end=\"942\">\u0418\u0437\u0433\u043e\u0442\u043e\u0432\u043b\u0435\u043d\u043d\u044b\u0439 \u0432\u0440\u0443\u0447\u043d\u0443\u044e \u0441 \u0438\u0441\u043f\u043e\u043b\u044c\u0437\u043e\u0432\u0430\u043d\u0438\u0435\u043c \u044d\u043a\u043e\u043b\u043e\u0433\u0438\u0447\u043d\u044b\u0445 \u043c\u0435\u0442\u043e\u0434\u043e\u0432 \u0438 \u0432 \u0441\u043e\u043e\u0442\u0432\u0435\u0442\u0441\u0442\u0432\u0438\u0438 \u0441 \u043f\u0440\u0438\u043d\u0446\u0438\u043f\u0430\u043c\u0438 \u00ab\u043c\u0435\u0434\u043b\u0435\u043d\u043d\u043e\u0439 \u043c\u043e\u0434\u044b\u00bb, \u043e\u043d \u044f\u0432\u043b\u044f\u0435\u0442\u0441\u044f \u044d\u043a\u043e\u043b\u043e\u0433\u0438\u0447\u0435\u0441\u043a\u0438 \u0447\u0438\u0441\u0442\u044b\u043c, \u0434\u043e\u043b\u0433\u043e\u0432\u0435\u0447\u043d\u044b\u043c \u0438 \u044d\u0442\u0438\u0447\u043d\u044b\u043c \u043f\u0440\u043e\u0434\u0443\u043a\u0442\u043e\u043c.<\/p>\n<hr data-start=\"944\" data-end=\"947\" \/>\n<h3 data-start=\"949\" data-end=\"975\">\ud83e\uddfc \u0418\u043d\u0441\u0442\u0440\u0443\u043a\u0446\u0438\u0438 \u043f\u043e \u0443\u0445\u043e\u0434\u0443<\/h3>\n<p data-start=\"976\" data-end=\"1108\">\u0420\u0435\u043a\u043e\u043c\u0435\u043d\u0434\u0443\u0435\u0442\u0441\u044f \u0440\u0443\u0447\u043d\u0430\u044f \u0441\u0442\u0438\u0440\u043a\u0430 \u0432 \u0445\u043e\u043b\u043e\u0434\u043d\u043e\u0439 \u0432\u043e\u0434\u0435. \u041d\u0435 \u043e\u0442\u0431\u0435\u043b\u0438\u0432\u0430\u0442\u044c \u0438 \u0441\u0443\u0448\u0438\u0442\u044c \u043d\u0430 \u0433\u043e\u0440\u0438\u0437\u043e\u043d\u0442\u0430\u043b\u044c\u043d\u043e\u0439 \u043f\u043e\u0432\u0435\u0440\u0445\u043d\u043e\u0441\u0442\u0438. \u0427\u0442\u043e\u0431\u044b \u0441\u043e\u0445\u0440\u0430\u043d\u0438\u0442\u044c \u0444\u043e\u0440\u043c\u0443 \u0448\u043b\u044f\u043f\u044b, \u043d\u0435 \u0433\u043b\u0430\u0434\u0438\u0442\u044c.<\/p>\n<hr data-start=\"1110\" data-end=\"1113\" \/>\n<h3 data-start=\"1115\" data-end=\"1159\">\u2728 \u041f\u043e\u0447\u0435\u043c\u0443 \u0432\u0430\u043c \u0441\u0442\u043e\u0438\u0442 \u0432\u044b\u0431\u0440\u0430\u0442\u044c \u044d\u0442\u0443 \u0448\u043b\u044f\u043f\u0443?<\/h3>\n<ul data-start=\"1160\" data-end=\"1343\">\n<li data-start=\"1160\" data-end=\"1188\">\n<p data-start=\"1162\" data-end=\"1188\">\u0420\u0443\u0447\u043d\u0430\u044f \u0440\u0430\u0431\u043e\u0442\u0430, \u043e\u0440\u0438\u0433\u0438\u043d\u0430\u043b\u044c\u043d\u044b\u0439 \u0434\u0438\u0437\u0430\u0439\u043d<\/p>\n<\/li>\n<li data-start=\"1189\" data-end=\"1231\">\n<p data-start=\"1191\" data-end=\"1231\">\u0421\u0442\u0438\u043b\u044c\u043d\u044b\u0439, \u0441 \u044f\u0440\u043a\u0438\u043c\u0438 \u043a\u0430\u0440\u0443\u0441\u0435\u043b\u044c\u043d\u044b\u043c\u0438 \u0446\u0432\u0435\u0442\u0430\u043c\u0438<\/p>\n<\/li>\n<li data-start=\"1232\" data-end=\"1264\">\n<p data-start=\"1234\" data-end=\"1264\">\u0423\u0434\u043e\u0431\u043d\u044b\u0439 \u0438 \u0434\u044b\u0448\u0430\u0449\u0438\u0439 \u043c\u0430\u0442\u0435\u0440\u0438\u0430\u043b<\/p>\n<\/li>\n<li data-start=\"1265\" data-end=\"1299\">\n<p data-start=\"1267\" data-end=\"1299\">\u0418\u0434\u0435\u0430\u043b\u044c\u043d\u043e \u043f\u043e\u0434\u0445\u043e\u0434\u0438\u0442 \u0434\u043b\u044f \u043b\u0435\u0442\u043d\u0438\u0445 \u0438 \u0432\u0435\u0441\u0435\u043d\u043d\u0438\u0445 \u043c\u0435\u0441\u044f\u0446\u0435\u0432.<\/p>\n<\/li>\n<li data-start=\"1300\" data-end=\"1343\">\n<p data-start=\"1302\" data-end=\"1343\">\u041f\u0440\u043e\u0438\u0437\u0432\u0435\u0434\u0435\u043d\u043e \u0441 \u0438\u0441\u043f\u043e\u043b\u044c\u0437\u043e\u0432\u0430\u043d\u0438\u0435\u043c \u043f\u043e\u0434\u0445\u043e\u0434\u0430 \u0443\u0441\u0442\u043e\u0439\u0447\u0438\u0432\u043e\u0439 \u043c\u043e\u0434\u044b<\/p>\n<\/li>\n<\/ul>","protected":false},"excerpt":{"rendered":"<p data-start=\"102\" data-end=\"202\">\u0412\u044f\u0437\u0430\u043d\u0430\u044f \u043a\u0440\u044e\u0447\u043a\u043e\u043c \u043f\u0430\u043d\u0430\u043c\u043a\u0430 \u044f\u0440\u043a\u0438\u0445 \u0446\u0432\u0435\u0442\u043e\u0432. \u042d\u043b\u0435\u0433\u0430\u043d\u0442\u043d\u043e\u0441\u0442\u044c \u0438 \u043a\u043e\u043c\u0444\u043e\u0440\u0442 \u043b\u0435\u0442\u043e\u043c \u0438 \u0432\u0435\u0441\u043d\u043e\u0439.<\/p>","protected":false},"featured_media":28532,"comment_status":"open","ping_status":"closed","template":"","meta":[],"product_brand":[691],"product_cat":[693,711],"product_tag":[1282,1280,938,1279,939,769,946,1281,1283,949,940,1026,762,878,944],"class_list":{"0":"post-27615","1":"product","2":"type-product","3":"status-publish","4":"has-post-thumbnail","6":"product_brand-tuffhandicraft","7":"product_cat-sapka","8":"product_cat-aksesuarlar","9":"product_tag-atlikarinca","10":"product_tag-baharlik-sapka","11":"product_tag-bucket-sapka","12":"product_tag-dilimli-sapka","13":"product_tag-el-yapimi-sapka","14":"product_tag-hediye-fikirleri","15":"product_tag-orgu-aksesuar","16":"product_tag-pasta-dilimi","17":"product_tag-plaj","18":"product_tag-rahat-sapka","19":"product_tag-renkli-sapka","20":"product_tag-summer-outfit","21":"product_tag-surdurulebilir-moda","22":"product_tag-tig-isi-sapka","23":"product_tag-yazlik-sapka","25":"first","26":"instock","27":"taxable","28":"shipping-taxable","29":"purchasable","30":"product-type-simple"},"_links":{"self":[{"href":"https:\/\/tuffhandicraft.com\/ru\/wp-json\/wp\/v2\/product\/27615","targetHints":{"allow":["GET"]}}],"collection":[{"href":"https:\/\/tuffhandicraft.com\/ru\/wp-json\/wp\/v2\/product"}],"about":[{"href":"https:\/\/tuffhandicraft.com\/ru\/wp-json\/wp\/v2\/types\/product"}],"replies":[{"embeddable":true,"href":"https:\/\/tuffhandicraft.com\/ru\/wp-json\/wp\/v2\/comments?post=27615"}],"version-history":[{"count":0,"href":"https:\/\/tuffhandicraft.com\/ru\/wp-json\/wp\/v2\/product\/27615\/revisions"}],"wp:featuredmedia":[{"embeddable":true,"href":"https:\/\/tuffhandicraft.com\/ru\/wp-json\/wp\/v2\/media\/28532"}],"wp:attachment":[{"href":"https:\/\/tuffhandicraft.com\/ru\/wp-json\/wp\/v2\/media?parent=27615"}],"wp:term":[{"taxonomy":"product_brand","embeddable":true,"href":"https:\/\/tuffhandicraft.com\/ru\/wp-json\/wp\/v2\/product_brand?post=27615"},{"taxonomy":"product_cat","embeddable":true,"href":"https:\/\/tuffhandicraft.com\/ru\/wp-json\/wp\/v2\/product_cat?post=27615"},{"taxonomy":"product_tag","embeddable":true,"href":"https:\/\/tuffhandicraft.com\/ru\/wp-json\/wp\/v2\/product_tag?post=27615"}],"curies":[{"name":"wp","href":"https:\/\/api.w.org\/{rel}","templated":true}]}}