{"id":27631,"date":"2025-05-11T00:24:16","date_gmt":"2025-05-10T21:24:16","guid":{"rendered":"https:\/\/tasarim.yusufkecici.com.tr\/urun\/handmade-crochet-cardigan-with-floral-patterns-retro-inspired-patchwork-jacket-boho-long-knit-coat-unique-cozy-cardigan-gift-for-her\/"},"modified":"2026-02-18T11:23:59","modified_gmt":"2026-02-18T08:23:59","slug":"3d-cicekli-motif-hirka","status":"publish","type":"product","link":"https:\/\/tuffhandicraft.com\/ru\/magaza\/hirka\/3d-cicekli-motif-hirka\/","title":{"rendered":"\u041a\u0430\u0440\u0434\u0438\u0433\u0430\u043d \u0441 3D-\u0446\u0432\u0435\u0442\u043e\u0447\u043d\u044b\u043c \u043c\u043e\u0442\u0438\u0432\u043e\u043c | 30 \u0447\u0430\u0441\u043e\u0432 \u0440\u0443\u043a\u043e\u0434\u0435\u043b\u0438\u044f"},"content":{"rendered":"<h3 data-start=\"143\" data-end=\"224\">\ud83e\uddf6 <strong data-start=\"150\" data-end=\"222\">\u041a\u0430\u0440\u0434\u0438\u0433\u0430\u043d \u0441 3D-\u0446\u0432\u0435\u0442\u043e\u0447\u043d\u044b\u043c \u043c\u043e\u0442\u0438\u0432\u043e\u043c \u2013 \u0440\u0443\u0447\u043d\u0430\u044f \u0440\u0430\u0431\u043e\u0442\u0430, \u044f\u0440\u043a\u0438\u0435 \u0446\u0432\u0435\u0442\u0430, \u0443\u043d\u0438\u0441\u0435\u043a\u0441, \u0441\u0435\u0437\u043e\u043d\u043d\u044b\u0439<\/strong><\/h3>\n<p data-start=\"225\" data-end=\"580\">\ud83c\udf38 \u0421\u043f\u0435\u0446\u0438\u0430\u043b\u044c\u043d\u044b\u0439 \u0434\u0438\u0437\u0430\u0439\u043d \u0441 \u043e\u0431\u044a\u0435\u043c\u043d\u044b\u043c\u0438 \u0446\u0432\u0435\u0442\u043e\u0447\u043d\u044b\u043c\u0438 \u0434\u0435\u0442\u0430\u043b\u044f\u043c\u0438<br data-start=\"270\" data-end=\"273\" \/>\u042d\u0442\u043e\u0442 \u043a\u0430\u0440\u0434\u0438\u0433\u0430\u043d \u0440\u0443\u0447\u043d\u043e\u0439 \u0440\u0430\u0431\u043e\u0442\u044b \u0441 \u043e\u0431\u044a\u0451\u043c\u043d\u044b\u043c \u0446\u0432\u0435\u0442\u043e\u0447\u043d\u044b\u043c \u043c\u043e\u0442\u0438\u0432\u043e\u043c \u043e\u0431\u043b\u0430\u0434\u0430\u0435\u0442 \u0443\u043d\u0438\u043a\u0430\u043b\u044c\u043d\u043e\u0439 \u044d\u043b\u0435\u0433\u0430\u043d\u0442\u043d\u043e\u0441\u0442\u044c\u044e \u0431\u043b\u0430\u0433\u043e\u0434\u0430\u0440\u044f \u044f\u0440\u043a\u0438\u043c \u0446\u0432\u0435\u0442\u0430\u043c \u0438 \u043e\u0431\u044a\u0451\u043c\u043d\u043e\u0439 \u0432\u044b\u0448\u0438\u0432\u043a\u0435. \u0415\u0433\u043e \u0434\u0438\u0437\u0430\u0439\u043d, \u0441\u043e\u0447\u0435\u0442\u0430\u044e\u0449\u0438\u0439 \u0432 \u0441\u0435\u0431\u0435 \u044d\u043b\u0435\u043c\u0435\u043d\u0442\u044b \u0431\u043e\u0445\u043e \u0438 \u0432\u0438\u043d\u0442\u0430\u0436\u0430, \u0441\u0442\u0430\u043d\u0435\u0442 \u043b\u044e\u0431\u0438\u043c\u044b\u043c \u043f\u0440\u0435\u0434\u043c\u0435\u0442\u043e\u043c \u0432\u0430\u0448\u0435\u0433\u043e \u0437\u0438\u043c\u043d\u0435\u0433\u043e \u0438 \u0432\u0435\u0441\u0435\u043d\u043d\u0435\u0433\u043e \u0433\u0430\u0440\u0434\u0435\u0440\u043e\u0431\u0430. \u0411\u043b\u0430\u0433\u043e\u0434\u0430\u0440\u044f \u0443\u043d\u0438\u0441\u0435\u043a\u0441-\u043a\u0440\u043e\u044e \u043e\u043d \u0443\u043d\u0438\u0432\u0435\u0440\u0441\u0430\u043b\u0435\u043d \u0438 \u043f\u043e\u0434\u0445\u043e\u0434\u0438\u0442 \u0432\u0441\u0435\u043c.<\/p>\n<hr data-start=\"582\" data-end=\"585\" \/>\n<h3 data-start=\"587\" data-end=\"615\">\ud83e\uddf5 <strong data-start=\"594\" data-end=\"613\">\u0421\u0443\u0449\u0435\u0441\u0442\u0432\u0435\u043d\u043d\u0430\u044f \u0438\u043d\u0444\u043e\u0440\u043c\u0430\u0446\u0438\u044f<\/strong><img loading=\"lazy\" decoding=\"async\" class=\"wd-lazy-fade size-full wp-image-28000 alignright\" src=\"https:\/\/tuffhandicraft.com\/wp-content\/themes\/woodmart\/images\/lazy.svg\" data-src=\"https:\/\/tuffhandicraft.com\/wp-content\/uploads\/2021\/08\/footer-logo-1.png\" alt=\"3D \u00c7i\u00e7ekli Motif H\u0131rka\" width=\"220\" height=\"40\" title=\"\" srcset=\"\" data-srcset=\"https:\/\/tuffhandicraft.com\/wp-content\/uploads\/2021\/08\/footer-logo-1.png 220w, https:\/\/tuffhandicraft.com\/wp-content\/uploads\/2021\/08\/footer-logo-1-150x27.png 150w\" sizes=\"auto, (max-width: 220px) 100vw, 220px\" \/><\/h3>\n<p data-start=\"616\" data-end=\"836\">\u041c\u044f\u0433\u043a\u0438\u0439 \u0438 \u0434\u044b\u0448\u0430\u0449\u0438\u0439 <a href=\"https:\/\/tuffhandicraft.com\/ru\/%d0%bf%d1%80%d0%be%d0%b4%d1%83%d0%ba%d1%82\/lgbtq-pride-suveter\/\">\u0438\u0437 \u043d\u0430\u0442\u0443\u0440\u0430\u043b\u044c\u043d\u044b\u0445 \u0432\u043e\u043b\u043e\u043a\u043e\u043d<\/a> \u0418\u0437\u0434\u0435\u043b\u0438\u0435 \u0438\u0437\u0433\u043e\u0442\u043e\u0432\u043b\u0435\u043d\u043e \u0432\u0440\u0443\u0447\u043d\u0443\u044e. \u041d\u0438\u0442\u0438, \u0438\u0441\u043f\u043e\u043b\u044c\u0437\u0443\u0435\u043c\u044b\u0435 \u0432 \u0438\u0437\u0434\u0435\u043b\u0438\u0438, \u043e\u0431\u0435\u0441\u043f\u0435\u0447\u0438\u0432\u0430\u044e\u0442 \u0434\u043e\u043b\u0433\u043e\u0432\u0435\u0447\u043d\u043e\u0441\u0442\u044c \u0438 \u0434\u043e\u043f\u043e\u043b\u043d\u0438\u0442\u0435\u043b\u044c\u043d\u044b\u0439 \u043a\u043e\u043c\u0444\u043e\u0440\u0442. \u042d\u0442\u043e \u043f\u043e\u043b\u0435\u0437\u043d\u044b\u0439 \u0434\u043b\u044f \u0437\u0434\u043e\u0440\u043e\u0432\u044c\u044f \u0438 \u043f\u0440\u0438\u044f\u0442\u043d\u044b\u0439 \u0434\u043b\u044f \u043a\u043e\u0436\u0438 \u043f\u0440\u043e\u0434\u0443\u043a\u0442, \u043d\u0435 \u0441\u043e\u0434\u0435\u0440\u0436\u0430\u0449\u0438\u0439 \u0441\u0438\u043d\u0442\u0435\u0442\u0438\u0447\u0435\u0441\u043a\u0438\u0445 \u043c\u0430\u0442\u0435\u0440\u0438\u0430\u043b\u043e\u0432.<\/p>\n<hr data-start=\"838\" data-end=\"841\" \/>\n<h3 data-start=\"843\" data-end=\"880\">\ud83d\udc52 <strong data-start=\"850\" data-end=\"878\">\u041e\u0431\u043b\u0430\u0441\u0442\u044c \u043f\u0440\u0438\u043c\u0435\u043d\u0435\u043d\u0438\u044f \u0438 \u043a\u043e\u043c\u0444\u043e\u0440\u0442<\/strong><\/h3>\n<p data-start=\"881\" data-end=\"1077\">\u042d\u0442\u043e\u0442 \u043a\u0430\u0440\u0434\u0438\u0433\u0430\u043d \u0441 \u043e\u0431\u044a\u0451\u043c\u043d\u044b\u043c \u0446\u0432\u0435\u0442\u043e\u0447\u043d\u044b\u043c \u0443\u0437\u043e\u0440\u043e\u043c \u0438\u0434\u0435\u0430\u043b\u044c\u043d\u043e \u043f\u043e\u0434\u043e\u0439\u0434\u0451\u0442 \u043a\u0430\u043a \u043d\u0430 \u043a\u0430\u0436\u0434\u044b\u0439 \u0434\u0435\u043d\u044c, \u0442\u0430\u043a \u0438 \u0434\u043b\u044f \u0441\u0442\u0438\u043b\u044c\u043d\u043e\u0433\u043e \u043c\u0435\u0440\u043e\u043f\u0440\u0438\u044f\u0442\u0438\u044f. \u0415\u0433\u043e \u043b\u0451\u0433\u043a\u0438\u0439 \u0441\u0432\u043e\u0431\u043e\u0434\u043d\u044b\u0439 \u043a\u0440\u043e\u0439 \u043e\u0431\u0435\u0441\u043f\u0435\u0447\u0438\u0432\u0430\u0435\u0442 \u0441\u0432\u043e\u0431\u043e\u0434\u0443 \u0434\u0432\u0438\u0436\u0435\u043d\u0438\u0439 \u0438 \u043a\u043e\u043c\u0444\u043e\u0440\u0442 \u0432 \u0442\u0435\u0447\u0435\u043d\u0438\u0435 \u0432\u0441\u0435\u0433\u043e \u0434\u043d\u044f.<\/p>\n<hr data-start=\"1079\" data-end=\"1082\" \/>\n<h3 data-start=\"1084\" data-end=\"1109\">\ud83c\udfa8 <strong data-start=\"1091\" data-end=\"1107\">\u041f\u0440\u0435\u0434\u043b\u043e\u0436\u0435\u043d\u0438\u0435 \u0441\u0442\u0438\u043b\u044f<\/strong><\/h3>\n<p data-start=\"1110\" data-end=\"1299\">\u0421\u043e\u0437\u0434\u0430\u0439\u0442\u0435 \u043f\u043e\u0432\u0441\u0435\u0434\u043d\u0435\u0432\u043d\u044b\u0439 \u043e\u0431\u0440\u0430\u0437 \u0441 \u043f\u0440\u043e\u0441\u0442\u044b\u043c\u0438 \u0444\u0443\u0442\u0431\u043e\u043b\u043a\u0430\u043c\u0438 \u0438 \u0434\u0436\u0438\u043d\u0441\u0430\u043c\u0438 \u0438\u043b\u0438 \u0434\u043e\u0431\u0430\u0432\u044c\u0442\u0435 \u0431\u043e\u0433\u0435\u043c\u043d\u043e\u0433\u043e \u043d\u0430\u0441\u0442\u0440\u043e\u0435\u043d\u0438\u044f \u0441 \u043f\u043e\u043c\u043e\u0449\u044c\u044e \u044f\u0440\u043a\u0438\u0445 \u043f\u043b\u0430\u0442\u044c\u0435\u0432. \u0418\u0434\u0435\u0430\u043b\u044c\u043d\u044b\u0439 \u0432\u044b\u0431\u043e\u0440 \u0434\u043b\u044f \u043f\u043e\u043a\u043b\u043e\u043d\u043d\u0438\u043a\u043e\u0432 \u00ab\u043c\u0435\u0434\u043b\u0435\u043d\u043d\u043e\u0439 \u043c\u043e\u0434\u044b\u00bb \u0438 \u0432\u0438\u043d\u0442\u0430\u0436\u043d\u043e\u0433\u043e \u0441\u0442\u0438\u043b\u044f.<\/p>\n<p>\u0414\u043b\u044f \u0434\u0440\u0443\u0433\u0438\u0445 \u043c\u043e\u0434\u0435\u043b\u0435\u0439, \u043a\u043e\u0442\u043e\u0440\u044b\u0435 \u043c\u043e\u0433\u0443\u0442 \u043f\u043e\u0434\u043e\u0439\u0442\u0438 \u0432\u0430\u0448\u0435\u043c\u0443 \u0441\u0442\u0438\u043b\u044e \u0438 \u043d\u0435 \u0442\u043e\u043b\u044c\u043a\u043e, \u043f\u043e\u0441\u0435\u0442\u0438\u0442\u0435 Tuff\u00a0<a href=\"https:\/\/www.pinterest.com\/TuffHandicraft01\/\" target=\"_blank\" rel=\"noopener\">\u041f\u0438\u043d\u0442\u0435\u0440\u0435\u0441\u0442<\/a>\u00a0\u043f\u043e\u0441\u0435\u0442\u0438\u0442\u0435 \u043c\u0438\u0440.<\/p>\n<hr data-start=\"1301\" data-end=\"1304\" \/>\n<h3 data-start=\"1306\" data-end=\"1350\">\u267b\ufe0f <strong data-start=\"1313\" data-end=\"1348\">\u0420\u0443\u0447\u043d\u0430\u044f \u0440\u0430\u0431\u043e\u0442\u0430 \u0438 \u044d\u043a\u043e\u043b\u043e\u0433\u0438\u0447\u043d\u0430\u044f \u043c\u043e\u0434\u0430<\/strong><\/h3>\n<p data-start=\"1351\" data-end=\"1524\">\u042d\u0442\u043e\u0442 \u043f\u0440\u043e\u0434\u0443\u043a\u0442, \u0442\u0449\u0430\u0442\u0435\u043b\u044c\u043d\u043e \u0438\u0437\u0433\u043e\u0442\u043e\u0432\u043b\u0435\u043d\u043d\u044b\u0439 \u0432 \u0441\u043e\u043e\u0442\u0432\u0435\u0442\u0441\u0442\u0432\u0438\u0438 \u0441 \u043f\u0440\u0438\u043d\u0446\u0438\u043f\u0430\u043c\u0438 \u00ab\u043c\u0435\u0434\u043b\u0435\u043d\u043d\u043e\u0439 \u043c\u043e\u0434\u044b\u00bb, \u0431\u0435\u0440\u0435\u0436\u043d\u043e \u043e\u0442\u043d\u043e\u0441\u0438\u0442\u0441\u044f \u043a \u043f\u0440\u0438\u0440\u043e\u0434\u0435 \u0438 \u043f\u043e\u0434\u0434\u0435\u0440\u0436\u0438\u0432\u0430\u0435\u0442 \u0436\u0435\u043d\u0441\u043a\u0438\u0439 \u0442\u0440\u0443\u0434. \u0412\u0430\u0448\u0430 \u043f\u043e\u043a\u0443\u043f\u043a\u0430 \u043f\u043e\u043c\u043e\u0436\u0435\u0442 \u0441\u0435\u043c\u044c\u044f\u043c, \u043f\u043e\u0441\u0442\u0440\u0430\u0434\u0430\u0432\u0448\u0438\u043c \u043e\u0442 \u0437\u0435\u043c\u043b\u0435\u0442\u0440\u044f\u0441\u0435\u043d\u0438\u044f.<\/p>\n<hr data-start=\"1526\" data-end=\"1529\" \/>\n<h3 data-start=\"1531\" data-end=\"1559\">\ud83e\uddfc <strong data-start=\"1538\" data-end=\"1557\">\u0420\u0435\u043a\u043e\u043c\u0435\u043d\u0434\u0430\u0446\u0438\u0438 \u043f\u043e \u0443\u0445\u043e\u0434\u0443<\/strong><\/h3>\n<p data-start=\"1560\" data-end=\"1734\">\u0420\u0443\u0447\u043d\u0430\u044f \u0441\u0442\u0438\u0440\u043a\u0430 \u0432 \u0445\u043e\u043b\u043e\u0434\u043d\u043e\u0439 \u0432\u043e\u0434\u0435; \u043d\u0435 \u0438\u0441\u043f\u043e\u043b\u044c\u0437\u043e\u0432\u0430\u0442\u044c \u043e\u0442\u0431\u0435\u043b\u0438\u0432\u0430\u0442\u0435\u043b\u044c. \u0421\u0443\u0448\u0438\u0442\u044c \u043d\u0430 \u043e\u0442\u043a\u0440\u044b\u0442\u043e\u043c \u0432\u043e\u0437\u0434\u0443\u0445\u0435. \u041c\u0430\u0448\u0438\u043d\u043d\u0430\u044f \u0441\u0442\u0438\u0440\u043a\u0430 \u0438 \u043e\u0442\u0436\u0438\u043c \u043d\u0435 \u0440\u0435\u043a\u043e\u043c\u0435\u043d\u0434\u0443\u044e\u0442\u0441\u044f. \u0411\u0435\u0440\u0435\u0436\u043d\u044b\u0439 \u0443\u0445\u043e\u0434 \u043d\u0435\u043e\u0431\u0445\u043e\u0434\u0438\u043c \u0434\u043b\u044f \u0441\u043e\u0445\u0440\u0430\u043d\u0435\u043d\u0438\u044f \u043d\u0430\u0442\u0443\u0440\u0430\u043b\u044c\u043d\u043e\u0439 \u0442\u0435\u043a\u0441\u0442\u0443\u0440\u044b \u0432\u043e\u043b\u043e\u043a\u043e\u043d.<\/p>\n<hr data-start=\"1736\" data-end=\"1739\" \/>\n<h3 data-start=\"1741\" data-end=\"1806\">\u2728 <strong data-start=\"1747\" data-end=\"1804\">\u041f\u043e\u0447\u0435\u043c\u0443 \u0441\u0442\u043e\u0438\u0442 \u0432\u044b\u0431\u0440\u0430\u0442\u044c \u044d\u0442\u043e\u0442 \u043a\u0430\u0440\u0434\u0438\u0433\u0430\u043d \u0441 3D-\u0446\u0432\u0435\u0442\u043e\u0447\u043d\u044b\u043c \u043c\u043e\u0442\u0438\u0432\u043e\u043c?<\/strong><\/h3>\n<ul data-start=\"1807\" data-end=\"2069\">\n<li data-start=\"1807\" data-end=\"1859\">\n<p data-start=\"1809\" data-end=\"1859\">%100 el yap\u0131m\u0131, \u00f6zg\u00fcn \u00fc\u00e7 boyutlu \u00e7i\u00e7ek motifleri<\/p>\n<\/li>\n<li data-start=\"1860\" data-end=\"1894\">\n<p data-start=\"1862\" data-end=\"1894\">\u042f\u0440\u043a\u0438\u0435 \u0438 \u043f\u0440\u0438\u0432\u043b\u0435\u043a\u0430\u044e\u0449\u0438\u0435 \u0432\u043d\u0438\u043c\u0430\u043d\u0438\u0435 \u0446\u0432\u0435\u0442\u0430<\/p>\n<\/li>\n<li data-start=\"1895\" data-end=\"1929\">\n<p data-start=\"1897\" data-end=\"1929\">\u0418\u0434\u0435\u0430\u043b\u044c\u043d\u043e \u043f\u043e\u0434\u0445\u043e\u0434\u0438\u0442 \u0434\u043b\u044f \u0437\u0438\u043c\u043d\u0438\u0445 \u0438 \u0432\u0435\u0441\u0435\u043d\u043d\u0438\u0445 \u043c\u0435\u0441\u044f\u0446\u0435\u0432.<\/p>\n<\/li>\n<li data-start=\"1930\" data-end=\"1953\">\n<p data-start=\"1932\" data-end=\"1953\">\u0423\u043d\u0438\u0441\u0435\u043a\u0441, \u0441\u0432\u043e\u0431\u043e\u0434\u043d\u044b\u0439 \u043a\u0440\u043e\u0439<\/p>\n<\/li>\n<li data-start=\"1954\" data-end=\"1987\">\n<p data-start=\"1956\" data-end=\"1987\">\u0423\u0441\u0442\u043e\u0439\u0447\u0438\u0432\u043e\u0435 \u0438 \u044d\u0442\u0438\u0447\u043d\u043e\u0435 \u043f\u0440\u043e\u0438\u0437\u0432\u043e\u0434\u0441\u0442\u0432\u043e<\/p>\n<\/li>\n<li data-start=\"1988\" data-end=\"2030\">\n<p data-start=\"1990\" data-end=\"2030\">\u041f\u043e\u0434\u0434\u0435\u0440\u0436\u0438\u0432\u0430\u0435\u0442 \u0436\u0435\u043d\u0441\u043a\u0438\u0439 \u0442\u0440\u0443\u0434 \u0438 \u0441\u043e\u043b\u0438\u0434\u0430\u0440\u043d\u043e\u0441\u0442\u044c<\/p>\n<\/li>\n<li data-start=\"2031\" data-end=\"2069\">\n<p data-start=\"2033\" data-end=\"2069\">\u0418\u0441\u043f\u043e\u043b\u044c\u0437\u043e\u0432\u0430\u043d\u0438\u0435 \u043d\u0430\u0442\u0443\u0440\u0430\u043b\u044c\u043d\u044b\u0445 \u043c\u0430\u0442\u0435\u0440\u0438\u0430\u043b\u043e\u0432, \u043f\u0440\u0438\u044f\u0442\u043d\u044b\u0445 \u0434\u043b\u044f \u043a\u043e\u0436\u0438<\/p>\n<\/li>\n<\/ul>","protected":false},"excerpt":{"rendered":"<p>\u041a\u0430\u0440\u0434\u0438\u0433\u0430\u043d \u0440\u0443\u0447\u043d\u043e\u0439 \u0440\u0430\u0431\u043e\u0442\u044b \u0432 \u0441\u0442\u0438\u043b\u0435 \u043f\u044d\u0447\u0432\u043e\u0440\u043a \u0441 \u043e\u0431\u044a\u0451\u043c\u043d\u044b\u043c\u0438 \u0446\u0432\u0435\u0442\u043e\u0447\u043d\u044b\u043c\u0438 \u043c\u043e\u0442\u0438\u0432\u0430\u043c\u0438. \u042f\u0440\u043a\u0438\u0435 \u0446\u0432\u0435\u0442\u0430 \u0438 \u0443\u043d\u0438\u0441\u0435\u043a\u0441-\u0434\u0438\u0437\u0430\u0439\u043d \u043e\u0431\u0435\u0441\u043f\u0435\u0447\u0430\u0442 \u044d\u043b\u0435\u0433\u0430\u043d\u0442\u043d\u043e\u0441\u0442\u044c \u0438 \u043a\u043e\u043c\u0444\u043e\u0440\u0442 \u0437\u0438\u043c\u043e\u0439 \u0438 \u0432\u0435\u0441\u043d\u043e\u0439. \u0418\u0437\u0433\u043e\u0442\u043e\u0432\u043b\u0435\u043d \u0438\u0437 \u044d\u043a\u043e\u043b\u043e\u0433\u0438\u0447\u0435\u0441\u043a\u0438 \u0447\u0438\u0441\u0442\u044b\u0445 \u043d\u0430\u0442\u0443\u0440\u0430\u043b\u044c\u043d\u044b\u0445 \u043c\u0430\u0442\u0435\u0440\u0438\u0430\u043b\u043e\u0432.<\/p>","protected":false},"featured_media":29160,"comment_status":"open","ping_status":"closed","template":"","meta":[],"product_brand":[691],"product_cat":[688],"product_tag":[770,752,772,774,773,748,769,751,754,771,759,749,762,750,758,753],"class_list":{"0":"post-27631","1":"product","2":"type-product","3":"status-publish","4":"has-post-thumbnail","6":"product_brand-tuffhandicraft","7":"product_cat-hirka","8":"product_tag-3d-cicekli-hirka","9":"product_tag-boho-hirka","10":"product_tag-cicek-motifli-hirka","11":"product_tag-dogal-iplik-hirka","12":"product_tag-el-isi-hirka","13":"product_tag-el-yapimi-hirka","14":"product_tag-hediye-fikirleri","15":"product_tag-mevsimlik-hirka","16":"product_tag-oversize-hirka","17":"product_tag-patchwork-hirka","18":"product_tag-rahat-hirka","19":"product_tag-renkli-hirka","20":"product_tag-surdurulebilir-moda","21":"product_tag-unisex-hirka","22":"product_tag-vintage-hirka","23":"product_tag-yavas-moda","25":"first","26":"instock","27":"taxable","28":"shipping-taxable","29":"purchasable","30":"product-type-variable"},"_links":{"self":[{"href":"https:\/\/tuffhandicraft.com\/ru\/wp-json\/wp\/v2\/product\/27631","targetHints":{"allow":["GET"]}}],"collection":[{"href":"https:\/\/tuffhandicraft.com\/ru\/wp-json\/wp\/v2\/product"}],"about":[{"href":"https:\/\/tuffhandicraft.com\/ru\/wp-json\/wp\/v2\/types\/product"}],"replies":[{"embeddable":true,"href":"https:\/\/tuffhandicraft.com\/ru\/wp-json\/wp\/v2\/comments?post=27631"}],"version-history":[{"count":1,"href":"https:\/\/tuffhandicraft.com\/ru\/wp-json\/wp\/v2\/product\/27631\/revisions"}],"predecessor-version":[{"id":30722,"href":"https:\/\/tuffhandicraft.com\/ru\/wp-json\/wp\/v2\/product\/27631\/revisions\/30722"}],"wp:featuredmedia":[{"embeddable":true,"href":"https:\/\/tuffhandicraft.com\/ru\/wp-json\/wp\/v2\/media\/29160"}],"wp:attachment":[{"href":"https:\/\/tuffhandicraft.com\/ru\/wp-json\/wp\/v2\/media?parent=27631"}],"wp:term":[{"taxonomy":"product_brand","embeddable":true,"href":"https:\/\/tuffhandicraft.com\/ru\/wp-json\/wp\/v2\/product_brand?post=27631"},{"taxonomy":"product_cat","embeddable":true,"href":"https:\/\/tuffhandicraft.com\/ru\/wp-json\/wp\/v2\/product_cat?post=27631"},{"taxonomy":"product_tag","embeddable":true,"href":"https:\/\/tuffhandicraft.com\/ru\/wp-json\/wp\/v2\/product_tag?post=27631"}],"curies":[{"name":"wp","href":"https:\/\/api.w.org\/{rel}","templated":true}]}}