{"id":27633,"date":"2025-05-11T00:24:21","date_gmt":"2025-05-10T21:24:21","guid":{"rendered":"https:\/\/tasarim.yusufkecici.com.tr\/urun\/crochet-african-flower-oversized-sweater-chunky-floral-sweatshirt-handmade-cozy-woman-pullover-festival-outfit-gift-for-her\/"},"modified":"2025-12-07T18:56:53","modified_gmt":"2025-12-07T15:56:53","slug":"afrika-cicek-motif-oversize-sweatshirt","status":"publish","type":"product","link":"https:\/\/tuffhandicraft.com\/ru\/magaza\/kazak\/afrika-cicek-motif-oversize-sweatshirt\/","title":{"rendered":"\u0422\u043e\u043b\u0441\u0442\u043e\u0432\u043a\u0430 \u043e\u0432\u0435\u0440\u0441\u0430\u0439\u0437 \u0441 \u043c\u043e\u0442\u0438\u0432\u043e\u043c \u0430\u0444\u0440\u0438\u043a\u0430\u043d\u0441\u043a\u0438\u0445 \u0446\u0432\u0435\u0442\u043e\u0432 \u2013 \u0440\u0443\u0447\u043d\u0430\u044f \u0432\u044f\u0437\u043a\u0430, \u044f\u0440\u043a\u0430\u044f \u0438 \u0443\u043d\u0438\u043a\u0430\u043b\u044c\u043d\u0430\u044f"},"content":{"rendered":"<h3 data-start=\"176\" data-end=\"250\">\ud83c\udf3c <strong data-start=\"183\" data-end=\"250\">\u0422\u043e\u043b\u0441\u0442\u043e\u0432\u043a\u0430 \u043e\u0432\u0435\u0440\u0441\u0430\u0439\u0437 \u0441 \u043c\u043e\u0442\u0438\u0432\u043e\u043c \u0430\u0444\u0440\u0438\u043a\u0430\u043d\u0441\u043a\u0438\u0445 \u0446\u0432\u0435\u0442\u043e\u0432 \u2013 \u0440\u0443\u0447\u043d\u0430\u044f \u0432\u044f\u0437\u043a\u0430, \u044f\u0440\u043a\u0430\u044f \u0438 \u0443\u043d\u0438\u043a\u0430\u043b\u044c\u043d\u0430\u044f<\/strong><\/h3>\n<p data-start=\"252\" data-end=\"569\">\u042d\u0442\u043e\u0442 \u043e\u0431\u044a\u0435\u043c\u043d\u044b\u0439 \u0441\u0432\u0438\u0442\u0435\u0440 \u0440\u0443\u0447\u043d\u043e\u0439 \u0440\u0430\u0431\u043e\u0442\u044b, <a href=\"https:\/\/tuffhandicraft.com\/ru\/%d0%bf%d1%80%d0%be%d0%b4%d1%83%d0%ba%d1%82\/afrika-cicek-motifli-oversize-hirka\/\">\u0412\u0434\u043e\u0445\u043d\u043e\u0432\u043b\u0435\u043d\u043e \u0430\u0444\u0440\u0438\u043a\u0430\u043d\u0441\u043a\u0438\u043c\u0438 \u0446\u0432\u0435\u0442\u043e\u0447\u043d\u044b\u043c\u0438 \u043c\u043e\u0442\u0438\u0432\u0430\u043c\u0438<\/a> \u0420\u0430\u0437\u0440\u0430\u0431\u043e\u0442\u0430\u043d\u043e. \u042d\u0442\u0430 \u0432\u044f\u0437\u0430\u043d\u0430\u044f \u043a\u0440\u044e\u0447\u043a\u043e\u043c \u0442\u043e\u043b\u0441\u0442\u043e\u0432\u043a\u0430 \u0441 \u044f\u0440\u043a\u0438\u043c\u0438 \u0438 \u044f\u0440\u043a\u0438\u043c\u0438 \u0443\u0437\u043e\u0440\u0430\u043c\u0438 \u0441\u043e\u0433\u0440\u0435\u0435\u0442 \u0432\u0430\u0441 \u0438 \u0434\u043e\u0431\u0430\u0432\u0438\u0442 \u0443\u043d\u0438\u043a\u0430\u043b\u044c\u043d\u044b\u0439 \u0448\u0442\u0440\u0438\u0445 \u043a \u0432\u0430\u0448\u0435\u043c\u0443 \u043e\u0431\u0440\u0430\u0437\u0443. \u0421\u043e\u0432\u0440\u0435\u043c\u0435\u043d\u043d\u0430\u044f \u0438\u043d\u0442\u0435\u0440\u043f\u0440\u0435\u0442\u0430\u0446\u0438\u044f \u0441\u0442\u0438\u043b\u0435\u0439 \u0440\u0435\u0442\u0440\u043e \u0438 \u0431\u043e\u0445\u043e \u0441\u0442\u0430\u043d\u0435\u0442 \u043b\u044e\u0431\u0438\u043c\u043e\u0439 \u0432\u0435\u0449\u044c\u044e \u0432 \u0432\u0430\u0448\u0435\u043c \u0433\u0430\u0440\u0434\u0435\u0440\u043e\u0431\u0435 \u0432 \u043b\u044e\u0431\u043e\u0435 \u0432\u0440\u0435\u043c\u044f \u0433\u043e\u0434\u0430.<\/p>\n<p data-start=\"571\" data-end=\"851\">\u041a\u0430\u0436\u0434\u044b\u0439 \u0446\u0432\u0435\u0442\u043e\u0447\u043d\u044b\u0439 \u043c\u043e\u0442\u0438\u0432 \u0441\u0432\u044f\u0437\u0430\u043d \u0432\u0440\u0443\u0447\u043d\u0443\u044e \u0438 \u0433\u0430\u0440\u043c\u043e\u043d\u0438\u0447\u043d\u043e \u0441\u043e\u0447\u0435\u0442\u0430\u0435\u0442\u0441\u044f \u0441 \u043d\u0430\u0441\u044b\u0449\u0435\u043d\u043d\u044b\u043c\u0438 \u0446\u0432\u0435\u0442\u043e\u0432\u044b\u043c\u0438 \u043f\u0435\u0440\u0435\u0445\u043e\u0434\u0430\u043c\u0438. \u0411\u043b\u0430\u0433\u043e\u0434\u0430\u0440\u044f \u0441\u0432\u043e\u0431\u043e\u0434\u043d\u043e\u043c\u0443 \u043a\u0440\u043e\u044e, \u044d\u0442\u043e\u0442 \u0441\u0432\u0438\u0442\u0448\u043e\u0442 \u0440\u0443\u0447\u043d\u043e\u0439 \u0440\u0430\u0431\u043e\u0442\u044b \u0432\u043e\u043f\u043b\u043e\u0449\u0430\u0435\u0442 \u043f\u0440\u0438\u043d\u0446\u0438\u043f\u044b \u044d\u043a\u043e\u043b\u043e\u0433\u0438\u0447\u043d\u043e\u0439 \u043c\u043e\u0434\u044b, \u0438\u0437\u0431\u0435\u0433\u0430\u044f \u043c\u0430\u0441\u0441\u043e\u0432\u043e\u0433\u043e \u043f\u0440\u043e\u0438\u0437\u0432\u043e\u0434\u0441\u0442\u0432\u0430.<\/p>\n<hr data-start=\"853\" data-end=\"856\" \/>\n<h3 data-start=\"858\" data-end=\"880\">\ud83e\uddf5 \u041c\u0430\u0442\u0435\u0440\u0438\u0430\u043b\u044c\u043d\u0430\u044f \u0438\u043d\u0444\u043e\u0440\u043c\u0430\u0446\u0438\u044f<img loading=\"lazy\" decoding=\"async\" class=\"wd-lazy-fade size-full wp-image-28000 alignright\" src=\"https:\/\/tuffhandicraft.com\/wp-content\/themes\/woodmart\/images\/lazy.svg\" data-src=\"https:\/\/tuffhandicraft.com\/wp-content\/uploads\/2021\/08\/footer-logo-1.png\" alt=\"\u0422\u043e\u043b\u0441\u0442\u043e\u0432\u043a\u0430 \u043e\u0432\u0435\u0440\u0441\u0430\u0439\u0437 \u0441 \u043c\u043e\u0442\u0438\u0432\u043e\u043c \u0430\u0444\u0440\u0438\u043a\u0430\u043d\u0441\u043a\u0438\u0445 \u0446\u0432\u0435\u0442\u043e\u0432 \u2014 \u0440\u0443\u0447\u043d\u0430\u044f \u0440\u0430\u0431\u043e\u0442\u0430, \u044f\u0440\u043a\u0430\u044f \u0438 \u0443\u043d\u0438\u043a\u0430\u043b\u044c\u043d\u0430\u044f\" width=\"220\" height=\"40\" title=\"\" srcset=\"\" data-srcset=\"https:\/\/tuffhandicraft.com\/wp-content\/uploads\/2021\/08\/footer-logo-1.png 220w, https:\/\/tuffhandicraft.com\/wp-content\/uploads\/2021\/08\/footer-logo-1-150x27.png 150w\" sizes=\"auto, (max-width: 220px) 100vw, 220px\" \/><\/h3>\n<ul data-start=\"882\" data-end=\"1043\">\n<li data-start=\"882\" data-end=\"920\">\n<p data-start=\"884\" data-end=\"920\">%100 pamuk kar\u0131\u015f\u0131ml\u0131 t\u0131\u011f i\u015fi iplik<\/p>\n<\/li>\n<li data-start=\"921\" data-end=\"974\">\n<p data-start=\"923\" data-end=\"974\">\u041c\u044f\u0433\u043a\u0430\u044f \u0442\u0435\u043a\u0441\u0442\u0443\u0440\u0430, \u043f\u0440\u0438\u044f\u0442\u043d\u0430\u044f \u0434\u043b\u044f \u043a\u043e\u0436\u0438 \u0438 \u0434\u044b\u0448\u0430\u0449\u0430\u044f \u0441\u0442\u0440\u0443\u043a\u0442\u0443\u0440\u0430<\/p>\n<\/li>\n<li data-start=\"975\" data-end=\"999\">\n<p data-start=\"977\" data-end=\"999\">\u0411\u0435\u0437 \u043f\u043e\u0434\u043a\u043b\u0430\u0434\u043a\u0438, \u0435\u0441\u0442\u0435\u0441\u0442\u0432\u0435\u043d\u043d\u0430\u044f \u0444\u043e\u0440\u043c\u0430<\/p>\n<\/li>\n<li data-start=\"1000\" data-end=\"1043\">\n<p data-start=\"1002\" data-end=\"1043\">\u0414\u0435\u0442\u0430\u043b\u0438 \u043c\u043e\u0442\u0438\u0432\u0430, \u0441\u0432\u044f\u0437\u0430\u043d\u043d\u043e\u0433\u043e \u0432\u0440\u0443\u0447\u043d\u0443\u044e<\/p>\n<\/li>\n<\/ul>\n<hr data-start=\"1045\" data-end=\"1048\" \/>\n<h3 data-start=\"1050\" data-end=\"1081\">\ud83e\uddf8 \u041a\u043e\u043c\u0444\u043e\u0440\u0442 \u0438 \u043f\u043b\u043e\u0449\u0430\u0434\u044c \u0438\u0441\u043f\u043e\u043b\u044c\u0437\u043e\u0432\u0430\u043d\u0438\u044f<\/h3>\n<p data-start=\"1083\" data-end=\"1126\">\u042d\u0442\u0430 \u0442\u043e\u043b\u0441\u0442\u043e\u0432\u043a\u0430, \u0441\u0432\u044f\u0437\u0430\u043d\u043d\u0430\u044f \u0432\u0440\u0443\u0447\u043d\u0443\u044e, \u0438\u043c\u0435\u0435\u0442 \u0444\u043e\u0440\u043c\u0443 \u043f\u0443\u043b\u043e\u0432\u0435\u0440\u0430;<\/p>\n<ul data-start=\"1127\" data-end=\"1302\">\n<li data-start=\"1127\" data-end=\"1165\">\n<p data-start=\"1129\" data-end=\"1165\">\u041e\u0434\u0438\u043d \u043e\u0441\u0435\u043d\u044c\u044e \u0438 \u0432\u0435\u0441\u043d\u043e\u0439,<\/p>\n<\/li>\n<li data-start=\"1166\" data-end=\"1211\">\n<p data-start=\"1168\" data-end=\"1211\">\u0412 \u043a\u0430\u0447\u0435\u0441\u0442\u0432\u0435 \u0441\u043b\u043e\u044f \u043f\u043e\u0434 \u043a\u0443\u0440\u0442\u043a\u043e\u0439 \u0437\u0438\u043c\u043e\u0439,<\/p>\n<\/li>\n<li data-start=\"1212\" data-end=\"1302\">\n<p data-start=\"1214\" data-end=\"1302\">\u0415\u0433\u043e \u043c\u043e\u0436\u043d\u043e \u0441 \u043b\u0435\u0433\u043a\u043e\u0441\u0442\u044c\u044e \u0438\u0441\u043f\u043e\u043b\u044c\u0437\u043e\u0432\u0430\u0442\u044c \u043a\u0430\u043a \u0434\u043e\u043c\u0430, \u0442\u0430\u043a \u0438 \u043d\u0430 \u0443\u043b\u0438\u0446\u0435.<\/p>\n<\/li>\n<li data-start=\"1212\" data-end=\"1302\">\n<p data-start=\"1214\" data-end=\"1302\">\u0411\u043b\u0430\u0433\u043e\u0434\u0430\u0440\u044f \u0441\u0432\u043e\u0435\u0439 \u0443\u043d\u0438\u0441\u0435\u043a\u0441-\u0441\u0442\u0440\u0443\u043a\u0442\u0443\u0440\u0435 \u043e\u043d \u0434\u043e\u043f\u043e\u043b\u043d\u044f\u0435\u0442 \u043b\u044e\u0431\u043e\u0439 \u0441\u0442\u0438\u043b\u044c.<\/p>\n<\/li>\n<\/ul>\n<hr data-start=\"1304\" data-end=\"1307\" \/>\n<h3 data-start=\"1309\" data-end=\"1328\">\ud83c\udf08 \u041f\u0440\u0435\u0434\u043b\u043e\u0436\u0435\u043d\u0438\u0435 \u0441\u0442\u0438\u043b\u044f<\/h3>\n<p data-start=\"1330\" data-end=\"1542\">\u041a\u0440\u0430\u0441\u043e\u0447\u043d\u044b\u0435 \u0446\u0432\u0435\u0442\u043e\u0447\u043d\u044b\u0435 \u0443\u0437\u043e\u0440\u044b \u043d\u0430 \u0441\u0432\u0438\u0442\u0435\u0440\u0435 \u0431\u0443\u0434\u0443\u0442 \u0441\u043c\u043e\u0442\u0440\u0435\u0442\u044c\u0441\u044f \u044d\u0444\u0444\u0435\u043a\u0442\u043d\u043e \u0432 \u0441\u043e\u0447\u0435\u0442\u0430\u043d\u0438\u0438 \u0441 \u0443\u0437\u043a\u0438\u043c\u0438 \u0431\u0440\u044e\u043a\u0430\u043c\u0438, \u043f\u0440\u043e\u0441\u0442\u044b\u043c\u0438 \u043a\u0440\u043e\u0441\u0441\u043e\u0432\u043a\u0430\u043c\u0438 \u0438 \u043c\u0438\u043d\u0438\u043c\u0430\u043b\u0438\u0441\u0442\u0438\u0447\u043d\u044b\u043c\u0438 \u0430\u043a\u0441\u0435\u0441\u0441\u0443\u0430\u0440\u0430\u043c\u0438. \u0414\u043b\u044f \u0431\u043e\u043b\u0435\u0435 \u044d\u0444\u0444\u0435\u043a\u0442\u043d\u043e\u0433\u043e \u043e\u0431\u0440\u0430\u0437\u0430 \u043d\u0430\u0434\u0435\u043d\u044c\u0442\u0435 \u043c\u0438\u043d\u0438-\u044e\u0431\u043a\u0443 \u0438 \u0441\u0430\u043f\u043e\u0433\u0438.<\/p>\n<p data-start=\"1269\" data-end=\"1509\">\u0414\u043b\u044f \u0434\u0440\u0443\u0433\u0438\u0445 \u043c\u043e\u0434\u0435\u043b\u0435\u0439, \u043a\u043e\u0442\u043e\u0440\u044b\u0435 \u043c\u043e\u0433\u0443\u0442 \u043f\u043e\u0434\u043e\u0439\u0442\u0438 \u0432\u0430\u0448\u0435\u043c\u0443 \u0441\u0442\u0438\u043b\u044e \u0438 \u043d\u0435 \u0442\u043e\u043b\u044c\u043a\u043e, \u043f\u043e\u0441\u0435\u0442\u0438\u0442\u0435 Tuff\u00a0<a href=\"https:\/\/www.pinterest.com\/TuffHandicraft01\/\" target=\"_blank\" rel=\"noopener\">\u041f\u0438\u043d\u0442\u0435\u0440\u0435\u0441\u0442<\/a>\u00a0\u043f\u043e\u0441\u0435\u0442\u0438\u0442\u0435 \u043c\u0438\u0440.<\/p>\n<hr data-start=\"1544\" data-end=\"1547\" \/>\n<h3 data-start=\"1549\" data-end=\"1585\">\u267b\ufe0f \u0420\u0443\u0447\u043d\u0430\u044f \u0440\u0430\u0431\u043e\u0442\u0430 \u0438 \u044d\u043a\u043e\u043b\u043e\u0433\u0438\u0447\u043d\u043e\u0441\u0442\u044c<\/h3>\n<p data-start=\"1587\" data-end=\"1818\">\u042d\u0442\u0430 \u0432\u044f\u0437\u0430\u043d\u0430\u044f \u043a\u0440\u044e\u0447\u043a\u043e\u043c \u0442\u043e\u043b\u0441\u0442\u043e\u0432\u043a\u0430 \u043f\u043e\u043b\u043d\u043e\u0441\u0442\u044c\u044e \u0438\u0437\u0433\u043e\u0442\u043e\u0432\u043b\u0435\u043d\u0430 \u0432\u0440\u0443\u0447\u043d\u0443\u044e \u0441 \u0441\u043e\u0431\u043b\u044e\u0434\u0435\u043d\u0438\u0435\u043c \u044d\u0442\u0438\u0447\u0435\u0441\u043a\u0438\u0445 \u043f\u0440\u0438\u043d\u0446\u0438\u043f\u043e\u0432 \u043f\u0440\u043e\u0438\u0437\u0432\u043e\u0434\u0441\u0442\u0432\u0430. \u041a\u0430\u0436\u0434\u043e\u0435 \u0443\u043d\u0438\u043a\u0430\u043b\u044c\u043d\u043e\u0435 \u0438\u0437\u0434\u0435\u043b\u0438\u0435 \u0438\u0437\u0433\u043e\u0442\u0430\u0432\u043b\u0438\u0432\u0430\u0435\u0442\u0441\u044f \u0432 \u0441\u043e\u043e\u0442\u0432\u0435\u0442\u0441\u0442\u0432\u0438\u0438 \u0441 \u043f\u0440\u0438\u043d\u0446\u0438\u043f\u0430\u043c\u0438 \u00ab\u043c\u0435\u0434\u043b\u0435\u043d\u043d\u043e\u0439 \u043c\u043e\u0434\u044b\u00bb, \u043e\u0431\u0435\u0441\u043f\u0435\u0447\u0438\u0432\u0430\u044f \u0437\u0430\u0449\u0438\u0442\u0443 \u043a\u0430\u043a \u0441\u0442\u0438\u043b\u044f, \u0442\u0430\u043a \u0438 \u043f\u043b\u0430\u043d\u0435\u0442\u044b.<\/p>\n<hr data-start=\"1820\" data-end=\"1823\" \/>\n<h3 data-start=\"1825\" data-end=\"1846\">\ud83e\uddfc \u0418\u043d\u0441\u0442\u0440\u0443\u043a\u0446\u0438\u0438 \u043f\u043e \u0443\u0445\u043e\u0434\u0443<\/h3>\n<ul data-start=\"1848\" data-end=\"2000\">\n<li data-start=\"1848\" data-end=\"1877\">\n<p data-start=\"1850\" data-end=\"1877\">\u0420\u0443\u0447\u043d\u0430\u044f \u0441\u0442\u0438\u0440\u043a\u0430 \u0432 \u0445\u043e\u043b\u043e\u0434\u043d\u043e\u0439 \u0432\u043e\u0434\u0435<\/p>\n<\/li>\n<li data-start=\"1878\" data-end=\"1931\">\n<p data-start=\"1880\" data-end=\"1931\">\u041d\u0435 \u0438\u0441\u043f\u043e\u043b\u044c\u0437\u0443\u0439\u0442\u0435 \u0441\u0442\u0438\u0440\u0430\u043b\u044c\u043d\u0443\u044e \u043c\u0430\u0448\u0438\u043d\u0443, \u0446\u0435\u043d\u0442\u0440\u0438\u0444\u0443\u0433\u0443 \u0438\u043b\u0438 \u043e\u0442\u0431\u0435\u043b\u0438\u0432\u0430\u0442\u0435\u043b\u044c.<\/p>\n<\/li>\n<li data-start=\"1932\" data-end=\"1959\">\n<p data-start=\"1934\" data-end=\"1959\">\u0412\u044b\u0441\u0443\u0448\u0438\u0442\u0435, \u0440\u0430\u0437\u043b\u043e\u0436\u0438\u0432 \u0432 \u0442\u0435\u043d\u0438.<\/p>\n<\/li>\n<li data-start=\"1960\" data-end=\"2000\">\n<p data-start=\"1962\" data-end=\"2000\">\u041d\u0435 \u0433\u043b\u0430\u0434\u0438\u0442\u044c, \u0447\u0442\u043e\u0431\u044b \u0441\u043e\u0445\u0440\u0430\u043d\u0438\u0442\u044c \u0435\u0441\u0442\u0435\u0441\u0442\u0432\u0435\u043d\u043d\u0443\u044e \u0444\u043e\u0440\u043c\u0443.<\/p>\n<\/li>\n<\/ul>\n<hr data-start=\"2002\" data-end=\"2005\" \/>\n<h3 data-start=\"2007\" data-end=\"2039\">\u2728 \u041f\u043e\u0447\u0435\u043c\u0443 \u0438\u043c\u0435\u043d\u043d\u043e \u044d\u0442\u043e\u0442 \u0441\u0432\u0438\u0442\u0435\u0440\/\u0442\u043e\u043b\u0441\u0442\u043e\u0432\u043a\u0430?<\/h3>\n<ul data-start=\"2041\" data-end=\"2268\">\n<li data-start=\"2041\" data-end=\"2059\">\n<p data-start=\"2043\" data-end=\"2059\">%100 el yap\u0131m\u0131<\/p>\n<\/li>\n<li data-start=\"2060\" data-end=\"2099\">\n<p data-start=\"2062\" data-end=\"2099\">\u041e\u0440\u0438\u0433\u0438\u043d\u0430\u043b\u044c\u043d\u044b\u0439 \u0434\u0438\u0437\u0430\u0439\u043d \u0441 \u0430\u0444\u0440\u0438\u043a\u0430\u043d\u0441\u043a\u0438\u043c\u0438 \u0446\u0432\u0435\u0442\u043e\u0447\u043d\u044b\u043c\u0438 \u043c\u043e\u0442\u0438\u0432\u0430\u043c\u0438<\/p>\n<\/li>\n<li data-start=\"2100\" data-end=\"2135\">\n<p data-start=\"2102\" data-end=\"2135\">\u041e\u0432\u0435\u0440\u0441\u0430\u0439\u0437, \u0443\u043d\u0438\u0441\u0435\u043a\u0441 \u0438 \u0441\u0432\u043e\u0431\u043e\u0434\u043d\u044b\u0439 \u043a\u0440\u043e\u0439<\/p>\n<\/li>\n<li data-start=\"2136\" data-end=\"2176\">\n<p data-start=\"2138\" data-end=\"2176\">\u0421\u043e\u0432\u0440\u0435\u043c\u0435\u043d\u043d\u0430\u044f \u0438\u043d\u0442\u0435\u0440\u043f\u0440\u0435\u0442\u0430\u0446\u0438\u044f \u0441\u0442\u0438\u043b\u0435\u0439 \u0431\u043e\u0445\u043e \u0438 \u0432\u0438\u043d\u0442\u0430\u0436<\/p>\n<\/li>\n<li data-start=\"2177\" data-end=\"2227\">\n<p data-start=\"2179\" data-end=\"2227\">\u041d\u0430\u0442\u0443\u0440\u0430\u043b\u044c\u043d\u044b\u0439 \u0438 \u0434\u044b\u0448\u0430\u0449\u0438\u0439 \u0431\u043b\u0430\u0433\u043e\u0434\u0430\u0440\u044f \u0445\u043b\u043e\u043f\u043a\u043e\u0432\u043e\u0439 \u043f\u0440\u044f\u0436\u0435<\/p>\n<\/li>\n<li data-start=\"2228\" data-end=\"2268\">\n<p data-start=\"2230\" data-end=\"2268\">\u0423\u0441\u0442\u043e\u0439\u0447\u0438\u0432\u044b\u0439 \u0438 \u044d\u0442\u0438\u0447\u043d\u044b\u0439 \u043f\u043e\u0434\u0445\u043e\u0434 \u043a \u043f\u0440\u043e\u0438\u0437\u0432\u043e\u0434\u0441\u0442\u0432\u0443<\/p>\n<\/li>\n<\/ul>","protected":false},"excerpt":{"rendered":"<p data-start=\"149\" data-end=\"301\">\u042d\u0442\u043e\u0442 \u0441\u0432\u043e\u0431\u043e\u0434\u043d\u044b\u0439 \u0441\u0432\u0438\u0442\u0435\u0440 \u0441 \u0430\u0444\u0440\u0438\u043a\u0430\u043d\u0441\u043a\u0438\u043c \u0446\u0432\u0435\u0442\u043e\u0447\u043d\u044b\u043c \u043c\u043e\u0442\u0438\u0432\u043e\u043c \u0440\u0443\u0447\u043d\u043e\u0439 \u0440\u0430\u0431\u043e\u0442\u044b \u2014 \u044f\u0440\u043a\u0438\u0439 \u0438 \u0443\u0434\u043e\u0431\u043d\u044b\u0439, \u0438\u0434\u0435\u0430\u043b\u044c\u043d\u043e \u043f\u043e\u0434\u0445\u043e\u0434\u044f\u0449\u0438\u0439 \u0434\u043b\u044f \u043b\u044e\u0431\u043e\u0433\u043e \u0441\u0435\u0437\u043e\u043d\u0430. \u0418\u0437\u0433\u043e\u0442\u043e\u0432\u043b\u0435\u043d\u043d\u044b\u0439 \u0438\u0437 \u0445\u043b\u043e\u043f\u043a\u043e\u0432\u043e\u0439 \u043f\u0440\u044f\u0436\u0438, \u043e\u043d \u0438\u0434\u0435\u0430\u043b\u044c\u043d\u043e \u043f\u043e\u0434\u0445\u043e\u0434\u0438\u0442 \u0434\u043b\u044f \u0441\u043e\u0437\u0434\u0430\u043d\u0438\u044f \u0443\u043d\u0438\u043a\u0430\u043b\u044c\u043d\u043e\u0433\u043e \u0441\u0442\u0438\u043b\u044f \u0443\u043d\u0438\u0441\u0435\u043a\u0441.<\/p>","protected":false},"featured_media":27810,"comment_status":"open","ping_status":"closed","template":"","meta":[],"product_brand":[691],"product_cat":[723],"product_tag":[1216,1207,1217,1212,1209,1213,769,1208,1218,1219,763,1215,1214,1210,762,1211],"class_list":{"0":"post-27633","1":"product","2":"type-product","3":"status-publish","4":"has-post-thumbnail","6":"product_brand-tuffhandicraft","7":"product_cat-kazak","8":"product_tag-afrika-cicek-motifi","9":"product_tag-afrika-cicek-motifli-kazak","10":"product_tag-afrikan-cicegi-motif","11":"product_tag-boho-stil-kazak","12":"product_tag-el-orgusu-sweatshirt","13":"product_tag-el-yapimi-kazak","14":"product_tag-hediye-fikirleri","15":"product_tag-oversize-kazak","16":"product_tag-oversize-sweater","17":"product_tag-oversize-sweatshirt","18":"product_tag-ozgun-tasarim","19":"product_tag-pamuk-iplik-kazak","20":"product_tag-rahat-kazak","21":"product_tag-renkli-tig-isi-kazak","22":"product_tag-surdurulebilir-moda","23":"product_tag-unisex-kazak","25":"first","26":"instock","27":"taxable","28":"shipping-taxable","29":"purchasable","30":"product-type-variable"},"_links":{"self":[{"href":"https:\/\/tuffhandicraft.com\/ru\/wp-json\/wp\/v2\/product\/27633","targetHints":{"allow":["GET"]}}],"collection":[{"href":"https:\/\/tuffhandicraft.com\/ru\/wp-json\/wp\/v2\/product"}],"about":[{"href":"https:\/\/tuffhandicraft.com\/ru\/wp-json\/wp\/v2\/types\/product"}],"replies":[{"embeddable":true,"href":"https:\/\/tuffhandicraft.com\/ru\/wp-json\/wp\/v2\/comments?post=27633"}],"version-history":[{"count":0,"href":"https:\/\/tuffhandicraft.com\/ru\/wp-json\/wp\/v2\/product\/27633\/revisions"}],"wp:featuredmedia":[{"embeddable":true,"href":"https:\/\/tuffhandicraft.com\/ru\/wp-json\/wp\/v2\/media\/27810"}],"wp:attachment":[{"href":"https:\/\/tuffhandicraft.com\/ru\/wp-json\/wp\/v2\/media?parent=27633"}],"wp:term":[{"taxonomy":"product_brand","embeddable":true,"href":"https:\/\/tuffhandicraft.com\/ru\/wp-json\/wp\/v2\/product_brand?post=27633"},{"taxonomy":"product_cat","embeddable":true,"href":"https:\/\/tuffhandicraft.com\/ru\/wp-json\/wp\/v2\/product_cat?post=27633"},{"taxonomy":"product_tag","embeddable":true,"href":"https:\/\/tuffhandicraft.com\/ru\/wp-json\/wp\/v2\/product_tag?post=27633"}],"curies":[{"name":"wp","href":"https:\/\/api.w.org\/{rel}","templated":true}]}}