{"id":27635,"date":"2025-05-11T00:24:23","date_gmt":"2025-05-10T21:24:23","guid":{"rendered":"https:\/\/tasarim.yusufkecici.com.tr\/urun\/crochet-bucket-hat-checkered-summer-hats-for-woman-cute-crochet-sun-hat-pink-bucket-beanie-sweet-little-gift-for-her-summer-gift\/"},"modified":"2025-08-10T16:01:58","modified_gmt":"2025-08-10T13:01:58","slug":"damali-bucket-sapka-pembe","status":"publish","type":"product","link":"https:\/\/tuffhandicraft.com\/ru\/magaza\/aksesuarlar\/sapka\/damali-bucket-sapka-pembe\/","title":{"rendered":"\u041a\u043b\u0435\u0442\u0447\u0430\u0442\u0430\u044f \u043f\u0430\u043d\u0430\u043c\u0430 \u2013 \u0443\u043d\u0438\u0441\u0435\u043a\u0441, \u0440\u043e\u0437\u043e\u0432\u0430\u044f \u0438 \u043a\u0440\u0430\u0441\u043d\u0430\u044f"},"content":{"rendered":"<h3 data-start=\"176\" data-end=\"240\">\ud83e\udde2<strong data-start=\"183\" data-end=\"240\">\u041a\u043b\u0435\u0442\u0447\u0430\u0442\u0430\u044f \u043f\u0430\u043d\u0430\u043c\u0430 \u2013 \u0443\u043d\u0438\u0441\u0435\u043a\u0441, \u0440\u043e\u0437\u043e\u0432\u0430\u044f \u0438 \u043a\u0440\u0430\u0441\u043d\u0430\u044f<\/strong><\/h3>\n<p data-start=\"242\" data-end=\"551\">\u042d\u0442\u0430 \u043a\u043b\u0435\u0442\u0447\u0430\u0442\u0430\u044f \u043f\u0430\u043d\u0430\u043c\u0430 \u0440\u0443\u0447\u043d\u043e\u0439 \u0440\u0430\u0431\u043e\u0442\u044b \u0432 \u044f\u0440\u043a\u0438\u0445 \u0440\u043e\u0437\u043e\u0432\u044b\u0445 \u0438 \u043a\u0440\u0430\u0441\u043d\u044b\u0445 \u0442\u043e\u043d\u0430\u0445 \u0432\u044b\u0434\u0435\u043b\u044f\u0435\u0442 \u043e\u0431\u044b\u0447\u043d\u044b\u0435 \u043b\u0435\u0442\u043d\u0438\u0435 \u0430\u043a\u0441\u0435\u0441\u0441\u0443\u0430\u0440\u044b. \u0415\u0451 \u0443\u043d\u0438\u0441\u0435\u043a\u0441-\u0434\u0438\u0437\u0430\u0439\u043d \u0432\u043e\u043f\u043b\u043e\u0449\u0430\u0435\u0442 \u0433\u0435\u043d\u0434\u0435\u0440\u043d\u044b\u0439 \u0441\u0442\u0438\u043b\u044c \u0432 \u0435\u0433\u043e \u0441\u0430\u043c\u043e\u0439 \u044d\u043d\u0435\u0440\u0433\u0438\u0447\u043d\u043e\u0439 \u0438 \u0444\u0443\u043d\u043a\u0446\u0438\u043e\u043d\u0430\u043b\u044c\u043d\u043e\u0439 \u0444\u043e\u0440\u043c\u0435. \u042f\u0440\u043a\u0438\u0439 \u0438 \u044d\u0444\u0444\u0435\u043a\u0442\u043d\u044b\u0439 \u0443\u0437\u043e\u0440 \u0434\u0435\u043b\u0430\u0435\u0442 \u0435\u0451 \u044d\u0444\u0444\u0435\u043a\u0442\u043d\u044b\u043c \u0430\u043a\u0441\u0435\u0441\u0441\u0443\u0430\u0440\u043e\u043c, \u043a\u043e\u0442\u043e\u0440\u044b\u0439 \u0434\u043e\u043f\u043e\u043b\u043d\u0438\u0442 \u0432\u0430\u0448 \u043e\u0431\u0440\u0430\u0437 \u043a\u0430\u043a \u0432 \u0433\u043e\u0440\u043e\u0434\u0435, \u0442\u0430\u043a \u0438 \u043d\u0430 \u043e\u0442\u0434\u044b\u0445\u0435!<\/p>\n<p data-start=\"553\" data-end=\"788\">\u042d\u0442\u0430 \u0442\u0449\u0430\u0442\u0435\u043b\u044c\u043d\u043e \u0441\u0432\u044f\u0437\u0430\u043d\u043d\u0430\u044f \u043a\u0440\u044e\u0447\u043a\u043e\u043c \u0448\u0430\u043f\u043a\u0430 \u043e\u0431\u0435\u0441\u043f\u0435\u0447\u0438\u0442 \u043a\u043e\u043c\u0444\u043e\u0440\u0442 \u0432 \u0436\u0430\u0440\u043a\u0443\u044e \u043f\u043e\u0433\u043e\u0434\u0443 \u0431\u043b\u0430\u0433\u043e\u0434\u0430\u0440\u044f \u0434\u044b\u0448\u0430\u0449\u0435\u0439 \u0438 \u043c\u044f\u0433\u043a\u043e\u0439 \u0442\u0435\u043a\u0441\u0442\u0443\u0440\u0435. \u0415\u0451 \u043a\u043e\u0437\u044b\u0440\u0451\u043a \u0437\u0430\u0449\u0438\u0449\u0430\u0435\u0442 \u043e\u0442 \u0441\u043e\u043b\u043d\u0446\u0430 \u0438 \u043f\u043e\u0434\u0445\u043e\u0434\u0438\u0442 \u0434\u043b\u044f \u0441\u0430\u043c\u044b\u0445 \u0440\u0430\u0437\u043d\u044b\u0445 \u0446\u0435\u043b\u0435\u0439: \u043e\u0442 \u0444\u0435\u0441\u0442\u0438\u0432\u0430\u043b\u0435\u0439 \u0434\u043e \u043f\u043b\u044f\u0436\u0435\u0439.<\/p>\n<hr data-start=\"790\" data-end=\"793\" \/>\n<h3 data-start=\"795\" data-end=\"817\">\ud83e\uddf5 \u041c\u0430\u0442\u0435\u0440\u0438\u0430\u043b\u044c\u043d\u0430\u044f \u0438\u043d\u0444\u043e\u0440\u043c\u0430\u0446\u0438\u044f<img loading=\"lazy\" decoding=\"async\" class=\"wd-lazy-fade size-full wp-image-28000 alignright\" style=\"color: #333333; font-size: 16px;\" src=\"https:\/\/tuffhandicraft.com\/wp-content\/themes\/woodmart\/images\/lazy.svg\" data-src=\"https:\/\/tuffhandicraft.com\/wp-content\/uploads\/2021\/08\/footer-logo-1.png\" alt=\"\u041a\u043b\u0435\u0442\u0447\u0430\u0442\u0430\u044f \u043f\u0430\u043d\u0430\u043c\u0430 \u2013 \u0443\u043d\u0438\u0441\u0435\u043a\u0441, \u0440\u043e\u0437\u043e\u0432\u0430\u044f \u0438 \u043a\u0440\u0430\u0441\u043d\u0430\u044f\" width=\"220\" height=\"40\" title=\"\" srcset=\"\" data-srcset=\"https:\/\/tuffhandicraft.com\/wp-content\/uploads\/2021\/08\/footer-logo-1.png 220w, https:\/\/tuffhandicraft.com\/wp-content\/uploads\/2021\/08\/footer-logo-1-150x27.png 150w\" sizes=\"auto, (max-width: 220px) 100vw, 220px\" \/><\/h3>\n<ul data-start=\"819\" data-end=\"939\">\n<li data-start=\"819\" data-end=\"856\">\n<p data-start=\"821\" data-end=\"856\">%100 pamuk i\u00e7erikli t\u0131\u011f i\u015fi iplik<\/p>\n<\/li>\n<li data-start=\"857\" data-end=\"902\">\n<p data-start=\"859\" data-end=\"902\">\u0414\u044b\u0448\u0430\u0449\u0430\u044f, \u043b\u0435\u0433\u043a\u0430\u044f \u0438 \u0432\u043b\u0430\u0433\u043e\u043d\u0435\u043f\u0440\u043e\u043d\u0438\u0446\u0430\u0435\u043c\u0430\u044f \u0441\u0442\u0440\u0443\u043a\u0442\u0443\u0440\u0430<\/p>\n<\/li>\n<li data-start=\"903\" data-end=\"939\">\n<p data-start=\"905\" data-end=\"939\">\u0413\u0438\u0431\u043a\u0430\u044f \u0444\u043e\u0440\u043c\u0430, \u0443\u0434\u043e\u0431\u0441\u0442\u0432\u043e \u043f\u0435\u0440\u0435\u043d\u043e\u0441\u043a\u0438<\/p>\n<\/li>\n<\/ul>\n<hr data-start=\"941\" data-end=\"944\" \/>\n<h3 data-start=\"946\" data-end=\"977\">\ud83c\udf08 \u041e\u0431\u043b\u0430\u0441\u0442\u044c \u043f\u0440\u0438\u043c\u0435\u043d\u0435\u043d\u0438\u044f \u0438 \u043a\u043e\u043c\u0444\u043e\u0440\u0442<\/h3>\n<p data-start=\"979\" data-end=\"1050\">\u042d\u0442\u0430 \u043f\u0430\u043d\u0430\u043c\u0430 \u2014 \u043f\u0440\u0430\u043a\u0442\u0438\u0447\u043d\u044b\u0439 \u043b\u0435\u0442\u043d\u0438\u0439 \u043f\u0440\u0435\u0434\u043c\u0435\u0442 \u043e\u0434\u0435\u0436\u0434\u044b \u0434\u043b\u044f \u0442\u0435\u0445, \u0443 \u043a\u043e\u0433\u043e \u0435\u0441\u0442\u044c \u0447\u0443\u0432\u0441\u0442\u0432\u043e \u0441\u0442\u0438\u043b\u044f:<\/p>\n<ul data-start=\"1051\" data-end=\"1198\">\n<li data-start=\"1051\" data-end=\"1084\">\n<p data-start=\"1053\" data-end=\"1084\"><a href=\"https:\/\/tuffhandicraft.com\/ru\/%d0%bf%d1%80%d0%be%d0%b4%d1%83%d0%ba%d1%82\/kagit-ip-mini-canta\/\">\u041a\u0430\u0436\u0434\u044b\u0439 \u0434\u0435\u043d\u044c<\/a> \u043d\u0430 \u0433\u043e\u0440\u043e\u0434\u0441\u043a\u0438\u0445 \u043f\u0440\u043e\u0433\u0443\u043b\u043a\u0430\u0445<\/p>\n<\/li>\n<li data-start=\"1085\" data-end=\"1115\">\n<p data-start=\"1087\" data-end=\"1115\">\u0417\u0430\u0449\u0438\u0449\u0430\u044f \u043e\u0442 \u0441\u043e\u043b\u043d\u0446\u0430 \u043d\u0430 \u043f\u043b\u044f\u0436\u0435<\/p>\n<\/li>\n<li data-start=\"1116\" data-end=\"1149\">\n<p data-start=\"1118\" data-end=\"1149\">\u0412 \u043c\u0435\u0441\u0442\u0430\u0445 \u043f\u0440\u043e\u0432\u0435\u0434\u0435\u043d\u0438\u044f \u0444\u0435\u0441\u0442\u0438\u0432\u0430\u043b\u0435\u0439 \u0438 \u043a\u0435\u043c\u043f\u0438\u043d\u0433\u043e\u0432<\/p>\n<\/li>\n<li data-start=\"1150\" data-end=\"1198\">\n<p data-start=\"1152\" data-end=\"1198\">\u0418\u0434\u0435\u0430\u043b\u044c\u043d\u043e \u043f\u043e\u0434\u0445\u043e\u0434\u0438\u0442 \u0434\u043b\u044f \u0442\u0435\u0445, \u043a\u0442\u043e \u0445\u043e\u0447\u0435\u0442 \u043f\u043e\u0434\u0447\u0435\u0440\u043a\u043d\u0443\u0442\u044c \u0441\u0432\u043e\u0439 \u0441\u0442\u0438\u043b\u044c.<\/p>\n<\/li>\n<\/ul>\n<p data-start=\"1200\" data-end=\"1255\">\u0411\u043b\u0430\u0433\u043e\u0434\u0430\u0440\u044f \u0441\u0432\u043e\u0435\u043c\u0443 \u0443\u043d\u0438\u0441\u0435\u043a\u0441-\u0434\u0438\u0437\u0430\u0439\u043d\u0443 \u043e\u043d \u043d\u0430\u0439\u0434\u0435\u0442 \u043c\u0435\u0441\u0442\u043e \u0432 \u0433\u0430\u0440\u0434\u0435\u0440\u043e\u0431\u0435 \u043a\u0430\u0436\u0434\u043e\u0433\u043e.<\/p>\n<hr data-start=\"1257\" data-end=\"1260\" \/>\n<h3 data-start=\"1262\" data-end=\"1281\">\ud83c\udfa8 \u041f\u0440\u0435\u0434\u043b\u043e\u0436\u0435\u043d\u0438\u0435 \u0441\u0442\u0438\u043b\u044f<\/h3>\n<p data-start=\"1283\" data-end=\"1447\">\u0421\u043e\u0447\u0435\u0442\u0430\u0439\u0442\u0435 \u0435\u0433\u043e \u0441 \u0443\u043a\u043e\u0440\u043e\u0447\u0435\u043d\u043d\u044b\u043c \u0442\u043e\u043f\u043e\u043c, \u0448\u043e\u0440\u0442\u0430\u043c\u0438 \u0441 \u0432\u044b\u0441\u043e\u043a\u043e\u0439 \u0442\u0430\u043b\u0438\u0435\u0439 \u0438 \u0441\u0430\u043d\u0434\u0430\u043b\u0438\u044f\u043c\u0438, \u0447\u0442\u043e\u0431\u044b \u0441\u043e\u0437\u0434\u0430\u0442\u044c \u044f\u0440\u043a\u0438\u0439 \u0438 \u043c\u043e\u043b\u043e\u0434\u0435\u0436\u043d\u044b\u0439 \u043e\u0431\u0440\u0430\u0437. \u041e\u043d \u043e\u0442\u043b\u0438\u0447\u043d\u043e \u0434\u043e\u043f\u043e\u043b\u043d\u0438\u0442 \u043e\u0431\u0440\u0430\u0437\u044b \u0432 \u0441\u0442\u0438\u043b\u0435 \u0431\u043e\u0445\u043e \u0438\u043b\u0438 \u0440\u0435\u0439\u0432.<\/p>\n<p data-start=\"877\" data-end=\"1029\">\u0414\u043b\u044f \u0434\u0440\u0443\u0433\u0438\u0445 \u043c\u043e\u0434\u0435\u043b\u0435\u0439, \u043a\u043e\u0442\u043e\u0440\u044b\u0435 \u043c\u043e\u0433\u0443\u0442 \u043f\u043e\u0434\u043e\u0439\u0442\u0438 \u0432\u0430\u0448\u0435\u043c\u0443 \u0441\u0442\u0438\u043b\u044e \u0438 \u043d\u0435 \u0442\u043e\u043b\u044c\u043a\u043e, \u043f\u043e\u0441\u0435\u0442\u0438\u0442\u0435 Tuff\u00a0<a href=\"https:\/\/www.pinterest.com\/TuffHandicraft01\/\" target=\"_blank\" rel=\"noopener\">\u041f\u0438\u043d\u0442\u0435\u0440\u0435\u0441\u0442<\/a>\u00a0\u043f\u043e\u0441\u0435\u0442\u0438\u0442\u0435 \u043c\u0438\u0440.<\/p>\n<hr data-start=\"1449\" data-end=\"1452\" \/>\n<h3 data-start=\"1454\" data-end=\"1490\">\u267b\ufe0f \u0420\u0443\u0447\u043d\u0430\u044f \u0440\u0430\u0431\u043e\u0442\u0430 \u0438 \u044d\u043a\u043e\u043b\u043e\u0433\u0438\u0447\u043d\u043e\u0441\u0442\u044c<\/h3>\n<p data-start=\"1492\" data-end=\"1679\">\u042d\u0442\u0438 \u043f\u0430\u043d\u0430\u043c\u044b \u0440\u0443\u0447\u043d\u043e\u0439 \u0432\u044f\u0437\u043a\u0438 \u0438\u0437\u0433\u043e\u0442\u043e\u0432\u043b\u0435\u043d\u044b \u0441 \u0443\u0447\u0451\u0442\u043e\u043c \u043f\u0440\u0438\u043d\u0446\u0438\u043f\u043e\u0432 \u044d\u043a\u043e\u043b\u043e\u0433\u0438\u0447\u043d\u043e\u0439 \u043c\u043e\u0434\u044b \u0438 \u044d\u0442\u0438\u0447\u043d\u043e\u0433\u043e \u043f\u0440\u043e\u0438\u0437\u0432\u043e\u0434\u0441\u0442\u0432\u0430. \u041e\u043d\u0438 \u044f\u0432\u043b\u044f\u044e\u0442\u0441\u044f \u0440\u0435\u0437\u0443\u043b\u044c\u0442\u0430\u0442\u043e\u043c \u043e\u0440\u0438\u0433\u0438\u043d\u0430\u043b\u044c\u043d\u043e\u0433\u043e \u0438 \u044d\u043a\u043e\u043b\u043e\u0433\u0438\u0447\u043d\u043e\u0433\u043e \u043f\u043e\u0434\u0445\u043e\u0434\u0430, \u0438\u0441\u043a\u043b\u044e\u0447\u0430\u044e\u0449\u0435\u0433\u043e \u043c\u0430\u0441\u0441\u043e\u0432\u043e\u0435 \u043f\u0440\u043e\u0438\u0437\u0432\u043e\u0434\u0441\u0442\u0432\u043e.<\/p>\n<hr data-start=\"1681\" data-end=\"1684\" \/>\n<h3 data-start=\"1686\" data-end=\"1707\">\ud83e\uddfc \u0418\u043d\u0441\u0442\u0440\u0443\u043a\u0446\u0438\u0438 \u043f\u043e \u0443\u0445\u043e\u0434\u0443<\/h3>\n<ul data-start=\"1709\" data-end=\"1819\">\n<li data-start=\"1709\" data-end=\"1739\">\n<p data-start=\"1711\" data-end=\"1739\">\u0420\u0443\u0447\u043d\u0430\u044f \u0441\u0442\u0438\u0440\u043a\u0430 \u0432 \u0445\u043e\u043b\u043e\u0434\u043d\u043e\u0439 \u0432\u043e\u0434\u0435<\/p>\n<\/li>\n<li data-start=\"1740\" data-end=\"1782\">\n<p data-start=\"1742\" data-end=\"1782\">\u041d\u0435 \u0440\u0435\u043a\u043e\u043c\u0435\u043d\u0434\u0443\u0435\u0442\u0441\u044f \u043e\u0442\u0431\u0435\u043b\u0438\u0432\u0430\u0442\u044c \u0438 \u0441\u0443\u0448\u0438\u0442\u044c \u0432 \u0441\u0442\u0438\u0440\u0430\u043b\u044c\u043d\u043e\u0439 \u043c\u0430\u0448\u0438\u043d\u0435.<\/p>\n<\/li>\n<li data-start=\"1783\" data-end=\"1819\">\n<p data-start=\"1785\" data-end=\"1819\">\u0420\u0430\u0437\u043b\u043e\u0436\u0438\u0442\u0435 \u0435\u0433\u043e \u043d\u0430 \u0433\u043e\u0440\u0438\u0437\u043e\u043d\u0442\u0430\u043b\u044c\u043d\u043e\u0439 \u043f\u043e\u0432\u0435\u0440\u0445\u043d\u043e\u0441\u0442\u0438, \u0447\u0442\u043e\u0431\u044b \u043e\u043d \u0432\u044b\u0441\u043e\u0445 \u0438 \u0441\u043e\u0445\u0440\u0430\u043d\u0438\u043b \u0441\u0432\u043e\u044e \u0444\u043e\u0440\u043c\u0443.<\/p>\n<\/li>\n<\/ul>\n<hr data-start=\"1821\" data-end=\"1824\" \/>\n<h3 data-start=\"1826\" data-end=\"1868\">\u2728 \u041f\u043e\u0447\u0435\u043c\u0443 \u0432\u0430\u043c \u0441\u0442\u043e\u0438\u0442 \u0432\u044b\u0431\u0440\u0430\u0442\u044c \u044d\u0442\u0443 \u0448\u043b\u044f\u043f\u0443?<\/h3>\n<ul data-start=\"1870\" data-end=\"2024\">\n<li data-start=\"1870\" data-end=\"1888\">\n<p data-start=\"1872\" data-end=\"1888\">%100 el yap\u0131m\u0131<\/p>\n<\/li>\n<li data-start=\"1889\" data-end=\"1921\">\n<p data-start=\"1891\" data-end=\"1921\">\u041a\u0440\u0430\u0441\u043e\u0447\u043d\u044b\u0439 \u0438 \u043e\u0440\u0438\u0433\u0438\u043d\u0430\u043b\u044c\u043d\u044b\u0439 \u0443\u0437\u043e\u0440<\/p>\n<\/li>\n<li data-start=\"1922\" data-end=\"1950\">\n<p data-start=\"1924\" data-end=\"1950\">\u0423\u043d\u0438\u0441\u0435\u043a\u0441 \u0438 \u043b\u0435\u0442\u043d\u0438\u0439 \u0434\u0438\u0437\u0430\u0439\u043d<\/p>\n<\/li>\n<li data-start=\"1951\" data-end=\"1990\">\n<p data-start=\"1953\" data-end=\"1990\">\u041b\u0435\u0433\u043a\u0430\u044f \u0438 \u0434\u044b\u0448\u0430\u0449\u0430\u044f \u0445\u043b\u043e\u043f\u043a\u043e\u0432\u0430\u044f \u043f\u0440\u044f\u0436\u0430<\/p>\n<\/li>\n<li data-start=\"1991\" data-end=\"2024\">\n<p data-start=\"1993\" data-end=\"2024\">\u0423\u0441\u0442\u043e\u0439\u0447\u0438\u0432\u043e\u0435 \u0438 \u044d\u0442\u0438\u0447\u043d\u043e\u0435 \u043f\u0440\u043e\u0438\u0437\u0432\u043e\u0434\u0441\u0442\u0432\u043e<\/p>\n<\/li>\n<\/ul>","protected":false},"excerpt":{"rendered":"<p data-start=\"177\" data-end=\"338\">El yap\u0131m\u0131 damal\u0131 bucket \u015fapka; pembe ve k\u0131rm\u0131z\u0131 renkleriyle dikkat \u00e7eker, %100 pamuk ipten \u00f6r\u00fclm\u00fc\u015ft\u00fcr. Unisex tasar\u0131m\u0131yla yaz stilinize \u00f6zg\u00fcnl\u00fck ve konfor katar.<\/p>","protected":false},"featured_media":28320,"comment_status":"open","ping_status":"closed","template":"","meta":[],"product_brand":[691],"product_cat":[711,693],"product_tag":[1199,938,1203,1194,1206,1202,1201,939,948,769,1205,1197,1204,1196,940,1200,762,878,1198,1195,944],"class_list":{"0":"post-27635","1":"product","2":"type-product","3":"status-publish","4":"has-post-thumbnail","6":"product_brand-tuffhandicraft","7":"product_cat-aksesuarlar","8":"product_cat-sapka","9":"product_tag-boho-stil-sapka","10":"product_tag-bucket-sapka","11":"product_tag-dama-deseni","12":"product_tag-damali-bucket-sapka","13":"product_tag-damali-kova-sapka","14":"product_tag-damali-sapka","15":"product_tag-el-orgusu-yazlik-sapka","16":"product_tag-el-yapimi-sapka","17":"product_tag-festival-sapkasi","18":"product_tag-hediye-fikirleri","19":"product_tag-kova-sapka","20":"product_tag-pamuk-ip-sapka","21":"product_tag-pamuk-sapka","22":"product_tag-pembe-kirmizi-sapka","23":"product_tag-renkli-sapka","24":"product_tag-surdurulebilir-aksesuar","25":"product_tag-surdurulebilir-moda","26":"product_tag-tig-isi-sapka","27":"product_tag-unisex-yaz-sapkasi","28":"product_tag-yazlik-orgu-sapka","29":"product_tag-yazlik-sapka","31":"first","32":"instock","33":"taxable","34":"shipping-taxable","35":"purchasable","36":"product-type-simple"},"_links":{"self":[{"href":"https:\/\/tuffhandicraft.com\/ru\/wp-json\/wp\/v2\/product\/27635","targetHints":{"allow":["GET"]}}],"collection":[{"href":"https:\/\/tuffhandicraft.com\/ru\/wp-json\/wp\/v2\/product"}],"about":[{"href":"https:\/\/tuffhandicraft.com\/ru\/wp-json\/wp\/v2\/types\/product"}],"replies":[{"embeddable":true,"href":"https:\/\/tuffhandicraft.com\/ru\/wp-json\/wp\/v2\/comments?post=27635"}],"version-history":[{"count":0,"href":"https:\/\/tuffhandicraft.com\/ru\/wp-json\/wp\/v2\/product\/27635\/revisions"}],"wp:featuredmedia":[{"embeddable":true,"href":"https:\/\/tuffhandicraft.com\/ru\/wp-json\/wp\/v2\/media\/28320"}],"wp:attachment":[{"href":"https:\/\/tuffhandicraft.com\/ru\/wp-json\/wp\/v2\/media?parent=27635"}],"wp:term":[{"taxonomy":"product_brand","embeddable":true,"href":"https:\/\/tuffhandicraft.com\/ru\/wp-json\/wp\/v2\/product_brand?post=27635"},{"taxonomy":"product_cat","embeddable":true,"href":"https:\/\/tuffhandicraft.com\/ru\/wp-json\/wp\/v2\/product_cat?post=27635"},{"taxonomy":"product_tag","embeddable":true,"href":"https:\/\/tuffhandicraft.com\/ru\/wp-json\/wp\/v2\/product_tag?post=27635"}],"curies":[{"name":"wp","href":"https:\/\/api.w.org\/{rel}","templated":true}]}}