{"id":27637,"date":"2025-05-11T00:24:25","date_gmt":"2025-05-10T21:24:25","guid":{"rendered":"https:\/\/tasarim.yusufkecici.com.tr\/urun\/handmade-orange-crochet-bralette-boho-crop-top-festival-outfit-adjustable-crochet-top-vibrant-color-bralette-gift-for-her\/"},"modified":"2025-08-10T16:01:46","modified_gmt":"2025-08-10T13:01:46","slug":"turuncu-boho-bralet","status":"publish","type":"product","link":"https:\/\/tuffhandicraft.com\/ru\/magaza\/crop-top\/turuncu-boho-bralet\/","title":{"rendered":"\u041e\u0440\u0430\u043d\u0436\u0435\u0432\u044b\u0439 \u0431\u043e\u0445\u043e-\u0431\u0440\u0430\u043b\u0435\u0442 \u2013 \u043b\u0435\u0442\u043d\u0438\u0439 \u0432\u044f\u0437\u0430\u043d\u044b\u0439 \u043a\u0440\u044e\u0447\u043a\u043e\u043c \u0442\u043e\u043f"},"content":{"rendered":"<h3 data-start=\"162\" data-end=\"223\">\u2600\ufe0f <strong data-start=\"169\" data-end=\"223\">\u041e\u0440\u0430\u043d\u0436\u0435\u0432\u044b\u0439 \u0431\u043e\u0445\u043e-\u0431\u0440\u0430\u043b\u0435\u0442 \u2013 \u043b\u0435\u0442\u043d\u0438\u0439 \u0432\u044f\u0437\u0430\u043d\u044b\u0439 \u043a\u0440\u044e\u0447\u043a\u043e\u043c \u0442\u043e\u043f<\/strong><\/h3>\n<p data-start=\"225\" data-end=\"511\">\u042d\u0442\u043e\u0442 \u043e\u0440\u0430\u043d\u0436\u0435\u0432\u044b\u0439 \u0431\u044e\u0441\u0442\u0433\u0430\u043b\u044c\u0442\u0435\u0440-\u0431\u0440\u0430\u043b\u0435\u0442\u0442 \u0440\u0443\u0447\u043d\u043e\u0439 \u0440\u0430\u0431\u043e\u0442\u044b \u2014 \u0443\u043d\u0438\u043a\u0430\u043b\u044c\u043d\u043e\u0435 \u0438\u0437\u0434\u0435\u043b\u0438\u0435, \u043e\u0442\u0440\u0430\u0436\u0430\u044e\u0449\u0435\u0435 \u044d\u043d\u0435\u0440\u0433\u0438\u044e \u0438 \u0441\u0432\u043e\u0431\u043e\u0434\u0443 \u0431\u043e\u0433\u0435\u043c\u043d\u043e\u0433\u043e \u0441\u0442\u0438\u043b\u044f. \u0415\u0433\u043e \u043b\u0451\u0433\u043a\u0430\u044f \u043a\u043e\u043d\u0441\u0442\u0440\u0443\u043a\u0446\u0438\u044f \u0438 \u0434\u044b\u0448\u0430\u0449\u0430\u044f \u0432\u044f\u0437\u0430\u043d\u0430\u044f \u043a\u0440\u044e\u0447\u043a\u043e\u043c \u0442\u0435\u043a\u0441\u0442\u0443\u0440\u0430 \u0434\u0435\u043b\u0430\u044e\u0442 \u0435\u0433\u043e \u043d\u0435\u0437\u0430\u043c\u0435\u043d\u0438\u043c\u044b\u043c \u043f\u0440\u0435\u0434\u043c\u0435\u0442\u043e\u043c \u0433\u0430\u0440\u0434\u0435\u0440\u043e\u0431\u0430 \u043b\u0435\u0442\u043e\u043c. \u041e\u043d \u0438\u0434\u0435\u0430\u043b\u044c\u043d\u043e \u043f\u043e\u0434\u0445\u043e\u0434\u0438\u0442 \u0434\u043b\u044f \u0441\u0430\u043c\u044b\u0445 \u0440\u0430\u0437\u043d\u044b\u0445 \u043e\u0431\u0440\u0430\u0437\u043e\u0432: \u043e\u0442 \u043f\u0440\u043e\u0433\u0443\u043b\u043e\u043a \u043f\u043e \u043f\u043b\u044f\u0436\u0443 \u0434\u043e \u0444\u0435\u0441\u0442\u0438\u0432\u0430\u043b\u0435\u0439, \u043e\u0442 \u0433\u043e\u0440\u043e\u0434\u0441\u043a\u043e\u0439 \u0436\u0438\u0437\u043d\u0438 \u0434\u043e \u043e\u0442\u0434\u044b\u0445\u0430.<\/p>\n<p data-start=\"513\" data-end=\"764\">\u042d\u0442\u043e\u0442 \u043f\u043e\u043b\u043d\u043e\u0441\u0442\u044c\u044e \u0441\u0432\u044f\u0437\u0430\u043d\u043d\u044b\u0439 \u0432\u0440\u0443\u0447\u043d\u0443\u044e \u0442\u043e\u043f \u0432\u044b\u0434\u0435\u043b\u044f\u0435\u0442\u0441\u044f \u044f\u0440\u043a\u0438\u043c \u043e\u0440\u0430\u043d\u0436\u0435\u0432\u044b\u043c \u0446\u0432\u0435\u0442\u043e\u043c \u0438 \u0434\u0435\u0442\u0430\u043b\u044c\u043d\u044b\u043c \u0443\u0437\u043e\u0440\u043e\u043c, \u043a\u043e\u0442\u043e\u0440\u044b\u0439 \u0434\u043e\u0431\u0430\u0432\u0438\u0442 \u044d\u043d\u0435\u0440\u0433\u0438\u0438 \u0432 \u0436\u0430\u0440\u043a\u0438\u0435 \u043b\u0435\u0442\u043d\u0438\u0435 \u0434\u043d\u0438. \u0420\u0435\u0433\u0443\u043b\u0438\u0440\u0443\u0435\u043c\u044b\u0435 \u043a\u0440\u0443\u0436\u0435\u0432\u043d\u044b\u0435 \u0437\u0430\u0441\u0442\u0451\u0436\u043a\u0438 \u043e\u0431\u0435\u0441\u043f\u0435\u0447\u0438\u0432\u0430\u044e\u0442 \u0443\u0434\u043e\u0431\u043d\u0443\u044e \u0438 \u0441\u0442\u0438\u043b\u044c\u043d\u0443\u044e \u043f\u043e\u0441\u0430\u0434\u043a\u0443 \u0434\u043b\u044f \u0448\u0438\u0440\u043e\u043a\u043e\u0433\u043e \u0434\u0438\u0430\u043f\u0430\u0437\u043e\u043d\u0430 \u0440\u0430\u0437\u043c\u0435\u0440\u043e\u0432.<\/p>\n<hr data-start=\"766\" data-end=\"769\" \/>\n<h3 data-start=\"771\" data-end=\"797\">\ud83e\uddf5 <strong data-start=\"778\" data-end=\"797\">\u0421\u0443\u0449\u0435\u0441\u0442\u0432\u0435\u043d\u043d\u0430\u044f \u0438\u043d\u0444\u043e\u0440\u043c\u0430\u0446\u0438\u044f<\/strong><img loading=\"lazy\" decoding=\"async\" class=\"wd-lazy-fade size-full wp-image-28000 alignright\" style=\"color: #333333; font-size: 16px;\" src=\"https:\/\/tuffhandicraft.com\/wp-content\/themes\/woodmart\/images\/lazy.svg\" data-src=\"https:\/\/tuffhandicraft.com\/wp-content\/uploads\/2021\/08\/footer-logo-1.png\" alt=\"Turuncu Boho Bralet\" width=\"220\" height=\"40\" title=\"\" srcset=\"\" data-srcset=\"https:\/\/tuffhandicraft.com\/wp-content\/uploads\/2021\/08\/footer-logo-1.png 220w, https:\/\/tuffhandicraft.com\/wp-content\/uploads\/2021\/08\/footer-logo-1-150x27.png 150w\" sizes=\"auto, (max-width: 220px) 100vw, 220px\" \/><\/h3>\n<ul data-start=\"799\" data-end=\"945\">\n<li data-start=\"799\" data-end=\"836\">\n<p data-start=\"801\" data-end=\"836\">%100 pamuk i\u00e7erikli t\u0131\u011f i\u015fi iplik<\/p>\n<\/li>\n<li data-start=\"837\" data-end=\"869\">\n<p data-start=\"839\" data-end=\"869\">\u041b\u0435\u0433\u043a\u0430\u044f \u0438 \u0434\u044b\u0448\u0430\u0449\u0430\u044f \u0441\u0442\u0440\u0443\u043a\u0442\u0443\u0440\u0430<\/p>\n<\/li>\n<li data-start=\"870\" data-end=\"902\">\n<p data-start=\"872\" data-end=\"902\">\u041d\u0435 \u0432\u044b\u0437\u044b\u0432\u0430\u0435\u0442 \u0440\u0430\u0437\u0434\u0440\u0430\u0436\u0435\u043d\u0438\u044f \u043a\u043e\u0436\u0438, \u0442\u0435\u043a\u0441\u0442\u0443\u0440\u0430 \u043d\u0435 \u0432\u044b\u0437\u044b\u0432\u0430\u0435\u0442 \u043f\u043e\u0442\u043e\u043e\u0442\u0434\u0435\u043b\u0435\u043d\u0438\u044f<\/p>\n<\/li>\n<li data-start=\"903\" data-end=\"945\">\n<p data-start=\"905\" data-end=\"945\">\u0420\u0435\u0433\u0443\u043b\u0438\u0440\u0443\u0435\u043c\u044b\u0435 \u0437\u0430\u0432\u044f\u0437\u043a\u0438 \u043d\u0430 \u0441\u043f\u0438\u043d\u0435 \u0438 \u0448\u0435\u0435<\/p>\n<\/li>\n<\/ul>\n<hr data-start=\"947\" data-end=\"950\" \/>\n<h3 data-start=\"952\" data-end=\"987\">\ud83c\udf34 <strong data-start=\"959\" data-end=\"987\">\u041e\u0431\u043b\u0430\u0441\u0442\u044c \u043f\u0440\u0438\u043c\u0435\u043d\u0435\u043d\u0438\u044f \u0438 \u043a\u043e\u043c\u0444\u043e\u0440\u0442<\/strong><\/h3>\n<p data-start=\"989\" data-end=\"1001\">\u042d\u0442\u043e\u0442 \u0431\u044e\u0441\u0442\u0433\u0430\u043b\u044c\u0442\u0435\u0440 \u0431\u0435\u0437 \u043a\u043e\u0441\u0442\u043e\u0447\u0435\u043a;<\/p>\n<ul data-start=\"1002\" data-end=\"1167\">\n<li data-start=\"1002\" data-end=\"1026\">\n<p data-start=\"1004\" data-end=\"1026\">\u0412\u043c\u0435\u0441\u0442\u043e \u0431\u0438\u043a\u0438\u043d\u0438 \u043d\u0430 \u043f\u043b\u044f\u0436\u0435<\/p>\n<\/li>\n<li data-start=\"1027\" data-end=\"1061\">\n<p data-start=\"1029\" data-end=\"1061\"><a href=\"https:\/\/tuffhandicraft.com\/ru\/%d0%bf%d1%80%d0%be%d0%b4%d1%83%d0%ba%d1%82\/denizkizi-rave-crop-top\/\">\u0412 \u0444\u0435\u0441\u0442\u0438\u0432\u0430\u043b\u044c\u043d\u044b\u0445 \u0438 \u043a\u0435\u043c\u043f\u0438\u043d\u0433\u043e\u0432\u044b\u0445 \u043a\u043e\u043c\u0431\u0438\u043d\u0430\u0446\u0438\u044f\u0445<\/a><\/p>\n<\/li>\n<li data-start=\"1062\" data-end=\"1102\">\n<p data-start=\"1064\" data-end=\"1102\">\u041f\u043e\u0432\u0441\u0435\u0434\u043d\u0435\u0432\u043d\u044b\u0435 \u043b\u0435\u0442\u043d\u0438\u0435 \u0441\u0442\u0438\u043b\u0438, \u0442\u0430\u043a\u0438\u0435 \u043a\u0430\u043a \u0443\u043a\u043e\u0440\u043e\u0447\u0435\u043d\u043d\u044b\u0439 \u0442\u043e\u043f<\/p>\n<\/li>\n<li data-start=\"1103\" data-end=\"1167\">\n<p data-start=\"1105\" data-end=\"1167\">\u041e\u0442\u043b\u0438\u0447\u043d\u043e \u0441\u043c\u043e\u0442\u0440\u0438\u0442\u0441\u044f \u0441 \u0431\u0440\u044e\u043a\u0430\u043c\u0438 \u0441 \u0432\u044b\u0441\u043e\u043a\u043e\u0439 \u0442\u0430\u043b\u0438\u0435\u0439, \u0448\u043e\u0440\u0442\u0430\u043c\u0438 \u0438\u043b\u0438 \u044e\u0431\u043a\u0430\u043c\u0438.<\/p>\n<\/li>\n<\/ul>\n<p data-start=\"1169\" data-end=\"1262\">\u0411\u043b\u0430\u0433\u043e\u0434\u0430\u0440\u044f \u0440\u0435\u0433\u0443\u043b\u0438\u0440\u0443\u0435\u043c\u043e\u0439 \u0441\u0442\u0440\u0443\u043a\u0442\u0443\u0440\u0435 \u043e\u043d \u0430\u0434\u0430\u043f\u0442\u0438\u0440\u0443\u0435\u0442\u0441\u044f \u043a \u0440\u0430\u0437\u043d\u044b\u043c \u0442\u0438\u043f\u0430\u043c \u0442\u0435\u043b\u043e\u0441\u043b\u043e\u0436\u0435\u043d\u0438\u044f \u0438 \u0431\u043b\u0430\u0433\u043e\u0434\u0430\u0440\u044f \u0441\u0432\u043e\u0435\u0439 \u043b\u0435\u0433\u043a\u043e\u0441\u0442\u0438 \u043e\u0431\u0435\u0441\u043f\u0435\u0447\u0438\u0432\u0430\u0435\u0442 \u043a\u043e\u043c\u0444\u043e\u0440\u0442 \u0432 \u0442\u0435\u0447\u0435\u043d\u0438\u0435 \u0432\u0441\u0435\u0433\u043e \u0434\u043d\u044f.<\/p>\n<hr data-start=\"1264\" data-end=\"1267\" \/>\n<h3 data-start=\"1269\" data-end=\"1292\">\ud83c\udfa8 <strong data-start=\"1276\" data-end=\"1292\">\u041f\u0440\u0435\u0434\u043b\u043e\u0436\u0435\u043d\u0438\u0435 \u0441\u0442\u0438\u043b\u044f<\/strong><\/h3>\n<p data-start=\"1294\" data-end=\"1510\">\u0414\u043e\u043f\u043e\u043b\u043d\u0438\u0442\u0435 \u043e\u0440\u0430\u043d\u0436\u0435\u0432\u044b\u0439 \u0431\u0440\u0430\u043b\u0435\u0442\u0442 \u0431\u0435\u043b\u044b\u043c\u0438 \u043b\u044c\u043d\u044f\u043d\u044b\u043c\u0438 \u0431\u0440\u044e\u043a\u0430\u043c\u0438, \u0441\u043e\u043b\u043e\u043c\u0435\u043d\u043d\u043e\u0439 \u0441\u0443\u043c\u043a\u043e\u0439 \u0438 \u0441\u0430\u043d\u0434\u0430\u043b\u0438\u044f\u043c\u0438, \u0447\u0442\u043e\u0431\u044b \u0441\u043e\u0437\u0434\u0430\u0442\u044c \u043e\u0431\u0440\u0430\u0437 \u0432 \u0441\u0442\u0438\u043b\u0435 \u0431\u043e\u0445\u043e-\u0448\u0438\u043a. \u0414\u043e\u043f\u043e\u043b\u043d\u0438\u0442\u0435 \u0435\u0433\u043e \u0434\u0436\u0438\u043d\u0441\u043e\u0432\u044b\u043c\u0438 \u0448\u043e\u0440\u0442\u0430\u043c\u0438 \u0438 \u0441\u0432\u043e\u0431\u043e\u0434\u043d\u043e\u0439 \u0440\u0443\u0431\u0430\u0448\u043a\u043e\u0439, \u0447\u0442\u043e\u0431\u044b \u0441\u043e\u0437\u0434\u0430\u0442\u044c \u0441\u0442\u0438\u043b\u044c\u043d\u044b\u0439 \u043f\u043e\u0432\u0441\u0435\u0434\u043d\u0435\u0432\u043d\u044b\u0439 \u043b\u0435\u0442\u043d\u0438\u0439 \u043e\u0431\u0440\u0430\u0437.<\/p>\n<p data-start=\"1269\" data-end=\"1509\">\u0414\u043b\u044f \u0434\u0440\u0443\u0433\u0438\u0445 \u043c\u043e\u0434\u0435\u043b\u0435\u0439, \u043a\u043e\u0442\u043e\u0440\u044b\u0435 \u043c\u043e\u0433\u0443\u0442 \u043f\u043e\u0434\u043e\u0439\u0442\u0438 \u0432\u0430\u0448\u0435\u043c\u0443 \u0441\u0442\u0438\u043b\u044e \u0438 \u043d\u0435 \u0442\u043e\u043b\u044c\u043a\u043e, \u043f\u043e\u0441\u0435\u0442\u0438\u0442\u0435 Tuff\u00a0<a href=\"https:\/\/www.pinterest.com\/TuffHandicraft01\/\" target=\"_blank\" rel=\"noopener\">\u041f\u0438\u043d\u0442\u0435\u0440\u0435\u0441\u0442<\/a>\u00a0\u043f\u043e\u0441\u0435\u0442\u0438\u0442\u0435 \u043c\u0438\u0440.<\/p>\n<hr data-start=\"1512\" data-end=\"1515\" \/>\n<h3 data-start=\"1517\" data-end=\"1557\">\u267b\ufe0f <strong data-start=\"1524\" data-end=\"1557\">\u0420\u0443\u0447\u043d\u0430\u044f \u0440\u0430\u0431\u043e\u0442\u0430 \u0438 \u0443\u0441\u0442\u043e\u0439\u0447\u0438\u0432\u043e\u0435 \u0440\u0430\u0437\u0432\u0438\u0442\u0438\u0435<\/strong><\/h3>\n<p data-start=\"1559\" data-end=\"1729\">\u042d\u0442\u043e\u0442 \u0431\u044e\u0441\u0442\u0433\u0430\u043b\u044c\u0442\u0435\u0440-\u0431\u0440\u0430\u043b\u0435\u0442\u0442, \u0441\u043e\u0437\u0434\u0430\u043d\u043d\u044b\u0439 \u0432 \u0441\u043e\u043e\u0442\u0432\u0435\u0442\u0441\u0442\u0432\u0438\u0438 \u0441 \u0444\u0438\u043b\u043e\u0441\u043e\u0444\u0438\u0435\u0439 \u00ab\u043c\u0435\u0434\u043b\u0435\u043d\u043d\u043e\u0439 \u043c\u043e\u0434\u044b\u00bb, \u0438\u0437\u0433\u043e\u0442\u043e\u0432\u043b\u0435\u043d \u0441 \u0438\u0441\u043f\u043e\u043b\u044c\u0437\u043e\u0432\u0430\u043d\u0438\u0435\u043c \u044d\u0442\u0438\u0447\u043d\u044b\u0445 \u0438 \u044d\u043a\u043e\u043b\u043e\u0433\u0438\u0447\u043d\u044b\u0445 \u043c\u0435\u0442\u043e\u0434\u043e\u0432, \u0447\u0442\u043e \u044f\u0432\u043b\u044f\u0435\u0442\u0441\u044f \u0430\u043b\u044c\u0442\u0435\u0440\u043d\u0430\u0442\u0438\u0432\u043e\u0439 \u043c\u0430\u0441\u0441\u043e\u0432\u043e\u043c\u0443 \u043f\u0440\u043e\u0438\u0437\u0432\u043e\u0434\u0441\u0442\u0432\u0443. \u041a\u0430\u0436\u0434\u043e\u0435 \u0438\u0437\u0434\u0435\u043b\u0438\u0435 \u0443\u043d\u0438\u043a\u0430\u043b\u044c\u043d\u043e, \u043f\u043e\u0441\u043a\u043e\u043b\u044c\u043a\u0443 \u0441\u0432\u044f\u0437\u0430\u043d\u043e \u0432\u0440\u0443\u0447\u043d\u0443\u044e.<\/p>\n<hr data-start=\"1731\" data-end=\"1734\" \/>\n<h3 data-start=\"1736\" data-end=\"1761\">\ud83e\uddfc <strong data-start=\"1743\" data-end=\"1761\">\u0418\u043d\u0441\u0442\u0440\u0443\u043a\u0446\u0438\u0438 \u043f\u043e \u0442\u0435\u0445\u043d\u0438\u0447\u0435\u0441\u043a\u043e\u043c\u0443 \u043e\u0431\u0441\u043b\u0443\u0436\u0438\u0432\u0430\u043d\u0438\u044e<\/strong><\/h3>\n<ul data-start=\"1763\" data-end=\"1873\">\n<li data-start=\"1763\" data-end=\"1793\">\n<p data-start=\"1765\" data-end=\"1793\">\u0420\u0443\u0447\u043d\u0430\u044f \u0441\u0442\u0438\u0440\u043a\u0430 \u0432 \u0445\u043e\u043b\u043e\u0434\u043d\u043e\u0439 \u0432\u043e\u0434\u0435.<\/p>\n<\/li>\n<li data-start=\"1794\" data-end=\"1821\">\n<p data-start=\"1796\" data-end=\"1821\">\u041d\u0435 \u0438\u0441\u043f\u043e\u043b\u044c\u0437\u0443\u0439\u0442\u0435 \u043e\u0442\u0431\u0435\u043b\u0438\u0432\u0430\u0442\u0435\u043b\u044c.<\/p>\n<\/li>\n<li data-start=\"1822\" data-end=\"1844\">\n<p data-start=\"1824\" data-end=\"1844\">\u0420\u0430\u0437\u043b\u043e\u0436\u0438\u0442\u0435 \u0435\u0433\u043e \u0434\u043b\u044f \u043f\u0440\u043e\u0441\u0443\u0448\u043a\u0438.<\/p>\n<\/li>\n<li data-start=\"1845\" data-end=\"1873\">\n<p data-start=\"1847\" data-end=\"1873\">\u041c\u0430\u0448\u0438\u043d\u043d\u0430\u044f \u0441\u0442\u0438\u0440\u043a\u0430 \u043d\u0435 \u0440\u0435\u043a\u043e\u043c\u0435\u043d\u0434\u0443\u0435\u0442\u0441\u044f.<\/p>\n<\/li>\n<\/ul>\n<hr data-start=\"1875\" data-end=\"1878\" \/>\n<h3 data-start=\"1880\" data-end=\"1927\">\u2728 <strong data-start=\"1886\" data-end=\"1927\">\u041f\u043e\u0447\u0435\u043c\u0443 \u0441\u0442\u043e\u0438\u0442 \u0432\u044b\u0431\u0440\u0430\u0442\u044c \u044d\u0442\u043e\u0442 \u0431\u0440\u0430\u043b\u0435\u0442?<\/strong><\/h3>\n<ul data-start=\"1929\" data-end=\"2111\">\n<li data-start=\"1929\" data-end=\"1965\">\n<p data-start=\"1931\" data-end=\"1965\">El yap\u0131m\u0131 ve %100 pamuk i\u00e7erikli<\/p>\n<\/li>\n<li data-start=\"1966\" data-end=\"1996\">\n<p data-start=\"1968\" data-end=\"1996\">\u0414\u044b\u0448\u0430\u0449\u0438\u0439 \u0438 \u043b\u0435\u0433\u043a\u0438\u0439 \u0441 \u0442\u0435\u043a\u0441\u0442\u0443\u0440\u043e\u0439<\/p>\n<\/li>\n<li data-start=\"1997\" data-end=\"2030\">\n<p data-start=\"1999\" data-end=\"2030\">\u0418\u0434\u0435\u0430\u043b\u044c\u043d\u043e \u043f\u043e\u0434\u0445\u043e\u0434\u0438\u0442 \u0434\u043b\u044f \u043b\u044e\u0431\u0438\u0442\u0435\u043b\u0435\u0439 \u0441\u0442\u0438\u043b\u044f \u0431\u043e\u0445\u043e.<\/p>\n<\/li>\n<li data-start=\"2031\" data-end=\"2069\">\n<p data-start=\"2033\" data-end=\"2069\">\u0423\u0434\u043e\u0431\u043d\u044b\u0435, \u0441 \u0440\u0435\u0433\u0443\u043b\u0438\u0440\u0443\u0435\u043c\u044b\u043c\u0438 \u0448\u043d\u0443\u0440\u043a\u0430\u043c\u0438<\/p>\n<\/li>\n<li data-start=\"2070\" data-end=\"2111\">\n<p data-start=\"2072\" data-end=\"2111\">\u042d\u0442\u0438\u0447\u0435\u0441\u043a\u043e\u0435 \u043f\u0440\u043e\u0438\u0437\u0432\u043e\u0434\u0441\u0442\u0432\u043e \u0438 \u0443\u0441\u0442\u043e\u0439\u0447\u0438\u0432\u043e\u0435 \u043f\u0440\u043e\u0435\u043a\u0442\u0438\u0440\u043e\u0432\u0430\u043d\u0438\u0435<\/p>\n<\/li>\n<\/ul>","protected":false},"excerpt":{"rendered":"<p>\u0423\u043d\u0438\u043a\u0430\u043b\u044c\u043d\u044b\u0439 \u043b\u0435\u0442\u043d\u0438\u0439 \u0431\u044e\u0441\u0442\u0433\u0430\u043b\u044c\u0442\u0435\u0440-\u0431\u0440\u0430\u043b\u0435\u0442\u0442 \u0441 \u043e\u0440\u0430\u043d\u0436\u0435\u0432\u043e\u0439 \u0444\u0430\u043a\u0442\u0443\u0440\u043e\u0439, \u0441\u0432\u044f\u0437\u0430\u043d\u043d\u043e\u0439 \u043a\u0440\u044e\u0447\u043a\u043e\u043c \u0432\u0440\u0443\u0447\u043d\u0443\u044e. \u041b\u0451\u0433\u043a\u0438\u0439, \u0434\u044b\u0448\u0430\u0449\u0438\u0439, \u0441 \u0440\u0435\u0433\u0443\u043b\u0438\u0440\u0443\u0435\u043c\u043e\u0439 \u0448\u043d\u0443\u0440\u043e\u0432\u043a\u043e\u0439 \u0434\u043b\u044f \u043a\u043e\u043c\u0444\u043e\u0440\u0442\u0430.<\/p>","protected":false},"featured_media":28310,"comment_status":"open","ping_status":"closed","template":"","meta":[],"product_brand":[691],"product_cat":[697],"product_tag":[1184,1191,1185,1181,1192,1188,1190,1183,1178,851,769,1186,1187,762,1179,1193,1180,1189,1182,997],"class_list":{"0":"post-27637","1":"product","2":"type-product","3":"status-publish","4":"has-post-thumbnail","6":"product_brand-tuffhandicraft","7":"product_cat-crop-top","8":"product_tag-ayarlanabilir-bralet","9":"product_tag-bikini-ustu","10":"product_tag-boho-stil-bralet","11":"product_tag-boho-yazlik-ust","12":"product_tag-bralet","13":"product_tag-bralet-top","14":"product_tag-crop-top-yazlik","15":"product_tag-el-orgusu-bralet","16":"product_tag-el-yapimi-bralet","17":"product_tag-festival-ustu","18":"product_tag-hediye-fikirleri","19":"product_tag-pamuklu-bralet","20":"product_tag-surdurulebilir-bralet","21":"product_tag-surdurulebilir-moda","22":"product_tag-tig-isi-bralet","23":"product_tag-turuncu","24":"product_tag-turuncu-bralet","25":"product_tag-yaz-ustu-kadin","26":"product_tag-yazlik-bralet","27":"product_tag-yazlik-ust","29":"first","30":"instock","31":"taxable","32":"shipping-taxable","33":"purchasable","34":"product-type-variable","35":"has-default-attributes"},"_links":{"self":[{"href":"https:\/\/tuffhandicraft.com\/ru\/wp-json\/wp\/v2\/product\/27637","targetHints":{"allow":["GET"]}}],"collection":[{"href":"https:\/\/tuffhandicraft.com\/ru\/wp-json\/wp\/v2\/product"}],"about":[{"href":"https:\/\/tuffhandicraft.com\/ru\/wp-json\/wp\/v2\/types\/product"}],"replies":[{"embeddable":true,"href":"https:\/\/tuffhandicraft.com\/ru\/wp-json\/wp\/v2\/comments?post=27637"}],"version-history":[{"count":0,"href":"https:\/\/tuffhandicraft.com\/ru\/wp-json\/wp\/v2\/product\/27637\/revisions"}],"wp:featuredmedia":[{"embeddable":true,"href":"https:\/\/tuffhandicraft.com\/ru\/wp-json\/wp\/v2\/media\/28310"}],"wp:attachment":[{"href":"https:\/\/tuffhandicraft.com\/ru\/wp-json\/wp\/v2\/media?parent=27637"}],"wp:term":[{"taxonomy":"product_brand","embeddable":true,"href":"https:\/\/tuffhandicraft.com\/ru\/wp-json\/wp\/v2\/product_brand?post=27637"},{"taxonomy":"product_cat","embeddable":true,"href":"https:\/\/tuffhandicraft.com\/ru\/wp-json\/wp\/v2\/product_cat?post=27637"},{"taxonomy":"product_tag","embeddable":true,"href":"https:\/\/tuffhandicraft.com\/ru\/wp-json\/wp\/v2\/product_tag?post=27637"}],"curies":[{"name":"wp","href":"https:\/\/api.w.org\/{rel}","templated":true}]}}