{"id":27639,"date":"2025-05-11T00:24:26","date_gmt":"2025-05-10T21:24:26","guid":{"rendered":"https:\/\/tasarim.yusufkecici.com.tr\/urun\/handmade-canvas-bag-with-chain-strap-elegant-crochet-purse-small-evening-bag-plastic-canvas-bag-gift-for-her\/"},"modified":"2025-08-21T17:38:29","modified_gmt":"2025-08-21T14:38:29","slug":"mini-kanvas-canta","status":"publish","type":"product","link":"https:\/\/tuffhandicraft.com\/ru\/magaza\/canta\/el-cantasi\/mini-kanvas-canta\/","title":{"rendered":"\u041c\u0438\u043d\u0438-\u0445\u043e\u043b\u0449\u043e\u0432\u0430\u044f \u0441\u0443\u043c\u043a\u0430 \u2013 \u0441\u0442\u0438\u043b\u044c\u043d\u0430\u044f, \u0441 \u0446\u0435\u043f\u043e\u0447\u043d\u044b\u043c \u0440\u0435\u043c\u0435\u0448\u043a\u043e\u043c"},"content":{"rendered":"<h3 data-start=\"962\" data-end=\"984\">\ud83d\udc5c\u041c\u0438\u043d\u0438-\u0445\u043e\u043b\u0449\u043e\u0432\u0430\u044f \u0441\u0443\u043c\u043a\u0430 \u2014 \u0440\u0435\u043c\u0435\u0448\u043e\u043a \u0432 \u0432\u0438\u0434\u0435 \u0446\u0435\u043f\u043e\u0447\u043a\u0438 \u0438 \u043d\u0435\u043f\u043e\u0432\u0442\u043e\u0440\u0438\u043c\u0430\u044f \u044d\u043b\u0435\u0433\u0430\u043d\u0442\u043d\u043e\u0441\u0442\u044c<\/h3>\n<p data-start=\"121\" data-end=\"373\">\u042d\u0442\u0430 \u043c\u0438\u043d\u0438-\u0441\u0443\u043c\u043a\u0430 \u0438\u0437 \u0445\u043e\u043b\u0441\u0442\u0430 \u0440\u0443\u0447\u043d\u043e\u0439 \u0440\u0430\u0431\u043e\u0442\u044b \u0432\u044b\u0434\u0435\u043b\u044f\u0435\u0442\u0441\u044f \u044f\u0440\u043a\u0438\u043c\u0438 \u0446\u0432\u0435\u0442\u0430\u043c\u0438 \u0438 \u0432\u044b\u0448\u0438\u0442\u044b\u043c \u0443\u0437\u043e\u0440\u043e\u043c. \u0418\u0437\u044f\u0449\u043d\u044b\u0439 \u0440\u0435\u043c\u0435\u0448\u043e\u043a-\u0446\u0435\u043f\u043e\u0447\u043a\u0430 \u043f\u0440\u0438\u0434\u0430\u0451\u0442 \u0435\u0439 \u0441\u043e\u0432\u0440\u0435\u043c\u0435\u043d\u043d\u044b\u0439 \u0438 \u044d\u043b\u0435\u0433\u0430\u043d\u0442\u043d\u044b\u0439 \u0432\u0438\u0434. \u0421\u0443\u043c\u043a\u0430 \u0438\u0434\u0435\u0430\u043b\u044c\u043d\u043e\u0433\u043e \u0440\u0430\u0437\u043c\u0435\u0440\u0430, \u043b\u0451\u0433\u043a\u0430\u044f \u0438 \u043f\u0440\u0430\u043a\u0442\u0438\u0447\u043d\u0430\u044f \u0434\u043b\u044f \u043f\u043e\u0432\u0441\u0435\u0434\u043d\u0435\u0432\u043d\u043e\u0433\u043e \u0438\u0441\u043f\u043e\u043b\u044c\u0437\u043e\u0432\u0430\u043d\u0438\u044f. \u0421\u043e\u0437\u0434\u0430\u043d\u0430 \u0434\u043b\u044f \u0431\u0435\u0437\u043e\u043f\u0430\u0441\u043d\u043e\u0439 \u043f\u0435\u0440\u0435\u043d\u043e\u0441\u043a\u0438 \u043c\u0438\u043d\u0438\u043c\u0430\u043b\u044c\u043d\u043e\u0433\u043e \u043a\u043e\u043b\u0438\u0447\u0435\u0441\u0442\u0432\u0430 \u0432\u0435\u0449\u0435\u0439.<\/p>\n<hr data-start=\"512\" data-end=\"515\" \/>\n<h3 data-start=\"517\" data-end=\"541\">\ud83e\uddf5 \u041c\u0430\u0442\u0435\u0440\u0438\u0430\u043b\u044c\u043d\u0430\u044f \u0438\u043d\u0444\u043e\u0440\u043c\u0430\u0446\u0438\u044f<img loading=\"lazy\" decoding=\"async\" class=\"wd-lazy-fade size-full wp-image-28000 alignright\" style=\"color: #333333; font-size: 16px;\" src=\"https:\/\/tuffhandicraft.com\/wp-content\/themes\/woodmart\/images\/lazy.svg\" data-src=\"https:\/\/tuffhandicraft.com\/wp-content\/uploads\/2021\/08\/footer-logo-1.png\" alt=\"\u041c\u0438\u043d\u0438-\u0445\u043e\u043b\u0449\u043e\u0432\u0430\u044f \u0441\u0443\u043c\u043a\u0430 \u2013 \u0441\u0442\u0438\u043b\u044c\u043d\u0430\u044f, \u0441 \u0446\u0435\u043f\u043e\u0447\u043d\u044b\u043c \u0440\u0435\u043c\u0435\u0448\u043a\u043e\u043c\" width=\"220\" height=\"40\" title=\"\" srcset=\"\" data-srcset=\"https:\/\/tuffhandicraft.com\/wp-content\/uploads\/2021\/08\/footer-logo-1.png 220w, https:\/\/tuffhandicraft.com\/wp-content\/uploads\/2021\/08\/footer-logo-1-150x27.png 150w\" sizes=\"auto, (max-width: 220px) 100vw, 220px\" \/><\/h3>\n<ul data-start=\"542\" data-end=\"631\">\n<li data-start=\"542\" data-end=\"574\">\n<p data-start=\"544\" data-end=\"574\">\u0421\u043f\u0435\u0446\u0438\u0430\u043b\u044c\u043d\u043e \u0432\u044b\u0448\u0438\u0442\u0430\u044f \u043f\u043e\u0432\u0435\u0440\u0445\u043d\u043e\u0441\u0442\u044c<\/p>\n<\/li>\n<li data-start=\"575\" data-end=\"596\">\n<p data-start=\"577\" data-end=\"596\">\u0421\u0432\u0435\u0440\u0445\u043b\u0435\u0433\u043a\u0430\u044f \u0432\u0435\u0448\u0430\u043b\u043a\u0430 \u0432 \u0432\u0438\u0434\u0435 \u0446\u0435\u043f\u0438<\/p>\n<\/li>\n<li data-start=\"597\" data-end=\"631\">\n<p data-start=\"599\" data-end=\"631\">\u041f\u0440\u043e\u0447\u043d\u044b\u0435 \u0448\u0432\u044b \u0438 \u0434\u043e\u043b\u0433\u043e\u0432\u0435\u0447\u043d\u0430\u044f \u0441\u0442\u0440\u0443\u043a\u0442\u0443\u0440\u0430<\/p>\n<\/li>\n<\/ul>\n<hr data-start=\"633\" data-end=\"636\" \/>\n<h3 data-start=\"638\" data-end=\"671\">\ud83d\udc5d \u041e\u0431\u043b\u0430\u0441\u0442\u044c \u043f\u0440\u0438\u043c\u0435\u043d\u0435\u043d\u0438\u044f \u0438 \u043a\u043e\u043c\u0444\u043e\u0440\u0442<\/h3>\n<ul data-start=\"672\" data-end=\"764\">\n<li data-start=\"672\" data-end=\"698\">\n<p data-start=\"674\" data-end=\"698\">\u0415\u0436\u0435\u0434\u043d\u0435\u0432\u043d\u044b\u0435 \u044d\u043a\u0441\u043a\u0443\u0440\u0441\u0438\u0438 \u043f\u043e \u0433\u043e\u0440\u043e\u0434\u0443<\/p>\n<\/li>\n<li data-start=\"699\" data-end=\"720\">\n<p data-start=\"701\" data-end=\"720\">\u0412\u0435\u0447\u0435\u0440\u043d\u0438\u0435 \u0432\u0441\u0442\u0440\u0435\u0447\u0438<\/p>\n<\/li>\n<li data-start=\"721\" data-end=\"764\">\n<p data-start=\"723\" data-end=\"764\"><a href=\"https:\/\/tuffhandicraft.com\/ru\/%d0%bf%d1%80%d0%be%d0%b4%d1%83%d0%ba%d1%82\/kagit-ip-mini-canta\/\">\u041c\u0438\u043d\u0438\u043c\u0430\u043b\u0438\u0441\u0442\u0441\u043a\u0438\u0439<\/a> \u0438 \u0434\u043e\u043f\u043e\u043b\u043d\u044f\u0435\u0442 \u0441\u043e\u0432\u0440\u0435\u043c\u0435\u043d\u043d\u044b\u0439 \u0441\u0442\u0438\u043b\u044c<\/p>\n<\/li>\n<li data-start=\"721\" data-end=\"764\">\n<p data-start=\"1269\" data-end=\"1509\">\u0414\u043b\u044f \u0434\u0440\u0443\u0433\u0438\u0445 \u043c\u043e\u0434\u0435\u043b\u0435\u0439, \u043a\u043e\u0442\u043e\u0440\u044b\u0435 \u043c\u043e\u0433\u0443\u0442 \u043f\u043e\u0434\u043e\u0439\u0442\u0438 \u0432\u0430\u0448\u0435\u043c\u0443 \u0441\u0442\u0438\u043b\u044e \u0438 \u043d\u0435 \u0442\u043e\u043b\u044c\u043a\u043e, \u043f\u043e\u0441\u0435\u0442\u0438\u0442\u0435 Tuff\u00a0<a href=\"https:\/\/www.pinterest.com\/TuffHandicraft01\/\" target=\"_blank\" rel=\"noopener\">\u041f\u0438\u043d\u0442\u0435\u0440\u0435\u0441\u0442<\/a>\u00a0\u043f\u043e\u0441\u0435\u0442\u0438\u0442\u0435 \u043c\u0438\u0440.<\/p>\n<\/li>\n<\/ul>\n<hr data-start=\"766\" data-end=\"769\" \/>\n<h3 data-start=\"771\" data-end=\"810\">\u267b\ufe0f \u0420\u0443\u0447\u043d\u0430\u044f \u0440\u0430\u0431\u043e\u0442\u0430 \u0438 \u044d\u043a\u043e\u043b\u043e\u0433\u0438\u0447\u043d\u043e\u0441\u0442\u044c<\/h3>\n<p data-start=\"811\" data-end=\"955\">\u042d\u0442\u0430 \u0441\u0443\u043c\u043a\u0430, \u0441\u043e\u0437\u0434\u0430\u043d\u043d\u0430\u044f \u0432 \u0441\u0442\u0438\u043b\u0435 \u00ab\u043c\u0435\u0434\u043b\u0435\u043d\u043d\u043e\u0439 \u043c\u043e\u0434\u044b\u00bb, \u0441\u043e\u0447\u0435\u0442\u0430\u0435\u0442 \u0432 \u0441\u0435\u0431\u0435 \u043a\u0430\u0447\u0435\u0441\u0442\u0432\u043e \u0438 \u044d\u0441\u0442\u0435\u0442\u0438\u043a\u0443. \u041e\u043d\u0430 \u0438\u0437\u0433\u043e\u0442\u043e\u0432\u043b\u0435\u043d\u0430 \u0441 \u0438\u0441\u043f\u043e\u043b\u044c\u0437\u043e\u0432\u0430\u043d\u0438\u0435\u043c \u044d\u0442\u0438\u0447\u0435\u0441\u043a\u0438\u0445 \u0438 \u044d\u043a\u043e\u043b\u043e\u0433\u0438\u0447\u043d\u044b\u0445 \u043c\u0435\u0442\u043e\u0434\u043e\u0432, \u0430 \u043d\u0435 \u043c\u0435\u0442\u043e\u0434\u043e\u043c \u043c\u0430\u0441\u0441\u043e\u0432\u043e\u0433\u043e \u043f\u0440\u043e\u0438\u0437\u0432\u043e\u0434\u0441\u0442\u0432\u0430.<\/p>\n<hr data-start=\"957\" data-end=\"960\" \/>\n<h3 data-start=\"962\" data-end=\"984\">\ud83e\uddfc \u0420\u0435\u043a\u043e\u043c\u0435\u043d\u0434\u0430\u0446\u0438\u0438 \u043f\u043e \u0443\u0445\u043e\u0434\u0443<\/h3>\n<p data-start=\"985\" data-end=\"1060\">\u041f\u0440\u043e\u0442\u0438\u0440\u0430\u0442\u044c \u0432\u043b\u0430\u0436\u043d\u043e\u0439 \u0442\u043a\u0430\u043d\u044c\u044e. \u041d\u0435 \u0438\u0441\u043f\u043e\u043b\u044c\u0437\u043e\u0432\u0430\u0442\u044c \u043e\u0442\u0431\u0435\u043b\u0438\u0432\u0430\u0442\u0435\u043b\u044c.<\/p>\n<hr data-start=\"1062\" data-end=\"1065\" \/>\n<h3 data-start=\"1067\" data-end=\"1111\">\u2728 \u041f\u043e\u0447\u0435\u043c\u0443 \u0432\u0430\u043c \u0441\u0442\u043e\u0438\u0442 \u0432\u044b\u0431\u0440\u0430\u0442\u044c \u044d\u0442\u0443 \u0441\u0443\u043c\u043a\u0443?<\/h3>\n<ul data-start=\"1112\" data-end=\"1242\">\n<li data-start=\"1112\" data-end=\"1147\">\n<p data-start=\"1114\" data-end=\"1147\">%100 el yap\u0131m\u0131 ve \u00f6zg\u00fcn tasar\u0131m<\/p>\n<\/li>\n<li data-start=\"1148\" data-end=\"1176\">\n<p data-start=\"1150\" data-end=\"1176\">\u041f\u0440\u043e\u0447\u043d\u044b\u0439 \u0431\u0440\u0435\u0437\u0435\u043d\u0442\u043e\u0432\u044b\u0439 \u043c\u0430\u0442\u0435\u0440\u0438\u0430\u043b<\/p>\n<\/li>\n<li data-start=\"1177\" data-end=\"1196\">\n<p data-start=\"1179\" data-end=\"1196\">\u0421\u0442\u0438\u043b\u044c\u043d\u0430\u044f \u0446\u0435\u043f\u043d\u0430\u044f \u0432\u0435\u0448\u0430\u043b\u043a\u0430<\/p>\n<\/li>\n<li data-start=\"1197\" data-end=\"1216\">\n<p data-start=\"1199\" data-end=\"1216\">\u041b\u0435\u0433\u043a\u0438\u0439 \u0438 \u043f\u0440\u0430\u043a\u0442\u0438\u0447\u043d\u044b\u0439<\/p>\n<\/li>\n<li data-start=\"1217\" data-end=\"1242\">\n<p data-start=\"1219\" data-end=\"1242\">\u0423\u0441\u0442\u043e\u0439\u0447\u0438\u0432\u043e\u0435 \u043f\u0440\u043e\u0438\u0437\u0432\u043e\u0434\u0441\u0442\u0432\u043e<\/p>\n<\/li>\n<\/ul>\n<hr data-start=\"1244\" data-end=\"1247\" \/>\n<p data-start=\"1249\" data-end=\"1327\" data-is-last-node=\"\" data-is-only-node=\"\">","protected":false},"excerpt":{"rendered":"<p data-start=\"144\" data-end=\"239\">\u0418\u0437\u0433\u043e\u0442\u043e\u0432\u043b\u0435\u043d\u043d\u0430\u044f \u0432\u0440\u0443\u0447\u043d\u0443\u044e, \u0441\u043f\u0435\u0446\u0438\u0430\u043b\u044c\u043d\u043e \u0432\u044b\u0448\u0438\u0442\u0430\u044f \u043c\u0438\u043d\u0438-\u0441\u0443\u043c\u043a\u0430 \u0438\u0437 \u0445\u043e\u043b\u0441\u0442\u0430; \u0441\u043e\u0432\u0440\u0435\u043c\u0435\u043d\u043d\u044b\u0439 \u0438 \u043f\u0440\u0430\u043a\u0442\u0438\u0447\u043d\u044b\u0439 \u0430\u043a\u0441\u0435\u0441\u0441\u0443\u0430\u0440 \u0441\u043e \u0441\u0442\u0438\u043b\u044c\u043d\u044b\u043c \u0440\u0435\u043c\u0435\u0448\u043a\u043e\u043c-\u0446\u0435\u043f\u043e\u0447\u043a\u043e\u0439.<\/p>","protected":false},"featured_media":28306,"comment_status":"open","ping_status":"closed","template":"","meta":[],"product_brand":[691],"product_cat":[728,686],"product_tag":[1124,819,812,1123,908,769,1121,1114,1120,1115,1122,1118,1119,1117,762,1116],"class_list":{"0":"post-27639","1":"product","2":"type-product","3":"status-publish","4":"has-post-thumbnail","6":"product_brand-tuffhandicraft","7":"product_cat-el-cantasi","8":"product_cat-canta","9":"product_tag-abiye-canta","10":"product_tag-el-orgusu-canta","11":"product_tag-el-yapimi-canta","12":"product_tag-gece-cantasi","13":"product_tag-gunluk-canta","14":"product_tag-hediye-fikirleri","15":"product_tag-kanvas-canta","16":"product_tag-mini-canta","17":"product_tag-modern-aksesuar","18":"product_tag-nakisli-canta","19":"product_tag-omuz-cantasi","20":"product_tag-ozgun-tasarim-canta","21":"product_tag-pratik-canta","22":"product_tag-sik-mini-canta","23":"product_tag-surdurulebilir-moda","24":"product_tag-zincir-askili-canta","26":"first","27":"instock","28":"sale","29":"taxable","30":"shipping-taxable","31":"purchasable","32":"product-type-simple"},"_links":{"self":[{"href":"https:\/\/tuffhandicraft.com\/ru\/wp-json\/wp\/v2\/product\/27639","targetHints":{"allow":["GET"]}}],"collection":[{"href":"https:\/\/tuffhandicraft.com\/ru\/wp-json\/wp\/v2\/product"}],"about":[{"href":"https:\/\/tuffhandicraft.com\/ru\/wp-json\/wp\/v2\/types\/product"}],"replies":[{"embeddable":true,"href":"https:\/\/tuffhandicraft.com\/ru\/wp-json\/wp\/v2\/comments?post=27639"}],"version-history":[{"count":1,"href":"https:\/\/tuffhandicraft.com\/ru\/wp-json\/wp\/v2\/product\/27639\/revisions"}],"predecessor-version":[{"id":30279,"href":"https:\/\/tuffhandicraft.com\/ru\/wp-json\/wp\/v2\/product\/27639\/revisions\/30279"}],"wp:featuredmedia":[{"embeddable":true,"href":"https:\/\/tuffhandicraft.com\/ru\/wp-json\/wp\/v2\/media\/28306"}],"wp:attachment":[{"href":"https:\/\/tuffhandicraft.com\/ru\/wp-json\/wp\/v2\/media?parent=27639"}],"wp:term":[{"taxonomy":"product_brand","embeddable":true,"href":"https:\/\/tuffhandicraft.com\/ru\/wp-json\/wp\/v2\/product_brand?post=27639"},{"taxonomy":"product_cat","embeddable":true,"href":"https:\/\/tuffhandicraft.com\/ru\/wp-json\/wp\/v2\/product_cat?post=27639"},{"taxonomy":"product_tag","embeddable":true,"href":"https:\/\/tuffhandicraft.com\/ru\/wp-json\/wp\/v2\/product_tag?post=27639"}],"curies":[{"name":"wp","href":"https:\/\/api.w.org\/{rel}","templated":true}]}}