{"id":27641,"date":"2025-05-11T00:24:29","date_gmt":"2025-05-10T21:24:29","guid":{"rendered":"https:\/\/tasarim.yusufkecici.com.tr\/urun\/handmade-patchwork-backpack-inspired-by-japanese-boro-art-boho-denim-backpack-eco-friendly-unique-bag-special-gift-for-her\/"},"modified":"2025-08-21T17:38:01","modified_gmt":"2025-08-21T14:38:01","slug":"japon-boro-denim-sirt-cantasi","status":"publish","type":"product","link":"https:\/\/tuffhandicraft.com\/ru\/magaza\/canta\/sirt-cantasi\/japon-boro-denim-sirt-cantasi\/","title":{"rendered":"\u042f\u043f\u043e\u043d\u0441\u043a\u0438\u0439 \u0440\u044e\u043a\u0437\u0430\u043a \u0438\u0437 \u0434\u0436\u0438\u043d\u0441\u043e\u0432\u043e\u0439 \u0442\u043a\u0430\u043d\u0438 Boro \u2013 \u043f\u0435\u0440\u0435\u0440\u0430\u0431\u043e\u0442\u0430\u043d\u043d\u044b\u0439"},"content":{"rendered":"<h3 data-start=\"212\" data-end=\"294\">\ud83c\udf92 <strong data-start=\"219\" data-end=\"294\">Japon Boro Denim S\u0131rt \u00c7antas\u0131 \u2013 \u0130leri D\u00f6n\u00fc\u015ft\u00fcr\u00fclm\u00fc\u015f, El Yap\u0131m\u0131 ve E\u015fsiz<\/strong><\/h3>\n<p data-start=\"296\" data-end=\"639\">Bu ileri d\u00f6n\u00fc\u015ft\u00fcr\u00fclm\u00fc\u015f s\u0131rt \u00e7antas\u0131, Japon Boro sanat\u0131ndan ilham alarak tasarlanm\u0131\u015ft\u0131r. 18&#8217;den fazla kuma\u015f par\u00e7as\u0131n\u0131n bir araya getirilmesiyle olu\u015fturulmu\u015f bu \u00f6zel par\u00e7a, her biri farkl\u0131 dokuda ve ge\u00e7mi\u015fte farkl\u0131 hik\u00e2yelere sahip kuma\u015flardan olu\u015fur. 20 farkl\u0131 el nak\u0131\u015f\u0131 tekni\u011fiyle i\u015flenen detaylar, \u00e7antaya e\u015fsiz bir dokunu\u015f ve derinlik katar.<\/p>\n<p data-start=\"641\" data-end=\"895\">Boro, y\u00fczy\u0131llar \u00f6ncesine dayanan Japonya k\u00f6kenli bir onarma ve de\u011ferlendirme tekni\u011fidir. Bu \u00e7anta da o felsefeyi ta\u015f\u0131yarak, s\u0131f\u0131r at\u0131k yakla\u015f\u0131m\u0131n\u0131 stil ile bulu\u015fturur. Sadece bir \u00e7anta de\u011fil; s\u00fcrd\u00fcr\u00fclebilirli\u011fe, el eme\u011fine ve k\u00fclt\u00fcrel mirasa bir \u00f6vg\u00fcd\u00fcr.<\/p>\n<hr data-start=\"897\" data-end=\"900\" \/>\n<h3 data-start=\"902\" data-end=\"930\">\ud83e\uddf5 <strong data-start=\"909\" data-end=\"928\">\u0421\u0443\u0449\u0435\u0441\u0442\u0432\u0435\u043d\u043d\u0430\u044f \u0438\u043d\u0444\u043e\u0440\u043c\u0430\u0446\u0438\u044f<\/strong><img loading=\"lazy\" decoding=\"async\" class=\"wd-lazy-fade size-full wp-image-28000 alignright\" style=\"color: #333333; font-size: 16px;\" src=\"https:\/\/tuffhandicraft.com\/wp-content\/themes\/woodmart\/images\/lazy.svg\" data-src=\"https:\/\/tuffhandicraft.com\/wp-content\/uploads\/2021\/08\/footer-logo-1.png\" alt=\"\u0420\u044e\u043a\u0437\u0430\u043a \u0438\u0437 \u044f\u043f\u043e\u043d\u0441\u043a\u043e\u0439 \u0434\u0436\u0438\u043d\u0441\u043e\u0432\u043e\u0439 \u0442\u043a\u0430\u043d\u0438 Boro \u2014 \u043f\u0435\u0440\u0435\u0440\u0430\u0431\u043e\u0442\u0430\u043d\u043d\u044b\u0439 \" width=\"220\" height=\"40\" title=\"\" srcset=\"\" data-srcset=\"https:\/\/tuffhandicraft.com\/wp-content\/uploads\/2021\/08\/footer-logo-1.png 220w, https:\/\/tuffhandicraft.com\/wp-content\/uploads\/2021\/08\/footer-logo-1-150x27.png 150w\" sizes=\"auto, (max-width: 220px) 100vw, 220px\" \/><\/h3>\n<ul data-start=\"931\" data-end=\"1100\">\n<li data-start=\"931\" data-end=\"968\">\n<p data-start=\"933\" data-end=\"968\">Geri d\u00f6n\u00fc\u015ft\u00fcr\u00fclm\u00fc\u015f kuma\u015flar<\/p>\n<\/li>\n<li data-start=\"969\" data-end=\"998\">\n<p data-start=\"971\" data-end=\"998\">18&#8217;den fazla farkl\u0131 par\u00e7a<\/p>\n<\/li>\n<li data-start=\"999\" data-end=\"1030\">\n<p data-start=\"1001\" data-end=\"1030\">20 farkl\u0131 el nak\u0131\u015f\u0131 tekni\u011fi<\/p>\n<\/li>\n<li data-start=\"1031\" data-end=\"1057\">\n<p data-start=\"1033\" data-end=\"1057\">Pamuk astarl\u0131 i\u00e7 y\u00fczey<\/p>\n<\/li>\n<li data-start=\"1058\" data-end=\"1100\">\n<p data-start=\"1060\" data-end=\"1100\">Ayarlanabilir kay\u0131\u015flar ve sa\u011flam fermuar<\/p>\n<\/li>\n<\/ul>\n<hr data-start=\"1102\" data-end=\"1105\" \/>\n<h3 data-start=\"1107\" data-end=\"1144\">\ud83c\udfaf <strong data-start=\"1114\" data-end=\"1142\">\u041e\u0431\u043b\u0430\u0441\u0442\u044c \u043f\u0440\u0438\u043c\u0435\u043d\u0435\u043d\u0438\u044f \u0438 \u043a\u043e\u043c\u0444\u043e\u0440\u0442<\/strong><\/h3>\n<p data-start=\"1145\" data-end=\"1348\">G\u00fcnl\u00fck kullan\u0131mda, seyahatte ya da yarat\u0131c\u0131 stilinize \u00f6zel kombinlerde rahatl\u0131kla kullan\u0131labilir. Hafif ve dayan\u0131kl\u0131d\u0131r. \u0130\u00e7 hacmi geni\u015ftir; kitap, tablet, c\u00fczdan gibi g\u00fcnl\u00fck ihtiya\u00e7lar\u0131 kolayl\u0131kla ta\u015f\u0131r.<\/p>\n<hr data-start=\"1350\" data-end=\"1353\" \/>\n<h3 data-start=\"1355\" data-end=\"1380\">\ud83c\udfa8 <strong data-start=\"1362\" data-end=\"1378\">\u041f\u0440\u0435\u0434\u043b\u043e\u0436\u0435\u043d\u0438\u0435 \u0441\u0442\u0438\u043b\u044f<\/strong><\/h3>\n<p data-start=\"1381\" data-end=\"1566\">Boho, minimal ya da vintage stillerle harika uyum sa\u011flar. Oversize ceketlerle, keten pantolonlarla veya basic ti\u015f\u00f6rtlerle kombinleyerek <a href=\"https:\/\/tuffhandicraft.com\/ru\/%d0%bf%d1%80%d0%be%d0%b4%d1%83%d0%ba%d1%82\/mini-capraz-canta\/\">\u00e7antan\u0131n<\/a> y\u0131ld\u0131z par\u00e7a olmas\u0131n\u0131 sa\u011flayabilirsiniz.<\/p>\n<p data-start=\"842\" data-end=\"993\">\u0414\u043b\u044f \u0434\u0440\u0443\u0433\u0438\u0445 \u043c\u043e\u0434\u0435\u043b\u0435\u0439, \u043a\u043e\u0442\u043e\u0440\u044b\u0435 \u043c\u043e\u0433\u0443\u0442 \u043f\u043e\u0434\u043e\u0439\u0442\u0438 \u0432\u0430\u0448\u0435\u043c\u0443 \u0441\u0442\u0438\u043b\u044e \u0438 \u043d\u0435 \u0442\u043e\u043b\u044c\u043a\u043e, \u043f\u043e\u0441\u0435\u0442\u0438\u0442\u0435 Tuff\u00a0<a href=\"https:\/\/www.pinterest.com\/TuffHandicraft01\/\" target=\"_blank\" rel=\"noopener\">\u041f\u0438\u043d\u0442\u0435\u0440\u0435\u0441\u0442<\/a>\u00a0\u043f\u043e\u0441\u0435\u0442\u0438\u0442\u0435 \u043c\u0438\u0440.<\/p>\n<hr data-start=\"1568\" data-end=\"1571\" \/>\n<h3 data-start=\"1573\" data-end=\"1615\">\u267b\ufe0f <strong data-start=\"1580\" data-end=\"1613\">\u0420\u0443\u0447\u043d\u0430\u044f \u0440\u0430\u0431\u043e\u0442\u0430 \u0438 \u0443\u0441\u0442\u043e\u0439\u0447\u0438\u0432\u043e\u0435 \u0440\u0430\u0437\u0432\u0438\u0442\u0438\u0435<\/strong><\/h3>\n<p data-start=\"1616\" data-end=\"1798\">S\u00fcrd\u00fcr\u00fclebilir moda felsefesiyle \u00fcretilmi\u015ftir. Her bir \u00e7anta benzersizdir ve ge\u00e7mi\u015ften gelen kuma\u015flar\u0131n ruhunu ta\u015f\u0131r. Seri \u00fcretime kar\u015f\u0131 bir duru\u015f sergiler ve s\u0131f\u0131r at\u0131k ilkesine ba\u011fl\u0131 kal\u0131r.<\/p>\n<hr data-start=\"1800\" data-end=\"1803\" \/>\n<h3 data-start=\"1805\" data-end=\"1832\">\ud83e\uddfc <strong data-start=\"1812\" data-end=\"1830\">\u0418\u043d\u0441\u0442\u0440\u0443\u043a\u0446\u0438\u0438 \u043f\u043e \u0442\u0435\u0445\u043d\u0438\u0447\u0435\u0441\u043a\u043e\u043c\u0443 \u043e\u0431\u0441\u043b\u0443\u0436\u0438\u0432\u0430\u043d\u0438\u044e<\/strong><\/h3>\n<p data-start=\"1833\" data-end=\"1928\">El ile so\u011fuk suda y\u0131kama \u00f6nerilir. Kurutma makinesi kullan\u0131lmamal\u0131; d\u00fcz zeminde kurutulmal\u0131d\u0131r.<\/p>\n<hr data-start=\"1930\" data-end=\"1933\" \/>\n<h3 data-start=\"1935\" data-end=\"1981\">\u2728 <strong data-start=\"1941\" data-end=\"1981\">\u041f\u043e\u0447\u0435\u043c\u0443 \u0432\u0430\u043c \u0441\u0442\u043e\u0438\u0442 \u0432\u044b\u0431\u0440\u0430\u0442\u044c \u044d\u0442\u0443 \u0441\u0443\u043c\u043a\u0443?<\/strong><\/h3>\n<ul data-start=\"1983\" data-end=\"2221\">\n<li data-start=\"1983\" data-end=\"2026\">\n<p data-start=\"1985\" data-end=\"2026\">18+ denim par\u00e7a ile ileri d\u00f6n\u00fc\u015f\u00fcm \u00fcr\u00fcn\u00fc<\/p>\n<\/li>\n<li data-start=\"2027\" data-end=\"2071\">\n<p data-start=\"2029\" data-end=\"2071\">20 farkl\u0131 el nak\u0131\u015f\u0131 tekni\u011fiyle s\u00fcslenmi\u015f<\/p>\n<\/li>\n<li data-start=\"2072\" data-end=\"2114\">\n<p data-start=\"2074\" data-end=\"2114\">Japon Boro sanat\u0131ndan ilham al\u0131nm\u0131\u015ft\u0131r<\/p>\n<\/li>\n<li data-start=\"2115\" data-end=\"2151\">\n<p data-start=\"2117\" data-end=\"2151\">%100 el yap\u0131m\u0131 ve s\u00fcrd\u00fcr\u00fclebilir<\/p>\n<\/li>\n<li data-start=\"2152\" data-end=\"2181\">\n<p data-start=\"2154\" data-end=\"2181\">Her biri tek ve benzersiz<\/p>\n<\/li>\n<li data-start=\"2182\" data-end=\"2221\">\n<p data-start=\"2184\" data-end=\"2221\">G\u00fcnl\u00fck kullan\u0131ma uygun, sa\u011flam ve \u015f\u0131k<\/p>\n<\/li>\n<\/ul>","protected":false},"excerpt":{"rendered":"<p data-start=\"165\" data-end=\"329\">Japon Boro sanat\u0131ndan esinlenen, 18\u2019den fazla kuma\u015f par\u00e7as\u0131n\u0131n ve 20 farkl\u0131 el nak\u0131\u015f\u0131 tekni\u011finin birle\u015fimiyle ortaya \u00e7\u0131kan ileri d\u00f6n\u00fc\u015ft\u00fcr\u00fclm\u00fc\u015f el yap\u0131m\u0131 s\u0131rt \u00e7antas\u0131.<\/p>","protected":false},"featured_media":27852,"comment_status":"open","ping_status":"closed","template":"","meta":[],"product_brand":[691],"product_cat":[686,705],"product_tag":[1102,1097,1099,812,1101,769,1098,1104,1096,1105,1100,1106,817,1103,753],"class_list":{"0":"post-27641","1":"product","2":"type-product","3":"status-publish","4":"has-post-thumbnail","6":"product_brand-tuffhandicraft","7":"product_cat-canta","8":"product_cat-sirt-cantasi","9":"product_tag-boho-sirt-cantasi","10":"product_tag-denim-sirt-cantasi","11":"product_tag-el-nakisi-canta","12":"product_tag-el-yapimi-canta","13":"product_tag-etnik-canta","14":"product_tag-hediye-fikirleri","15":"product_tag-ileri-donusturulmus-urun","16":"product_tag-japanese-boro-art","17":"product_tag-japon-boro-canta","18":"product_tag-japon-boro-sanati","19":"product_tag-patchwork-sirt-cantasi","20":"product_tag-patchwork-tasarim","21":"product_tag-surdurulebilir-canta","22":"product_tag-unik-tasarim-canta","23":"product_tag-yavas-moda","25":"first","26":"instock","27":"sale","28":"taxable","29":"shipping-taxable","30":"purchasable","31":"product-type-simple"},"_links":{"self":[{"href":"https:\/\/tuffhandicraft.com\/ru\/wp-json\/wp\/v2\/product\/27641","targetHints":{"allow":["GET"]}}],"collection":[{"href":"https:\/\/tuffhandicraft.com\/ru\/wp-json\/wp\/v2\/product"}],"about":[{"href":"https:\/\/tuffhandicraft.com\/ru\/wp-json\/wp\/v2\/types\/product"}],"replies":[{"embeddable":true,"href":"https:\/\/tuffhandicraft.com\/ru\/wp-json\/wp\/v2\/comments?post=27641"}],"version-history":[{"count":1,"href":"https:\/\/tuffhandicraft.com\/ru\/wp-json\/wp\/v2\/product\/27641\/revisions"}],"predecessor-version":[{"id":30278,"href":"https:\/\/tuffhandicraft.com\/ru\/wp-json\/wp\/v2\/product\/27641\/revisions\/30278"}],"wp:featuredmedia":[{"embeddable":true,"href":"https:\/\/tuffhandicraft.com\/ru\/wp-json\/wp\/v2\/media\/27852"}],"wp:attachment":[{"href":"https:\/\/tuffhandicraft.com\/ru\/wp-json\/wp\/v2\/media?parent=27641"}],"wp:term":[{"taxonomy":"product_brand","embeddable":true,"href":"https:\/\/tuffhandicraft.com\/ru\/wp-json\/wp\/v2\/product_brand?post=27641"},{"taxonomy":"product_cat","embeddable":true,"href":"https:\/\/tuffhandicraft.com\/ru\/wp-json\/wp\/v2\/product_cat?post=27641"},{"taxonomy":"product_tag","embeddable":true,"href":"https:\/\/tuffhandicraft.com\/ru\/wp-json\/wp\/v2\/product_tag?post=27641"}],"curies":[{"name":"wp","href":"https:\/\/api.w.org\/{rel}","templated":true}]}}