{"id":27643,"date":"2025-05-11T00:24:30","date_gmt":"2025-05-10T21:24:30","guid":{"rendered":"https:\/\/tasarim.yusufkecici.com.tr\/urun\/handmade-colorful-crochet-scarf-multicolor-boho-crochet-wrap-cozy-winter-scarf-soft-knit-scarf-gift-for-her\/"},"modified":"2025-08-10T19:42:01","modified_gmt":"2025-08-10T16:42:01","slug":"uzun-puskullu-atki","status":"publish","type":"product","link":"https:\/\/tuffhandicraft.com\/ru\/magaza\/aksesuarlar\/atki\/uzun-puskullu-atki\/","title":{"rendered":"\u0414\u043b\u0438\u043d\u043d\u044b\u0439 \u0448\u0430\u0440\u0444 \u0441 \u043a\u0438\u0441\u0442\u043e\u0447\u043a\u0430\u043c\u0438 \u2014 \u0440\u0430\u0437\u043d\u043e\u0446\u0432\u0435\u0442\u043d\u044b\u0439, \u0443\u043d\u0438\u043a\u0430\u043b\u044c\u043d\u044b\u0439"},"content":{"rendered":"<h3 data-start=\"102\" data-end=\"151\">\ud83e\udde3 <strong data-start=\"109\" data-end=\"151\">\u0414\u043b\u0438\u043d\u043d\u044b\u0439 \u0448\u0430\u0440\u0444 \u0441 \u043a\u0438\u0441\u0442\u043e\u0447\u043a\u0430\u043c\u0438 \u2013 \u0440\u0430\u0437\u043d\u043e\u0446\u0432\u0435\u0442\u043d\u044b\u0439, \u0443\u043d\u0438\u043a\u0430\u043b\u044c\u043d\u044b\u0439<\/strong><\/h3>\n<p data-start=\"153\" data-end=\"412\">\u042d\u0442\u043e\u0442 \u0434\u043b\u0438\u043d\u043d\u044b\u0439 \u0448\u0430\u0440\u0444 \u0441 \u043a\u0438\u0441\u0442\u043e\u0447\u043a\u0430\u043c\u0438 \u0440\u0443\u0447\u043d\u043e\u0439 \u0440\u0430\u0431\u043e\u0442\u044b \u0434\u043e\u0431\u0430\u0432\u0438\u0442 \u044f\u0440\u043a\u043e\u0441\u0442\u0438 \u0438 \u043d\u0435\u043f\u043e\u0432\u0442\u043e\u0440\u0438\u043c\u043e\u0441\u0442\u0438 \u0432\u0430\u0448\u0435\u043c\u0443 \u0437\u0438\u043c\u043d\u0435\u043c\u0443 \u043e\u0431\u0440\u0430\u0437\u0443 \u0431\u043b\u0430\u0433\u043e\u0434\u0430\u0440\u044f \u0441\u0432\u043e\u0435\u043c\u0443 \u0440\u0430\u0437\u043d\u043e\u0446\u0432\u0435\u0442\u043d\u043e\u043c\u0443 \u0434\u0438\u0437\u0430\u0439\u043d\u0443. \u041c\u044f\u0433\u043a\u0430\u044f \u0442\u0435\u043a\u0441\u0442\u0443\u0440\u0430 \u0438 \u0434\u043b\u0438\u043d\u043d\u044b\u0435 \u043a\u0438\u0441\u0442\u043e\u0447\u043a\u0438 \u0434\u0435\u043b\u0430\u044e\u0442 \u0435\u0433\u043e \u043e\u0434\u043d\u043e\u0432\u0440\u0435\u043c\u0435\u043d\u043d\u043e \u0441\u0442\u0438\u043b\u044c\u043d\u044b\u043c \u0438 \u0443\u0434\u043e\u0431\u043d\u044b\u043c. \u041e\u043d \u0441\u043e\u0433\u0440\u0435\u0435\u0442 \u0432\u0430\u0441 \u0432 \u0445\u043e\u043b\u043e\u0434\u043d\u0443\u044e \u043f\u043e\u0433\u043e\u0434\u0443 \u0438 \u043f\u043e\u0434\u0447\u0435\u0440\u043a\u043d\u0435\u0442 \u0432\u0430\u0448 \u0441\u0442\u0438\u043b\u044c.<\/p>\n<hr data-start=\"414\" data-end=\"417\" \/>\n<h3 data-start=\"419\" data-end=\"447\">\ud83e\uddf5 <strong data-start=\"426\" data-end=\"445\">\u0421\u0443\u0449\u0435\u0441\u0442\u0432\u0435\u043d\u043d\u0430\u044f \u0438\u043d\u0444\u043e\u0440\u043c\u0430\u0446\u0438\u044f<\/strong><strong data-start=\"109\" data-end=\"151\"><img loading=\"lazy\" decoding=\"async\" class=\"wd-lazy-fade size-full wp-image-28000 alignright\" src=\"https:\/\/tuffhandicraft.com\/wp-content\/themes\/woodmart\/images\/lazy.svg\" data-src=\"https:\/\/tuffhandicraft.com\/wp-content\/uploads\/2021\/08\/footer-logo-1.png\" alt=\"\u0414\u043b\u0438\u043d\u043d\u044b\u0439 \u0448\u0430\u0440\u0444 \u0441 \u043a\u0438\u0441\u0442\u043e\u0447\u043a\u0430\u043c\u0438 \u2013 \u0440\u0430\u0437\u043d\u043e\u0446\u0432\u0435\u0442\u043d\u044b\u0439, \u0443\u043d\u0438\u043a\u0430\u043b\u044c\u043d\u044b\u0439\" width=\"220\" height=\"40\" title=\"\" srcset=\"\" data-srcset=\"https:\/\/tuffhandicraft.com\/wp-content\/uploads\/2021\/08\/footer-logo-1.png 220w, https:\/\/tuffhandicraft.com\/wp-content\/uploads\/2021\/08\/footer-logo-1-150x27.png 150w\" sizes=\"auto, (max-width: 220px) 100vw, 220px\" \/><\/strong><\/h3>\n<p data-start=\"448\" data-end=\"599\">\u0418\u0437\u0434\u0435\u043b\u0438\u0435 \u0441\u0432\u044f\u0437\u0430\u043d\u043e \u0432\u0440\u0443\u0447\u043d\u0443\u044e \u0438\u0437 \u0432\u044b\u0441\u043e\u043a\u043e\u043a\u0430\u0447\u0435\u0441\u0442\u0432\u0435\u043d\u043d\u043e\u0439 \u043d\u0430\u0442\u0443\u0440\u0430\u043b\u044c\u043d\u043e\u0439 \u043f\u0440\u044f\u0436\u0438. <a href=\"https:\/\/tuffhandicraft.com\/ru\/%d0%bf%d1%80%d0%be%d0%b4%d1%83%d0%ba%d1%82\/kapusonlu-uzun-atki\/\">\u0448\u0430\u0440\u0444,<\/a> \u041e\u043d \u043f\u0440\u0438\u044f\u0442\u0435\u043d \u043d\u0430 \u043e\u0449\u0443\u043f\u044c \u0438 \u0434\u043e\u043b\u0433\u043e\u0432\u0435\u0447\u0435\u043d. \u041a\u0438\u0441\u0442\u043e\u0447\u043a\u0438 \u0434\u043e\u0431\u0430\u0432\u043b\u044f\u044e\u0442 \u043e\u0440\u0438\u0433\u0438\u043d\u0430\u043b\u044c\u043d\u043e\u0441\u0442\u0438 \u0438 \u0434\u0438\u043d\u0430\u043c\u0438\u0447\u043d\u043e\u0441\u0442\u0438 \u0438\u0437\u0434\u0435\u043b\u0438\u044e.<\/p>\n<hr data-start=\"601\" data-end=\"604\" \/>\n<h3 data-start=\"606\" data-end=\"643\">\u2744\ufe0f <strong data-start=\"613\" data-end=\"641\">\u041e\u0431\u043b\u0430\u0441\u0442\u044c \u043f\u0440\u0438\u043c\u0435\u043d\u0435\u043d\u0438\u044f \u0438 \u043a\u043e\u043c\u0444\u043e\u0440\u0442<\/strong><\/h3>\n<ul data-start=\"644\" data-end=\"809\">\n<li data-start=\"644\" data-end=\"672\">\n<p data-start=\"646\" data-end=\"672\">\u0412 \u0435\u0436\u0435\u0434\u043d\u0435\u0432\u043d\u044b\u0445 \u0437\u0438\u043c\u043d\u0438\u0445 \u043a\u043e\u043c\u0431\u0438\u043d\u0430\u0446\u0438\u044f\u0445<\/p>\n<\/li>\n<li data-start=\"673\" data-end=\"714\">\n<p data-start=\"675\" data-end=\"714\">\u0421\u043e\u0445\u0440\u0430\u043d\u044f\u0435\u0442 \u0442\u0435\u043f\u043b\u043e \u0432\u043e \u0432\u0440\u0435\u043c\u044f \u0430\u043a\u0442\u0438\u0432\u043d\u043e\u0433\u043e \u043e\u0442\u0434\u044b\u0445\u0430 \u043d\u0430 \u0441\u0432\u0435\u0436\u0435\u043c \u0432\u043e\u0437\u0434\u0443\u0445\u0435<\/p>\n<\/li>\n<li data-start=\"715\" data-end=\"754\">\n<p data-start=\"717\" data-end=\"754\">\u0421\u043e\u0432\u043c\u0435\u0441\u0442\u0438\u043c\u043e \u043a\u0430\u043a \u0441 \u043f\u043e\u0432\u0441\u0435\u0434\u043d\u0435\u0432\u043d\u044b\u043c, \u0442\u0430\u043a \u0438 \u0441 \u044d\u043b\u0435\u0433\u0430\u043d\u0442\u043d\u044b\u043c \u0441\u0442\u0438\u043b\u0435\u043c<\/p>\n<\/li>\n<li data-start=\"755\" data-end=\"809\">\n<p data-start=\"757\" data-end=\"809\">\u0411\u043b\u0430\u0433\u043e\u0434\u0430\u0440\u044f \u0431\u043e\u043b\u044c\u0448\u043e\u0439 \u0434\u043b\u0438\u043d\u0435 \u043e\u043d \u043f\u0440\u0435\u0434\u043b\u0430\u0433\u0430\u0435\u0442 \u0440\u0430\u0437\u043b\u0438\u0447\u043d\u044b\u0435 \u0432\u0430\u0440\u0438\u0430\u043d\u0442\u044b \u043f\u043e\u0434\u043a\u043b\u044e\u0447\u0435\u043d\u0438\u044f.<\/p>\n<\/li>\n<\/ul>\n<hr data-start=\"811\" data-end=\"814\" \/>\n<h3 data-start=\"816\" data-end=\"841\">\ud83c\udfa8 <strong data-start=\"823\" data-end=\"839\">\u041f\u0440\u0435\u0434\u043b\u043e\u0436\u0435\u043d\u0438\u0435 \u0441\u0442\u0438\u043b\u044f<\/strong><\/h3>\n<p data-start=\"842\" data-end=\"993\">\u0421\u043e\u0447\u0435\u0442\u0430\u0439\u0442\u0435 \u0435\u0433\u043e \u0441 \u043a\u043b\u0430\u0441\u0441\u0438\u0447\u0435\u0441\u043a\u0438\u043c\u0438 \u043f\u0430\u043b\u044c\u0442\u043e, \u043f\u043b\u0430\u0449\u0430\u043c\u0438 \u0438\u043b\u0438 \u043a\u0443\u0440\u0442\u043a\u0430\u043c\u0438 \u043e\u0432\u0435\u0440\u0441\u0430\u0439\u0437, \u0447\u0442\u043e\u0431\u044b \u0437\u0430\u0432\u0435\u0440\u0448\u0438\u0442\u044c \u0432\u0430\u0448 \u0437\u0438\u043c\u043d\u0438\u0439 \u043e\u0431\u0440\u0430\u0437. \u042f\u0440\u043a\u0438\u0435 \u0446\u0432\u0435\u0442\u0430 \u0434\u043e\u0431\u0430\u0432\u044f\u0442 \u0434\u0438\u043d\u0430\u043c\u0438\u0447\u043d\u043e\u0441\u0442\u0438 \u043f\u0440\u043e\u0441\u0442\u044b\u043c \u043d\u0430\u0440\u044f\u0434\u0430\u043c.<\/p>\n<p data-start=\"842\" data-end=\"993\">\u0414\u043b\u044f \u0434\u0440\u0443\u0433\u0438\u0445 \u043c\u043e\u0434\u0435\u043b\u0435\u0439, \u043a\u043e\u0442\u043e\u0440\u044b\u0435 \u043c\u043e\u0433\u0443\u0442 \u043f\u043e\u0434\u043e\u0439\u0442\u0438 \u0432\u0430\u0448\u0435\u043c\u0443 \u0441\u0442\u0438\u043b\u044e \u0438 \u043d\u0435 \u0442\u043e\u043b\u044c\u043a\u043e, \u043f\u043e\u0441\u0435\u0442\u0438\u0442\u0435 Tuff\u00a0<a href=\"https:\/\/www.pinterest.com\/TuffHandicraft01\/\" target=\"_blank\" rel=\"noopener\">\u041f\u0438\u043d\u0442\u0435\u0440\u0435\u0441\u0442<\/a>\u00a0\u043f\u043e\u0441\u0435\u0442\u0438\u0442\u0435 \u043c\u0438\u0440.<\/p>\n<hr data-start=\"995\" data-end=\"998\" \/>\n<h3 data-start=\"1000\" data-end=\"1043\">\u267b\ufe0f <strong data-start=\"1007\" data-end=\"1041\">\u0420\u0443\u0447\u043d\u0430\u044f \u0440\u0430\u0431\u043e\u0442\u0430 \u0438 \u0443\u0441\u0442\u043e\u0439\u0447\u0438\u0432\u043e\u0435 \u0440\u0430\u0437\u0432\u0438\u0442\u0438\u0435<\/strong><\/h3>\n<p data-start=\"1044\" data-end=\"1179\">\u0418\u0437\u0433\u043e\u0442\u043e\u0432\u043b\u0435\u043d\u043d\u044b\u0439 \u0432\u0440\u0443\u0447\u043d\u0443\u044e \u0432 \u0441\u043e\u043e\u0442\u0432\u0435\u0442\u0441\u0442\u0432\u0438\u0438 \u0441 \u043f\u0440\u0438\u043d\u0446\u0438\u043f\u0430\u043c\u0438 \u0443\u0441\u0442\u043e\u0439\u0447\u0438\u0432\u043e\u0439 \u043c\u043e\u0434\u044b, \u043e\u043d \u043f\u0440\u0435\u0434\u043b\u0430\u0433\u0430\u0435\u0442 \u044d\u0442\u0438\u0447\u043d\u0443\u044e \u0438 \u044d\u043a\u043e\u043b\u043e\u0433\u0438\u0447\u043d\u0443\u044e \u0430\u043b\u044c\u0442\u0435\u0440\u043d\u0430\u0442\u0438\u0432\u0443 \u043c\u0430\u0441\u0441\u043e\u0432\u043e\u043c\u0443 \u043f\u0440\u043e\u0438\u0437\u0432\u043e\u0434\u0441\u0442\u0432\u0443. \u041a\u0430\u0436\u0434\u044b\u0439 \u0448\u0430\u0440\u0444 \u0443\u043d\u0438\u043a\u0430\u043b\u0435\u043d.<\/p>\n<hr data-start=\"1181\" data-end=\"1184\" \/>\n<h3 data-start=\"1186\" data-end=\"1216\">\ud83e\uddfc <strong data-start=\"1193\" data-end=\"1214\">\u0418\u043d\u0441\u0442\u0440\u0443\u043a\u0446\u0438\u0438 \u043f\u043e \u0443\u0445\u043e\u0434\u0443<\/strong><\/h3>\n<p data-start=\"1217\" data-end=\"1318\">\u0420\u0435\u043a\u043e\u043c\u0435\u043d\u0434\u0443\u0435\u0442\u0441\u044f \u0440\u0443\u0447\u043d\u0430\u044f \u0441\u0442\u0438\u0440\u043a\u0430 \u0432 \u0445\u043e\u043b\u043e\u0434\u043d\u043e\u0439 \u0432\u043e\u0434\u0435 \u0438 \u0441\u0443\u0448\u043a\u0430 \u043d\u0430 \u0440\u043e\u0432\u043d\u043e\u0439 \u043f\u043e\u0432\u0435\u0440\u0445\u043d\u043e\u0441\u0442\u0438. \u041c\u0430\u0448\u0438\u043d\u043d\u0430\u044f \u0441\u0442\u0438\u0440\u043a\u0430 \u0438 \u043e\u0442\u0436\u0438\u043c \u0437\u0430\u043f\u0440\u0435\u0449\u0435\u043d\u044b.<\/p>\n<hr data-start=\"1320\" data-end=\"1323\" \/>\n<h3 data-start=\"1325\" data-end=\"1370\">\u2728 <strong data-start=\"1331\" data-end=\"1370\">\u041f\u043e\u0447\u0435\u043c\u0443 \u0432\u0430\u043c \u0441\u0442\u043e\u0438\u0442 \u0432\u044b\u0431\u0440\u0430\u0442\u044c \u044d\u0442\u043e\u0442 \u0448\u0430\u0440\u0444?<\/strong><\/h3>\n<ul data-start=\"1372\" data-end=\"1550\">\n<li data-start=\"1372\" data-end=\"1407\">\n<p data-start=\"1374\" data-end=\"1407\">%100 el yap\u0131m\u0131 ve \u00f6zg\u00fcn tasar\u0131m<\/p>\n<\/li>\n<li data-start=\"1408\" data-end=\"1446\">\n<p data-start=\"1410\" data-end=\"1446\">\u041e\u0447\u0435\u043d\u044c \u043a\u0440\u0430\u0441\u043e\u0447\u043d\u044b\u0439, \u044f\u0440\u043a\u0438\u0439 \u0438 \u043f\u0440\u0438\u0432\u043b\u0435\u043a\u0430\u044e\u0449\u0438\u0439 \u0432\u043d\u0438\u043c\u0430\u043d\u0438\u0435<\/p>\n<\/li>\n<li data-start=\"1447\" data-end=\"1481\">\n<p data-start=\"1449\" data-end=\"1481\">\u041c\u044f\u0433\u043a\u0438\u0439 \u0438 \u0442\u0435\u043f\u043b\u044b\u0439 \u043c\u0430\u0442\u0435\u0440\u0438\u0430\u043b<\/p>\n<\/li>\n<li data-start=\"1482\" data-end=\"1518\">\n<p data-start=\"1484\" data-end=\"1518\">\u0423\u043d\u0438\u0432\u0435\u0440\u0441\u0430\u043b\u044c\u043d\u043e\u0435 \u0438\u0441\u043f\u043e\u043b\u044c\u0437\u043e\u0432\u0430\u043d\u0438\u0435 \u0431\u043b\u0430\u0433\u043e\u0434\u0430\u0440\u044f \u0431\u043e\u043b\u044c\u0448\u043e\u0439 \u0434\u043b\u0438\u043d\u0435<\/p>\n<\/li>\n<li data-start=\"1519\" data-end=\"1550\">\n<p data-start=\"1521\" data-end=\"1550\">\u0423\u0441\u0442\u043e\u0439\u0447\u0438\u0432\u044b\u0439 \u0438 \u044d\u043a\u043e\u043b\u043e\u0433\u0438\u0447\u0435\u0441\u043a\u0438 \u0447\u0438\u0441\u0442\u044b\u0439<\/p>\n<\/li>\n<\/ul>","protected":false},"excerpt":{"rendered":"<p data-start=\"152\" data-end=\"266\">\u042d\u0442\u043e\u0442 \u0440\u0430\u0437\u043d\u043e\u0446\u0432\u0435\u0442\u043d\u044b\u0439 \u0434\u043b\u0438\u043d\u043d\u044b\u0439 \u0448\u0430\u0440\u0444 \u0441 \u043a\u0438\u0441\u0442\u043e\u0447\u043a\u0430\u043c\u0438 \u0440\u0443\u0447\u043d\u043e\u0439 \u0440\u0430\u0431\u043e\u0442\u044b \u0434\u043e\u0431\u0430\u0432\u0438\u0442 \u044d\u043d\u0435\u0440\u0433\u0438\u0447\u043d\u043e\u0441\u0442\u0438 \u0438 \u043d\u0435\u043f\u043e\u0432\u0442\u043e\u0440\u0438\u043c\u043e\u0441\u0442\u0438 \u0432\u0430\u0448\u0435\u043c\u0443 \u0437\u0438\u043c\u043d\u0435\u043c\u0443 \u043e\u0431\u0440\u0430\u0437\u0443. \u041e\u043d \u0441\u043e\u0433\u0440\u0435\u0435\u0442 \u0432\u0430\u0441 \u0438 \u0441\u0434\u0435\u043b\u0430\u0435\u0442 \u043c\u044f\u0433\u043a\u0438\u043c.<\/p>","protected":false},"featured_media":28294,"comment_status":"open","ping_status":"closed","template":"","meta":[],"product_brand":[691],"product_cat":[712,711],"product_tag":[1090,1083,976,769,974,1084,1089,1086,1087,1088,762,1085,973,1082,975],"class_list":{"0":"post-27643","1":"product","2":"type-product","3":"status-publish","4":"has-post-thumbnail","6":"product_brand-tuffhandicraft","7":"product_cat-atki","8":"product_cat-aksesuarlar","9":"product_tag-boho-atki","10":"product_tag-cok-renkli-atki","11":"product_tag-el-yapimi-atki","12":"product_tag-hediye-fikirleri","13":"product_tag-kislik-atki","14":"product_tag-orgu-atki","15":"product_tag-ozgun-tasarim-atki","16":"product_tag-puskullu-atki","17":"product_tag-renkli-orgu-atki","18":"product_tag-sicak-atki","19":"product_tag-surdurulebilir-moda","20":"product_tag-tig-isi-atki","21":"product_tag-uzun-atki","22":"product_tag-uzun-puskullu-atki","23":"product_tag-yumusak-atki","25":"first","26":"instock","27":"taxable","28":"shipping-taxable","29":"purchasable","30":"product-type-simple"},"_links":{"self":[{"href":"https:\/\/tuffhandicraft.com\/ru\/wp-json\/wp\/v2\/product\/27643","targetHints":{"allow":["GET"]}}],"collection":[{"href":"https:\/\/tuffhandicraft.com\/ru\/wp-json\/wp\/v2\/product"}],"about":[{"href":"https:\/\/tuffhandicraft.com\/ru\/wp-json\/wp\/v2\/types\/product"}],"replies":[{"embeddable":true,"href":"https:\/\/tuffhandicraft.com\/ru\/wp-json\/wp\/v2\/comments?post=27643"}],"version-history":[{"count":0,"href":"https:\/\/tuffhandicraft.com\/ru\/wp-json\/wp\/v2\/product\/27643\/revisions"}],"wp:featuredmedia":[{"embeddable":true,"href":"https:\/\/tuffhandicraft.com\/ru\/wp-json\/wp\/v2\/media\/28294"}],"wp:attachment":[{"href":"https:\/\/tuffhandicraft.com\/ru\/wp-json\/wp\/v2\/media?parent=27643"}],"wp:term":[{"taxonomy":"product_brand","embeddable":true,"href":"https:\/\/tuffhandicraft.com\/ru\/wp-json\/wp\/v2\/product_brand?post=27643"},{"taxonomy":"product_cat","embeddable":true,"href":"https:\/\/tuffhandicraft.com\/ru\/wp-json\/wp\/v2\/product_cat?post=27643"},{"taxonomy":"product_tag","embeddable":true,"href":"https:\/\/tuffhandicraft.com\/ru\/wp-json\/wp\/v2\/product_tag?post=27643"}],"curies":[{"name":"wp","href":"https:\/\/api.w.org\/{rel}","templated":true}]}}