{"id":27647,"date":"2025-05-11T00:24:33","date_gmt":"2025-05-10T21:24:33","guid":{"rendered":"https:\/\/tasarim.yusufkecici.com.tr\/urun\/small-crossbody-sling-bag-straw-mini-cell-phone-bag-handmade-blue-raffia-purse-hand-knitted-small-shoulder-bag-gift-for-her\/"},"modified":"2025-08-21T17:37:21","modified_gmt":"2025-08-21T14:37:21","slug":"kagit-ip-mini-canta","status":"publish","type":"product","link":"https:\/\/tuffhandicraft.com\/ru\/magaza\/canta\/capraz-canta\/kagit-ip-mini-canta\/","title":{"rendered":"\u041c\u0438\u043d\u0438-\u0441\u0443\u043c\u043a\u0430 \u0438\u0437 \u0431\u0443\u043c\u0430\u0436\u043d\u043e\u0439 \u0432\u0435\u0440\u0435\u0432\u043a\u0438 \u2014 \u0443\u043d\u0438\u0432\u0435\u0440\u0441\u0430\u043b\u044c\u043d\u043e\u0435 \u0438\u0441\u043f\u043e\u043b\u044c\u0437\u043e\u0432\u0430\u043d\u0438\u0435 \u0438 \u043c\u0438\u043d\u0438\u043c\u0430\u043b\u0438\u0437\u043c"},"content":{"rendered":"<h3 data-start=\"191\" data-end=\"253\">\ud83d\udc5c <strong data-start=\"198\" data-end=\"253\">\u041c\u0438\u043d\u0438-\u0441\u0443\u043c\u043a\u0430 \u0438\u0437 \u0431\u0443\u043c\u0430\u0436\u043d\u043e\u0439 \u0432\u0435\u0440\u0435\u0432\u043a\u0438 \u2013 \u0443\u043d\u0438\u0432\u0435\u0440\u0441\u0430\u043b\u044c\u043d\u043e\u0435 \u043f\u0440\u0438\u043c\u0435\u043d\u0435\u043d\u0438\u0435 \u0438 \u043c\u0438\u043d\u0438\u043c\u0430\u043b\u0438\u0437\u043c<\/strong><\/h3>\n<p data-start=\"255\" data-end=\"532\">\u042d\u0442\u0430 \u043c\u0438\u043d\u0438-\u0441\u0443\u043c\u043a\u0430 \u0440\u0443\u0447\u043d\u043e\u0439 \u0440\u0430\u0431\u043e\u0442\u044b, \u0441\u043e\u0442\u043a\u0430\u043d\u043d\u0430\u044f \u0438\u0437 \u043d\u0430\u0442\u0443\u0440\u0430\u043b\u044c\u043d\u043e\u0439 \u0431\u0443\u043c\u0430\u0436\u043d\u043e\u0439 \u043f\u0440\u044f\u0436\u0438, \u043e\u0442\u043b\u0438\u0447\u0430\u0435\u0442\u0441\u044f \u043c\u0438\u043d\u0438\u043c\u0430\u043b\u0438\u0441\u0442\u0438\u0447\u043d\u044b\u043c \u0438 \u044d\u043a\u043e\u043b\u043e\u0433\u0438\u0447\u043d\u044b\u043c \u0441\u0442\u0438\u043b\u0435\u043c. \u0415\u0451 \u043b\u0451\u0433\u043a\u043e\u0441\u0442\u044c, \u0443\u0434\u043e\u0431\u043d\u044b\u0439 \u0440\u0435\u043c\u0435\u0448\u043e\u043a \u0447\u0435\u0440\u0435\u0437 \u043f\u043b\u0435\u0447\u043e \u0438 \u044d\u043b\u0435\u0433\u0430\u043d\u0442\u043d\u044b\u0439 \u0432\u0438\u0434 \u0434\u0435\u043b\u0430\u044e\u0442 \u0435\u0451 \u043d\u0435\u0437\u0430\u043c\u0435\u043d\u0438\u043c\u044b\u043c \u0430\u043a\u0441\u0435\u0441\u0441\u0443\u0430\u0440\u043e\u043c \u043a\u0430\u043a \u0434\u043b\u044f \u0433\u043e\u0440\u043e\u0434\u0441\u043a\u043e\u0439 \u0436\u0438\u0437\u043d\u0438, \u0442\u0430\u043a \u0438 \u0434\u043b\u044f \u043e\u0442\u0434\u044b\u0445\u0430. \u0415\u0451 \u043a\u043b\u0430\u0441\u0441\u0438\u0447\u0435\u0441\u043a\u0438\u0439 \u0434\u0438\u0437\u0430\u0439\u043d \u043f\u043e\u0434\u0445\u043e\u0434\u0438\u0442 \u0434\u043b\u044f \u043b\u044e\u0431\u043e\u0433\u043e \u0432\u043e\u0437\u0440\u0430\u0441\u0442\u0430 \u0438 \u0441\u0442\u0438\u043b\u044f.<\/p>\n<hr data-start=\"534\" data-end=\"537\" \/>\n<h3 data-start=\"539\" data-end=\"567\">\ud83e\uddf5 <strong data-start=\"546\" data-end=\"565\">\u0421\u0443\u0449\u0435\u0441\u0442\u0432\u0435\u043d\u043d\u0430\u044f \u0438\u043d\u0444\u043e\u0440\u043c\u0430\u0446\u0438\u044f<\/strong><img loading=\"lazy\" decoding=\"async\" class=\"wd-lazy-fade size-full wp-image-28000 alignright\" style=\"color: #333333; font-size: 16px;\" src=\"https:\/\/tuffhandicraft.com\/wp-content\/themes\/woodmart\/images\/lazy.svg\" data-src=\"https:\/\/tuffhandicraft.com\/wp-content\/uploads\/2021\/08\/footer-logo-1.png\" alt=\"Etnik DesKa\u011f\u0131t \u0130p Mini \u00c7anta\" width=\"220\" height=\"40\" title=\"\" srcset=\"\" data-srcset=\"https:\/\/tuffhandicraft.com\/wp-content\/uploads\/2021\/08\/footer-logo-1.png 220w, https:\/\/tuffhandicraft.com\/wp-content\/uploads\/2021\/08\/footer-logo-1-150x27.png 150w\" sizes=\"auto, (max-width: 220px) 100vw, 220px\" \/><\/h3>\n<p data-start=\"568\" data-end=\"785\">\u0421\u0443\u043c\u043a\u0430 \u043f\u043e\u043b\u043d\u043e\u0441\u0442\u044c\u044e \u0438\u0437\u0433\u043e\u0442\u043e\u0432\u043b\u0435\u043d\u0430 \u0432\u0440\u0443\u0447\u043d\u0443\u044e \u0438\u0437 \u044d\u043a\u043e\u043b\u043e\u0433\u0438\u0447\u0435\u0441\u043a\u0438 \u0447\u0438\u0441\u0442\u043e\u0439 \u0438 \u043f\u0435\u0440\u0435\u0440\u0430\u0431\u0430\u0442\u044b\u0432\u0430\u0435\u043c\u043e\u0439 \u0431\u0443\u043c\u0430\u0436\u043d\u043e\u0439 \u043f\u0440\u044f\u0436\u0438. \u042d\u0442\u0430 \u043d\u0430\u0442\u0443\u0440\u0430\u043b\u044c\u043d\u0430\u044f \u043f\u0440\u044f\u0436\u0430 \u043b\u0451\u0433\u043a\u0430\u044f \u0438 \u043f\u0440\u043e\u0447\u043d\u0430\u044f. \u0415\u0451 \u044d\u043a\u043e\u043b\u043e\u0433\u0438\u0447\u043d\u0430\u044f \u0441\u0442\u0440\u0443\u043a\u0442\u0443\u0440\u0430 \u0441\u043f\u043e\u0441\u043e\u0431\u0441\u0442\u0432\u0443\u0435\u0442 \u0443\u0441\u0442\u043e\u0439\u0447\u0438\u0432\u043e\u0439 \u043c\u043e\u0434\u0435.<\/p>\n<hr data-start=\"787\" data-end=\"790\" \/>\n<h3 data-start=\"792\" data-end=\"829\">\ud83c\udfaf <strong data-start=\"799\" data-end=\"827\">\u041e\u0431\u043b\u0430\u0441\u0442\u044c \u043f\u0440\u0438\u043c\u0435\u043d\u0435\u043d\u0438\u044f \u0438 \u043a\u043e\u043c\u0444\u043e\u0440\u0442<\/strong><\/h3>\n<ul data-start=\"830\" data-end=\"1108\">\n<li data-start=\"830\" data-end=\"886\">\n<p data-start=\"832\" data-end=\"886\">\u0418\u0434\u0435\u0430\u043b\u044c\u043d\u043e \u043f\u043e\u0434\u0445\u043e\u0434\u0438\u0442 \u0434\u043b\u044f \u043f\u043e\u0432\u0441\u0435\u0434\u043d\u0435\u0432\u043d\u043e\u0433\u043e \u0438\u0441\u043f\u043e\u043b\u044c\u0437\u043e\u0432\u0430\u043d\u0438\u044f, \u043f\u0440\u043e\u0433\u0443\u043b\u043e\u043a \u0438\u043b\u0438 \u043e\u0442\u043f\u0443\u0441\u043a\u0430.<\/p>\n<\/li>\n<li data-start=\"887\" data-end=\"954\">\n<p data-start=\"889\" data-end=\"954\">\u0414\u043e\u0441\u0442\u0430\u0442\u043e\u0447\u043d\u043e \u043c\u0435\u0441\u0442\u0430 \u0434\u043b\u044f \u043d\u0435\u043e\u0431\u0445\u043e\u0434\u0438\u043c\u044b\u0445 \u0432\u0435\u0449\u0435\u0439, \u0442\u0430\u043a\u0438\u0445 \u043a\u0430\u043a \u0442\u0435\u043b\u0435\u0444\u043e\u043d, \u043a\u043e\u0448\u0435\u043b\u0435\u043a \u0438 \u043a\u043b\u044e\u0447\u0438.<\/p>\n<\/li>\n<li data-start=\"955\" data-end=\"1008\">\n<p data-start=\"957\" data-end=\"1008\">\u0423\u0434\u043e\u0431\u043d\u043e \u043d\u043e\u0441\u0438\u0442\u044c \u0441 \u0441\u043e\u0431\u043e\u0439 \u0431\u043b\u0430\u0433\u043e\u0434\u0430\u0440\u044f \u0440\u0435\u0433\u0443\u043b\u0438\u0440\u0443\u0435\u043c\u043e\u043c\u0443 \u0440\u0435\u043c\u043d\u044e \u0447\u0435\u0440\u0435\u0437 \u043f\u043b\u0435\u0447\u043e<\/p>\n<\/li>\n<li data-start=\"1009\" data-end=\"1054\">\n<p data-start=\"1011\" data-end=\"1054\">\u041c\u0438\u043d\u0438\u0430\u0442\u044e\u0440\u043d\u044b\u0439, \u043b\u0435\u0433\u043a\u0438\u0439 \u0438 \u0443\u0434\u043e\u0431\u043d\u044b\u0439 \u0434\u043b\u044f \u043f\u0435\u0440\u0435\u043d\u043e\u0441\u043a\u0438<\/p>\n<\/li>\n<li data-start=\"1055\" data-end=\"1108\">\n<p data-start=\"1057\" data-end=\"1108\">\u0418\u0434\u0435\u0430\u043b\u044c\u043d\u043e\u0435 \u0434\u043e\u043f\u043e\u043b\u043d\u0435\u043d\u0438\u0435 \u043a\u0430\u043a \u043a \u0433\u043e\u0440\u043e\u0434\u0441\u043a\u043e\u043c\u0443, \u0442\u0430\u043a \u0438 \u043a \u043f\u043b\u044f\u0436\u043d\u043e\u043c\u0443 \u0441\u0442\u0438\u043b\u044e.<\/p>\n<\/li>\n<\/ul>\n<hr data-start=\"1110\" data-end=\"1113\" \/>\n<h3 data-start=\"1115\" data-end=\"1140\">\ud83c\udfa8 <strong data-start=\"1122\" data-end=\"1138\">\u041f\u0440\u0435\u0434\u043b\u043e\u0436\u0435\u043d\u0438\u0435 \u0441\u0442\u0438\u043b\u044f<\/strong><\/h3>\n<p data-start=\"1141\" data-end=\"1356\">\u041e\u043d\u0430 \u0441\u043e\u0437\u0434\u0430\u0451\u0442 \u0435\u0441\u0442\u0435\u0441\u0442\u0432\u0435\u043d\u043d\u044b\u0439 \u0438 \u044d\u043b\u0435\u0433\u0430\u043d\u0442\u043d\u044b\u0439 \u043e\u0431\u0440\u0430\u0437 \u0432 \u0441\u043e\u0447\u0435\u0442\u0430\u043d\u0438\u0438 \u0441 \u043f\u043b\u0430\u0442\u044c\u044f\u043c\u0438 \u0432 \u0441\u0442\u0438\u043b\u0435 \u0431\u043e\u0445\u043e, \u043b\u044c\u043d\u044f\u043d\u044b\u043c\u0438 \u043a\u043e\u0441\u0442\u044e\u043c\u0430\u043c\u0438 \u0438\u043b\u0438 \u043f\u0440\u043e\u0441\u0442\u044b\u043c\u0438 \u0444\u0443\u0442\u0431\u043e\u043b\u043a\u0430\u043c\u0438. \u0411\u043b\u0430\u0433\u043e\u0434\u0430\u0440\u044f \u0441\u0432\u043e\u0435\u043c\u0443 \u043c\u0438\u043d\u0438\u043c\u0430\u043b\u0438\u0441\u0442\u0438\u0447\u043d\u043e\u043c\u0443 \u043a\u0440\u043e\u044e, \u043c\u0438\u043d\u0438-\u0441\u0443\u043c\u043e\u0447\u043a\u0430 \u0438\u0437 \u0431\u0443\u043c\u0430\u0436\u043d\u043e\u0439 \u0432\u0435\u0440\u0435\u0432\u043a\u0438 \u0441\u0442\u0430\u043d\u0435\u0442 \u0437\u0430\u0432\u0435\u0440\u0448\u0430\u044e\u0449\u0438\u043c \u0448\u0442\u0440\u0438\u0445\u043e\u043c \u043a\u0430\u043a \u0434\u043b\u044f \u043f\u043e\u0432\u0441\u0435\u0434\u043d\u0435\u0432\u043d\u043e\u0433\u043e \u043e\u0431\u0440\u0430\u0437\u0430, \u0442\u0430\u043a \u0438 \u0434\u043b\u044f \u043b\u0435\u0442\u043d\u0438\u0445 \u0432\u0435\u0447\u0435\u0440\u043e\u0432.<\/p>\n<p data-start=\"1269\" data-end=\"1509\">\u0414\u043b\u044f \u0434\u0440\u0443\u0433\u0438\u0445 \u043c\u043e\u0434\u0435\u043b\u0435\u0439, \u043a\u043e\u0442\u043e\u0440\u044b\u0435 \u043c\u043e\u0433\u0443\u0442 \u043f\u043e\u0434\u043e\u0439\u0442\u0438 \u0432\u0430\u0448\u0435\u043c\u0443 \u0441\u0442\u0438\u043b\u044e \u0438 \u043d\u0435 \u0442\u043e\u043b\u044c\u043a\u043e, \u043f\u043e\u0441\u0435\u0442\u0438\u0442\u0435 Tuff\u00a0<a href=\"https:\/\/www.pinterest.com\/TuffHandicraft01\/\" target=\"_blank\" rel=\"noopener\">\u041f\u0438\u043d\u0442\u0435\u0440\u0435\u0441\u0442<\/a> \u043f\u043e\u0441\u0435\u0442\u0438\u0442\u0435 \u043c\u0438\u0440.<\/p>\n<hr data-start=\"1358\" data-end=\"1361\" \/>\n<h3 data-start=\"1363\" data-end=\"1406\">\u267b\ufe0f <strong data-start=\"1370\" data-end=\"1404\">\u0420\u0443\u0447\u043d\u0430\u044f \u0440\u0430\u0431\u043e\u0442\u0430 \u0438 \u0443\u0441\u0442\u043e\u0439\u0447\u0438\u0432\u043e\u0435 \u0440\u0430\u0437\u0432\u0438\u0442\u0438\u0435<\/strong><\/h3>\n<p data-start=\"1407\" data-end=\"1644\">\u042d\u0442\u043e\u0442 <a href=\"https:\/\/tuffhandicraft.com\/ru\/%d0%bf%d1%80%d0%be%d0%b4%d1%83%d0%ba%d1%82\/kagit-ip-canta\/\">\u043c\u0438\u043d\u0438-\u043f\u0430\u043a\u0435\u0442 \u0438\u0437 \u0431\u0443\u043c\u0430\u0436\u043d\u043e\u0439 \u0432\u0435\u0440\u0435\u0432\u043a\u0438<\/a> \u041e\u043d \u0441\u0432\u044f\u0437\u0430\u043d \u0432\u0440\u0443\u0447\u043d\u0443\u044e \u043f\u043e \u043f\u0440\u0438\u043d\u0446\u0438\u043f\u0443 \u00ab\u043c\u0435\u0434\u043b\u0435\u043d\u043d\u043e\u0439 \u043c\u043e\u0434\u044b\u00bb. \u0412\u043c\u0435\u0441\u0442\u043e \u043c\u0430\u0441\u0441\u043e\u0432\u043e\u0433\u043e \u043f\u0440\u043e\u0438\u0437\u0432\u043e\u0434\u0441\u0442\u0432\u0430 \u043c\u044b \u0432\u044b\u0431\u0438\u0440\u0430\u0435\u043c \u043f\u0440\u043e\u0438\u0437\u0432\u043e\u0434\u0441\u0442\u0432\u0435\u043d\u043d\u044b\u0439 \u043f\u0440\u043e\u0446\u0435\u0441\u0441, \u043e\u0441\u043d\u043e\u0432\u0430\u043d\u043d\u044b\u0439 \u043d\u0430 \u0442\u0440\u0443\u0434\u043e\u0437\u0430\u0442\u0440\u0430\u0442\u0430\u0445 \u0438 \u0432\u0440\u0435\u043c\u0435\u043d\u0438. \u0411\u0443\u043c\u0430\u0436\u043d\u044b\u0439 \u043c\u0430\u0442\u0435\u0440\u0438\u0430\u043b, \u0438\u0437 \u043a\u043e\u0442\u043e\u0440\u043e\u0433\u043e \u0438\u0437\u0433\u043e\u0442\u043e\u0432\u043b\u0435\u043d\u0430 \u043d\u0438\u0442\u044c, \u043f\u0440\u0438\u0433\u043e\u0434\u0435\u043d \u0434\u043b\u044f \u0432\u0442\u043e\u0440\u0438\u0447\u043d\u043e\u0439 \u043f\u0435\u0440\u0435\u0440\u0430\u0431\u043e\u0442\u043a\u0438 \u0438 \u0431\u0438\u043e\u0440\u0430\u0437\u043b\u0430\u0433\u0430\u0435\u043c, \u0447\u0442\u043e \u0441\u043e\u043e\u0442\u0432\u0435\u0442\u0441\u0442\u0432\u0443\u0435\u0442 \u043f\u0440\u0438\u043d\u0446\u0438\u043f\u0430\u043c \u043f\u0440\u0438\u0440\u043e\u0434\u044b \u0438 \u044d\u0442\u0438\u043a\u0438 \u043c\u043e\u0434\u044b.<\/p>\n<hr data-start=\"1646\" data-end=\"1649\" \/>\n<h3 data-start=\"1651\" data-end=\"1681\">\ud83e\uddfc <strong data-start=\"1658\" data-end=\"1679\">\u0418\u043d\u0441\u0442\u0440\u0443\u043a\u0446\u0438\u0438 \u043f\u043e \u0443\u0445\u043e\u0434\u0443<\/strong><\/h3>\n<p data-start=\"1682\" data-end=\"1879\">\u0415\u0433\u043e \u043b\u0435\u0433\u043a\u043e \u0447\u0438\u0441\u0442\u0438\u0442\u044c \u0432\u043b\u0430\u0436\u043d\u043e\u0439 \u0442\u043a\u0430\u043d\u044c\u044e. \u0418\u0437-\u0437\u0430 \u043e\u0441\u043e\u0431\u0435\u043d\u043d\u043e\u0441\u0442\u0435\u0439 \u0431\u0443\u043c\u0430\u0436\u043d\u043e\u0439 \u043f\u0440\u044f\u0436\u0438 \u043d\u0435 \u0440\u0435\u043a\u043e\u043c\u0435\u043d\u0434\u0443\u0435\u0442\u0441\u044f \u0441\u0442\u0438\u0440\u0430\u0442\u044c \u0432 \u0441\u0442\u0438\u0440\u0430\u043b\u044c\u043d\u043e\u0439 \u043c\u0430\u0448\u0438\u043d\u0435 \u0438\u043b\u0438 \u043e\u0441\u0442\u0430\u0432\u043b\u044f\u0442\u044c \u0432\u043e \u0432\u043b\u0430\u0436\u043d\u043e\u043c \u043f\u043e\u043c\u0435\u0449\u0435\u043d\u0438\u0438 \u043d\u0430 \u0434\u043b\u0438\u0442\u0435\u043b\u044c\u043d\u043e\u0435 \u0432\u0440\u0435\u043c\u044f. \u0425\u0440\u0430\u043d\u0438\u0442\u044c \u0441\u043b\u0435\u0434\u0443\u0435\u0442 \u0432 \u0441\u0443\u0445\u043e\u043c \u043c\u0435\u0441\u0442\u0435 \u043d\u0430 \u0440\u043e\u0432\u043d\u043e\u0439 \u043f\u043e\u0432\u0435\u0440\u0445\u043d\u043e\u0441\u0442\u0438.<\/p>\n<hr data-start=\"1881\" data-end=\"1884\" \/>\n<h3 data-start=\"1886\" data-end=\"1932\">\u2728 <strong data-start=\"1892\" data-end=\"1932\">\u041f\u043e\u0447\u0435\u043c\u0443 \u0432\u0430\u043c \u0441\u0442\u043e\u0438\u0442 \u0432\u044b\u0431\u0440\u0430\u0442\u044c \u044d\u0442\u0443 \u0441\u0443\u043c\u043a\u0443?<\/strong><\/h3>\n<ul data-start=\"1934\" data-end=\"2150\">\n<li data-start=\"1934\" data-end=\"1967\">\n<p data-start=\"1936\" data-end=\"1967\">%100 el yap\u0131m\u0131 ve etik \u00fcretim<\/p>\n<\/li>\n<li data-start=\"1968\" data-end=\"1995\">\n<p data-start=\"1970\" data-end=\"1995\">\u041d\u0430\u0442\u0443\u0440\u0430\u043b\u044c\u043d\u044b\u0439 \u043c\u0430\u0442\u0435\u0440\u0438\u0430\u043b \u0434\u043b\u044f \u0431\u0443\u043c\u0430\u0436\u043d\u043e\u0439 \u0432\u0435\u0440\u0435\u0432\u043a\u0438<\/p>\n<\/li>\n<li data-start=\"1996\" data-end=\"2032\">\n<p data-start=\"1998\" data-end=\"2032\">\u041b\u0435\u0433\u043a\u0438\u0439, \u043f\u0440\u0430\u043a\u0442\u0438\u0447\u043d\u044b\u0439 \u0438 \u043c\u0438\u043d\u0438\u043c\u0430\u043b\u0438\u0441\u0442\u0438\u0447\u043d\u044b\u0439 \u0434\u0438\u0437\u0430\u0439\u043d<\/p>\n<\/li>\n<li data-start=\"2033\" data-end=\"2068\">\n<p data-start=\"2035\" data-end=\"2068\">\u0423\u0434\u043e\u0431\u043d\u043e\u0435 \u0438\u0441\u043f\u043e\u043b\u044c\u0437\u043e\u0432\u0430\u043d\u0438\u0435 \u0431\u043b\u0430\u0433\u043e\u0434\u0430\u0440\u044f \u0440\u0435\u043c\u043d\u044f\u043c \u0447\u0435\u0440\u0435\u0437 \u043f\u043b\u0435\u0447\u043e<\/p>\n<\/li>\n<li data-start=\"2069\" data-end=\"2113\">\n<p data-start=\"2071\" data-end=\"2113\">\u0418\u0434\u0435\u0430\u043b\u044c\u043d\u043e \u043f\u043e\u0434\u0445\u043e\u0434\u0438\u0442 \u0434\u043b\u044f \u043f\u043e\u0432\u0441\u0435\u0434\u043d\u0435\u0432\u043d\u043e\u0439 \u0436\u0438\u0437\u043d\u0438 \u0438 \u043b\u0435\u0442\u043d\u0435\u0433\u043e \u043e\u0442\u0434\u044b\u0445\u0430.<\/p>\n<\/li>\n<li data-start=\"2114\" data-end=\"2150\">\n<p data-start=\"2116\" data-end=\"2150\">\u042d\u043a\u043e\u043b\u043e\u0433\u0438\u0447\u0435\u0441\u043a\u0438 \u0447\u0438\u0441\u0442\u044b\u0439 \u0438 \u044d\u043a\u043e\u043b\u043e\u0433\u0438\u0447\u043d\u044b\u0439 \u043f\u0440\u043e\u0434\u0443\u043a\u0442<\/p>\n<\/li>\n<\/ul>","protected":false},"excerpt":{"rendered":"<p>\u042d\u0442\u0430 \u043c\u0438\u043d\u0438-\u0441\u0443\u043c\u043a\u0430 \u0440\u0443\u0447\u043d\u043e\u0439 \u0440\u0430\u0431\u043e\u0442\u044b \u0438\u0437 \u0431\u0443\u043c\u0430\u0436\u043d\u043e\u0439 \u0432\u0435\u0440\u0435\u0432\u043a\u0438, \u043b\u0451\u0433\u043a\u0430\u044f \u043a\u043e\u043d\u0441\u0442\u0440\u0443\u043a\u0446\u0438\u044f \u0438 \u0440\u0435\u043c\u0435\u0448\u043e\u043a \u0447\u0435\u0440\u0435\u0437 \u043f\u043b\u0435\u0447\u043e \u0438\u0434\u0435\u0430\u043b\u044c\u043d\u043e \u043f\u043e\u0434\u0445\u043e\u0434\u044f\u0442 \u0434\u043b\u044f \u043f\u043e\u0432\u0441\u0435\u0434\u043d\u0435\u0432\u043d\u043e\u0439 \u043d\u043e\u0441\u043a\u0438. \u0415\u0451 \u043c\u0438\u043d\u0438\u043c\u0430\u043b\u0438\u0441\u0442\u0438\u0447\u043d\u044b\u0439 \u0441\u0442\u0438\u043b\u044c \u0438 \u043d\u0430\u0442\u0443\u0440\u0430\u043b\u044c\u043d\u0430\u044f \u0442\u0435\u043a\u0441\u0442\u0443\u0440\u0430 \u0434\u043e\u0431\u0430\u0432\u044f\u0442 \u044d\u043b\u0435\u0433\u0430\u043d\u0442\u043d\u043e\u0441\u0442\u0438 \u043b\u044e\u0431\u043e\u043c\u0443 \u043e\u0431\u0440\u0430\u0437\u0443.<\/p>","protected":false},"featured_media":28260,"comment_status":"open","ping_status":"closed","template":"","meta":[],"product_brand":[691],"product_cat":[704,686],"product_tag":[846,870,1040,811,819,1020,1041,769,1036,1038,1042,1039,817,869,1043,904,1037],"class_list":{"0":"post-27647","1":"product","2":"type-product","3":"status-publish","4":"has-post-thumbnail","6":"product_brand-tuffhandicraft","7":"product_cat-capraz-canta","8":"product_cat-canta","9":"product_tag-boho-stil-canta","10":"product_tag-capraz-askili-canta","11":"product_tag-cevre-dostu-canta","12":"product_tag-doga-dostu-canta","13":"product_tag-el-orgusu-canta","14":"product_tag-el-yapimi-capraz-canta","15":"product_tag-gunluk-mini-canta","16":"product_tag-hediye-fikirleri","17":"product_tag-kagit-ip-mini-canta","18":"product_tag-kucuk-el-yapimi-canta","19":"product_tag-mavi","20":"product_tag-minimal-tasarim-canta","21":"product_tag-surdurulebilir-canta","22":"product_tag-telefon-cantasi","23":"product_tag-vegan-urun","24":"product_tag-yavas-moda-aksesuar","25":"product_tag-yazlik-mini-canta","27":"first","28":"instock","29":"sale","30":"taxable","31":"shipping-taxable","32":"purchasable","33":"product-type-simple"},"_links":{"self":[{"href":"https:\/\/tuffhandicraft.com\/ru\/wp-json\/wp\/v2\/product\/27647","targetHints":{"allow":["GET"]}}],"collection":[{"href":"https:\/\/tuffhandicraft.com\/ru\/wp-json\/wp\/v2\/product"}],"about":[{"href":"https:\/\/tuffhandicraft.com\/ru\/wp-json\/wp\/v2\/types\/product"}],"replies":[{"embeddable":true,"href":"https:\/\/tuffhandicraft.com\/ru\/wp-json\/wp\/v2\/comments?post=27647"}],"version-history":[{"count":1,"href":"https:\/\/tuffhandicraft.com\/ru\/wp-json\/wp\/v2\/product\/27647\/revisions"}],"predecessor-version":[{"id":30277,"href":"https:\/\/tuffhandicraft.com\/ru\/wp-json\/wp\/v2\/product\/27647\/revisions\/30277"}],"wp:featuredmedia":[{"embeddable":true,"href":"https:\/\/tuffhandicraft.com\/ru\/wp-json\/wp\/v2\/media\/28260"}],"wp:attachment":[{"href":"https:\/\/tuffhandicraft.com\/ru\/wp-json\/wp\/v2\/media?parent=27647"}],"wp:term":[{"taxonomy":"product_brand","embeddable":true,"href":"https:\/\/tuffhandicraft.com\/ru\/wp-json\/wp\/v2\/product_brand?post=27647"},{"taxonomy":"product_cat","embeddable":true,"href":"https:\/\/tuffhandicraft.com\/ru\/wp-json\/wp\/v2\/product_cat?post=27647"},{"taxonomy":"product_tag","embeddable":true,"href":"https:\/\/tuffhandicraft.com\/ru\/wp-json\/wp\/v2\/product_tag?post=27647"}],"curies":[{"name":"wp","href":"https:\/\/api.w.org\/{rel}","templated":true}]}}