{"id":27649,"date":"2025-05-11T00:24:34","date_gmt":"2025-05-10T21:24:34","guid":{"rendered":"https:\/\/tasarim.yusufkecici.com.tr\/urun\/crochet-cardigan-with-ethnic-pattern-on-the-back-handmade-oversized-boho-cardigan-unique-hand-knit-80s-sweater-moon-symbol-gift-for-her\/"},"modified":"2025-11-01T00:25:02","modified_gmt":"2025-10-31T21:25:02","slug":"etnik-desenli-motifli-hirka","status":"publish","type":"product","link":"https:\/\/tuffhandicraft.com\/ru\/magaza\/hirka\/etnik-desenli-motifli-hirka\/","title":{"rendered":"\u041a\u0430\u0440\u0434\u0438\u0433\u0430\u043d \u0441 \u044d\u0442\u043d\u0438\u0447\u0435\u0441\u043a\u0438\u043c \u0443\u0437\u043e\u0440\u043e\u043c \u043d\u0430 \u0441\u043f\u0438\u043d\u0435 \u2013 \u0443\u043d\u0438\u043a\u0430\u043b\u044c\u043d\u044b\u0439 \u0438 \u0441\u0442\u0438\u043b\u044c\u043d\u044b\u0439 \u0431\u043e\u0433\u0435\u043c\u043d\u044b\u0439"},"content":{"rendered":"<h3 data-start=\"173\" data-end=\"242\">\ud83e\uddf6 <strong data-start=\"180\" data-end=\"242\">\u041a\u0430\u0440\u0434\u0438\u0433\u0430\u043d \u0441 \u044d\u0442\u043d\u0438\u0447\u0435\u0441\u043a\u0438\u043c \u0443\u0437\u043e\u0440\u043e\u043c \u043d\u0430 \u0441\u043f\u0438\u043d\u0435 \u2013 \u0443\u043d\u0438\u043a\u0430\u043b\u044c\u043d\u044b\u0439 \u0438 \u0441\u0442\u0438\u043b\u044c\u043d\u044b\u0439 \u0431\u043e\u0433\u0435\u043c\u043d\u044b\u0439<\/strong><\/h3>\n<p data-start=\"244\" data-end=\"582\">Bu el yap\u0131m\u0131 t\u0131\u011f i\u015fi h\u0131rka, s\u0131rt\u0131nda yer alan g\u00f6z al\u0131c\u0131 etnik deseniyle s\u0131radan\u0131n \u00e7ok \u00f6tesinde. Bohem stilin enerjisini ta\u015f\u0131yan bu par\u00e7a, zengin renk ge\u00e7i\u015fleri ve \u00f6zenli el i\u015f\u00e7ili\u011fiyle \u00f6zg\u00fcnl\u00fck arayanlar\u0131n favorisi olmaya aday. Hem rahatl\u0131\u011f\u0131 hem de dikkat \u00e7eken tasar\u0131m\u0131yla g\u00fcnl\u00fck hayattan festivallere kadar her ortama kolayca uyum sa\u011flar.<\/p>\n<hr data-start=\"584\" data-end=\"587\" \/>\n<h3 data-start=\"589\" data-end=\"615\">\ud83e\uddf5 <strong data-start=\"596\" data-end=\"615\">\u0421\u0443\u0449\u0435\u0441\u0442\u0432\u0435\u043d\u043d\u0430\u044f \u0438\u043d\u0444\u043e\u0440\u043c\u0430\u0446\u0438\u044f<\/strong><img loading=\"lazy\" decoding=\"async\" class=\"wd-lazy-fade size-full wp-image-28000 alignright\" style=\"color: #333333; font-size: 16px;\" src=\"https:\/\/tuffhandicraft.com\/wp-content\/themes\/woodmart\/images\/lazy.svg\" data-src=\"https:\/\/tuffhandicraft.com\/wp-content\/uploads\/2021\/08\/footer-logo-1.png\" alt=\"Etnik Desenli S\u0131rt Motifli H\u0131rka\" width=\"220\" height=\"40\" title=\"\" srcset=\"\" data-srcset=\"https:\/\/tuffhandicraft.com\/wp-content\/uploads\/2021\/08\/footer-logo-1.png 220w, https:\/\/tuffhandicraft.com\/wp-content\/uploads\/2021\/08\/footer-logo-1-150x27.png 150w\" sizes=\"auto, (max-width: 220px) 100vw, 220px\" \/><\/h3>\n<p data-start=\"617\" data-end=\"885\">Motifli h\u0131rka, pamuklu ipliklerle el \u00f6rmesi olarak \u00fcretilmi\u015ftir. Do\u011fal lifler sayesinde cilde dosttur, nefes alabilir yap\u0131s\u0131yla <a href=\"https:\/\/tuffhandicraft.com\/ru\/%d0%bf%d1%80%d0%be%d0%b4%d1%83%d0%ba%d1%82\/granny-motif-el-orgusu-hirka\/\">mevsim ge\u00e7i\u015flerinde<\/a> ideal bir kullan\u0131m sunar. El i\u015f\u00e7ili\u011fine dayal\u0131 \u00fcretim s\u00fcreci, her bir h\u0131rkay\u0131 benzersiz ve karakteristik k\u0131lar.<\/p>\n<hr data-start=\"887\" data-end=\"890\" \/>\n<h3 data-start=\"892\" data-end=\"927\">\u2601\ufe0f <strong data-start=\"899\" data-end=\"927\">\u041e\u0431\u043b\u0430\u0441\u0442\u044c \u043f\u0440\u0438\u043c\u0435\u043d\u0435\u043d\u0438\u044f \u0438 \u043a\u043e\u043c\u0444\u043e\u0440\u0442<\/strong><\/h3>\n<ul data-start=\"929\" data-end=\"1210\">\n<li data-start=\"929\" data-end=\"996\">\n<p data-start=\"931\" data-end=\"996\">Bahar ve serin yaz ak\u015famlar\u0131nda hafif bir d\u0131\u015f giyim alternatifi<\/p>\n<\/li>\n<li data-start=\"997\" data-end=\"1060\">\n<p data-start=\"999\" data-end=\"1060\">G\u00fcnl\u00fck giyimde jean, etek ya da elbiselerle kombinlenebilir<\/p>\n<\/li>\n<li data-start=\"1061\" data-end=\"1129\">\n<p data-start=\"1063\" data-end=\"1129\">Oversize formu sayesinde rahat kesim ve hareket \u00f6zg\u00fcrl\u00fc\u011f\u00fc sa\u011flar<\/p>\n<\/li>\n<li data-start=\"1130\" data-end=\"1210\">\n<p data-start=\"1132\" data-end=\"1210\">S\u0131rt b\u00f6lgesindeki etnik motif, minimal par\u00e7alarla kombinlendi\u011finde \u00f6ne \u00e7\u0131kar<\/p>\n<\/li>\n<\/ul>\n<hr data-start=\"1212\" data-end=\"1215\" \/>\n<h3 data-start=\"1217\" data-end=\"1240\">\ud83c\udfa8 <strong data-start=\"1224\" data-end=\"1240\">\u041f\u0440\u0435\u0434\u043b\u043e\u0436\u0435\u043d\u0438\u0435 \u0441\u0442\u0438\u043b\u044f<\/strong><\/h3>\n<p data-start=\"1242\" data-end=\"1479\">Bohem, etnik ya da vintage esintili stillerle muhte\u015fem uyum sa\u011flar. H\u0131rkay\u0131 sade crop top&#8217;lar, keten pantolonlar veya \u00e7izmelerle tamamlayarak festival \u015f\u0131kl\u0131\u011f\u0131n\u0131 yakalayabilirsin. S\u0131rt\u0131ndaki desenle sade kombinlerine iddial\u0131 bir hava kat.<\/p>\n<p data-start=\"1242\" data-end=\"1479\">\u0414\u043b\u044f \u0434\u0440\u0443\u0433\u0438\u0445 \u043c\u043e\u0434\u0435\u043b\u0435\u0439, \u043a\u043e\u0442\u043e\u0440\u044b\u0435 \u043c\u043e\u0433\u0443\u0442 \u043f\u043e\u0434\u043e\u0439\u0442\u0438 \u0432\u0430\u0448\u0435\u043c\u0443 \u0441\u0442\u0438\u043b\u044e \u0438 \u043d\u0435 \u0442\u043e\u043b\u044c\u043a\u043e, \u043f\u043e\u0441\u0435\u0442\u0438\u0442\u0435 Tuff\u00a0<a href=\"https:\/\/www.pinterest.com\/TuffHandicraft01\/\" target=\"_blank\" rel=\"noopener\">\u041f\u0438\u043d\u0442\u0435\u0440\u0435\u0441\u0442<\/a>\u00a0\u043f\u043e\u0441\u0435\u0442\u0438\u0442\u0435 \u043c\u0438\u0440.<\/p>\n<hr data-start=\"1481\" data-end=\"1484\" \/>\n<h3 data-start=\"1486\" data-end=\"1526\">\u267b\ufe0f <strong data-start=\"1493\" data-end=\"1526\">\u0420\u0443\u0447\u043d\u0430\u044f \u0440\u0430\u0431\u043e\u0442\u0430 \u0438 \u0443\u0441\u0442\u043e\u0439\u0447\u0438\u0432\u043e\u0435 \u0440\u0430\u0437\u0432\u0438\u0442\u0438\u0435<\/strong><\/h3>\n<p data-start=\"1528\" data-end=\"1811\">Bu h\u0131rka, yava\u015f moda felsefesiyle elde \u00fcretilmi\u015ftir. Seri \u00fcretimin d\u0131\u015f\u0131nda, zamans\u0131z ve kaliteli par\u00e7alar sunmak i\u00e7in tasarlanm\u0131\u015ft\u0131r. Her biri elde \u00f6r\u00fcld\u00fc\u011f\u00fc i\u00e7in k\u00fc\u00e7\u00fck detay farklar\u0131yla tamamen \u00f6zg\u00fcn bir hale gelir. S\u00fcrd\u00fcr\u00fclebilir moda anlay\u0131\u015f\u0131yla do\u011faya zarar vermeden \u00fcretilmi\u015ftir.<\/p>\n<hr data-start=\"1813\" data-end=\"1816\" \/>\n<h3 data-start=\"1818\" data-end=\"1846\">\ud83e\uddfc <strong data-start=\"1825\" data-end=\"1846\">\u0418\u043d\u0441\u0442\u0440\u0443\u043a\u0446\u0438\u0438 \u043f\u043e \u0443\u0445\u043e\u0434\u0443<\/strong><\/h3>\n<p data-start=\"1848\" data-end=\"2017\">Hassas yap\u0131daki el \u00f6rg\u00fcs\u00fc formunu koruyabilmek i\u00e7in so\u011fuk suda elde y\u0131kaman\u0131z \u00f6nerilir. Kurutma makinesi kullanmay\u0131n\u0131z. D\u00fcz zeminde sererek kurutmak en iyi sonucu verir.<\/p>\n<hr data-start=\"2019\" data-end=\"2022\" \/>\n<h3 data-start=\"2024\" data-end=\"2070\">\u2728 <strong data-start=\"2030\" data-end=\"2070\">Neden Bu H\u0131rkay\u0131 Tercih Etmelisiniz?<\/strong><\/h3>\n<ul data-start=\"2072\" data-end=\"2325\">\n<li data-start=\"2072\" data-end=\"2129\">\n<p data-start=\"2074\" data-end=\"2129\">S\u0131rt\u0131nda etnik motifle dikkat \u00e7eken benzersiz tasar\u0131m<\/p>\n<\/li>\n<li data-start=\"2130\" data-end=\"2161\">\n<p data-start=\"2132\" data-end=\"2161\">%100 el yap\u0131m\u0131, etik \u00fcretim<\/p>\n<\/li>\n<li data-start=\"2162\" data-end=\"2206\">\n<p data-start=\"2164\" data-end=\"2206\">Bohem stil sevenler i\u00e7in \u00f6zg\u00fcn bir par\u00e7a<\/p>\n<\/li>\n<li data-start=\"2207\" data-end=\"2234\">\n<p data-start=\"2209\" data-end=\"2234\">\u041e\u0432\u0435\u0440\u0441\u0430\u0439\u0437 \u0438 \u0441\u0432\u043e\u0431\u043e\u0434\u043d\u044b\u0439 \u043a\u0440\u043e\u0439<\/p>\n<\/li>\n<li data-start=\"2235\" data-end=\"2281\">\n<p data-start=\"2237\" data-end=\"2281\">S\u00fcrd\u00fcr\u00fclebilir ve do\u011fa dostu moda anlay\u0131\u015f\u0131<\/p>\n<\/li>\n<li data-start=\"2282\" data-end=\"2325\">\n<p data-start=\"2284\" data-end=\"2325\">Pamuk i\u00e7erikli do\u011fal ipliklerle \u00f6r\u00fclm\u00fc\u015f<\/p>\n<\/li>\n<\/ul>","protected":false},"excerpt":{"rendered":"<p data-start=\"148\" data-end=\"319\">S\u0131rt\u0131ndaki etnik motifiyle dikkat \u00e7eken bu el yap\u0131m\u0131 t\u0131\u011f i\u015fi h\u0131rka, bohem stilin enerjisini ta\u015f\u0131yor. Oversize kesimi ve do\u011fal ipli\u011fiyle rahat, \u00f6zg\u00fcn ve zamans\u0131z bir par\u00e7a.<\/p>","protected":false},"featured_media":28256,"comment_status":"open","ping_status":"closed","template":"","meta":[],"product_brand":[691],"product_cat":[688],"product_tag":[1028,774,924,1029,1001,1035,932,1031,769,1030,1032,1027,762,1033,931,1034],"class_list":{"0":"post-27649","1":"product","2":"type-product","3":"status-publish","4":"has-post-thumbnail","6":"product_brand-tuffhandicraft","7":"product_cat-hirka","8":"product_tag-bohem-tarz-hirka","9":"product_tag-dogal-iplik-hirka","10":"product_tag-el-orgusu-hirka","11":"product_tag-el-yapimi-tig-isi-hirka","12":"product_tag-el-yapimi-ust","13":"product_tag-etnik","14":"product_tag-etnik-desenli-hirka","15":"product_tag-festival-hirkasi","16":"product_tag-hediye-fikirleri","17":"product_tag-oversize-orgu-hirka","18":"product_tag-renkli-sirt-motifli-hirka","19":"product_tag-sirti-motifli-hirka","20":"product_tag-surdurulebilir-moda","21":"product_tag-uzun-kollu-orgu-hirka","22":"product_tag-vintage-stil-hirka","23":"product_tag-yavas-moda-hirka","25":"first","26":"instock","27":"taxable","28":"shipping-taxable","29":"purchasable","30":"product-type-variable"},"_links":{"self":[{"href":"https:\/\/tuffhandicraft.com\/ru\/wp-json\/wp\/v2\/product\/27649","targetHints":{"allow":["GET"]}}],"collection":[{"href":"https:\/\/tuffhandicraft.com\/ru\/wp-json\/wp\/v2\/product"}],"about":[{"href":"https:\/\/tuffhandicraft.com\/ru\/wp-json\/wp\/v2\/types\/product"}],"replies":[{"embeddable":true,"href":"https:\/\/tuffhandicraft.com\/ru\/wp-json\/wp\/v2\/comments?post=27649"}],"version-history":[{"count":1,"href":"https:\/\/tuffhandicraft.com\/ru\/wp-json\/wp\/v2\/product\/27649\/revisions"}],"predecessor-version":[{"id":30593,"href":"https:\/\/tuffhandicraft.com\/ru\/wp-json\/wp\/v2\/product\/27649\/revisions\/30593"}],"wp:featuredmedia":[{"embeddable":true,"href":"https:\/\/tuffhandicraft.com\/ru\/wp-json\/wp\/v2\/media\/28256"}],"wp:attachment":[{"href":"https:\/\/tuffhandicraft.com\/ru\/wp-json\/wp\/v2\/media?parent=27649"}],"wp:term":[{"taxonomy":"product_brand","embeddable":true,"href":"https:\/\/tuffhandicraft.com\/ru\/wp-json\/wp\/v2\/product_brand?post=27649"},{"taxonomy":"product_cat","embeddable":true,"href":"https:\/\/tuffhandicraft.com\/ru\/wp-json\/wp\/v2\/product_cat?post=27649"},{"taxonomy":"product_tag","embeddable":true,"href":"https:\/\/tuffhandicraft.com\/ru\/wp-json\/wp\/v2\/product_tag?post=27649"}],"curies":[{"name":"wp","href":"https:\/\/api.w.org\/{rel}","templated":true}]}}