{"id":27650,"date":"2025-05-11T00:24:34","date_gmt":"2025-05-10T21:24:34","guid":{"rendered":"https:\/\/tasarim.yusufkecici.com.tr\/urun\/mini-raffia-tassel-handbag-small-crossbody-phone-bag-hand-knitted-summer-purse-crochet-straw-bag-with-stone-detail-gift-for-her\/"},"modified":"2025-08-21T17:36:59","modified_gmt":"2025-08-21T14:36:59","slug":"kagit-ip-canta","status":"publish","type":"product","link":"https:\/\/tuffhandicraft.com\/ru\/magaza\/canta\/capraz-canta\/kagit-ip-canta\/","title":{"rendered":"\u0421\u0443\u043c\u043a\u0430 \u0447\u0435\u0440\u0435\u0437 \u043f\u043b\u0435\u0447\u043e \u0438\u0437 \u0431\u0443\u043c\u0430\u0436\u043d\u043e\u0439 \u0432\u0435\u0440\u0435\u0432\u043a\u0438 \u0441 \u043a\u0438\u0441\u0442\u043e\u0447\u043a\u0430\u043c\u0438 \u0438 \u043e\u0442\u0434\u0435\u043b\u043a\u043e\u0439 \u0438\u0437 \u043d\u0430\u0442\u0443\u0440\u0430\u043b\u044c\u043d\u043e\u0433\u043e \u043a\u0430\u043c\u043d\u044f"},"content":{"rendered":"<h3 data-start=\"92\" data-end=\"172\">\ud83d\udc5c <strong data-start=\"99\" data-end=\"172\">\u0427\u0435\u0440\u043d\u0430\u044f \u0441\u0443\u043c\u043a\u0430 \u0447\u0435\u0440\u0435\u0437 \u043f\u043b\u0435\u0447\u043e Paper Rope \u0441 \u0436\u0435\u043b\u0442\u043e\u0439 \u043f\u043e\u0434\u043a\u043b\u0430\u0434\u043a\u043e\u0439, \u043a\u0438\u0441\u0442\u043e\u0447\u043a\u0430\u043c\u0438 \u0438 \u043e\u0442\u0434\u0435\u043b\u043a\u043e\u0439 \u0438\u0437 \u043d\u0430\u0442\u0443\u0440\u0430\u043b\u044c\u043d\u043e\u0433\u043e \u043a\u0430\u043c\u043d\u044f<\/strong><\/h3>\n<p data-start=\"174\" data-end=\"565\">\u042d\u0442\u0430 \u0447\u0451\u0440\u043d\u0430\u044f \u0441\u0443\u043c\u043a\u0430 \u0441 \u0442\u0435\u043a\u0441\u0442\u0443\u0440\u043e\u0439 \u0440\u0443\u0447\u043d\u043e\u0439 \u0440\u0430\u0431\u043e\u0442\u044b \u043e\u0442\u043b\u0438\u0447\u0430\u0435\u0442\u0441\u044f \u0435\u0441\u0442\u0435\u0441\u0442\u0432\u0435\u043d\u043d\u044b\u043c \u0438 \u0441\u0442\u0438\u043b\u044c\u043d\u044b\u043c \u0434\u0438\u0437\u0430\u0439\u043d\u043e\u043c. \u042f\u0440\u043a\u043e-\u0436\u0451\u043b\u0442\u0430\u044f \u043f\u043e\u0434\u043a\u043b\u0430\u0434\u043a\u0430, \u0443\u043a\u0440\u0430\u0448\u0435\u043d\u043d\u0430\u044f \u043d\u0430\u0442\u0443\u0440\u0430\u043b\u044c\u043d\u044b\u043c\u0438 \u043a\u0430\u043c\u043d\u044f\u043c\u0438 \u0438 \u0441\u043f\u043b\u0435\u0442\u0451\u043d\u043d\u0430\u044f \u0438\u0437 \u0431\u0443\u043c\u0430\u0436\u043d\u043e\u0439 \u0432\u0435\u0440\u0451\u0432\u043a\u0438, \u0434\u043e\u0431\u0430\u0432\u043b\u044f\u0435\u0442 \u044f\u0440\u043a\u043e\u0441\u0442\u0438 \u0438\u043d\u0442\u0435\u0440\u044c\u0435\u0440\u0443. \u0420\u0430\u0437\u043d\u043e\u0446\u0432\u0435\u0442\u043d\u044b\u0435 \u043a\u0438\u0441\u0442\u043e\u0447\u043a\u0438 \u0438 \u0434\u0435\u0442\u0430\u043b\u0438 \u0438\u0437 \u043d\u0430\u0442\u0443\u0440\u0430\u043b\u044c\u043d\u043e\u0433\u043e \u043a\u0430\u043c\u043d\u044f \u0441\u043e\u0437\u0434\u0430\u044e\u0442 \u043e\u0434\u043d\u043e\u0432\u0440\u0435\u043c\u0435\u043d\u043d\u043e \u043f\u0440\u043e\u0441\u0442\u043e\u0439 \u0438 \u044d\u0444\u0444\u0435\u043a\u0442\u043d\u044b\u0439 \u043e\u0431\u0440\u0430\u0437. \u042d\u0442\u043e \u0438\u0434\u0435\u0430\u043b\u044c\u043d\u044b\u0439 \u0432\u044b\u0431\u043e\u0440 \u0434\u043b\u044f \u0442\u0435\u0445, \u043a\u0442\u043e \u0445\u043e\u0447\u0435\u0442 \u0432\u044b\u0434\u0435\u043b\u0438\u0442\u044c\u0441\u044f \u043a\u043e\u043c\u0444\u043e\u0440\u0442\u043e\u043c \u043f\u043e\u0432\u0441\u0435\u0434\u043d\u0435\u0432\u043d\u043e\u0439 \u043d\u043e\u0441\u043a\u0438 \u0438 \u0443\u043d\u0438\u043a\u0430\u043b\u044c\u043d\u044b\u043c \u043b\u0435\u0442\u043d\u0438\u043c \u0441\u0442\u0438\u043b\u0435\u043c.<\/p>\n<hr data-start=\"567\" data-end=\"570\" \/>\n<h3 data-start=\"572\" data-end=\"600\">\ud83e\uddf5 <strong data-start=\"579\" data-end=\"598\">\u0421\u0443\u0449\u0435\u0441\u0442\u0432\u0435\u043d\u043d\u0430\u044f \u0438\u043d\u0444\u043e\u0440\u043c\u0430\u0446\u0438\u044f<\/strong><strong data-start=\"99\" data-end=\"172\"><img loading=\"lazy\" decoding=\"async\" class=\"wd-lazy-fade size-full wp-image-28000 alignright\" src=\"https:\/\/tuffhandicraft.com\/wp-content\/themes\/woodmart\/images\/lazy.svg\" data-src=\"https:\/\/tuffhandicraft.com\/wp-content\/uploads\/2021\/08\/footer-logo-1.png\" alt=\"Ka\u011f\u0131t \u0130p \u00c7anta - Siyah \u00c7apraz \u00c7anta \u2013 P\u00fcsk\u00fcl ve Do\u011fal Ta\u015f Detayl\u0131\" width=\"220\" height=\"40\" title=\"\" srcset=\"\" data-srcset=\"https:\/\/tuffhandicraft.com\/wp-content\/uploads\/2021\/08\/footer-logo-1.png 220w, https:\/\/tuffhandicraft.com\/wp-content\/uploads\/2021\/08\/footer-logo-1-150x27.png 150w\" sizes=\"auto, (max-width: 220px) 100vw, 220px\" \/><\/strong><\/h3>\n<p data-start=\"601\" data-end=\"860\">\u0421\u0443\u043c\u043a\u0430, \u044d\u043a\u043e\u043b\u043e\u0433\u0438\u0447\u043d\u0430\u044f <a href=\"https:\/\/tuffhandicraft.com\/ru\/%d0%bf%d1%80%d0%be%d0%b4%d1%83%d0%ba%d1%82\/kagit-ip-buzgulu-omuz-cantasi\/\">\u0431\u0443\u043c\u0430\u0436\u043d\u0430\u044f \u0432\u0435\u0440\u0435\u0432\u043a\u0430<\/a> \u041e\u043d \u043f\u043e\u043b\u043d\u043e\u0441\u0442\u044c\u044e \u0441\u0432\u044f\u0437\u0430\u043d \u0432\u0440\u0443\u0447\u043d\u0443\u044e \u0438\u0437 \u0445\u043b\u043e\u043f\u043a\u0430. \u0412\u043d\u0443\u0442\u0440\u0438 \u2013 \u044f\u0440\u043a\u0430\u044f \u0436\u0451\u043b\u0442\u0430\u044f \u043f\u043e\u0434\u043a\u043b\u0430\u0434\u043a\u0430. \u041a\u0438\u0441\u0442\u043e\u0447\u043a\u0438 \u0432\u044b\u043f\u043e\u043b\u043d\u0435\u043d\u044b \u0438\u0437 \u0431\u0443\u043c\u0430\u0436\u043d\u043e\u0439 \u043f\u0440\u044f\u0436\u0438, \u0430 \u043a\u0430\u043c\u0435\u0448\u043a\u0438 \u2013 \u0438\u0437 \u043d\u0430\u0442\u0443\u0440\u0430\u043b\u044c\u043d\u044b\u0445 \u043c\u0430\u0442\u0435\u0440\u0438\u0430\u043b\u043e\u0432. \u041e\u043d \u044d\u043a\u043e\u043b\u043e\u0433\u0438\u0447\u0435\u043d, \u0442\u0430\u043a \u043a\u0430\u043a \u043d\u0435 \u0441\u043e\u0434\u0435\u0440\u0436\u0438\u0442 \u0441\u0438\u043d\u0442\u0435\u0442\u0438\u0447\u0435\u0441\u043a\u0438\u0445 \u043a\u043e\u043c\u043f\u043e\u043d\u0435\u043d\u0442\u043e\u0432.<\/p>\n<hr data-start=\"862\" data-end=\"865\" \/>\n<h3 data-start=\"867\" data-end=\"904\">\ud83c\udfaf <strong data-start=\"874\" data-end=\"902\">\u041e\u0431\u043b\u0430\u0441\u0442\u044c \u043f\u0440\u0438\u043c\u0435\u043d\u0435\u043d\u0438\u044f \u0438 \u043a\u043e\u043c\u0444\u043e\u0440\u0442<\/strong><\/h3>\n<ul data-start=\"905\" data-end=\"1195\">\n<li data-start=\"905\" data-end=\"956\">\n<p data-start=\"907\" data-end=\"956\">\u0416\u0435\u043b\u0442\u0430\u044f \u043e\u0431\u0438\u0432\u043a\u0430 \u043f\u0440\u0438\u0434\u0430\u0435\u0442 \u0441\u0430\u043b\u043e\u043d\u0443 \u0441\u0442\u0438\u043b\u044c\u043d\u044b\u0439 \u0438 \u0437\u0430\u0449\u0438\u0449\u0435\u043d\u043d\u044b\u0439 \u0432\u0438\u0434.<\/p>\n<\/li>\n<li data-start=\"957\" data-end=\"1035\">\n<p data-start=\"959\" data-end=\"1035\">\u0415\u0433\u043e \u043c\u043e\u0436\u043d\u043e \u0441 \u043b\u0435\u0433\u043a\u043e\u0441\u0442\u044c\u044e \u0438\u0441\u043f\u043e\u043b\u044c\u0437\u043e\u0432\u0430\u0442\u044c \u043a\u0430\u043a \u0432 \u043f\u043e\u0432\u0441\u0435\u0434\u043d\u0435\u0432\u043d\u043e\u0439 \u0433\u043e\u0440\u043e\u0434\u0441\u043a\u043e\u0439 \u0436\u0438\u0437\u043d\u0438, \u0442\u0430\u043a \u0438 \u0432 \u043f\u0440\u0430\u0437\u0434\u043d\u0438\u0447\u043d\u044b\u0445 \u0446\u0435\u043b\u044f\u0445.<\/p>\n<\/li>\n<li data-start=\"1036\" data-end=\"1069\">\n<p data-start=\"1038\" data-end=\"1069\">\u0423\u0434\u043e\u0431\u043d\u043e \u043f\u0435\u0440\u0435\u043d\u043e\u0441\u0438\u0442\u044c \u0431\u043b\u0430\u0433\u043e\u0434\u0430\u0440\u044f \u043b\u0435\u0433\u043a\u043e\u0439 \u043a\u043e\u043d\u0441\u0442\u0440\u0443\u043a\u0446\u0438\u0438<\/p>\n<\/li>\n<li data-start=\"1070\" data-end=\"1133\">\n<p data-start=\"1072\" data-end=\"1133\">\u0411\u043b\u0430\u0433\u043e\u0434\u0430\u0440\u044f \u0434\u043b\u0438\u043d\u043d\u043e\u043c\u0443 \u0440\u0435\u043c\u0435\u0448\u043a\u0443 \u0435\u0433\u043e \u0443\u0434\u043e\u0431\u043d\u043e \u043d\u043e\u0441\u0438\u0442\u044c \u043f\u043e\u043f\u0435\u0440\u0435\u043a.<\/p>\n<\/li>\n<li data-start=\"1134\" data-end=\"1195\">\n<p data-start=\"1136\" data-end=\"1195\">\u0418\u0434\u0435\u0430\u043b\u044c\u043d\u043e \u043f\u043e\u0434\u0445\u043e\u0434\u0438\u0442 \u0434\u043b\u044f \u043f\u0440\u0435\u0434\u043c\u0435\u0442\u043e\u0432 \u043f\u0435\u0440\u0432\u043e\u0439 \u043d\u0435\u043e\u0431\u0445\u043e\u0434\u0438\u043c\u043e\u0441\u0442\u0438, \u0442\u0430\u043a\u0438\u0445 \u043a\u0430\u043a \u0442\u0435\u043b\u0435\u0444\u043e\u043d, \u043a\u043e\u0448\u0435\u043b\u0435\u043a, \u043a\u043b\u044e\u0447\u0438.<\/p>\n<\/li>\n<\/ul>\n<hr data-start=\"1197\" data-end=\"1200\" \/>\n<h3 data-start=\"1202\" data-end=\"1227\">\ud83c\udfa8 <strong data-start=\"1209\" data-end=\"1225\">\u041f\u0440\u0435\u0434\u043b\u043e\u0436\u0435\u043d\u0438\u0435 \u0441\u0442\u0438\u043b\u044f<\/strong><\/h3>\n<p data-start=\"1228\" data-end=\"1479\">\u041e\u043d\u0430 \u0438\u0434\u0435\u0430\u043b\u044c\u043d\u043e \u0441\u043e\u0447\u0435\u0442\u0430\u0435\u0442\u0441\u044f \u0441 \u043f\u043b\u0430\u0442\u044c\u044f\u043c\u0438 \u0432 \u0441\u0442\u0438\u043b\u0435 \u0431\u043e\u0445\u043e, \u043b\u044c\u043d\u044f\u043d\u044b\u043c\u0438 \u043a\u043e\u0441\u0442\u044e\u043c\u0430\u043c\u0438 \u0438 \u043f\u043e\u0432\u0441\u0435\u0434\u043d\u0435\u0432\u043d\u043e\u0439 \u043e\u0434\u0435\u0436\u0434\u043e\u0439. \u0416\u0451\u043b\u0442\u0430\u044f \u043f\u043e\u0434\u043a\u043b\u0430\u0434\u043a\u0430 \u0438 \u043d\u0430\u0442\u0443\u0440\u0430\u043b\u044c\u043d\u044b\u0435 \u0434\u0435\u0442\u0430\u043b\u0438 \u043f\u043e\u0437\u0432\u043e\u043b\u044f\u0442 \u0432\u0430\u043c \u043b\u0435\u0433\u043a\u043e \u0434\u043e\u0431\u0430\u0432\u0438\u0442\u044c \u043b\u0435\u0442\u043d\u044e\u044e \u044d\u043d\u0435\u0440\u0433\u0438\u044e \u0432 \u0441\u0432\u043e\u0439 \u043e\u0431\u0440\u0430\u0437. \u0427\u0451\u0440\u043d\u044b\u0439 \u0446\u0432\u0435\u0442 \u0434\u043e\u043f\u043e\u043b\u043d\u044f\u0435\u0442 \u043b\u044e\u0431\u043e\u0439 \u0446\u0432\u0435\u0442, \u0434\u0435\u043b\u0430\u044f \u0441\u0443\u043c\u043a\u0443 \u0438\u0434\u0435\u0430\u043b\u044c\u043d\u043e\u0439 \u043a\u0430\u043a \u0434\u043b\u044f \u043f\u0440\u043e\u0441\u0442\u044b\u0445, \u0442\u0430\u043a \u0438 \u0434\u043b\u044f \u0433\u043b\u0430\u043c\u0443\u0440\u043d\u044b\u0445 \u043e\u0431\u0440\u0430\u0437\u043e\u0432.<\/p>\n<p data-start=\"877\" data-end=\"1029\">\u0414\u043b\u044f \u0434\u0440\u0443\u0433\u0438\u0445 \u043c\u043e\u0434\u0435\u043b\u0435\u0439, \u043a\u043e\u0442\u043e\u0440\u044b\u0435 \u043c\u043e\u0433\u0443\u0442 \u043f\u043e\u0434\u043e\u0439\u0442\u0438 \u0432\u0430\u0448\u0435\u043c\u0443 \u0441\u0442\u0438\u043b\u044e \u0438 \u043d\u0435 \u0442\u043e\u043b\u044c\u043a\u043e, \u043f\u043e\u0441\u0435\u0442\u0438\u0442\u0435 Tuff\u00a0<a href=\"https:\/\/www.pinterest.com\/TuffHandicraft01\/\" target=\"_blank\" rel=\"noopener\">\u041f\u0438\u043d\u0442\u0435\u0440\u0435\u0441\u0442<\/a>\u00a0\u043f\u043e\u0441\u0435\u0442\u0438\u0442\u0435 \u043c\u0438\u0440.<\/p>\n<hr data-start=\"1481\" data-end=\"1484\" \/>\n<h3 data-start=\"1486\" data-end=\"1529\">\u267b\ufe0f <strong data-start=\"1493\" data-end=\"1527\">\u0420\u0443\u0447\u043d\u0430\u044f \u0440\u0430\u0431\u043e\u0442\u0430 \u0438 \u0443\u0441\u0442\u043e\u0439\u0447\u0438\u0432\u043e\u0435 \u0440\u0430\u0437\u0432\u0438\u0442\u0438\u0435<\/strong><\/h3>\n<p data-start=\"1530\" data-end=\"1719\">\u042d\u0442\u0430 \u0441\u0443\u043c\u043a\u0430, \u0441\u043e\u0437\u0434\u0430\u043d\u043d\u0430\u044f \u043f\u043e \u043f\u0440\u0438\u043d\u0446\u0438\u043f\u0430\u043c \u00ab\u043c\u0435\u0434\u043b\u0435\u043d\u043d\u043e\u0439 \u043c\u043e\u0434\u044b\u00bb, \u0438\u0437\u0433\u043e\u0442\u043e\u0432\u043b\u0435\u043d\u0430 \u0438\u0437 \u044d\u043a\u043e\u043b\u043e\u0433\u0438\u0447\u043d\u043e\u0439 \u0431\u0443\u043c\u0430\u0436\u043d\u043e\u0439 \u043f\u0440\u044f\u0436\u0438 \u0438 \u043d\u0430\u0442\u0443\u0440\u0430\u043b\u044c\u043d\u044b\u0445 \u043c\u0430\u0442\u0435\u0440\u0438\u0430\u043b\u043e\u0432. \u041a\u0430\u0436\u0434\u043e\u0435 \u0438\u0437\u0434\u0435\u043b\u0438\u0435 \u0443\u043d\u0438\u043a\u0430\u043b\u044c\u043d\u043e, \u043f\u043e\u0441\u043a\u043e\u043b\u044c\u043a\u0443 \u0441\u0432\u044f\u0437\u0430\u043d\u043e \u0432\u0440\u0443\u0447\u043d\u0443\u044e, \u0447\u0442\u043e \u0432\u043d\u043e\u0441\u0438\u0442 \u0432\u043a\u043b\u0430\u0434 \u0432 \u0443\u0441\u0442\u043e\u0439\u0447\u0438\u0432\u0443\u044e \u043c\u043e\u0434\u0443.<\/p>\n<hr data-start=\"1721\" data-end=\"1724\" \/>\n<h3 data-start=\"1726\" data-end=\"1756\">\ud83e\uddfc <strong data-start=\"1733\" data-end=\"1754\">\u0418\u043d\u0441\u0442\u0440\u0443\u043a\u0446\u0438\u0438 \u043f\u043e \u0443\u0445\u043e\u0434\u0443<\/strong><\/h3>\n<p data-start=\"1757\" data-end=\"1897\">\u0420\u0435\u043a\u043e\u043c\u0435\u043d\u0434\u0443\u0435\u0442\u0441\u044f \u043f\u0440\u043e\u0442\u0438\u0440\u0430\u0442\u044c \u0432\u043b\u0430\u0436\u043d\u043e\u0439 \u0442\u043a\u0430\u043d\u044c\u044e. \u041d\u0435 \u0434\u043e\u043f\u0443\u0441\u043a\u0430\u0439\u0442\u0435 \u043f\u0440\u044f\u043c\u043e\u0433\u043e \u043a\u043e\u043d\u0442\u0430\u043a\u0442\u0430 \u0441 \u0432\u043e\u0434\u043e\u0439. \u0414\u043b\u044f \u0434\u043b\u0438\u0442\u0435\u043b\u044c\u043d\u043e\u0433\u043e \u0438\u0441\u043f\u043e\u043b\u044c\u0437\u043e\u0432\u0430\u043d\u0438\u044f \u0445\u0440\u0430\u043d\u0438\u0442\u0435 \u0432 \u043f\u0440\u043e\u0445\u043b\u0430\u0434\u043d\u043e\u043c, \u0441\u0443\u0445\u043e\u043c \u043c\u0435\u0441\u0442\u0435.<\/p>\n<hr data-start=\"1899\" data-end=\"1902\" \/>\n<h3 data-start=\"1904\" data-end=\"1952\">\u2728 <strong data-start=\"1910\" data-end=\"1950\">\u041f\u043e\u0447\u0435\u043c\u0443 \u0432\u0430\u043c \u0441\u0442\u043e\u0438\u0442 \u0432\u044b\u0431\u0440\u0430\u0442\u044c \u044d\u0442\u0443 \u0441\u0443\u043c\u043a\u0443?<\/strong><\/h3>\n<ul data-start=\"1953\" data-end=\"2177\">\n<li data-start=\"1953\" data-end=\"1986\">\n<p data-start=\"1955\" data-end=\"1986\">%100 el yap\u0131m\u0131, \u00f6zg\u00fcn tasar\u0131m<\/p>\n<\/li>\n<li data-start=\"1987\" data-end=\"2024\">\n<p data-start=\"1989\" data-end=\"2024\">\u0421\u0442\u0438\u043b\u044c\u043d\u0430\u044f \u0434\u0435\u0442\u0430\u043b\u044c \u0438\u043d\u0442\u0435\u0440\u044c\u0435\u0440\u0430 \u0441 \u044f\u0440\u043a\u043e\u0439 \u0436\u0435\u043b\u0442\u043e\u0439 \u043f\u043e\u0434\u043a\u043b\u0430\u0434\u043a\u043e\u0439<\/p>\n<\/li>\n<li data-start=\"2025\" data-end=\"2065\">\n<p data-start=\"2027\" data-end=\"2065\">\u041b\u0435\u0433\u043a\u0438\u0439 \u0438 \u043f\u0440\u043e\u0447\u043d\u044b\u0439 \u043c\u0430\u0442\u0435\u0440\u0438\u0430\u043b \u0434\u043b\u044f \u0438\u0437\u0433\u043e\u0442\u043e\u0432\u043b\u0435\u043d\u0438\u044f \u0431\u0443\u043c\u0430\u0436\u043d\u044b\u0445 \u0432\u0435\u0440\u0435\u0432\u043e\u043a<\/p>\n<\/li>\n<li data-start=\"2066\" data-end=\"2100\">\n<p data-start=\"2068\" data-end=\"2100\">\u0423\u043a\u0440\u0430\u0448\u0435\u043d\u0438\u044f \u0438\u0437 \u043a\u0438\u0441\u0442\u043e\u0447\u0435\u043a \u0438 \u043d\u0430\u0442\u0443\u0440\u0430\u043b\u044c\u043d\u043e\u0433\u043e \u043a\u0430\u043c\u043d\u044f<\/p>\n<\/li>\n<li data-start=\"2101\" data-end=\"2140\">\n<p data-start=\"2103\" data-end=\"2140\">\u0423\u0441\u0442\u043e\u0439\u0447\u0438\u0432\u043e\u0435 \u0438 \u044d\u043a\u043e\u043b\u043e\u0433\u0438\u0447\u0435\u0441\u043a\u0438 \u0447\u0438\u0441\u0442\u043e\u0435 \u043f\u0440\u043e\u0438\u0437\u0432\u043e\u0434\u0441\u0442\u0432\u043e<\/p>\n<\/li>\n<li data-start=\"2141\" data-end=\"2177\">\n<p data-start=\"2143\" data-end=\"2177\">\u041f\u043e\u0434\u0445\u043e\u0434\u0438\u0442 \u0434\u043b\u044f \u043f\u043e\u0432\u0441\u0435\u0434\u043d\u0435\u0432\u043d\u044b\u0445 \u0438 \u0441\u043f\u0435\u0446\u0438\u0430\u043b\u044c\u043d\u044b\u0445 \u0441\u043e\u0447\u0435\u0442\u0430\u043d\u0438\u0439.<\/p>\n<\/li>\n<\/ul>","protected":false},"excerpt":{"rendered":"<p>\u042d\u0442\u0430 \u0447\u0451\u0440\u043d\u0430\u044f \u0441\u0443\u043c\u043a\u0430 \u0440\u0443\u0447\u043d\u043e\u0439 \u0440\u0430\u0431\u043e\u0442\u044b \u0438\u0437 \u0431\u0443\u043c\u0430\u0436\u043d\u043e\u0439 \u0432\u0435\u0440\u0451\u0432\u043a\u0438 \u0441 \u044f\u0440\u043a\u043e-\u0436\u0451\u043b\u0442\u043e\u0439 \u043f\u043e\u0434\u043a\u043b\u0430\u0434\u043a\u043e\u0439, \u0446\u0432\u0435\u0442\u043d\u044b\u043c\u0438 \u043a\u0438\u0441\u0442\u043e\u0447\u043a\u0430\u043c\u0438 \u0438 \u0434\u0435\u0442\u0430\u043b\u044f\u043c\u0438 \u0438\u0437 \u043d\u0430\u0442\u0443\u0440\u0430\u043b\u044c\u043d\u043e\u0433\u043e \u043a\u0430\u043c\u043d\u044f \u0441\u0442\u0438\u043b\u044c\u043d\u0430\u044f \u0438 \u044d\u043a\u043e\u043b\u043e\u0433\u0438\u0447\u043d\u0430\u044f. \u041e\u043d\u0430 \u043b\u0451\u0433\u043a\u0430\u044f \u0438 \u0438\u043c\u0435\u0435\u0442 \u0443\u043d\u0438\u043a\u0430\u043b\u044c\u043d\u044b\u0439 \u0434\u0438\u0437\u0430\u0439\u043d, \u043f\u043e\u0434\u0445\u043e\u0434\u044f\u0449\u0438\u0439 \u0434\u043b\u044f \u043f\u043e\u0432\u0441\u0435\u0434\u043d\u0435\u0432\u043d\u043e\u0433\u043e \u0438\u0441\u043f\u043e\u043b\u044c\u0437\u043e\u0432\u0430\u043d\u0438\u044f.<\/p>","protected":false},"featured_media":28237,"comment_status":"open","ping_status":"closed","template":"","meta":[],"product_brand":[691],"product_cat":[686,704],"product_tag":[846,811,1025,1023,819,1020,844,769,810,871,988,1022,1021,1026,817,762,839,1024],"class_list":{"0":"post-27650","1":"product","2":"type-product","3":"status-publish","4":"has-post-thumbnail","6":"product_brand-tuffhandicraft","7":"product_cat-canta","8":"product_cat-capraz-canta","9":"product_tag-boho-stil-canta","10":"product_tag-doga-dostu-canta","11":"product_tag-dogal-tas","12":"product_tag-dogal-tasli-canta","13":"product_tag-el-orgusu-canta","14":"product_tag-el-yapimi-capraz-canta","15":"product_tag-festival-cantasi","16":"product_tag-hediye-fikirleri","17":"product_tag-kagit-ip-canta","18":"product_tag-kucuk-capraz-canta","19":"product_tag-puskullu-canta","20":"product_tag-sari-astarli-canta","21":"product_tag-siyah-kagit-ip-canta","22":"product_tag-summer-outfit","23":"product_tag-surdurulebilir-canta","24":"product_tag-surdurulebilir-moda","25":"product_tag-tig-isi-canta","26":"product_tag-yazlik-capraz-canta","28":"first","29":"instock","30":"sale","31":"taxable","32":"shipping-taxable","33":"purchasable","34":"product-type-simple"},"_links":{"self":[{"href":"https:\/\/tuffhandicraft.com\/ru\/wp-json\/wp\/v2\/product\/27650","targetHints":{"allow":["GET"]}}],"collection":[{"href":"https:\/\/tuffhandicraft.com\/ru\/wp-json\/wp\/v2\/product"}],"about":[{"href":"https:\/\/tuffhandicraft.com\/ru\/wp-json\/wp\/v2\/types\/product"}],"replies":[{"embeddable":true,"href":"https:\/\/tuffhandicraft.com\/ru\/wp-json\/wp\/v2\/comments?post=27650"}],"version-history":[{"count":1,"href":"https:\/\/tuffhandicraft.com\/ru\/wp-json\/wp\/v2\/product\/27650\/revisions"}],"predecessor-version":[{"id":30276,"href":"https:\/\/tuffhandicraft.com\/ru\/wp-json\/wp\/v2\/product\/27650\/revisions\/30276"}],"wp:featuredmedia":[{"embeddable":true,"href":"https:\/\/tuffhandicraft.com\/ru\/wp-json\/wp\/v2\/media\/28237"}],"wp:attachment":[{"href":"https:\/\/tuffhandicraft.com\/ru\/wp-json\/wp\/v2\/media?parent=27650"}],"wp:term":[{"taxonomy":"product_brand","embeddable":true,"href":"https:\/\/tuffhandicraft.com\/ru\/wp-json\/wp\/v2\/product_brand?post=27650"},{"taxonomy":"product_cat","embeddable":true,"href":"https:\/\/tuffhandicraft.com\/ru\/wp-json\/wp\/v2\/product_cat?post=27650"},{"taxonomy":"product_tag","embeddable":true,"href":"https:\/\/tuffhandicraft.com\/ru\/wp-json\/wp\/v2\/product_tag?post=27650"}],"curies":[{"name":"wp","href":"https:\/\/api.w.org\/{rel}","templated":true}]}}